{"id":219,"date":"2014-10-22T09:56:06","date_gmt":"2014-10-22T09:56:06","guid":{"rendered":"http:\/\/www.tessiot-demenagement.com\/lareunion\/?page_id=219"},"modified":"2020-10-27T16:49:37","modified_gmt":"2020-10-27T16:49:37","slug":"materiel-pour-demenager","status":"publish","type":"page","link":"https:\/\/www.tessiot-demenagement.com\/lareunion\/emballages-pour-demenager\/materiel-pour-demenager\/","title":{"rendered":"Mat\u00e9riel pour d\u00e9m\u00e9nager"},"content":{"rendered":"\t\t<div data-elementor-type=\"wp-page\" data-elementor-id=\"219\" class=\"elementor elementor-219\" data-elementor-settings=\"[]\">\n\t\t\t\t\t\t<div class=\"elementor-inner\">\n\t\t\t\t\t\t\t<div class=\"elementor-section-wrap\">\n\t\t\t\t\t\t\t<section class=\"elementor-section elementor-top-section elementor-element elementor-element-2873bf0 elementor-section-boxed elementor-section-height-default elementor-section-height-default\" data-id=\"2873bf0\" data-element_type=\"section\">\n\t\t\t\t\t\t<div class=\"elementor-container elementor-column-gap-default\">\n\t\t\t\t\t\t\t<div class=\"elementor-row\">\n\t\t\t\t\t<div class=\"elementor-column elementor-col-100 elementor-top-column elementor-element elementor-element-ce716da\" data-id=\"ce716da\" data-element_type=\"column\">\n\t\t\t<div class=\"elementor-column-wrap elementor-element-populated\">\n\t\t\t\t\t\t\t<div class=\"elementor-widget-wrap\">\n\t\t\t\t\t\t<div class=\"elementor-element elementor-element-d17e826 elementor-widget elementor-widget-heading\" data-id=\"d17e826\" data-element_type=\"widget\" data-widget_type=\"heading.default\">\n\t\t\t\t<div class=\"elementor-widget-container\">\n\t\t\t<h1 class=\"elementor-heading-title elementor-size-xl\">Mat\u00e9riel pour d\u00e9m\u00e9nager<\/h1>\t\t<\/div>\n\t\t\t\t<\/div>\n\t\t\t\t\t\t<\/div>\n\t\t\t\t\t<\/div>\n\t\t<\/div>\n\t\t\t\t\t\t\t\t<\/div>\n\t\t\t\t\t<\/div>\n\t\t<\/section>\n\t\t\t\t<section class=\"elementor-section elementor-top-section elementor-element elementor-element-3d16204 elementor-section-boxed elementor-section-height-default elementor-section-height-default\" data-id=\"3d16204\" data-element_type=\"section\">\n\t\t\t\t\t\t<div class=\"elementor-container elementor-column-gap-default\">\n\t\t\t\t\t\t\t<div class=\"elementor-row\">\n\t\t\t\t\t<div class=\"elementor-column elementor-col-100 elementor-top-column elementor-element elementor-element-38ef37a\" data-id=\"38ef37a\" data-element_type=\"column\">\n\t\t\t<div class=\"elementor-column-wrap elementor-element-populated\">\n\t\t\t\t\t\t\t<div class=\"elementor-widget-wrap\">\n\t\t\t\t\t\t<div class=\"elementor-element elementor-element-c20fd78 elementor-widget elementor-widget-spacer\" data-id=\"c20fd78\" data-element_type=\"widget\" data-widget_type=\"spacer.default\">\n\t\t\t\t<div class=\"elementor-widget-container\">\n\t\t\t\t\t<div class=\"elementor-spacer\">\n\t\t\t<div class=\"elementor-spacer-inner\"><\/div>\n\t\t<\/div>\n\t\t\t\t<\/div>\n\t\t\t\t<\/div>\n\t\t\t\t\t\t<\/div>\n\t\t\t\t\t<\/div>\n\t\t<\/div>\n\t\t\t\t\t\t\t\t<\/div>\n\t\t\t\t\t<\/div>\n\t\t<\/section>\n\t\t\t\t<section class=\"elementor-section elementor-top-section elementor-element elementor-element-8d9b397 elementor-section-boxed elementor-section-height-default elementor-section-height-default\" data-id=\"8d9b397\" data-element_type=\"section\">\n\t\t\t\t\t\t<div class=\"elementor-container elementor-column-gap-default\">\n\t\t\t\t\t\t\t<div class=\"elementor-row\">\n\t\t\t\t\t<div class=\"elementor-column elementor-col-66 elementor-top-column elementor-element elementor-element-5abf6bd\" data-id=\"5abf6bd\" data-element_type=\"column\">\n\t\t\t<div class=\"elementor-column-wrap elementor-element-populated\">\n\t\t\t\t\t\t\t<div class=\"elementor-widget-wrap\">\n\t\t\t\t\t\t<div class=\"elementor-element elementor-element-2d76a72 elementor-widget elementor-widget-text-editor\" data-id=\"2d76a72\" data-element_type=\"widget\" data-widget_type=\"text-editor.default\">\n\t\t\t\t<div class=\"elementor-widget-container\">\n\t\t\t\t\t<div class=\"elementor-text-editor elementor-clearfix\"><p>Vous avez besoin de mat\u00e9riel pour votre d\u00e9m\u00e9nagement\u00a0? Pour prot\u00e9ger vos effets personnels, Tessiot D\u00e9m\u00e9nagements met \u00e0 votre disposition toute une gamme de protections et d\u2019accessoires\u00a0 professionnels. Par exemple des <a href=\"http:\/\/www.tessiot-demenagement.com\/lareunion\/emballages-pour-demenager\/les-cartons-pour-demenager\/\">cartons standards<\/a> ou plus sp\u00e9cifiques pour vos v\u00eatements, vos livres ou vos tableaux. Nous utilisons \u00e9galement des <a href=\"http:\/\/www.tessiot-demenagement.com\/lareunion\/emballages-pour-demenager\/emballages-plastiques-pour-demenager\/\">protections plastiques<\/a> pour vos matelas et vos objets fragiles comme votre vaisselle. Sachez qu\u2019en faisant appel aux d\u00e9m\u00e9nageurs Tessiot, <strong>vos biens sont aussi assur\u00e9s en cas d\u2019avarie<\/strong>. Retrouvez ci-dessous le mat\u00e9riel utilis\u00e9 par nos d\u00e9m\u00e9nageurs.<\/p><\/div>\n\t\t\t\t<\/div>\n\t\t\t\t<\/div>\n\t\t\t\t\t\t<\/div>\n\t\t\t\t\t<\/div>\n\t\t<\/div>\n\t\t\t\t<div class=\"elementor-column elementor-col-33 elementor-top-column elementor-element elementor-element-e531ec6\" data-id=\"e531ec6\" data-element_type=\"column\">\n\t\t\t<div class=\"elementor-column-wrap elementor-element-populated\">\n\t\t\t\t\t\t\t<div class=\"elementor-widget-wrap\">\n\t\t\t\t\t\t<div class=\"elementor-element elementor-element-3d8b0be elementor-align-center elementor-widget elementor-widget-button\" data-id=\"3d8b0be\" data-element_type=\"widget\" data-widget_type=\"button.default\">\n\t\t\t\t<div class=\"elementor-widget-container\">\n\t\t\t\t\t<div class=\"elementor-button-wrapper\">\n\t\t\t<a href=\"http:\/\/www.tessiot-demenagement.com\/lareunion\/devis-demenagement-reunion\/\" class=\"elementor-button-link elementor-button elementor-size-lg\" role=\"button\">\n\t\t\t\t\t\t<span class=\"elementor-button-content-wrapper\">\n\t\t\t\t\t\t<span class=\"elementor-button-text\">Demandez votre devis gratuit<\/span>\n\t\t<\/span>\n\t\t\t\t\t<\/a>\n\t\t<\/div>\n\t\t\t\t<\/div>\n\t\t\t\t<\/div>\n\t\t\t\t\t\t<\/div>\n\t\t\t\t\t<\/div>\n\t\t<\/div>\n\t\t\t\t\t\t\t\t<\/div>\n\t\t\t\t\t<\/div>\n\t\t<\/section>\n\t\t\t\t<section class=\"elementor-section elementor-top-section elementor-element elementor-element-60acdf3 elementor-section-boxed elementor-section-height-default elementor-section-height-default\" data-id=\"60acdf3\" data-element_type=\"section\">\n\t\t\t\t\t\t<div class=\"elementor-container elementor-column-gap-default\">\n\t\t\t\t\t\t\t<div class=\"elementor-row\">\n\t\t\t\t\t<div class=\"elementor-column elementor-col-33 elementor-top-column elementor-element elementor-element-97a1fe6\" data-id=\"97a1fe6\" data-element_type=\"column\">\n\t\t\t<div class=\"elementor-column-wrap elementor-element-populated\">\n\t\t\t\t\t\t\t<div class=\"elementor-widget-wrap\">\n\t\t\t\t\t\t<div class=\"elementor-element elementor-element-1121890 elementor-widget elementor-widget-image\" data-id=\"1121890\" data-element_type=\"widget\" data-widget_type=\"image.default\">\n\t\t\t\t<div class=\"elementor-widget-container\">\n\t\t\t\t\t<div class=\"elementor-image\">\n\t\t\t\t\t\t\t<figure class=\"wp-caption\">\n\t\t\t\t\t\t\t\t\t\t<img width=\"134\" height=\"127\" src=\"https:\/\/www.tessiot-demenagement.com\/lareunion\/wp-content\/uploads\/2014\/10\/gants.jpg\" class=\"attachment-large size-large\" alt=\"gants pour d\u00e9m\u00e9nager\" loading=\"lazy\" \/>\t\t\t\t\t\t\t\t\t\t\t<figcaption class=\"widget-image-caption wp-caption-text\">Paire de gants \u00e0 picots<\/figcaption>\n\t\t\t\t\t\t\t\t\t\t<\/figure>\n\t\t\t\t\t<\/div>\n\t\t\t\t<\/div>\n\t\t\t\t<\/div>\n\t\t\t\t\t\t<\/div>\n\t\t\t\t\t<\/div>\n\t\t<\/div>\n\t\t\t\t<div class=\"elementor-column elementor-col-33 elementor-top-column elementor-element elementor-element-31783f8\" data-id=\"31783f8\" data-element_type=\"column\">\n\t\t\t<div class=\"elementor-column-wrap elementor-element-populated\">\n\t\t\t\t\t\t\t<div class=\"elementor-widget-wrap\">\n\t\t\t\t\t\t<div class=\"elementor-element elementor-element-db6e017 elementor-widget elementor-widget-image\" data-id=\"db6e017\" data-element_type=\"widget\" data-widget_type=\"image.default\">\n\t\t\t\t<div class=\"elementor-widget-container\">\n\t\t\t\t\t<div class=\"elementor-image\">\n\t\t\t\t\t\t\t<figure class=\"wp-caption\">\n\t\t\t\t\t\t\t\t\t\t<img width=\"134\" height=\"134\" src=\"https:\/\/www.tessiot-demenagement.com\/lareunion\/wp-content\/uploads\/2014\/10\/devidoir-adh\u00e9sif.jpg\" class=\"attachment-large size-large\" alt=\"mat\u00e9riel pour votre d\u00e9m\u00e9nagement\" loading=\"lazy\" \/>\t\t\t\t\t\t\t\t\t\t\t<figcaption class=\"widget-image-caption wp-caption-text\">D\u00e9vidoir pour adh\u00e9sif<\/figcaption>\n\t\t\t\t\t\t\t\t\t\t<\/figure>\n\t\t\t\t\t<\/div>\n\t\t\t\t<\/div>\n\t\t\t\t<\/div>\n\t\t\t\t\t\t<\/div>\n\t\t\t\t\t<\/div>\n\t\t<\/div>\n\t\t\t\t<div class=\"elementor-column elementor-col-33 elementor-top-column elementor-element elementor-element-a6d0b60\" data-id=\"a6d0b60\" data-element_type=\"column\">\n\t\t\t<div class=\"elementor-column-wrap elementor-element-populated\">\n\t\t\t\t\t\t\t<div class=\"elementor-widget-wrap\">\n\t\t\t\t\t\t<div class=\"elementor-element elementor-element-3265f66 elementor-widget elementor-widget-image\" data-id=\"3265f66\" data-element_type=\"widget\" data-widget_type=\"image.default\">\n\t\t\t\t<div class=\"elementor-widget-container\">\n\t\t\t\t\t<div class=\"elementor-image\">\n\t\t\t\t\t\t\t<figure class=\"wp-caption\">\n\t\t\t\t\t\t\t\t\t\t<img width=\"134\" height=\"134\" src=\"https:\/\/www.tessiot-demenagement.com\/lareunion\/wp-content\/uploads\/2014\/10\/Sangle-coton.jpg\" class=\"attachment-large size-large\" alt=\"sangles pour votre d\u00e9m\u00e9nagement\" loading=\"lazy\" \/>\t\t\t\t\t\t\t\t\t\t\t<figcaption class=\"widget-image-caption wp-caption-text\">Sangle d\u2019attache L 35 mm (x 25m)<\/figcaption>\n\t\t\t\t\t\t\t\t\t\t<\/figure>\n\t\t\t\t\t<\/div>\n\t\t\t\t<\/div>\n\t\t\t\t<\/div>\n\t\t\t\t\t\t<\/div>\n\t\t\t\t\t<\/div>\n\t\t<\/div>\n\t\t\t\t\t\t\t\t<\/div>\n\t\t\t\t\t<\/div>\n\t\t<\/section>\n\t\t\t\t<section class=\"elementor-section elementor-top-section elementor-element elementor-element-b40f0c9 elementor-section-boxed elementor-section-height-default elementor-section-height-default\" data-id=\"b40f0c9\" data-element_type=\"section\">\n\t\t\t\t\t\t<div class=\"elementor-container elementor-column-gap-default\">\n\t\t\t\t\t\t\t<div class=\"elementor-row\">\n\t\t\t\t\t<div class=\"elementor-column elementor-col-33 elementor-top-column elementor-element elementor-element-6c5d528\" data-id=\"6c5d528\" data-element_type=\"column\">\n\t\t\t<div class=\"elementor-column-wrap elementor-element-populated\">\n\t\t\t\t\t\t\t<div class=\"elementor-widget-wrap\">\n\t\t\t\t\t\t<div class=\"elementor-element elementor-element-4a98612 elementor-widget elementor-widget-image\" data-id=\"4a98612\" data-element_type=\"widget\" data-widget_type=\"image.default\">\n\t\t\t\t<div class=\"elementor-widget-container\">\n\t\t\t\t\t<div class=\"elementor-image\">\n\t\t\t\t\t\t\t<figure class=\"wp-caption\">\n\t\t\t\t\t\t\t\t\t\t<img width=\"134\" height=\"134\" src=\"https:\/\/www.tessiot-demenagement.com\/lareunion\/wp-content\/uploads\/2014\/10\/marqueur.jpg\" class=\"attachment-large size-large\" alt=\"accessoire pour d\u00e9m\u00e9nager\" loading=\"lazy\" \/>\t\t\t\t\t\t\t\t\t\t\t<figcaption class=\"widget-image-caption wp-caption-text\">Marqueur permanent<\/figcaption>\n\t\t\t\t\t\t\t\t\t\t<\/figure>\n\t\t\t\t\t<\/div>\n\t\t\t\t<\/div>\n\t\t\t\t<\/div>\n\t\t\t\t\t\t<\/div>\n\t\t\t\t\t<\/div>\n\t\t<\/div>\n\t\t\t\t<div class=\"elementor-column elementor-col-33 elementor-top-column elementor-element elementor-element-9edeac8\" data-id=\"9edeac8\" data-element_type=\"column\">\n\t\t\t<div class=\"elementor-column-wrap elementor-element-populated\">\n\t\t\t\t\t\t\t<div class=\"elementor-widget-wrap\">\n\t\t\t\t\t\t<div class=\"elementor-element elementor-element-9128f1b elementor-widget elementor-widget-image\" data-id=\"9128f1b\" data-element_type=\"widget\" data-widget_type=\"image.default\">\n\t\t\t\t<div class=\"elementor-widget-container\">\n\t\t\t\t\t<div class=\"elementor-image\">\n\t\t\t\t\t\t\t<figure class=\"wp-caption\">\n\t\t\t\t\t\t\t\t\t\t<img width=\"134\" height=\"134\" src=\"https:\/\/www.tessiot-demenagement.com\/lareunion\/wp-content\/uploads\/2014\/10\/chariot-\u00e0-roulettes.jpg\" class=\"attachment-large size-large\" alt=\"chariot pour votre d\u00e9m\u00e9nagement\" loading=\"lazy\" \/>\t\t\t\t\t\t\t\t\t\t\t<figcaption class=\"widget-image-caption wp-caption-text\">Chariot \u00e0 roulettes (60 x 40cm) \u2013 Charge max 300kg<\/figcaption>\n\t\t\t\t\t\t\t\t\t\t<\/figure>\n\t\t\t\t\t<\/div>\n\t\t\t\t<\/div>\n\t\t\t\t<\/div>\n\t\t\t\t\t\t<\/div>\n\t\t\t\t\t<\/div>\n\t\t<\/div>\n\t\t\t\t<div class=\"elementor-column elementor-col-33 elementor-top-column elementor-element elementor-element-4280776\" data-id=\"4280776\" data-element_type=\"column\">\n\t\t\t<div class=\"elementor-column-wrap elementor-element-populated\">\n\t\t\t\t\t\t\t<div class=\"elementor-widget-wrap\">\n\t\t\t\t\t\t<div class=\"elementor-element elementor-element-00c2d4b elementor-widget elementor-widget-image\" data-id=\"00c2d4b\" data-element_type=\"widget\" data-widget_type=\"image.default\">\n\t\t\t\t<div class=\"elementor-widget-container\">\n\t\t\t\t\t<div class=\"elementor-image\">\n\t\t\t\t\t\t\t<figure class=\"wp-caption\">\n\t\t\t\t\t\t\t\t\t\t<img width=\"150\" height=\"150\" src=\"https:\/\/www.tessiot-demenagement.com\/lareunion\/wp-content\/uploads\/2020\/10\/adhesif-150x150.png\" class=\"attachment-thumbnail size-thumbnail\" alt=\"accessoire de d\u00e9m\u00e9nageur\" loading=\"lazy\" srcset=\"https:\/\/www.tessiot-demenagement.com\/lareunion\/wp-content\/uploads\/2020\/10\/adhesif-150x150.png 150w, https:\/\/www.tessiot-demenagement.com\/lareunion\/wp-content\/uploads\/2020\/10\/adhesif-300x300.png 300w, https:\/\/www.tessiot-demenagement.com\/lareunion\/wp-content\/uploads\/2020\/10\/adhesif.png 500w\" sizes=\"(max-width: 150px) 100vw, 150px\" \/>\t\t\t\t\t\t\t\t\t\t\t<figcaption class=\"widget-image-caption wp-caption-text\">Adh\u00e9sif<\/figcaption>\n\t\t\t\t\t\t\t\t\t\t<\/figure>\n\t\t\t\t\t<\/div>\n\t\t\t\t<\/div>\n\t\t\t\t<\/div>\n\t\t\t\t\t\t<\/div>\n\t\t\t\t\t<\/div>\n\t\t<\/div>\n\t\t\t\t\t\t\t\t<\/div>\n\t\t\t\t\t<\/div>\n\t\t<\/section>\n\t\t\t\t\t\t<\/div>\n\t\t\t\t\t\t<\/div>\n\t\t\t\t\t<\/div>\n\t\t","protected":false},"excerpt":{"rendered":"<p>Mat\u00e9riel pour d\u00e9m\u00e9nager Vous avez besoin de mat\u00e9riel pour votre d\u00e9m\u00e9nagement\u00a0? Pour prot\u00e9ger vos effets personnels, Tessiot D\u00e9m\u00e9nagements met \u00e0<\/p>\n","protected":false},"author":1,"featured_media":0,"parent":176,"menu_order":1,"comment_status":"open","ping_status":"open","template":"","meta":{"spay_email":""},"yoast_head":"<!-- This site is optimized with the Yoast SEO plugin v15.8 - https:\/\/yoast.com\/wordpress\/plugins\/seo\/ -->\n<title>Mat\u00e9riel pour d\u00e9m\u00e9nager - D\u00e9m\u00e9nagement A Tessiot<\/title>\n<meta name=\"description\" content=\"Besoin de mat\u00e9riel pour d\u00e9m\u00e9nager ? Tessiot D\u00e9m\u00e9nagemennts met \u00e0 votre disposition des accessoires professionnels.\" \/>\n<meta name=\"robots\" content=\"index, follow, max-snippet:-1, max-image-preview:large, max-video-preview:-1\" \/>\n<link rel=\"canonical\" href=\"http:\/\/www.tessiot-demenagement.com\/lareunion\/emballages-pour-demenager\/materiel-pour-demenager\/\" \/>\n<meta property=\"og:locale\" content=\"fr_FR\" \/>\n<meta property=\"og:type\" content=\"article\" \/>\n<meta property=\"og:title\" content=\"Mat\u00e9riel pour d\u00e9m\u00e9nager - D\u00e9m\u00e9nagement A Tessiot\" \/>\n<meta property=\"og:description\" content=\"Besoin de mat\u00e9riel pour d\u00e9m\u00e9nager ? Tessiot D\u00e9m\u00e9nagemennts met \u00e0 votre disposition des accessoires professionnels.\" \/>\n<meta property=\"og:url\" content=\"http:\/\/www.tessiot-demenagement.com\/lareunion\/emballages-pour-demenager\/materiel-pour-demenager\/\" \/>\n<meta property=\"og:site_name\" content=\"D\u00e9m\u00e9nagement A Tessiot\" \/>\n<meta property=\"article:modified_time\" content=\"2020-10-27T16:49:37+00:00\" \/>\n<meta property=\"og:image\" content=\"http:\/\/www.tessiot-demenagement.com\/lareunion\/wp-content\/uploads\/2014\/10\/gants.jpg\" \/>\n<meta name=\"twitter:label1\" content=\"Dur\u00e9e de lecture est.\">\n\t<meta name=\"twitter:data1\" content=\"1 minute\">\n<script type=\"application\/ld+json\" class=\"yoast-schema-graph\">{\"@context\":\"https:\/\/schema.org\",\"@graph\":[{\"@type\":\"WebSite\",\"@id\":\"http:\/\/www.tessiot-demenagement.com\/lareunion\/#website\",\"url\":\"http:\/\/www.tessiot-demenagement.com\/lareunion\/\",\"name\":\"D\\u00e9m\\u00e9nagement A Tessiot\",\"description\":\"votre demenageur specialiste des transferts administratifs et industriels\",\"potentialAction\":[{\"@type\":\"SearchAction\",\"target\":\"http:\/\/www.tessiot-demenagement.com\/lareunion\/?s={search_term_string}\",\"query-input\":\"required name=search_term_string\"}],\"inLanguage\":\"fr-FR\"},{\"@type\":\"ImageObject\",\"@id\":\"http:\/\/www.tessiot-demenagement.com\/lareunion\/emballages-pour-demenager\/materiel-pour-demenager\/#primaryimage\",\"inLanguage\":\"fr-FR\",\"url\":\"http:\/\/www.tessiot-demenagement.com\/lareunion\/wp-content\/uploads\/2014\/10\/gants.jpg\"},{\"@type\":\"WebPage\",\"@id\":\"http:\/\/www.tessiot-demenagement.com\/lareunion\/emballages-pour-demenager\/materiel-pour-demenager\/#webpage\",\"url\":\"http:\/\/www.tessiot-demenagement.com\/lareunion\/emballages-pour-demenager\/materiel-pour-demenager\/\",\"name\":\"Mat\\u00e9riel pour d\\u00e9m\\u00e9nager - D\\u00e9m\\u00e9nagement A Tessiot\",\"isPartOf\":{\"@id\":\"http:\/\/www.tessiot-demenagement.com\/lareunion\/#website\"},\"primaryImageOfPage\":{\"@id\":\"http:\/\/www.tessiot-demenagement.com\/lareunion\/emballages-pour-demenager\/materiel-pour-demenager\/#primaryimage\"},\"datePublished\":\"2014-10-22T09:56:06+00:00\",\"dateModified\":\"2020-10-27T16:49:37+00:00\",\"description\":\"Besoin de mat\\u00e9riel pour d\\u00e9m\\u00e9nager ? Tessiot D\\u00e9m\\u00e9nagemennts met \\u00e0 votre disposition des accessoires professionnels.\",\"breadcrumb\":{\"@id\":\"http:\/\/www.tessiot-demenagement.com\/lareunion\/emballages-pour-demenager\/materiel-pour-demenager\/#breadcrumb\"},\"inLanguage\":\"fr-FR\",\"potentialAction\":[{\"@type\":\"ReadAction\",\"target\":[\"http:\/\/www.tessiot-demenagement.com\/lareunion\/emballages-pour-demenager\/materiel-pour-demenager\/\"]}]},{\"@type\":\"BreadcrumbList\",\"@id\":\"http:\/\/www.tessiot-demenagement.com\/lareunion\/emballages-pour-demenager\/materiel-pour-demenager\/#breadcrumb\",\"itemListElement\":[{\"@type\":\"ListItem\",\"position\":1,\"item\":{\"@type\":\"WebPage\",\"@id\":\"http:\/\/www.tessiot-demenagement.com\/lareunion\/emballages-pour-demenager\/\",\"url\":\"http:\/\/www.tessiot-demenagement.com\/lareunion\/emballages-pour-demenager\/\",\"name\":\"Emballages pour d\\u00e9m\\u00e9nager\"}},{\"@type\":\"ListItem\",\"position\":2,\"item\":{\"@type\":\"WebPage\",\"@id\":\"http:\/\/www.tessiot-demenagement.com\/lareunion\/emballages-pour-demenager\/materiel-pour-demenager\/\",\"url\":\"http:\/\/www.tessiot-demenagement.com\/lareunion\/emballages-pour-demenager\/materiel-pour-demenager\/\",\"name\":\"Mat\\u00e9riel pour d\\u00e9m\\u00e9nager\"}}]}]}<\/script>\n<!-- \/ Yoast SEO plugin. -->","jetpack_sharing_enabled":true,"jetpack_shortlink":"https:\/\/wp.me\/P5eCLF-3x","_links":{"self":[{"href":"https:\/\/www.tessiot-demenagement.com\/lareunion\/wp-json\/wp\/v2\/pages\/219"}],"collection":[{"href":"https:\/\/www.tessiot-demenagement.com\/lareunion\/wp-json\/wp\/v2\/pages"}],"about":[{"href":"https:\/\/www.tessiot-demenagement.com\/lareunion\/wp-json\/wp\/v2\/types\/page"}],"author":[{"embeddable":true,"href":"https:\/\/www.tessiot-demenagement.com\/lareunion\/wp-json\/wp\/v2\/users\/1"}],"replies":[{"embeddable":true,"href":"https:\/\/www.tessiot-demenagement.com\/lareunion\/wp-json\/wp\/v2\/comments?post=219"}],"version-history":[{"count":4,"href":"https:\/\/www.tessiot-demenagement.com\/lareunion\/wp-json\/wp\/v2\/pages\/219\/revisions"}],"predecessor-version":[{"id":2385,"href":"https:\/\/www.tessiot-demenagement.com\/lareunion\/wp-json\/wp\/v2\/pages\/219\/revisions\/2385"}],"up":[{"embeddable":true,"href":"https:\/\/www.tessiot-demenagement.com\/lareunion\/wp-json\/wp\/v2\/pages\/176"}],"wp:attachment":[{"href":"https:\/\/www.tessiot-demenagement.com\/lareunion\/wp-json\/wp\/v2\/media?parent=219"}],"curies":[{"name":"wp","href":"https:\/\/api.w.org\/{rel}","templated":true}]}}