{"id":213,"date":"2014-10-22T09:43:33","date_gmt":"2014-10-22T09:43:33","guid":{"rendered":"http:\/\/www.tessiot-demenagement.com\/lareunion\/?page_id=213"},"modified":"2020-10-21T14:20:19","modified_gmt":"2020-10-21T14:20:19","slug":"emballages-plastiques-pour-demenager","status":"publish","type":"page","link":"https:\/\/www.tessiot-demenagement.com\/lareunion\/emballages-pour-demenager\/emballages-plastiques-pour-demenager\/","title":{"rendered":"Emballages plastiques pour d\u00e9m\u00e9nager"},"content":{"rendered":"\t\t<div data-elementor-type=\"wp-page\" data-elementor-id=\"213\" class=\"elementor elementor-213\" data-elementor-settings=\"[]\">\n\t\t\t\t\t\t<div class=\"elementor-inner\">\n\t\t\t\t\t\t\t<div class=\"elementor-section-wrap\">\n\t\t\t\t\t\t\t<section class=\"elementor-section elementor-top-section elementor-element elementor-element-401b9dc elementor-section-boxed elementor-section-height-default elementor-section-height-default\" data-id=\"401b9dc\" data-element_type=\"section\">\n\t\t\t\t\t\t<div class=\"elementor-container elementor-column-gap-default\">\n\t\t\t\t\t\t\t<div class=\"elementor-row\">\n\t\t\t\t\t<div class=\"elementor-column elementor-col-100 elementor-top-column elementor-element elementor-element-5afe403\" data-id=\"5afe403\" data-element_type=\"column\">\n\t\t\t<div class=\"elementor-column-wrap elementor-element-populated\">\n\t\t\t\t\t\t\t<div class=\"elementor-widget-wrap\">\n\t\t\t\t\t\t<div class=\"elementor-element elementor-element-1306ce1 elementor-widget elementor-widget-heading\" data-id=\"1306ce1\" data-element_type=\"widget\" data-widget_type=\"heading.default\">\n\t\t\t\t<div class=\"elementor-widget-container\">\n\t\t\t<h1 class=\"elementor-heading-title elementor-size-xl\">Emballages plastiques pour d\u00e9m\u00e9nager<\/h1>\t\t<\/div>\n\t\t\t\t<\/div>\n\t\t\t\t\t\t<\/div>\n\t\t\t\t\t<\/div>\n\t\t<\/div>\n\t\t\t\t\t\t\t\t<\/div>\n\t\t\t\t\t<\/div>\n\t\t<\/section>\n\t\t\t\t<section class=\"elementor-section elementor-top-section elementor-element elementor-element-7eb7106 elementor-section-boxed elementor-section-height-default elementor-section-height-default\" data-id=\"7eb7106\" data-element_type=\"section\">\n\t\t\t\t\t\t<div class=\"elementor-container elementor-column-gap-default\">\n\t\t\t\t\t\t\t<div class=\"elementor-row\">\n\t\t\t\t\t<div class=\"elementor-column elementor-col-100 elementor-top-column elementor-element elementor-element-6b3e000\" data-id=\"6b3e000\" data-element_type=\"column\">\n\t\t\t<div class=\"elementor-column-wrap elementor-element-populated\">\n\t\t\t\t\t\t\t<div class=\"elementor-widget-wrap\">\n\t\t\t\t\t\t<div class=\"elementor-element elementor-element-f07b67c elementor-widget elementor-widget-spacer\" data-id=\"f07b67c\" data-element_type=\"widget\" data-widget_type=\"spacer.default\">\n\t\t\t\t<div class=\"elementor-widget-container\">\n\t\t\t\t\t<div class=\"elementor-spacer\">\n\t\t\t<div class=\"elementor-spacer-inner\"><\/div>\n\t\t<\/div>\n\t\t\t\t<\/div>\n\t\t\t\t<\/div>\n\t\t\t\t\t\t<\/div>\n\t\t\t\t\t<\/div>\n\t\t<\/div>\n\t\t\t\t\t\t\t\t<\/div>\n\t\t\t\t\t<\/div>\n\t\t<\/section>\n\t\t\t\t<section class=\"elementor-section elementor-top-section elementor-element elementor-element-2544057 elementor-section-boxed elementor-section-height-default elementor-section-height-default\" data-id=\"2544057\" data-element_type=\"section\">\n\t\t\t\t\t\t<div class=\"elementor-container elementor-column-gap-default\">\n\t\t\t\t\t\t\t<div class=\"elementor-row\">\n\t\t\t\t\t<div class=\"elementor-column elementor-col-66 elementor-top-column elementor-element elementor-element-9d3a529\" data-id=\"9d3a529\" data-element_type=\"column\">\n\t\t\t<div class=\"elementor-column-wrap elementor-element-populated\">\n\t\t\t\t\t\t\t<div class=\"elementor-widget-wrap\">\n\t\t\t\t\t\t<div class=\"elementor-element elementor-element-d51fe0c elementor-widget elementor-widget-text-editor\" data-id=\"d51fe0c\" data-element_type=\"widget\" data-widget_type=\"text-editor.default\">\n\t\t\t\t<div class=\"elementor-widget-container\">\n\t\t\t\t\t<div class=\"elementor-text-editor elementor-clearfix\"><p>Outre<a href=\"http:\/\/www.tessiot-demenagement.com\/lareunion\/emballages-pour-demenager\/les-cartons-pour-demenager\/\"> les cartons<\/a>, vous pouvez aussi utiliser des emballages plastiques pour d\u00e9m\u00e9nager. Pour <strong>prot\u00e9ger vos matelas<\/strong>, Tessiot D\u00e9m\u00e9nagements met \u00e0 votre disposition des housses plastiques. Pour <strong>conditionner votre vaisselle, vos vases ou tout objet fragile<\/strong>, nos d\u00e9m\u00e9nageurs vous fournissent du papier bulles.<\/p><p>Pour votre d\u00e9m\u00e9nagement ou pour stocker dans <a href=\"http:\/\/www.tessiot-demenagement.com\/lareunion\/stocker-en-garde-meubles\/\">notre garde-meubles s\u00e9curis\u00e9<\/a>, optez pour notre emballages professionnels. Demandez votre <strong>devis gratuit<\/strong>.<\/p><\/div>\n\t\t\t\t<\/div>\n\t\t\t\t<\/div>\n\t\t\t\t\t\t<\/div>\n\t\t\t\t\t<\/div>\n\t\t<\/div>\n\t\t\t\t<div class=\"elementor-column elementor-col-33 elementor-top-column elementor-element elementor-element-298a092\" data-id=\"298a092\" data-element_type=\"column\">\n\t\t\t<div class=\"elementor-column-wrap elementor-element-populated\">\n\t\t\t\t\t\t\t<div class=\"elementor-widget-wrap\">\n\t\t\t\t\t\t<div class=\"elementor-element elementor-element-22f9efb elementor-align-center elementor-widget elementor-widget-button\" data-id=\"22f9efb\" data-element_type=\"widget\" data-widget_type=\"button.default\">\n\t\t\t\t<div class=\"elementor-widget-container\">\n\t\t\t\t\t<div class=\"elementor-button-wrapper\">\n\t\t\t<a href=\"http:\/\/www.tessiot-demenagement.com\/lareunion\/devis-demenagement-reunion\/\" class=\"elementor-button-link elementor-button elementor-size-lg\" role=\"button\">\n\t\t\t\t\t\t<span class=\"elementor-button-content-wrapper\">\n\t\t\t\t\t\t<span class=\"elementor-button-text\">Demandez votre devis gratuit<\/span>\n\t\t<\/span>\n\t\t\t\t\t<\/a>\n\t\t<\/div>\n\t\t\t\t<\/div>\n\t\t\t\t<\/div>\n\t\t\t\t\t\t<\/div>\n\t\t\t\t\t<\/div>\n\t\t<\/div>\n\t\t\t\t\t\t\t\t<\/div>\n\t\t\t\t\t<\/div>\n\t\t<\/section>\n\t\t\t\t<section class=\"elementor-section elementor-top-section elementor-element elementor-element-4ed5317 elementor-section-boxed elementor-section-height-default elementor-section-height-default\" data-id=\"4ed5317\" data-element_type=\"section\">\n\t\t\t\t\t\t<div class=\"elementor-container elementor-column-gap-default\">\n\t\t\t\t\t\t\t<div class=\"elementor-row\">\n\t\t\t\t\t<div class=\"elementor-column elementor-col-33 elementor-top-column elementor-element elementor-element-9b9c01e\" data-id=\"9b9c01e\" data-element_type=\"column\">\n\t\t\t<div class=\"elementor-column-wrap elementor-element-populated\">\n\t\t\t\t\t\t\t<div class=\"elementor-widget-wrap\">\n\t\t\t\t\t\t<div class=\"elementor-element elementor-element-32b99f1 elementor-widget elementor-widget-image\" data-id=\"32b99f1\" data-element_type=\"widget\" data-widget_type=\"image.default\">\n\t\t\t\t<div class=\"elementor-widget-container\">\n\t\t\t\t\t<div class=\"elementor-image\">\n\t\t\t\t\t\t\t<figure class=\"wp-caption\">\n\t\t\t\t\t\t\t\t\t\t<img width=\"800\" height=\"600\" src=\"https:\/\/www.tessiot-demenagement.com\/lareunion\/wp-content\/uploads\/2020\/10\/bulles-1024x768.png\" class=\"attachment-large size-large\" alt=\"emballages pour d\u00e9m\u00e9nager avec Te\" loading=\"lazy\" srcset=\"https:\/\/www.tessiot-demenagement.com\/lareunion\/wp-content\/uploads\/2020\/10\/bulles-1024x768.png 1024w, https:\/\/www.tessiot-demenagement.com\/lareunion\/wp-content\/uploads\/2020\/10\/bulles-300x225.png 300w, https:\/\/www.tessiot-demenagement.com\/lareunion\/wp-content\/uploads\/2020\/10\/bulles-768x576.png 768w, https:\/\/www.tessiot-demenagement.com\/lareunion\/wp-content\/uploads\/2020\/10\/bulles-1536x1152.png 1536w, https:\/\/www.tessiot-demenagement.com\/lareunion\/wp-content\/uploads\/2020\/10\/bulles-2048x1536.png 2048w\" sizes=\"(max-width: 800px) 100vw, 800px\" \/>\t\t\t\t\t\t\t\t\t\t\t<figcaption class=\"widget-image-caption wp-caption-text\">Papier bulles<\/figcaption>\n\t\t\t\t\t\t\t\t\t\t<\/figure>\n\t\t\t\t\t<\/div>\n\t\t\t\t<\/div>\n\t\t\t\t<\/div>\n\t\t\t\t\t\t<\/div>\n\t\t\t\t\t<\/div>\n\t\t<\/div>\n\t\t\t\t<div class=\"elementor-column elementor-col-33 elementor-top-column elementor-element elementor-element-448eb12\" data-id=\"448eb12\" data-element_type=\"column\">\n\t\t\t<div class=\"elementor-column-wrap elementor-element-populated\">\n\t\t\t\t\t\t\t<div class=\"elementor-widget-wrap\">\n\t\t\t\t\t\t<div class=\"elementor-element elementor-element-52f6942 elementor-widget elementor-widget-image\" data-id=\"52f6942\" data-element_type=\"widget\" data-widget_type=\"image.default\">\n\t\t\t\t<div class=\"elementor-widget-container\">\n\t\t\t\t\t<div class=\"elementor-image\">\n\t\t\t\t\t\t\t<figure class=\"wp-caption\">\n\t\t\t\t\t\t\t\t\t\t<img width=\"800\" height=\"600\" src=\"https:\/\/www.tessiot-demenagement.com\/lareunion\/wp-content\/uploads\/2020\/10\/housse-matelas-90-1024x768.png\" class=\"attachment-large size-large\" alt=\"emballages pour d\u00e9m\u00e9nager avec Te\" loading=\"lazy\" srcset=\"https:\/\/www.tessiot-demenagement.com\/lareunion\/wp-content\/uploads\/2020\/10\/housse-matelas-90-1024x768.png 1024w, https:\/\/www.tessiot-demenagement.com\/lareunion\/wp-content\/uploads\/2020\/10\/housse-matelas-90-300x225.png 300w, https:\/\/www.tessiot-demenagement.com\/lareunion\/wp-content\/uploads\/2020\/10\/housse-matelas-90-768x576.png 768w, https:\/\/www.tessiot-demenagement.com\/lareunion\/wp-content\/uploads\/2020\/10\/housse-matelas-90-1536x1152.png 1536w, https:\/\/www.tessiot-demenagement.com\/lareunion\/wp-content\/uploads\/2020\/10\/housse-matelas-90-2048x1536.png 2048w\" sizes=\"(max-width: 800px) 100vw, 800px\" \/>\t\t\t\t\t\t\t\t\t\t\t<figcaption class=\"widget-image-caption wp-caption-text\">Housse pour matelas 90<\/figcaption>\n\t\t\t\t\t\t\t\t\t\t<\/figure>\n\t\t\t\t\t<\/div>\n\t\t\t\t<\/div>\n\t\t\t\t<\/div>\n\t\t\t\t\t\t<\/div>\n\t\t\t\t\t<\/div>\n\t\t<\/div>\n\t\t\t\t<div class=\"elementor-column elementor-col-33 elementor-top-column elementor-element elementor-element-ff555e4\" data-id=\"ff555e4\" data-element_type=\"column\">\n\t\t\t<div class=\"elementor-column-wrap elementor-element-populated\">\n\t\t\t\t\t\t\t<div class=\"elementor-widget-wrap\">\n\t\t\t\t\t\t<div class=\"elementor-element elementor-element-f3006ef elementor-widget elementor-widget-image\" data-id=\"f3006ef\" data-element_type=\"widget\" data-widget_type=\"image.default\">\n\t\t\t\t<div class=\"elementor-widget-container\">\n\t\t\t\t\t<div class=\"elementor-image\">\n\t\t\t\t\t\t\t<figure class=\"wp-caption\">\n\t\t\t\t\t\t\t\t\t\t<img width=\"800\" height=\"600\" src=\"https:\/\/www.tessiot-demenagement.com\/lareunion\/wp-content\/uploads\/2020\/10\/housse-190-1024x768.png\" class=\"attachment-large size-large\" alt=\"emballages pour d\u00e9m\u00e9nager avec Te\" loading=\"lazy\" srcset=\"https:\/\/www.tessiot-demenagement.com\/lareunion\/wp-content\/uploads\/2020\/10\/housse-190-1024x768.png 1024w, https:\/\/www.tessiot-demenagement.com\/lareunion\/wp-content\/uploads\/2020\/10\/housse-190-300x225.png 300w, https:\/\/www.tessiot-demenagement.com\/lareunion\/wp-content\/uploads\/2020\/10\/housse-190-768x576.png 768w, https:\/\/www.tessiot-demenagement.com\/lareunion\/wp-content\/uploads\/2020\/10\/housse-190-1536x1152.png 1536w, https:\/\/www.tessiot-demenagement.com\/lareunion\/wp-content\/uploads\/2020\/10\/housse-190-2048x1536.png 2048w\" sizes=\"(max-width: 800px) 100vw, 800px\" \/>\t\t\t\t\t\t\t\t\t\t\t<figcaption class=\"widget-image-caption wp-caption-text\">Housse pour matelas 190<\/figcaption>\n\t\t\t\t\t\t\t\t\t\t<\/figure>\n\t\t\t\t\t<\/div>\n\t\t\t\t<\/div>\n\t\t\t\t<\/div>\n\t\t\t\t\t\t<\/div>\n\t\t\t\t\t<\/div>\n\t\t<\/div>\n\t\t\t\t\t\t\t\t<\/div>\n\t\t\t\t\t<\/div>\n\t\t<\/section>\n\t\t\t\t\t\t<\/div>\n\t\t\t\t\t\t<\/div>\n\t\t\t\t\t<\/div>\n\t\t","protected":false},"excerpt":{"rendered":"<p>Emballages plastiques pour d\u00e9m\u00e9nager Outre les cartons, vous pouvez aussi utiliser des emballages plastiques pour d\u00e9m\u00e9nager. Pour prot\u00e9ger vos matelas,<\/p>\n","protected":false},"author":1,"featured_media":0,"parent":176,"menu_order":1,"comment_status":"open","ping_status":"open","template":"","meta":{"spay_email":""},"yoast_head":"<!-- This site is optimized with the Yoast SEO plugin v15.8 - https:\/\/yoast.com\/wordpress\/plugins\/seo\/ -->\n<title>Emballages plastiques pour d\u00e9m\u00e9nager - D\u00e9m\u00e9nagement A Tessiot<\/title>\n<meta name=\"description\" content=\"Emballages plastiques pour d\u00e9m\u00e9nager Outre les cartons, vous pouvez aussi utiliser des emballages plastiques pour d\u00e9m\u00e9nager. Pour prot\u00e9ger vos matelas, Besoin de protections pour d\u00e9m\u00e9nager ? Tessiot D\u00e9m\u00e9nagements vous fournit des housses pour vos matelas et du papier bulles.\" \/>\n<meta name=\"robots\" content=\"index, follow, max-snippet:-1, max-image-preview:large, max-video-preview:-1\" \/>\n<link rel=\"canonical\" href=\"http:\/\/www.tessiot-demenagement.com\/lareunion\/emballages-pour-demenager\/emballages-plastiques-pour-demenager\/\" \/>\n<meta property=\"og:locale\" content=\"fr_FR\" \/>\n<meta property=\"og:type\" content=\"article\" \/>\n<meta property=\"og:title\" content=\"Emballages plastiques pour d\u00e9m\u00e9nager - D\u00e9m\u00e9nagement A Tessiot\" \/>\n<meta property=\"og:description\" content=\"Emballages plastiques pour d\u00e9m\u00e9nager Outre les cartons, vous pouvez aussi utiliser des emballages plastiques pour d\u00e9m\u00e9nager. Pour prot\u00e9ger vos matelas, Besoin de protections pour d\u00e9m\u00e9nager ? Tessiot D\u00e9m\u00e9nagements vous fournit des housses pour vos matelas et du papier bulles.\" \/>\n<meta property=\"og:url\" content=\"http:\/\/www.tessiot-demenagement.com\/lareunion\/emballages-pour-demenager\/emballages-plastiques-pour-demenager\/\" \/>\n<meta property=\"og:site_name\" content=\"D\u00e9m\u00e9nagement A Tessiot\" \/>\n<meta property=\"article:modified_time\" content=\"2020-10-21T14:20:19+00:00\" \/>\n<meta property=\"og:image\" content=\"http:\/\/www.tessiot-demenagement.com\/lareunion\/wp-content\/uploads\/2020\/10\/bulles-1024x768.png\" \/>\n<script type=\"application\/ld+json\" class=\"yoast-schema-graph\">{\"@context\":\"https:\/\/schema.org\",\"@graph\":[{\"@type\":\"WebSite\",\"@id\":\"https:\/\/www.tessiot-demenagement.com\/lareunion\/#website\",\"url\":\"https:\/\/www.tessiot-demenagement.com\/lareunion\/\",\"name\":\"D\\u00e9m\\u00e9nagement A Tessiot\",\"description\":\"votre demenageur specialiste des transferts administratifs et industriels\",\"potentialAction\":[{\"@type\":\"SearchAction\",\"target\":\"https:\/\/www.tessiot-demenagement.com\/lareunion\/?s={search_term_string}\",\"query-input\":\"required name=search_term_string\"}],\"inLanguage\":\"fr-FR\"},{\"@type\":\"ImageObject\",\"@id\":\"http:\/\/www.tessiot-demenagement.com\/lareunion\/emballages-pour-demenager\/emballages-plastiques-pour-demenager\/#primaryimage\",\"inLanguage\":\"fr-FR\",\"url\":\"http:\/\/www.tessiot-demenagement.com\/lareunion\/wp-content\/uploads\/2020\/10\/bulles-1024x768.png\"},{\"@type\":\"WebPage\",\"@id\":\"http:\/\/www.tessiot-demenagement.com\/lareunion\/emballages-pour-demenager\/emballages-plastiques-pour-demenager\/#webpage\",\"url\":\"http:\/\/www.tessiot-demenagement.com\/lareunion\/emballages-pour-demenager\/emballages-plastiques-pour-demenager\/\",\"name\":\"Emballages plastiques pour d\\u00e9m\\u00e9nager - D\\u00e9m\\u00e9nagement A Tessiot\",\"isPartOf\":{\"@id\":\"https:\/\/www.tessiot-demenagement.com\/lareunion\/#website\"},\"primaryImageOfPage\":{\"@id\":\"http:\/\/www.tessiot-demenagement.com\/lareunion\/emballages-pour-demenager\/emballages-plastiques-pour-demenager\/#primaryimage\"},\"datePublished\":\"2014-10-22T09:43:33+00:00\",\"dateModified\":\"2020-10-21T14:20:19+00:00\",\"description\":\"Emballages plastiques pour d\\u00e9m\\u00e9nager Outre les cartons, vous pouvez aussi utiliser des emballages plastiques pour d\\u00e9m\\u00e9nager. Pour prot\\u00e9ger vos matelas, Besoin de protections pour d\\u00e9m\\u00e9nager ? Tessiot D\\u00e9m\\u00e9nagements vous fournit des housses pour vos matelas et du papier bulles.\",\"breadcrumb\":{\"@id\":\"http:\/\/www.tessiot-demenagement.com\/lareunion\/emballages-pour-demenager\/emballages-plastiques-pour-demenager\/#breadcrumb\"},\"inLanguage\":\"fr-FR\",\"potentialAction\":[{\"@type\":\"ReadAction\",\"target\":[\"http:\/\/www.tessiot-demenagement.com\/lareunion\/emballages-pour-demenager\/emballages-plastiques-pour-demenager\/\"]}]},{\"@type\":\"BreadcrumbList\",\"@id\":\"http:\/\/www.tessiot-demenagement.com\/lareunion\/emballages-pour-demenager\/emballages-plastiques-pour-demenager\/#breadcrumb\",\"itemListElement\":[{\"@type\":\"ListItem\",\"position\":1,\"item\":{\"@type\":\"WebPage\",\"@id\":\"http:\/\/www.tessiot-demenagement.com\/lareunion\/emballages-pour-demenager\/\",\"url\":\"http:\/\/www.tessiot-demenagement.com\/lareunion\/emballages-pour-demenager\/\",\"name\":\"Emballages pour d\\u00e9m\\u00e9nager\"}},{\"@type\":\"ListItem\",\"position\":2,\"item\":{\"@type\":\"WebPage\",\"@id\":\"http:\/\/www.tessiot-demenagement.com\/lareunion\/emballages-pour-demenager\/emballages-plastiques-pour-demenager\/\",\"url\":\"http:\/\/www.tessiot-demenagement.com\/lareunion\/emballages-pour-demenager\/emballages-plastiques-pour-demenager\/\",\"name\":\"Emballages plastiques pour d\\u00e9m\\u00e9nager\"}}]}]}<\/script>\n<!-- \/ Yoast SEO plugin. -->","jetpack_sharing_enabled":true,"jetpack_shortlink":"https:\/\/wp.me\/P5eCLF-3r","_links":{"self":[{"href":"https:\/\/www.tessiot-demenagement.com\/lareunion\/wp-json\/wp\/v2\/pages\/213"}],"collection":[{"href":"https:\/\/www.tessiot-demenagement.com\/lareunion\/wp-json\/wp\/v2\/pages"}],"about":[{"href":"https:\/\/www.tessiot-demenagement.com\/lareunion\/wp-json\/wp\/v2\/types\/page"}],"author":[{"embeddable":true,"href":"https:\/\/www.tessiot-demenagement.com\/lareunion\/wp-json\/wp\/v2\/users\/1"}],"replies":[{"embeddable":true,"href":"https:\/\/www.tessiot-demenagement.com\/lareunion\/wp-json\/wp\/v2\/comments?post=213"}],"version-history":[{"count":6,"href":"https:\/\/www.tessiot-demenagement.com\/lareunion\/wp-json\/wp\/v2\/pages\/213\/revisions"}],"predecessor-version":[{"id":2378,"href":"https:\/\/www.tessiot-demenagement.com\/lareunion\/wp-json\/wp\/v2\/pages\/213\/revisions\/2378"}],"up":[{"embeddable":true,"href":"https:\/\/www.tessiot-demenagement.com\/lareunion\/wp-json\/wp\/v2\/pages\/176"}],"wp:attachment":[{"href":"https:\/\/www.tessiot-demenagement.com\/lareunion\/wp-json\/wp\/v2\/media?parent=213"}],"curies":[{"name":"wp","href":"https:\/\/api.w.org\/{rel}","templated":true}]}}