{"id":176,"date":"2014-10-22T08:19:03","date_gmt":"2014-10-22T08:19:03","guid":{"rendered":"http:\/\/www.tessiot-demenagement.com\/lareunion\/?page_id=176"},"modified":"2020-10-19T14:26:11","modified_gmt":"2020-10-19T14:26:11","slug":"emballages-pour-demenager","status":"publish","type":"page","link":"https:\/\/www.tessiot-demenagement.com\/lareunion\/emballages-pour-demenager\/","title":{"rendered":"Emballages pour d\u00e9m\u00e9nager"},"content":{"rendered":"\t\t<div data-elementor-type=\"wp-page\" data-elementor-id=\"176\" class=\"elementor elementor-176\" data-elementor-settings=\"[]\">\n\t\t\t\t\t\t<div class=\"elementor-inner\">\n\t\t\t\t\t\t\t<div class=\"elementor-section-wrap\">\n\t\t\t\t\t\t\t<section class=\"elementor-section elementor-top-section elementor-element elementor-element-c1553ed elementor-section-boxed elementor-section-height-default elementor-section-height-default\" data-id=\"c1553ed\" data-element_type=\"section\">\n\t\t\t\t\t\t<div class=\"elementor-container elementor-column-gap-default\">\n\t\t\t\t\t\t\t<div class=\"elementor-row\">\n\t\t\t\t\t<div class=\"elementor-column elementor-col-100 elementor-top-column elementor-element elementor-element-90c5a07\" data-id=\"90c5a07\" data-element_type=\"column\">\n\t\t\t<div class=\"elementor-column-wrap elementor-element-populated\">\n\t\t\t\t\t\t\t<div class=\"elementor-widget-wrap\">\n\t\t\t\t\t\t<div class=\"elementor-element elementor-element-ccf189a elementor-widget elementor-widget-heading\" data-id=\"ccf189a\" data-element_type=\"widget\" data-widget_type=\"heading.default\">\n\t\t\t\t<div class=\"elementor-widget-container\">\n\t\t\t<h1 class=\"elementor-heading-title elementor-size-xl\">Les emballages pour d\u00e9m\u00e9nager<\/h1>\t\t<\/div>\n\t\t\t\t<\/div>\n\t\t\t\t\t\t<\/div>\n\t\t\t\t\t<\/div>\n\t\t<\/div>\n\t\t\t\t\t\t\t\t<\/div>\n\t\t\t\t\t<\/div>\n\t\t<\/section>\n\t\t\t\t<section class=\"elementor-section elementor-top-section elementor-element elementor-element-d499389 elementor-section-boxed elementor-section-height-default elementor-section-height-default\" data-id=\"d499389\" data-element_type=\"section\">\n\t\t\t\t\t\t<div class=\"elementor-container elementor-column-gap-default\">\n\t\t\t\t\t\t\t<div class=\"elementor-row\">\n\t\t\t\t\t<div class=\"elementor-column elementor-col-100 elementor-top-column elementor-element elementor-element-bc8e2f4\" data-id=\"bc8e2f4\" data-element_type=\"column\">\n\t\t\t<div class=\"elementor-column-wrap elementor-element-populated\">\n\t\t\t\t\t\t\t<div class=\"elementor-widget-wrap\">\n\t\t\t\t\t\t<div class=\"elementor-element elementor-element-8ba2c3c elementor-widget elementor-widget-spacer\" data-id=\"8ba2c3c\" data-element_type=\"widget\" data-widget_type=\"spacer.default\">\n\t\t\t\t<div class=\"elementor-widget-container\">\n\t\t\t\t\t<div class=\"elementor-spacer\">\n\t\t\t<div class=\"elementor-spacer-inner\"><\/div>\n\t\t<\/div>\n\t\t\t\t<\/div>\n\t\t\t\t<\/div>\n\t\t\t\t\t\t<\/div>\n\t\t\t\t\t<\/div>\n\t\t<\/div>\n\t\t\t\t\t\t\t\t<\/div>\n\t\t\t\t\t<\/div>\n\t\t<\/section>\n\t\t\t\t<section class=\"elementor-section elementor-top-section elementor-element elementor-element-5983583 elementor-section-boxed elementor-section-height-default elementor-section-height-default\" data-id=\"5983583\" data-element_type=\"section\">\n\t\t\t\t\t\t<div class=\"elementor-container elementor-column-gap-default\">\n\t\t\t\t\t\t\t<div class=\"elementor-row\">\n\t\t\t\t\t<div class=\"elementor-column elementor-col-50 elementor-top-column elementor-element elementor-element-923fb46\" data-id=\"923fb46\" data-element_type=\"column\">\n\t\t\t<div class=\"elementor-column-wrap elementor-element-populated\">\n\t\t\t\t\t\t\t<div class=\"elementor-widget-wrap\">\n\t\t\t\t\t\t<div class=\"elementor-element elementor-element-000465c elementor-widget elementor-widget-text-editor\" data-id=\"000465c\" data-element_type=\"widget\" data-widget_type=\"text-editor.default\">\n\t\t\t\t<div class=\"elementor-widget-container\">\n\t\t\t\t\t<div class=\"elementor-text-editor elementor-clearfix\"><p>Vous d\u00e9m\u00e9nagez et vous souhaitez vous organiser de votre c\u00f4t\u00e9 ? Cependant vous avez besoin d\u2019<strong>emballages<\/strong> pour prot\u00e9ger vos effets personnels ? Tessiot D\u00e9m\u00e9nagements, en plus de\u00a0<a href=\"http:\/\/www.tessiot-demenagement.com\/lareunion\/stocker-en-garde-meubles\/\">son garde-meubles<\/a>, vous propose une large gamme d\u2019emballages et de cartons pour d\u00e9m\u00e9nager : cartons standards pour vos v\u00eatements, cartons pour vos livres, penderie, papier-bulle, adh\u00e9sif, housse, \u2026<\/p><p>Ces emballages et ces cartons sont \u00e0 r\u00e9cup\u00e9rer \u00e0 notre agence de Saint-Pierre.<\/p><\/div>\n\t\t\t\t<\/div>\n\t\t\t\t<\/div>\n\t\t\t\t\t\t<\/div>\n\t\t\t\t\t<\/div>\n\t\t<\/div>\n\t\t\t\t<div class=\"elementor-column elementor-col-50 elementor-top-column elementor-element elementor-element-f963070\" data-id=\"f963070\" data-element_type=\"column\">\n\t\t\t<div class=\"elementor-column-wrap elementor-element-populated\">\n\t\t\t\t\t\t\t<div class=\"elementor-widget-wrap\">\n\t\t\t\t\t\t<div class=\"elementor-element elementor-element-6905279 elementor-widget elementor-widget-image\" data-id=\"6905279\" data-element_type=\"widget\" data-widget_type=\"image.default\">\n\t\t\t\t<div class=\"elementor-widget-container\">\n\t\t\t\t\t<div class=\"elementor-image\">\n\t\t\t\t\t\t\t\t\t\t<img width=\"300\" height=\"225\" src=\"https:\/\/www.tessiot-demenagement.com\/lareunion\/wp-content\/uploads\/2020\/10\/carton-standard-300x225.png\" class=\"attachment-medium size-medium\" alt=\"emballages pour d\u00e9m\u00e9nager\" loading=\"lazy\" srcset=\"https:\/\/www.tessiot-demenagement.com\/lareunion\/wp-content\/uploads\/2020\/10\/carton-standard-300x225.png 300w, https:\/\/www.tessiot-demenagement.com\/lareunion\/wp-content\/uploads\/2020\/10\/carton-standard-1024x768.png 1024w, https:\/\/www.tessiot-demenagement.com\/lareunion\/wp-content\/uploads\/2020\/10\/carton-standard-768x576.png 768w, https:\/\/www.tessiot-demenagement.com\/lareunion\/wp-content\/uploads\/2020\/10\/carton-standard-1536x1152.png 1536w, https:\/\/www.tessiot-demenagement.com\/lareunion\/wp-content\/uploads\/2020\/10\/carton-standard-2048x1536.png 2048w\" sizes=\"(max-width: 300px) 100vw, 300px\" \/>\t\t\t\t\t\t\t\t\t\t\t<\/div>\n\t\t\t\t<\/div>\n\t\t\t\t<\/div>\n\t\t\t\t\t\t<\/div>\n\t\t\t\t\t<\/div>\n\t\t<\/div>\n\t\t\t\t\t\t\t\t<\/div>\n\t\t\t\t\t<\/div>\n\t\t<\/section>\n\t\t\t\t\t\t<\/div>\n\t\t\t\t\t\t<\/div>\n\t\t\t\t\t<\/div>\n\t\t","protected":false},"excerpt":{"rendered":"<p>Les emballages pour d\u00e9m\u00e9nager Vous d\u00e9m\u00e9nagez et vous souhaitez vous organiser de votre c\u00f4t\u00e9 ? Cependant vous avez besoin d\u2019emballages<\/p>\n","protected":false},"author":1,"featured_media":0,"parent":0,"menu_order":0,"comment_status":"open","ping_status":"open","template":"","meta":{"spay_email":""},"yoast_head":"<!-- This site is optimized with the Yoast SEO plugin v15.8 - https:\/\/yoast.com\/wordpress\/plugins\/seo\/ -->\n<title>Emballages pour d\u00e9m\u00e9nager - D\u00e9m\u00e9nagement A Tessiot<\/title>\n<meta name=\"description\" content=\"Besoin d&#039;emballages pour d\u00e9m\u00e9nager ? Tessiot D\u00e9m\u00e9nagements vous propose ses cartons, housses, adh\u00e9sifs, gants et protections plastiques.\" \/>\n<meta name=\"robots\" content=\"index, follow, max-snippet:-1, max-image-preview:large, max-video-preview:-1\" \/>\n<link rel=\"canonical\" href=\"https:\/\/www.tessiot-demenagement.com\/lareunion\/emballages-pour-demenager\/\" \/>\n<meta property=\"og:locale\" content=\"fr_FR\" \/>\n<meta property=\"og:type\" content=\"article\" \/>\n<meta property=\"og:title\" content=\"Emballages pour d\u00e9m\u00e9nager - D\u00e9m\u00e9nagement A Tessiot\" \/>\n<meta property=\"og:description\" content=\"Besoin d&#039;emballages pour d\u00e9m\u00e9nager ? Tessiot D\u00e9m\u00e9nagements vous propose ses cartons, housses, adh\u00e9sifs, gants et protections plastiques.\" \/>\n<meta property=\"og:url\" content=\"https:\/\/www.tessiot-demenagement.com\/lareunion\/emballages-pour-demenager\/\" \/>\n<meta property=\"og:site_name\" content=\"D\u00e9m\u00e9nagement A Tessiot\" \/>\n<meta property=\"article:modified_time\" content=\"2020-10-19T14:26:11+00:00\" \/>\n<meta property=\"og:image\" content=\"http:\/\/www.tessiot-demenagement.com\/lareunion\/wp-content\/uploads\/2020\/10\/carton-standard-300x225.png\" \/>\n<script type=\"application\/ld+json\" class=\"yoast-schema-graph\">{\"@context\":\"https:\/\/schema.org\",\"@graph\":[{\"@type\":\"WebSite\",\"@id\":\"https:\/\/www.tessiot-demenagement.com\/lareunion\/#website\",\"url\":\"https:\/\/www.tessiot-demenagement.com\/lareunion\/\",\"name\":\"D\\u00e9m\\u00e9nagement A Tessiot\",\"description\":\"votre demenageur specialiste des transferts administratifs et industriels\",\"potentialAction\":[{\"@type\":\"SearchAction\",\"target\":\"https:\/\/www.tessiot-demenagement.com\/lareunion\/?s={search_term_string}\",\"query-input\":\"required name=search_term_string\"}],\"inLanguage\":\"fr-FR\"},{\"@type\":\"ImageObject\",\"@id\":\"https:\/\/www.tessiot-demenagement.com\/lareunion\/emballages-pour-demenager\/#primaryimage\",\"inLanguage\":\"fr-FR\",\"url\":\"http:\/\/www.tessiot-demenagement.com\/lareunion\/wp-content\/uploads\/2020\/10\/carton-standard-300x225.png\"},{\"@type\":\"WebPage\",\"@id\":\"https:\/\/www.tessiot-demenagement.com\/lareunion\/emballages-pour-demenager\/#webpage\",\"url\":\"https:\/\/www.tessiot-demenagement.com\/lareunion\/emballages-pour-demenager\/\",\"name\":\"Emballages pour d\\u00e9m\\u00e9nager - D\\u00e9m\\u00e9nagement A Tessiot\",\"isPartOf\":{\"@id\":\"https:\/\/www.tessiot-demenagement.com\/lareunion\/#website\"},\"primaryImageOfPage\":{\"@id\":\"https:\/\/www.tessiot-demenagement.com\/lareunion\/emballages-pour-demenager\/#primaryimage\"},\"datePublished\":\"2014-10-22T08:19:03+00:00\",\"dateModified\":\"2020-10-19T14:26:11+00:00\",\"description\":\"Besoin d'emballages pour d\\u00e9m\\u00e9nager ? Tessiot D\\u00e9m\\u00e9nagements vous propose ses cartons, housses, adh\\u00e9sifs, gants et protections plastiques.\",\"breadcrumb\":{\"@id\":\"https:\/\/www.tessiot-demenagement.com\/lareunion\/emballages-pour-demenager\/#breadcrumb\"},\"inLanguage\":\"fr-FR\",\"potentialAction\":[{\"@type\":\"ReadAction\",\"target\":[\"https:\/\/www.tessiot-demenagement.com\/lareunion\/emballages-pour-demenager\/\"]}]},{\"@type\":\"BreadcrumbList\",\"@id\":\"https:\/\/www.tessiot-demenagement.com\/lareunion\/emballages-pour-demenager\/#breadcrumb\",\"itemListElement\":[{\"@type\":\"ListItem\",\"position\":1,\"item\":{\"@type\":\"WebPage\",\"@id\":\"https:\/\/www.tessiot-demenagement.com\/lareunion\/emballages-pour-demenager\/\",\"url\":\"https:\/\/www.tessiot-demenagement.com\/lareunion\/emballages-pour-demenager\/\",\"name\":\"Emballages pour d\\u00e9m\\u00e9nager\"}}]}]}<\/script>\n<!-- \/ Yoast SEO plugin. -->","jetpack_sharing_enabled":true,"jetpack_shortlink":"https:\/\/wp.me\/P5eCLF-2Q","_links":{"self":[{"href":"https:\/\/www.tessiot-demenagement.com\/lareunion\/wp-json\/wp\/v2\/pages\/176"}],"collection":[{"href":"https:\/\/www.tessiot-demenagement.com\/lareunion\/wp-json\/wp\/v2\/pages"}],"about":[{"href":"https:\/\/www.tessiot-demenagement.com\/lareunion\/wp-json\/wp\/v2\/types\/page"}],"author":[{"embeddable":true,"href":"https:\/\/www.tessiot-demenagement.com\/lareunion\/wp-json\/wp\/v2\/users\/1"}],"replies":[{"embeddable":true,"href":"https:\/\/www.tessiot-demenagement.com\/lareunion\/wp-json\/wp\/v2\/comments?post=176"}],"version-history":[{"count":6,"href":"https:\/\/www.tessiot-demenagement.com\/lareunion\/wp-json\/wp\/v2\/pages\/176\/revisions"}],"predecessor-version":[{"id":2354,"href":"https:\/\/www.tessiot-demenagement.com\/lareunion\/wp-json\/wp\/v2\/pages\/176\/revisions\/2354"}],"wp:attachment":[{"href":"https:\/\/www.tessiot-demenagement.com\/lareunion\/wp-json\/wp\/v2\/media?parent=176"}],"curies":[{"name":"wp","href":"https:\/\/api.w.org\/{rel}","templated":true}]}}