{"id":168,"date":"2014-10-22T08:04:43","date_gmt":"2014-10-22T08:04:43","guid":{"rendered":"http:\/\/www.tessiot-demenagement.com\/lareunion\/?page_id=168"},"modified":"2022-02-28T13:23:47","modified_gmt":"2022-02-28T13:23:47","slug":"realiser-votre-transfert-darchives","status":"publish","type":"page","link":"https:\/\/www.tessiot-demenagement.com\/lareunion\/realiser-votre-transfert-darchives\/","title":{"rendered":"R\u00e9aliser votre transfert d&#8217;archives."},"content":{"rendered":"\t\t<div data-elementor-type=\"wp-page\" data-elementor-id=\"168\" class=\"elementor elementor-168\" data-elementor-settings=\"[]\">\n\t\t\t\t\t\t<div class=\"elementor-inner\">\n\t\t\t\t\t\t\t<div class=\"elementor-section-wrap\">\n\t\t\t\t\t\t\t<section class=\"elementor-section elementor-top-section elementor-element elementor-element-08524b6 elementor-section-boxed elementor-section-height-default elementor-section-height-default\" data-id=\"08524b6\" data-element_type=\"section\">\n\t\t\t\t\t\t<div class=\"elementor-container elementor-column-gap-default\">\n\t\t\t\t\t\t\t<div class=\"elementor-row\">\n\t\t\t\t\t<div class=\"elementor-column elementor-col-100 elementor-top-column elementor-element elementor-element-7aec4ca\" data-id=\"7aec4ca\" data-element_type=\"column\">\n\t\t\t<div class=\"elementor-column-wrap elementor-element-populated\">\n\t\t\t\t\t\t\t<div class=\"elementor-widget-wrap\">\n\t\t\t\t\t\t<div class=\"elementor-element elementor-element-f60aed0 elementor-widget elementor-widget-heading\" data-id=\"f60aed0\" data-element_type=\"widget\" data-widget_type=\"heading.default\">\n\t\t\t\t<div class=\"elementor-widget-container\">\n\t\t\t<h1 class=\"elementor-heading-title elementor-size-xl\">R\u00e9aliser votre transfert d'archives<\/h1>\t\t<\/div>\n\t\t\t\t<\/div>\n\t\t\t\t\t\t<\/div>\n\t\t\t\t\t<\/div>\n\t\t<\/div>\n\t\t\t\t\t\t\t\t<\/div>\n\t\t\t\t\t<\/div>\n\t\t<\/section>\n\t\t\t\t<section class=\"elementor-section elementor-top-section elementor-element elementor-element-563107b elementor-section-boxed elementor-section-height-default elementor-section-height-default\" data-id=\"563107b\" data-element_type=\"section\">\n\t\t\t\t\t\t<div class=\"elementor-container elementor-column-gap-default\">\n\t\t\t\t\t\t\t<div class=\"elementor-row\">\n\t\t\t\t\t<div class=\"elementor-column elementor-col-100 elementor-top-column elementor-element elementor-element-fd95c4b\" data-id=\"fd95c4b\" data-element_type=\"column\">\n\t\t\t<div class=\"elementor-column-wrap elementor-element-populated\">\n\t\t\t\t\t\t\t<div class=\"elementor-widget-wrap\">\n\t\t\t\t\t\t<div class=\"elementor-element elementor-element-c09548d elementor-widget elementor-widget-spacer\" data-id=\"c09548d\" data-element_type=\"widget\" data-widget_type=\"spacer.default\">\n\t\t\t\t<div class=\"elementor-widget-container\">\n\t\t\t\t\t<div class=\"elementor-spacer\">\n\t\t\t<div class=\"elementor-spacer-inner\"><\/div>\n\t\t<\/div>\n\t\t\t\t<\/div>\n\t\t\t\t<\/div>\n\t\t\t\t\t\t<\/div>\n\t\t\t\t\t<\/div>\n\t\t<\/div>\n\t\t\t\t\t\t\t\t<\/div>\n\t\t\t\t\t<\/div>\n\t\t<\/section>\n\t\t\t\t<section class=\"elementor-section elementor-top-section elementor-element elementor-element-699a2ca elementor-section-boxed elementor-section-height-default elementor-section-height-default\" data-id=\"699a2ca\" data-element_type=\"section\">\n\t\t\t\t\t\t<div class=\"elementor-container elementor-column-gap-default\">\n\t\t\t\t\t\t\t<div class=\"elementor-row\">\n\t\t\t\t\t<div class=\"elementor-column elementor-col-66 elementor-top-column elementor-element elementor-element-67236d9\" data-id=\"67236d9\" data-element_type=\"column\">\n\t\t\t<div class=\"elementor-column-wrap elementor-element-populated\">\n\t\t\t\t\t\t\t<div class=\"elementor-widget-wrap\">\n\t\t\t\t\t\t<div class=\"elementor-element elementor-element-88b59b0 elementor-widget elementor-widget-text-editor\" data-id=\"88b59b0\" data-element_type=\"widget\" data-widget_type=\"text-editor.default\">\n\t\t\t\t<div class=\"elementor-widget-container\">\n\t\t\t\t\t<div class=\"elementor-text-editor elementor-clearfix\"><p>Vous devez r\u00e9aliser votre transfert d\u2019archives mais vous ne savez pas comment faire ni par o\u00f9 commencer\u00a0? Les d\u00e9m\u00e9nageurs Tessiot sont l\u00e0 pour vous pr\u00eater main forte. Car cela fait plus de 140 ans que nous effectuons des transferts. Notamment des <a href=\"http:\/\/www.tessiot-demenagement.com\/lareunion\/transferez-votre-entreprise\/\">d\u00e9m\u00e9nagements d\u2019entreprises et d\u2019administrations<\/a>, et \u00e9galement <strong>des transferts d\u2019archives<\/strong>.<\/p><p>Pour que l\u2019op\u00e9ration se d\u00e9roule pour le mieux, plusieurs points sont \u00e0 traiter.<\/p><ul><li>O\u00f9 sont transf\u00e9r\u00e9es les archives ? Y\u2019a-t-il une zone \u00ab\u00a0tampon\u00a0\u00bb\u00a0? Question simple mais primordiale. Lors de la visite, notre expert v\u00e9rifie les moyens d\u2019acc\u00e8s. Et v\u00e9rifie aussi les distances de portage, en pr\u00eatant une attention particuli\u00e8re aux \u00e9ventuelles marches ou escaliers.<\/li><li>Quand le d\u00e9m\u00e9nagement est-il pr\u00e9vu ? Et pour quelle dur\u00e9e\u00a0?<\/li><li>Quel est le volume des archives \u00e0 transf\u00e9rer ? Votre conseiller Tessiot \u00e9value la quantit\u00e9 \u00e0 transporter, sans oublier les archives pr\u00e9sentes dans vos bureaux. Une fois le volume connu, il peut alors estimer les moyens humains et mat\u00e9riels \u00e0 mettre en place.<\/li><li>Les rayonnages du pr\u00e9c\u00e9dent local suivent ils les archives vers le nouveau site ? Faut-il les d\u00e9monter puis les remonter\u00a0?<\/li><li>Quel est le budget allou\u00e9 pour votre transfert d\u2019archives ?<\/li><li>Qui est le chef du projet ? Autrement dit qui sera notre interlocuteur pendant le d\u00e9m\u00e9nagement\u00a0?<\/li><li>Des documents sont-ils destin\u00e9s au rebus\u00a0?<\/li><\/ul><p>Toutes les r\u00e9ponses \u00e0 ces questions vous permettent d\u2019\u00e9tablir le<strong> cahier des charges<\/strong> n\u00e9cessaire \u00e0 vos intervenants.<\/p><\/div>\n\t\t\t\t<\/div>\n\t\t\t\t<\/div>\n\t\t\t\t\t\t<\/div>\n\t\t\t\t\t<\/div>\n\t\t<\/div>\n\t\t\t\t<div class=\"elementor-column elementor-col-33 elementor-top-column elementor-element elementor-element-6af014c\" data-id=\"6af014c\" data-element_type=\"column\">\n\t\t\t<div class=\"elementor-column-wrap elementor-element-populated\">\n\t\t\t\t\t\t\t<div class=\"elementor-widget-wrap\">\n\t\t\t\t\t\t<div class=\"elementor-element elementor-element-b8b60a6 elementor-widget elementor-widget-image\" data-id=\"b8b60a6\" data-element_type=\"widget\" data-widget_type=\"image.default\">\n\t\t\t\t<div class=\"elementor-widget-container\">\n\t\t\t\t\t<div class=\"elementor-image\">\n\t\t\t\t\t\t\t\t\t\t<img width=\"800\" height=\"677\" src=\"https:\/\/www.tessiot-demenagement.com\/lareunion\/wp-content\/uploads\/2022\/02\/IMG_20210208_163718-1024x867.jpg\" class=\"attachment-large size-large\" alt=\"d\u00e9m\u00e9nagement d&#039;entreprise \u00e0 la r\u00e9union\" loading=\"lazy\" srcset=\"https:\/\/www.tessiot-demenagement.com\/lareunion\/wp-content\/uploads\/2022\/02\/IMG_20210208_163718-1024x867.jpg 1024w, https:\/\/www.tessiot-demenagement.com\/lareunion\/wp-content\/uploads\/2022\/02\/IMG_20210208_163718-300x254.jpg 300w, https:\/\/www.tessiot-demenagement.com\/lareunion\/wp-content\/uploads\/2022\/02\/IMG_20210208_163718-768x651.jpg 768w, https:\/\/www.tessiot-demenagement.com\/lareunion\/wp-content\/uploads\/2022\/02\/IMG_20210208_163718-1536x1301.jpg 1536w, https:\/\/www.tessiot-demenagement.com\/lareunion\/wp-content\/uploads\/2022\/02\/IMG_20210208_163718-2048x1735.jpg 2048w\" sizes=\"(max-width: 800px) 100vw, 800px\" \/>\t\t\t\t\t\t\t\t\t\t\t<\/div>\n\t\t\t\t<\/div>\n\t\t\t\t<\/div>\n\t\t\t\t\t\t<\/div>\n\t\t\t\t\t<\/div>\n\t\t<\/div>\n\t\t\t\t\t\t\t\t<\/div>\n\t\t\t\t\t<\/div>\n\t\t<\/section>\n\t\t\t\t<section class=\"elementor-section elementor-top-section elementor-element elementor-element-8160b23 elementor-section-boxed elementor-section-height-default elementor-section-height-default\" data-id=\"8160b23\" data-element_type=\"section\">\n\t\t\t\t\t\t<div class=\"elementor-container elementor-column-gap-default\">\n\t\t\t\t\t\t\t<div class=\"elementor-row\">\n\t\t\t\t\t<div class=\"elementor-column elementor-col-100 elementor-top-column elementor-element elementor-element-80ecb54\" data-id=\"80ecb54\" data-element_type=\"column\">\n\t\t\t<div class=\"elementor-column-wrap elementor-element-populated\">\n\t\t\t\t\t\t\t<div class=\"elementor-widget-wrap\">\n\t\t\t\t\t\t<div class=\"elementor-element elementor-element-032fca0 elementor-widget elementor-widget-heading\" data-id=\"032fca0\" data-element_type=\"widget\" data-widget_type=\"heading.default\">\n\t\t\t\t<div class=\"elementor-widget-container\">\n\t\t\t<h2 class=\"elementor-heading-title elementor-size-large\">Tessiot, sp\u00e9cialiste du transfert d'archives.<\/h2>\t\t<\/div>\n\t\t\t\t<\/div>\n\t\t\t\t\t\t<\/div>\n\t\t\t\t\t<\/div>\n\t\t<\/div>\n\t\t\t\t\t\t\t\t<\/div>\n\t\t\t\t\t<\/div>\n\t\t<\/section>\n\t\t\t\t<section class=\"elementor-section elementor-top-section elementor-element elementor-element-24c17d2 elementor-section-boxed elementor-section-height-default elementor-section-height-default\" data-id=\"24c17d2\" data-element_type=\"section\">\n\t\t\t\t\t\t<div class=\"elementor-container elementor-column-gap-default\">\n\t\t\t\t\t\t\t<div class=\"elementor-row\">\n\t\t\t\t\t<div class=\"elementor-column elementor-col-100 elementor-top-column elementor-element elementor-element-1b046cf\" data-id=\"1b046cf\" data-element_type=\"column\">\n\t\t\t<div class=\"elementor-column-wrap elementor-element-populated\">\n\t\t\t\t\t\t\t<div class=\"elementor-widget-wrap\">\n\t\t\t\t\t\t<div class=\"elementor-element elementor-element-fa3724a elementor-widget elementor-widget-text-editor\" data-id=\"fa3724a\" data-element_type=\"widget\" data-widget_type=\"text-editor.default\">\n\t\t\t\t<div class=\"elementor-widget-container\">\n\t\t\t\t\t<div class=\"elementor-text-editor elementor-clearfix\"><p>Profitez de notre \u00e9quipe de d\u00e9m\u00e9nageurs exp\u00e9riment\u00e9s et de nos v\u00e9hicules adapt\u00e9s. Gr\u00e2ce \u00e0 nos<strong> chariots roulants<\/strong> et nos <a href=\"http:\/\/www.tessiot-demenagement.com\/lareunion\/emballages-pour-demenager\/emballages-plastiques-pour-demenager\/\">emballages de protection<\/a>, le transfert de vos archives se fait en toute s\u00e9r\u00e9nit\u00e9.<\/p>\n<p>Contactez-nous d\u00e8s maintenant pour b\u00e9n\u00e9ficier d\u2019une <strong>visite gratuite<\/strong>. C\u2019est <strong>sans engagement<\/strong> et <strong>votre devis est \u00e9galement gratuit<\/strong>. Install\u00e9 <strong>depuis 1995 \u00e0 St-Pierre<\/strong>, votre agence Tessiot vous r\u00e9pond<strong>&nbsp;par mail sur&nbsp; &nbsp;la_reunion@tessiot-demenagement.com<\/strong><\/p><\/div>\n\t\t\t\t<\/div>\n\t\t\t\t<\/div>\n\t\t\t\t\t\t<\/div>\n\t\t\t\t\t<\/div>\n\t\t<\/div>\n\t\t\t\t\t\t\t\t<\/div>\n\t\t\t\t\t<\/div>\n\t\t<\/section>\n\t\t\t\t<section class=\"elementor-section elementor-top-section elementor-element elementor-element-eb3df3e elementor-section-boxed elementor-section-height-default elementor-section-height-default\" data-id=\"eb3df3e\" data-element_type=\"section\">\n\t\t\t\t\t\t<div class=\"elementor-container elementor-column-gap-default\">\n\t\t\t\t\t\t\t<div class=\"elementor-row\">\n\t\t\t\t\t<div class=\"elementor-column elementor-col-100 elementor-top-column elementor-element elementor-element-080573c\" data-id=\"080573c\" data-element_type=\"column\">\n\t\t\t<div class=\"elementor-column-wrap elementor-element-populated\">\n\t\t\t\t\t\t\t<div class=\"elementor-widget-wrap\">\n\t\t\t\t\t\t<div class=\"elementor-element elementor-element-820456c elementor-widget elementor-widget-wp-widget-frm_show_form\" data-id=\"820456c\" data-element_type=\"widget\" data-widget_type=\"wp-widget-frm_show_form.default\">\n\t\t\t\t<div class=\"elementor-widget-container\">\n\t\t\t<section class=\"widget widget_featured_posts clearfix\"><div class=\"frm_form_widget\"><h3 class=\"widget-title\"><span>Contactez-nous pour votre transfert le devis est gratuit.<\/span><\/h3><div class=\"frm_forms  with_frm_style frm_style_style-formidable\" id=\"frm_form_2_container\" >\n<form enctype=\"multipart\/form-data\" method=\"post\" class=\"frm-show-form \" id=\"form_contactez-nouspourvotretransfert\"  >\n<div class=\"frm_form_fields \">\n<fieldset>\n<legend class=\"frm_screen_reader\">Contactez-nous pour votre transfert<\/legend>\r\n\r\n<div class=\"frm_fields_container\">\n<input type=\"hidden\" name=\"frm_action\" value=\"create\" \/>\n<input type=\"hidden\" name=\"form_id\" value=\"2\" \/>\n<input type=\"hidden\" name=\"frm_hide_fields_2\" id=\"frm_hide_fields_2\" value=\"\" \/>\n<input type=\"hidden\" name=\"form_key\" value=\"contactez-nouspourvotretransfert\" \/>\n<input type=\"hidden\" name=\"item_meta[0]\" value=\"\" \/>\n<input type=\"hidden\" id=\"frm_submit_entry_2\" name=\"frm_submit_entry_2\" value=\"dee000c75f\" \/><input type=\"hidden\" name=\"_wp_http_referer\" value=\"\/lareunion\/wp-json\/wp\/v2\/pages\/168\" \/><div id=\"frm_field_6_container\" class=\"frm_form_field form-field  frm_required_field frm_top_container\">\r\n    <label for=\"field_brja0\" id=\"field_brja0_label\" class=\"frm_primary_label\">Nom de votre entreprise ou votre administration\r\n        <span class=\"frm_required\">*<\/span>\r\n    <\/label>\r\n    <input type=\"text\" id=\"field_brja0\" name=\"item_meta[6]\" value=\"\"  data-reqmsg=\"Ce champ ne peut pas \u00eatre vide\" aria-required=\"true\" data-invmsg=\"texte est non valide\" aria-invalid=\"false\"  \/>\r\n    \r\n    \r\n<\/div>\n<div id=\"frm_field_7_container\" class=\"frm_form_field form-field  frm_required_field frm_top_container\">\r\n    <label for=\"field_2m5s0\" id=\"field_2m5s0_label\" class=\"frm_primary_label\">Votre nom\r\n        <span class=\"frm_required\">*<\/span>\r\n    <\/label>\r\n    <input type=\"text\" id=\"field_2m5s0\" name=\"item_meta[7]\" value=\"\"  data-reqmsg=\"Ce champ ne peut pas \u00eatre vide\" aria-required=\"true\" data-invmsg=\"texte est non valide\" aria-invalid=\"false\"  \/>\r\n    \r\n    \r\n<\/div>\n<div id=\"frm_field_8_container\" class=\"frm_form_field form-field  frm_required_field frm_top_container\">\r\n    <label for=\"field_880jo\" id=\"field_880jo_label\" class=\"frm_primary_label\">Votre email\r\n        <span class=\"frm_required\">*<\/span>\r\n    <\/label>\r\n    <input type=\"email\" id=\"field_880jo\" name=\"item_meta[8]\" value=\"\"  data-reqmsg=\"Ce champ ne peut pas \u00eatre vide\" aria-required=\"true\" data-invmsg=\"Email est non valide\" aria-invalid=\"false\"  \/>\r\n    \r\n    \r\n<\/div>\n<div id=\"frm_field_9_container\" class=\"frm_form_field form-field  frm_required_field frm_top_container\">\r\n    <label for=\"field_jh562\" id=\"field_jh562_label\" class=\"frm_primary_label\">Votre t\u00e9l\u00e9phone\r\n        <span class=\"frm_required\">*<\/span>\r\n    <\/label>\r\n    <input type=\"tel\" id=\"field_jh562\" name=\"item_meta[9]\" value=\"\"  data-reqmsg=\"Ce champ ne peut pas \u00eatre vide\" aria-required=\"true\" data-invmsg=\"T\u00e9l\u00e9phone est non valide\" aria-invalid=\"false\" pattern=\"((\\+\\d{1,3}(-|.| )?\\(?\\d\\)?(-| |.)?\\d{1,5})|(\\(?\\d{2,6}\\)?))(-|.| )?(\\d{3,4})(-|.| )?(\\d{4})(( x| ext)\\d{1,5}){0,1}$\"  \/>\r\n    \r\n    \r\n<\/div>\n<div id=\"frm_field_11_container\" class=\"frm_form_field form-field  frm_required_field frm_top_container\">\r\n    <label for=\"field_8hfpn\" id=\"field_8hfpn_label\" class=\"frm_primary_label\">Dites-nous quelques mots sur votre projet :\r\n        <span class=\"frm_required\">*<\/span>\r\n    <\/label>\r\n    <input type=\"text\" id=\"field_8hfpn\" name=\"item_meta[11]\" value=\"\"  data-reqmsg=\"Ce champ ne peut pas \u00eatre vide\" aria-required=\"true\" data-invmsg=\"texte est non valide\" aria-invalid=\"false\"  \/>\r\n    \r\n    \r\n<\/div>\n<div id=\"frm_field_13_container\" class=\"frm_form_field form-field  frm_required_field frm_top_container vertical_radio\">\n    <div  id=\"field_ur6rp_label\" class=\"frm_primary_label\">\n        <span class=\"frm_required\">*<\/span>\n    <\/div>\n    <div class=\"frm_opt_container\" aria-labelledby=\"field_ur6rp_label\" role=\"group\">\t\t<div class=\"frm_checkbox\" id=\"frm_checkbox_13-0\"><label for=\"field_ur6rp-0\"><input type=\"checkbox\" name=\"item_meta[13][]\" id=\"field_ur6rp-0\" value=\"\u2022\tEn cochant cette case et en soumettant ce formulaire, vous acceptez que les informations saisies soient utilis\u00e9es pour vous recontacter dans le cadre de la demande indiqu\u00e9e dans ce formulaire.\"  data-reqmsg=\"Ce champ ne peut pas \u00eatre vide\" data-invmsg=\" est non valide\" aria-invalid=\"false\"   \/> \u2022\tEn cochant cette case et en soumettant ce formulaire, vous acceptez que les informations saisies soient utilis\u00e9es pour vous recontacter dans le cadre de la demande indiqu\u00e9e dans ce formulaire.<\/label><\/div>\n<\/div>\n    \n    \n<\/div>\n<input type=\"hidden\" name=\"item_key\" value=\"\" \/>\n\t<div class=\"frm_verify\" >\n\t<label for=\"frm_email_2\">\n\t\tSi vous \u00eates un humain, ne remplissez pas ce champ.\t<\/label>\n\t<input type=\"email\" class=\"frm_verify\" id=\"frm_email_2\" name=\"frm_verify\" value=\"\"  \/>\n<\/div>\n\t\t<div class=\"frm_submit\">\r\n\r\n<button class=\"frm_button_submit\" type=\"submit\"  >Envoyer<\/button>\r\n\r\n<\/div><\/div>\n<\/fieldset>\n<\/div>\n<\/form>\n<\/div>\n<\/div><\/section>\t\t<\/div>\n\t\t\t\t<\/div>\n\t\t\t\t\t\t<\/div>\n\t\t\t\t\t<\/div>\n\t\t<\/div>\n\t\t\t\t\t\t\t\t<\/div>\n\t\t\t\t\t<\/div>\n\t\t<\/section>\n\t\t\t\t\t\t<\/div>\n\t\t\t\t\t\t<\/div>\n\t\t\t\t\t<\/div>\n\t\t","protected":false},"excerpt":{"rendered":"<p>R\u00e9aliser votre transfert d&#8217;archives Vous devez r\u00e9aliser votre transfert d\u2019archives mais vous ne savez pas comment faire ni par o\u00f9<\/p>\n","protected":false},"author":1,"featured_media":0,"parent":0,"menu_order":1,"comment_status":"open","ping_status":"open","template":"","meta":{"spay_email":""},"yoast_head":"<!-- This site is optimized with the Yoast SEO plugin v15.8 - https:\/\/yoast.com\/wordpress\/plugins\/seo\/ -->\n<title>R\u00e9aliser votre transfert d&#039;archives. - D\u00e9m\u00e9nagement A Tessiot<\/title>\n<meta name=\"description\" content=\"Vous devez r\u00e9aliser votre transfert d&#039;archives et vous recherchez un professionnel ? Tessiot D\u00e9m\u00e9nagements est \u00e0 votre service.\" \/>\n<meta name=\"robots\" content=\"index, follow, max-snippet:-1, max-image-preview:large, max-video-preview:-1\" \/>\n<link rel=\"canonical\" href=\"https:\/\/www.tessiot-demenagement.com\/lareunion\/realiser-votre-transfert-darchives\/\" \/>\n<meta property=\"og:locale\" content=\"fr_FR\" \/>\n<meta property=\"og:type\" content=\"article\" \/>\n<meta property=\"og:title\" content=\"R\u00e9aliser votre transfert d&#039;archives. - D\u00e9m\u00e9nagement A Tessiot\" \/>\n<meta property=\"og:description\" content=\"Vous devez r\u00e9aliser votre transfert d&#039;archives et vous recherchez un professionnel ? Tessiot D\u00e9m\u00e9nagements est \u00e0 votre service.\" \/>\n<meta property=\"og:url\" content=\"https:\/\/www.tessiot-demenagement.com\/lareunion\/realiser-votre-transfert-darchives\/\" \/>\n<meta property=\"og:site_name\" content=\"D\u00e9m\u00e9nagement A Tessiot\" \/>\n<meta property=\"article:modified_time\" content=\"2022-02-28T13:23:47+00:00\" \/>\n<meta property=\"og:image\" content=\"http:\/\/www.tessiot-demenagement.com\/lareunion\/wp-content\/uploads\/2022\/02\/IMG_20210208_163718-1024x867.jpg\" \/>\n<meta name=\"twitter:label1\" content=\"Dur\u00e9e de lecture est.\">\n\t<meta name=\"twitter:data1\" content=\"2 minutes\">\n<script type=\"application\/ld+json\" class=\"yoast-schema-graph\">{\"@context\":\"https:\/\/schema.org\",\"@graph\":[{\"@type\":\"WebSite\",\"@id\":\"http:\/\/www.tessiot-demenagement.com\/lareunion\/#website\",\"url\":\"http:\/\/www.tessiot-demenagement.com\/lareunion\/\",\"name\":\"D\\u00e9m\\u00e9nagement A Tessiot\",\"description\":\"votre demenageur specialiste des transferts administratifs et industriels\",\"potentialAction\":[{\"@type\":\"SearchAction\",\"target\":\"http:\/\/www.tessiot-demenagement.com\/lareunion\/?s={search_term_string}\",\"query-input\":\"required name=search_term_string\"}],\"inLanguage\":\"fr-FR\"},{\"@type\":\"ImageObject\",\"@id\":\"https:\/\/www.tessiot-demenagement.com\/lareunion\/realiser-votre-transfert-darchives\/#primaryimage\",\"inLanguage\":\"fr-FR\",\"url\":\"http:\/\/www.tessiot-demenagement.com\/lareunion\/wp-content\/uploads\/2022\/02\/IMG_20210208_163718-1024x867.jpg\"},{\"@type\":\"WebPage\",\"@id\":\"https:\/\/www.tessiot-demenagement.com\/lareunion\/realiser-votre-transfert-darchives\/#webpage\",\"url\":\"https:\/\/www.tessiot-demenagement.com\/lareunion\/realiser-votre-transfert-darchives\/\",\"name\":\"R\\u00e9aliser votre transfert d'archives. - D\\u00e9m\\u00e9nagement A Tessiot\",\"isPartOf\":{\"@id\":\"http:\/\/www.tessiot-demenagement.com\/lareunion\/#website\"},\"primaryImageOfPage\":{\"@id\":\"https:\/\/www.tessiot-demenagement.com\/lareunion\/realiser-votre-transfert-darchives\/#primaryimage\"},\"datePublished\":\"2014-10-22T08:04:43+00:00\",\"dateModified\":\"2022-02-28T13:23:47+00:00\",\"description\":\"Vous devez r\\u00e9aliser votre transfert d'archives et vous recherchez un professionnel ? Tessiot D\\u00e9m\\u00e9nagements est \\u00e0 votre service.\",\"breadcrumb\":{\"@id\":\"https:\/\/www.tessiot-demenagement.com\/lareunion\/realiser-votre-transfert-darchives\/#breadcrumb\"},\"inLanguage\":\"fr-FR\",\"potentialAction\":[{\"@type\":\"ReadAction\",\"target\":[\"https:\/\/www.tessiot-demenagement.com\/lareunion\/realiser-votre-transfert-darchives\/\"]}]},{\"@type\":\"BreadcrumbList\",\"@id\":\"https:\/\/www.tessiot-demenagement.com\/lareunion\/realiser-votre-transfert-darchives\/#breadcrumb\",\"itemListElement\":[{\"@type\":\"ListItem\",\"position\":1,\"item\":{\"@type\":\"WebPage\",\"@id\":\"https:\/\/www.tessiot-demenagement.com\/lareunion\/realiser-votre-transfert-darchives\/\",\"url\":\"https:\/\/www.tessiot-demenagement.com\/lareunion\/realiser-votre-transfert-darchives\/\",\"name\":\"R\\u00e9aliser votre transfert d&#8217;archives.\"}}]}]}<\/script>\n<!-- \/ Yoast SEO plugin. -->","jetpack_sharing_enabled":true,"jetpack_shortlink":"https:\/\/wp.me\/P5eCLF-2I","_links":{"self":[{"href":"https:\/\/www.tessiot-demenagement.com\/lareunion\/wp-json\/wp\/v2\/pages\/168"}],"collection":[{"href":"https:\/\/www.tessiot-demenagement.com\/lareunion\/wp-json\/wp\/v2\/pages"}],"about":[{"href":"https:\/\/www.tessiot-demenagement.com\/lareunion\/wp-json\/wp\/v2\/types\/page"}],"author":[{"embeddable":true,"href":"https:\/\/www.tessiot-demenagement.com\/lareunion\/wp-json\/wp\/v2\/users\/1"}],"replies":[{"embeddable":true,"href":"https:\/\/www.tessiot-demenagement.com\/lareunion\/wp-json\/wp\/v2\/comments?post=168"}],"version-history":[{"count":21,"href":"https:\/\/www.tessiot-demenagement.com\/lareunion\/wp-json\/wp\/v2\/pages\/168\/revisions"}],"predecessor-version":[{"id":3161,"href":"https:\/\/www.tessiot-demenagement.com\/lareunion\/wp-json\/wp\/v2\/pages\/168\/revisions\/3161"}],"wp:attachment":[{"href":"https:\/\/www.tessiot-demenagement.com\/lareunion\/wp-json\/wp\/v2\/media?parent=168"}],"curies":[{"name":"wp","href":"https:\/\/api.w.org\/{rel}","templated":true}]}}