{"id":940,"date":"2012-01-15T19:18:05","date_gmt":"2012-01-15T19:18:05","guid":{"rendered":"http:\/\/www.tessiot-demenagement.com\/fr\/?page_id=940"},"modified":"2018-12-05T09:25:43","modified_gmt":"2018-12-05T08:25:43","slug":"nos-savoirs-faire","status":"publish","type":"page","link":"https:\/\/www.tessiot-demenagement.com\/fr\/nos-savoirs-faire\/","title":{"rendered":"Notre savoir-faire"},"content":{"rendered":"<p>Nos atouts mis en \u0153uvre d\u00e8s votre premier contact avec notre entreprise : <strong>r\u00e9activit\u00e9, <\/strong><strong>m\u00e9thodologie et q<\/strong><strong>ualit\u00e9 du service. <\/strong><\/p>\n<div id='gallery-1' class='gallery galleryid-940 gallery-columns-2 gallery-size-thumbnail-gallery'><figure class='gallery-item'>\n\t\t\t<div class='gallery-icon landscape'>\n\t\t\t\t<img loading=\"lazy\" decoding=\"async\" width=\"280\" height=\"192\" src=\"https:\/\/www.tessiot-demenagement.com\/fr\/wp-content\/uploads\/2012\/01\/savoirsfaireGroupeTessiot1.jpg\" class=\"attachment-thumbnail-gallery size-thumbnail-gallery\" alt=\"A. TESSIOT - Savoir-faire, r\u00e9installation d&#039;une garniture de chemin\u00e9e ancienne\" aria-describedby=\"gallery-1-1285\" srcset=\"https:\/\/www.tessiot-demenagement.com\/fr\/wp-content\/uploads\/2012\/01\/savoirsfaireGroupeTessiot1.jpg 280w, https:\/\/www.tessiot-demenagement.com\/fr\/wp-content\/uploads\/2012\/01\/savoirsfaireGroupeTessiot1-130x90.jpg 130w\" sizes=\"(max-width: 280px) 100vw, 280px\" \/>\n\t\t\t<\/div>\n\t\t\t\t<figcaption class='wp-caption-text gallery-caption' id='gallery-1-1285'>\n\t\t\t\tR\u00e9installation d&#8217;une garniture de chemin\u00e9e\n\t\t\t\t<\/figcaption><\/figure><figure class='gallery-item'>\n\t\t\t<div class='gallery-icon landscape'>\n\t\t\t\t<img loading=\"lazy\" decoding=\"async\" width=\"280\" height=\"192\" src=\"https:\/\/www.tessiot-demenagement.com\/fr\/wp-content\/uploads\/2012\/01\/savoirsfaireGroupeTessiot2.jpg\" class=\"attachment-thumbnail-gallery size-thumbnail-gallery\" alt=\"A. TESSIOT - Savoir-faire, emballage d&#039;une statue\" aria-describedby=\"gallery-1-1286\" srcset=\"https:\/\/www.tessiot-demenagement.com\/fr\/wp-content\/uploads\/2012\/01\/savoirsfaireGroupeTessiot2.jpg 280w, https:\/\/www.tessiot-demenagement.com\/fr\/wp-content\/uploads\/2012\/01\/savoirsfaireGroupeTessiot2-130x90.jpg 130w\" sizes=\"(max-width: 280px) 100vw, 280px\" \/>\n\t\t\t<\/div>\n\t\t\t\t<figcaption class='wp-caption-text gallery-caption' id='gallery-1-1286'>\n\t\t\t\tEmballage d&#8217;une statue\n\t\t\t\t<\/figcaption><\/figure><figure class='gallery-item'>\n\t\t\t<div class='gallery-icon landscape'>\n\t\t\t\t<img loading=\"lazy\" decoding=\"async\" width=\"280\" height=\"191\" src=\"https:\/\/www.tessiot-demenagement.com\/fr\/wp-content\/uploads\/2012\/01\/IMG106-280.jpg\" class=\"attachment-thumbnail-gallery size-thumbnail-gallery\" alt=\"A. TESSIOT - Savoir-faire, emballage maritime d&#039;un canap\u00e9\" aria-describedby=\"gallery-1-1599\" srcset=\"https:\/\/www.tessiot-demenagement.com\/fr\/wp-content\/uploads\/2012\/01\/IMG106-280.jpg 280w, https:\/\/www.tessiot-demenagement.com\/fr\/wp-content\/uploads\/2012\/01\/IMG106-280-130x90.jpg 130w\" sizes=\"(max-width: 280px) 100vw, 280px\" \/>\n\t\t\t<\/div>\n\t\t\t\t<figcaption class='wp-caption-text gallery-caption' id='gallery-1-1599'>\n\t\t\t\tEmballage maritime d&#8217;un canap\u00e9\n\t\t\t\t<\/figcaption><\/figure><figure class='gallery-item'>\n\t\t\t<div class='gallery-icon landscape'>\n\t\t\t\t<img loading=\"lazy\" decoding=\"async\" width=\"280\" height=\"192\" src=\"https:\/\/www.tessiot-demenagement.com\/fr\/wp-content\/uploads\/2012\/01\/savoirsfaireGroupeTessiot4.jpg\" class=\"attachment-thumbnail-gallery size-thumbnail-gallery\" alt=\"A. TESSIOT - Savoir-faire, finition du chargement d&#039;un conteneur\" aria-describedby=\"gallery-1-1288\" srcset=\"https:\/\/www.tessiot-demenagement.com\/fr\/wp-content\/uploads\/2012\/01\/savoirsfaireGroupeTessiot4.jpg 280w, https:\/\/www.tessiot-demenagement.com\/fr\/wp-content\/uploads\/2012\/01\/savoirsfaireGroupeTessiot4-130x90.jpg 130w\" sizes=\"(max-width: 280px) 100vw, 280px\" \/>\n\t\t\t<\/div>\n\t\t\t\t<figcaption class='wp-caption-text gallery-caption' id='gallery-1-1288'>\n\t\t\t\tFinition du chargement d&#8217;un conteneur\n\t\t\t\t<\/figcaption><\/figure><figure class='gallery-item'>\n\t\t\t<div class='gallery-icon landscape'>\n\t\t\t\t<img loading=\"lazy\" decoding=\"async\" width=\"280\" height=\"192\" src=\"https:\/\/www.tessiot-demenagement.com\/fr\/wp-content\/uploads\/2012\/01\/savoirsfaireGroupeTessiot5.jpg\" class=\"attachment-thumbnail-gallery size-thumbnail-gallery\" alt=\"A. TESSIOT - Savoir-faire, embarquement en cours d&#039;une voiture dans un conteneur\" aria-describedby=\"gallery-1-1289\" srcset=\"https:\/\/www.tessiot-demenagement.com\/fr\/wp-content\/uploads\/2012\/01\/savoirsfaireGroupeTessiot5.jpg 280w, https:\/\/www.tessiot-demenagement.com\/fr\/wp-content\/uploads\/2012\/01\/savoirsfaireGroupeTessiot5-130x90.jpg 130w\" sizes=\"(max-width: 280px) 100vw, 280px\" \/>\n\t\t\t<\/div>\n\t\t\t\t<figcaption class='wp-caption-text gallery-caption' id='gallery-1-1289'>\n\t\t\t\tEmbarquement en cours d&#8217;une voiture dans un conteneur\n\t\t\t\t<\/figcaption><\/figure><figure class='gallery-item'>\n\t\t\t<div class='gallery-icon landscape'>\n\t\t\t\t<img loading=\"lazy\" decoding=\"async\" width=\"280\" height=\"192\" src=\"https:\/\/www.tessiot-demenagement.com\/fr\/wp-content\/uploads\/2012\/01\/savoirsfaireGroupeTessiot6.jpg\" class=\"attachment-thumbnail-gallery size-thumbnail-gallery\" alt=\"A. TESSIOT - Savoir-faire, acheminement en altitude d&#039;un \u00e9l\u00e9ment GSM\" aria-describedby=\"gallery-1-1290\" srcset=\"https:\/\/www.tessiot-demenagement.com\/fr\/wp-content\/uploads\/2012\/01\/savoirsfaireGroupeTessiot6.jpg 280w, https:\/\/www.tessiot-demenagement.com\/fr\/wp-content\/uploads\/2012\/01\/savoirsfaireGroupeTessiot6-130x90.jpg 130w\" sizes=\"(max-width: 280px) 100vw, 280px\" \/>\n\t\t\t<\/div>\n\t\t\t\t<figcaption class='wp-caption-text gallery-caption' id='gallery-1-1290'>\n\t\t\t\tAcheminement en altitude d&#8217;un \u00e9l\u00e9ment GSM\n\t\t\t\t<\/figcaption><\/figure><figure class='gallery-item'>\n\t\t\t<div class='gallery-icon landscape'>\n\t\t\t\t<img loading=\"lazy\" decoding=\"async\" width=\"280\" height=\"192\" src=\"https:\/\/www.tessiot-demenagement.com\/fr\/wp-content\/uploads\/2012\/01\/savoirsfaireGroupeTessiot7.jpg\" class=\"attachment-thumbnail-gallery size-thumbnail-gallery\" alt=\"A. TESSIOT - Savoir-faire, protection des zones de circulation lors d&#039;un transfert\" aria-describedby=\"gallery-1-1291\" srcset=\"https:\/\/www.tessiot-demenagement.com\/fr\/wp-content\/uploads\/2012\/01\/savoirsfaireGroupeTessiot7.jpg 280w, https:\/\/www.tessiot-demenagement.com\/fr\/wp-content\/uploads\/2012\/01\/savoirsfaireGroupeTessiot7-130x90.jpg 130w\" sizes=\"(max-width: 280px) 100vw, 280px\" \/>\n\t\t\t<\/div>\n\t\t\t\t<figcaption class='wp-caption-text gallery-caption' id='gallery-1-1291'>\n\t\t\t\tProtection des zones de circulation lors d&#8217;un transfert\n\t\t\t\t<\/figcaption><\/figure><figure class='gallery-item'>\n\t\t\t<div class='gallery-icon landscape'>\n\t\t\t\t<img loading=\"lazy\" decoding=\"async\" width=\"280\" height=\"192\" src=\"https:\/\/www.tessiot-demenagement.com\/fr\/wp-content\/uploads\/2012\/01\/savoirsfaireGroupeTessiot8.jpg\" class=\"attachment-thumbnail-gallery size-thumbnail-gallery\" alt=\"A. TESSIOT - Savoir-faire, d\u00e9m\u00e9nagement d&#039;archives et d&#039;ouvrages de biblioth\u00e8que en armoires roulantes\" aria-describedby=\"gallery-1-1292\" srcset=\"https:\/\/www.tessiot-demenagement.com\/fr\/wp-content\/uploads\/2012\/01\/savoirsfaireGroupeTessiot8.jpg 280w, https:\/\/www.tessiot-demenagement.com\/fr\/wp-content\/uploads\/2012\/01\/savoirsfaireGroupeTessiot8-130x90.jpg 130w\" sizes=\"(max-width: 280px) 100vw, 280px\" \/>\n\t\t\t<\/div>\n\t\t\t\t<figcaption class='wp-caption-text gallery-caption' id='gallery-1-1292'>\n\t\t\t\tD\u00e9m\u00e9nagement d&#8217;archives et d&#8217;ouvrages de biblioth\u00e8que en armoires roulantes\n\t\t\t\t<\/figcaption><\/figure>\n\t\t<\/div>\n\n","protected":false},"excerpt":{"rendered":"<p>Pour un d\u00e9m\u00e9nagement de qualit\u00e9 et sur mesure.<\/p>\n","protected":false},"author":3,"featured_media":3291,"parent":0,"menu_order":1,"comment_status":"closed","ping_status":"closed","template":"","meta":{"footnotes":""},"yoast_head":"<!-- This site is optimized with the Yoast SEO plugin v15.8 - https:\/\/yoast.com\/wordpress\/plugins\/seo\/ -->\n<title>Notre savoir-faire &ndash; Tessiot D\u00e9m\u00e9nagements<\/title>\n<meta name=\"description\" content=\"Sp\u00e9cialiste du d\u00e9m\u00e9nagement national et international depuis 1868, A.Tessiot d\u00e9m\u00e9nagement dispose d&#039;un savoir faire unique vous garantissant la qualit\u00e9.\" \/>\n<meta name=\"robots\" content=\"index, follow, max-snippet:-1, max-image-preview:large, max-video-preview:-1\" \/>\n<link rel=\"canonical\" href=\"https:\/\/www.tessiot-demenagement.com\/fr\/nos-savoirs-faire\/\" \/>\n<meta property=\"og:locale\" content=\"fr_FR\" \/>\n<meta property=\"og:type\" content=\"article\" \/>\n<meta property=\"og:title\" content=\"Notre savoir-faire &ndash; Tessiot D\u00e9m\u00e9nagements\" \/>\n<meta property=\"og:description\" content=\"Sp\u00e9cialiste du d\u00e9m\u00e9nagement national et international depuis 1868, A.Tessiot d\u00e9m\u00e9nagement dispose d&#039;un savoir faire unique vous garantissant la qualit\u00e9.\" \/>\n<meta property=\"og:url\" content=\"https:\/\/www.tessiot-demenagement.com\/fr\/nos-savoirs-faire\/\" \/>\n<meta property=\"og:site_name\" content=\"Tessiot D\u00e9m\u00e9nagements\" \/>\n<meta property=\"article:publisher\" content=\"https:\/\/www.facebook.com\/tessiot.demenagements\" \/>\n<meta property=\"article:modified_time\" content=\"2018-12-05T08:25:43+00:00\" \/>\n<meta property=\"og:image\" content=\"https:\/\/www.tessiot-demenagement.com\/fr\/wp-content\/uploads\/2018\/09\/image-ancienne-e1543999789784.png\" \/>\n\t<meta property=\"og:image:width\" content=\"524\" \/>\n\t<meta property=\"og:image:height\" content=\"368\" \/>\n<meta name=\"twitter:card\" content=\"summary_large_image\" \/>\n<meta name=\"twitter:site\" content=\"@TDemenagements\" \/>\n<script type=\"application\/ld+json\" class=\"yoast-schema-graph\">{\"@context\":\"https:\/\/schema.org\",\"@graph\":[{\"@type\":\"Organization\",\"@id\":\"https:\/\/www.tessiot-demenagement.com\/fr\/#organization\",\"name\":\"Tessiot-D\\u00e9m\\u00e9nagements\",\"url\":\"https:\/\/www.tessiot-demenagement.com\/fr\/\",\"sameAs\":[\"https:\/\/www.facebook.com\/tessiot.demenagements\",\"https:\/\/www.instagram.com\/tessiotdemenagements\/\",\"https:\/\/www.youtube.com\/watch?v=maGVkMma1Dw.\",\"https:\/\/twitter.com\/TDemenagements\"],\"logo\":{\"@type\":\"ImageObject\",\"@id\":\"https:\/\/www.tessiot-demenagement.com\/fr\/#logo\",\"inLanguage\":\"fr-FR\",\"url\":\"https:\/\/www.tessiot-demenagement.com\/fr\/wp-content\/uploads\/2012\/01\/logo1-e1536916717562.png\",\"width\":80,\"height\":41,\"caption\":\"Tessiot-D\\u00e9m\\u00e9nagements\"},\"image\":{\"@id\":\"https:\/\/www.tessiot-demenagement.com\/fr\/#logo\"}},{\"@type\":\"WebSite\",\"@id\":\"https:\/\/www.tessiot-demenagement.com\/fr\/#website\",\"url\":\"https:\/\/www.tessiot-demenagement.com\/fr\/\",\"name\":\"Tessiot D\\u00e9m\\u00e9nagements\",\"description\":\"D\\u00e9m\\u00e9nagement national et international\",\"publisher\":{\"@id\":\"https:\/\/www.tessiot-demenagement.com\/fr\/#organization\"},\"potentialAction\":[{\"@type\":\"SearchAction\",\"target\":\"https:\/\/www.tessiot-demenagement.com\/fr\/?s={search_term_string}\",\"query-input\":\"required name=search_term_string\"}],\"inLanguage\":\"fr-FR\"},{\"@type\":\"ImageObject\",\"@id\":\"https:\/\/www.tessiot-demenagement.com\/fr\/nos-savoirs-faire\/#primaryimage\",\"inLanguage\":\"fr-FR\",\"url\":\"https:\/\/www.tessiot-demenagement.com\/fr\/wp-content\/uploads\/2018\/09\/image-ancienne-e1543999789784.png\",\"width\":524,\"height\":368,\"caption\":\"D\\u00e9m\\u00e9nagements Bourges 1950\"},{\"@type\":\"WebPage\",\"@id\":\"https:\/\/www.tessiot-demenagement.com\/fr\/nos-savoirs-faire\/#webpage\",\"url\":\"https:\/\/www.tessiot-demenagement.com\/fr\/nos-savoirs-faire\/\",\"name\":\"Notre savoir-faire &ndash; Tessiot D\\u00e9m\\u00e9nagements\",\"isPartOf\":{\"@id\":\"https:\/\/www.tessiot-demenagement.com\/fr\/#website\"},\"primaryImageOfPage\":{\"@id\":\"https:\/\/www.tessiot-demenagement.com\/fr\/nos-savoirs-faire\/#primaryimage\"},\"datePublished\":\"2012-01-15T19:18:05+00:00\",\"dateModified\":\"2018-12-05T08:25:43+00:00\",\"description\":\"Sp\\u00e9cialiste du d\\u00e9m\\u00e9nagement national et international depuis 1868, A.Tessiot d\\u00e9m\\u00e9nagement dispose d'un savoir faire unique vous garantissant la qualit\\u00e9.\",\"breadcrumb\":{\"@id\":\"https:\/\/www.tessiot-demenagement.com\/fr\/nos-savoirs-faire\/#breadcrumb\"},\"inLanguage\":\"fr-FR\",\"potentialAction\":[{\"@type\":\"ReadAction\",\"target\":[\"https:\/\/www.tessiot-demenagement.com\/fr\/nos-savoirs-faire\/\"]}]},{\"@type\":\"BreadcrumbList\",\"@id\":\"https:\/\/www.tessiot-demenagement.com\/fr\/nos-savoirs-faire\/#breadcrumb\",\"itemListElement\":[{\"@type\":\"ListItem\",\"position\":1,\"item\":{\"@type\":\"WebPage\",\"@id\":\"https:\/\/www.tessiot-demenagement.com\/fr\/\",\"url\":\"https:\/\/www.tessiot-demenagement.com\/fr\/\",\"name\":\"Home\"}},{\"@type\":\"ListItem\",\"position\":2,\"item\":{\"@type\":\"WebPage\",\"@id\":\"https:\/\/www.tessiot-demenagement.com\/fr\/nos-savoirs-faire\/\",\"url\":\"https:\/\/www.tessiot-demenagement.com\/fr\/nos-savoirs-faire\/\",\"name\":\"Notre savoir-faire\"}}]}]}<\/script>\n<!-- \/ Yoast SEO plugin. -->","_links":{"self":[{"href":"https:\/\/www.tessiot-demenagement.com\/fr\/wp-json\/wp\/v2\/pages\/940"}],"collection":[{"href":"https:\/\/www.tessiot-demenagement.com\/fr\/wp-json\/wp\/v2\/pages"}],"about":[{"href":"https:\/\/www.tessiot-demenagement.com\/fr\/wp-json\/wp\/v2\/types\/page"}],"author":[{"embeddable":true,"href":"https:\/\/www.tessiot-demenagement.com\/fr\/wp-json\/wp\/v2\/users\/3"}],"replies":[{"embeddable":true,"href":"https:\/\/www.tessiot-demenagement.com\/fr\/wp-json\/wp\/v2\/comments?post=940"}],"version-history":[{"count":1,"href":"https:\/\/www.tessiot-demenagement.com\/fr\/wp-json\/wp\/v2\/pages\/940\/revisions"}],"predecessor-version":[{"id":3835,"href":"https:\/\/www.tessiot-demenagement.com\/fr\/wp-json\/wp\/v2\/pages\/940\/revisions\/3835"}],"wp:featuredmedia":[{"embeddable":true,"href":"https:\/\/www.tessiot-demenagement.com\/fr\/wp-json\/wp\/v2\/media\/3291"}],"wp:attachment":[{"href":"https:\/\/www.tessiot-demenagement.com\/fr\/wp-json\/wp\/v2\/media?parent=940"}],"curies":[{"name":"wp","href":"https:\/\/api.w.org\/{rel}","templated":true}]}}