{"id":907,"date":"2012-01-15T19:07:36","date_gmt":"2012-01-15T19:07:36","guid":{"rendered":"http:\/\/www.tessiot-demenagement.com\/fr\/?page_id=907"},"modified":"2022-02-18T16:39:56","modified_gmt":"2022-02-18T15:39:56","slug":"tessiot-demenagements-garde-meubles","status":"publish","type":"page","link":"https:\/\/www.tessiot-demenagement.com\/fr\/tessiot-demenagements-garde-meubles\/","title":{"rendered":"Tessiot D\u00e9m\u00e9nagements et son garde-meubles"},"content":{"rendered":"\t\t<div data-elementor-type=\"wp-page\" data-elementor-id=\"907\" class=\"elementor elementor-907\" data-elementor-settings=\"[]\">\n\t\t\t\t\t\t<div class=\"elementor-inner\">\n\t\t\t\t\t\t\t<div class=\"elementor-section-wrap\">\n\t\t\t\t\t\t\t<section class=\"elementor-section elementor-top-section elementor-element elementor-element-8911c4d elementor-section-boxed elementor-section-height-default elementor-section-height-default\" data-id=\"8911c4d\" data-element_type=\"section\">\n\t\t\t\t\t\t<div class=\"elementor-container elementor-column-gap-default\">\n\t\t\t\t\t\t\t<div class=\"elementor-row\">\n\t\t\t\t\t<div class=\"elementor-column elementor-col-100 elementor-top-column elementor-element elementor-element-645307a\" data-id=\"645307a\" data-element_type=\"column\">\n\t\t\t<div class=\"elementor-column-wrap elementor-element-populated\">\n\t\t\t\t\t\t\t<div class=\"elementor-widget-wrap\">\n\t\t\t\t\t\t<div class=\"elementor-element elementor-element-700e713 elementor-widget elementor-widget-heading\" data-id=\"700e713\" data-element_type=\"widget\" data-widget_type=\"heading.default\">\n\t\t\t\t<div class=\"elementor-widget-container\">\n\t\t\t<h1 class=\"elementor-heading-title elementor-size-large\">Tessiot D\u00e9m\u00e9nagements propose son service de garde-meubles<\/h1>\t\t<\/div>\n\t\t\t\t<\/div>\n\t\t\t\t\t\t<\/div>\n\t\t\t\t\t<\/div>\n\t\t<\/div>\n\t\t\t\t\t\t\t\t<\/div>\n\t\t\t\t\t<\/div>\n\t\t<\/section>\n\t\t\t\t<section class=\"elementor-section elementor-top-section elementor-element elementor-element-c44fd51 elementor-section-boxed elementor-section-height-default elementor-section-height-default\" data-id=\"c44fd51\" data-element_type=\"section\">\n\t\t\t\t\t\t<div class=\"elementor-container elementor-column-gap-default\">\n\t\t\t\t\t\t\t<div class=\"elementor-row\">\n\t\t\t\t\t<div class=\"elementor-column elementor-col-100 elementor-top-column elementor-element elementor-element-2316200\" data-id=\"2316200\" data-element_type=\"column\">\n\t\t\t<div class=\"elementor-column-wrap elementor-element-populated\">\n\t\t\t\t\t\t\t<div class=\"elementor-widget-wrap\">\n\t\t\t\t\t\t<div class=\"elementor-element elementor-element-d3292e6 elementor-widget elementor-widget-spacer\" data-id=\"d3292e6\" data-element_type=\"widget\" data-widget_type=\"spacer.default\">\n\t\t\t\t<div class=\"elementor-widget-container\">\n\t\t\t\t\t<div class=\"elementor-spacer\">\n\t\t\t<div class=\"elementor-spacer-inner\"><\/div>\n\t\t<\/div>\n\t\t\t\t<\/div>\n\t\t\t\t<\/div>\n\t\t\t\t\t\t<\/div>\n\t\t\t\t\t<\/div>\n\t\t<\/div>\n\t\t\t\t\t\t\t\t<\/div>\n\t\t\t\t\t<\/div>\n\t\t<\/section>\n\t\t\t\t<section class=\"elementor-section elementor-top-section elementor-element elementor-element-7aed995 elementor-section-boxed elementor-section-height-default elementor-section-height-default\" data-id=\"7aed995\" data-element_type=\"section\">\n\t\t\t\t\t\t<div class=\"elementor-container elementor-column-gap-default\">\n\t\t\t\t\t\t\t<div class=\"elementor-row\">\n\t\t\t\t\t<div class=\"elementor-column elementor-col-100 elementor-top-column elementor-element elementor-element-ea83f1b\" data-id=\"ea83f1b\" data-element_type=\"column\">\n\t\t\t<div class=\"elementor-column-wrap elementor-element-populated\">\n\t\t\t\t\t\t\t<div class=\"elementor-widget-wrap\">\n\t\t\t\t\t\t<div class=\"elementor-element elementor-element-73dff9c elementor-widget elementor-widget-text-editor\" data-id=\"73dff9c\" data-element_type=\"widget\" data-widget_type=\"text-editor.default\">\n\t\t\t\t<div class=\"elementor-widget-container\">\n\t\t\t\t\t<div class=\"elementor-text-editor elementor-clearfix\"><p><span style=\"color: #000000;\">Vous avez besoin de place mais vous ne savez pas o\u00f9 stocker vos meubles, bibelots et autres objets ?<\/span><a href=\"https:\/\/www.tessiot-demenagement.com\/fr\/151-ans-dhistoire\/\" target=\"_blank\" rel=\"noopener\">\u00a0<\/a><span style=\"background-color: #ffffff; color: #000000; font-size: 16px;\">Vous quittez votre logement et vous vous retrouvez dans une situation transitoire, ou vous vous installez dans un logement plus petit ?\u00a0<\/span><a style=\"font-size: 16px;\" href=\"https:\/\/www.tessiot-demenagement.com\/fr\/151-ans-dhistoire\/\" target=\"_blank\" rel=\"noopener\">Tessiot d\u00e9m\u00e9nagement<\/a><a href=\"https:\/\/www.tessiot-demenagement.com\/fr\/151-ans-dhistoire\/\">s<\/a><span style=\"font-size: 16px; color: #000000;\">\u00a0\u00e0 la solution pour vous. Car depuis plus de 150 ans, en plus de prendre en charge votre d\u00e9m\u00e9nagement, notre \u00e9quipe met \u00e0 votre disposition son service de garde-meubles s\u00e9curis\u00e9. Pour\u00a0<\/span><a style=\"font-size: 16px;\" href=\"https:\/\/www.tessiot-demenagement.com\/fr\/particuliers-mutations\/demenagement-national\/\" target=\"_blank\" rel=\"noopener\">les<\/a><a style=\"font-size: 16px;\" href=\"https:\/\/www.tessiot-demenagement.com\/fr\/particuliers-mutations\/demenagement-national\/\" target=\"_blank\" rel=\"noopener\">\u00a0particuliers<\/a><span style=\"font-size: 16px; color: #000000;\">\u00a0ou\u00a0<\/span><a style=\"font-size: 16px;\" href=\"https:\/\/www.tessiot-demenagement.com\/fr\/un-transfert-reussi\/\" target=\"_blank\" rel=\"noopener\">les entreprises<\/a><span style=\"font-size: 16px; color: #000000;\">, pour votre mobilier ou vos archives, nos d\u00e9m\u00e9nageurs s&#8217;occupent avec rigueur de mettre et conserver \u00e0 l&#8217;abri vos biens.\u00a0<\/span><\/p><p>Tessiot D\u00e9m\u00e9nagements met sous protection (couvertures, caisses herm\u00e9tiques, films) vos effets personnels et les s\u00e9curisent dans ses garde-meubles clos.<\/p><\/div>\n\t\t\t\t<\/div>\n\t\t\t\t<\/div>\n\t\t\t\t\t\t<\/div>\n\t\t\t\t\t<\/div>\n\t\t<\/div>\n\t\t\t\t\t\t\t\t<\/div>\n\t\t\t\t\t<\/div>\n\t\t<\/section>\n\t\t\t\t<section class=\"elementor-section elementor-top-section elementor-element elementor-element-4dbcbab elementor-section-boxed elementor-section-height-default elementor-section-height-default\" data-id=\"4dbcbab\" data-element_type=\"section\">\n\t\t\t\t\t\t<div class=\"elementor-container elementor-column-gap-default\">\n\t\t\t\t\t\t\t<div class=\"elementor-row\">\n\t\t\t\t\t<div class=\"elementor-column elementor-col-33 elementor-top-column elementor-element elementor-element-2965d02\" data-id=\"2965d02\" data-element_type=\"column\">\n\t\t\t<div class=\"elementor-column-wrap elementor-element-populated\">\n\t\t\t\t\t\t\t<div class=\"elementor-widget-wrap\">\n\t\t\t\t\t\t<div class=\"elementor-element elementor-element-5d002ec elementor-widget elementor-widget-text-editor\" data-id=\"5d002ec\" data-element_type=\"widget\" data-widget_type=\"text-editor.default\">\n\t\t\t\t<div class=\"elementor-widget-container\">\n\t\t\t\t\t<div class=\"elementor-text-editor elementor-clearfix\"><ul>\n<li style=\"font-size: 13px; background-color: #ffffff;\">\n<p><span style=\"color: #000000;\">Vos armoires sont encombr\u00e9es !<\/span><\/p>\n<\/li>\n<li style=\"font-size: 13px; background-color: #ffffff;\">\n<p><span style=\"color: #000000;\">Vous souhaitez lib\u00e9rer des m\u00e8tres carr\u00e9s !<\/span><\/p>\n<\/li>\n<li style=\"font-size: 13px; background-color: #ffffff;\">\n<p><span style=\"color: #000000;\">Vous souhaitez&nbsp; transformer votre garage en une pi\u00e8ce \u00e0 vivre !<\/span><\/p>\n<\/li>\n<li style=\"font-size: 13px; background-color: #ffffff;\">\n<p><span style=\"color: #000000;\">Votre nouveau logement n&#8217;est libre que dans un mois !<\/span><\/p>\n<\/li>\n<li style=\"font-size: 13px; background-color: #ffffff;\">\n<p><span style=\"color: #000000;\">Vous avez subi un d\u00e9g\u00e2t des eaux !<\/span><\/p>\n<\/li>\n<li style=\"font-size: 13px; background-color: #ffffff;\">\n<p><span style=\"color: #000000;\">Il vous faut partir&nbsp;<a href=\"https:\/\/www.tessiot-demenagement.com\/fr\/particuliers-mutations\/demenagement-international\/\" target=\"_blank\" rel=\"noopener\">vivre \u00e0 l&#8217;\u00e9tranger&nbsp;<\/a>!<\/span><\/p>\n<\/li>\n<\/ul><\/div>\n\t\t\t\t<\/div>\n\t\t\t\t<\/div>\n\t\t\t\t\t\t<\/div>\n\t\t\t\t\t<\/div>\n\t\t<\/div>\n\t\t\t\t<div class=\"elementor-column elementor-col-66 elementor-top-column elementor-element elementor-element-37409ea\" data-id=\"37409ea\" data-element_type=\"column\">\n\t\t\t<div class=\"elementor-column-wrap elementor-element-populated\">\n\t\t\t\t\t\t\t<div class=\"elementor-widget-wrap\">\n\t\t\t\t\t\t<div class=\"elementor-element elementor-element-99a0b50 elementor-widget elementor-widget-image\" data-id=\"99a0b50\" data-element_type=\"widget\" data-widget_type=\"image.default\">\n\t\t\t\t<div class=\"elementor-widget-container\">\n\t\t\t\t\t<div class=\"elementor-image\">\n\t\t\t\t\t\t\t<figure class=\"wp-caption\">\n\t\t\t\t\t\t\t\t\t\t<img decoding=\"async\" src=\"https:\/\/www.tessiot-demenagement.com\/fr\/wp-content\/uploads\/elementor\/thumbs\/stephane-oz1cgrveu54382ehdipgeqfx8th1iv2xoreip3l50g.png\" title=\"D\u00e9m\u00e9nageur professionnel\" alt=\"devis de d\u00e9m\u00e9nageur\" \/>\t\t\t\t\t\t\t\t\t\t\t<figcaption class=\"widget-image-caption wp-caption-text\">Vous pouvez compter sur stephane pour vous d\u00e9m\u00e9nager et stocker vos biens.<\/figcaption>\n\t\t\t\t\t\t\t\t\t\t<\/figure>\n\t\t\t\t\t<\/div>\n\t\t\t\t<\/div>\n\t\t\t\t<\/div>\n\t\t\t\t\t\t<\/div>\n\t\t\t\t\t<\/div>\n\t\t<\/div>\n\t\t\t\t\t\t\t\t<\/div>\n\t\t\t\t\t<\/div>\n\t\t<\/section>\n\t\t\t\t<section class=\"elementor-section elementor-top-section elementor-element elementor-element-9789212 elementor-section-boxed elementor-section-height-default elementor-section-height-default\" data-id=\"9789212\" data-element_type=\"section\">\n\t\t\t\t\t\t<div class=\"elementor-container elementor-column-gap-default\">\n\t\t\t\t\t\t\t<div class=\"elementor-row\">\n\t\t\t\t\t<div class=\"elementor-column elementor-col-100 elementor-top-column elementor-element elementor-element-aa10167\" data-id=\"aa10167\" data-element_type=\"column\">\n\t\t\t<div class=\"elementor-column-wrap elementor-element-populated\">\n\t\t\t\t\t\t\t<div class=\"elementor-widget-wrap\">\n\t\t\t\t\t\t<div class=\"elementor-element elementor-element-7443447 elementor-widget elementor-widget-heading\" data-id=\"7443447\" data-element_type=\"widget\" data-widget_type=\"heading.default\">\n\t\t\t\t<div class=\"elementor-widget-container\">\n\t\t\t<h2 class=\"elementor-heading-title elementor-size-default\"><h3 class=\"elementor-heading-title elementor-size-medium elementor-inline-editing pen\" data-elementor-setting-key=\"title\" data-pen-placeholder=\"\u00c9crivez ici...\" style=\"font-variant-ligatures: normal; font-variant-caps: normal; font-style: normal; color: rgb(0, 0, 0); text-align: center;\">+ du service de garde-meubles Tessi<\/h3><\/h2>\t\t<\/div>\n\t\t\t\t<\/div>\n\t\t\t\t\t\t<\/div>\n\t\t\t\t\t<\/div>\n\t\t<\/div>\n\t\t\t\t\t\t\t\t<\/div>\n\t\t\t\t\t<\/div>\n\t\t<\/section>\n\t\t\t\t<section class=\"elementor-section elementor-top-section elementor-element elementor-element-eb22cfa elementor-section-boxed elementor-section-height-default elementor-section-height-default\" data-id=\"eb22cfa\" data-element_type=\"section\">\n\t\t\t\t\t\t<div class=\"elementor-container elementor-column-gap-default\">\n\t\t\t\t\t\t\t<div class=\"elementor-row\">\n\t\t\t\t\t<div class=\"elementor-column elementor-col-100 elementor-top-column elementor-element elementor-element-d0c86e7\" data-id=\"d0c86e7\" data-element_type=\"column\">\n\t\t\t<div class=\"elementor-column-wrap elementor-element-populated\">\n\t\t\t\t\t\t\t<div class=\"elementor-widget-wrap\">\n\t\t\t\t\t\t<div class=\"elementor-element elementor-element-6d1acca elementor-widget elementor-widget-heading\" data-id=\"6d1acca\" data-element_type=\"widget\" data-widget_type=\"heading.default\">\n\t\t\t\t<div class=\"elementor-widget-container\">\n\t\t\t<h3 class=\"elementor-heading-title elementor-size-default\">Les + de Tessiot D\u00e9m\u00e9nagements et de son garde-meubles<\/h3>\t\t<\/div>\n\t\t\t\t<\/div>\n\t\t\t\t\t\t<\/div>\n\t\t\t\t\t<\/div>\n\t\t<\/div>\n\t\t\t\t\t\t\t\t<\/div>\n\t\t\t\t\t<\/div>\n\t\t<\/section>\n\t\t\t\t<section class=\"elementor-section elementor-top-section elementor-element elementor-element-96e2f24 elementor-section-boxed elementor-section-height-default elementor-section-height-default\" data-id=\"96e2f24\" data-element_type=\"section\">\n\t\t\t\t\t\t<div class=\"elementor-container elementor-column-gap-default\">\n\t\t\t\t\t\t\t<div class=\"elementor-row\">\n\t\t\t\t\t<div class=\"elementor-column elementor-col-66 elementor-top-column elementor-element elementor-element-1b572d7\" data-id=\"1b572d7\" data-element_type=\"column\">\n\t\t\t<div class=\"elementor-column-wrap elementor-element-populated\">\n\t\t\t\t\t\t\t<div class=\"elementor-widget-wrap\">\n\t\t\t\t\t\t<div class=\"elementor-element elementor-element-cfc2a44 elementor-widget elementor-widget-text-editor\" data-id=\"cfc2a44\" data-element_type=\"widget\" data-widget_type=\"text-editor.default\">\n\t\t\t\t<div class=\"elementor-widget-container\">\n\t\t\t\t\t<div class=\"elementor-text-editor elementor-clearfix\"><p>Parce qu&#8217;un d\u00e9m\u00e9nagement ou un besoin de stockage doivent \u00eatre g\u00e9r\u00e9s avec s\u00e9r\u00e9nit\u00e9 et professionnalisme, Tessiot vous fait b\u00e9n\u00e9ficier de solutions flexibles et simples, \u00e0 des tarifs tr\u00e8s comp\u00e9titifs.\u00a0<\/p><ul><li><strong>Locaux modulables et s\u00e9curis\u00e9s<\/strong><\/li><li><strong>Un contrat sans pr\u00e9avis<\/strong><\/li><li><strong>Dur\u00e9e de garde-meubles illimit\u00e9e<\/strong><\/li><\/ul><div>\u00a0<\/div><div>Contactez un de nos conseillers pour avoir les r\u00e9ponses \u00e0 vos questions et recevoir votre devis gratuit. Vous avez besoin en compl\u00e9ment de d\u00e9m\u00e9nageurs et d&#8217;un camion ? Nous mettons \u00e0 votre disposition plusieurs <a href=\"https:\/\/www.tessiot-demenagement.com\/fr\/formules-devis-demenagement\/\">formules adapt\u00e9es<\/a> \u00e0 votre besoin et votre budget.<\/div><div>Nous vous proposons un service tout compris : visite \u00e0 votre domicile et devis gratuit. Mais aussi d\u00e9m\u00e9nagement \u00e0 la carte en fonction de votre budget, et garde-meubles pour stocker certains de vos biens.<\/div><\/div>\n\t\t\t\t<\/div>\n\t\t\t\t<\/div>\n\t\t\t\t<div class=\"elementor-element elementor-element-54256a7 elementor-align-center elementor-widget elementor-widget-button\" data-id=\"54256a7\" data-element_type=\"widget\" data-widget_type=\"button.default\">\n\t\t\t\t<div class=\"elementor-widget-container\">\n\t\t\t\t\t<div class=\"elementor-button-wrapper\">\n\t\t\t<a href=\"https:\/\/www.tessiot-demenagement.com\/fr\/contact-et-devis\/\" class=\"elementor-button-link elementor-button elementor-size-lg\" role=\"button\">\n\t\t\t\t\t\t<span class=\"elementor-button-content-wrapper\">\n\t\t\t\t\t\t<span class=\"elementor-button-text\">Demandez votre devis gratuit<\/span>\n\t\t<\/span>\n\t\t\t\t\t<\/a>\n\t\t<\/div>\n\t\t\t\t<\/div>\n\t\t\t\t<\/div>\n\t\t\t\t\t\t<\/div>\n\t\t\t\t\t<\/div>\n\t\t<\/div>\n\t\t\t\t<div class=\"elementor-column elementor-col-33 elementor-top-column elementor-element elementor-element-7c4ae7e\" data-id=\"7c4ae7e\" data-element_type=\"column\">\n\t\t\t<div class=\"elementor-column-wrap elementor-element-populated\">\n\t\t\t\t\t\t\t<div class=\"elementor-widget-wrap\">\n\t\t\t\t\t\t<div class=\"elementor-element elementor-element-f057592 elementor-widget elementor-widget-image\" data-id=\"f057592\" data-element_type=\"widget\" data-widget_type=\"image.default\">\n\t\t\t\t<div class=\"elementor-widget-container\">\n\t\t\t\t\t<div class=\"elementor-image\">\n\t\t\t\t\t\t\t<figure class=\"wp-caption\">\n\t\t\t\t\t\t\t\t\t\t<img loading=\"lazy\" decoding=\"async\" width=\"800\" height=\"598\" src=\"https:\/\/www.tessiot-demenagement.com\/fr\/wp-content\/uploads\/2020\/11\/IMG_20201123_133934-1024x766.jpg\" class=\"attachment-large size-large\" alt=\"d\u00e9m\u00e9nager \u00e0 petit prix\" srcset=\"https:\/\/www.tessiot-demenagement.com\/fr\/wp-content\/uploads\/2020\/11\/IMG_20201123_133934-1024x766.jpg 1024w, https:\/\/www.tessiot-demenagement.com\/fr\/wp-content\/uploads\/2020\/11\/IMG_20201123_133934-300x224.jpg 300w, https:\/\/www.tessiot-demenagement.com\/fr\/wp-content\/uploads\/2020\/11\/IMG_20201123_133934-768x574.jpg 768w, https:\/\/www.tessiot-demenagement.com\/fr\/wp-content\/uploads\/2020\/11\/IMG_20201123_133934-1536x1149.jpg 1536w, https:\/\/www.tessiot-demenagement.com\/fr\/wp-content\/uploads\/2020\/11\/IMG_20201123_133934-2048x1532.jpg 2048w, https:\/\/www.tessiot-demenagement.com\/fr\/wp-content\/uploads\/2020\/11\/IMG_20201123_133934-1320x987.jpg 1320w, https:\/\/www.tessiot-demenagement.com\/fr\/wp-content\/uploads\/2020\/11\/IMG_20201123_133934-600x449.jpg 600w\" sizes=\"(max-width: 800px) 100vw, 800px\" \/>\t\t\t\t\t\t\t\t\t\t\t<figcaption class=\"widget-image-caption wp-caption-text\">Sylvie vous accueille et vous conseille avec le sourire<\/figcaption>\n\t\t\t\t\t\t\t\t\t\t<\/figure>\n\t\t\t\t\t<\/div>\n\t\t\t\t<\/div>\n\t\t\t\t<\/div>\n\t\t\t\t\t\t<\/div>\n\t\t\t\t\t<\/div>\n\t\t<\/div>\n\t\t\t\t\t\t\t\t<\/div>\n\t\t\t\t\t<\/div>\n\t\t<\/section>\n\t\t\t\t<section class=\"elementor-section elementor-top-section elementor-element elementor-element-cab6b22 elementor-section-boxed elementor-section-height-default elementor-section-height-default\" data-id=\"cab6b22\" data-element_type=\"section\">\n\t\t\t\t\t\t<div class=\"elementor-container elementor-column-gap-default\">\n\t\t\t\t\t\t\t<div class=\"elementor-row\">\n\t\t\t\t\t<div class=\"elementor-column elementor-col-100 elementor-top-column elementor-element elementor-element-8e48c15\" data-id=\"8e48c15\" data-element_type=\"column\">\n\t\t\t<div class=\"elementor-column-wrap elementor-element-populated\">\n\t\t\t\t\t\t\t<div class=\"elementor-widget-wrap\">\n\t\t\t\t\t\t<div class=\"elementor-element elementor-element-c837371 elementor-widget-divider--view-line elementor-widget elementor-widget-divider\" data-id=\"c837371\" data-element_type=\"widget\" data-widget_type=\"divider.default\">\n\t\t\t\t<div class=\"elementor-widget-container\">\n\t\t\t\t\t<div class=\"elementor-divider\">\n\t\t\t<span class=\"elementor-divider-separator\">\n\t\t\t\t\t\t<\/span>\n\t\t<\/div>\n\t\t\t\t<\/div>\n\t\t\t\t<\/div>\n\t\t\t\t\t\t<\/div>\n\t\t\t\t\t<\/div>\n\t\t<\/div>\n\t\t\t\t\t\t\t\t<\/div>\n\t\t\t\t\t<\/div>\n\t\t<\/section>\n\t\t\t\t\t\t<\/div>\n\t\t\t\t\t\t<\/div>\n\t\t\t\t\t<\/div>\n\t\t","protected":false},"excerpt":{"rendered":"<p>Depuis plus de 150 ans, Tessiot D\u00e9m\u00e9nagements vous propose son garde-meubles s\u00e9curis\u00e9.<\/p>\n","protected":false},"author":3,"featured_media":0,"parent":0,"menu_order":4,"comment_status":"closed","ping_status":"closed","template":"","meta":{"footnotes":""},"yoast_head":"<!-- This site is optimized with the Yoast SEO plugin v15.8 - https:\/\/yoast.com\/wordpress\/plugins\/seo\/ -->\n<title>Tessiot D\u00e9m\u00e9nagements et son garde-meubles &ndash; Tessiot D\u00e9m\u00e9nagements<\/title>\n<meta name=\"description\" content=\"Tessiot D\u00e9m\u00e9nagements vous propose ses garde-meubles s\u00e9curis\u00e9s, \u00e0 Bourges, Moulins ou Limoges. Demandez votre devis gratuit pour stocker tous vos effets.\" \/>\n<meta name=\"robots\" content=\"index, follow, max-snippet:-1, max-image-preview:large, max-video-preview:-1\" \/>\n<link rel=\"canonical\" href=\"https:\/\/www.tessiot-demenagement.com\/fr\/tessiot-demenagements-garde-meubles\/\" \/>\n<meta property=\"og:locale\" content=\"fr_FR\" \/>\n<meta property=\"og:type\" content=\"article\" \/>\n<meta property=\"og:title\" content=\"Tessiot D\u00e9m\u00e9nagements et son garde-meubles &ndash; Tessiot D\u00e9m\u00e9nagements\" \/>\n<meta property=\"og:description\" content=\"Tessiot D\u00e9m\u00e9nagements vous propose ses garde-meubles s\u00e9curis\u00e9s, \u00e0 Bourges, Moulins ou Limoges. Demandez votre devis gratuit pour stocker tous vos effets.\" \/>\n<meta property=\"og:url\" content=\"https:\/\/www.tessiot-demenagement.com\/fr\/tessiot-demenagements-garde-meubles\/\" \/>\n<meta property=\"og:site_name\" content=\"Tessiot D\u00e9m\u00e9nagements\" \/>\n<meta property=\"article:publisher\" content=\"https:\/\/www.facebook.com\/tessiot.demenagements\" \/>\n<meta property=\"article:modified_time\" content=\"2022-02-18T15:39:56+00:00\" \/>\n<meta property=\"og:image\" content=\"https:\/\/www.tessiot-demenagement.com\/fr\/wp-content\/uploads\/elementor\/thumbs\/stephane-oz1cgrveu54382ehdipgeqfx8th1iv2xoreip3l50g.png\" \/>\n<meta name=\"twitter:card\" content=\"summary_large_image\" \/>\n<meta name=\"twitter:site\" content=\"@TDemenagements\" \/>\n<meta name=\"twitter:label1\" content=\"Dur\u00e9e de lecture est.\">\n\t<meta name=\"twitter:data1\" content=\"2 minutes\">\n<script type=\"application\/ld+json\" class=\"yoast-schema-graph\">{\"@context\":\"https:\/\/schema.org\",\"@graph\":[{\"@type\":\"Organization\",\"@id\":\"https:\/\/www.tessiot-demenagement.com\/fr\/#organization\",\"name\":\"Tessiot-D\\u00e9m\\u00e9nagements\",\"url\":\"https:\/\/www.tessiot-demenagement.com\/fr\/\",\"sameAs\":[\"https:\/\/www.facebook.com\/tessiot.demenagements\",\"https:\/\/www.instagram.com\/tessiotdemenagements\/\",\"https:\/\/www.youtube.com\/watch?v=maGVkMma1Dw.\",\"https:\/\/twitter.com\/TDemenagements\"],\"logo\":{\"@type\":\"ImageObject\",\"@id\":\"https:\/\/www.tessiot-demenagement.com\/fr\/#logo\",\"inLanguage\":\"fr-FR\",\"url\":\"https:\/\/www.tessiot-demenagement.com\/fr\/wp-content\/uploads\/2012\/01\/logo1-e1536916717562.png\",\"width\":80,\"height\":41,\"caption\":\"Tessiot-D\\u00e9m\\u00e9nagements\"},\"image\":{\"@id\":\"https:\/\/www.tessiot-demenagement.com\/fr\/#logo\"}},{\"@type\":\"WebSite\",\"@id\":\"https:\/\/www.tessiot-demenagement.com\/fr\/#website\",\"url\":\"https:\/\/www.tessiot-demenagement.com\/fr\/\",\"name\":\"Tessiot D\\u00e9m\\u00e9nagements\",\"description\":\"D\\u00e9m\\u00e9nagement national et international\",\"publisher\":{\"@id\":\"https:\/\/www.tessiot-demenagement.com\/fr\/#organization\"},\"potentialAction\":[{\"@type\":\"SearchAction\",\"target\":\"https:\/\/www.tessiot-demenagement.com\/fr\/?s={search_term_string}\",\"query-input\":\"required name=search_term_string\"}],\"inLanguage\":\"fr-FR\"},{\"@type\":\"ImageObject\",\"@id\":\"https:\/\/www.tessiot-demenagement.com\/fr\/tessiot-demenagements-garde-meubles\/#primaryimage\",\"inLanguage\":\"fr-FR\",\"url\":\"https:\/\/www.tessiot-demenagement.com\/fr\/wp-content\/uploads\/elementor\/thumbs\/stephane-oz1cgrveu54382ehdipgeqfx8th1iv2xoreip3l50g.png\"},{\"@type\":\"WebPage\",\"@id\":\"https:\/\/www.tessiot-demenagement.com\/fr\/tessiot-demenagements-garde-meubles\/#webpage\",\"url\":\"https:\/\/www.tessiot-demenagement.com\/fr\/tessiot-demenagements-garde-meubles\/\",\"name\":\"Tessiot D\\u00e9m\\u00e9nagements et son garde-meubles &ndash; Tessiot D\\u00e9m\\u00e9nagements\",\"isPartOf\":{\"@id\":\"https:\/\/www.tessiot-demenagement.com\/fr\/#website\"},\"primaryImageOfPage\":{\"@id\":\"https:\/\/www.tessiot-demenagement.com\/fr\/tessiot-demenagements-garde-meubles\/#primaryimage\"},\"datePublished\":\"2012-01-15T19:07:36+00:00\",\"dateModified\":\"2022-02-18T15:39:56+00:00\",\"description\":\"Tessiot D\\u00e9m\\u00e9nagements vous propose ses garde-meubles s\\u00e9curis\\u00e9s, \\u00e0 Bourges, Moulins ou Limoges. Demandez votre devis gratuit pour stocker tous vos effets.\",\"breadcrumb\":{\"@id\":\"https:\/\/www.tessiot-demenagement.com\/fr\/tessiot-demenagements-garde-meubles\/#breadcrumb\"},\"inLanguage\":\"fr-FR\",\"potentialAction\":[{\"@type\":\"ReadAction\",\"target\":[\"https:\/\/www.tessiot-demenagement.com\/fr\/tessiot-demenagements-garde-meubles\/\"]}]},{\"@type\":\"BreadcrumbList\",\"@id\":\"https:\/\/www.tessiot-demenagement.com\/fr\/tessiot-demenagements-garde-meubles\/#breadcrumb\",\"itemListElement\":[{\"@type\":\"ListItem\",\"position\":1,\"item\":{\"@type\":\"WebPage\",\"@id\":\"https:\/\/www.tessiot-demenagement.com\/fr\/\",\"url\":\"https:\/\/www.tessiot-demenagement.com\/fr\/\",\"name\":\"Home\"}},{\"@type\":\"ListItem\",\"position\":2,\"item\":{\"@type\":\"WebPage\",\"@id\":\"https:\/\/www.tessiot-demenagement.com\/fr\/tessiot-demenagements-garde-meubles\/\",\"url\":\"https:\/\/www.tessiot-demenagement.com\/fr\/tessiot-demenagements-garde-meubles\/\",\"name\":\"Tessiot D\\u00e9m\\u00e9nagements et son garde-meubles\"}}]}]}<\/script>\n<!-- \/ Yoast SEO plugin. -->","_links":{"self":[{"href":"https:\/\/www.tessiot-demenagement.com\/fr\/wp-json\/wp\/v2\/pages\/907"}],"collection":[{"href":"https:\/\/www.tessiot-demenagement.com\/fr\/wp-json\/wp\/v2\/pages"}],"about":[{"href":"https:\/\/www.tessiot-demenagement.com\/fr\/wp-json\/wp\/v2\/types\/page"}],"author":[{"embeddable":true,"href":"https:\/\/www.tessiot-demenagement.com\/fr\/wp-json\/wp\/v2\/users\/3"}],"replies":[{"embeddable":true,"href":"https:\/\/www.tessiot-demenagement.com\/fr\/wp-json\/wp\/v2\/comments?post=907"}],"version-history":[{"count":66,"href":"https:\/\/www.tessiot-demenagement.com\/fr\/wp-json\/wp\/v2\/pages\/907\/revisions"}],"predecessor-version":[{"id":9021,"href":"https:\/\/www.tessiot-demenagement.com\/fr\/wp-json\/wp\/v2\/pages\/907\/revisions\/9021"}],"wp:attachment":[{"href":"https:\/\/www.tessiot-demenagement.com\/fr\/wp-json\/wp\/v2\/media?parent=907"}],"curies":[{"name":"wp","href":"https:\/\/api.w.org\/{rel}","templated":true}]}}