{"id":6372,"date":"2020-10-08T11:48:27","date_gmt":"2020-10-08T09:48:27","guid":{"rendered":"https:\/\/www.tessiot-demenagement.com\/fr\/?page_id=6372"},"modified":"2021-01-21T17:01:17","modified_gmt":"2021-01-21T16:01:17","slug":"calculateur-prix-super-dem-eco","status":"publish","type":"page","link":"https:\/\/www.tessiot-demenagement.com\/fr\/calculateur-prix-super-dem-eco\/","title":{"rendered":"Calculateur prix super dem eco"},"content":{"rendered":"\t\t<div data-elementor-type=\"wp-page\" data-elementor-id=\"6372\" class=\"elementor elementor-6372\" data-elementor-settings=\"[]\">\n\t\t\t\t\t\t<div class=\"elementor-inner\">\n\t\t\t\t\t\t\t<div class=\"elementor-section-wrap\">\n\t\t\t\t\t\t\t<section class=\"elementor-section elementor-top-section elementor-element elementor-element-d377581 elementor-section-boxed elementor-section-height-default elementor-section-height-default\" data-id=\"d377581\" data-element_type=\"section\">\n\t\t\t\t\t\t<div class=\"elementor-container elementor-column-gap-default\">\n\t\t\t\t\t\t\t<div class=\"elementor-row\">\n\t\t\t\t\t<div class=\"elementor-column elementor-col-100 elementor-top-column elementor-element elementor-element-4c6bc6d\" data-id=\"4c6bc6d\" data-element_type=\"column\">\n\t\t\t<div class=\"elementor-column-wrap elementor-element-populated\">\n\t\t\t\t\t\t\t<div class=\"elementor-widget-wrap\">\n\t\t\t\t\t\t<div class=\"elementor-element elementor-element-b1527a2 elementor-widget elementor-widget-image\" data-id=\"b1527a2\" data-element_type=\"widget\" data-widget_type=\"image.default\">\n\t\t\t\t<div class=\"elementor-widget-container\">\n\t\t\t\t\t<div class=\"elementor-image\">\n\t\t\t\t\t\t\t\t\t\t<img loading=\"lazy\" decoding=\"async\" width=\"800\" height=\"267\" src=\"https:\/\/www.tessiot-demenagement.com\/fr\/wp-content\/uploads\/2020\/10\/DEM-SUPER-ECO-2.png\" class=\"attachment-large size-large\" alt=\"location de camion de d\u00e9m\u00e9nagement\" srcset=\"https:\/\/www.tessiot-demenagement.com\/fr\/wp-content\/uploads\/2020\/10\/DEM-SUPER-ECO-2.png 900w, https:\/\/www.tessiot-demenagement.com\/fr\/wp-content\/uploads\/2020\/10\/DEM-SUPER-ECO-2-300x100.png 300w, https:\/\/www.tessiot-demenagement.com\/fr\/wp-content\/uploads\/2020\/10\/DEM-SUPER-ECO-2-768x256.png 768w, https:\/\/www.tessiot-demenagement.com\/fr\/wp-content\/uploads\/2020\/10\/DEM-SUPER-ECO-2-600x200.png 600w\" sizes=\"(max-width: 800px) 100vw, 800px\" \/>\t\t\t\t\t\t\t\t\t\t\t<\/div>\n\t\t\t\t<\/div>\n\t\t\t\t<\/div>\n\t\t\t\t<div class=\"elementor-element elementor-element-e70b408 elementor-widget elementor-widget-alert\" data-id=\"e70b408\" data-element_type=\"widget\" data-widget_type=\"alert.default\">\n\t\t\t\t<div class=\"elementor-widget-container\">\n\t\t\t\t\t<div class=\"elementor-alert elementor-alert-warning\" role=\"alert\">\n\t\t\t<span class=\"elementor-alert-title\">Important :<\/span>\n\t\t\t\t\t\t\t<span class=\"elementor-alert-description\">Le service DEM SUPER ECO est disponible uniquement \u00e0 Bourges et ses environs, et du lundi au samedi hors jours f\u00e9ri\u00e9s.<\/span>\n\t\t\t\t\t\t\t\t<\/div>\n\t\t\t\t<\/div>\n\t\t\t\t<\/div>\n\t\t\t\t\t\t<\/div>\n\t\t\t\t\t<\/div>\n\t\t<\/div>\n\t\t\t\t\t\t\t\t<\/div>\n\t\t\t\t\t<\/div>\n\t\t<\/section>\n\t\t\t\t<section class=\"elementor-section elementor-top-section elementor-element elementor-element-51ab312 elementor-section-boxed elementor-section-height-default elementor-section-height-default\" data-id=\"51ab312\" data-element_type=\"section\">\n\t\t\t\t\t\t<div class=\"elementor-container elementor-column-gap-default\">\n\t\t\t\t\t\t\t<div class=\"elementor-row\">\n\t\t\t\t\t<div class=\"elementor-column elementor-col-100 elementor-top-column elementor-element elementor-element-d12d65f\" data-id=\"d12d65f\" data-element_type=\"column\">\n\t\t\t<div class=\"elementor-column-wrap elementor-element-populated\">\n\t\t\t\t\t\t\t<div class=\"elementor-widget-wrap\">\n\t\t\t\t\t\t<div class=\"elementor-element elementor-element-c8d0a69 elementor-widget elementor-widget-shortcode\" data-id=\"c8d0a69\" data-element_type=\"widget\" data-widget_type=\"shortcode.default\">\n\t\t\t\t<div class=\"elementor-widget-container\">\n\t\t\t\t\t<div class=\"elementor-shortcode\"><div id=\"movertool\"><\/div><\/div>\n\t\t\t\t<\/div>\n\t\t\t\t<\/div>\n\t\t\t\t<div class=\"elementor-element elementor-element-f40587d elementor-widget elementor-widget-html\" data-id=\"f40587d\" data-element_type=\"widget\" data-widget_type=\"html.default\">\n\t\t\t\t<div class=\"elementor-widget-container\">\n\t\t\t<script type=\"text\/javascript\" src=\"http:\/\/www.googleadservices.com\/pagead\/conversion_async.js\" charset=\"utf-8\"><\/script>\r\n<script src=\"https:\/\/www.moverbay.com\/api\/ZGI2YzgwNDRiYmE2ZWE3YzhiMjlhMWRhZDU5NTg3MmEwOThhZWYwYThlNWM5NWIwNzJlZjU0NDcyZWYxNjk3MQ==\/main.js\" ><\/script>\r\n<script>\r\n    (function() {\r\n        var opt = { allowOnlinePayment : true, showQuoteForm: false, showContactForm: false, showAppointmentForm: false };\r\n        var dom = document.getElementById('movertool');\r\n        var mb = new Moverbay(dom, opt);\r\n        mb.initialize();\r\n    })();\r\n<\/script>\r\n\t\t<\/div>\n\t\t\t\t<\/div>\n\t\t\t\t\t\t<\/div>\n\t\t\t\t\t<\/div>\n\t\t<\/div>\n\t\t\t\t\t\t\t\t<\/div>\n\t\t\t\t\t<\/div>\n\t\t<\/section>\n\t\t\t\t<section class=\"elementor-section elementor-top-section elementor-element elementor-element-6855ec1 elementor-section-boxed elementor-section-height-default elementor-section-height-default\" data-id=\"6855ec1\" data-element_type=\"section\">\n\t\t\t\t\t\t<div class=\"elementor-container elementor-column-gap-default\">\n\t\t\t\t\t\t\t<div class=\"elementor-row\">\n\t\t\t\t\t<div class=\"elementor-column elementor-col-33 elementor-top-column elementor-element elementor-element-7000750\" data-id=\"7000750\" data-element_type=\"column\">\n\t\t\t<div class=\"elementor-column-wrap elementor-element-populated\">\n\t\t\t\t\t\t\t<div class=\"elementor-widget-wrap\">\n\t\t\t\t\t\t<div class=\"elementor-element elementor-element-34bef6e elementor-widget elementor-widget-text-editor\" data-id=\"34bef6e\" data-element_type=\"widget\" data-widget_type=\"text-editor.default\">\n\t\t\t\t<div class=\"elementor-widget-container\">\n\t\t\t\t\t<div class=\"elementor-text-editor elementor-clearfix\"><\/div>\n\t\t\t\t<\/div>\n\t\t\t\t<\/div>\n\t\t\t\t<div class=\"elementor-element elementor-element-f1a2c85 elementor-widget elementor-widget-image\" data-id=\"f1a2c85\" data-element_type=\"widget\" data-widget_type=\"image.default\">\n\t\t\t\t<div class=\"elementor-widget-container\">\n\t\t\t\t\t<div class=\"elementor-image\">\n\t\t\t\t\t\t\t<figure class=\"wp-caption\">\n\t\t\t\t\t\t\t\t\t\t<img loading=\"lazy\" decoding=\"async\" width=\"500\" height=\"150\" src=\"https:\/\/www.tessiot-demenagement.com\/fr\/wp-content\/uploads\/2020\/08\/Sans-titre-44.png\" class=\"attachment-large size-large\" alt=\"cb et paypal pour d\u00e9m\u00e9nager\" srcset=\"https:\/\/www.tessiot-demenagement.com\/fr\/wp-content\/uploads\/2020\/08\/Sans-titre-44.png 500w, https:\/\/www.tessiot-demenagement.com\/fr\/wp-content\/uploads\/2020\/08\/Sans-titre-44-300x90.png 300w\" sizes=\"(max-width: 500px) 100vw, 500px\" \/>\t\t\t\t\t\t\t\t\t\t\t<figcaption class=\"widget-image-caption wp-caption-text\">Paiement en ligne s\u00e9curis\u00e9<\/figcaption>\n\t\t\t\t\t\t\t\t\t\t<\/figure>\n\t\t\t\t\t<\/div>\n\t\t\t\t<\/div>\n\t\t\t\t<\/div>\n\t\t\t\t\t\t<\/div>\n\t\t\t\t\t<\/div>\n\t\t<\/div>\n\t\t\t\t<div class=\"elementor-column elementor-col-33 elementor-top-column elementor-element elementor-element-064bf63\" data-id=\"064bf63\" data-element_type=\"column\">\n\t\t\t<div class=\"elementor-column-wrap elementor-element-populated\">\n\t\t\t\t\t\t\t<div class=\"elementor-widget-wrap\">\n\t\t\t\t\t\t<div class=\"elementor-element elementor-element-71b3451 elementor-widget elementor-widget-image\" data-id=\"71b3451\" data-element_type=\"widget\" data-widget_type=\"image.default\">\n\t\t\t\t<div class=\"elementor-widget-container\">\n\t\t\t\t\t<div class=\"elementor-image\">\n\t\t\t\t\t\t\t\t\t\t<img decoding=\"async\" src=\"https:\/\/www.tessiot-demenagement.com\/fr\/wp-content\/uploads\/elementor\/thumbs\/DEM-SUPER-ECO-1-oxl3wck4mf9nmwj2go5zuxzu5tkahkn0afpnhxmlke.png\" title=\"d\u00e9montage et remontage de meuble\" alt=\"meubles et d\u00e9m\u00e9nagement\" \/>\t\t\t\t\t\t\t\t\t\t\t<\/div>\n\t\t\t\t<\/div>\n\t\t\t\t<\/div>\n\t\t\t\t<div class=\"elementor-element elementor-element-405f5ba elementor-widget elementor-widget-text-editor\" data-id=\"405f5ba\" data-element_type=\"widget\" data-widget_type=\"text-editor.default\">\n\t\t\t\t<div class=\"elementor-widget-container\">\n\t\t\t\t\t<div class=\"elementor-text-editor elementor-clearfix\"><p>Option D\u00e9montage et remontage de votre mobilier sur demande. Contactez nous au 02 48 23 01 10.<\/p><\/div>\n\t\t\t\t<\/div>\n\t\t\t\t<\/div>\n\t\t\t\t\t\t<\/div>\n\t\t\t\t\t<\/div>\n\t\t<\/div>\n\t\t\t\t<div class=\"elementor-column elementor-col-33 elementor-top-column elementor-element elementor-element-79e9101\" data-id=\"79e9101\" data-element_type=\"column\">\n\t\t\t<div class=\"elementor-column-wrap elementor-element-populated\">\n\t\t\t\t\t\t\t<div class=\"elementor-widget-wrap\">\n\t\t\t\t\t\t<div class=\"elementor-element elementor-element-5a049c6 elementor-widget elementor-widget-text-editor\" data-id=\"5a049c6\" data-element_type=\"widget\" data-widget_type=\"text-editor.default\">\n\t\t\t\t<div class=\"elementor-widget-container\">\n\t\t\t\t\t<div class=\"elementor-text-editor elementor-clearfix\"><p><a href=\"https:\/\/www.tessiot-demenagement.com\/fr\/wp-content\/uploads\/2020\/10\/CONDITIONS-GENERALES-DE-PRESTATIONS-DEM-SUPER-ECO.pdf\">Conditions G\u00e9n\u00e9rales de Vente DEM SUPER ECO<\/a><\/p><p>En passant commande au service DEM SUPER ECO, vous acceptez que les informations saisies soient utilis\u00e9es pour vous recontacter dans le cadre de la demande\u00a0 indiqu\u00e9e dans ce formulaire. Vous acceptez \u00e9galement l&#8217;application des Conditions G\u00e9n\u00e9rales de Vente DEM SUPER ECO.<\/p><\/div>\n\t\t\t\t<\/div>\n\t\t\t\t<\/div>\n\t\t\t\t\t\t<\/div>\n\t\t\t\t\t<\/div>\n\t\t<\/div>\n\t\t\t\t\t\t\t\t<\/div>\n\t\t\t\t\t<\/div>\n\t\t<\/section>\n\t\t\t\t\t\t<\/div>\n\t\t\t\t\t\t<\/div>\n\t\t\t\t\t<\/div>\n\t\t","protected":false},"excerpt":{"rendered":"<p>Important : Le service DEM SUPER ECO est disponible uniquement \u00e0 Bourges et ses environs, et du lundi au samedi<\/p>\n","protected":false},"author":11,"featured_media":0,"parent":0,"menu_order":0,"comment_status":"closed","ping_status":"closed","template":"","meta":{"footnotes":""},"yoast_head":"<!-- This site is optimized with the Yoast SEO plugin v15.8 - https:\/\/yoast.com\/wordpress\/plugins\/seo\/ -->\n<title>Calculateur prix super dem eco &ndash; Tessiot D\u00e9m\u00e9nagements<\/title>\n<meta name=\"description\" content=\"Important : Le service DEM SUPER ECO est disponible uniquement \u00e0 Bourges et ses environs, et du lundi au samedi hors jours f\u00e9ri\u00e9s. Paiement en ligne\" \/>\n<meta name=\"robots\" content=\"index, follow, max-snippet:-1, max-image-preview:large, max-video-preview:-1\" \/>\n<link rel=\"canonical\" href=\"https:\/\/www.tessiot-demenagement.com\/fr\/calculateur-prix-super-dem-eco\/\" \/>\n<meta property=\"og:locale\" content=\"fr_FR\" \/>\n<meta property=\"og:type\" content=\"article\" \/>\n<meta property=\"og:title\" content=\"Calculateur prix super dem eco &ndash; Tessiot D\u00e9m\u00e9nagements\" \/>\n<meta property=\"og:description\" content=\"Important : Le service DEM SUPER ECO est disponible uniquement \u00e0 Bourges et ses environs, et du lundi au samedi hors jours f\u00e9ri\u00e9s. Paiement en ligne\" \/>\n<meta property=\"og:url\" content=\"https:\/\/www.tessiot-demenagement.com\/fr\/calculateur-prix-super-dem-eco\/\" \/>\n<meta property=\"og:site_name\" content=\"Tessiot D\u00e9m\u00e9nagements\" \/>\n<meta property=\"article:publisher\" content=\"https:\/\/www.facebook.com\/tessiot.demenagements\" \/>\n<meta property=\"article:modified_time\" content=\"2021-01-21T16:01:17+00:00\" \/>\n<meta property=\"og:image\" content=\"https:\/\/www.tessiot-demenagement.com\/fr\/wp-content\/uploads\/2020\/10\/DEM-SUPER-ECO-2.png\" \/>\n<meta name=\"twitter:card\" content=\"summary_large_image\" \/>\n<meta name=\"twitter:site\" content=\"@TDemenagements\" \/>\n<meta name=\"twitter:label1\" content=\"Dur\u00e9e de lecture est.\">\n\t<meta name=\"twitter:data1\" content=\"3 minutes\">\n<script type=\"application\/ld+json\" class=\"yoast-schema-graph\">{\"@context\":\"https:\/\/schema.org\",\"@graph\":[{\"@type\":\"Organization\",\"@id\":\"https:\/\/www.tessiot-demenagement.com\/fr\/#organization\",\"name\":\"Tessiot-D\\u00e9m\\u00e9nagements\",\"url\":\"https:\/\/www.tessiot-demenagement.com\/fr\/\",\"sameAs\":[\"https:\/\/www.facebook.com\/tessiot.demenagements\",\"https:\/\/www.instagram.com\/tessiotdemenagements\/\",\"https:\/\/www.youtube.com\/watch?v=maGVkMma1Dw.\",\"https:\/\/twitter.com\/TDemenagements\"],\"logo\":{\"@type\":\"ImageObject\",\"@id\":\"https:\/\/www.tessiot-demenagement.com\/fr\/#logo\",\"inLanguage\":\"fr-FR\",\"url\":\"https:\/\/www.tessiot-demenagement.com\/fr\/wp-content\/uploads\/2012\/01\/logo1-e1536916717562.png\",\"width\":80,\"height\":41,\"caption\":\"Tessiot-D\\u00e9m\\u00e9nagements\"},\"image\":{\"@id\":\"https:\/\/www.tessiot-demenagement.com\/fr\/#logo\"}},{\"@type\":\"WebSite\",\"@id\":\"https:\/\/www.tessiot-demenagement.com\/fr\/#website\",\"url\":\"https:\/\/www.tessiot-demenagement.com\/fr\/\",\"name\":\"Tessiot D\\u00e9m\\u00e9nagements\",\"description\":\"D\\u00e9m\\u00e9nagement national et international\",\"publisher\":{\"@id\":\"https:\/\/www.tessiot-demenagement.com\/fr\/#organization\"},\"potentialAction\":[{\"@type\":\"SearchAction\",\"target\":\"https:\/\/www.tessiot-demenagement.com\/fr\/?s={search_term_string}\",\"query-input\":\"required name=search_term_string\"}],\"inLanguage\":\"fr-FR\"},{\"@type\":\"ImageObject\",\"@id\":\"https:\/\/www.tessiot-demenagement.com\/fr\/calculateur-prix-super-dem-eco\/#primaryimage\",\"inLanguage\":\"fr-FR\",\"url\":\"https:\/\/www.tessiot-demenagement.com\/fr\/wp-content\/uploads\/2020\/10\/DEM-SUPER-ECO-2.png\",\"width\":900,\"height\":300,\"caption\":\"location de camion de d\\u00e9m\\u00e9nagement\"},{\"@type\":\"WebPage\",\"@id\":\"https:\/\/www.tessiot-demenagement.com\/fr\/calculateur-prix-super-dem-eco\/#webpage\",\"url\":\"https:\/\/www.tessiot-demenagement.com\/fr\/calculateur-prix-super-dem-eco\/\",\"name\":\"Calculateur prix super dem eco &ndash; Tessiot D\\u00e9m\\u00e9nagements\",\"isPartOf\":{\"@id\":\"https:\/\/www.tessiot-demenagement.com\/fr\/#website\"},\"primaryImageOfPage\":{\"@id\":\"https:\/\/www.tessiot-demenagement.com\/fr\/calculateur-prix-super-dem-eco\/#primaryimage\"},\"datePublished\":\"2020-10-08T09:48:27+00:00\",\"dateModified\":\"2021-01-21T16:01:17+00:00\",\"description\":\"Important : Le service DEM SUPER ECO est disponible uniquement \\u00e0 Bourges et ses environs, et du lundi au samedi hors jours f\\u00e9ri\\u00e9s. Paiement en ligne\",\"breadcrumb\":{\"@id\":\"https:\/\/www.tessiot-demenagement.com\/fr\/calculateur-prix-super-dem-eco\/#breadcrumb\"},\"inLanguage\":\"fr-FR\",\"potentialAction\":[{\"@type\":\"ReadAction\",\"target\":[\"https:\/\/www.tessiot-demenagement.com\/fr\/calculateur-prix-super-dem-eco\/\"]}]},{\"@type\":\"BreadcrumbList\",\"@id\":\"https:\/\/www.tessiot-demenagement.com\/fr\/calculateur-prix-super-dem-eco\/#breadcrumb\",\"itemListElement\":[{\"@type\":\"ListItem\",\"position\":1,\"item\":{\"@type\":\"WebPage\",\"@id\":\"https:\/\/www.tessiot-demenagement.com\/fr\/\",\"url\":\"https:\/\/www.tessiot-demenagement.com\/fr\/\",\"name\":\"Home\"}},{\"@type\":\"ListItem\",\"position\":2,\"item\":{\"@type\":\"WebPage\",\"@id\":\"https:\/\/www.tessiot-demenagement.com\/fr\/calculateur-prix-super-dem-eco\/\",\"url\":\"https:\/\/www.tessiot-demenagement.com\/fr\/calculateur-prix-super-dem-eco\/\",\"name\":\"Calculateur prix super dem eco\"}}]}]}<\/script>\n<!-- \/ Yoast SEO plugin. -->","_links":{"self":[{"href":"https:\/\/www.tessiot-demenagement.com\/fr\/wp-json\/wp\/v2\/pages\/6372"}],"collection":[{"href":"https:\/\/www.tessiot-demenagement.com\/fr\/wp-json\/wp\/v2\/pages"}],"about":[{"href":"https:\/\/www.tessiot-demenagement.com\/fr\/wp-json\/wp\/v2\/types\/page"}],"author":[{"embeddable":true,"href":"https:\/\/www.tessiot-demenagement.com\/fr\/wp-json\/wp\/v2\/users\/11"}],"replies":[{"embeddable":true,"href":"https:\/\/www.tessiot-demenagement.com\/fr\/wp-json\/wp\/v2\/comments?post=6372"}],"version-history":[{"count":37,"href":"https:\/\/www.tessiot-demenagement.com\/fr\/wp-json\/wp\/v2\/pages\/6372\/revisions"}],"predecessor-version":[{"id":7284,"href":"https:\/\/www.tessiot-demenagement.com\/fr\/wp-json\/wp\/v2\/pages\/6372\/revisions\/7284"}],"wp:attachment":[{"href":"https:\/\/www.tessiot-demenagement.com\/fr\/wp-json\/wp\/v2\/media?parent=6372"}],"curies":[{"name":"wp","href":"https:\/\/api.w.org\/{rel}","templated":true}]}}