{"id":6284,"date":"2020-09-30T09:09:24","date_gmt":"2020-09-30T07:09:24","guid":{"rendered":"https:\/\/www.tessiot-demenagement.com\/fr\/?page_id=6284"},"modified":"2021-01-21T11:11:10","modified_gmt":"2021-01-21T10:11:10","slug":"louez-un-camion-avec-chauffeur","status":"publish","type":"page","link":"https:\/\/www.tessiot-demenagement.com\/fr\/louez-un-camion-avec-chauffeur\/","title":{"rendered":"Louez un camion avec chauffeur."},"content":{"rendered":"\t\t<div data-elementor-type=\"wp-page\" data-elementor-id=\"6284\" class=\"elementor elementor-6284\" data-elementor-settings=\"[]\">\n\t\t\t\t\t\t<div class=\"elementor-inner\">\n\t\t\t\t\t\t\t<div class=\"elementor-section-wrap\">\n\t\t\t\t\t\t\t<section class=\"elementor-section elementor-top-section elementor-element elementor-element-492806c elementor-section-boxed elementor-section-height-default elementor-section-height-default\" data-id=\"492806c\" data-element_type=\"section\">\n\t\t\t\t\t\t<div class=\"elementor-container elementor-column-gap-default\">\n\t\t\t\t\t\t\t<div class=\"elementor-row\">\n\t\t\t\t\t<div class=\"elementor-column elementor-col-100 elementor-top-column elementor-element elementor-element-6690440\" data-id=\"6690440\" data-element_type=\"column\">\n\t\t\t<div class=\"elementor-column-wrap elementor-element-populated\">\n\t\t\t\t\t\t\t<div class=\"elementor-widget-wrap\">\n\t\t\t\t\t\t<div class=\"elementor-element elementor-element-6b585a8 elementor-widget elementor-widget-image\" data-id=\"6b585a8\" data-element_type=\"widget\" data-widget_type=\"image.default\">\n\t\t\t\t<div class=\"elementor-widget-container\">\n\t\t\t\t\t<div class=\"elementor-image\">\n\t\t\t\t\t\t\t\t\t\t<img loading=\"lazy\" decoding=\"async\" width=\"800\" height=\"267\" src=\"https:\/\/www.tessiot-demenagement.com\/fr\/wp-content\/uploads\/2020\/10\/DEM-SUPER-ECO-2.png\" class=\"attachment-large size-large\" alt=\"location de camion de d\u00e9m\u00e9nagement\" srcset=\"https:\/\/www.tessiot-demenagement.com\/fr\/wp-content\/uploads\/2020\/10\/DEM-SUPER-ECO-2.png 900w, https:\/\/www.tessiot-demenagement.com\/fr\/wp-content\/uploads\/2020\/10\/DEM-SUPER-ECO-2-300x100.png 300w, https:\/\/www.tessiot-demenagement.com\/fr\/wp-content\/uploads\/2020\/10\/DEM-SUPER-ECO-2-768x256.png 768w, https:\/\/www.tessiot-demenagement.com\/fr\/wp-content\/uploads\/2020\/10\/DEM-SUPER-ECO-2-600x200.png 600w\" sizes=\"(max-width: 800px) 100vw, 800px\" \/>\t\t\t\t\t\t\t\t\t\t\t<\/div>\n\t\t\t\t<\/div>\n\t\t\t\t<\/div>\n\t\t\t\t\t\t<\/div>\n\t\t\t\t\t<\/div>\n\t\t<\/div>\n\t\t\t\t\t\t\t\t<\/div>\n\t\t\t\t\t<\/div>\n\t\t<\/section>\n\t\t\t\t<section class=\"elementor-section elementor-top-section elementor-element elementor-element-f1c9c54 elementor-section-boxed elementor-section-height-default elementor-section-height-default\" data-id=\"f1c9c54\" data-element_type=\"section\">\n\t\t\t\t\t\t<div class=\"elementor-container elementor-column-gap-default\">\n\t\t\t\t\t\t\t<div class=\"elementor-row\">\n\t\t\t\t\t<div class=\"elementor-column elementor-col-100 elementor-top-column elementor-element elementor-element-86e86e5\" data-id=\"86e86e5\" data-element_type=\"column\">\n\t\t\t<div class=\"elementor-column-wrap elementor-element-populated\">\n\t\t\t\t\t\t\t<div class=\"elementor-widget-wrap\">\n\t\t\t\t\t\t<div class=\"elementor-element elementor-element-2d826ab elementor-widget elementor-widget-heading\" data-id=\"2d826ab\" data-element_type=\"widget\" data-widget_type=\"heading.default\">\n\t\t\t\t<div class=\"elementor-widget-container\">\n\t\t\t<h1 class=\"elementor-heading-title elementor-size-large\">DEM SUPER ECO : Votre camion de d\u00e9m\u00e9nagement avec chauffeur \u00e0 Bourges.<\/h1>\t\t<\/div>\n\t\t\t\t<\/div>\n\t\t\t\t\t\t<\/div>\n\t\t\t\t\t<\/div>\n\t\t<\/div>\n\t\t\t\t\t\t\t\t<\/div>\n\t\t\t\t\t<\/div>\n\t\t<\/section>\n\t\t\t\t<section class=\"elementor-section elementor-top-section elementor-element elementor-element-2244d40 elementor-section-boxed elementor-section-height-default elementor-section-height-default\" data-id=\"2244d40\" data-element_type=\"section\">\n\t\t\t\t\t\t<div class=\"elementor-container elementor-column-gap-default\">\n\t\t\t\t\t\t\t<div class=\"elementor-row\">\n\t\t\t\t\t<div class=\"elementor-column elementor-col-50 elementor-top-column elementor-element elementor-element-410409c\" data-id=\"410409c\" data-element_type=\"column\">\n\t\t\t<div class=\"elementor-column-wrap elementor-element-populated\">\n\t\t\t\t\t\t\t<div class=\"elementor-widget-wrap\">\n\t\t\t\t\t\t<div class=\"elementor-element elementor-element-9715ab7 elementor--star-style-star_fontawesome elementor-widget elementor-widget-star-rating\" data-id=\"9715ab7\" data-element_type=\"widget\" data-widget_type=\"star-rating.default\">\n\t\t\t\t<div class=\"elementor-widget-container\">\n\t\t\t\n\t\t<div class=\"elementor-star-rating__wrapper\">\n\t\t\t\t\t\t\t<div class=\"elementor-star-rating__title\">4.2\/5<\/div>\n\t\t\t\t\t\t<div class=\"elementor-star-rating\" title=\"4.3\/5\" itemtype=\"http:\/\/schema.org\/Rating\" itemscope=\"\" itemprop=\"reviewRating\"><i class=\"elementor-star-full\">&#xE934;<\/i><i class=\"elementor-star-full\">&#xE934;<\/i><i class=\"elementor-star-full\">&#xE934;<\/i><i class=\"elementor-star-full\">&#xE934;<\/i><i class=\"elementor-star-3\">&#xE934;<\/i> <span itemprop=\"ratingValue\" class=\"elementor-screen-only\">4.3\/5<\/span><\/div>\t\t<\/div>\n\t\t\t\t<\/div>\n\t\t\t\t<\/div>\n\t\t\t\t<div class=\"elementor-element elementor-element-a87f2f3 elementor-widget elementor-widget-text-editor\" data-id=\"a87f2f3\" data-element_type=\"widget\" data-widget_type=\"text-editor.default\">\n\t\t\t\t<div class=\"elementor-widget-container\">\n\t\t\t\t\t<div class=\"elementor-text-editor elementor-clearfix\"><p>Note moyenne attribu\u00e9e par nos clients d\u00e9m\u00e9nag\u00e9s entre juillet et d\u00e9cembre 2020, suite \u00e0 une enqu\u00eate de satisfaction interne.<\/p><\/div>\n\t\t\t\t<\/div>\n\t\t\t\t<\/div>\n\t\t\t\t\t\t<\/div>\n\t\t\t\t\t<\/div>\n\t\t<\/div>\n\t\t\t\t<div class=\"elementor-column elementor-col-50 elementor-top-column elementor-element elementor-element-543c626\" data-id=\"543c626\" data-element_type=\"column\">\n\t\t\t<div class=\"elementor-column-wrap elementor-element-populated\">\n\t\t\t\t\t\t\t<div class=\"elementor-widget-wrap\">\n\t\t\t\t\t\t<div class=\"elementor-element elementor-element-d26d96b elementor-widget elementor-widget-spacer\" data-id=\"d26d96b\" data-element_type=\"widget\" data-widget_type=\"spacer.default\">\n\t\t\t\t<div class=\"elementor-widget-container\">\n\t\t\t\t\t<div class=\"elementor-spacer\">\n\t\t\t<div class=\"elementor-spacer-inner\"><\/div>\n\t\t<\/div>\n\t\t\t\t<\/div>\n\t\t\t\t<\/div>\n\t\t\t\t\t\t<\/div>\n\t\t\t\t\t<\/div>\n\t\t<\/div>\n\t\t\t\t\t\t\t\t<\/div>\n\t\t\t\t\t<\/div>\n\t\t<\/section>\n\t\t\t\t<section class=\"elementor-section elementor-top-section elementor-element elementor-element-2cf200e elementor-section-boxed elementor-section-height-default elementor-section-height-default\" data-id=\"2cf200e\" data-element_type=\"section\">\n\t\t\t\t\t\t<div class=\"elementor-container elementor-column-gap-default\">\n\t\t\t\t\t\t\t<div class=\"elementor-row\">\n\t\t\t\t\t<div class=\"elementor-column elementor-col-50 elementor-top-column elementor-element elementor-element-b386a9b\" data-id=\"b386a9b\" data-element_type=\"column\">\n\t\t\t<div class=\"elementor-column-wrap elementor-element-populated\">\n\t\t\t\t\t\t\t<div class=\"elementor-widget-wrap\">\n\t\t\t\t\t\t<div class=\"elementor-element elementor-element-26b5704 elementor-widget elementor-widget-image\" data-id=\"26b5704\" data-element_type=\"widget\" data-widget_type=\"image.default\">\n\t\t\t\t<div class=\"elementor-widget-container\">\n\t\t\t\t\t<div class=\"elementor-image\">\n\t\t\t\t\t\t\t\t\t\t<img loading=\"lazy\" decoding=\"async\" width=\"800\" height=\"600\" src=\"https:\/\/www.tessiot-demenagement.com\/fr\/wp-content\/uploads\/2020\/09\/Tessiot-6.png\" class=\"attachment-large size-large\" alt=\"louez un camion avec chauffeur\" srcset=\"https:\/\/www.tessiot-demenagement.com\/fr\/wp-content\/uploads\/2020\/09\/Tessiot-6.png 800w, https:\/\/www.tessiot-demenagement.com\/fr\/wp-content\/uploads\/2020\/09\/Tessiot-6-300x225.png 300w, https:\/\/www.tessiot-demenagement.com\/fr\/wp-content\/uploads\/2020\/09\/Tessiot-6-768x576.png 768w, https:\/\/www.tessiot-demenagement.com\/fr\/wp-content\/uploads\/2020\/09\/Tessiot-6-600x450.png 600w\" sizes=\"(max-width: 800px) 100vw, 800px\" \/>\t\t\t\t\t\t\t\t\t\t\t<\/div>\n\t\t\t\t<\/div>\n\t\t\t\t<\/div>\n\t\t\t\t\t\t<\/div>\n\t\t\t\t\t<\/div>\n\t\t<\/div>\n\t\t\t\t<div class=\"elementor-column elementor-col-50 elementor-top-column elementor-element elementor-element-28b9536\" data-id=\"28b9536\" data-element_type=\"column\">\n\t\t\t<div class=\"elementor-column-wrap elementor-element-populated\">\n\t\t\t\t\t\t\t<div class=\"elementor-widget-wrap\">\n\t\t\t\t\t\t<div class=\"elementor-element elementor-element-2188e40 elementor-widget elementor-widget-text-editor\" data-id=\"2188e40\" data-element_type=\"widget\" data-widget_type=\"text-editor.default\">\n\t\t\t\t<div class=\"elementor-widget-container\">\n\t\t\t\t\t<div class=\"elementor-text-editor elementor-clearfix\"><p>Vous habitez Bourges et vous d\u00e9m\u00e9nagez \u00e0 proximit\u00e9, dans un rayon de 30 kms ? Profitez de notre service DEM SUPER ECO et louez un camion avec chauffeur pour une journ\u00e9e ou une demi-journ\u00e9e.<\/p><p>Les points forts :<\/p><ul><li>camion de type 20 m3 avec chauffeur professionnel.<\/li><li>location \u00e0 la journ\u00e9e ou \u00e0 la une demi-journ\u00e9e.<\/li><li>possibilit\u00e9 de rajouter un d\u00e9m\u00e9nageur suppl\u00e9mentaire.<\/li><li>assurance incluse.<\/li><li>option d\u00e9montage\/remontage de votre mobilier.<\/li><\/ul><\/div>\n\t\t\t\t<\/div>\n\t\t\t\t<\/div>\n\t\t\t\t<div class=\"elementor-element elementor-element-305578e elementor-widget elementor-widget-text-editor\" data-id=\"305578e\" data-element_type=\"widget\" data-widget_type=\"text-editor.default\">\n\t\t\t\t<div class=\"elementor-widget-container\">\n\t\t\t\t\t<div class=\"elementor-text-editor elementor-clearfix\"><p>Paiement s\u00e9curis\u00e9<\/p><\/div>\n\t\t\t\t<\/div>\n\t\t\t\t<\/div>\n\t\t\t\t<div class=\"elementor-element elementor-element-95fea77 elementor-widget elementor-widget-image\" data-id=\"95fea77\" data-element_type=\"widget\" data-widget_type=\"image.default\">\n\t\t\t\t<div class=\"elementor-widget-container\">\n\t\t\t\t\t<div class=\"elementor-image\">\n\t\t\t\t\t\t\t\t\t\t<img decoding=\"async\" src=\"https:\/\/www.tessiot-demenagement.com\/fr\/wp-content\/uploads\/elementor\/thumbs\/Sans-titre-44-oul9v9o56patlxv2t5v9al3vp7apsrne5fbdr27xmc.png\" title=\"paiement pour d\u00e9m\u00e9nager\" alt=\"cb et paypal pour d\u00e9m\u00e9nager\" \/>\t\t\t\t\t\t\t\t\t\t\t<\/div>\n\t\t\t\t<\/div>\n\t\t\t\t<\/div>\n\t\t\t\t<div class=\"elementor-element elementor-element-2dfb9b9 elementor-align-center elementor-widget elementor-widget-button\" data-id=\"2dfb9b9\" data-element_type=\"widget\" data-widget_type=\"button.default\">\n\t\t\t\t<div class=\"elementor-widget-container\">\n\t\t\t\t\t<div class=\"elementor-button-wrapper\">\n\t\t\t<a href=\"https:\/\/www.tessiot-demenagement.com\/fr\/calculateur-prix-super-dem-eco\/\" class=\"elementor-button-link elementor-button elementor-size-lg\" role=\"button\">\n\t\t\t\t\t\t<span class=\"elementor-button-content-wrapper\">\n\t\t\t\t\t\t<span class=\"elementor-button-text\">Calculez votre tarif<\/span>\n\t\t<\/span>\n\t\t\t\t\t<\/a>\n\t\t<\/div>\n\t\t\t\t<\/div>\n\t\t\t\t<\/div>\n\t\t\t\t\t\t<\/div>\n\t\t\t\t\t<\/div>\n\t\t<\/div>\n\t\t\t\t\t\t\t\t<\/div>\n\t\t\t\t\t<\/div>\n\t\t<\/section>\n\t\t\t\t<section class=\"elementor-section elementor-top-section elementor-element elementor-element-43113d7 elementor-section-boxed elementor-section-height-default elementor-section-height-default\" data-id=\"43113d7\" data-element_type=\"section\">\n\t\t\t\t\t\t<div class=\"elementor-container elementor-column-gap-default\">\n\t\t\t\t\t\t\t<div class=\"elementor-row\">\n\t\t\t\t\t<div class=\"elementor-column elementor-col-100 elementor-top-column elementor-element elementor-element-b5ecfac\" data-id=\"b5ecfac\" data-element_type=\"column\">\n\t\t\t<div class=\"elementor-column-wrap elementor-element-populated\">\n\t\t\t\t\t\t\t<div class=\"elementor-widget-wrap\">\n\t\t\t\t\t\t<div class=\"elementor-element elementor-element-5cb4255 elementor-widget elementor-widget-spacer\" data-id=\"5cb4255\" data-element_type=\"widget\" data-widget_type=\"spacer.default\">\n\t\t\t\t<div class=\"elementor-widget-container\">\n\t\t\t\t\t<div class=\"elementor-spacer\">\n\t\t\t<div class=\"elementor-spacer-inner\"><\/div>\n\t\t<\/div>\n\t\t\t\t<\/div>\n\t\t\t\t<\/div>\n\t\t\t\t\t\t<\/div>\n\t\t\t\t\t<\/div>\n\t\t<\/div>\n\t\t\t\t\t\t\t\t<\/div>\n\t\t\t\t\t<\/div>\n\t\t<\/section>\n\t\t\t\t<section class=\"elementor-section elementor-top-section elementor-element elementor-element-c3fa8b1 elementor-section-boxed elementor-section-height-default elementor-section-height-default\" data-id=\"c3fa8b1\" data-element_type=\"section\">\n\t\t\t\t\t\t<div class=\"elementor-container elementor-column-gap-default\">\n\t\t\t\t\t\t\t<div class=\"elementor-row\">\n\t\t\t\t\t<div class=\"elementor-column elementor-col-33 elementor-top-column elementor-element elementor-element-91c086b\" data-id=\"91c086b\" data-element_type=\"column\">\n\t\t\t<div class=\"elementor-column-wrap elementor-element-populated\">\n\t\t\t\t\t\t\t<div class=\"elementor-widget-wrap\">\n\t\t\t\t\t\t<div class=\"elementor-element elementor-element-fd83668 elementor-widget elementor-widget-toggle\" data-id=\"fd83668\" data-element_type=\"widget\" data-widget_type=\"toggle.default\">\n\t\t\t\t<div class=\"elementor-widget-container\">\n\t\t\t\t\t<div class=\"elementor-toggle\" role=\"tablist\">\n\t\t\t\t\t\t\t<div class=\"elementor-toggle-item\">\n\t\t\t\t\t<div id=\"elementor-tab-title-2651\" class=\"elementor-tab-title\" data-tab=\"1\" role=\"tab\" aria-controls=\"elementor-tab-content-2651\" aria-expanded=\"false\">\n\t\t\t\t\t\t\t\t\t\t\t\t<span class=\"elementor-toggle-icon elementor-toggle-icon-left\" aria-hidden=\"true\">\n\t\t\t\t\t\t\t\t\t\t\t\t\t\t\t<span class=\"elementor-toggle-icon-closed\"><i class=\"fas fa-caret-right\"><\/i><\/span>\n\t\t\t\t\t\t\t\t<span class=\"elementor-toggle-icon-opened\"><i class=\"elementor-toggle-icon-opened fas fa-caret-up\"><\/i><\/span>\n\t\t\t\t\t\t\t\t\t\t\t\t\t<\/span>\n\t\t\t\t\t\t\t\t\t\t\t\t<a href=\"\" class=\"elementor-toggle-title\">Description d\u00e9taill\u00e9e<\/a>\n\t\t\t\t\t<\/div>\n\t\t\t\t\t<div id=\"elementor-tab-content-2651\" class=\"elementor-tab-content elementor-clearfix\" data-tab=\"1\" role=\"tabpanel\" aria-labelledby=\"elementor-tab-title-2651\"><p>Louez votre camion avec chauffeur \u00e0 Bourges avec le service\u00a0<strong>DEM SUPER ECO<\/strong>.<\/p><p>B\u00e9n\u00e9ficiez d\u2019un camion avec une charge utile de type 20m3 et hayon. En effet vous n\u2019avez pas besoin d\u2019aller chercher le v\u00e9hicule dans une agence, d\u2019attendre et de remplir d\u2019interminables formulaires. Pendant une demi-journ\u00e9e ou une journ\u00e9e, vous r\u00e9servez le camion avec un chauffeur professionnel. En plus, celui-ci ne fait pas que conduire, il vous aide aussi \u00e0 charger vos effets personnels dans le camion.<\/p><p>Par ailleurs les frais de route et l\u2019assurance sont inclus. Et vous n\u2019avez pas de caution exig\u00e9e pour la location de votre camion de d\u00e9m\u00e9nagement.<\/p><p>Notre chauffeur intervient de 8h30 \u00e0 12h00 et de 13h00 \u00e0 16h30 du lundi au samedi sur Bourges et son agglom\u00e9ration.<\/p><p>Possibilit\u00e9 de rajouter un second d\u00e9m\u00e9nageur et sur demande la prestation de d\u00e9montage et remontage de votre mobilier.<\/p><p>ATTENTION :<\/p><ul><li>service disponible uniquement sur le d\u00e9partement du Cher (18) avec forfait kilom\u00e9trique inclus de 30 kms.<\/li><li>le chauffeur ne fait pas de portage. Il charge vos effets personnels d\u00e9pos\u00e9s au pied de son camion.<\/li><li>les \u00e9ventuelles autorisations de stationnement \u00e0 l\u2019adresse de d\u00e9part et\/ou \u00e0 l&#8217;adresse de livraison sont \u00e0 votre charge.<\/li><\/ul><\/div>\n\t\t\t\t<\/div>\n\t\t\t\t\t<\/div>\n\t\t\t\t<\/div>\n\t\t\t\t<\/div>\n\t\t\t\t\t\t<\/div>\n\t\t\t\t\t<\/div>\n\t\t<\/div>\n\t\t\t\t<div class=\"elementor-column elementor-col-33 elementor-top-column elementor-element elementor-element-076b9aa\" data-id=\"076b9aa\" data-element_type=\"column\">\n\t\t\t<div class=\"elementor-column-wrap elementor-element-populated\">\n\t\t\t\t\t\t\t<div class=\"elementor-widget-wrap\">\n\t\t\t\t\t\t<div class=\"elementor-element elementor-element-bb0abc0 elementor-widget elementor-widget-image\" data-id=\"bb0abc0\" data-element_type=\"widget\" data-widget_type=\"image.default\">\n\t\t\t\t<div class=\"elementor-widget-container\">\n\t\t\t\t\t<div class=\"elementor-image\">\n\t\t\t\t\t\t\t\t\t\t<img loading=\"lazy\" decoding=\"async\" width=\"150\" height=\"150\" src=\"https:\/\/www.tessiot-demenagement.com\/fr\/wp-content\/uploads\/2020\/08\/Tessiot-4-150x150.png\" class=\"attachment-thumbnail size-thumbnail\" alt=\"t\u00e9l\u00e9phone et contact d\u00e9m\u00e9nageur\" srcset=\"https:\/\/www.tessiot-demenagement.com\/fr\/wp-content\/uploads\/2020\/08\/Tessiot-4-150x150.png 150w, https:\/\/www.tessiot-demenagement.com\/fr\/wp-content\/uploads\/2020\/08\/Tessiot-4-300x300.png 300w, https:\/\/www.tessiot-demenagement.com\/fr\/wp-content\/uploads\/2020\/08\/Tessiot-4-100x100.png 100w\" sizes=\"(max-width: 150px) 100vw, 150px\" \/>\t\t\t\t\t\t\t\t\t\t\t<\/div>\n\t\t\t\t<\/div>\n\t\t\t\t<\/div>\n\t\t\t\t\t\t<\/div>\n\t\t\t\t\t<\/div>\n\t\t<\/div>\n\t\t\t\t<div class=\"elementor-column elementor-col-33 elementor-top-column elementor-element elementor-element-34e4114\" data-id=\"34e4114\" data-element_type=\"column\">\n\t\t\t<div class=\"elementor-column-wrap elementor-element-populated\">\n\t\t\t\t\t\t\t<div class=\"elementor-widget-wrap\">\n\t\t\t\t\t\t<div class=\"elementor-element elementor-element-b65da29 elementor-widget elementor-widget-text-editor\" data-id=\"b65da29\" data-element_type=\"widget\" data-widget_type=\"text-editor.default\">\n\t\t\t\t<div class=\"elementor-widget-container\">\n\t\t\t\t\t<div class=\"elementor-text-editor elementor-clearfix\"><p><strong>Un renseignement ? Une question ? Contactez-nous au 02 48 23 01 10 ou par mail : contact@a-tessiot.com<\/strong><\/p><\/div>\n\t\t\t\t<\/div>\n\t\t\t\t<\/div>\n\t\t\t\t\t\t<\/div>\n\t\t\t\t\t<\/div>\n\t\t<\/div>\n\t\t\t\t\t\t\t\t<\/div>\n\t\t\t\t\t<\/div>\n\t\t<\/section>\n\t\t\t\t\t\t<\/div>\n\t\t\t\t\t\t<\/div>\n\t\t\t\t\t<\/div>\n\t\t","protected":false},"excerpt":{"rendered":"<p>DEM SUPER ECO : Votre camion de d\u00e9m\u00e9nagement avec chauffeur \u00e0 Bourges. 4.2\/5 &#xE934;&#xE934;&#xE934;&#xE934;&#xE934; 4.3\/5 Note moyenne attribu\u00e9e par nos<\/p>\n","protected":false},"author":11,"featured_media":0,"parent":0,"menu_order":0,"comment_status":"closed","ping_status":"closed","template":"","meta":{"footnotes":""},"yoast_head":"<!-- This site is optimized with the Yoast SEO plugin v15.8 - https:\/\/yoast.com\/wordpress\/plugins\/seo\/ -->\n<title>Louez un camion avec chauffeur. &ndash; Tessiot D\u00e9m\u00e9nagements<\/title>\n<meta name=\"description\" content=\"DEM SUPER ECO : Votre camion de d\u00e9m\u00e9nagement avec chauffeur \u00e0 Bourges. 4.2\/5 &#xE934;&#xE934;&#xE934;&#xE934;&#xE934; 4.3\/5 Note moyenne attribu\u00e9e par nos Avec DEM SUPER ECO, louez \u00e0 la demi-journ\u00e9e ou \u00e0 la journ\u00e9e un camion de 20m3 avec chauffeur D\u00e9m\u00e9nageur \u00e0 Bourges.\" \/>\n<meta name=\"robots\" content=\"index, follow, max-snippet:-1, max-image-preview:large, max-video-preview:-1\" \/>\n<link rel=\"canonical\" href=\"https:\/\/www.tessiot-demenagement.com\/fr\/louez-un-camion-avec-chauffeur\/\" \/>\n<meta property=\"og:locale\" content=\"fr_FR\" \/>\n<meta property=\"og:type\" content=\"article\" \/>\n<meta property=\"og:title\" content=\"Louez un camion avec chauffeur. &ndash; Tessiot D\u00e9m\u00e9nagements\" \/>\n<meta property=\"og:description\" content=\"DEM SUPER ECO : Votre camion de d\u00e9m\u00e9nagement avec chauffeur \u00e0 Bourges. 4.2\/5 &#xE934;&#xE934;&#xE934;&#xE934;&#xE934; 4.3\/5 Note moyenne attribu\u00e9e par nos Avec DEM SUPER ECO, louez \u00e0 la demi-journ\u00e9e ou \u00e0 la journ\u00e9e un camion de 20m3 avec chauffeur D\u00e9m\u00e9nageur \u00e0 Bourges.\" \/>\n<meta property=\"og:url\" content=\"https:\/\/www.tessiot-demenagement.com\/fr\/louez-un-camion-avec-chauffeur\/\" \/>\n<meta property=\"og:site_name\" content=\"Tessiot D\u00e9m\u00e9nagements\" \/>\n<meta property=\"article:publisher\" content=\"https:\/\/www.facebook.com\/tessiot.demenagements\" \/>\n<meta property=\"article:modified_time\" content=\"2021-01-21T10:11:10+00:00\" \/>\n<meta property=\"og:image\" content=\"https:\/\/www.tessiot-demenagement.com\/fr\/wp-content\/uploads\/2020\/10\/DEM-SUPER-ECO-2.png\" \/>\n<meta name=\"twitter:card\" content=\"summary_large_image\" \/>\n<meta name=\"twitter:site\" content=\"@TDemenagements\" \/>\n<meta name=\"twitter:label1\" content=\"Dur\u00e9e de lecture est.\">\n\t<meta name=\"twitter:data1\" content=\"3 minutes\">\n<script type=\"application\/ld+json\" class=\"yoast-schema-graph\">{\"@context\":\"https:\/\/schema.org\",\"@graph\":[{\"@type\":\"Organization\",\"@id\":\"https:\/\/www.tessiot-demenagement.com\/fr\/#organization\",\"name\":\"Tessiot-D\\u00e9m\\u00e9nagements\",\"url\":\"https:\/\/www.tessiot-demenagement.com\/fr\/\",\"sameAs\":[\"https:\/\/www.facebook.com\/tessiot.demenagements\",\"https:\/\/www.instagram.com\/tessiotdemenagements\/\",\"https:\/\/www.youtube.com\/watch?v=maGVkMma1Dw.\",\"https:\/\/twitter.com\/TDemenagements\"],\"logo\":{\"@type\":\"ImageObject\",\"@id\":\"https:\/\/www.tessiot-demenagement.com\/fr\/#logo\",\"inLanguage\":\"fr-FR\",\"url\":\"https:\/\/www.tessiot-demenagement.com\/fr\/wp-content\/uploads\/2012\/01\/logo1-e1536916717562.png\",\"width\":80,\"height\":41,\"caption\":\"Tessiot-D\\u00e9m\\u00e9nagements\"},\"image\":{\"@id\":\"https:\/\/www.tessiot-demenagement.com\/fr\/#logo\"}},{\"@type\":\"WebSite\",\"@id\":\"https:\/\/www.tessiot-demenagement.com\/fr\/#website\",\"url\":\"https:\/\/www.tessiot-demenagement.com\/fr\/\",\"name\":\"Tessiot D\\u00e9m\\u00e9nagements\",\"description\":\"D\\u00e9m\\u00e9nagement national et international\",\"publisher\":{\"@id\":\"https:\/\/www.tessiot-demenagement.com\/fr\/#organization\"},\"potentialAction\":[{\"@type\":\"SearchAction\",\"target\":\"https:\/\/www.tessiot-demenagement.com\/fr\/?s={search_term_string}\",\"query-input\":\"required name=search_term_string\"}],\"inLanguage\":\"fr-FR\"},{\"@type\":\"ImageObject\",\"@id\":\"https:\/\/www.tessiot-demenagement.com\/fr\/louez-un-camion-avec-chauffeur\/#primaryimage\",\"inLanguage\":\"fr-FR\",\"url\":\"https:\/\/www.tessiot-demenagement.com\/fr\/wp-content\/uploads\/2020\/10\/DEM-SUPER-ECO-2.png\",\"width\":900,\"height\":300,\"caption\":\"location de camion de d\\u00e9m\\u00e9nagement\"},{\"@type\":\"WebPage\",\"@id\":\"https:\/\/www.tessiot-demenagement.com\/fr\/louez-un-camion-avec-chauffeur\/#webpage\",\"url\":\"https:\/\/www.tessiot-demenagement.com\/fr\/louez-un-camion-avec-chauffeur\/\",\"name\":\"Louez un camion avec chauffeur. &ndash; Tessiot D\\u00e9m\\u00e9nagements\",\"isPartOf\":{\"@id\":\"https:\/\/www.tessiot-demenagement.com\/fr\/#website\"},\"primaryImageOfPage\":{\"@id\":\"https:\/\/www.tessiot-demenagement.com\/fr\/louez-un-camion-avec-chauffeur\/#primaryimage\"},\"datePublished\":\"2020-09-30T07:09:24+00:00\",\"dateModified\":\"2021-01-21T10:11:10+00:00\",\"description\":\"DEM SUPER ECO : Votre camion de d\\u00e9m\\u00e9nagement avec chauffeur \\u00e0 Bourges. 4.2\/5 &#xE934;&#xE934;&#xE934;&#xE934;&#xE934; 4.3\/5 Note moyenne attribu\\u00e9e par nos Avec DEM SUPER ECO, louez \\u00e0 la demi-journ\\u00e9e ou \\u00e0 la journ\\u00e9e un camion de 20m3 avec chauffeur D\\u00e9m\\u00e9nageur \\u00e0 Bourges.\",\"breadcrumb\":{\"@id\":\"https:\/\/www.tessiot-demenagement.com\/fr\/louez-un-camion-avec-chauffeur\/#breadcrumb\"},\"inLanguage\":\"fr-FR\",\"potentialAction\":[{\"@type\":\"ReadAction\",\"target\":[\"https:\/\/www.tessiot-demenagement.com\/fr\/louez-un-camion-avec-chauffeur\/\"]}]},{\"@type\":\"BreadcrumbList\",\"@id\":\"https:\/\/www.tessiot-demenagement.com\/fr\/louez-un-camion-avec-chauffeur\/#breadcrumb\",\"itemListElement\":[{\"@type\":\"ListItem\",\"position\":1,\"item\":{\"@type\":\"WebPage\",\"@id\":\"https:\/\/www.tessiot-demenagement.com\/fr\/\",\"url\":\"https:\/\/www.tessiot-demenagement.com\/fr\/\",\"name\":\"Home\"}},{\"@type\":\"ListItem\",\"position\":2,\"item\":{\"@type\":\"WebPage\",\"@id\":\"https:\/\/www.tessiot-demenagement.com\/fr\/louez-un-camion-avec-chauffeur\/\",\"url\":\"https:\/\/www.tessiot-demenagement.com\/fr\/louez-un-camion-avec-chauffeur\/\",\"name\":\"Louez un camion avec chauffeur.\"}}]}]}<\/script>\n<!-- \/ Yoast SEO plugin. -->","_links":{"self":[{"href":"https:\/\/www.tessiot-demenagement.com\/fr\/wp-json\/wp\/v2\/pages\/6284"}],"collection":[{"href":"https:\/\/www.tessiot-demenagement.com\/fr\/wp-json\/wp\/v2\/pages"}],"about":[{"href":"https:\/\/www.tessiot-demenagement.com\/fr\/wp-json\/wp\/v2\/types\/page"}],"author":[{"embeddable":true,"href":"https:\/\/www.tessiot-demenagement.com\/fr\/wp-json\/wp\/v2\/users\/11"}],"replies":[{"embeddable":true,"href":"https:\/\/www.tessiot-demenagement.com\/fr\/wp-json\/wp\/v2\/comments?post=6284"}],"version-history":[{"count":74,"href":"https:\/\/www.tessiot-demenagement.com\/fr\/wp-json\/wp\/v2\/pages\/6284\/revisions"}],"predecessor-version":[{"id":7306,"href":"https:\/\/www.tessiot-demenagement.com\/fr\/wp-json\/wp\/v2\/pages\/6284\/revisions\/7306"}],"wp:attachment":[{"href":"https:\/\/www.tessiot-demenagement.com\/fr\/wp-json\/wp\/v2\/media?parent=6284"}],"curies":[{"name":"wp","href":"https:\/\/api.w.org\/{rel}","templated":true}]}}