{"id":4892,"date":"2020-06-23T16:44:55","date_gmt":"2020-06-23T14:44:55","guid":{"rendered":"https:\/\/www.tessiot-demenagement.com\/fr\/politique-de-confidentialite\/"},"modified":"2020-09-24T17:27:18","modified_gmt":"2020-09-24T15:27:18","slug":"politique-de-confidentialite","status":"publish","type":"page","link":"https:\/\/www.tessiot-demenagement.com\/fr\/politique-de-confidentialite\/","title":{"rendered":"Politique de confidentialit\u00e9"},"content":{"rendered":"\t\t<div data-elementor-type=\"wp-page\" data-elementor-id=\"4892\" class=\"elementor elementor-4892\" data-elementor-settings=\"[]\">\n\t\t\t\t\t\t<div class=\"elementor-inner\">\n\t\t\t\t\t\t\t<div class=\"elementor-section-wrap\">\n\t\t\t\t\t\t\t<section class=\"elementor-section elementor-top-section elementor-element elementor-element-54d4dc8a elementor-section-boxed elementor-section-height-default elementor-section-height-default\" data-id=\"54d4dc8a\" data-element_type=\"section\">\n\t\t\t\t\t\t<div class=\"elementor-container elementor-column-gap-default\">\n\t\t\t\t\t\t\t<div class=\"elementor-row\">\n\t\t\t\t\t<div class=\"elementor-column elementor-col-100 elementor-top-column elementor-element elementor-element-2cb695fd\" data-id=\"2cb695fd\" data-element_type=\"column\">\n\t\t\t<div class=\"elementor-column-wrap elementor-element-populated\">\n\t\t\t\t\t\t\t<div class=\"elementor-widget-wrap\">\n\t\t\t\t\t\t<div class=\"elementor-element elementor-element-6fd515ad elementor-widget elementor-widget-text-editor\" data-id=\"6fd515ad\" data-element_type=\"widget\" data-widget_type=\"text-editor.default\">\n\t\t\t\t<div class=\"elementor-widget-container\">\n\t\t\t\t\t<div class=\"elementor-text-editor elementor-clearfix\"><div style=\"text-align: left;\">Bienvenue sur https:\/\/www.tessiot-demenagement.com\/fr . Nous comprenons que la protection de la vie priv\u00e9e en ligne est importante pour les utilisateurs de notre Site, en particulier dans le cadre de leurs activit\u00e9s commerciales. Cette d\u00e9claration r\u00e9git nos politiques de protection de la vie priv\u00e9e \u00e0 l\u2019\u00e9gard des utilisateurs du Site (\u201dVisiteurs\u201d) qui visitent le Site sans effectuer de transactions commerciales et des Visiteurs qui s\u2019inscrivent pour effectuer des transactions commerciales sur le Site et utilisent les diff\u00e9rents services offerts par A. Tessiot D\u00e9m\u00e9nagements (collectivement, \u201dServices\u201d) (\u201dClients autoris\u00e9s\u201d).<\/div><div style=\"text-align: left;\">\u201dInformations personnellement identifiables\u201d.<br \/>Fait r\u00e9f\u00e9rence \u00e0 toute information qui identifie ou peut \u00eatre utilis\u00e9e pour identifier, contacter ou localiser la personne \u00e0 laquelle cette information se rapporte, y compris, mais sans s\u2019y limiter, le nom, l\u2019adresse, le num\u00e9ro de t\u00e9l\u00e9phone, le num\u00e9ro de fax, l\u2019adresse \u00e9lectronique, les profils financiers, le num\u00e9ro de s\u00e9curit\u00e9 sociale et les informations relatives aux cartes de cr\u00e9dit. Les informations personnellement identifiables ne comprennent pas les informations recueillies de mani\u00e8re anonyme (c\u2019est-\u00e0-dire sans identification de l\u2019utilisateur individuel) ou les informations d\u00e9mographiques qui ne sont pas li\u00e9es \u00e0 une personne identifi\u00e9e.<\/div><div style=\"text-align: left;\"><strong>Quelles sont les informations personnellement identifiables collect\u00e9es ?<\/strong><\/div><div style=\"text-align: left;\">Nous pouvons collecter des informations de base sur le profil de l\u2019utilisateur de tous nos visiteurs. Nous recueillons les informations suppl\u00e9mentaires suivantes aupr\u00e8s de nos clients autoris\u00e9s : les noms, adresses, num\u00e9ros de t\u00e9l\u00e9phone et adresses \u00e9lectroniques des clients autoris\u00e9s, la nature et la taille de l\u2019entreprise, ainsi que la nature et la taille du stock de publicit\u00e9 que le client autoris\u00e9 a l\u2019intention d\u2019acheter ou de vendre.<\/div><div style=\"text-align: left;\"><strong>Quelles sont les organisations qui recueillent ces informations ?<\/strong><\/div><div style=\"text-align: left;\">En plus de la collecte directe d\u2019informations, nos fournisseurs de services tiers (tels que les soci\u00e9t\u00e9s de cartes de cr\u00e9dit, les chambres de compensation et les banques) qui peuvent fournir des services tels que le cr\u00e9dit, l\u2019assurance et les services de s\u00e9questre peuvent recueillir ces informations aupr\u00e8s de nos visiteurs et clients autoris\u00e9s. Nous ne contr\u00f4lons pas la mani\u00e8re dont ces tiers utilisent ces informations, mais nous leur demandons de nous indiquer comment ils utilisent les informations personnelles qui leur sont fournies par les visiteurs et les clients autoris\u00e9s. Certains de ces tiers peuvent \u00eatre des interm\u00e9diaires qui agissent uniquement en tant que maillons de la cha\u00eene de distribution et ne stockent, ne conservent ou n\u2019utilisent pas les informations qui leur sont fournies.<\/div><div style=\"text-align: left;\"><strong>Comment le site utilise-t-il les informations personnelles identifiables ?<\/strong><\/div><div style=\"text-align: left;\">Nous utilisons les informations personnellement identifiables pour personnaliser le site, pour faire des offres de service appropri\u00e9es et pour r\u00e9pondre aux demandes d\u2019achat et de vente sur le site. Nous pouvons envoyer des courriers \u00e9lectroniques aux visiteurs et aux clients autoris\u00e9s pour les informer des possibilit\u00e9s de recherche ou d\u2019achat et de vente sur le site ou pour leur communiquer des informations li\u00e9es \u00e0 l\u2019objet du site. Nous pouvons \u00e9galement utiliser des informations personnellement identifiables pour contacter les visiteurs et les clients autoris\u00e9s en r\u00e9ponse \u00e0 des demandes sp\u00e9cifiques ou pour fournir les informations demand\u00e9es.<\/div><div style=\"text-align: left;\"><strong>Avec qui les informations peuvent-elles \u00eatre partag\u00e9es ?<\/strong><\/div><div style=\"text-align: left;\">Les informations personnellement identifiables concernant les clients autoris\u00e9s peuvent \u00eatre partag\u00e9es avec d\u2019autres clients autoris\u00e9s qui souhaitent \u00e9valuer des transactions potentielles avec d\u2019autres clients autoris\u00e9s. Nous pouvons partager des informations agr\u00e9g\u00e9es sur nos visiteurs, y compris les donn\u00e9es d\u00e9mographiques de nos visiteurs et clients autoris\u00e9s, avec nos agences affili\u00e9es et des fournisseurs tiers. Nous offrons \u00e9galement la possibilit\u00e9 de \u201drefuser\u201d de recevoir des informations ou d\u2019\u00eatre contact\u00e9s par nous ou par toute agence agissant en notre nom.<\/div><div style=\"text-align: left;\"><strong>Comment les informations personnelles identifiables sont-elles stock\u00e9es ?<\/strong><\/div><div style=\"text-align: left;\">Les informations personnellement identifiables collect\u00e9es par A. Tessiot D\u00e9m\u00e9nagements sont stock\u00e9es de mani\u00e8re s\u00e9curis\u00e9e et ne sont pas accessibles aux tiers ou aux employ\u00e9s de A. Tessiot d\u00e9m\u00e9nagement, sauf pour l\u2019utilisation indiqu\u00e9e ci-dessus.<\/div><div style=\"text-align: left;\"><strong>Quels sont les choix qui s\u2019offrent aux visiteurs en ce qui concerne la collecte, l\u2019utilisation et la distribution des informations ?<\/strong><\/div><div style=\"text-align: left;\">Les visiteurs et les clients autoris\u00e9s peuvent choisir de ne pas recevoir d\u2019informations non sollicit\u00e9es de notre part et\/ou de nos fournisseurs et agences affili\u00e9es ou d\u2019\u00eatre contact\u00e9s par eux en r\u00e9pondant aux courriers \u00e9lectroniques selon les instructions ou en nous contactant \u00e0 l\u2019adresse suivante : Tessiot d\u00e9m\u00e9nagements 3 enclos des b\u00e9n\u00e9dictins 18000 Bourges.<\/div><div style=\"text-align: left;\"><strong>Des cookies sont-ils utilis\u00e9s sur le site ?<\/strong><\/div><div style=\"text-align: left;\">Les cookies sont utilis\u00e9s pour diverses raisons. Nous utilisons les cookies pour obtenir des informations sur les pr\u00e9f\u00e9rences de nos visiteurs et les services qu\u2019ils s\u00e9lectionnent. Nous utilisons \u00e9galement les cookies \u00e0 des fins de s\u00e9curit\u00e9 pour prot\u00e9ger nos clients autoris\u00e9s. Par exemple, si un client autoris\u00e9 est connect\u00e9 et que le site n\u2019est pas utilis\u00e9 pendant plus de 10 minutes, nous le d\u00e9connecterons automatiquement.<\/div><div style=\"text-align: left;\"><strong>Comment A. Tessiot D\u00e9m\u00e9nagements utilise-t-elle les informations de connexion ?<\/strong><\/div><div style=\"text-align: left;\">A. Tessiot D\u00e9m\u00e9nagements utilise les informations de connexion, y compris, mais sans s\u2019y limiter, les adresses IP, les FAI et les types de navigateurs, pour analyser les tendances, administrer le site, suivre les mouvements et l\u2019utilisation d\u2019un utilisateur et recueillir des informations d\u00e9mographiques g\u00e9n\u00e9rales.<\/div><div>\u00a0<\/div><div><strong>Quels partenaires ou prestataires de services ont acc\u00e8s aux informations personnellement identifiables des visiteurs et\/ou des clients autoris\u00e9s sur le site ?<\/strong><\/div><div>A. Tessiot D\u00e9m\u00e9nagements a conclu et continuera \u00e0 conclure des partenariats et d\u2019autres affiliations avec un certain nombre de fournisseurs, qui peuvent avoir acc\u00e8s \u00e0 certaines informations personnelles identifiables selon le principe du besoin de savoir, afin d\u2019\u00e9valuer l\u2019\u00e9ligibilit\u00e9 des clients autoris\u00e9s. Notre politique de confidentialit\u00e9 ne couvre pas leur collecte ou leur utilisation de ces informations. Divulgation d\u2019informations personnelles identifiables pour se conformer \u00e0 la loi. Nous divulguerons des informations personnellement identifiables afin de nous conformer \u00e0 une ordonnance du tribunal ou \u00e0 une assignation \u00e0 compara\u00eetre ou \u00e0 une demande d\u2019un organisme d\u2019application de la loi de divulguer des informations. Nous divulguerons \u00e9galement des informations personnellement identifiables lorsque cela sera raisonnablement n\u00e9cessaire pour prot\u00e9ger la s\u00e9curit\u00e9 de nos visiteurs et clients autoris\u00e9s.<\/div><div><strong>Comment le site assure-t-il la s\u00e9curit\u00e9 des informations personnellement identifiables ?<\/strong><\/div><div>Tous nos employ\u00e9s connaissent notre politique et nos pratiques en mati\u00e8re de s\u00e9curit\u00e9. Les informations personnellement identifiables de nos visiteurs et clients autoris\u00e9s ne sont accessibles qu\u2019\u00e0 un nombre limit\u00e9 d\u2019employ\u00e9s qualifi\u00e9s qui re\u00e7oivent un mot de passe pour y acc\u00e9der. Nous v\u00e9rifions r\u00e9guli\u00e8rement nos syst\u00e8mes et processus de s\u00e9curit\u00e9. Les informations sensibles, telles que les num\u00e9ros de carte de cr\u00e9dit ou les num\u00e9ros de s\u00e9curit\u00e9 sociale, sont prot\u00e9g\u00e9es par des protocoles de cryptage, mis en place pour prot\u00e9ger les informations envoy\u00e9es sur Internet. Bien que nous prenions des mesures commercialement raisonnables pour maintenir un site s\u00e9curis\u00e9, les communications \u00e9lectroniques et les bases de donn\u00e9es sont sujettes \u00e0 des erreurs, des alt\u00e9rations et des effractions, et nous ne pouvons pas garantir que de tels \u00e9v\u00e9nements n\u2019auront pas lieu et nous ne serons pas responsables envers les visiteurs ou les clients autoris\u00e9s pour de tels \u00e9v\u00e9nements.<\/div><div><strong>Comment les Visiteurs peuvent-ils corriger toute inexactitude dans les informations personnellement identifiables ?<\/strong><\/div><div>Les Visiteurs et les Clients autoris\u00e9s peuvent nous contacter pour mettre \u00e0 jour les Informations Personnellement Identifiables les concernant ou pour corriger toute inexactitude en nous envoyant un courrier \u00e9lectronique \u00e0 contact@a-tessiot.com<\/div><div><strong>Un visiteur peut-il supprimer ou d\u00e9sactiver les informations personnelles identifiables collect\u00e9es par le site ?<\/strong><\/div><div>Nous fournissons aux Visiteurs et aux Clients autoris\u00e9s un m\u00e9canisme permettant de supprimer\/d\u00e9sactiver les Informations Personnelles Identifiables de la base de donn\u00e9es du Site en contactant . Toutefois, en raison des sauvegardes et des enregistrements des suppressions, il peut \u00eatre impossible de supprimer l\u2019entr\u00e9e d\u2019un visiteur sans conserver certaines informations r\u00e9siduelles. Une personne qui demande la d\u00e9sactivation d\u2019informations d\u2019identification personnelle verra ces informations supprim\u00e9es de mani\u00e8re fonctionnelle, et nous ne vendrons, transf\u00e9rerons ou utiliserons pas les informations d\u2019identification personnelle relatives \u00e0 cette personne de quelque mani\u00e8re que ce soit.<\/div><div><strong>Que se passe-t-il en cas de modification de la politique de confidentialit\u00e9 ?<\/strong><\/div><div>Nous informerons nos visiteurs et nos clients autoris\u00e9s des modifications apport\u00e9es \u00e0 notre politique de confidentialit\u00e9 en les publiant sur le site. Toutefois, si nous modifions notre politique de confidentialit\u00e9 d\u2019une mani\u00e8re qui pourrait entra\u00eener la divulgation d\u2019informations personnellement identifiables dont un visiteur ou un client autoris\u00e9 a pr\u00e9c\u00e9demment demand\u00e9 la non-divulgation, nous contacterons ce visiteur ou ce client autoris\u00e9 pour lui permettre d\u2019emp\u00eacher cette divulgation.<\/div><div>\u00a0<\/div><div>Liens :<br \/>https:\/\/www.tessiot-demenagement.com\/fr contient des liens vers d\u2019autres sites web. Veuillez noter que lorsque vous cliquez sur un de ces liens, vous vous d\u00e9placez vers un autre site web. Nous vous encourageons \u00e0 lire les d\u00e9clarations de confidentialit\u00e9 de ces sites, car leur politique de confidentialit\u00e9 peut diff\u00e9rer de la n\u00f4tre.<\/div><\/div>\n\t\t\t\t<\/div>\n\t\t\t\t<\/div>\n\t\t\t\t\t\t<\/div>\n\t\t\t\t\t<\/div>\n\t\t<\/div>\n\t\t\t\t\t\t\t\t<\/div>\n\t\t\t\t\t<\/div>\n\t\t<\/section>\n\t\t\t\t\t\t<\/div>\n\t\t\t\t\t\t<\/div>\n\t\t\t\t\t<\/div>\n\t\t","protected":false},"excerpt":{"rendered":"<p>Tessiot d\u00e9m\u00e9nagement met un point d&#8217;honneur \u00e0 respecter vos donn\u00e9es et votre vie priv\u00e9e. Consultez notre politique de confidentialit\u00e9 lorsque vous visitez notre site Internet.<\/p>\n","protected":false},"author":11,"featured_media":4143,"parent":0,"menu_order":0,"comment_status":"closed","ping_status":"closed","template":"","meta":{"footnotes":""},"yoast_head":"<!-- This site is optimized with the Yoast SEO plugin v15.8 - https:\/\/yoast.com\/wordpress\/plugins\/seo\/ -->\n<title>Politique de confidentialit\u00e9 &ndash; Tessiot D\u00e9m\u00e9nagements<\/title>\n<meta name=\"description\" content=\"Tessiot d\u00e9m\u00e9nagement met un point d&#039;honneur \u00e0 respecter vos donn\u00e9es et votre vie priv\u00e9e. Consultez notre politique de confidentialit\u00e9 lorsque vous visitez notre site Internet.\" \/>\n<meta name=\"robots\" content=\"index, follow, max-snippet:-1, max-image-preview:large, max-video-preview:-1\" \/>\n<link rel=\"canonical\" href=\"https:\/\/www.tessiot-demenagement.com\/fr\/politique-de-confidentialite\/\" \/>\n<meta property=\"og:locale\" content=\"fr_FR\" \/>\n<meta property=\"og:type\" content=\"article\" \/>\n<meta property=\"og:title\" content=\"Politique de confidentialit\u00e9 &ndash; Tessiot D\u00e9m\u00e9nagements\" \/>\n<meta property=\"og:description\" content=\"Tessiot d\u00e9m\u00e9nagement met un point d&#039;honneur \u00e0 respecter vos donn\u00e9es et votre vie priv\u00e9e. Consultez notre politique de confidentialit\u00e9 lorsque vous visitez notre site Internet.\" \/>\n<meta property=\"og:url\" content=\"https:\/\/www.tessiot-demenagement.com\/fr\/politique-de-confidentialite\/\" \/>\n<meta property=\"og:site_name\" content=\"Tessiot D\u00e9m\u00e9nagements\" \/>\n<meta property=\"article:publisher\" content=\"https:\/\/www.facebook.com\/tessiot.demenagements\" \/>\n<meta property=\"article:modified_time\" content=\"2020-09-24T15:27:18+00:00\" \/>\n<meta property=\"og:image\" content=\"https:\/\/www.tessiot-demenagement.com\/fr\/wp-content\/uploads\/2019\/08\/LOGO-1.png\" \/>\n\t<meta property=\"og:image:width\" content=\"228\" \/>\n\t<meta property=\"og:image:height\" content=\"116\" \/>\n<meta name=\"twitter:card\" content=\"summary_large_image\" \/>\n<meta name=\"twitter:site\" content=\"@TDemenagements\" \/>\n<meta name=\"twitter:label1\" content=\"Dur\u00e9e de lecture est.\">\n\t<meta name=\"twitter:data1\" content=\"8 minutes\">\n<script type=\"application\/ld+json\" class=\"yoast-schema-graph\">{\"@context\":\"https:\/\/schema.org\",\"@graph\":[{\"@type\":\"Organization\",\"@id\":\"https:\/\/www.tessiot-demenagement.com\/fr\/#organization\",\"name\":\"Tessiot-D\\u00e9m\\u00e9nagements\",\"url\":\"https:\/\/www.tessiot-demenagement.com\/fr\/\",\"sameAs\":[\"https:\/\/www.facebook.com\/tessiot.demenagements\",\"https:\/\/www.instagram.com\/tessiotdemenagements\/\",\"https:\/\/www.youtube.com\/watch?v=maGVkMma1Dw.\",\"https:\/\/twitter.com\/TDemenagements\"],\"logo\":{\"@type\":\"ImageObject\",\"@id\":\"https:\/\/www.tessiot-demenagement.com\/fr\/#logo\",\"inLanguage\":\"fr-FR\",\"url\":\"https:\/\/www.tessiot-demenagement.com\/fr\/wp-content\/uploads\/2012\/01\/logo1-e1536916717562.png\",\"width\":80,\"height\":41,\"caption\":\"Tessiot-D\\u00e9m\\u00e9nagements\"},\"image\":{\"@id\":\"https:\/\/www.tessiot-demenagement.com\/fr\/#logo\"}},{\"@type\":\"WebSite\",\"@id\":\"https:\/\/www.tessiot-demenagement.com\/fr\/#website\",\"url\":\"https:\/\/www.tessiot-demenagement.com\/fr\/\",\"name\":\"Tessiot D\\u00e9m\\u00e9nagements\",\"description\":\"D\\u00e9m\\u00e9nagement national et international\",\"publisher\":{\"@id\":\"https:\/\/www.tessiot-demenagement.com\/fr\/#organization\"},\"potentialAction\":[{\"@type\":\"SearchAction\",\"target\":\"https:\/\/www.tessiot-demenagement.com\/fr\/?s={search_term_string}\",\"query-input\":\"required name=search_term_string\"}],\"inLanguage\":\"fr-FR\"},{\"@type\":\"ImageObject\",\"@id\":\"https:\/\/www.tessiot-demenagement.com\/fr\/politique-de-confidentialite\/#primaryimage\",\"inLanguage\":\"fr-FR\",\"url\":\"https:\/\/www.tessiot-demenagement.com\/fr\/wp-content\/uploads\/2019\/08\/LOGO-1.png\",\"width\":228,\"height\":116,\"caption\":\"Tessiot D\\u00e9m\\u00e9nagements\"},{\"@type\":\"WebPage\",\"@id\":\"https:\/\/www.tessiot-demenagement.com\/fr\/politique-de-confidentialite\/#webpage\",\"url\":\"https:\/\/www.tessiot-demenagement.com\/fr\/politique-de-confidentialite\/\",\"name\":\"Politique de confidentialit\\u00e9 &ndash; Tessiot D\\u00e9m\\u00e9nagements\",\"isPartOf\":{\"@id\":\"https:\/\/www.tessiot-demenagement.com\/fr\/#website\"},\"primaryImageOfPage\":{\"@id\":\"https:\/\/www.tessiot-demenagement.com\/fr\/politique-de-confidentialite\/#primaryimage\"},\"datePublished\":\"2020-06-23T14:44:55+00:00\",\"dateModified\":\"2020-09-24T15:27:18+00:00\",\"description\":\"Tessiot d\\u00e9m\\u00e9nagement met un point d'honneur \\u00e0 respecter vos donn\\u00e9es et votre vie priv\\u00e9e. Consultez notre politique de confidentialit\\u00e9 lorsque vous visitez notre site Internet.\",\"breadcrumb\":{\"@id\":\"https:\/\/www.tessiot-demenagement.com\/fr\/politique-de-confidentialite\/#breadcrumb\"},\"inLanguage\":\"fr-FR\",\"potentialAction\":[{\"@type\":\"ReadAction\",\"target\":[\"https:\/\/www.tessiot-demenagement.com\/fr\/politique-de-confidentialite\/\"]}]},{\"@type\":\"BreadcrumbList\",\"@id\":\"https:\/\/www.tessiot-demenagement.com\/fr\/politique-de-confidentialite\/#breadcrumb\",\"itemListElement\":[{\"@type\":\"ListItem\",\"position\":1,\"item\":{\"@type\":\"WebPage\",\"@id\":\"https:\/\/www.tessiot-demenagement.com\/fr\/\",\"url\":\"https:\/\/www.tessiot-demenagement.com\/fr\/\",\"name\":\"Home\"}},{\"@type\":\"ListItem\",\"position\":2,\"item\":{\"@type\":\"WebPage\",\"@id\":\"https:\/\/www.tessiot-demenagement.com\/fr\/politique-de-confidentialite\/\",\"url\":\"https:\/\/www.tessiot-demenagement.com\/fr\/politique-de-confidentialite\/\",\"name\":\"Politique de confidentialit\\u00e9\"}}]}]}<\/script>\n<!-- \/ Yoast SEO plugin. -->","_links":{"self":[{"href":"https:\/\/www.tessiot-demenagement.com\/fr\/wp-json\/wp\/v2\/pages\/4892"}],"collection":[{"href":"https:\/\/www.tessiot-demenagement.com\/fr\/wp-json\/wp\/v2\/pages"}],"about":[{"href":"https:\/\/www.tessiot-demenagement.com\/fr\/wp-json\/wp\/v2\/types\/page"}],"author":[{"embeddable":true,"href":"https:\/\/www.tessiot-demenagement.com\/fr\/wp-json\/wp\/v2\/users\/11"}],"replies":[{"embeddable":true,"href":"https:\/\/www.tessiot-demenagement.com\/fr\/wp-json\/wp\/v2\/comments?post=4892"}],"version-history":[{"count":8,"href":"https:\/\/www.tessiot-demenagement.com\/fr\/wp-json\/wp\/v2\/pages\/4892\/revisions"}],"predecessor-version":[{"id":6239,"href":"https:\/\/www.tessiot-demenagement.com\/fr\/wp-json\/wp\/v2\/pages\/4892\/revisions\/6239"}],"wp:featuredmedia":[{"embeddable":true,"href":"https:\/\/www.tessiot-demenagement.com\/fr\/wp-json\/wp\/v2\/media\/4143"}],"wp:attachment":[{"href":"https:\/\/www.tessiot-demenagement.com\/fr\/wp-json\/wp\/v2\/media?parent=4892"}],"curies":[{"name":"wp","href":"https:\/\/api.w.org\/{rel}","templated":true}]}}