{"id":2853,"date":"2014-11-26T18:42:48","date_gmt":"2014-11-26T17:42:48","guid":{"rendered":"http:\/\/www.tessiot-demenagement.com\/fr\/?page_id=2853"},"modified":"2022-02-25T10:44:08","modified_gmt":"2022-02-25T09:44:08","slug":"quels-documents-pour-demenager-dans-les-dom-tom","status":"publish","type":"page","link":"https:\/\/www.tessiot-demenagement.com\/fr\/quels-documents-pour-demenager-dans-les-dom-tom\/","title":{"rendered":"Quels documents pour d\u00e9m\u00e9nager dans les DOM TOM ?"},"content":{"rendered":"\t\t<div data-elementor-type=\"wp-page\" data-elementor-id=\"2853\" class=\"elementor elementor-2853\" data-elementor-settings=\"[]\">\n\t\t\t\t\t\t<div class=\"elementor-inner\">\n\t\t\t\t\t\t\t<div class=\"elementor-section-wrap\">\n\t\t\t\t\t\t\t<section class=\"elementor-section elementor-top-section elementor-element elementor-element-e19b3d2 elementor-section-boxed elementor-section-height-default elementor-section-height-default\" data-id=\"e19b3d2\" data-element_type=\"section\">\n\t\t\t\t\t\t<div class=\"elementor-container elementor-column-gap-default\">\n\t\t\t\t\t\t\t<div class=\"elementor-row\">\n\t\t\t\t\t<div class=\"elementor-column elementor-col-100 elementor-top-column elementor-element elementor-element-580eef8\" data-id=\"580eef8\" data-element_type=\"column\">\n\t\t\t<div class=\"elementor-column-wrap elementor-element-populated\">\n\t\t\t\t\t\t\t<div class=\"elementor-widget-wrap\">\n\t\t\t\t\t\t<div class=\"elementor-element elementor-element-d64224d elementor-widget elementor-widget-heading\" data-id=\"d64224d\" data-element_type=\"widget\" data-widget_type=\"heading.default\">\n\t\t\t\t<div class=\"elementor-widget-container\">\n\t\t\t<h1 class=\"elementor-heading-title elementor-size-large\">Quels documents pour d\u00e9m\u00e9nager dans les DOM TOM ?<\/h1>\t\t<\/div>\n\t\t\t\t<\/div>\n\t\t\t\t\t\t<\/div>\n\t\t\t\t\t<\/div>\n\t\t<\/div>\n\t\t\t\t\t\t\t\t<\/div>\n\t\t\t\t\t<\/div>\n\t\t<\/section>\n\t\t\t\t<section class=\"elementor-section elementor-top-section elementor-element elementor-element-82f76ae elementor-section-boxed elementor-section-height-default elementor-section-height-default\" data-id=\"82f76ae\" data-element_type=\"section\">\n\t\t\t\t\t\t<div class=\"elementor-container elementor-column-gap-default\">\n\t\t\t\t\t\t\t<div class=\"elementor-row\">\n\t\t\t\t\t<div class=\"elementor-column elementor-col-100 elementor-top-column elementor-element elementor-element-934cd23\" data-id=\"934cd23\" data-element_type=\"column\">\n\t\t\t<div class=\"elementor-column-wrap elementor-element-populated\">\n\t\t\t\t\t\t\t<div class=\"elementor-widget-wrap\">\n\t\t\t\t\t\t<div class=\"elementor-element elementor-element-0989683 elementor-widget elementor-widget-spacer\" data-id=\"0989683\" data-element_type=\"widget\" data-widget_type=\"spacer.default\">\n\t\t\t\t<div class=\"elementor-widget-container\">\n\t\t\t\t\t<div class=\"elementor-spacer\">\n\t\t\t<div class=\"elementor-spacer-inner\"><\/div>\n\t\t<\/div>\n\t\t\t\t<\/div>\n\t\t\t\t<\/div>\n\t\t\t\t\t\t<\/div>\n\t\t\t\t\t<\/div>\n\t\t<\/div>\n\t\t\t\t\t\t\t\t<\/div>\n\t\t\t\t\t<\/div>\n\t\t<\/section>\n\t\t\t\t<section class=\"elementor-section elementor-top-section elementor-element elementor-element-b9491d7 elementor-section-boxed elementor-section-height-default elementor-section-height-default\" data-id=\"b9491d7\" data-element_type=\"section\">\n\t\t\t\t\t\t<div class=\"elementor-container elementor-column-gap-default\">\n\t\t\t\t\t\t\t<div class=\"elementor-row\">\n\t\t\t\t\t<div class=\"elementor-column elementor-col-66 elementor-top-column elementor-element elementor-element-e553fc1\" data-id=\"e553fc1\" data-element_type=\"column\">\n\t\t\t<div class=\"elementor-column-wrap elementor-element-populated\">\n\t\t\t\t\t\t\t<div class=\"elementor-widget-wrap\">\n\t\t\t\t\t\t<div class=\"elementor-element elementor-element-e1590fe elementor-widget elementor-widget-text-editor\" data-id=\"e1590fe\" data-element_type=\"widget\" data-widget_type=\"text-editor.default\">\n\t\t\t\t<div class=\"elementor-widget-container\">\n\t\t\t\t\t<div class=\"elementor-text-editor elementor-clearfix\"><p>Dans le cadre d&#8217;un d\u00e9m\u00e9nagement depuis la France M\u00e9tropolitaine vers la R\u00e9union ou vers Mayotte, vous devez vous acquittez de certaines formalit\u00e9s. Quels documents pour d\u00e9m\u00e9nager dans les DOM TOM ? Voici ci-dessous la liste des pi\u00e8ces \u00e0 fournir. En outre, v<span style=\"font-family: 'Open Sans', serif; font-size: 15px; color: var( --e-global-color-402525f6 );\">ous pouvez acc\u00e9der directement \u00e0 nos documents en ligne en cliquant dessus :<\/span><\/p><ul><li>Devis sign\u00e9<\/li><li><a href=\"http:\/\/www.tessiot-demenagement.com\/fr\/wp-content\/uploads\/2014\/11\/CONDITIONS-GENERALES-DE-DEMENAGEMENT-INTERNATIONALE.pdf\">CONDITIONS GENERALES DE DEMENAGEMENT INTERNATIONALE<\/a>\u00a0sign\u00e9s<\/li><li>Justificatif de domicile de d\u00e9part<\/li><li>Photocopie de carte d&#8217;identit\u00e9 recto-verso ou de passeport<\/li><li>Certificat d&#8217;imposition ou de non imposition<\/li><li><a href=\"http:\/\/www.tessiot-demenagement.com\/fr\/wp-content\/uploads\/2014\/11\/JUSTIFICATIF-CHANGEMENT-DE-RESIDENCE.pdf\">JUSTIFICATIF CHANGEMENT DE RESIDENCE<\/a><\/li><li><a href=\"http:\/\/www.tessiot-demenagement.com\/fr\/wp-content\/uploads\/2014\/11\/INVENTAIRE-VALORISE1.pdf\">INVENTAIRE VALORISE<\/a>\u00a0d\u00e9taill\u00e9 (format PDF) ou\u00a0<a href=\"http:\/\/www.tessiot-demenagement.com\/fr\/wp-content\/uploads\/2014\/11\/INVENTAIRE-VALORISE.docx\">INVENTAIRE VALORISE<\/a>\u00a0d\u00e9taill\u00e9 (format WORD)<\/li><li><a href=\"http:\/\/www.tessiot-demenagement.com\/fr\/wp-content\/uploads\/2014\/11\/DEMANDE-ADMISSION-EN-FRANCHISE.pdf\">DEMANDE ADMISSION EN FRANCHISE<\/a>\u00a0La R\u00e9union ou\u00a0<a href=\"http:\/\/www.tessiot-demenagement.com\/fr\/wp-content\/uploads\/2014\/11\/DEMANDE-ADMISSION-EN-FRANCHISE-Mayotte.pdf\">DEMANDE ADMISSION EN FRANCHISE Mayotte<\/a><\/li><li><a href=\"http:\/\/www.tessiot-demenagement.com\/fr\/wp-content\/uploads\/2014\/11\/PROCURATION-EN-DOUANE.pdf\">PROCURATION EN DOUANE<\/a>\u00a0pour la R\u00e9union ou\u00a0<a href=\"http:\/\/www.tessiot-demenagement.com\/fr\/wp-content\/uploads\/2014\/11\/PROCURATION-EN-DOUANE-Mayotte.pdf\">PROCURATION EN DOUANE Mayotte<\/a><\/li><\/ul><p>Et pour les personnes mut\u00e9es :<\/p><ul><li>Ordre de mutation, arr\u00eat\u00e9 de nomination, certificat de changement de r\u00e9sidence<\/li><\/ul><p>Et dans le cas o\u00f9 vous exp\u00e9diez votre v\u00e9hicule :<\/p><ul><li>L&#8217;original de la carte grise ou carte grise export.<\/li><li>Un certificat de non gage de moins de 3 mois.<\/li><\/ul><p>Rappel: les cl\u00e9s doivent \u00eatre dans le v\u00e9hicule, pensez \u00e0 d\u00e9brancher la batterie.<\/p><\/div>\n\t\t\t\t<\/div>\n\t\t\t\t<\/div>\n\t\t\t\t\t\t<\/div>\n\t\t\t\t\t<\/div>\n\t\t<\/div>\n\t\t\t\t<div class=\"elementor-column elementor-col-33 elementor-top-column elementor-element elementor-element-f03a215\" data-id=\"f03a215\" data-element_type=\"column\">\n\t\t\t<div class=\"elementor-column-wrap elementor-element-populated\">\n\t\t\t\t\t\t\t<div class=\"elementor-widget-wrap\">\n\t\t\t\t\t\t<div class=\"elementor-element elementor-element-db37ff9 elementor-widget elementor-widget-image\" data-id=\"db37ff9\" data-element_type=\"widget\" data-widget_type=\"image.default\">\n\t\t\t\t<div class=\"elementor-widget-container\">\n\t\t\t\t\t<div class=\"elementor-image\">\n\t\t\t\t\t\t\t\t\t\t<img loading=\"lazy\" decoding=\"async\" width=\"600\" height=\"600\" src=\"https:\/\/www.tessiot-demenagement.com\/fr\/wp-content\/uploads\/2020\/06\/Sans-titre-18.png\" class=\"attachment-large size-large\" alt=\"Comment bien d\u00e9m\u00e9nager dans les dom tom\" srcset=\"https:\/\/www.tessiot-demenagement.com\/fr\/wp-content\/uploads\/2020\/06\/Sans-titre-18.png 600w, https:\/\/www.tessiot-demenagement.com\/fr\/wp-content\/uploads\/2020\/06\/Sans-titre-18-300x300.png 300w, https:\/\/www.tessiot-demenagement.com\/fr\/wp-content\/uploads\/2020\/06\/Sans-titre-18-150x150.png 150w, https:\/\/www.tessiot-demenagement.com\/fr\/wp-content\/uploads\/2020\/06\/Sans-titre-18-100x100.png 100w\" sizes=\"(max-width: 600px) 100vw, 600px\" \/>\t\t\t\t\t\t\t\t\t\t\t<\/div>\n\t\t\t\t<\/div>\n\t\t\t\t<\/div>\n\t\t\t\t\t\t<\/div>\n\t\t\t\t\t<\/div>\n\t\t<\/div>\n\t\t\t\t\t\t\t\t<\/div>\n\t\t\t\t\t<\/div>\n\t\t<\/section>\n\t\t\t\t<section class=\"elementor-section elementor-top-section elementor-element elementor-element-2064588 elementor-section-boxed elementor-section-height-default elementor-section-height-default\" data-id=\"2064588\" data-element_type=\"section\">\n\t\t\t\t\t\t<div class=\"elementor-container elementor-column-gap-default\">\n\t\t\t\t\t\t\t<div class=\"elementor-row\">\n\t\t\t\t\t<div class=\"elementor-column elementor-col-100 elementor-top-column elementor-element elementor-element-77758d7\" data-id=\"77758d7\" data-element_type=\"column\">\n\t\t\t<div class=\"elementor-column-wrap elementor-element-populated\">\n\t\t\t\t\t\t\t<div class=\"elementor-widget-wrap\">\n\t\t\t\t\t\t<div class=\"elementor-element elementor-element-ec84897 elementor-widget elementor-widget-heading\" data-id=\"ec84897\" data-element_type=\"widget\" data-widget_type=\"heading.default\">\n\t\t\t\t<div class=\"elementor-widget-container\">\n\t\t\t<h2 class=\"elementor-heading-title elementor-size-large\">Deux agences vous accueillent dans les DOM TOM.<\/h2>\t\t<\/div>\n\t\t\t\t<\/div>\n\t\t\t\t\t\t<\/div>\n\t\t\t\t\t<\/div>\n\t\t<\/div>\n\t\t\t\t\t\t\t\t<\/div>\n\t\t\t\t\t<\/div>\n\t\t<\/section>\n\t\t\t\t<section class=\"elementor-section elementor-top-section elementor-element elementor-element-157607d elementor-section-boxed elementor-section-height-default elementor-section-height-default\" data-id=\"157607d\" data-element_type=\"section\">\n\t\t\t\t\t\t<div class=\"elementor-container elementor-column-gap-default\">\n\t\t\t\t\t\t\t<div class=\"elementor-row\">\n\t\t\t\t\t<div class=\"elementor-column elementor-col-100 elementor-top-column elementor-element elementor-element-cc96e5c\" data-id=\"cc96e5c\" data-element_type=\"column\">\n\t\t\t<div class=\"elementor-column-wrap elementor-element-populated\">\n\t\t\t\t\t\t\t<div class=\"elementor-widget-wrap\">\n\t\t\t\t\t\t<div class=\"elementor-element elementor-element-3e9a43c elementor-widget elementor-widget-spacer\" data-id=\"3e9a43c\" data-element_type=\"widget\" data-widget_type=\"spacer.default\">\n\t\t\t\t<div class=\"elementor-widget-container\">\n\t\t\t\t\t<div class=\"elementor-spacer\">\n\t\t\t<div class=\"elementor-spacer-inner\"><\/div>\n\t\t<\/div>\n\t\t\t\t<\/div>\n\t\t\t\t<\/div>\n\t\t\t\t\t\t<\/div>\n\t\t\t\t\t<\/div>\n\t\t<\/div>\n\t\t\t\t\t\t\t\t<\/div>\n\t\t\t\t\t<\/div>\n\t\t<\/section>\n\t\t\t\t<section class=\"elementor-section elementor-top-section elementor-element elementor-element-2225510 elementor-section-boxed elementor-section-height-default elementor-section-height-default\" data-id=\"2225510\" data-element_type=\"section\">\n\t\t\t\t\t\t<div class=\"elementor-container elementor-column-gap-default\">\n\t\t\t\t\t\t\t<div class=\"elementor-row\">\n\t\t\t\t\t<div class=\"elementor-column elementor-col-100 elementor-top-column elementor-element elementor-element-0c30fe7\" data-id=\"0c30fe7\" data-element_type=\"column\">\n\t\t\t<div class=\"elementor-column-wrap elementor-element-populated\">\n\t\t\t\t\t\t\t<div class=\"elementor-widget-wrap\">\n\t\t\t\t\t\t<div class=\"elementor-element elementor-element-6f91e28 elementor-widget elementor-widget-text-editor\" data-id=\"6f91e28\" data-element_type=\"widget\" data-widget_type=\"text-editor.default\">\n\t\t\t\t<div class=\"elementor-widget-container\">\n\t\t\t\t\t<div class=\"elementor-text-editor elementor-clearfix\"><p><a href=\"https:\/\/www.facebook.com\/tessiot.demenagements\">Tessiot D\u00e9m\u00e9nagements<\/a> est install\u00e9 depuis 1995 \u00e0 La R\u00e9union et depuis 2006 \u00e0 Mayotte. En effet Tessiot D\u00e9m\u00e9nagements vous accueille et vous conseille pour votre d\u00e9m\u00e9nagement \u00e0 l&#8217;export et \u00e0 l&#8217;Import. Mais aussi pour votre transfert administratif, et votre besoin en garde-meubles. <strong>Sur l&#8217;\u00eele de La R\u00e9union<\/strong>, notre agence de Saint-Pierre est \u00e0 votre \u00e9coute. Et a <strong>Mayotte<\/strong>, notre agence de Mamoudzou vous attend. Alors demandez d\u00e8s maintenant une estimation gratuite \u00e0 votre conseiller Tessiot. Et recevez par mail ou courrier votre devis pour d\u00e9m\u00e9nager.<\/p><\/div>\n\t\t\t\t<\/div>\n\t\t\t\t<\/div>\n\t\t\t\t\t\t<\/div>\n\t\t\t\t\t<\/div>\n\t\t<\/div>\n\t\t\t\t\t\t\t\t<\/div>\n\t\t\t\t\t<\/div>\n\t\t<\/section>\n\t\t\t\t<section class=\"elementor-section elementor-top-section elementor-element elementor-element-5d186b1 elementor-section-boxed elementor-section-height-default elementor-section-height-default\" data-id=\"5d186b1\" data-element_type=\"section\">\n\t\t\t\t\t\t<div class=\"elementor-container elementor-column-gap-default\">\n\t\t\t\t\t\t\t<div class=\"elementor-row\">\n\t\t\t\t\t<div class=\"elementor-column elementor-col-50 elementor-top-column elementor-element elementor-element-27c9046\" data-id=\"27c9046\" data-element_type=\"column\">\n\t\t\t<div class=\"elementor-column-wrap elementor-element-populated\">\n\t\t\t\t\t\t\t<div class=\"elementor-widget-wrap\">\n\t\t\t\t\t\t<div class=\"elementor-element elementor-element-10e26ea elementor-widget elementor-widget-text-editor\" data-id=\"10e26ea\" data-element_type=\"widget\" data-widget_type=\"text-editor.default\">\n\t\t\t\t<div class=\"elementor-widget-container\">\n\t\t\t\t\t<div class=\"elementor-text-editor elementor-clearfix\"><p><strong>A Saint-Pierre<\/strong><\/p>\n<p><strong>4 chemin Joseph Lambriquet<\/strong><\/p>\n<p><strong>97 410 Saint-Pierre<\/strong><\/p>\n<p><strong>import@tesiot-demenagement.com<\/strong><\/p><\/div>\n\t\t\t\t<\/div>\n\t\t\t\t<\/div>\n\t\t\t\t\t\t<\/div>\n\t\t\t\t\t<\/div>\n\t\t<\/div>\n\t\t\t\t<div class=\"elementor-column elementor-col-50 elementor-top-column elementor-element elementor-element-6240ee3\" data-id=\"6240ee3\" data-element_type=\"column\">\n\t\t\t<div class=\"elementor-column-wrap elementor-element-populated\">\n\t\t\t\t\t\t\t<div class=\"elementor-widget-wrap\">\n\t\t\t\t\t\t<div class=\"elementor-element elementor-element-6f2a7f8 elementor-widget elementor-widget-text-editor\" data-id=\"6f2a7f8\" data-element_type=\"widget\" data-widget_type=\"text-editor.default\">\n\t\t\t\t<div class=\"elementor-widget-container\">\n\t\t\t\t\t<div class=\"elementor-text-editor elementor-clearfix\"><p><strong>A Mamoudzou<\/strong><\/p><p><strong>Centre Commercial Maharadjah<\/strong><\/p><p><strong>BP 207 Kaweni<\/strong><\/p><p><strong>97 600 Mamoudzou<\/strong><\/p><p><strong>Tel : 02 69 61 74 74<\/strong><\/p><p><strong>mayotte@tessiot-demenagement.com<\/strong><\/p><\/div>\n\t\t\t\t<\/div>\n\t\t\t\t<\/div>\n\t\t\t\t\t\t<\/div>\n\t\t\t\t\t<\/div>\n\t\t<\/div>\n\t\t\t\t\t\t\t\t<\/div>\n\t\t\t\t\t<\/div>\n\t\t<\/section>\n\t\t\t\t<section class=\"elementor-section elementor-top-section elementor-element elementor-element-e4d582e elementor-section-boxed elementor-section-height-default elementor-section-height-default\" data-id=\"e4d582e\" data-element_type=\"section\">\n\t\t\t\t\t\t<div class=\"elementor-container elementor-column-gap-default\">\n\t\t\t\t\t\t\t<div class=\"elementor-row\">\n\t\t\t\t\t<div class=\"elementor-column elementor-col-100 elementor-top-column elementor-element elementor-element-69447b0\" data-id=\"69447b0\" data-element_type=\"column\">\n\t\t\t<div class=\"elementor-column-wrap elementor-element-populated\">\n\t\t\t\t\t\t\t<div class=\"elementor-widget-wrap\">\n\t\t\t\t\t\t<div class=\"elementor-element elementor-element-ff735ee elementor-align-center elementor-widget elementor-widget-button\" data-id=\"ff735ee\" data-element_type=\"widget\" data-widget_type=\"button.default\">\n\t\t\t\t<div class=\"elementor-widget-container\">\n\t\t\t\t\t<div class=\"elementor-button-wrapper\">\n\t\t\t<a href=\"https:\/\/www.tessiot-demenagement.com\/fr\/contact-et-devis\/\" class=\"elementor-button-link elementor-button elementor-size-lg\" role=\"button\">\n\t\t\t\t\t\t<span class=\"elementor-button-content-wrapper\">\n\t\t\t\t\t\t<span class=\"elementor-button-text\">Demandez votre devis gratuit<\/span>\n\t\t<\/span>\n\t\t\t\t\t<\/a>\n\t\t<\/div>\n\t\t\t\t<\/div>\n\t\t\t\t<\/div>\n\t\t\t\t\t\t<\/div>\n\t\t\t\t\t<\/div>\n\t\t<\/div>\n\t\t\t\t\t\t\t\t<\/div>\n\t\t\t\t\t<\/div>\n\t\t<\/section>\n\t\t\t\t\t\t<\/div>\n\t\t\t\t\t\t<\/div>\n\t\t\t\t\t<\/div>\n\t\t","protected":false},"excerpt":{"rendered":"<p>Quels documents pour d\u00e9m\u00e9nager dans les DOM TOM ? Dans le cadre d&#8217;un d\u00e9m\u00e9nagement depuis la France M\u00e9tropolitaine vers la<\/p>\n","protected":false},"author":3,"featured_media":0,"parent":0,"menu_order":0,"comment_status":"open","ping_status":"open","template":"","meta":{"footnotes":""},"yoast_head":"<!-- This site is optimized with the Yoast SEO plugin v15.8 - https:\/\/yoast.com\/wordpress\/plugins\/seo\/ -->\n<title>Quels documents pour d\u00e9m\u00e9nager dans les DOM TOM ? &ndash; Tessiot D\u00e9m\u00e9nagements<\/title>\n<meta name=\"description\" content=\"De quels documents avez-vous besoin pour d\u00e9m\u00e9nager dans les DOM TOM ? Tessiot D\u00e9m\u00e9nagements vous indique quels documents fournir.\" \/>\n<meta name=\"robots\" content=\"index, follow, max-snippet:-1, max-image-preview:large, max-video-preview:-1\" \/>\n<link rel=\"canonical\" href=\"https:\/\/www.tessiot-demenagement.com\/fr\/quels-documents-pour-demenager-dans-les-dom-tom\/\" \/>\n<meta property=\"og:locale\" content=\"fr_FR\" \/>\n<meta property=\"og:type\" content=\"article\" \/>\n<meta property=\"og:title\" content=\"Quels documents pour d\u00e9m\u00e9nager dans les DOM TOM ? &ndash; Tessiot D\u00e9m\u00e9nagements\" \/>\n<meta property=\"og:description\" content=\"De quels documents avez-vous besoin pour d\u00e9m\u00e9nager dans les DOM TOM ? Tessiot D\u00e9m\u00e9nagements vous indique quels documents fournir.\" \/>\n<meta property=\"og:url\" content=\"https:\/\/www.tessiot-demenagement.com\/fr\/quels-documents-pour-demenager-dans-les-dom-tom\/\" \/>\n<meta property=\"og:site_name\" content=\"Tessiot D\u00e9m\u00e9nagements\" \/>\n<meta property=\"article:publisher\" content=\"https:\/\/www.facebook.com\/tessiot.demenagements\" \/>\n<meta property=\"article:modified_time\" content=\"2022-02-25T09:44:08+00:00\" \/>\n<meta property=\"og:image\" content=\"https:\/\/www.tessiot-demenagement.com\/fr\/wp-content\/uploads\/2020\/06\/Sans-titre-18.png\" \/>\n<meta name=\"twitter:card\" content=\"summary_large_image\" \/>\n<meta name=\"twitter:site\" content=\"@TDemenagements\" \/>\n<meta name=\"twitter:label1\" content=\"Dur\u00e9e de lecture est.\">\n\t<meta name=\"twitter:data1\" content=\"2 minutes\">\n<script type=\"application\/ld+json\" class=\"yoast-schema-graph\">{\"@context\":\"https:\/\/schema.org\",\"@graph\":[{\"@type\":\"Organization\",\"@id\":\"https:\/\/www.tessiot-demenagement.com\/fr\/#organization\",\"name\":\"Tessiot-D\\u00e9m\\u00e9nagements\",\"url\":\"https:\/\/www.tessiot-demenagement.com\/fr\/\",\"sameAs\":[\"https:\/\/www.facebook.com\/tessiot.demenagements\",\"https:\/\/www.instagram.com\/tessiotdemenagements\/\",\"https:\/\/www.youtube.com\/watch?v=maGVkMma1Dw.\",\"https:\/\/twitter.com\/TDemenagements\"],\"logo\":{\"@type\":\"ImageObject\",\"@id\":\"https:\/\/www.tessiot-demenagement.com\/fr\/#logo\",\"inLanguage\":\"fr-FR\",\"url\":\"https:\/\/www.tessiot-demenagement.com\/fr\/wp-content\/uploads\/2012\/01\/logo1-e1536916717562.png\",\"width\":80,\"height\":41,\"caption\":\"Tessiot-D\\u00e9m\\u00e9nagements\"},\"image\":{\"@id\":\"https:\/\/www.tessiot-demenagement.com\/fr\/#logo\"}},{\"@type\":\"WebSite\",\"@id\":\"https:\/\/www.tessiot-demenagement.com\/fr\/#website\",\"url\":\"https:\/\/www.tessiot-demenagement.com\/fr\/\",\"name\":\"Tessiot D\\u00e9m\\u00e9nagements\",\"description\":\"D\\u00e9m\\u00e9nagement national et international\",\"publisher\":{\"@id\":\"https:\/\/www.tessiot-demenagement.com\/fr\/#organization\"},\"potentialAction\":[{\"@type\":\"SearchAction\",\"target\":\"https:\/\/www.tessiot-demenagement.com\/fr\/?s={search_term_string}\",\"query-input\":\"required name=search_term_string\"}],\"inLanguage\":\"fr-FR\"},{\"@type\":\"ImageObject\",\"@id\":\"https:\/\/www.tessiot-demenagement.com\/fr\/quels-documents-pour-demenager-dans-les-dom-tom\/#primaryimage\",\"inLanguage\":\"fr-FR\",\"url\":\"https:\/\/www.tessiot-demenagement.com\/fr\/wp-content\/uploads\/2020\/06\/Sans-titre-18.png\",\"width\":600,\"height\":600,\"caption\":\"Comment bien d\\u00e9m\\u00e9nager dans les dom tom\"},{\"@type\":\"WebPage\",\"@id\":\"https:\/\/www.tessiot-demenagement.com\/fr\/quels-documents-pour-demenager-dans-les-dom-tom\/#webpage\",\"url\":\"https:\/\/www.tessiot-demenagement.com\/fr\/quels-documents-pour-demenager-dans-les-dom-tom\/\",\"name\":\"Quels documents pour d\\u00e9m\\u00e9nager dans les DOM TOM ? &ndash; Tessiot D\\u00e9m\\u00e9nagements\",\"isPartOf\":{\"@id\":\"https:\/\/www.tessiot-demenagement.com\/fr\/#website\"},\"primaryImageOfPage\":{\"@id\":\"https:\/\/www.tessiot-demenagement.com\/fr\/quels-documents-pour-demenager-dans-les-dom-tom\/#primaryimage\"},\"datePublished\":\"2014-11-26T17:42:48+00:00\",\"dateModified\":\"2022-02-25T09:44:08+00:00\",\"description\":\"De quels documents avez-vous besoin pour d\\u00e9m\\u00e9nager dans les DOM TOM ? Tessiot D\\u00e9m\\u00e9nagements vous indique quels documents fournir.\",\"breadcrumb\":{\"@id\":\"https:\/\/www.tessiot-demenagement.com\/fr\/quels-documents-pour-demenager-dans-les-dom-tom\/#breadcrumb\"},\"inLanguage\":\"fr-FR\",\"potentialAction\":[{\"@type\":\"ReadAction\",\"target\":[\"https:\/\/www.tessiot-demenagement.com\/fr\/quels-documents-pour-demenager-dans-les-dom-tom\/\"]}]},{\"@type\":\"BreadcrumbList\",\"@id\":\"https:\/\/www.tessiot-demenagement.com\/fr\/quels-documents-pour-demenager-dans-les-dom-tom\/#breadcrumb\",\"itemListElement\":[{\"@type\":\"ListItem\",\"position\":1,\"item\":{\"@type\":\"WebPage\",\"@id\":\"https:\/\/www.tessiot-demenagement.com\/fr\/\",\"url\":\"https:\/\/www.tessiot-demenagement.com\/fr\/\",\"name\":\"Home\"}},{\"@type\":\"ListItem\",\"position\":2,\"item\":{\"@type\":\"WebPage\",\"@id\":\"https:\/\/www.tessiot-demenagement.com\/fr\/quels-documents-pour-demenager-dans-les-dom-tom\/\",\"url\":\"https:\/\/www.tessiot-demenagement.com\/fr\/quels-documents-pour-demenager-dans-les-dom-tom\/\",\"name\":\"Quels documents pour d\\u00e9m\\u00e9nager dans les DOM TOM ?\"}}]}]}<\/script>\n<!-- \/ Yoast SEO plugin. -->","_links":{"self":[{"href":"https:\/\/www.tessiot-demenagement.com\/fr\/wp-json\/wp\/v2\/pages\/2853"}],"collection":[{"href":"https:\/\/www.tessiot-demenagement.com\/fr\/wp-json\/wp\/v2\/pages"}],"about":[{"href":"https:\/\/www.tessiot-demenagement.com\/fr\/wp-json\/wp\/v2\/types\/page"}],"author":[{"embeddable":true,"href":"https:\/\/www.tessiot-demenagement.com\/fr\/wp-json\/wp\/v2\/users\/3"}],"replies":[{"embeddable":true,"href":"https:\/\/www.tessiot-demenagement.com\/fr\/wp-json\/wp\/v2\/comments?post=2853"}],"version-history":[{"count":54,"href":"https:\/\/www.tessiot-demenagement.com\/fr\/wp-json\/wp\/v2\/pages\/2853\/revisions"}],"predecessor-version":[{"id":9073,"href":"https:\/\/www.tessiot-demenagement.com\/fr\/wp-json\/wp\/v2\/pages\/2853\/revisions\/9073"}],"wp:attachment":[{"href":"https:\/\/www.tessiot-demenagement.com\/fr\/wp-json\/wp\/v2\/media?parent=2853"}],"curies":[{"name":"wp","href":"https:\/\/api.w.org\/{rel}","templated":true}]}}