{"id":2779,"date":"2014-11-13T10:20:45","date_gmt":"2014-11-13T09:20:45","guid":{"rendered":"http:\/\/www.tessiot-demenagement.com\/fr\/?page_id=2779"},"modified":"2023-04-21T17:09:51","modified_gmt":"2023-04-21T15:09:51","slug":"demenager-vers-les-dom-tom","status":"publish","type":"page","link":"https:\/\/www.tessiot-demenagement.com\/fr\/demenager-vers-les-dom-tom\/","title":{"rendered":"D\u00e9m\u00e9nager vers les DOM-TOM"},"content":{"rendered":"\t\t<div data-elementor-type=\"wp-page\" data-elementor-id=\"2779\" class=\"elementor elementor-2779\" data-elementor-settings=\"[]\">\n\t\t\t\t\t\t<div class=\"elementor-inner\">\n\t\t\t\t\t\t\t<div class=\"elementor-section-wrap\">\n\t\t\t\t\t\t\t<section class=\"elementor-section elementor-top-section elementor-element elementor-element-ebbc0ed elementor-section-boxed elementor-section-height-default elementor-section-height-default\" data-id=\"ebbc0ed\" data-element_type=\"section\">\n\t\t\t\t\t\t<div class=\"elementor-container elementor-column-gap-default\">\n\t\t\t\t\t\t\t<div class=\"elementor-row\">\n\t\t\t\t\t<div class=\"elementor-column elementor-col-100 elementor-top-column elementor-element elementor-element-1cb0cf3\" data-id=\"1cb0cf3\" data-element_type=\"column\">\n\t\t\t<div class=\"elementor-column-wrap elementor-element-populated\">\n\t\t\t\t\t\t\t<div class=\"elementor-widget-wrap\">\n\t\t\t\t\t\t<div class=\"elementor-element elementor-element-159fa5c elementor-widget elementor-widget-heading\" data-id=\"159fa5c\" data-element_type=\"widget\" data-widget_type=\"heading.default\">\n\t\t\t\t<div class=\"elementor-widget-container\">\n\t\t\t<h2 class=\"elementor-heading-title elementor-size-xl\">D\u00e9m\u00e9nager vers les DOM TOM <\/h2>\t\t<\/div>\n\t\t\t\t<\/div>\n\t\t\t\t\t\t<\/div>\n\t\t\t\t\t<\/div>\n\t\t<\/div>\n\t\t\t\t\t\t\t\t<\/div>\n\t\t\t\t\t<\/div>\n\t\t<\/section>\n\t\t\t\t<section class=\"elementor-section elementor-top-section elementor-element elementor-element-425b0d6 elementor-section-boxed elementor-section-height-default elementor-section-height-default\" data-id=\"425b0d6\" data-element_type=\"section\">\n\t\t\t\t\t\t<div class=\"elementor-container elementor-column-gap-default\">\n\t\t\t\t\t\t\t<div class=\"elementor-row\">\n\t\t\t\t\t<div class=\"elementor-column elementor-col-100 elementor-top-column elementor-element elementor-element-74fb6d9\" data-id=\"74fb6d9\" data-element_type=\"column\">\n\t\t\t<div class=\"elementor-column-wrap elementor-element-populated\">\n\t\t\t\t\t\t\t<div class=\"elementor-widget-wrap\">\n\t\t\t\t\t\t<div class=\"elementor-element elementor-element-30ad7c0 elementor-widget elementor-widget-spacer\" data-id=\"30ad7c0\" data-element_type=\"widget\" data-widget_type=\"spacer.default\">\n\t\t\t\t<div class=\"elementor-widget-container\">\n\t\t\t\t\t<div class=\"elementor-spacer\">\n\t\t\t<div class=\"elementor-spacer-inner\"><\/div>\n\t\t<\/div>\n\t\t\t\t<\/div>\n\t\t\t\t<\/div>\n\t\t\t\t\t\t<\/div>\n\t\t\t\t\t<\/div>\n\t\t<\/div>\n\t\t\t\t\t\t\t\t<\/div>\n\t\t\t\t\t<\/div>\n\t\t<\/section>\n\t\t\t\t<section class=\"elementor-section elementor-top-section elementor-element elementor-element-fbd9152 elementor-section-boxed elementor-section-height-default elementor-section-height-default\" data-id=\"fbd9152\" data-element_type=\"section\">\n\t\t\t\t\t\t<div class=\"elementor-container elementor-column-gap-default\">\n\t\t\t\t\t\t\t<div class=\"elementor-row\">\n\t\t\t\t\t<div class=\"elementor-column elementor-col-100 elementor-top-column elementor-element elementor-element-8d0f85d\" data-id=\"8d0f85d\" data-element_type=\"column\">\n\t\t\t<div class=\"elementor-column-wrap elementor-element-populated\">\n\t\t\t\t\t\t\t<div class=\"elementor-widget-wrap\">\n\t\t\t\t\t\t<div class=\"elementor-element elementor-element-fe523f1 elementor-widget elementor-widget-text-editor\" data-id=\"fe523f1\" data-element_type=\"widget\" data-widget_type=\"text-editor.default\">\n\t\t\t\t<div class=\"elementor-widget-container\">\n\t\t\t\t\t<div class=\"elementor-text-editor elementor-clearfix\"><p><strong>Vous devez d\u00e9m\u00e9nager vers les DOM TOM ? TESSIOT D\u00e9m\u00e9nagements\u00a0est sp\u00e9cialiste depuis plus de 25 ans vers les destinations de l&#8217;Outre-mer et plus particuli\u00e8rement\u00a0La R\u00e9union\u00a0et\u00a0Mayotte.\u00a0 En effet, nos agences implant\u00e9es \u00e0 la Reunion et \u00e0 Mayotte permettent de prendre le relais de votre conteneur\u00a0\u00e0 l&#8217;arriv\u00e9e. Cette proximit\u00e9 vous garantit une prestation de qualit\u00e9 tout au long du transport de vos effets personnels. <\/strong><\/p><p><strong>Notre \u00e9quipe prend en charge vos biens dans <a href=\"http:\/\/www.tessiot-demenagement.com\/lareunion\/conteneur-personnalise-la-reunion\/\">un conteneur personnel<\/a> ou <a href=\"http:\/\/www.tessiot-demenagement.com\/lareunion\/conteneur-de-groupage\/\">de groupage<\/a>. Si besoin, nous pouvons \u00e9galement transporter <a href=\"http:\/\/www.tessiot-demenagement.com\/lareunion\/transporter-votre-voiture-de-et-vers-la-reunion\/\">votre voiture<\/a> ou <a href=\"http:\/\/www.tessiot-demenagement.com\/lareunion\/transporter-votre-moto\/\">votre moto<\/a> vers l\u2019Outre-mer. Votre conteneur est achemin\u00e9 vers le port et prend la mer. Pour une liaison entre la m\u00e9tropole et La R\u00e9union ou Mayotte, comptez 6 \u00e0 8 semaines de d\u00e9lais de mer en moyenne.<\/strong><\/p><p><strong>Nous nous chargeons des formalit\u00e9s douani\u00e8res et de la sortie du port d\u2019arriv\u00e9e. Enfin nous vous livrons \u00e0 votre nouvelle adresse, selon <a href=\"https:\/\/www.tessiot-demenagement.com\/fr\/formules-devis-demenagement\/\">la formule que vous souhaitez<\/a>.<\/strong><\/p><\/div>\n\t\t\t\t<\/div>\n\t\t\t\t<\/div>\n\t\t\t\t\t\t<\/div>\n\t\t\t\t\t<\/div>\n\t\t<\/div>\n\t\t\t\t\t\t\t\t<\/div>\n\t\t\t\t\t<\/div>\n\t\t<\/section>\n\t\t\t\t<section class=\"elementor-section elementor-top-section elementor-element elementor-element-a290969 elementor-section-boxed elementor-section-height-default elementor-section-height-default\" data-id=\"a290969\" data-element_type=\"section\">\n\t\t\t\t\t\t<div class=\"elementor-container elementor-column-gap-default\">\n\t\t\t\t\t\t\t<div class=\"elementor-row\">\n\t\t\t\t\t<div class=\"elementor-column elementor-col-100 elementor-top-column elementor-element elementor-element-fa9d61d\" data-id=\"fa9d61d\" data-element_type=\"column\">\n\t\t\t<div class=\"elementor-column-wrap elementor-element-populated\">\n\t\t\t\t\t\t\t<div class=\"elementor-widget-wrap\">\n\t\t\t\t\t\t<div class=\"elementor-element elementor-element-c175cd3 elementor-widget elementor-widget-text-editor\" data-id=\"c175cd3\" data-element_type=\"widget\" data-widget_type=\"text-editor.default\">\n\t\t\t\t<div class=\"elementor-widget-container\">\n\t\t\t\t\t<div class=\"elementor-text-editor elementor-clearfix\"><p style=\"background: white; vertical-align: baseline; margin: 0cm 0cm 11.25pt 0cm;\"><span style=\"font-size: 11.5pt;\"><b>En outre, notre exp\u00e9rience en Outre-Mer nous permet de vous garantir une prestation de qualit\u00e9 identique vers tous les autres D\u00e9partements et Territoires. Par exemple vers la Guadeloupe, la Martinique, la Guyane, La Nouvelle-Cal\u00e9donie, la Polyn\u00e9sie Fran\u00e7aise ou les \u00eeles de St-Barth\u00e9lemy et St-Martin.<\/b><\/span><\/p><p><strong>Si possible notre conseiller se d\u00e9place \u00e0 votre domicile pour une visite gratuite afin d\u2019estimer le volume \u00e0 d\u00e9m\u00e9nager. Cela lui permet aussi de voir les acc\u00e8s \u00e0 votre logement et si une autorisation de stationnement est n\u00e9cessaire.<\/strong><\/p><p><strong>Alors pour d\u00e9m\u00e9nager vers les DOM TOM, demandez votre devis, c\u2019est gratuit et sans engagement.<\/strong><\/p><\/div>\n\t\t\t\t<\/div>\n\t\t\t\t<\/div>\n\t\t\t\t\t\t<\/div>\n\t\t\t\t\t<\/div>\n\t\t<\/div>\n\t\t\t\t\t\t\t\t<\/div>\n\t\t\t\t\t<\/div>\n\t\t<\/section>\n\t\t\t\t<section class=\"elementor-section elementor-top-section elementor-element elementor-element-b662228 elementor-section-boxed elementor-section-height-default elementor-section-height-default\" data-id=\"b662228\" data-element_type=\"section\">\n\t\t\t\t\t\t<div class=\"elementor-container elementor-column-gap-default\">\n\t\t\t\t\t\t\t<div class=\"elementor-row\">\n\t\t\t\t\t<div class=\"elementor-column elementor-col-100 elementor-top-column elementor-element elementor-element-3f02baf\" data-id=\"3f02baf\" data-element_type=\"column\">\n\t\t\t<div class=\"elementor-column-wrap elementor-element-populated\">\n\t\t\t\t\t\t\t<div class=\"elementor-widget-wrap\">\n\t\t\t\t\t\t<div class=\"elementor-element elementor-element-cbf6be8 elementor-align-center elementor-widget elementor-widget-button\" data-id=\"cbf6be8\" data-element_type=\"widget\" data-widget_type=\"button.default\">\n\t\t\t\t<div class=\"elementor-widget-container\">\n\t\t\t\t\t<div class=\"elementor-button-wrapper\">\n\t\t\t<a href=\"https:\/\/www.tessiot-demenagement.com\/fr\/contact-et-devis\/\" class=\"elementor-button-link elementor-button elementor-size-md\" role=\"button\">\n\t\t\t\t\t\t<span class=\"elementor-button-content-wrapper\">\n\t\t\t\t\t\t<span class=\"elementor-button-text\">Demandez votre devis gratuit<\/span>\n\t\t<\/span>\n\t\t\t\t\t<\/a>\n\t\t<\/div>\n\t\t\t\t<\/div>\n\t\t\t\t<\/div>\n\t\t\t\t\t\t<\/div>\n\t\t\t\t\t<\/div>\n\t\t<\/div>\n\t\t\t\t\t\t\t\t<\/div>\n\t\t\t\t\t<\/div>\n\t\t<\/section>\n\t\t\t\t<section class=\"elementor-section elementor-top-section elementor-element elementor-element-8af3255 elementor-section-boxed elementor-section-height-default elementor-section-height-default\" data-id=\"8af3255\" data-element_type=\"section\">\n\t\t\t\t\t\t<div class=\"elementor-container elementor-column-gap-default\">\n\t\t\t\t\t\t\t<div class=\"elementor-row\">\n\t\t\t\t\t<div class=\"elementor-column elementor-col-100 elementor-top-column elementor-element elementor-element-a48f526\" data-id=\"a48f526\" data-element_type=\"column\">\n\t\t\t<div class=\"elementor-column-wrap elementor-element-populated\">\n\t\t\t\t\t\t\t<div class=\"elementor-widget-wrap\">\n\t\t\t\t\t\t<div class=\"elementor-element elementor-element-41afe2d elementor-widget elementor-widget-heading\" data-id=\"41afe2d\" data-element_type=\"widget\" data-widget_type=\"heading.default\">\n\t\t\t\t<div class=\"elementor-widget-container\">\n\t\t\t<h3 class=\"elementor-heading-title elementor-size-large\">Vos 2 agences Tessiot en Outre-mer.<\/h3>\t\t<\/div>\n\t\t\t\t<\/div>\n\t\t\t\t\t\t<\/div>\n\t\t\t\t\t<\/div>\n\t\t<\/div>\n\t\t\t\t\t\t\t\t<\/div>\n\t\t\t\t\t<\/div>\n\t\t<\/section>\n\t\t\t\t<section class=\"elementor-section elementor-top-section elementor-element elementor-element-8392987 elementor-section-boxed elementor-section-height-default elementor-section-height-default\" data-id=\"8392987\" data-element_type=\"section\">\n\t\t\t\t\t\t<div class=\"elementor-container elementor-column-gap-default\">\n\t\t\t\t\t\t\t<div class=\"elementor-row\">\n\t\t\t\t\t<div class=\"elementor-column elementor-col-100 elementor-top-column elementor-element elementor-element-89483f1\" data-id=\"89483f1\" data-element_type=\"column\">\n\t\t\t<div class=\"elementor-column-wrap elementor-element-populated\">\n\t\t\t\t\t\t\t<div class=\"elementor-widget-wrap\">\n\t\t\t\t\t\t<div class=\"elementor-element elementor-element-3788987 elementor-widget elementor-widget-spacer\" data-id=\"3788987\" data-element_type=\"widget\" data-widget_type=\"spacer.default\">\n\t\t\t\t<div class=\"elementor-widget-container\">\n\t\t\t\t\t<div class=\"elementor-spacer\">\n\t\t\t<div class=\"elementor-spacer-inner\"><\/div>\n\t\t<\/div>\n\t\t\t\t<\/div>\n\t\t\t\t<\/div>\n\t\t\t\t\t\t<\/div>\n\t\t\t\t\t<\/div>\n\t\t<\/div>\n\t\t\t\t\t\t\t\t<\/div>\n\t\t\t\t\t<\/div>\n\t\t<\/section>\n\t\t\t\t<section class=\"elementor-section elementor-top-section elementor-element elementor-element-132b079 elementor-section-boxed elementor-section-height-default elementor-section-height-default\" data-id=\"132b079\" data-element_type=\"section\">\n\t\t\t\t\t\t<div class=\"elementor-container elementor-column-gap-default\">\n\t\t\t\t\t\t\t<div class=\"elementor-row\">\n\t\t\t\t\t<div class=\"elementor-column elementor-col-25 elementor-top-column elementor-element elementor-element-3ca9280\" data-id=\"3ca9280\" data-element_type=\"column\">\n\t\t\t<div class=\"elementor-column-wrap elementor-element-populated\">\n\t\t\t\t\t\t\t<div class=\"elementor-widget-wrap\">\n\t\t\t\t\t\t<div class=\"elementor-element elementor-element-1f9ce12 elementor-widget elementor-widget-text-editor\" data-id=\"1f9ce12\" data-element_type=\"widget\" data-widget_type=\"text-editor.default\">\n\t\t\t\t<div class=\"elementor-widget-container\">\n\t\t\t\t\t<div class=\"elementor-text-editor elementor-clearfix\"><p><span style=\"text-decoration: underline; color: #000000;\"><b>1 agence sur l&#8217;\u00eele de La R\u00e9union<\/b><\/span><\/p><p style=\"font-variant-ligatures: normal; font-variant-caps: normal; font-style: normal; font-weight: 400; color: #000000; text-align: center;\">\u00a0<\/p><p style=\"font-variant-ligatures: normal; font-variant-caps: normal; font-style: normal; color: #000000; text-align: center;\"><b>97424 Piton Saint Leu<\/b><\/p><p style=\"font-variant-ligatures: normal; font-variant-caps: normal; font-style: normal; color: #000000; text-align: center;\"><strong style=\"font-variant-ligatures: normal; font-variant-caps: normal; font-family: 'Open Sans', serif; font-size: 15px; font-style: normal;\">06.92.93.36.21<\/strong><b><br \/><\/b><\/p><p style=\"font-variant-ligatures: normal; font-variant-caps: normal; font-style: normal; font-weight: 400; color: #000000; text-align: center;\"><strong style=\"font-family: 'Open Sans', serif; font-size: 15px; font-style: normal; font-variant-ligatures: normal; font-variant-caps: normal;\">import@tessiot-demenagement.com<\/strong><\/p><\/div>\n\t\t\t\t<\/div>\n\t\t\t\t<\/div>\n\t\t\t\t\t\t<\/div>\n\t\t\t\t\t<\/div>\n\t\t<\/div>\n\t\t\t\t<div class=\"elementor-column elementor-col-25 elementor-top-column elementor-element elementor-element-b11cb29\" data-id=\"b11cb29\" data-element_type=\"column\">\n\t\t\t<div class=\"elementor-column-wrap elementor-element-populated\">\n\t\t\t\t\t\t\t<div class=\"elementor-widget-wrap\">\n\t\t\t\t\t\t<div class=\"elementor-element elementor-element-2563c75 elementor-widget elementor-widget-image\" data-id=\"2563c75\" data-element_type=\"widget\" data-widget_type=\"image.default\">\n\t\t\t\t<div class=\"elementor-widget-container\">\n\t\t\t\t\t<div class=\"elementor-image\">\n\t\t\t\t\t\t\t\t\t\t<img loading=\"lazy\" decoding=\"async\" width=\"200\" height=\"300\" src=\"https:\/\/www.tessiot-demenagement.com\/fr\/wp-content\/uploads\/2020\/07\/cascade-1321593_1280-200x300.jpg\" class=\"attachment-medium size-medium\" alt=\"\" srcset=\"https:\/\/www.tessiot-demenagement.com\/fr\/wp-content\/uploads\/2020\/07\/cascade-1321593_1280-200x300.jpg 200w, https:\/\/www.tessiot-demenagement.com\/fr\/wp-content\/uploads\/2020\/07\/cascade-1321593_1280-682x1024.jpg 682w, https:\/\/www.tessiot-demenagement.com\/fr\/wp-content\/uploads\/2020\/07\/cascade-1321593_1280-768x1152.jpg 768w, https:\/\/www.tessiot-demenagement.com\/fr\/wp-content\/uploads\/2020\/07\/cascade-1321593_1280-600x900.jpg 600w, https:\/\/www.tessiot-demenagement.com\/fr\/wp-content\/uploads\/2020\/07\/cascade-1321593_1280.jpg 853w\" sizes=\"(max-width: 200px) 100vw, 200px\" \/>\t\t\t\t\t\t\t\t\t\t\t<\/div>\n\t\t\t\t<\/div>\n\t\t\t\t<\/div>\n\t\t\t\t\t\t<\/div>\n\t\t\t\t\t<\/div>\n\t\t<\/div>\n\t\t\t\t<div class=\"elementor-column elementor-col-25 elementor-top-column elementor-element elementor-element-c41029c\" data-id=\"c41029c\" data-element_type=\"column\">\n\t\t\t<div class=\"elementor-column-wrap elementor-element-populated\">\n\t\t\t\t\t\t\t<div class=\"elementor-widget-wrap\">\n\t\t\t\t\t\t<div class=\"elementor-element elementor-element-d67015d elementor-widget elementor-widget-text-editor\" data-id=\"d67015d\" data-element_type=\"widget\" data-widget_type=\"text-editor.default\">\n\t\t\t\t<div class=\"elementor-widget-container\">\n\t\t\t\t\t<div class=\"elementor-text-editor elementor-clearfix\"><p><strong>A Mayotte<\/strong><\/p><p><strong>Centre Commercial Maharajah<\/strong><\/p><p><strong>97600 KAWENI<\/strong><\/p><p><strong>Tel : 06.92.93.36.21<\/strong><\/p><p><strong>mayotte@tessiot-demenagement.com<\/strong><\/p><\/div>\n\t\t\t\t<\/div>\n\t\t\t\t<\/div>\n\t\t\t\t\t\t<\/div>\n\t\t\t\t\t<\/div>\n\t\t<\/div>\n\t\t\t\t<div class=\"elementor-column elementor-col-25 elementor-top-column elementor-element elementor-element-e0aa3f6\" data-id=\"e0aa3f6\" data-element_type=\"column\">\n\t\t\t<div class=\"elementor-column-wrap elementor-element-populated\">\n\t\t\t\t\t\t\t<div class=\"elementor-widget-wrap\">\n\t\t\t\t\t\t<div class=\"elementor-element elementor-element-2286c5d elementor-widget elementor-widget-image\" data-id=\"2286c5d\" data-element_type=\"widget\" data-widget_type=\"image.default\">\n\t\t\t\t<div class=\"elementor-widget-container\">\n\t\t\t\t\t<div class=\"elementor-image\">\n\t\t\t\t\t\t\t\t\t\t<img loading=\"lazy\" decoding=\"async\" width=\"199\" height=\"300\" src=\"https:\/\/www.tessiot-demenagement.com\/fr\/wp-content\/uploads\/2020\/07\/monkey-maki-571757_1280-199x300.jpg\" class=\"attachment-medium size-medium\" alt=\"\" srcset=\"https:\/\/www.tessiot-demenagement.com\/fr\/wp-content\/uploads\/2020\/07\/monkey-maki-571757_1280-199x300.jpg 199w, https:\/\/www.tessiot-demenagement.com\/fr\/wp-content\/uploads\/2020\/07\/monkey-maki-571757_1280-680x1024.jpg 680w, https:\/\/www.tessiot-demenagement.com\/fr\/wp-content\/uploads\/2020\/07\/monkey-maki-571757_1280-768x1157.jpg 768w, https:\/\/www.tessiot-demenagement.com\/fr\/wp-content\/uploads\/2020\/07\/monkey-maki-571757_1280-600x904.jpg 600w, https:\/\/www.tessiot-demenagement.com\/fr\/wp-content\/uploads\/2020\/07\/monkey-maki-571757_1280.jpg 850w\" sizes=\"(max-width: 199px) 100vw, 199px\" \/>\t\t\t\t\t\t\t\t\t\t\t<\/div>\n\t\t\t\t<\/div>\n\t\t\t\t<\/div>\n\t\t\t\t\t\t<\/div>\n\t\t\t\t\t<\/div>\n\t\t<\/div>\n\t\t\t\t\t\t\t\t<\/div>\n\t\t\t\t\t<\/div>\n\t\t<\/section>\n\t\t\t\t\t\t<\/div>\n\t\t\t\t\t\t<\/div>\n\t\t\t\t\t<\/div>\n\t\t","protected":false},"excerpt":{"rendered":"<p>D\u00e9m\u00e9nager vers les DOM TOM Vous devez d\u00e9m\u00e9nager vers les DOM TOM ? TESSIOT D\u00e9m\u00e9nagements\u00a0est sp\u00e9cialiste depuis plus de 25<\/p>\n","protected":false},"author":3,"featured_media":0,"parent":0,"menu_order":2,"comment_status":"open","ping_status":"open","template":"","meta":{"footnotes":""},"yoast_head":"<!-- This site is optimized with the Yoast SEO plugin v15.8 - https:\/\/yoast.com\/wordpress\/plugins\/seo\/ -->\n<title>D\u00e9m\u00e9nager vers les DOM-TOM &ndash; Tessiot D\u00e9m\u00e9nagements<\/title>\n<meta name=\"description\" content=\"Sp\u00e9cialiste du d\u00e9m\u00e9nagement dans l&#039;Oc\u00e9an Indien, membre du r\u00e9seau Demeco, Tessiot vous aide \u00e0 d\u00e9m\u00e9nager vers les DOM-TOM.\" \/>\n<meta name=\"robots\" content=\"index, follow, max-snippet:-1, max-image-preview:large, max-video-preview:-1\" \/>\n<link rel=\"canonical\" href=\"https:\/\/www.tessiot-demenagement.com\/fr\/demenager-vers-les-dom-tom\/\" \/>\n<meta property=\"og:locale\" content=\"fr_FR\" \/>\n<meta property=\"og:type\" content=\"article\" \/>\n<meta property=\"og:title\" content=\"D\u00e9m\u00e9nager vers les DOM-TOM &ndash; Tessiot D\u00e9m\u00e9nagements\" \/>\n<meta property=\"og:description\" content=\"Sp\u00e9cialiste du d\u00e9m\u00e9nagement dans l&#039;Oc\u00e9an Indien, membre du r\u00e9seau Demeco, Tessiot vous aide \u00e0 d\u00e9m\u00e9nager vers les DOM-TOM.\" \/>\n<meta property=\"og:url\" content=\"https:\/\/www.tessiot-demenagement.com\/fr\/demenager-vers-les-dom-tom\/\" \/>\n<meta property=\"og:site_name\" content=\"Tessiot D\u00e9m\u00e9nagements\" \/>\n<meta property=\"article:publisher\" content=\"https:\/\/www.facebook.com\/tessiot.demenagements\" \/>\n<meta property=\"article:modified_time\" content=\"2023-04-21T15:09:51+00:00\" \/>\n<meta property=\"og:image\" content=\"https:\/\/www.tessiot-demenagement.com\/fr\/wp-content\/uploads\/2020\/07\/cascade-1321593_1280-200x300.jpg\" \/>\n<meta name=\"twitter:card\" content=\"summary_large_image\" \/>\n<meta name=\"twitter:site\" content=\"@TDemenagements\" \/>\n<meta name=\"twitter:label1\" content=\"Dur\u00e9e de lecture est.\">\n\t<meta name=\"twitter:data1\" content=\"2 minutes\">\n<script type=\"application\/ld+json\" class=\"yoast-schema-graph\">{\"@context\":\"https:\/\/schema.org\",\"@graph\":[{\"@type\":\"Organization\",\"@id\":\"https:\/\/www.tessiot-demenagement.com\/fr\/#organization\",\"name\":\"Tessiot-D\\u00e9m\\u00e9nagements\",\"url\":\"https:\/\/www.tessiot-demenagement.com\/fr\/\",\"sameAs\":[\"https:\/\/www.facebook.com\/tessiot.demenagements\",\"https:\/\/www.instagram.com\/tessiotdemenagements\/\",\"https:\/\/www.youtube.com\/watch?v=maGVkMma1Dw.\",\"https:\/\/twitter.com\/TDemenagements\"],\"logo\":{\"@type\":\"ImageObject\",\"@id\":\"https:\/\/www.tessiot-demenagement.com\/fr\/#logo\",\"inLanguage\":\"fr-FR\",\"url\":\"https:\/\/www.tessiot-demenagement.com\/fr\/wp-content\/uploads\/2012\/01\/logo1-e1536916717562.png\",\"width\":80,\"height\":41,\"caption\":\"Tessiot-D\\u00e9m\\u00e9nagements\"},\"image\":{\"@id\":\"https:\/\/www.tessiot-demenagement.com\/fr\/#logo\"}},{\"@type\":\"WebSite\",\"@id\":\"https:\/\/www.tessiot-demenagement.com\/fr\/#website\",\"url\":\"https:\/\/www.tessiot-demenagement.com\/fr\/\",\"name\":\"Tessiot D\\u00e9m\\u00e9nagements\",\"description\":\"D\\u00e9m\\u00e9nagement national et international\",\"publisher\":{\"@id\":\"https:\/\/www.tessiot-demenagement.com\/fr\/#organization\"},\"potentialAction\":[{\"@type\":\"SearchAction\",\"target\":\"https:\/\/www.tessiot-demenagement.com\/fr\/?s={search_term_string}\",\"query-input\":\"required name=search_term_string\"}],\"inLanguage\":\"fr-FR\"},{\"@type\":\"ImageObject\",\"@id\":\"https:\/\/www.tessiot-demenagement.com\/fr\/demenager-vers-les-dom-tom\/#primaryimage\",\"inLanguage\":\"fr-FR\",\"url\":\"https:\/\/www.tessiot-demenagement.com\/fr\/wp-content\/uploads\/2020\/07\/cascade-1321593_1280.jpg\",\"width\":853,\"height\":1280},{\"@type\":\"WebPage\",\"@id\":\"https:\/\/www.tessiot-demenagement.com\/fr\/demenager-vers-les-dom-tom\/#webpage\",\"url\":\"https:\/\/www.tessiot-demenagement.com\/fr\/demenager-vers-les-dom-tom\/\",\"name\":\"D\\u00e9m\\u00e9nager vers les DOM-TOM &ndash; Tessiot D\\u00e9m\\u00e9nagements\",\"isPartOf\":{\"@id\":\"https:\/\/www.tessiot-demenagement.com\/fr\/#website\"},\"primaryImageOfPage\":{\"@id\":\"https:\/\/www.tessiot-demenagement.com\/fr\/demenager-vers-les-dom-tom\/#primaryimage\"},\"datePublished\":\"2014-11-13T09:20:45+00:00\",\"dateModified\":\"2023-04-21T15:09:51+00:00\",\"description\":\"Sp\\u00e9cialiste du d\\u00e9m\\u00e9nagement dans l'Oc\\u00e9an Indien, membre du r\\u00e9seau Demeco, Tessiot vous aide \\u00e0 d\\u00e9m\\u00e9nager vers les DOM-TOM.\",\"breadcrumb\":{\"@id\":\"https:\/\/www.tessiot-demenagement.com\/fr\/demenager-vers-les-dom-tom\/#breadcrumb\"},\"inLanguage\":\"fr-FR\",\"potentialAction\":[{\"@type\":\"ReadAction\",\"target\":[\"https:\/\/www.tessiot-demenagement.com\/fr\/demenager-vers-les-dom-tom\/\"]}]},{\"@type\":\"BreadcrumbList\",\"@id\":\"https:\/\/www.tessiot-demenagement.com\/fr\/demenager-vers-les-dom-tom\/#breadcrumb\",\"itemListElement\":[{\"@type\":\"ListItem\",\"position\":1,\"item\":{\"@type\":\"WebPage\",\"@id\":\"https:\/\/www.tessiot-demenagement.com\/fr\/\",\"url\":\"https:\/\/www.tessiot-demenagement.com\/fr\/\",\"name\":\"Home\"}},{\"@type\":\"ListItem\",\"position\":2,\"item\":{\"@type\":\"WebPage\",\"@id\":\"https:\/\/www.tessiot-demenagement.com\/fr\/demenager-vers-les-dom-tom\/\",\"url\":\"https:\/\/www.tessiot-demenagement.com\/fr\/demenager-vers-les-dom-tom\/\",\"name\":\"D\\u00e9m\\u00e9nager vers les DOM-TOM\"}}]}]}<\/script>\n<!-- \/ Yoast SEO plugin. -->","_links":{"self":[{"href":"https:\/\/www.tessiot-demenagement.com\/fr\/wp-json\/wp\/v2\/pages\/2779"}],"collection":[{"href":"https:\/\/www.tessiot-demenagement.com\/fr\/wp-json\/wp\/v2\/pages"}],"about":[{"href":"https:\/\/www.tessiot-demenagement.com\/fr\/wp-json\/wp\/v2\/types\/page"}],"author":[{"embeddable":true,"href":"https:\/\/www.tessiot-demenagement.com\/fr\/wp-json\/wp\/v2\/users\/3"}],"replies":[{"embeddable":true,"href":"https:\/\/www.tessiot-demenagement.com\/fr\/wp-json\/wp\/v2\/comments?post=2779"}],"version-history":[{"count":52,"href":"https:\/\/www.tessiot-demenagement.com\/fr\/wp-json\/wp\/v2\/pages\/2779\/revisions"}],"predecessor-version":[{"id":9826,"href":"https:\/\/www.tessiot-demenagement.com\/fr\/wp-json\/wp\/v2\/pages\/2779\/revisions\/9826"}],"wp:attachment":[{"href":"https:\/\/www.tessiot-demenagement.com\/fr\/wp-json\/wp\/v2\/media?parent=2779"}],"curies":[{"name":"wp","href":"https:\/\/api.w.org\/{rel}","templated":true}]}}