{"id":2742,"date":"2014-11-10T11:40:06","date_gmt":"2014-11-10T10:40:06","guid":{"rendered":"http:\/\/www.tessiot-demenagement.com\/fr\/?page_id=2742"},"modified":"2022-02-17T17:26:19","modified_gmt":"2022-02-17T16:26:19","slug":"transport-dun-vehicule","status":"publish","type":"page","link":"https:\/\/www.tessiot-demenagement.com\/fr\/transport-dun-vehicule\/","title":{"rendered":"Transport d&#8217;un v\u00e9hicule"},"content":{"rendered":"\t\t<div data-elementor-type=\"wp-page\" data-elementor-id=\"2742\" class=\"elementor elementor-2742\" data-elementor-settings=\"[]\">\n\t\t\t\t\t\t<div class=\"elementor-inner\">\n\t\t\t\t\t\t\t<div class=\"elementor-section-wrap\">\n\t\t\t\t\t\t\t<section class=\"elementor-section elementor-top-section elementor-element elementor-element-602ae4a elementor-section-boxed elementor-section-height-default elementor-section-height-default\" data-id=\"602ae4a\" data-element_type=\"section\">\n\t\t\t\t\t\t<div class=\"elementor-container elementor-column-gap-default\">\n\t\t\t\t\t\t\t<div class=\"elementor-row\">\n\t\t\t\t\t<div class=\"elementor-column elementor-col-100 elementor-top-column elementor-element elementor-element-ffe0a61\" data-id=\"ffe0a61\" data-element_type=\"column\">\n\t\t\t<div class=\"elementor-column-wrap elementor-element-populated\">\n\t\t\t\t\t\t\t<div class=\"elementor-widget-wrap\">\n\t\t\t\t\t\t<div class=\"elementor-element elementor-element-fc148ac elementor-widget elementor-widget-heading\" data-id=\"fc148ac\" data-element_type=\"widget\" data-widget_type=\"heading.default\">\n\t\t\t\t<div class=\"elementor-widget-container\">\n\t\t\t<h1 class=\"elementor-heading-title elementor-size-xl\">Transport d'un v\u00e9hicule<\/h1>\t\t<\/div>\n\t\t\t\t<\/div>\n\t\t\t\t\t\t<\/div>\n\t\t\t\t\t<\/div>\n\t\t<\/div>\n\t\t\t\t\t\t\t\t<\/div>\n\t\t\t\t\t<\/div>\n\t\t<\/section>\n\t\t\t\t<section class=\"elementor-section elementor-top-section elementor-element elementor-element-6a154b6 elementor-section-boxed elementor-section-height-default elementor-section-height-default\" data-id=\"6a154b6\" data-element_type=\"section\">\n\t\t\t\t\t\t<div class=\"elementor-container elementor-column-gap-default\">\n\t\t\t\t\t\t\t<div class=\"elementor-row\">\n\t\t\t\t\t<div class=\"elementor-column elementor-col-100 elementor-top-column elementor-element elementor-element-4599336\" data-id=\"4599336\" data-element_type=\"column\">\n\t\t\t<div class=\"elementor-column-wrap elementor-element-populated\">\n\t\t\t\t\t\t\t<div class=\"elementor-widget-wrap\">\n\t\t\t\t\t\t<div class=\"elementor-element elementor-element-59ad18e elementor-widget elementor-widget-spacer\" data-id=\"59ad18e\" data-element_type=\"widget\" data-widget_type=\"spacer.default\">\n\t\t\t\t<div class=\"elementor-widget-container\">\n\t\t\t\t\t<div class=\"elementor-spacer\">\n\t\t\t<div class=\"elementor-spacer-inner\"><\/div>\n\t\t<\/div>\n\t\t\t\t<\/div>\n\t\t\t\t<\/div>\n\t\t\t\t\t\t<\/div>\n\t\t\t\t\t<\/div>\n\t\t<\/div>\n\t\t\t\t\t\t\t\t<\/div>\n\t\t\t\t\t<\/div>\n\t\t<\/section>\n\t\t\t\t<section class=\"elementor-section elementor-top-section elementor-element elementor-element-20070a7 elementor-section-boxed elementor-section-height-default elementor-section-height-default\" data-id=\"20070a7\" data-element_type=\"section\">\n\t\t\t\t\t\t<div class=\"elementor-container elementor-column-gap-default\">\n\t\t\t\t\t\t\t<div class=\"elementor-row\">\n\t\t\t\t\t<div class=\"elementor-column elementor-col-100 elementor-top-column elementor-element elementor-element-bc41c58\" data-id=\"bc41c58\" data-element_type=\"column\">\n\t\t\t<div class=\"elementor-column-wrap elementor-element-populated\">\n\t\t\t\t\t\t\t<div class=\"elementor-widget-wrap\">\n\t\t\t\t\t\t<div class=\"elementor-element elementor-element-de3ac28 elementor-widget elementor-widget-text-editor\" data-id=\"de3ac28\" data-element_type=\"widget\" data-widget_type=\"text-editor.default\">\n\t\t\t\t<div class=\"elementor-widget-container\">\n\t\t\t\t\t<div class=\"elementor-text-editor elementor-clearfix\"><p><span style=\"color: #000000;\">Vous partez vivre \u00e0 l&#8217;\u00e9tranger ou en outre-mer et souhaitez effectuer le transport d&#8217;un v\u00e9hicule, voiture ou moto ? En conteneur personnalis\u00e9 ou en groupage, nous avons la solution. Un <strong>d\u00e9m\u00e9nagement de v\u00e9hicule<\/strong> s&#8217;organise plusieurs semaines avant votre d\u00e9part. Nos \u00e9quipes sont sp\u00e9cialement form\u00e9es pour vous conseiller sur la proc\u00e9dure \u00e0 suivre et vous guider dans les d\u00e9marches.<\/span><\/p><\/div>\n\t\t\t\t<\/div>\n\t\t\t\t<\/div>\n\t\t\t\t\t\t<\/div>\n\t\t\t\t\t<\/div>\n\t\t<\/div>\n\t\t\t\t\t\t\t\t<\/div>\n\t\t\t\t\t<\/div>\n\t\t<\/section>\n\t\t\t\t<section class=\"elementor-section elementor-top-section elementor-element elementor-element-cc214b1 elementor-section-boxed elementor-section-height-default elementor-section-height-default\" data-id=\"cc214b1\" data-element_type=\"section\">\n\t\t\t\t\t\t<div class=\"elementor-container elementor-column-gap-default\">\n\t\t\t\t\t\t\t<div class=\"elementor-row\">\n\t\t\t\t\t<div class=\"elementor-column elementor-col-100 elementor-top-column elementor-element elementor-element-6020e18\" data-id=\"6020e18\" data-element_type=\"column\">\n\t\t\t<div class=\"elementor-column-wrap elementor-element-populated\">\n\t\t\t\t\t\t\t<div class=\"elementor-widget-wrap\">\n\t\t\t\t\t\t<div class=\"elementor-element elementor-element-59a42de elementor-widget elementor-widget-heading\" data-id=\"59a42de\" data-element_type=\"widget\" data-widget_type=\"heading.default\">\n\t\t\t\t<div class=\"elementor-widget-container\">\n\t\t\t<h2 class=\"elementor-heading-title elementor-size-large\">Voiture ou moto en conteneur personnalis\u00e9.<\/h2>\t\t<\/div>\n\t\t\t\t<\/div>\n\t\t\t\t\t\t<\/div>\n\t\t\t\t\t<\/div>\n\t\t<\/div>\n\t\t\t\t\t\t\t\t<\/div>\n\t\t\t\t\t<\/div>\n\t\t<\/section>\n\t\t\t\t<section class=\"elementor-section elementor-top-section elementor-element elementor-element-5a93a3d elementor-section-boxed elementor-section-height-default elementor-section-height-default\" data-id=\"5a93a3d\" data-element_type=\"section\">\n\t\t\t\t\t\t<div class=\"elementor-container elementor-column-gap-default\">\n\t\t\t\t\t\t\t<div class=\"elementor-row\">\n\t\t\t\t\t<div class=\"elementor-column elementor-col-100 elementor-top-column elementor-element elementor-element-d71db75\" data-id=\"d71db75\" data-element_type=\"column\">\n\t\t\t<div class=\"elementor-column-wrap elementor-element-populated\">\n\t\t\t\t\t\t\t<div class=\"elementor-widget-wrap\">\n\t\t\t\t\t\t<div class=\"elementor-element elementor-element-dceaaca elementor-widget elementor-widget-text-editor\" data-id=\"dceaaca\" data-element_type=\"widget\" data-widget_type=\"text-editor.default\">\n\t\t\t\t<div class=\"elementor-widget-container\">\n\t\t\t\t\t<div class=\"elementor-text-editor elementor-clearfix\"><p>Vous devez emmener une ou deux voitures, ou une moto vers les DOM TOM ou l&#8217;\u00e9tranger ? Vous avez en plus des effets personnels, comme des meubles, \u00e0 d\u00e9m\u00e9nager ? Nous vous conseillons de r\u00e9server un conteneur personnalis\u00e9. En prenant pour vous seul un <strong>conteneur maritime de 20 ou 40 pieds<\/strong>, nous chargeons votre v\u00e9hicule et vos effets. Nous assurons nous-m\u00eames <a href=\"https:\/\/www.tessiot-demenagement.com\/fr\/lempotage-dun-conteneur\/\">l&#8217;empotage de votre conteneur<\/a>. Ce dernier est ainsi lou\u00e9 \u00e0 votre nom, et <strong>part d\u00e8s la premi\u00e8re liaison possible avec un porte-conteneurs<\/strong>.<\/p><\/div>\n\t\t\t\t<\/div>\n\t\t\t\t<\/div>\n\t\t\t\t\t\t<\/div>\n\t\t\t\t\t<\/div>\n\t\t<\/div>\n\t\t\t\t\t\t\t\t<\/div>\n\t\t\t\t\t<\/div>\n\t\t<\/section>\n\t\t\t\t<section class=\"elementor-section elementor-top-section elementor-element elementor-element-55ad820 elementor-section-boxed elementor-section-height-default elementor-section-height-default\" data-id=\"55ad820\" data-element_type=\"section\">\n\t\t\t\t\t\t<div class=\"elementor-container elementor-column-gap-default\">\n\t\t\t\t\t\t\t<div class=\"elementor-row\">\n\t\t\t\t\t<div class=\"elementor-column elementor-col-100 elementor-top-column elementor-element elementor-element-c22aec3\" data-id=\"c22aec3\" data-element_type=\"column\">\n\t\t\t<div class=\"elementor-column-wrap elementor-element-populated\">\n\t\t\t\t\t\t\t<div class=\"elementor-widget-wrap\">\n\t\t\t\t\t\t<div class=\"elementor-element elementor-element-667b8fe elementor-widget elementor-widget-heading\" data-id=\"667b8fe\" data-element_type=\"widget\" data-widget_type=\"heading.default\">\n\t\t\t\t<div class=\"elementor-widget-container\">\n\t\t\t<h3 class=\"elementor-heading-title elementor-size-large\">Le conteneur group\u00e9, moins cher.<\/h3>\t\t<\/div>\n\t\t\t\t<\/div>\n\t\t\t\t\t\t<\/div>\n\t\t\t\t\t<\/div>\n\t\t<\/div>\n\t\t\t\t\t\t\t\t<\/div>\n\t\t\t\t\t<\/div>\n\t\t<\/section>\n\t\t\t\t<section class=\"elementor-section elementor-top-section elementor-element elementor-element-3fcebfe elementor-section-boxed elementor-section-height-default elementor-section-height-default\" data-id=\"3fcebfe\" data-element_type=\"section\">\n\t\t\t\t\t\t<div class=\"elementor-container elementor-column-gap-default\">\n\t\t\t\t\t\t\t<div class=\"elementor-row\">\n\t\t\t\t\t<div class=\"elementor-column elementor-col-100 elementor-top-column elementor-element elementor-element-1e02faa\" data-id=\"1e02faa\" data-element_type=\"column\">\n\t\t\t<div class=\"elementor-column-wrap elementor-element-populated\">\n\t\t\t\t\t\t\t<div class=\"elementor-widget-wrap\">\n\t\t\t\t\t\t<div class=\"elementor-element elementor-element-41097cc elementor-widget elementor-widget-text-editor\" data-id=\"41097cc\" data-element_type=\"widget\" data-widget_type=\"text-editor.default\">\n\t\t\t\t<div class=\"elementor-widget-container\">\n\t\t\t\t\t<div class=\"elementor-text-editor elementor-clearfix\"><p>Si vous avez simplement le transport d&#8217;un v\u00e9hicule \u00e0 effectuer, vous pouvez opter pour le <strong>conteneur en groupage<\/strong>. Votre v\u00e9hicule partagera le conteneur <strong>avec les effets d&#8217;autres clients<\/strong>. L&#8217;avantage de cette solution est tarifaire. En effet, le fait de partager un conteneur avec plusieurs personnes vous permet de <strong>diviser les co\u00fbts individuels de fret<\/strong>. Et donc de baisser le montant en bas de facture pour chacun.<\/p><p>Cependant, contrairement \u00e0 un conteneur personnalis\u00e9, <strong>nous ne pouvons pas nous engager sur une date pr\u00e9visionnelle d&#8217;embarquement au port<\/strong> d&#8217;un conteneur group\u00e9. Car pour des raisons \u00e9videntes de rentabilit\u00e9 et d&#8217;optimisation de l&#8217;espace, nous n&#8217;affr\u00e9tons un conteneur group\u00e9 que lorsqu&#8217;il est plein.<\/p><\/div>\n\t\t\t\t<\/div>\n\t\t\t\t<\/div>\n\t\t\t\t\t\t<\/div>\n\t\t\t\t\t<\/div>\n\t\t<\/div>\n\t\t\t\t\t\t\t\t<\/div>\n\t\t\t\t\t<\/div>\n\t\t<\/section>\n\t\t\t\t<section class=\"elementor-section elementor-top-section elementor-element elementor-element-99ae073 elementor-section-boxed elementor-section-height-default elementor-section-height-default\" data-id=\"99ae073\" data-element_type=\"section\">\n\t\t\t\t\t\t<div class=\"elementor-container elementor-column-gap-default\">\n\t\t\t\t\t\t\t<div class=\"elementor-row\">\n\t\t\t\t\t<div class=\"elementor-column elementor-col-50 elementor-top-column elementor-element elementor-element-cd79613\" data-id=\"cd79613\" data-element_type=\"column\">\n\t\t\t<div class=\"elementor-column-wrap elementor-element-populated\">\n\t\t\t\t\t\t\t<div class=\"elementor-widget-wrap\">\n\t\t\t\t\t\t<div class=\"elementor-element elementor-element-df7892a elementor-widget elementor-widget-image\" data-id=\"df7892a\" data-element_type=\"widget\" data-widget_type=\"image.default\">\n\t\t\t\t<div class=\"elementor-widget-container\">\n\t\t\t\t\t<div class=\"elementor-image\">\n\t\t\t\t\t\t\t<figure class=\"wp-caption\">\n\t\t\t\t\t\t\t\t\t\t<img loading=\"lazy\" decoding=\"async\" width=\"300\" height=\"300\" src=\"https:\/\/www.tessiot-demenagement.com\/fr\/wp-content\/uploads\/2021\/07\/Pendant-le-3eme-Confinement-les-demenagements-continuent-13-300x300.png\" class=\"attachment-medium size-medium\" alt=\"chargement conteneur maritime\" srcset=\"https:\/\/www.tessiot-demenagement.com\/fr\/wp-content\/uploads\/2021\/07\/Pendant-le-3eme-Confinement-les-demenagements-continuent-13-300x300.png 300w, https:\/\/www.tessiot-demenagement.com\/fr\/wp-content\/uploads\/2021\/07\/Pendant-le-3eme-Confinement-les-demenagements-continuent-13-150x150.png 150w, https:\/\/www.tessiot-demenagement.com\/fr\/wp-content\/uploads\/2021\/07\/Pendant-le-3eme-Confinement-les-demenagements-continuent-13-100x100.png 100w, https:\/\/www.tessiot-demenagement.com\/fr\/wp-content\/uploads\/2021\/07\/Pendant-le-3eme-Confinement-les-demenagements-continuent-13.png 400w\" sizes=\"(max-width: 300px) 100vw, 300px\" \/>\t\t\t\t\t\t\t\t\t\t\t<figcaption class=\"widget-image-caption wp-caption-text\">Chargement d'un v\u00e9hicule, cal\u00e9 dans un conteneur, et prot\u00e9g\u00e9 par une mezzanine en bois.<\/figcaption>\n\t\t\t\t\t\t\t\t\t\t<\/figure>\n\t\t\t\t\t<\/div>\n\t\t\t\t<\/div>\n\t\t\t\t<\/div>\n\t\t\t\t\t\t<\/div>\n\t\t\t\t\t<\/div>\n\t\t<\/div>\n\t\t\t\t<div class=\"elementor-column elementor-col-50 elementor-top-column elementor-element elementor-element-afd50df\" data-id=\"afd50df\" data-element_type=\"column\">\n\t\t\t<div class=\"elementor-column-wrap elementor-element-populated\">\n\t\t\t\t\t\t\t<div class=\"elementor-widget-wrap\">\n\t\t\t\t\t\t<div class=\"elementor-element elementor-element-09eacd0 elementor-widget elementor-widget-image\" data-id=\"09eacd0\" data-element_type=\"widget\" data-widget_type=\"image.default\">\n\t\t\t\t<div class=\"elementor-widget-container\">\n\t\t\t\t\t<div class=\"elementor-image\">\n\t\t\t\t\t\t\t<figure class=\"wp-caption\">\n\t\t\t\t\t\t\t\t\t\t<img loading=\"lazy\" decoding=\"async\" width=\"300\" height=\"269\" src=\"https:\/\/www.tessiot-demenagement.com\/fr\/wp-content\/uploads\/2021\/07\/chargement-moto-300x269.jpg\" class=\"attachment-medium size-medium\" alt=\"envoyer une moto dans les dom tom\" srcset=\"https:\/\/www.tessiot-demenagement.com\/fr\/wp-content\/uploads\/2021\/07\/chargement-moto-300x269.jpg 300w, https:\/\/www.tessiot-demenagement.com\/fr\/wp-content\/uploads\/2021\/07\/chargement-moto-1024x917.jpg 1024w, https:\/\/www.tessiot-demenagement.com\/fr\/wp-content\/uploads\/2021\/07\/chargement-moto-768x688.jpg 768w, https:\/\/www.tessiot-demenagement.com\/fr\/wp-content\/uploads\/2021\/07\/chargement-moto-1536x1376.jpg 1536w, https:\/\/www.tessiot-demenagement.com\/fr\/wp-content\/uploads\/2021\/07\/chargement-moto-2048x1834.jpg 2048w, https:\/\/www.tessiot-demenagement.com\/fr\/wp-content\/uploads\/2021\/07\/chargement-moto-1320x1182.jpg 1320w, https:\/\/www.tessiot-demenagement.com\/fr\/wp-content\/uploads\/2021\/07\/chargement-moto-600x537.jpg 600w\" sizes=\"(max-width: 300px) 100vw, 300px\" \/>\t\t\t\t\t\t\t\t\t\t\t<figcaption class=\"widget-image-caption wp-caption-text\">Chargement d'un moto prot\u00e9g\u00e9e dans une caisse en bois faite sur-mesure.<\/figcaption>\n\t\t\t\t\t\t\t\t\t\t<\/figure>\n\t\t\t\t\t<\/div>\n\t\t\t\t<\/div>\n\t\t\t\t<\/div>\n\t\t\t\t\t\t<\/div>\n\t\t\t\t\t<\/div>\n\t\t<\/div>\n\t\t\t\t\t\t\t\t<\/div>\n\t\t\t\t\t<\/div>\n\t\t<\/section>\n\t\t\t\t<section class=\"elementor-section elementor-top-section elementor-element elementor-element-7761e42 elementor-section-boxed elementor-section-height-default elementor-section-height-default\" data-id=\"7761e42\" data-element_type=\"section\">\n\t\t\t\t\t\t<div class=\"elementor-container elementor-column-gap-default\">\n\t\t\t\t\t\t\t<div class=\"elementor-row\">\n\t\t\t\t\t<div class=\"elementor-column elementor-col-100 elementor-top-column elementor-element elementor-element-0f91a7a\" data-id=\"0f91a7a\" data-element_type=\"column\">\n\t\t\t<div class=\"elementor-column-wrap elementor-element-populated\">\n\t\t\t\t\t\t\t<div class=\"elementor-widget-wrap\">\n\t\t\t\t\t\t<div class=\"elementor-element elementor-element-ef9faf2 elementor-widget elementor-widget-heading\" data-id=\"ef9faf2\" data-element_type=\"widget\" data-widget_type=\"heading.default\">\n\t\t\t\t<div class=\"elementor-widget-container\">\n\t\t\t<h4 class=\"elementor-heading-title elementor-size-large\">Demandez votre devis gratuit pour le transport de v\u00e9hicule.<\/h4>\t\t<\/div>\n\t\t\t\t<\/div>\n\t\t\t\t\t\t<\/div>\n\t\t\t\t\t<\/div>\n\t\t<\/div>\n\t\t\t\t\t\t\t\t<\/div>\n\t\t\t\t\t<\/div>\n\t\t<\/section>\n\t\t\t\t<section class=\"elementor-section elementor-top-section elementor-element elementor-element-a155e9f elementor-section-boxed elementor-section-height-default elementor-section-height-default\" data-id=\"a155e9f\" data-element_type=\"section\">\n\t\t\t\t\t\t<div class=\"elementor-container elementor-column-gap-default\">\n\t\t\t\t\t\t\t<div class=\"elementor-row\">\n\t\t\t\t\t<div class=\"elementor-column elementor-col-66 elementor-top-column elementor-element elementor-element-7bf4c2d\" data-id=\"7bf4c2d\" data-element_type=\"column\">\n\t\t\t<div class=\"elementor-column-wrap elementor-element-populated\">\n\t\t\t\t\t\t\t<div class=\"elementor-widget-wrap\">\n\t\t\t\t\t\t<div class=\"elementor-element elementor-element-abfe131 elementor-widget elementor-widget-text-editor\" data-id=\"abfe131\" data-element_type=\"widget\" data-widget_type=\"text-editor.default\">\n\t\t\t\t<div class=\"elementor-widget-container\">\n\t\t\t\t\t<div class=\"elementor-text-editor elementor-clearfix\"><p>Que ce soit en conteneur group\u00e9 ou personnalis\u00e9, vous pouvez charger votre voiture d&#8217;effets personnels. Contactez votre conseiller Tessiot d\u00e8s maintenant. En fonction de vos besoins et votre budget, il vous indiquera la meilleure solution pour transporter votre voiture ou votre moto. Si vous d\u00e9m\u00e9nagez \u00e0 <a href=\"http:\/\/www.tessiot-demenagement.com\/lareunion\/\">La R\u00e9union<\/a> ou \u00e0 <a href=\"http:\/\/www.tessiot-demenagement.com\/mayotte\/\">Mayotte<\/a>, vous b\u00e9n\u00e9ficiez en plus d&#8217;un partenaire Tessiot local. En effet, nos d\u00e9m\u00e9nageur sont pr\u00e9sents \u00e0 <strong>Saint-Pierre depuis 1995<\/strong>, et \u00e0 <strong>Mamoudzou depuis 2006<\/strong>. Alors demandez votre devis gratuit.<\/p><\/div>\n\t\t\t\t<\/div>\n\t\t\t\t<\/div>\n\t\t\t\t\t\t<\/div>\n\t\t\t\t\t<\/div>\n\t\t<\/div>\n\t\t\t\t<div class=\"elementor-column elementor-col-33 elementor-top-column elementor-element elementor-element-5f9c4d0\" data-id=\"5f9c4d0\" data-element_type=\"column\">\n\t\t\t<div class=\"elementor-column-wrap elementor-element-populated\">\n\t\t\t\t\t\t\t<div class=\"elementor-widget-wrap\">\n\t\t\t\t\t\t<div class=\"elementor-element elementor-element-57fe485 elementor-align-center elementor-widget elementor-widget-button\" data-id=\"57fe485\" data-element_type=\"widget\" data-widget_type=\"button.default\">\n\t\t\t\t<div class=\"elementor-widget-container\">\n\t\t\t\t\t<div class=\"elementor-button-wrapper\">\n\t\t\t<a href=\"https:\/\/www.tessiot-demenagement.com\/fr\/contact-et-devis\/\" class=\"elementor-button-link elementor-button elementor-size-lg\" role=\"button\">\n\t\t\t\t\t\t<span class=\"elementor-button-content-wrapper\">\n\t\t\t\t\t\t<span class=\"elementor-button-text\">Demandez votre devis gratuit<\/span>\n\t\t<\/span>\n\t\t\t\t\t<\/a>\n\t\t<\/div>\n\t\t\t\t<\/div>\n\t\t\t\t<\/div>\n\t\t\t\t\t\t<\/div>\n\t\t\t\t\t<\/div>\n\t\t<\/div>\n\t\t\t\t\t\t\t\t<\/div>\n\t\t\t\t\t<\/div>\n\t\t<\/section>\n\t\t\t\t\t\t<\/div>\n\t\t\t\t\t\t<\/div>\n\t\t\t\t\t<\/div>\n\t\t","protected":false},"excerpt":{"rendered":"<p>Transport d&#8217;un v\u00e9hicule Vous partez vivre \u00e0 l&#8217;\u00e9tranger ou en outre-mer et souhaitez effectuer le transport d&#8217;un v\u00e9hicule, voiture ou<\/p>\n","protected":false},"author":3,"featured_media":0,"parent":0,"menu_order":1,"comment_status":"open","ping_status":"open","template":"","meta":{"footnotes":""},"yoast_head":"<!-- This site is optimized with the Yoast SEO plugin v15.8 - https:\/\/yoast.com\/wordpress\/plugins\/seo\/ -->\n<title>Transport d&#039;un v\u00e9hicule &ndash; Tessiot D\u00e9m\u00e9nagements<\/title>\n<meta name=\"description\" content=\"Confiez-nous le transport d&#039;un v\u00e9hicule. En conteneur de groupage, personnalis\u00e9, notre expertise vous assurera un d\u00e9m\u00e9nagement s\u00e9curis\u00e9,\" \/>\n<meta name=\"robots\" content=\"index, follow, max-snippet:-1, max-image-preview:large, max-video-preview:-1\" \/>\n<link rel=\"canonical\" href=\"https:\/\/www.tessiot-demenagement.com\/fr\/transport-dun-vehicule\/\" \/>\n<meta property=\"og:locale\" content=\"fr_FR\" \/>\n<meta property=\"og:type\" content=\"article\" \/>\n<meta property=\"og:title\" content=\"Transport d&#039;un v\u00e9hicule &ndash; Tessiot D\u00e9m\u00e9nagements\" \/>\n<meta property=\"og:description\" content=\"Confiez-nous le transport d&#039;un v\u00e9hicule. En conteneur de groupage, personnalis\u00e9, notre expertise vous assurera un d\u00e9m\u00e9nagement s\u00e9curis\u00e9,\" \/>\n<meta property=\"og:url\" content=\"https:\/\/www.tessiot-demenagement.com\/fr\/transport-dun-vehicule\/\" \/>\n<meta property=\"og:site_name\" content=\"Tessiot D\u00e9m\u00e9nagements\" \/>\n<meta property=\"article:publisher\" content=\"https:\/\/www.facebook.com\/tessiot.demenagements\" \/>\n<meta property=\"article:modified_time\" content=\"2022-02-17T16:26:19+00:00\" \/>\n<meta property=\"og:image\" content=\"https:\/\/www.tessiot-demenagement.com\/fr\/wp-content\/uploads\/2021\/07\/Pendant-le-3eme-Confinement-les-demenagements-continuent-13-300x300.png\" \/>\n<meta name=\"twitter:card\" content=\"summary_large_image\" \/>\n<meta name=\"twitter:site\" content=\"@TDemenagements\" \/>\n<meta name=\"twitter:label1\" content=\"Dur\u00e9e de lecture est.\">\n\t<meta name=\"twitter:data1\" content=\"3 minutes\">\n<script type=\"application\/ld+json\" class=\"yoast-schema-graph\">{\"@context\":\"https:\/\/schema.org\",\"@graph\":[{\"@type\":\"Organization\",\"@id\":\"https:\/\/www.tessiot-demenagement.com\/fr\/#organization\",\"name\":\"Tessiot-D\\u00e9m\\u00e9nagements\",\"url\":\"https:\/\/www.tessiot-demenagement.com\/fr\/\",\"sameAs\":[\"https:\/\/www.facebook.com\/tessiot.demenagements\",\"https:\/\/www.instagram.com\/tessiotdemenagements\/\",\"https:\/\/www.youtube.com\/watch?v=maGVkMma1Dw.\",\"https:\/\/twitter.com\/TDemenagements\"],\"logo\":{\"@type\":\"ImageObject\",\"@id\":\"https:\/\/www.tessiot-demenagement.com\/fr\/#logo\",\"inLanguage\":\"fr-FR\",\"url\":\"https:\/\/www.tessiot-demenagement.com\/fr\/wp-content\/uploads\/2012\/01\/logo1-e1536916717562.png\",\"width\":80,\"height\":41,\"caption\":\"Tessiot-D\\u00e9m\\u00e9nagements\"},\"image\":{\"@id\":\"https:\/\/www.tessiot-demenagement.com\/fr\/#logo\"}},{\"@type\":\"WebSite\",\"@id\":\"https:\/\/www.tessiot-demenagement.com\/fr\/#website\",\"url\":\"https:\/\/www.tessiot-demenagement.com\/fr\/\",\"name\":\"Tessiot D\\u00e9m\\u00e9nagements\",\"description\":\"D\\u00e9m\\u00e9nagement national et international\",\"publisher\":{\"@id\":\"https:\/\/www.tessiot-demenagement.com\/fr\/#organization\"},\"potentialAction\":[{\"@type\":\"SearchAction\",\"target\":\"https:\/\/www.tessiot-demenagement.com\/fr\/?s={search_term_string}\",\"query-input\":\"required name=search_term_string\"}],\"inLanguage\":\"fr-FR\"},{\"@type\":\"ImageObject\",\"@id\":\"https:\/\/www.tessiot-demenagement.com\/fr\/transport-dun-vehicule\/#primaryimage\",\"inLanguage\":\"fr-FR\",\"url\":\"https:\/\/www.tessiot-demenagement.com\/fr\/wp-content\/uploads\/2021\/07\/Pendant-le-3eme-Confinement-les-demenagements-continuent-13.png\",\"width\":400,\"height\":400,\"caption\":\"chargement conteneur maritime\"},{\"@type\":\"WebPage\",\"@id\":\"https:\/\/www.tessiot-demenagement.com\/fr\/transport-dun-vehicule\/#webpage\",\"url\":\"https:\/\/www.tessiot-demenagement.com\/fr\/transport-dun-vehicule\/\",\"name\":\"Transport d'un v\\u00e9hicule &ndash; Tessiot D\\u00e9m\\u00e9nagements\",\"isPartOf\":{\"@id\":\"https:\/\/www.tessiot-demenagement.com\/fr\/#website\"},\"primaryImageOfPage\":{\"@id\":\"https:\/\/www.tessiot-demenagement.com\/fr\/transport-dun-vehicule\/#primaryimage\"},\"datePublished\":\"2014-11-10T10:40:06+00:00\",\"dateModified\":\"2022-02-17T16:26:19+00:00\",\"description\":\"Confiez-nous le transport d'un v\\u00e9hicule. En conteneur de groupage, personnalis\\u00e9, notre expertise vous assurera un d\\u00e9m\\u00e9nagement s\\u00e9curis\\u00e9,\",\"breadcrumb\":{\"@id\":\"https:\/\/www.tessiot-demenagement.com\/fr\/transport-dun-vehicule\/#breadcrumb\"},\"inLanguage\":\"fr-FR\",\"potentialAction\":[{\"@type\":\"ReadAction\",\"target\":[\"https:\/\/www.tessiot-demenagement.com\/fr\/transport-dun-vehicule\/\"]}]},{\"@type\":\"BreadcrumbList\",\"@id\":\"https:\/\/www.tessiot-demenagement.com\/fr\/transport-dun-vehicule\/#breadcrumb\",\"itemListElement\":[{\"@type\":\"ListItem\",\"position\":1,\"item\":{\"@type\":\"WebPage\",\"@id\":\"https:\/\/www.tessiot-demenagement.com\/fr\/\",\"url\":\"https:\/\/www.tessiot-demenagement.com\/fr\/\",\"name\":\"Home\"}},{\"@type\":\"ListItem\",\"position\":2,\"item\":{\"@type\":\"WebPage\",\"@id\":\"https:\/\/www.tessiot-demenagement.com\/fr\/transport-dun-vehicule\/\",\"url\":\"https:\/\/www.tessiot-demenagement.com\/fr\/transport-dun-vehicule\/\",\"name\":\"Transport d&#8217;un v\\u00e9hicule\"}}]}]}<\/script>\n<!-- \/ Yoast SEO plugin. -->","_links":{"self":[{"href":"https:\/\/www.tessiot-demenagement.com\/fr\/wp-json\/wp\/v2\/pages\/2742"}],"collection":[{"href":"https:\/\/www.tessiot-demenagement.com\/fr\/wp-json\/wp\/v2\/pages"}],"about":[{"href":"https:\/\/www.tessiot-demenagement.com\/fr\/wp-json\/wp\/v2\/types\/page"}],"author":[{"embeddable":true,"href":"https:\/\/www.tessiot-demenagement.com\/fr\/wp-json\/wp\/v2\/users\/3"}],"replies":[{"embeddable":true,"href":"https:\/\/www.tessiot-demenagement.com\/fr\/wp-json\/wp\/v2\/comments?post=2742"}],"version-history":[{"count":20,"href":"https:\/\/www.tessiot-demenagement.com\/fr\/wp-json\/wp\/v2\/pages\/2742\/revisions"}],"predecessor-version":[{"id":8954,"href":"https:\/\/www.tessiot-demenagement.com\/fr\/wp-json\/wp\/v2\/pages\/2742\/revisions\/8954"}],"wp:attachment":[{"href":"https:\/\/www.tessiot-demenagement.com\/fr\/wp-json\/wp\/v2\/media?parent=2742"}],"curies":[{"name":"wp","href":"https:\/\/api.w.org\/{rel}","templated":true}]}}