{"id":2031,"date":"2018-09-07T09:12:16","date_gmt":"2018-09-07T07:12:16","guid":{"rendered":"http:\/\/www.tessiot-demenagement.com\/fr\/?page_id=2031"},"modified":"2022-11-17T15:48:05","modified_gmt":"2022-11-17T14:48:05","slug":"references-de-nos-clients-professionnels","status":"publish","type":"page","link":"https:\/\/www.tessiot-demenagement.com\/fr\/references-de-nos-clients-professionnels\/","title":{"rendered":""},"content":{"rendered":"<h1>R\u00e9f\u00e9rences de nos clients professionnels<\/h1>\n<p>Sp\u00e9cialiste des transferts administratifs et industriels, voici les r\u00e9f\u00e9rences\u00a0 de nos clients professionnels. Collectivit\u00e9s locales, banques, assurances, lyc\u00e9es, administration publiques et militaires, retrouvez les attestations de nos clients.<\/p>\n<p><img loading=\"lazy\" decoding=\"async\" src=\"https:\/\/www.tessiot-demenagement.com\/fr\/wp-content\/uploads\/2022\/07\/citedupatrimoine-300x100.png\" sizes=\"(max-width: 300px) 100vw, 300px\" srcset=\"https:\/\/www.tessiot-demenagement.com\/fr\/wp-content\/uploads\/2022\/07\/citedupatrimoine-300x100.png 300w, https:\/\/www.tessiot-demenagement.com\/fr\/wp-content\/uploads\/2022\/07\/citedupatrimoine.png 520w\" alt=\"\" width=\"300\" height=\"100\" \/><\/p>\n<p><strong>Transfert Cit\u00e9 de l&#8217;Architecture et du Patrimoine\u00a0<\/strong><strong style=\"color: #333333; font-size: 15px;\">&#8211;\u00a0<\/strong><strong style=\"font-family: 'Open Sans', serif; font-size: 15px; color: #333333;\">janvier \u00e0 d\u00e9cembre 2021.<\/strong><\/p>\n<p><a href=\"https:\/\/www.tessiot-demenagement.com\/fr\/wp-content\/uploads\/2022\/08\/2022-07-Temoignage-de-satisfaction.pdf\">Recommandation Directeur\u00a0<\/a><\/p>\n<p><img loading=\"lazy\" decoding=\"async\" src=\"https:\/\/www.tessiot-demenagement.com\/fr\/wp-content\/uploads\/2022\/07\/logo-aes.png\" alt=\"\" width=\"167\" height=\"52\" \/><\/p>\n<p><strong>Transfert AES Alternative Equipment Solutions &#8211; janvier \u00e0 mai 2022.<\/strong><\/p>\n<p><a href=\"https:\/\/www.tessiot-demenagement.com\/fr\/wp-content\/uploads\/2022\/08\/AES.pdf\">Recommandation AES<\/a><\/p>\n<p><strong>\u00a0<\/strong><\/p>\n<p><strong>Transfert des archives Tribunal Judiciaire du Puy en Velay \u2013\u00a0 d\u00e9cembre 2021.<\/strong><\/p>\n<p><strong><em>\u201cLe d\u00e9m\u00e9nagement s&#8217;est bien pass\u00e9. Je tiens \u00e0 souligner par ce message la comp\u00e9tence et la conscience professionnelle du personnel de l&#8217;entreprise de d\u00e9m\u00e9nagement&#8221;.\u00a0<\/em><\/strong><\/p>\n<p>Recommandation du Directeur de greffe<\/p>\n<p><img loading=\"lazy\" decoding=\"async\" src=\"https:\/\/www.tessiot-demenagement.com\/fr\/wp-content\/uploads\/2022\/01\/bovida.jpg\" alt=\"d\u00e9m\u00e9nagement d'entreprise\" width=\"300\" height=\"141\" \/><\/p>\n<p>Transfert de mat\u00e9riels en septembre 2021.<\/p>\n<p><a href=\"https:\/\/www.tessiot-demenagement.com\/fr\/wp-content\/uploads\/2022\/01\/SLB_SG20121092315520.pdf\">Recommandation La Bovida<\/a><\/p>\n<p><img loading=\"lazy\" decoding=\"async\" src=\"https:\/\/www.tessiot-demenagement.com\/fr\/wp-content\/uploads\/2022\/01\/collevctoys.jpg\" alt=\"\" width=\"88\" height=\"97\" \/><\/p>\n<p>Transfert des collections de la maison d&#8217;ench\u00e8res en ao\u00fbt 2021.<\/p>\n<p><a href=\"https:\/\/www.tessiot-demenagement.com\/fr\/wp-content\/uploads\/2022\/01\/collect.pdf\">Recommandation collectoy&#8217;s<\/a><\/p>\n<p><img loading=\"lazy\" decoding=\"async\" src=\"https:\/\/www.tessiot-demenagement.com\/fr\/wp-content\/uploads\/2021\/02\/telechargement.png\" sizes=\"(max-width: 417px) 100vw, 417px\" srcset=\"https:\/\/www.tessiot-demenagement.com\/fr\/wp-content\/uploads\/2021\/02\/telechargement.png 417w, https:\/\/www.tessiot-demenagement.com\/fr\/wp-content\/uploads\/2021\/02\/telechargement-300x87.png 300w\" alt=\"d\u00e9m\u00e9nageur \u00e0 Ch\u00e2teauroux\" width=\"417\" height=\"121\" \/><\/p>\n<p>Transfert d&#8217;archives \u00e0 la Pr\u00e9fecture de l&#8217;Indre en janvier 2021.<\/p>\n<p><a href=\"https:\/\/www.tessiot-demenagement.com\/fr\/wp-content\/uploads\/2021\/02\/img03022021_0001.pdf\">Recommandation Pr\u00e9fecture de l&#8217;Indre<\/a><\/p>\n<p><img loading=\"lazy\" decoding=\"async\" src=\"https:\/\/www.tessiot-demenagement.com\/fr\/wp-content\/uploads\/2020\/11\/logo-1.png\" alt=\"d\u00e9m\u00e9nager votre entreprise\" width=\"226\" height=\"46\" \/><\/p>\n<p>Transferts de bureaux en octobre 2020.<\/p>\n<p><a href=\"https:\/\/www.tessiot-demenagement.com\/fr\/wp-content\/uploads\/2020\/11\/demenagement-satisfaction-mecacoupe.pdf\">R\u00e9f\u00e9rence M\u00e9cacoupe transfert de bureaux<\/a><\/p>\n<p><img loading=\"lazy\" decoding=\"async\" src=\"https:\/\/www.tessiot-demenagement.com\/fr\/wp-content\/uploads\/2020\/06\/images.png\" sizes=\"(max-width: 200px) 100vw, 200px\" srcset=\"https:\/\/www.tessiot-demenagement.com\/fr\/wp-content\/uploads\/2020\/06\/images.png 200w, https:\/\/www.tessiot-demenagement.com\/fr\/wp-content\/uploads\/2020\/06\/images-150x150.png 150w, https:\/\/www.tessiot-demenagement.com\/fr\/wp-content\/uploads\/2020\/06\/images-100x100.png 100w\" alt=\"\" width=\"200\" height=\"200\" \/><\/p>\n<p>Transfert des r\u00e9serves des mus\u00e9es de la Ville de Bourges en juin 2020.<\/p>\n<p><a href=\"https:\/\/www.tessiot-demenagement.com\/fr\/wp-content\/uploads\/2020\/10\/Mairie-Musee-Bourges.pdf\">Attestation Mairie Musee Bourges<\/a><\/p>\n<p><img loading=\"lazy\" decoding=\"async\" src=\"https:\/\/www.tessiot-demenagement.com\/fr\/wp-content\/uploads\/2020\/10\/Logo_of_the_French_Army_Armee_de_Terre.svg-300x234.png\" sizes=\"(max-width: 300px) 100vw, 300px\" srcset=\"https:\/\/www.tessiot-demenagement.com\/fr\/wp-content\/uploads\/2020\/10\/Logo_of_the_French_Army_Armee_de_Terre.svg-300x234.png 300w, https:\/\/www.tessiot-demenagement.com\/fr\/wp-content\/uploads\/2020\/10\/Logo_of_the_French_Army_Armee_de_Terre.svg.png 420w\" alt=\"d\u00e9m\u00e9nagement pour l'arm\u00e9e de terre\" width=\"300\" height=\"234\" \/><\/p>\n<p>Transfert de bureaux pour l&#8217;Ecole Sup\u00e9rieure d&#8217;Application du Mat\u00e9riel (ESAM) de Bourges en juin 2020.<\/p>\n<p><a href=\"https:\/\/www.tessiot-demenagement.com\/fr\/wp-content\/uploads\/2020\/10\/ATTESTATION-ESAM.pdf\">Voir l&#8217;Attestation du transfert ESAM Bourges<\/a><\/p>\n<p><img loading=\"lazy\" decoding=\"async\" src=\"https:\/\/www.tessiot-demenagement.com\/fr\/wp-content\/uploads\/2019\/08\/logo-archives-NP-300x90.png\" sizes=\"(max-width: 300px) 100vw, 300px\" srcset=\"https:\/\/www.tessiot-demenagement.com\/fr\/wp-content\/uploads\/2019\/08\/logo-archives-NP-300x90.png 300w, https:\/\/www.tessiot-demenagement.com\/fr\/wp-content\/uploads\/2019\/08\/logo-archives-NP.png 369w\" alt=\"d\u00e9m\u00e9nagement professionnel\" width=\"300\" height=\"90\" \/><\/p>\n<p>Transfert r\u00e9alis\u00e9 du 27 mai au 8 ao\u00fbt 2019 de 10 Kilom\u00e8tre lin\u00e9aires d\u2019archives.<\/p>\n<p><a href=\"https:\/\/www.tessiot-demenagement.com\/fr\/wp-content\/uploads\/2019\/08\/attestation-Paris.pdf\">attestation transfert archives paris<\/a><\/p>\n<p><img loading=\"lazy\" decoding=\"async\" src=\"https:\/\/www.tessiot-demenagement.com\/fr\/wp-content\/uploads\/2018\/09\/logo-groupama-centre-atlantique-e1536602862697.jpg\" alt=\"r\u00e9f\u00e9rence client d\u00e9m\u00e9nageur\" width=\"200\" height=\"171\" \/><\/p>\n<p><a href=\"https:\/\/www.tessiot-demenagement.com\/fr\/wp-content\/uploads\/2018\/09\/GROUPAMA.pdf\">d\u00e9m\u00e9nagement Groupama<\/a><\/p>\n<p>Transfert de l\u2019agence Groupama achats et logistiques.<\/p>\n<p>Centre Atlantique P\u00e9rigueux.<\/p>\n<p><img loading=\"lazy\" decoding=\"async\" src=\"https:\/\/www.tessiot-demenagement.com\/fr\/wp-content\/uploads\/2018\/09\/logo-lycee-leon-pervenche-le-port-300x176.jpg\" sizes=\"(max-width: 300px) 100vw, 300px\" srcset=\"https:\/\/www.tessiot-demenagement.com\/fr\/wp-content\/uploads\/2018\/09\/logo-lycee-leon-pervenche-le-port-300x176.jpg 300w, https:\/\/www.tessiot-demenagement.com\/fr\/wp-content\/uploads\/2018\/09\/logo-lycee-leon-pervenche-le-port-e1536325894867.jpg 200w\" alt=\"D\u00e9m\u00e9nagements Tessiot pour les lyc\u00e9es\" width=\"300\" height=\"176\" \/><\/p>\n<p>Transfert du Lyc\u00e9e L\u00e9on Lepervanche : LA REUNION 2016 \u2013 2017<\/p>\n<p>Ex\u00e9cution des travaux les plus importants concernant l\u2019op\u00e9ration .<\/p>\n<p><a href=\"https:\/\/www.tessiot-demenagement.com\/fr\/wp-content\/uploads\/2018\/09\/attestation-lycee-lepervenche-Le-Port-Reunion-2.pdf\">attestation lycee lepervenche Le Port Reunion <\/a><\/p>\n<p><img loading=\"lazy\" decoding=\"async\" src=\"https:\/\/www.tessiot-demenagement.com\/fr\/wp-content\/uploads\/2012\/08\/logo-dreal-orleans-1-e1536613143967.jpg\" sizes=\"(max-width: 120px) 100vw, 120px\" srcset=\"https:\/\/www.tessiot-demenagement.com\/fr\/wp-content\/uploads\/2012\/08\/logo-dreal-orleans-1-e1536613143967.jpg 120w, https:\/\/www.tessiot-demenagement.com\/fr\/wp-content\/uploads\/2012\/08\/logo-dreal-orleans-1-e1536613143967-100x100.jpg 100w\" alt=\"d\u00e9m\u00e9nagements Tessiot, transfert administratif\" width=\"120\" height=\"120\" \/><\/p>\n<p>Transfert de la Direction R\u00e9gionale de l\u2019Environnement Am\u00e9nagement\u00a0 et du Logement. DREAL Centre : 2016.<\/p>\n<p><a href=\"https:\/\/www.tessiot-demenagement.com\/fr\/wp-content\/uploads\/2018\/09\/dreal-satisfaction-client.pdf\">Voir l&#8217;attestation du transfert de la DREAL Orl\u00e9ans<\/a><\/p>\n<p><img loading=\"lazy\" decoding=\"async\" src=\"https:\/\/www.tessiot-demenagement.com\/fr\/wp-content\/uploads\/2012\/08\/logo-cic-e1536310247286.jpg\" alt=\"d\u00e9m\u00e9nagement professionnel\" width=\"100\" height=\"45\" \/><\/p>\n<p>Transfert de l\u2019agence Cr\u00e9dit Mutuel-CIC de Bourges : transfert de bureaux et d\u2019archives 2015.<\/p>\n<p><a href=\"https:\/\/www.tessiot-demenagement.com\/fr\/wp-content\/uploads\/2012\/08\/cic-satisafcation-client.pdf\">Voir l&#8217;attestation de r\u00e9f\u00e9rence d\u00e9m\u00e9nagement CIC<\/a><\/p>\n<p><img loading=\"lazy\" decoding=\"async\" src=\"https:\/\/www.tessiot-demenagement.com\/fr\/wp-content\/uploads\/2012\/08\/logo-chu-limoges.jpg\" alt=\"transfert administratif avec Tessiot D\u00e9m\u00e9nagements\" width=\"142\" height=\"150\" \/><\/p>\n<p>Transfert de diff\u00e9rents services administratif du Centre Hospitalier Universitaire de LIMOGES : Op\u00e9ration principale r\u00e9alis\u00e9e en 2014 et diff\u00e9rents transferts de mobiliers et archives effectu\u00e9s de 2015 \u00e0 2018.<\/p>\n<p><a href=\"https:\/\/www.tessiot-demenagement.com\/fr\/wp-content\/uploads\/2012\/08\/Chantier-CHU-Limoges-satisfaction-client.pdf\">Voir l&#8217;attestation du transfert d&#8217;archives du CHU de Limoges<\/a><\/p>\n<p><img loading=\"lazy\" decoding=\"async\" src=\"https:\/\/www.tessiot-demenagement.com\/fr\/wp-content\/uploads\/2019\/08\/logo-archives-NP-300x90.png\" sizes=\"(max-width: 300px) 100vw, 300px\" srcset=\"https:\/\/www.tessiot-demenagement.com\/fr\/wp-content\/uploads\/2019\/08\/logo-archives-NP-300x90.png 300w, https:\/\/www.tessiot-demenagement.com\/fr\/wp-content\/uploads\/2019\/08\/logo-archives-NP.png 369w\" alt=\"d\u00e9m\u00e9nagement professionnel\" width=\"300\" height=\"90\" \/><\/p>\n<p>Transfert de 1.3km de fonds d\u2019archives sur le site de Paris des Archives nationales \u2013 du 2 au 6 novembre 2015.<\/p>\n<p><a href=\"https:\/\/www.tessiot-demenagement.com\/fr\/wp-content\/uploads\/2017\/08\/Archives-nationales-Paris-recommandation-Tessiot.pdf\">Recommandation Archives Nationales Paris <\/a><\/p>\n<p><img loading=\"lazy\" decoding=\"async\" src=\"https:\/\/www.tessiot-demenagement.com\/fr\/wp-content\/uploads\/2019\/08\/logo-archives-NP-300x90.png\" sizes=\"(max-width: 300px) 100vw, 300px\" srcset=\"https:\/\/www.tessiot-demenagement.com\/fr\/wp-content\/uploads\/2019\/08\/logo-archives-NP-300x90.png 300w, https:\/\/www.tessiot-demenagement.com\/fr\/wp-content\/uploads\/2019\/08\/logo-archives-NP.png 369w\" alt=\"d\u00e9m\u00e9nagement professionnel\" width=\"300\" height=\"90\" \/><\/p>\n<p>Transfert de 4 km de fonds d\u2019archives de Fontainebleau \u00e0 Pierrefitte sur Seine \u2013 Octobre 2014<\/p>\n<p><em>\u201cLe professionnalisme de vos collaborateurs et le soin qu\u2019ils ont apport\u00e9 \u00e0 l\u2019ex\u00e9cution de cette prestation a permis sa r\u00e9alisation dans les meilleurs conditions, tant du point de vue du respect des d\u00e9lais d\u2019ex\u00e9cution que de celui de la protection des documents transf\u00e9r\u00e9s\u2026\u201d<\/em><\/p>\n<p><a href=\"https:\/\/www.tessiot-demenagement.com\/fr\/wp-content\/uploads\/2015\/12\/archives-nationales.pdf\">Recommandation des Archives Nationales<\/a><\/p>\n<p><img loading=\"lazy\" decoding=\"async\" src=\"https:\/\/www.tessiot-demenagement.com\/fr\/wp-content\/uploads\/2012\/08\/201208_centre_hospitalier_menestrol-150x150.jpg\" sizes=\"(max-width: 150px) 100vw, 150px\" srcset=\"https:\/\/www.tessiot-demenagement.com\/fr\/wp-content\/uploads\/2012\/08\/201208_centre_hospitalier_menestrol-150x150.jpg 150w, https:\/\/www.tessiot-demenagement.com\/fr\/wp-content\/uploads\/2012\/08\/201208_centre_hospitalier_menestrol-300x300.jpg 300w, https:\/\/www.tessiot-demenagement.com\/fr\/wp-content\/uploads\/2012\/08\/201208_centre_hospitalier_menestrol-100x100.jpg 100w\" alt=\"Centre hospitalier Vauclaire Menestrol\" width=\"150\" height=\"150\" \/><\/p>\n<p>Transfert du Centre Hospitalier Vauclaire \u00e0 Montpon \u2013 Mars 2012<\/p>\n<p><em>\u201cLa soci\u00e9t\u00e9 TESSIOT DEMECO a su organiser ce d\u00e9m\u00e9nagement avec brio. L\u2019\u00e9quipe \u00e9tait organis\u00e9e, rapide et efficace, la prestation est de qualit\u00e9.\u201d<\/em><\/p>\n<p><a href=\"https:\/\/www.tessiot-demenagement.com\/fr\/wp-content\/uploads\/2012\/08\/201208_centre_hospitalier_menestrol1.pdf\">Voir l&#8217;attestation du Transfert administratif du Centre<\/a><\/p>\n<p><img loading=\"lazy\" decoding=\"async\" src=\"https:\/\/www.tessiot-demenagement.com\/fr\/wp-content\/uploads\/2012\/08\/201107_archives_departementales_meuse_3_big-300x180.jpg\" sizes=\"(max-width: 300px) 100vw, 300px\" srcset=\"https:\/\/www.tessiot-demenagement.com\/fr\/wp-content\/uploads\/2012\/08\/201107_archives_departementales_meuse_3_big-300x180.jpg 300w, https:\/\/www.tessiot-demenagement.com\/fr\/wp-content\/uploads\/2012\/08\/201107_archives_departementales_meuse_3_big.jpg 350w\" alt=\"Transferts des archives d\u00e9partementales\" width=\"300\" height=\"180\" \/><\/p>\n<p>Transfert des Archives d\u00e9partementales de la Meuse \u2013 Juin 2011<\/p>\n<p><em>\u201c\u00a0[\u2026]\u00a0exprimer notre enti\u00e8re satisfaction quant au d\u00e9roulement de cette op\u00e9ration et \u00e0 la comp\u00e9tence de votre personnel. [\u2026] Les d\u00e9lais ont \u00e9t\u00e9 parfaitement respect\u00e9s ; votre souplesse dans les dates et votre r\u00e9activit\u00e9 sont des gages de votre professionnalisme.\u201d<\/em><\/p>\n<p><a href=\"https:\/\/www.tessiot-demenagement.com\/fr\/wp-content\/uploads\/2012\/08\/201107_archives_departementales_meuse1.pdf\">Certificat de capacit\u00e9 &#8211; Transfert des Archives d\u00e9partementales de la Meuse<\/a><\/p>\n<p><img loading=\"lazy\" decoding=\"async\" src=\"https:\/\/www.tessiot-demenagement.com\/fr\/wp-content\/uploads\/2012\/08\/201006_DDElarochelle-300x180.jpg\" sizes=\"(max-width: 300px) 100vw, 300px\" srcset=\"https:\/\/www.tessiot-demenagement.com\/fr\/wp-content\/uploads\/2012\/08\/201006_DDElarochelle-300x180.jpg 300w, https:\/\/www.tessiot-demenagement.com\/fr\/wp-content\/uploads\/2012\/08\/201006_DDElarochelle-600x360.jpg 600w, https:\/\/www.tessiot-demenagement.com\/fr\/wp-content\/uploads\/2012\/08\/201006_DDElarochelle.jpg 693w\" alt=\"d\u00e9m\u00e9nageur pour les collectivit\u00e9s et entreprises\" width=\"300\" height=\"180\" \/><\/p>\n<p><strong>Transfert de la Direction D\u00e9partementale des Territoires et de la Mer de Charente Maritime \u2013 Juin 2010<\/strong><\/p>\n<p><em>\u201cLa prestation a \u00e9t\u00e9 r\u00e9alis\u00e9e dans des d\u00e9lais tr\u00e8s contraints en respectant le cahier des charges et avec un grand professionnalisme des \u00e9quipes. [\u2026] Le personnel mis en place a fait preuve de beaucoup\u00a0[\u2026]\u00a0d\u2019organisation.\u201d<\/em><\/p>\n<p><a href=\"https:\/\/www.tessiot-demenagement.com\/fr\/wp-content\/uploads\/2012\/08\/201006_DDElarochelle1.pdf\">Voir l&#8217;attestation de transfert avec Tessiot d\u00e9m\u00e9nagements<\/a><\/p>\n<p><img loading=\"lazy\" decoding=\"async\" src=\"https:\/\/www.tessiot-demenagement.com\/fr\/wp-content\/uploads\/2012\/08\/200908_axa_clobert_bourges2-300x180.jpg\" sizes=\"(max-width: 300px) 100vw, 300px\" srcset=\"https:\/\/www.tessiot-demenagement.com\/fr\/wp-content\/uploads\/2012\/08\/200908_axa_clobert_bourges2-300x180.jpg 300w, https:\/\/www.tessiot-demenagement.com\/fr\/wp-content\/uploads\/2012\/08\/200908_axa_clobert_bourges2.jpg 350w\" alt=\"transfert de bureaux \u00e0 Bourges\" width=\"300\" height=\"180\" \/><\/p>\n<p>Transfert d\u2019AXA Colbert \u00e0\u00a0Chateauroux \u2013 Ao\u00fbt 2009<\/p>\n<p><em>\u201cL\u2019op\u00e9ration concernait environ 240 postes de travail [\u2026] ainsi que 800 cartons contenant les dossiers de l\u2019ensemble de nos collaborateurs. [\u2026] Ce transfert s\u2019est d\u00e9roul\u00e9 dans de bonnes conditions, suivant les priorit\u00e9s que nous vous avions fix\u00e9es et dans les d\u00e9lais impartis.\u201d<\/em><\/p>\n<p><a href=\"https:\/\/www.tessiot-demenagement.com\/fr\/wp-content\/uploads\/2012\/08\/200908_axa_clobert_bourges1.pdf\">R\u00e9f\u00e9rences transfert AXA avec Tessiot D\u00e9m\u00e9nagements<\/a><\/p>\n<p><img loading=\"lazy\" decoding=\"async\" src=\"https:\/\/www.tessiot-demenagement.com\/fr\/wp-content\/uploads\/2012\/08\/200906_archives_departementales_nievre_11-300x180.jpg\" sizes=\"(max-width: 300px) 100vw, 300px\" srcset=\"https:\/\/www.tessiot-demenagement.com\/fr\/wp-content\/uploads\/2012\/08\/200906_archives_departementales_nievre_11-300x180.jpg 300w, https:\/\/www.tessiot-demenagement.com\/fr\/wp-content\/uploads\/2012\/08\/200906_archives_departementales_nievre_11.jpg 350w\" alt=\"d\u00e9m\u00e9nagement d'archives avec Tessiot D\u00e9m\u00e9nagements\" width=\"300\" height=\"180\" \/><\/p>\n<p>Transfert des archives d\u00e9partementales de la Ni\u00e8vre \u2013\u00a0 2009 \u00e0 2013<\/p>\n<p><em>\u201cLa relocation s\u2019est faite sans encombre, malgr\u00e9 les difficult\u00e9s rencontr\u00e9es. [\u2026] Les fonds transf\u00e9r\u00e9s n\u2019ont subi aucun dommage et aucune perte d\u2019information n\u2019est \u00e0 signaler.\u201d<\/em><\/p>\n<p><a href=\"https:\/\/www.tessiot-demenagement.com\/fr\/wp-content\/uploads\/2012\/08\/200906_archives_departementales_nievre1.pdf\">Voir la r\u00e9f\u00e9rence du transfert des archives<\/a><\/p>\n","protected":false},"excerpt":{"rendered":"<p>R\u00e9f\u00e9rences de nos clients professionnels Sp\u00e9cialiste des transferts administratifs et industriels, voici les r\u00e9f\u00e9rences\u00a0 de nos clients professionnels. Collectivit\u00e9s locales,<\/p>\n","protected":false},"author":2,"featured_media":0,"parent":0,"menu_order":0,"comment_status":"closed","ping_status":"closed","template":"","meta":{"footnotes":""},"yoast_head":"<!-- This site is optimized with the Yoast SEO plugin v15.8 - https:\/\/yoast.com\/wordpress\/plugins\/seo\/ -->\n<title>&ndash; Tessiot D\u00e9m\u00e9nagements<\/title>\n<meta name=\"description\" content=\"R\u00e9f\u00e9rences de nos clients professionnels Sp\u00e9cialiste des transferts administratifs et industriels, voici les r\u00e9f\u00e9rences\u00a0 de nos clients professionnels. Retrouvez les r\u00e9f\u00e9rences de nos clients professionnels. Leurs avis et les attestations du bon d\u00e9roulement de leurs d\u00e9m\u00e9nagements.\" \/>\n<meta name=\"robots\" content=\"index, follow, max-snippet:-1, max-image-preview:large, max-video-preview:-1\" \/>\n<link rel=\"canonical\" href=\"https:\/\/www.tessiot-demenagement.com\/fr\/references-de-nos-clients-professionnels\/\" \/>\n<meta property=\"og:locale\" content=\"fr_FR\" \/>\n<meta property=\"og:type\" content=\"article\" \/>\n<meta property=\"og:title\" content=\"&ndash; Tessiot D\u00e9m\u00e9nagements\" \/>\n<meta property=\"og:description\" content=\"R\u00e9f\u00e9rences de nos clients professionnels Sp\u00e9cialiste des transferts administratifs et industriels, voici les r\u00e9f\u00e9rences\u00a0 de nos clients professionnels. Retrouvez les r\u00e9f\u00e9rences de nos clients professionnels. Leurs avis et les attestations du bon d\u00e9roulement de leurs d\u00e9m\u00e9nagements.\" \/>\n<meta property=\"og:url\" content=\"https:\/\/www.tessiot-demenagement.com\/fr\/references-de-nos-clients-professionnels\/\" \/>\n<meta property=\"og:site_name\" content=\"Tessiot D\u00e9m\u00e9nagements\" \/>\n<meta property=\"article:publisher\" content=\"https:\/\/www.facebook.com\/tessiot.demenagements\" \/>\n<meta property=\"article:modified_time\" content=\"2022-11-17T14:48:05+00:00\" \/>\n<meta property=\"og:image\" content=\"https:\/\/www.tessiot-demenagement.com\/fr\/wp-content\/uploads\/2022\/07\/citedupatrimoine-300x100.png\" \/>\n<meta name=\"twitter:card\" content=\"summary_large_image\" \/>\n<meta name=\"twitter:site\" content=\"@TDemenagements\" \/>\n<meta name=\"twitter:label1\" content=\"Dur\u00e9e de lecture est.\">\n\t<meta name=\"twitter:data1\" content=\"8 minutes\">\n<script type=\"application\/ld+json\" class=\"yoast-schema-graph\">{\"@context\":\"https:\/\/schema.org\",\"@graph\":[{\"@type\":\"Organization\",\"@id\":\"https:\/\/www.tessiot-demenagement.com\/fr\/#organization\",\"name\":\"Tessiot-D\\u00e9m\\u00e9nagements\",\"url\":\"https:\/\/www.tessiot-demenagement.com\/fr\/\",\"sameAs\":[\"https:\/\/www.facebook.com\/tessiot.demenagements\",\"https:\/\/www.instagram.com\/tessiotdemenagements\/\",\"https:\/\/www.youtube.com\/watch?v=maGVkMma1Dw.\",\"https:\/\/twitter.com\/TDemenagements\"],\"logo\":{\"@type\":\"ImageObject\",\"@id\":\"https:\/\/www.tessiot-demenagement.com\/fr\/#logo\",\"inLanguage\":\"fr-FR\",\"url\":\"https:\/\/www.tessiot-demenagement.com\/fr\/wp-content\/uploads\/2012\/01\/logo1-e1536916717562.png\",\"width\":80,\"height\":41,\"caption\":\"Tessiot-D\\u00e9m\\u00e9nagements\"},\"image\":{\"@id\":\"https:\/\/www.tessiot-demenagement.com\/fr\/#logo\"}},{\"@type\":\"WebSite\",\"@id\":\"https:\/\/www.tessiot-demenagement.com\/fr\/#website\",\"url\":\"https:\/\/www.tessiot-demenagement.com\/fr\/\",\"name\":\"Tessiot D\\u00e9m\\u00e9nagements\",\"description\":\"D\\u00e9m\\u00e9nagement national et international\",\"publisher\":{\"@id\":\"https:\/\/www.tessiot-demenagement.com\/fr\/#organization\"},\"potentialAction\":[{\"@type\":\"SearchAction\",\"target\":\"https:\/\/www.tessiot-demenagement.com\/fr\/?s={search_term_string}\",\"query-input\":\"required name=search_term_string\"}],\"inLanguage\":\"fr-FR\"},{\"@type\":\"ImageObject\",\"@id\":\"https:\/\/www.tessiot-demenagement.com\/fr\/references-de-nos-clients-professionnels\/#primaryimage\",\"inLanguage\":\"fr-FR\",\"url\":\"https:\/\/www.tessiot-demenagement.com\/fr\/wp-content\/uploads\/2022\/07\/citedupatrimoine.png\",\"width\":520,\"height\":174},{\"@type\":\"WebPage\",\"@id\":\"https:\/\/www.tessiot-demenagement.com\/fr\/references-de-nos-clients-professionnels\/#webpage\",\"url\":\"https:\/\/www.tessiot-demenagement.com\/fr\/references-de-nos-clients-professionnels\/\",\"name\":\"&ndash; Tessiot D\\u00e9m\\u00e9nagements\",\"isPartOf\":{\"@id\":\"https:\/\/www.tessiot-demenagement.com\/fr\/#website\"},\"primaryImageOfPage\":{\"@id\":\"https:\/\/www.tessiot-demenagement.com\/fr\/references-de-nos-clients-professionnels\/#primaryimage\"},\"datePublished\":\"2018-09-07T07:12:16+00:00\",\"dateModified\":\"2022-11-17T14:48:05+00:00\",\"description\":\"R\\u00e9f\\u00e9rences de nos clients professionnels Sp\\u00e9cialiste des transferts administratifs et industriels, voici les r\\u00e9f\\u00e9rences\\u00a0 de nos clients professionnels. Retrouvez les r\\u00e9f\\u00e9rences de nos clients professionnels. Leurs avis et les attestations du bon d\\u00e9roulement de leurs d\\u00e9m\\u00e9nagements.\",\"breadcrumb\":{\"@id\":\"https:\/\/www.tessiot-demenagement.com\/fr\/references-de-nos-clients-professionnels\/#breadcrumb\"},\"inLanguage\":\"fr-FR\",\"potentialAction\":[{\"@type\":\"ReadAction\",\"target\":[\"https:\/\/www.tessiot-demenagement.com\/fr\/references-de-nos-clients-professionnels\/\"]}]},{\"@type\":\"BreadcrumbList\",\"@id\":\"https:\/\/www.tessiot-demenagement.com\/fr\/references-de-nos-clients-professionnels\/#breadcrumb\",\"itemListElement\":[{\"@type\":\"ListItem\",\"position\":1,\"item\":{\"@type\":\"WebPage\",\"@id\":\"https:\/\/www.tessiot-demenagement.com\/fr\/\",\"url\":\"https:\/\/www.tessiot-demenagement.com\/fr\/\",\"name\":\"Home\"}},{\"@type\":\"ListItem\",\"position\":2,\"item\":{\"@type\":\"WebPage\",\"@id\":\"https:\/\/www.tessiot-demenagement.com\/fr\/references-de-nos-clients-professionnels\/\",\"url\":\"https:\/\/www.tessiot-demenagement.com\/fr\/references-de-nos-clients-professionnels\/\",\"name\":\"&ndash; Tessiot D\\u00e9m\\u00e9nagements\"}}]}]}<\/script>\n<!-- \/ Yoast SEO plugin. -->","_links":{"self":[{"href":"https:\/\/www.tessiot-demenagement.com\/fr\/wp-json\/wp\/v2\/pages\/2031"}],"collection":[{"href":"https:\/\/www.tessiot-demenagement.com\/fr\/wp-json\/wp\/v2\/pages"}],"about":[{"href":"https:\/\/www.tessiot-demenagement.com\/fr\/wp-json\/wp\/v2\/types\/page"}],"author":[{"embeddable":true,"href":"https:\/\/www.tessiot-demenagement.com\/fr\/wp-json\/wp\/v2\/users\/2"}],"replies":[{"embeddable":true,"href":"https:\/\/www.tessiot-demenagement.com\/fr\/wp-json\/wp\/v2\/comments?post=2031"}],"version-history":[{"count":143,"href":"https:\/\/www.tessiot-demenagement.com\/fr\/wp-json\/wp\/v2\/pages\/2031\/revisions"}],"predecessor-version":[{"id":9677,"href":"https:\/\/www.tessiot-demenagement.com\/fr\/wp-json\/wp\/v2\/pages\/2031\/revisions\/9677"}],"wp:attachment":[{"href":"https:\/\/www.tessiot-demenagement.com\/fr\/wp-json\/wp\/v2\/media?parent=2031"}],"curies":[{"name":"wp","href":"https:\/\/api.w.org\/{rel}","templated":true}]}}