{"id":1348,"date":"2012-02-01T12:36:55","date_gmt":"2012-02-01T12:36:55","guid":{"rendered":"http:\/\/www.tessiot-demenagement.com\/fr\/?page_id=1348"},"modified":"2020-11-03T17:52:32","modified_gmt":"2020-11-03T16:52:32","slug":"formule-de-demenagement-standing","status":"publish","type":"page","link":"https:\/\/www.tessiot-demenagement.com\/fr\/formules-devis-demenagement\/formule-de-demenagement-standing\/","title":{"rendered":"Formule de d\u00e9m\u00e9nagement Standing"},"content":{"rendered":"\t\t<div data-elementor-type=\"wp-page\" data-elementor-id=\"1348\" class=\"elementor elementor-1348\" data-elementor-settings=\"[]\">\n\t\t\t\t\t\t<div class=\"elementor-inner\">\n\t\t\t\t\t\t\t<div class=\"elementor-section-wrap\">\n\t\t\t\t\t\t\t<section class=\"elementor-section elementor-top-section elementor-element elementor-element-d94dca4 elementor-section-boxed elementor-section-height-default elementor-section-height-default\" data-id=\"d94dca4\" data-element_type=\"section\">\n\t\t\t\t\t\t<div class=\"elementor-container elementor-column-gap-default\">\n\t\t\t\t\t\t\t<div class=\"elementor-row\">\n\t\t\t\t\t<div class=\"elementor-column elementor-col-100 elementor-top-column elementor-element elementor-element-2a9eb40\" data-id=\"2a9eb40\" data-element_type=\"column\">\n\t\t\t<div class=\"elementor-column-wrap elementor-element-populated\">\n\t\t\t\t\t\t\t<div class=\"elementor-widget-wrap\">\n\t\t\t\t\t\t<div class=\"elementor-element elementor-element-631eef2 elementor-widget elementor-widget-heading\" data-id=\"631eef2\" data-element_type=\"widget\" data-widget_type=\"heading.default\">\n\t\t\t\t<div class=\"elementor-widget-container\">\n\t\t\t<h1 class=\"elementor-heading-title elementor-size-default\">Formule de d\u00e9m\u00e9nagement Standing<\/h1>\t\t<\/div>\n\t\t\t\t<\/div>\n\t\t\t\t\t\t<\/div>\n\t\t\t\t\t<\/div>\n\t\t<\/div>\n\t\t\t\t\t\t\t\t<\/div>\n\t\t\t\t\t<\/div>\n\t\t<\/section>\n\t\t\t\t<section class=\"elementor-section elementor-top-section elementor-element elementor-element-3d0b70e elementor-section-boxed elementor-section-height-default elementor-section-height-default\" data-id=\"3d0b70e\" data-element_type=\"section\">\n\t\t\t\t\t\t<div class=\"elementor-container elementor-column-gap-default\">\n\t\t\t\t\t\t\t<div class=\"elementor-row\">\n\t\t\t\t\t<div class=\"elementor-column elementor-col-100 elementor-top-column elementor-element elementor-element-5aa10a0\" data-id=\"5aa10a0\" data-element_type=\"column\">\n\t\t\t<div class=\"elementor-column-wrap elementor-element-populated\">\n\t\t\t\t\t\t\t<div class=\"elementor-widget-wrap\">\n\t\t\t\t\t\t<div class=\"elementor-element elementor-element-77a005b elementor-widget elementor-widget-spacer\" data-id=\"77a005b\" data-element_type=\"widget\" data-widget_type=\"spacer.default\">\n\t\t\t\t<div class=\"elementor-widget-container\">\n\t\t\t\t\t<div class=\"elementor-spacer\">\n\t\t\t<div class=\"elementor-spacer-inner\"><\/div>\n\t\t<\/div>\n\t\t\t\t<\/div>\n\t\t\t\t<\/div>\n\t\t\t\t\t\t<\/div>\n\t\t\t\t\t<\/div>\n\t\t<\/div>\n\t\t\t\t\t\t\t\t<\/div>\n\t\t\t\t\t<\/div>\n\t\t<\/section>\n\t\t\t\t<section class=\"elementor-section elementor-top-section elementor-element elementor-element-2643208 elementor-section-boxed elementor-section-height-default elementor-section-height-default\" data-id=\"2643208\" data-element_type=\"section\">\n\t\t\t\t\t\t<div class=\"elementor-container elementor-column-gap-default\">\n\t\t\t\t\t\t\t<div class=\"elementor-row\">\n\t\t\t\t\t<div class=\"elementor-column elementor-col-66 elementor-top-column elementor-element elementor-element-4c5eca3\" data-id=\"4c5eca3\" data-element_type=\"column\">\n\t\t\t<div class=\"elementor-column-wrap elementor-element-populated\">\n\t\t\t\t\t\t\t<div class=\"elementor-widget-wrap\">\n\t\t\t\t\t\t<div class=\"elementor-element elementor-element-2cf2a02 elementor-widget elementor-widget-text-editor\" data-id=\"2cf2a02\" data-element_type=\"widget\" data-widget_type=\"text-editor.default\">\n\t\t\t\t<div class=\"elementor-widget-container\">\n\t\t\t\t\t<div class=\"elementor-text-editor elementor-clearfix\"><p style=\"text-align: left;\"><strong>Retrouvez la formule de d\u00e9m\u00e9nagement Standing, le choix naturel quand on recherche plus de confort et de s\u00e9curit\u00e9. Vous n&#8217;aurez pas \u00e0\u00a0d\u00e9monter vos meubles. Vos objets et mobiliers fragiles seront emball\u00e9s avec nos protections\u00a0adapt\u00e9es, par des professionnels, dans les r\u00e8gles du m\u00e9tier.<\/strong><\/p><h2 style=\"text-align: left;\">Notre prestation en formule STANDING TESSIOT<\/h2><ul><li style=\"list-style-type: none;\"><ul><li>Mise \u00e0 disposition des emballages<\/li><li>Mise sous housses des matelas et sommiers<\/li><li>Protection du mobilier sous couvertures dans l&#8217;appartement<\/li><li>Protection particuli\u00e8re de certains meubles<\/li><li>Conditionnement des tableaux et glaces<\/li><li>Mise en penderie des v\u00eatements sur cintre<\/li><li>Emballage de la vaisselle, verrerie, bibelots selon la m\u00e9thode Clean\u00a0pack (utilisation de mat\u00e9riaux de conditionnement et d&#8217;emballages adapt\u00e9s \u00e0 chaque type d&#8217;objet en fonction de leur fragilit\u00e9)<\/li><li>D\u00e9montage des mobiliers non fix\u00e9s<\/li><li>Manutention &#8211; Chargement<\/li><li>Transport en v\u00e9hicule capitonn\u00e9<\/li><li>Manutention &#8211; Livraison<\/li><li>Remontage des mobiliers non fix\u00e9s<\/li><li>D\u00e9ballage de la vaisselle, verrerie, bibelots<\/li><\/ul><\/li><\/ul><\/div>\n\t\t\t\t<\/div>\n\t\t\t\t<\/div>\n\t\t\t\t\t\t<\/div>\n\t\t\t\t\t<\/div>\n\t\t<\/div>\n\t\t\t\t<div class=\"elementor-column elementor-col-33 elementor-top-column elementor-element elementor-element-7093883\" data-id=\"7093883\" data-element_type=\"column\">\n\t\t\t<div class=\"elementor-column-wrap elementor-element-populated\">\n\t\t\t\t\t\t\t<div class=\"elementor-widget-wrap\">\n\t\t\t\t\t\t<div class=\"elementor-element elementor-element-721af25 elementor-widget elementor-widget-image\" data-id=\"721af25\" data-element_type=\"widget\" data-widget_type=\"image.default\">\n\t\t\t\t<div class=\"elementor-widget-container\">\n\t\t\t\t\t<div class=\"elementor-image\">\n\t\t\t\t\t\t\t\t\t\t<img loading=\"lazy\" decoding=\"async\" width=\"280\" height=\"192\" src=\"https:\/\/www.tessiot-demenagement.com\/fr\/wp-content\/uploads\/2012\/02\/demenagement_formule_tessiot_demeco_standing.jpg\" class=\"attachment-large size-large\" alt=\"tarif pour d\u00e9m\u00e9nageur professionnel\" srcset=\"https:\/\/www.tessiot-demenagement.com\/fr\/wp-content\/uploads\/2012\/02\/demenagement_formule_tessiot_demeco_standing.jpg 280w, https:\/\/www.tessiot-demenagement.com\/fr\/wp-content\/uploads\/2012\/02\/demenagement_formule_tessiot_demeco_standing-130x90.jpg 130w\" sizes=\"(max-width: 280px) 100vw, 280px\" \/>\t\t\t\t\t\t\t\t\t\t\t<\/div>\n\t\t\t\t<\/div>\n\t\t\t\t<\/div>\n\t\t\t\t\t\t<\/div>\n\t\t\t\t\t<\/div>\n\t\t<\/div>\n\t\t\t\t\t\t\t\t<\/div>\n\t\t\t\t\t<\/div>\n\t\t<\/section>\n\t\t\t\t<section class=\"elementor-section elementor-top-section elementor-element elementor-element-3396ef6 elementor-section-boxed elementor-section-height-default elementor-section-height-default\" data-id=\"3396ef6\" data-element_type=\"section\">\n\t\t\t\t\t\t<div class=\"elementor-container elementor-column-gap-default\">\n\t\t\t\t\t\t\t<div class=\"elementor-row\">\n\t\t\t\t\t<div class=\"elementor-column elementor-col-100 elementor-top-column elementor-element elementor-element-dbe7621\" data-id=\"dbe7621\" data-element_type=\"column\">\n\t\t\t<div class=\"elementor-column-wrap elementor-element-populated\">\n\t\t\t\t\t\t\t<div class=\"elementor-widget-wrap\">\n\t\t\t\t\t\t<div class=\"elementor-element elementor-element-2b0ed78 elementor-widget elementor-widget-heading\" data-id=\"2b0ed78\" data-element_type=\"widget\" data-widget_type=\"heading.default\">\n\t\t\t\t<div class=\"elementor-widget-container\">\n\t\t\t<h2 class=\"elementor-heading-title elementor-size-large\">Non inclus dans la formule Standing<\/h2>\t\t<\/div>\n\t\t\t\t<\/div>\n\t\t\t\t\t\t<\/div>\n\t\t\t\t\t<\/div>\n\t\t<\/div>\n\t\t\t\t\t\t\t\t<\/div>\n\t\t\t\t\t<\/div>\n\t\t<\/section>\n\t\t\t\t<section class=\"elementor-section elementor-top-section elementor-element elementor-element-05b3b3e elementor-section-boxed elementor-section-height-default elementor-section-height-default\" data-id=\"05b3b3e\" data-element_type=\"section\">\n\t\t\t\t\t\t<div class=\"elementor-container elementor-column-gap-default\">\n\t\t\t\t\t\t\t<div class=\"elementor-row\">\n\t\t\t\t\t<div class=\"elementor-column elementor-col-100 elementor-top-column elementor-element elementor-element-8092d95\" data-id=\"8092d95\" data-element_type=\"column\">\n\t\t\t<div class=\"elementor-column-wrap elementor-element-populated\">\n\t\t\t\t\t\t\t<div class=\"elementor-widget-wrap\">\n\t\t\t\t\t\t<div class=\"elementor-element elementor-element-e9f1e6d elementor-widget elementor-widget-text-editor\" data-id=\"e9f1e6d\" data-element_type=\"widget\" data-widget_type=\"text-editor.default\">\n\t\t\t\t<div class=\"elementor-widget-container\">\n\t\t\t\t\t<div class=\"elementor-text-editor elementor-clearfix\"><ul><li style=\"list-style-type: none;\"><ul><li>Emballage du linge, livres et objets non fragiles<\/li><li>D\u00e9branchement et\/ou calage des appareils n\u00e9cessitant l&#8217;intervention\u00a0d&#8217;un sp\u00e9cialiste<\/li><li>D\u00e9pose des objets fix\u00e9s aux murs et plafonds<\/li><li>Regroupement de vos objets personnels : Papiers, clefs (logements de\u00a0d\u00e9part et d&#8217;arriv\u00e9e, voiture), bijoux et objets de valeur.<\/li><li>D\u00e9ballage du linge, livres et objets non fragiles<\/li><li>Rebranchement des appareils<\/li><li>Pose des objets fix\u00e9s aux murs et plafonds<\/li><\/ul><\/li><\/ul><p><strong>La classe STANDING TESSIOT\u00a0peut faire l&#8217;objet de prestations optionnelles, n&#8217;h\u00e9sitez\u00a0pas \u00e0 nous les demander.<\/strong><\/p><p><strong>Un de nos experts est disponible pour vous rencontrer si possible et vous expliquer avec plus de pr\u00e9cisions nos formules. Il\u00a0estimera le volume de vos biens et votre mobilier, l\u2019emballage n\u00e9cessaire, les conditions d\u2019acc\u00e8s \u00e0 votre logement, le nombre de personnel ad\u00e9quat, le besoin d\u2019une autorisation de stationnement. B\u00e9n\u00e9ficiez de notre\u00a0conseil sur-mesure\u00a0et recevez dans les meilleurs d\u00e9lais un\u00a0devis gratuit adapt\u00e9 \u00e0 vos besoins. Et retrouvez l\u2019ensemble de nos formules<a href=\"https:\/\/www.tessiot-demenagement.com\/fr\/contact-et-devis\/\">\u00a0ici<\/a>.<\/strong><\/p><\/div>\n\t\t\t\t<\/div>\n\t\t\t\t<\/div>\n\t\t\t\t<div class=\"elementor-element elementor-element-1b0150e elementor-align-center elementor-widget elementor-widget-button\" data-id=\"1b0150e\" data-element_type=\"widget\" data-widget_type=\"button.default\">\n\t\t\t\t<div class=\"elementor-widget-container\">\n\t\t\t\t\t<div class=\"elementor-button-wrapper\">\n\t\t\t<a href=\"https:\/\/www.tessiot-demenagement.com\/fr\/contact-et-devis\/\" class=\"elementor-button-link elementor-button elementor-size-lg\" role=\"button\">\n\t\t\t\t\t\t<span class=\"elementor-button-content-wrapper\">\n\t\t\t\t\t\t<span class=\"elementor-button-text\">Demandez votre devis gratuit<\/span>\n\t\t<\/span>\n\t\t\t\t\t<\/a>\n\t\t<\/div>\n\t\t\t\t<\/div>\n\t\t\t\t<\/div>\n\t\t\t\t\t\t<\/div>\n\t\t\t\t\t<\/div>\n\t\t<\/div>\n\t\t\t\t\t\t\t\t<\/div>\n\t\t\t\t\t<\/div>\n\t\t<\/section>\n\t\t\t\t\t\t<\/div>\n\t\t\t\t\t\t<\/div>\n\t\t\t\t\t<\/div>\n\t\t","protected":false},"excerpt":{"rendered":"<p>Formule de d\u00e9m\u00e9nagement Standing Retrouvez la formule de d\u00e9m\u00e9nagement Standing, le choix naturel quand on recherche plus de confort et<\/p>\n","protected":false},"author":3,"featured_media":0,"parent":2821,"menu_order":2,"comment_status":"open","ping_status":"open","template":"","meta":{"footnotes":""},"yoast_head":"<!-- This site is optimized with the Yoast SEO plugin v15.8 - https:\/\/yoast.com\/wordpress\/plugins\/seo\/ -->\n<title>Formule de d\u00e9m\u00e9nagement Standing &ndash; Tessiot D\u00e9m\u00e9nagements<\/title>\n<meta name=\"description\" content=\"Optez pour la formule de d\u00e9m\u00e9nagement Standing des d\u00e9m\u00e9nageurs Tessiot., c&#039;est plus de confort, un service efficace en toute s\u00e9r\u00e9nit\u00e9.\" \/>\n<meta name=\"robots\" content=\"index, follow, max-snippet:-1, max-image-preview:large, max-video-preview:-1\" \/>\n<link rel=\"canonical\" href=\"https:\/\/www.tessiot-demenagement.com\/fr\/formules-devis-demenagement\/formule-de-demenagement-standing\/\" \/>\n<meta property=\"og:locale\" content=\"fr_FR\" \/>\n<meta property=\"og:type\" content=\"article\" \/>\n<meta property=\"og:title\" content=\"Formule de d\u00e9m\u00e9nagement Standing &ndash; Tessiot D\u00e9m\u00e9nagements\" \/>\n<meta property=\"og:description\" content=\"Optez pour la formule de d\u00e9m\u00e9nagement Standing des d\u00e9m\u00e9nageurs Tessiot., c&#039;est plus de confort, un service efficace en toute s\u00e9r\u00e9nit\u00e9.\" \/>\n<meta property=\"og:url\" content=\"https:\/\/www.tessiot-demenagement.com\/fr\/formules-devis-demenagement\/formule-de-demenagement-standing\/\" \/>\n<meta property=\"og:site_name\" content=\"Tessiot D\u00e9m\u00e9nagements\" \/>\n<meta property=\"article:publisher\" content=\"https:\/\/www.facebook.com\/tessiot.demenagements\" \/>\n<meta property=\"article:modified_time\" content=\"2020-11-03T16:52:32+00:00\" \/>\n<meta property=\"og:image\" content=\"https:\/\/www.tessiot-demenagement.com\/fr\/wp-content\/uploads\/2012\/02\/demenagement_formule_tessiot_demeco_standing.jpg\" \/>\n<meta name=\"twitter:card\" content=\"summary_large_image\" \/>\n<meta name=\"twitter:site\" content=\"@TDemenagements\" \/>\n<meta name=\"twitter:label1\" content=\"Dur\u00e9e de lecture est.\">\n\t<meta name=\"twitter:data1\" content=\"2 minutes\">\n<script type=\"application\/ld+json\" class=\"yoast-schema-graph\">{\"@context\":\"https:\/\/schema.org\",\"@graph\":[{\"@type\":\"Organization\",\"@id\":\"https:\/\/www.tessiot-demenagement.com\/fr\/#organization\",\"name\":\"Tessiot-D\\u00e9m\\u00e9nagements\",\"url\":\"https:\/\/www.tessiot-demenagement.com\/fr\/\",\"sameAs\":[\"https:\/\/www.facebook.com\/tessiot.demenagements\",\"https:\/\/www.instagram.com\/tessiotdemenagements\/\",\"https:\/\/www.youtube.com\/watch?v=maGVkMma1Dw.\",\"https:\/\/twitter.com\/TDemenagements\"],\"logo\":{\"@type\":\"ImageObject\",\"@id\":\"https:\/\/www.tessiot-demenagement.com\/fr\/#logo\",\"inLanguage\":\"fr-FR\",\"url\":\"https:\/\/www.tessiot-demenagement.com\/fr\/wp-content\/uploads\/2012\/01\/logo1-e1536916717562.png\",\"width\":80,\"height\":41,\"caption\":\"Tessiot-D\\u00e9m\\u00e9nagements\"},\"image\":{\"@id\":\"https:\/\/www.tessiot-demenagement.com\/fr\/#logo\"}},{\"@type\":\"WebSite\",\"@id\":\"https:\/\/www.tessiot-demenagement.com\/fr\/#website\",\"url\":\"https:\/\/www.tessiot-demenagement.com\/fr\/\",\"name\":\"Tessiot D\\u00e9m\\u00e9nagements\",\"description\":\"D\\u00e9m\\u00e9nagement national et international\",\"publisher\":{\"@id\":\"https:\/\/www.tessiot-demenagement.com\/fr\/#organization\"},\"potentialAction\":[{\"@type\":\"SearchAction\",\"target\":\"https:\/\/www.tessiot-demenagement.com\/fr\/?s={search_term_string}\",\"query-input\":\"required name=search_term_string\"}],\"inLanguage\":\"fr-FR\"},{\"@type\":\"ImageObject\",\"@id\":\"https:\/\/www.tessiot-demenagement.com\/fr\/formules-devis-demenagement\/formule-de-demenagement-standing\/#primaryimage\",\"inLanguage\":\"fr-FR\",\"url\":\"https:\/\/www.tessiot-demenagement.com\/fr\/wp-content\/uploads\/2012\/02\/demenagement_formule_tessiot_demeco_standing.jpg\",\"width\":280,\"height\":192,\"caption\":\"tarif pour d\\u00e9m\\u00e9nageur professionnel\"},{\"@type\":\"WebPage\",\"@id\":\"https:\/\/www.tessiot-demenagement.com\/fr\/formules-devis-demenagement\/formule-de-demenagement-standing\/#webpage\",\"url\":\"https:\/\/www.tessiot-demenagement.com\/fr\/formules-devis-demenagement\/formule-de-demenagement-standing\/\",\"name\":\"Formule de d\\u00e9m\\u00e9nagement Standing &ndash; Tessiot D\\u00e9m\\u00e9nagements\",\"isPartOf\":{\"@id\":\"https:\/\/www.tessiot-demenagement.com\/fr\/#website\"},\"primaryImageOfPage\":{\"@id\":\"https:\/\/www.tessiot-demenagement.com\/fr\/formules-devis-demenagement\/formule-de-demenagement-standing\/#primaryimage\"},\"datePublished\":\"2012-02-01T12:36:55+00:00\",\"dateModified\":\"2020-11-03T16:52:32+00:00\",\"description\":\"Optez pour la formule de d\\u00e9m\\u00e9nagement Standing des d\\u00e9m\\u00e9nageurs Tessiot., c'est plus de confort, un service efficace en toute s\\u00e9r\\u00e9nit\\u00e9.\",\"breadcrumb\":{\"@id\":\"https:\/\/www.tessiot-demenagement.com\/fr\/formules-devis-demenagement\/formule-de-demenagement-standing\/#breadcrumb\"},\"inLanguage\":\"fr-FR\",\"potentialAction\":[{\"@type\":\"ReadAction\",\"target\":[\"https:\/\/www.tessiot-demenagement.com\/fr\/formules-devis-demenagement\/formule-de-demenagement-standing\/\"]}]},{\"@type\":\"BreadcrumbList\",\"@id\":\"https:\/\/www.tessiot-demenagement.com\/fr\/formules-devis-demenagement\/formule-de-demenagement-standing\/#breadcrumb\",\"itemListElement\":[{\"@type\":\"ListItem\",\"position\":1,\"item\":{\"@type\":\"WebPage\",\"@id\":\"https:\/\/www.tessiot-demenagement.com\/fr\/\",\"url\":\"https:\/\/www.tessiot-demenagement.com\/fr\/\",\"name\":\"Home\"}},{\"@type\":\"ListItem\",\"position\":2,\"item\":{\"@type\":\"WebPage\",\"@id\":\"https:\/\/www.tessiot-demenagement.com\/fr\/formules-devis-demenagement\/\",\"url\":\"https:\/\/www.tessiot-demenagement.com\/fr\/formules-devis-demenagement\/\",\"name\":\"Formule et devis pour votre d\\u00e9m\\u00e9nagement\"}},{\"@type\":\"ListItem\",\"position\":3,\"item\":{\"@type\":\"WebPage\",\"@id\":\"https:\/\/www.tessiot-demenagement.com\/fr\/formules-devis-demenagement\/formule-de-demenagement-standing\/\",\"url\":\"https:\/\/www.tessiot-demenagement.com\/fr\/formules-devis-demenagement\/formule-de-demenagement-standing\/\",\"name\":\"Formule de d\\u00e9m\\u00e9nagement Standing\"}}]}]}<\/script>\n<!-- \/ Yoast SEO plugin. -->","_links":{"self":[{"href":"https:\/\/www.tessiot-demenagement.com\/fr\/wp-json\/wp\/v2\/pages\/1348"}],"collection":[{"href":"https:\/\/www.tessiot-demenagement.com\/fr\/wp-json\/wp\/v2\/pages"}],"about":[{"href":"https:\/\/www.tessiot-demenagement.com\/fr\/wp-json\/wp\/v2\/types\/page"}],"author":[{"embeddable":true,"href":"https:\/\/www.tessiot-demenagement.com\/fr\/wp-json\/wp\/v2\/users\/3"}],"replies":[{"embeddable":true,"href":"https:\/\/www.tessiot-demenagement.com\/fr\/wp-json\/wp\/v2\/comments?post=1348"}],"version-history":[{"count":8,"href":"https:\/\/www.tessiot-demenagement.com\/fr\/wp-json\/wp\/v2\/pages\/1348\/revisions"}],"predecessor-version":[{"id":6633,"href":"https:\/\/www.tessiot-demenagement.com\/fr\/wp-json\/wp\/v2\/pages\/1348\/revisions\/6633"}],"up":[{"embeddable":true,"href":"https:\/\/www.tessiot-demenagement.com\/fr\/wp-json\/wp\/v2\/pages\/2821"}],"wp:attachment":[{"href":"https:\/\/www.tessiot-demenagement.com\/fr\/wp-json\/wp\/v2\/media?parent=1348"}],"curies":[{"name":"wp","href":"https:\/\/api.w.org\/{rel}","templated":true}]}}