{"id":1342,"date":"2012-02-01T12:26:17","date_gmt":"2012-02-01T12:26:17","guid":{"rendered":"http:\/\/www.tessiot-demenagement.com\/fr\/?page_id=1342"},"modified":"2022-02-18T10:55:21","modified_gmt":"2022-02-18T09:55:21","slug":"formule-de-demenagement-optimum","status":"publish","type":"page","link":"https:\/\/www.tessiot-demenagement.com\/fr\/formules-devis-demenagement\/formule-de-demenagement-optimum\/","title":{"rendered":"Formule de d\u00e9m\u00e9nagement Optimum"},"content":{"rendered":"\t\t<div data-elementor-type=\"wp-page\" data-elementor-id=\"1342\" class=\"elementor elementor-1342\" data-elementor-settings=\"[]\">\n\t\t\t\t\t\t<div class=\"elementor-inner\">\n\t\t\t\t\t\t\t<div class=\"elementor-section-wrap\">\n\t\t\t\t\t\t\t<section class=\"elementor-section elementor-top-section elementor-element elementor-element-d85fec9 elementor-section-boxed elementor-section-height-default elementor-section-height-default\" data-id=\"d85fec9\" data-element_type=\"section\">\n\t\t\t\t\t\t<div class=\"elementor-container elementor-column-gap-default\">\n\t\t\t\t\t\t\t<div class=\"elementor-row\">\n\t\t\t\t\t<div class=\"elementor-column elementor-col-100 elementor-top-column elementor-element elementor-element-81dd625\" data-id=\"81dd625\" data-element_type=\"column\">\n\t\t\t<div class=\"elementor-column-wrap elementor-element-populated\">\n\t\t\t\t\t\t\t<div class=\"elementor-widget-wrap\">\n\t\t\t\t\t\t<div class=\"elementor-element elementor-element-a7f227f elementor-widget elementor-widget-heading\" data-id=\"a7f227f\" data-element_type=\"widget\" data-widget_type=\"heading.default\">\n\t\t\t\t<div class=\"elementor-widget-container\">\n\t\t\t<h1 class=\"elementor-heading-title elementor-size-xl\">Formule de d\u00e9m\u00e9nagement Optimum<\/h1>\t\t<\/div>\n\t\t\t\t<\/div>\n\t\t\t\t\t\t<\/div>\n\t\t\t\t\t<\/div>\n\t\t<\/div>\n\t\t\t\t\t\t\t\t<\/div>\n\t\t\t\t\t<\/div>\n\t\t<\/section>\n\t\t\t\t<section class=\"elementor-section elementor-top-section elementor-element elementor-element-4e80d2d elementor-section-boxed elementor-section-height-default elementor-section-height-default\" data-id=\"4e80d2d\" data-element_type=\"section\">\n\t\t\t\t\t\t<div class=\"elementor-container elementor-column-gap-default\">\n\t\t\t\t\t\t\t<div class=\"elementor-row\">\n\t\t\t\t\t<div class=\"elementor-column elementor-col-100 elementor-top-column elementor-element elementor-element-22d57b9\" data-id=\"22d57b9\" data-element_type=\"column\">\n\t\t\t<div class=\"elementor-column-wrap elementor-element-populated\">\n\t\t\t\t\t\t\t<div class=\"elementor-widget-wrap\">\n\t\t\t\t\t\t<div class=\"elementor-element elementor-element-c669d75 elementor-widget elementor-widget-spacer\" data-id=\"c669d75\" data-element_type=\"widget\" data-widget_type=\"spacer.default\">\n\t\t\t\t<div class=\"elementor-widget-container\">\n\t\t\t\t\t<div class=\"elementor-spacer\">\n\t\t\t<div class=\"elementor-spacer-inner\"><\/div>\n\t\t<\/div>\n\t\t\t\t<\/div>\n\t\t\t\t<\/div>\n\t\t\t\t\t\t<\/div>\n\t\t\t\t\t<\/div>\n\t\t<\/div>\n\t\t\t\t\t\t\t\t<\/div>\n\t\t\t\t\t<\/div>\n\t\t<\/section>\n\t\t\t\t<section class=\"elementor-section elementor-top-section elementor-element elementor-element-1649ef4 elementor-section-boxed elementor-section-height-default elementor-section-height-default\" data-id=\"1649ef4\" data-element_type=\"section\">\n\t\t\t\t\t\t<div class=\"elementor-container elementor-column-gap-default\">\n\t\t\t\t\t\t\t<div class=\"elementor-row\">\n\t\t\t\t\t<div class=\"elementor-column elementor-col-66 elementor-top-column elementor-element elementor-element-2dd5e3a\" data-id=\"2dd5e3a\" data-element_type=\"column\">\n\t\t\t<div class=\"elementor-column-wrap elementor-element-populated\">\n\t\t\t\t\t\t\t<div class=\"elementor-widget-wrap\">\n\t\t\t\t\t\t<div class=\"elementor-element elementor-element-37a2abb elementor-widget elementor-widget-text-editor\" data-id=\"37a2abb\" data-element_type=\"widget\" data-widget_type=\"text-editor.default\">\n\t\t\t\t<div class=\"elementor-widget-container\">\n\t\t\t\t\t<div class=\"elementor-text-editor elementor-clearfix\"><p><strong>Avec la formule de d\u00e9m\u00e9nagement Optimum b\u00e9n\u00e9ficiez du confort total. Ainsi vous pouvez faire confiance \u00e0 nos d\u00e9m\u00e9nageurs, <span style=\"text-decoration: underline;\">ils se chargent de TOUT<\/span>.<\/strong><\/p><ul><li>Mise \u00e0 disposition des emballages<\/li><li>Mise sous housses des matelas et sommiers<\/li><li>Protection du mobilier sous couvertures dans l&#8217;appartement<\/li><li>Protection particuli\u00e8re de certains meubles<\/li><li>Conditionnement des tableaux et glaces<\/li><li>Mise en penderie des v\u00eatements sur cintre<\/li><li>Emballage du linge, livres et objets non fragiles<\/li><li>Emballage de la vaisselle, verrerie, bibelots<\/li><li>D\u00e9montage des mobiliers non fix\u00e9s<\/li><li>Manutention &#8211; Chargement<\/li><li>Transport en v\u00e9hicule capitonn\u00e9<\/li><li>Manutention &#8211; Livraison<\/li><li>Remontage des mobiliers non fix\u00e9s<\/li><li>D\u00e9ballage de la vaisselle, verrerie, bibelots<\/li><li>D\u00e9ballage du linge, livres et objets non fragile<\/li><\/ul><\/div>\n\t\t\t\t<\/div>\n\t\t\t\t<\/div>\n\t\t\t\t\t\t<\/div>\n\t\t\t\t\t<\/div>\n\t\t<\/div>\n\t\t\t\t<div class=\"elementor-column elementor-col-33 elementor-top-column elementor-element elementor-element-c3117bf\" data-id=\"c3117bf\" data-element_type=\"column\">\n\t\t\t<div class=\"elementor-column-wrap elementor-element-populated\">\n\t\t\t\t\t\t\t<div class=\"elementor-widget-wrap\">\n\t\t\t\t\t\t<div class=\"elementor-element elementor-element-caab6f7 elementor-widget elementor-widget-image\" data-id=\"caab6f7\" data-element_type=\"widget\" data-widget_type=\"image.default\">\n\t\t\t\t<div class=\"elementor-widget-container\">\n\t\t\t\t\t<div class=\"elementor-image\">\n\t\t\t\t\t\t\t\t\t\t<img loading=\"lazy\" decoding=\"async\" width=\"280\" height=\"192\" src=\"https:\/\/www.tessiot-demenagement.com\/fr\/wp-content\/uploads\/2012\/02\/demenagement_formule_tessiot_demeco_optimum.jpg\" class=\"attachment-large size-large\" alt=\"formule pour demenager\" srcset=\"https:\/\/www.tessiot-demenagement.com\/fr\/wp-content\/uploads\/2012\/02\/demenagement_formule_tessiot_demeco_optimum.jpg 280w, https:\/\/www.tessiot-demenagement.com\/fr\/wp-content\/uploads\/2012\/02\/demenagement_formule_tessiot_demeco_optimum-130x90.jpg 130w\" sizes=\"(max-width: 280px) 100vw, 280px\" \/>\t\t\t\t\t\t\t\t\t\t\t<\/div>\n\t\t\t\t<\/div>\n\t\t\t\t<\/div>\n\t\t\t\t\t\t<\/div>\n\t\t\t\t\t<\/div>\n\t\t<\/div>\n\t\t\t\t\t\t\t\t<\/div>\n\t\t\t\t\t<\/div>\n\t\t<\/section>\n\t\t\t\t<section class=\"elementor-section elementor-top-section elementor-element elementor-element-e809e8f elementor-section-boxed elementor-section-height-default elementor-section-height-default\" data-id=\"e809e8f\" data-element_type=\"section\">\n\t\t\t\t\t\t<div class=\"elementor-container elementor-column-gap-default\">\n\t\t\t\t\t\t\t<div class=\"elementor-row\">\n\t\t\t\t\t<div class=\"elementor-column elementor-col-100 elementor-top-column elementor-element elementor-element-3452c30\" data-id=\"3452c30\" data-element_type=\"column\">\n\t\t\t<div class=\"elementor-column-wrap elementor-element-populated\">\n\t\t\t\t\t\t\t<div class=\"elementor-widget-wrap\">\n\t\t\t\t\t\t<div class=\"elementor-element elementor-element-e63d047 elementor-widget elementor-widget-heading\" data-id=\"e63d047\" data-element_type=\"widget\" data-widget_type=\"heading.default\">\n\t\t\t\t<div class=\"elementor-widget-container\">\n\t\t\t<h2 class=\"elementor-heading-title elementor-size-large\">Non inclus dans la formule Optimum<\/h2>\t\t<\/div>\n\t\t\t\t<\/div>\n\t\t\t\t\t\t<\/div>\n\t\t\t\t\t<\/div>\n\t\t<\/div>\n\t\t\t\t\t\t\t\t<\/div>\n\t\t\t\t\t<\/div>\n\t\t<\/section>\n\t\t\t\t<section class=\"elementor-section elementor-top-section elementor-element elementor-element-c4236c2 elementor-section-boxed elementor-section-height-default elementor-section-height-default\" data-id=\"c4236c2\" data-element_type=\"section\">\n\t\t\t\t\t\t<div class=\"elementor-container elementor-column-gap-default\">\n\t\t\t\t\t\t\t<div class=\"elementor-row\">\n\t\t\t\t\t<div class=\"elementor-column elementor-col-100 elementor-top-column elementor-element elementor-element-64e74e8\" data-id=\"64e74e8\" data-element_type=\"column\">\n\t\t\t<div class=\"elementor-column-wrap elementor-element-populated\">\n\t\t\t\t\t\t\t<div class=\"elementor-widget-wrap\">\n\t\t\t\t\t\t<div class=\"elementor-element elementor-element-b79bd82 elementor-widget elementor-widget-text-editor\" data-id=\"b79bd82\" data-element_type=\"widget\" data-widget_type=\"text-editor.default\">\n\t\t\t\t<div class=\"elementor-widget-container\">\n\t\t\t\t\t<div class=\"elementor-text-editor elementor-clearfix\"><ul><li style=\"list-style-type: none;\"><ul><li>D\u00e9branchement et\/ou calage des appareils n\u00e9cessitant l&#8217;intervention d&#8217;un sp\u00e9cialiste<\/li><li>D\u00e9pose des objets fix\u00e9s aux murs et plafonds<\/li><li>Regroupement de vos objets personnels : Papiers, clefs (logements de d\u00e9part et d&#8217;arriv\u00e9e, voiture), bijoux et objets de valeur<\/li><li>Rebranchement des appareils<\/li><li>Pose des objets fix\u00e9s aux murs et plafonds<\/li><\/ul><\/li><\/ul><p><strong>La classe OPTIMUM TESSIOT peut faire l&#8217;objet de prestations compl\u00e9mentaires. <\/strong><\/p><p>\u00a0<\/p><\/div>\n\t\t\t\t<\/div>\n\t\t\t\t<\/div>\n\t\t\t\t\t\t<\/div>\n\t\t\t\t\t<\/div>\n\t\t<\/div>\n\t\t\t\t\t\t\t\t<\/div>\n\t\t\t\t\t<\/div>\n\t\t<\/section>\n\t\t\t\t<section class=\"elementor-section elementor-top-section elementor-element elementor-element-c5ea7ab elementor-section-boxed elementor-section-height-default elementor-section-height-default\" data-id=\"c5ea7ab\" data-element_type=\"section\">\n\t\t\t\t\t\t<div class=\"elementor-container elementor-column-gap-default\">\n\t\t\t\t\t\t\t<div class=\"elementor-row\">\n\t\t\t\t\t<div class=\"elementor-column elementor-col-100 elementor-top-column elementor-element elementor-element-5968ff0\" data-id=\"5968ff0\" data-element_type=\"column\">\n\t\t\t<div class=\"elementor-column-wrap elementor-element-populated\">\n\t\t\t\t\t\t\t<div class=\"elementor-widget-wrap\">\n\t\t\t\t\t\t<div class=\"elementor-element elementor-element-0ea6bf2 elementor-widget elementor-widget-heading\" data-id=\"0ea6bf2\" data-element_type=\"widget\" data-widget_type=\"heading.default\">\n\t\t\t\t<div class=\"elementor-widget-container\">\n\t\t\t<h3 class=\"elementor-heading-title elementor-size-large\">Demandez votre devis gratuit pour votre d\u00e9m\u00e9nagement.<\/h3>\t\t<\/div>\n\t\t\t\t<\/div>\n\t\t\t\t\t\t<\/div>\n\t\t\t\t\t<\/div>\n\t\t<\/div>\n\t\t\t\t\t\t\t\t<\/div>\n\t\t\t\t\t<\/div>\n\t\t<\/section>\n\t\t\t\t<section class=\"elementor-section elementor-top-section elementor-element elementor-element-9667a03 elementor-section-boxed elementor-section-height-default elementor-section-height-default\" data-id=\"9667a03\" data-element_type=\"section\">\n\t\t\t\t\t\t<div class=\"elementor-container elementor-column-gap-default\">\n\t\t\t\t\t\t\t<div class=\"elementor-row\">\n\t\t\t\t\t<div class=\"elementor-column elementor-col-66 elementor-top-column elementor-element elementor-element-9031730\" data-id=\"9031730\" data-element_type=\"column\">\n\t\t\t<div class=\"elementor-column-wrap elementor-element-populated\">\n\t\t\t\t\t\t\t<div class=\"elementor-widget-wrap\">\n\t\t\t\t\t\t<div class=\"elementor-element elementor-element-1772858 elementor-widget elementor-widget-text-editor\" data-id=\"1772858\" data-element_type=\"widget\" data-widget_type=\"text-editor.default\">\n\t\t\t\t<div class=\"elementor-widget-container\">\n\t\t\t\t\t<div class=\"elementor-text-editor elementor-clearfix\"><p>Un de nos experts est disponible pour vous rencontrer si possible et vous expliquer avec plus de pr\u00e9cisions nos formules. Car avec <a href=\"https:\/\/www.facebook.com\/tessiot.demenagements\">Tessiot D\u00e9m\u00e9nagements<\/a>, vous b\u00e9n\u00e9ficiez d&#8217;un professionnel bien implant\u00e9 en r\u00e9gion Centre. En effet <strong>nos agences vous accueillent \u00e0 Bourges, Nevers, Moulins, Ch\u00e2teauroux et Limoges<\/strong>. Et en Outre-mer, nos deux agences de <strong>La R\u00e9union et de Mayotte<\/strong> sont \u00e9galement disponibles. Ainsi votre conseiller estimera <a href=\"https:\/\/www.tessiot-demenagement.com\/fr\/quest-ce-que-le-cubage\/\">le volume de vos biens<\/a> et votre mobilier, l\u2019emballage n\u00e9cessaire, les conditions d\u2019acc\u00e8s \u00e0 votre logement, le nombre de personnel ad\u00e9quat, le besoin d\u2019une<strong> autorisation de stationnement<\/strong>. Alors b\u00e9n\u00e9ficiez de notre\u00a0conseil sur-mesure\u00a0et recevez dans les meilleurs d\u00e9lais un\u00a0<strong>devis gratuit adapt\u00e9 \u00e0 vos besoins<\/strong>. Et retrouvez l&#8217;ensemble de nos formules<a href=\"https:\/\/www.tessiot-demenagement.com\/fr\/contact-et-devis\/\"> ici<\/a>. Enfin, une fois votre accord donn\u00e9, nous r\u00e9serverons ensemble <strong>une date sur notre planning<\/strong> pour votre d\u00e9m\u00e9nagement.<\/p><\/div>\n\t\t\t\t<\/div>\n\t\t\t\t<\/div>\n\t\t\t\t\t\t<\/div>\n\t\t\t\t\t<\/div>\n\t\t<\/div>\n\t\t\t\t<div class=\"elementor-column elementor-col-33 elementor-top-column elementor-element elementor-element-400a728\" data-id=\"400a728\" data-element_type=\"column\">\n\t\t\t<div class=\"elementor-column-wrap elementor-element-populated\">\n\t\t\t\t\t\t\t<div class=\"elementor-widget-wrap\">\n\t\t\t\t\t\t<div class=\"elementor-element elementor-element-5cd4151 elementor-align-center elementor-widget elementor-widget-button\" data-id=\"5cd4151\" data-element_type=\"widget\" data-widget_type=\"button.default\">\n\t\t\t\t<div class=\"elementor-widget-container\">\n\t\t\t\t\t<div class=\"elementor-button-wrapper\">\n\t\t\t<a href=\"https:\/\/www.tessiot-demenagement.com\/fr\/contact-et-devis\/\" class=\"elementor-button-link elementor-button elementor-size-lg\" role=\"button\">\n\t\t\t\t\t\t<span class=\"elementor-button-content-wrapper\">\n\t\t\t\t\t\t<span class=\"elementor-button-text\">Demandez votre devis gratuit<\/span>\n\t\t<\/span>\n\t\t\t\t\t<\/a>\n\t\t<\/div>\n\t\t\t\t<\/div>\n\t\t\t\t<\/div>\n\t\t\t\t\t\t<\/div>\n\t\t\t\t\t<\/div>\n\t\t<\/div>\n\t\t\t\t\t\t\t\t<\/div>\n\t\t\t\t\t<\/div>\n\t\t<\/section>\n\t\t\t\t\t\t<\/div>\n\t\t\t\t\t\t<\/div>\n\t\t\t\t\t<\/div>\n\t\t","protected":false},"excerpt":{"rendered":"<p>Formule de d\u00e9m\u00e9nagement Optimum Avec la formule de d\u00e9m\u00e9nagement Optimum b\u00e9n\u00e9ficiez du confort total. Ainsi vous pouvez faire confiance \u00e0<\/p>\n","protected":false},"author":3,"featured_media":0,"parent":2821,"menu_order":3,"comment_status":"open","ping_status":"open","template":"","meta":{"footnotes":""},"yoast_head":"<!-- This site is optimized with the Yoast SEO plugin v15.8 - https:\/\/yoast.com\/wordpress\/plugins\/seo\/ -->\n<title>Formule de d\u00e9m\u00e9nagement Optimum &ndash; Tessiot D\u00e9m\u00e9nagements<\/title>\n<meta name=\"description\" content=\"La formule de d\u00e9m\u00e9nagement Optimum, c&#039;est le confort total. Notre \u00e9quipe se charge de tout, depuis l&#039;emballage de vos effets jusqu&#039;au d\u00e9ballage complet.\" \/>\n<meta name=\"robots\" content=\"index, follow, max-snippet:-1, max-image-preview:large, max-video-preview:-1\" \/>\n<link rel=\"canonical\" href=\"https:\/\/www.tessiot-demenagement.com\/fr\/formules-devis-demenagement\/formule-de-demenagement-optimum\/\" \/>\n<meta property=\"og:locale\" content=\"fr_FR\" \/>\n<meta property=\"og:type\" content=\"article\" \/>\n<meta property=\"og:title\" content=\"Formule de d\u00e9m\u00e9nagement Optimum &ndash; Tessiot D\u00e9m\u00e9nagements\" \/>\n<meta property=\"og:description\" content=\"La formule de d\u00e9m\u00e9nagement Optimum, c&#039;est le confort total. Notre \u00e9quipe se charge de tout, depuis l&#039;emballage de vos effets jusqu&#039;au d\u00e9ballage complet.\" \/>\n<meta property=\"og:url\" content=\"https:\/\/www.tessiot-demenagement.com\/fr\/formules-devis-demenagement\/formule-de-demenagement-optimum\/\" \/>\n<meta property=\"og:site_name\" content=\"Tessiot D\u00e9m\u00e9nagements\" \/>\n<meta property=\"article:publisher\" content=\"https:\/\/www.facebook.com\/tessiot.demenagements\" \/>\n<meta property=\"article:modified_time\" content=\"2022-02-18T09:55:21+00:00\" \/>\n<meta property=\"og:image\" content=\"https:\/\/www.tessiot-demenagement.com\/fr\/wp-content\/uploads\/2012\/02\/demenagement_formule_tessiot_demeco_optimum.jpg\" \/>\n<meta name=\"twitter:card\" content=\"summary_large_image\" \/>\n<meta name=\"twitter:site\" content=\"@TDemenagements\" \/>\n<meta name=\"twitter:label1\" content=\"Dur\u00e9e de lecture est.\">\n\t<meta name=\"twitter:data1\" content=\"2 minutes\">\n<script type=\"application\/ld+json\" class=\"yoast-schema-graph\">{\"@context\":\"https:\/\/schema.org\",\"@graph\":[{\"@type\":\"Organization\",\"@id\":\"https:\/\/www.tessiot-demenagement.com\/fr\/#organization\",\"name\":\"Tessiot-D\\u00e9m\\u00e9nagements\",\"url\":\"https:\/\/www.tessiot-demenagement.com\/fr\/\",\"sameAs\":[\"https:\/\/www.facebook.com\/tessiot.demenagements\",\"https:\/\/www.instagram.com\/tessiotdemenagements\/\",\"https:\/\/www.youtube.com\/watch?v=maGVkMma1Dw.\",\"https:\/\/twitter.com\/TDemenagements\"],\"logo\":{\"@type\":\"ImageObject\",\"@id\":\"https:\/\/www.tessiot-demenagement.com\/fr\/#logo\",\"inLanguage\":\"fr-FR\",\"url\":\"https:\/\/www.tessiot-demenagement.com\/fr\/wp-content\/uploads\/2012\/01\/logo1-e1536916717562.png\",\"width\":80,\"height\":41,\"caption\":\"Tessiot-D\\u00e9m\\u00e9nagements\"},\"image\":{\"@id\":\"https:\/\/www.tessiot-demenagement.com\/fr\/#logo\"}},{\"@type\":\"WebSite\",\"@id\":\"https:\/\/www.tessiot-demenagement.com\/fr\/#website\",\"url\":\"https:\/\/www.tessiot-demenagement.com\/fr\/\",\"name\":\"Tessiot D\\u00e9m\\u00e9nagements\",\"description\":\"D\\u00e9m\\u00e9nagement national et international\",\"publisher\":{\"@id\":\"https:\/\/www.tessiot-demenagement.com\/fr\/#organization\"},\"potentialAction\":[{\"@type\":\"SearchAction\",\"target\":\"https:\/\/www.tessiot-demenagement.com\/fr\/?s={search_term_string}\",\"query-input\":\"required name=search_term_string\"}],\"inLanguage\":\"fr-FR\"},{\"@type\":\"ImageObject\",\"@id\":\"https:\/\/www.tessiot-demenagement.com\/fr\/formules-devis-demenagement\/formule-de-demenagement-optimum\/#primaryimage\",\"inLanguage\":\"fr-FR\",\"url\":\"https:\/\/www.tessiot-demenagement.com\/fr\/wp-content\/uploads\/2012\/02\/demenagement_formule_tessiot_demeco_optimum.jpg\",\"width\":280,\"height\":192,\"caption\":\"Formule Optimum\"},{\"@type\":\"WebPage\",\"@id\":\"https:\/\/www.tessiot-demenagement.com\/fr\/formules-devis-demenagement\/formule-de-demenagement-optimum\/#webpage\",\"url\":\"https:\/\/www.tessiot-demenagement.com\/fr\/formules-devis-demenagement\/formule-de-demenagement-optimum\/\",\"name\":\"Formule de d\\u00e9m\\u00e9nagement Optimum &ndash; Tessiot D\\u00e9m\\u00e9nagements\",\"isPartOf\":{\"@id\":\"https:\/\/www.tessiot-demenagement.com\/fr\/#website\"},\"primaryImageOfPage\":{\"@id\":\"https:\/\/www.tessiot-demenagement.com\/fr\/formules-devis-demenagement\/formule-de-demenagement-optimum\/#primaryimage\"},\"datePublished\":\"2012-02-01T12:26:17+00:00\",\"dateModified\":\"2022-02-18T09:55:21+00:00\",\"description\":\"La formule de d\\u00e9m\\u00e9nagement Optimum, c'est le confort total. Notre \\u00e9quipe se charge de tout, depuis l'emballage de vos effets jusqu'au d\\u00e9ballage complet.\",\"breadcrumb\":{\"@id\":\"https:\/\/www.tessiot-demenagement.com\/fr\/formules-devis-demenagement\/formule-de-demenagement-optimum\/#breadcrumb\"},\"inLanguage\":\"fr-FR\",\"potentialAction\":[{\"@type\":\"ReadAction\",\"target\":[\"https:\/\/www.tessiot-demenagement.com\/fr\/formules-devis-demenagement\/formule-de-demenagement-optimum\/\"]}]},{\"@type\":\"BreadcrumbList\",\"@id\":\"https:\/\/www.tessiot-demenagement.com\/fr\/formules-devis-demenagement\/formule-de-demenagement-optimum\/#breadcrumb\",\"itemListElement\":[{\"@type\":\"ListItem\",\"position\":1,\"item\":{\"@type\":\"WebPage\",\"@id\":\"https:\/\/www.tessiot-demenagement.com\/fr\/\",\"url\":\"https:\/\/www.tessiot-demenagement.com\/fr\/\",\"name\":\"Home\"}},{\"@type\":\"ListItem\",\"position\":2,\"item\":{\"@type\":\"WebPage\",\"@id\":\"https:\/\/www.tessiot-demenagement.com\/fr\/formules-devis-demenagement\/\",\"url\":\"https:\/\/www.tessiot-demenagement.com\/fr\/formules-devis-demenagement\/\",\"name\":\"Formule et devis pour votre d\\u00e9m\\u00e9nagement\"}},{\"@type\":\"ListItem\",\"position\":3,\"item\":{\"@type\":\"WebPage\",\"@id\":\"https:\/\/www.tessiot-demenagement.com\/fr\/formules-devis-demenagement\/formule-de-demenagement-optimum\/\",\"url\":\"https:\/\/www.tessiot-demenagement.com\/fr\/formules-devis-demenagement\/formule-de-demenagement-optimum\/\",\"name\":\"Formule de d\\u00e9m\\u00e9nagement Optimum\"}}]}]}<\/script>\n<!-- \/ Yoast SEO plugin. -->","_links":{"self":[{"href":"https:\/\/www.tessiot-demenagement.com\/fr\/wp-json\/wp\/v2\/pages\/1342"}],"collection":[{"href":"https:\/\/www.tessiot-demenagement.com\/fr\/wp-json\/wp\/v2\/pages"}],"about":[{"href":"https:\/\/www.tessiot-demenagement.com\/fr\/wp-json\/wp\/v2\/types\/page"}],"author":[{"embeddable":true,"href":"https:\/\/www.tessiot-demenagement.com\/fr\/wp-json\/wp\/v2\/users\/3"}],"replies":[{"embeddable":true,"href":"https:\/\/www.tessiot-demenagement.com\/fr\/wp-json\/wp\/v2\/comments?post=1342"}],"version-history":[{"count":33,"href":"https:\/\/www.tessiot-demenagement.com\/fr\/wp-json\/wp\/v2\/pages\/1342\/revisions"}],"predecessor-version":[{"id":9012,"href":"https:\/\/www.tessiot-demenagement.com\/fr\/wp-json\/wp\/v2\/pages\/1342\/revisions\/9012"}],"up":[{"embeddable":true,"href":"https:\/\/www.tessiot-demenagement.com\/fr\/wp-json\/wp\/v2\/pages\/2821"}],"wp:attachment":[{"href":"https:\/\/www.tessiot-demenagement.com\/fr\/wp-json\/wp\/v2\/media?parent=1342"}],"curies":[{"name":"wp","href":"https:\/\/api.w.org\/{rel}","templated":true}]}}