{"id":1332,"date":"2012-02-01T12:04:42","date_gmt":"2012-02-01T12:04:42","guid":{"rendered":"http:\/\/www.tessiot-demenagement.com\/fr\/?page_id=1332"},"modified":"2020-11-03T17:20:04","modified_gmt":"2020-11-03T16:20:04","slug":"formule-de-demenagement-access","status":"publish","type":"page","link":"https:\/\/www.tessiot-demenagement.com\/fr\/formules-devis-demenagement\/formule-de-demenagement-access\/","title":{"rendered":"Formule de d\u00e9m\u00e9nagement Access"},"content":{"rendered":"\t\t<div data-elementor-type=\"wp-page\" data-elementor-id=\"1332\" class=\"elementor elementor-1332\" data-elementor-settings=\"[]\">\n\t\t\t\t\t\t<div class=\"elementor-inner\">\n\t\t\t\t\t\t\t<div class=\"elementor-section-wrap\">\n\t\t\t\t\t\t\t<section class=\"elementor-section elementor-top-section elementor-element elementor-element-1a9e161 elementor-section-boxed elementor-section-height-default elementor-section-height-default\" data-id=\"1a9e161\" data-element_type=\"section\">\n\t\t\t\t\t\t<div class=\"elementor-container elementor-column-gap-default\">\n\t\t\t\t\t\t\t<div class=\"elementor-row\">\n\t\t\t\t\t<div class=\"elementor-column elementor-col-100 elementor-top-column elementor-element elementor-element-73fb35a\" data-id=\"73fb35a\" data-element_type=\"column\">\n\t\t\t<div class=\"elementor-column-wrap elementor-element-populated\">\n\t\t\t\t\t\t\t<div class=\"elementor-widget-wrap\">\n\t\t\t\t\t\t<div class=\"elementor-element elementor-element-ab60278 elementor-widget elementor-widget-heading\" data-id=\"ab60278\" data-element_type=\"widget\" data-widget_type=\"heading.default\">\n\t\t\t\t<div class=\"elementor-widget-container\">\n\t\t\t<h1 class=\"elementor-heading-title elementor-size-xl\">Formule de d\u00e9m\u00e9nagement Access<\/h1>\t\t<\/div>\n\t\t\t\t<\/div>\n\t\t\t\t\t\t<\/div>\n\t\t\t\t\t<\/div>\n\t\t<\/div>\n\t\t\t\t\t\t\t\t<\/div>\n\t\t\t\t\t<\/div>\n\t\t<\/section>\n\t\t\t\t<section class=\"elementor-section elementor-top-section elementor-element elementor-element-8c6208a elementor-section-boxed elementor-section-height-default elementor-section-height-default\" data-id=\"8c6208a\" data-element_type=\"section\">\n\t\t\t\t\t\t<div class=\"elementor-container elementor-column-gap-default\">\n\t\t\t\t\t\t\t<div class=\"elementor-row\">\n\t\t\t\t\t<div class=\"elementor-column elementor-col-100 elementor-top-column elementor-element elementor-element-2bf8d81\" data-id=\"2bf8d81\" data-element_type=\"column\">\n\t\t\t<div class=\"elementor-column-wrap elementor-element-populated\">\n\t\t\t\t\t\t\t<div class=\"elementor-widget-wrap\">\n\t\t\t\t\t\t<div class=\"elementor-element elementor-element-55fb57e elementor-widget elementor-widget-spacer\" data-id=\"55fb57e\" data-element_type=\"widget\" data-widget_type=\"spacer.default\">\n\t\t\t\t<div class=\"elementor-widget-container\">\n\t\t\t\t\t<div class=\"elementor-spacer\">\n\t\t\t<div class=\"elementor-spacer-inner\"><\/div>\n\t\t<\/div>\n\t\t\t\t<\/div>\n\t\t\t\t<\/div>\n\t\t\t\t\t\t<\/div>\n\t\t\t\t\t<\/div>\n\t\t<\/div>\n\t\t\t\t\t\t\t\t<\/div>\n\t\t\t\t\t<\/div>\n\t\t<\/section>\n\t\t\t\t<section class=\"elementor-section elementor-top-section elementor-element elementor-element-4427907 elementor-section-boxed elementor-section-height-default elementor-section-height-default\" data-id=\"4427907\" data-element_type=\"section\">\n\t\t\t\t\t\t<div class=\"elementor-container elementor-column-gap-default\">\n\t\t\t\t\t\t\t<div class=\"elementor-row\">\n\t\t\t\t\t<div class=\"elementor-column elementor-col-66 elementor-top-column elementor-element elementor-element-5a8c129\" data-id=\"5a8c129\" data-element_type=\"column\">\n\t\t\t<div class=\"elementor-column-wrap elementor-element-populated\">\n\t\t\t\t\t\t\t<div class=\"elementor-widget-wrap\">\n\t\t\t\t\t\t<div class=\"elementor-element elementor-element-0063887 elementor-widget elementor-widget-text-editor\" data-id=\"0063887\" data-element_type=\"widget\" data-widget_type=\"text-editor.default\">\n\t\t\t\t<div class=\"elementor-widget-container\">\n\t\t\t\t\t<div class=\"elementor-text-editor elementor-clearfix\"><p><strong>Retrouvez notre formule de d\u00e9m\u00e9nagement Access. <\/strong><strong>La formule qui vous donne acc\u00e8s aux services de d\u00e9m\u00e9nageurs professionnels pour \u00e9viter toute fatigue inutile li\u00e9e \u00e0 la manutention et au transport. C&#8217;est surtout un prix tr\u00e8s accessible, le plaisir de s&#8217;offrir les services d&#8217;un d\u00e9m\u00e9nageur.<\/strong><\/p><p><strong>Notre prestation en formule ACCESS TESSIOT<\/strong><\/p><ul><li style=\"list-style-type: none;\"><ul><li>Vente d&#8217;emballages<\/li><li>Mise sous housses des matelas et sommiers<\/li><li>Protection du mobilier sous couvertures dans le logement<\/li><li>Manutention \/ Chargement<\/li><li>Transport en v\u00e9hicule capitonn\u00e9 et livraison<\/li><li>Manutention<\/li><\/ul><\/li><\/ul><\/div>\n\t\t\t\t<\/div>\n\t\t\t\t<\/div>\n\t\t\t\t\t\t<\/div>\n\t\t\t\t\t<\/div>\n\t\t<\/div>\n\t\t\t\t<div class=\"elementor-column elementor-col-33 elementor-top-column elementor-element elementor-element-64cc1af\" data-id=\"64cc1af\" data-element_type=\"column\">\n\t\t\t<div class=\"elementor-column-wrap elementor-element-populated\">\n\t\t\t\t\t\t\t<div class=\"elementor-widget-wrap\">\n\t\t\t\t\t\t<div class=\"elementor-element elementor-element-c1ac191 elementor-widget elementor-widget-image\" data-id=\"c1ac191\" data-element_type=\"widget\" data-widget_type=\"image.default\">\n\t\t\t\t<div class=\"elementor-widget-container\">\n\t\t\t\t\t<div class=\"elementor-image\">\n\t\t\t\t\t\t\t\t\t\t<img loading=\"lazy\" decoding=\"async\" width=\"280\" height=\"192\" src=\"https:\/\/www.tessiot-demenagement.com\/fr\/wp-content\/uploads\/2012\/02\/demenagement_formule_tessiot_demeco_access.jpg\" class=\"attachment-large size-large\" alt=\"Tessiot d\u00e9m\u00e9nageur professionnel\" srcset=\"https:\/\/www.tessiot-demenagement.com\/fr\/wp-content\/uploads\/2012\/02\/demenagement_formule_tessiot_demeco_access.jpg 280w, https:\/\/www.tessiot-demenagement.com\/fr\/wp-content\/uploads\/2012\/02\/demenagement_formule_tessiot_demeco_access-130x90.jpg 130w\" sizes=\"(max-width: 280px) 100vw, 280px\" \/>\t\t\t\t\t\t\t\t\t\t\t<\/div>\n\t\t\t\t<\/div>\n\t\t\t\t<\/div>\n\t\t\t\t\t\t<\/div>\n\t\t\t\t\t<\/div>\n\t\t<\/div>\n\t\t\t\t\t\t\t\t<\/div>\n\t\t\t\t\t<\/div>\n\t\t<\/section>\n\t\t\t\t<section class=\"elementor-section elementor-top-section elementor-element elementor-element-1376de0 elementor-section-boxed elementor-section-height-default elementor-section-height-default\" data-id=\"1376de0\" data-element_type=\"section\">\n\t\t\t\t\t\t<div class=\"elementor-container elementor-column-gap-default\">\n\t\t\t\t\t\t\t<div class=\"elementor-row\">\n\t\t\t\t\t<div class=\"elementor-column elementor-col-100 elementor-top-column elementor-element elementor-element-756738f\" data-id=\"756738f\" data-element_type=\"column\">\n\t\t\t<div class=\"elementor-column-wrap elementor-element-populated\">\n\t\t\t\t\t\t\t<div class=\"elementor-widget-wrap\">\n\t\t\t\t\t\t<div class=\"elementor-element elementor-element-003f34c elementor-widget elementor-widget-heading\" data-id=\"003f34c\" data-element_type=\"widget\" data-widget_type=\"heading.default\">\n\t\t\t\t<div class=\"elementor-widget-container\">\n\t\t\t<h2 class=\"elementor-heading-title elementor-size-large\">Non inclus dans la formule Access<\/h2>\t\t<\/div>\n\t\t\t\t<\/div>\n\t\t\t\t\t\t<\/div>\n\t\t\t\t\t<\/div>\n\t\t<\/div>\n\t\t\t\t\t\t\t\t<\/div>\n\t\t\t\t\t<\/div>\n\t\t<\/section>\n\t\t\t\t<section class=\"elementor-section elementor-top-section elementor-element elementor-element-83c8c3e elementor-section-boxed elementor-section-height-default elementor-section-height-default\" data-id=\"83c8c3e\" data-element_type=\"section\">\n\t\t\t\t\t\t<div class=\"elementor-container elementor-column-gap-default\">\n\t\t\t\t\t\t\t<div class=\"elementor-row\">\n\t\t\t\t\t<div class=\"elementor-column elementor-col-100 elementor-top-column elementor-element elementor-element-a2d9c44\" data-id=\"a2d9c44\" data-element_type=\"column\">\n\t\t\t<div class=\"elementor-column-wrap elementor-element-populated\">\n\t\t\t\t\t\t\t<div class=\"elementor-widget-wrap\">\n\t\t\t\t\t\t<div class=\"elementor-element elementor-element-e88b6b9 elementor-widget elementor-widget-text-editor\" data-id=\"e88b6b9\" data-element_type=\"widget\" data-widget_type=\"text-editor.default\">\n\t\t\t\t<div class=\"elementor-widget-container\">\n\t\t\t\t\t<div class=\"elementor-text-editor elementor-clearfix\"><ul><li style=\"list-style-type: none;\"><ul><li>Emballage de l&#8217;ensemble des objets contenus dans les meubles et placards<\/li><li>D\u00e9montage du mobilier<\/li><li>D\u00e9branchement et\/ou calage des appareils n\u00e9cessitant l&#8217;intervention d&#8217;un sp\u00e9cialiste<\/li><li>D\u00e9pose des objets fix\u00e9s aux murs et plafonds<\/li><li>Regroupement de vos objets personnels : Papiers, clefs (logements de d\u00e9part et d&#8217;arriv\u00e9e, voiture), bijoux et objets de valeur<\/li><li>D\u00e9ballage de l&#8217;ensemble des objets contenus dans les meubles et placards<\/li><li>Remontage des mobiliers<\/li><li>Rebranchement des appareils<\/li><li>Pose des objets fix\u00e9s aux murs et plafonds<\/li><\/ul><\/li><\/ul><p><strong>La formule ACCESS TESSIOT peut faire l&#8217;objet de prestations optionnelles, n&#8217;h\u00e9sitez pas \u00e0 nous les demander. Un de nos experts est disponible pour vous rencontrer si possible et vous expliquer avec plus de pr\u00e9cisions nos formules. Il estimera le volume de vos biens et votre mobilier, l&#8217;emballage n\u00e9cessaire, les conditions d&#8217;acc\u00e8s \u00e0 votre logement, le nombre de personnel ad\u00e9quat, le besoin d&#8217;une autorisation de stationnement. B\u00e9n\u00e9ficiez de notre conseil sur-mesure et recevez dans les meilleurs d\u00e9lais un devis gratuit adapt\u00e9 \u00e0 vos besoins. Et retrouvez l&#8217;ensemble de nos formules<a href=\"https:\/\/www.tessiot-demenagement.com\/fr\/formules-devis-demenagement\/\"> ici<\/a>.<\/strong><\/p><\/div>\n\t\t\t\t<\/div>\n\t\t\t\t<\/div>\n\t\t\t\t<div class=\"elementor-element elementor-element-cd3c9e2 elementor-align-center elementor-widget elementor-widget-button\" data-id=\"cd3c9e2\" data-element_type=\"widget\" data-widget_type=\"button.default\">\n\t\t\t\t<div class=\"elementor-widget-container\">\n\t\t\t\t\t<div class=\"elementor-button-wrapper\">\n\t\t\t<a href=\"https:\/\/www.tessiot-demenagement.com\/fr\/contact-et-devis\/\" class=\"elementor-button-link elementor-button elementor-size-lg\" role=\"button\">\n\t\t\t\t\t\t<span class=\"elementor-button-content-wrapper\">\n\t\t\t\t\t\t<span class=\"elementor-button-text\">Demandez votre devis gratuit<\/span>\n\t\t<\/span>\n\t\t\t\t\t<\/a>\n\t\t<\/div>\n\t\t\t\t<\/div>\n\t\t\t\t<\/div>\n\t\t\t\t\t\t<\/div>\n\t\t\t\t\t<\/div>\n\t\t<\/div>\n\t\t\t\t\t\t\t\t<\/div>\n\t\t\t\t\t<\/div>\n\t\t<\/section>\n\t\t\t\t\t\t<\/div>\n\t\t\t\t\t\t<\/div>\n\t\t\t\t\t<\/div>\n\t\t","protected":false},"excerpt":{"rendered":"<p>Formule de d\u00e9m\u00e9nagement Access Retrouvez notre formule de d\u00e9m\u00e9nagement Access. La formule qui vous donne acc\u00e8s aux services de d\u00e9m\u00e9nageurs<\/p>\n","protected":false},"author":3,"featured_media":0,"parent":2821,"menu_order":1,"comment_status":"open","ping_status":"open","template":"","meta":{"footnotes":""},"yoast_head":"<!-- This site is optimized with the Yoast SEO plugin v15.8 - https:\/\/yoast.com\/wordpress\/plugins\/seo\/ -->\n<title>Formule de d\u00e9m\u00e9nagement Access &ndash; Tessiot D\u00e9m\u00e9nagements<\/title>\n<meta name=\"description\" content=\"B\u00e9n\u00e9ficiez de notre formule de d\u00e9m\u00e9nagement Access, la formule \u00e9conomique des d\u00e9m\u00e9nageurs Tessiot.\" \/>\n<meta name=\"robots\" content=\"index, follow, max-snippet:-1, max-image-preview:large, max-video-preview:-1\" \/>\n<link rel=\"canonical\" href=\"https:\/\/www.tessiot-demenagement.com\/fr\/formules-devis-demenagement\/formule-de-demenagement-access\/\" \/>\n<meta property=\"og:locale\" content=\"fr_FR\" \/>\n<meta property=\"og:type\" content=\"article\" \/>\n<meta property=\"og:title\" content=\"Formule de d\u00e9m\u00e9nagement Access &ndash; Tessiot D\u00e9m\u00e9nagements\" \/>\n<meta property=\"og:description\" content=\"B\u00e9n\u00e9ficiez de notre formule de d\u00e9m\u00e9nagement Access, la formule \u00e9conomique des d\u00e9m\u00e9nageurs Tessiot.\" \/>\n<meta property=\"og:url\" content=\"https:\/\/www.tessiot-demenagement.com\/fr\/formules-devis-demenagement\/formule-de-demenagement-access\/\" \/>\n<meta property=\"og:site_name\" content=\"Tessiot D\u00e9m\u00e9nagements\" \/>\n<meta property=\"article:publisher\" content=\"https:\/\/www.facebook.com\/tessiot.demenagements\" \/>\n<meta property=\"article:modified_time\" content=\"2020-11-03T16:20:04+00:00\" \/>\n<meta property=\"og:image\" content=\"https:\/\/www.tessiot-demenagement.com\/fr\/wp-content\/uploads\/2012\/02\/demenagement_formule_tessiot_demeco_access.jpg\" \/>\n<meta name=\"twitter:card\" content=\"summary_large_image\" \/>\n<meta name=\"twitter:site\" content=\"@TDemenagements\" \/>\n<meta name=\"twitter:label1\" content=\"Dur\u00e9e de lecture est.\">\n\t<meta name=\"twitter:data1\" content=\"1 minute\">\n<script type=\"application\/ld+json\" class=\"yoast-schema-graph\">{\"@context\":\"https:\/\/schema.org\",\"@graph\":[{\"@type\":\"Organization\",\"@id\":\"https:\/\/www.tessiot-demenagement.com\/fr\/#organization\",\"name\":\"Tessiot-D\\u00e9m\\u00e9nagements\",\"url\":\"https:\/\/www.tessiot-demenagement.com\/fr\/\",\"sameAs\":[\"https:\/\/www.facebook.com\/tessiot.demenagements\",\"https:\/\/www.instagram.com\/tessiotdemenagements\/\",\"https:\/\/www.youtube.com\/watch?v=maGVkMma1Dw.\",\"https:\/\/twitter.com\/TDemenagements\"],\"logo\":{\"@type\":\"ImageObject\",\"@id\":\"https:\/\/www.tessiot-demenagement.com\/fr\/#logo\",\"inLanguage\":\"fr-FR\",\"url\":\"https:\/\/www.tessiot-demenagement.com\/fr\/wp-content\/uploads\/2012\/01\/logo1-e1536916717562.png\",\"width\":80,\"height\":41,\"caption\":\"Tessiot-D\\u00e9m\\u00e9nagements\"},\"image\":{\"@id\":\"https:\/\/www.tessiot-demenagement.com\/fr\/#logo\"}},{\"@type\":\"WebSite\",\"@id\":\"https:\/\/www.tessiot-demenagement.com\/fr\/#website\",\"url\":\"https:\/\/www.tessiot-demenagement.com\/fr\/\",\"name\":\"Tessiot D\\u00e9m\\u00e9nagements\",\"description\":\"D\\u00e9m\\u00e9nagement national et international\",\"publisher\":{\"@id\":\"https:\/\/www.tessiot-demenagement.com\/fr\/#organization\"},\"potentialAction\":[{\"@type\":\"SearchAction\",\"target\":\"https:\/\/www.tessiot-demenagement.com\/fr\/?s={search_term_string}\",\"query-input\":\"required name=search_term_string\"}],\"inLanguage\":\"fr-FR\"},{\"@type\":\"ImageObject\",\"@id\":\"https:\/\/www.tessiot-demenagement.com\/fr\/formules-devis-demenagement\/formule-de-demenagement-access\/#primaryimage\",\"inLanguage\":\"fr-FR\",\"url\":\"https:\/\/www.tessiot-demenagement.com\/fr\/wp-content\/uploads\/2012\/02\/demenagement_formule_tessiot_demeco_access.jpg\",\"width\":280,\"height\":192,\"caption\":\"Tessiot d\\u00e9m\\u00e9nageur professionnel\"},{\"@type\":\"WebPage\",\"@id\":\"https:\/\/www.tessiot-demenagement.com\/fr\/formules-devis-demenagement\/formule-de-demenagement-access\/#webpage\",\"url\":\"https:\/\/www.tessiot-demenagement.com\/fr\/formules-devis-demenagement\/formule-de-demenagement-access\/\",\"name\":\"Formule de d\\u00e9m\\u00e9nagement Access &ndash; Tessiot D\\u00e9m\\u00e9nagements\",\"isPartOf\":{\"@id\":\"https:\/\/www.tessiot-demenagement.com\/fr\/#website\"},\"primaryImageOfPage\":{\"@id\":\"https:\/\/www.tessiot-demenagement.com\/fr\/formules-devis-demenagement\/formule-de-demenagement-access\/#primaryimage\"},\"datePublished\":\"2012-02-01T12:04:42+00:00\",\"dateModified\":\"2020-11-03T16:20:04+00:00\",\"description\":\"B\\u00e9n\\u00e9ficiez de notre formule de d\\u00e9m\\u00e9nagement Access, la formule \\u00e9conomique des d\\u00e9m\\u00e9nageurs Tessiot.\",\"breadcrumb\":{\"@id\":\"https:\/\/www.tessiot-demenagement.com\/fr\/formules-devis-demenagement\/formule-de-demenagement-access\/#breadcrumb\"},\"inLanguage\":\"fr-FR\",\"potentialAction\":[{\"@type\":\"ReadAction\",\"target\":[\"https:\/\/www.tessiot-demenagement.com\/fr\/formules-devis-demenagement\/formule-de-demenagement-access\/\"]}]},{\"@type\":\"BreadcrumbList\",\"@id\":\"https:\/\/www.tessiot-demenagement.com\/fr\/formules-devis-demenagement\/formule-de-demenagement-access\/#breadcrumb\",\"itemListElement\":[{\"@type\":\"ListItem\",\"position\":1,\"item\":{\"@type\":\"WebPage\",\"@id\":\"https:\/\/www.tessiot-demenagement.com\/fr\/\",\"url\":\"https:\/\/www.tessiot-demenagement.com\/fr\/\",\"name\":\"Home\"}},{\"@type\":\"ListItem\",\"position\":2,\"item\":{\"@type\":\"WebPage\",\"@id\":\"https:\/\/www.tessiot-demenagement.com\/fr\/formules-devis-demenagement\/\",\"url\":\"https:\/\/www.tessiot-demenagement.com\/fr\/formules-devis-demenagement\/\",\"name\":\"Formule et devis pour votre d\\u00e9m\\u00e9nagement\"}},{\"@type\":\"ListItem\",\"position\":3,\"item\":{\"@type\":\"WebPage\",\"@id\":\"https:\/\/www.tessiot-demenagement.com\/fr\/formules-devis-demenagement\/formule-de-demenagement-access\/\",\"url\":\"https:\/\/www.tessiot-demenagement.com\/fr\/formules-devis-demenagement\/formule-de-demenagement-access\/\",\"name\":\"Formule de d\\u00e9m\\u00e9nagement Access\"}}]}]}<\/script>\n<!-- \/ Yoast SEO plugin. -->","_links":{"self":[{"href":"https:\/\/www.tessiot-demenagement.com\/fr\/wp-json\/wp\/v2\/pages\/1332"}],"collection":[{"href":"https:\/\/www.tessiot-demenagement.com\/fr\/wp-json\/wp\/v2\/pages"}],"about":[{"href":"https:\/\/www.tessiot-demenagement.com\/fr\/wp-json\/wp\/v2\/types\/page"}],"author":[{"embeddable":true,"href":"https:\/\/www.tessiot-demenagement.com\/fr\/wp-json\/wp\/v2\/users\/3"}],"replies":[{"embeddable":true,"href":"https:\/\/www.tessiot-demenagement.com\/fr\/wp-json\/wp\/v2\/comments?post=1332"}],"version-history":[{"count":8,"href":"https:\/\/www.tessiot-demenagement.com\/fr\/wp-json\/wp\/v2\/pages\/1332\/revisions"}],"predecessor-version":[{"id":6621,"href":"https:\/\/www.tessiot-demenagement.com\/fr\/wp-json\/wp\/v2\/pages\/1332\/revisions\/6621"}],"up":[{"embeddable":true,"href":"https:\/\/www.tessiot-demenagement.com\/fr\/wp-json\/wp\/v2\/pages\/2821"}],"wp:attachment":[{"href":"https:\/\/www.tessiot-demenagement.com\/fr\/wp-json\/wp\/v2\/media?parent=1332"}],"curies":[{"name":"wp","href":"https:\/\/api.w.org\/{rel}","templated":true}]}}