{"id":1087,"date":"2012-01-28T16:08:49","date_gmt":"2012-01-28T16:08:49","guid":{"rendered":"http:\/\/www.tessiot-demenagement.com\/fr\/?page_id=1087"},"modified":"2022-02-18T16:31:27","modified_gmt":"2022-02-18T15:31:27","slug":"demenageur-moulins-allier","status":"publish","type":"page","link":"https:\/\/www.tessiot-demenagement.com\/fr\/demenageur-moulins-allier\/","title":{"rendered":"D\u00e9m\u00e9nageur Tessiot \u00e0 Moulins"},"content":{"rendered":"\t\t<div data-elementor-type=\"wp-page\" data-elementor-id=\"1087\" class=\"elementor elementor-1087\" data-elementor-settings=\"[]\">\n\t\t\t\t\t\t<div class=\"elementor-inner\">\n\t\t\t\t\t\t\t<div class=\"elementor-section-wrap\">\n\t\t\t\t\t\t\t<section class=\"elementor-section elementor-top-section elementor-element elementor-element-9f2e375 elementor-section-boxed elementor-section-height-default elementor-section-height-default\" data-id=\"9f2e375\" data-element_type=\"section\">\n\t\t\t\t\t\t<div class=\"elementor-container elementor-column-gap-default\">\n\t\t\t\t\t\t\t<div class=\"elementor-row\">\n\t\t\t\t\t<div class=\"elementor-column elementor-col-100 elementor-top-column elementor-element elementor-element-90df274\" data-id=\"90df274\" data-element_type=\"column\">\n\t\t\t<div class=\"elementor-column-wrap elementor-element-populated\">\n\t\t\t\t\t\t\t<div class=\"elementor-widget-wrap\">\n\t\t\t\t\t\t<div class=\"elementor-element elementor-element-c02b119 elementor-widget elementor-widget-heading\" data-id=\"c02b119\" data-element_type=\"widget\" data-widget_type=\"heading.default\">\n\t\t\t\t<div class=\"elementor-widget-container\">\n\t\t\t<h1 class=\"elementor-heading-title elementor-size-large\">D\u00e9m\u00e9nageur Tessiot \u00e0 Moulins.<\/h1>\t\t<\/div>\n\t\t\t\t<\/div>\n\t\t\t\t\t\t<\/div>\n\t\t\t\t\t<\/div>\n\t\t<\/div>\n\t\t\t\t\t\t\t\t<\/div>\n\t\t\t\t\t<\/div>\n\t\t<\/section>\n\t\t\t\t<section class=\"elementor-section elementor-top-section elementor-element elementor-element-e67adfe elementor-section-boxed elementor-section-height-default elementor-section-height-default\" data-id=\"e67adfe\" data-element_type=\"section\">\n\t\t\t\t\t\t<div class=\"elementor-container elementor-column-gap-default\">\n\t\t\t\t\t\t\t<div class=\"elementor-row\">\n\t\t\t\t\t<div class=\"elementor-column elementor-col-100 elementor-top-column elementor-element elementor-element-888b592\" data-id=\"888b592\" data-element_type=\"column\">\n\t\t\t<div class=\"elementor-column-wrap elementor-element-populated\">\n\t\t\t\t\t\t\t<div class=\"elementor-widget-wrap\">\n\t\t\t\t\t\t<div class=\"elementor-element elementor-element-af85418 elementor-widget elementor-widget-spacer\" data-id=\"af85418\" data-element_type=\"widget\" data-widget_type=\"spacer.default\">\n\t\t\t\t<div class=\"elementor-widget-container\">\n\t\t\t\t\t<div class=\"elementor-spacer\">\n\t\t\t<div class=\"elementor-spacer-inner\"><\/div>\n\t\t<\/div>\n\t\t\t\t<\/div>\n\t\t\t\t<\/div>\n\t\t\t\t\t\t<\/div>\n\t\t\t\t\t<\/div>\n\t\t<\/div>\n\t\t\t\t\t\t\t\t<\/div>\n\t\t\t\t\t<\/div>\n\t\t<\/section>\n\t\t\t\t<section class=\"elementor-section elementor-top-section elementor-element elementor-element-24979ce elementor-section-boxed elementor-section-height-default elementor-section-height-default\" data-id=\"24979ce\" data-element_type=\"section\">\n\t\t\t\t\t\t<div class=\"elementor-container elementor-column-gap-default\">\n\t\t\t\t\t\t\t<div class=\"elementor-row\">\n\t\t\t\t\t<div class=\"elementor-column elementor-col-66 elementor-top-column elementor-element elementor-element-ab4cc09\" data-id=\"ab4cc09\" data-element_type=\"column\">\n\t\t\t<div class=\"elementor-column-wrap elementor-element-populated\">\n\t\t\t\t\t\t\t<div class=\"elementor-widget-wrap\">\n\t\t\t\t\t\t<div class=\"elementor-element elementor-element-a9f9510 elementor-widget elementor-widget-text-editor\" data-id=\"a9f9510\" data-element_type=\"widget\" data-widget_type=\"text-editor.default\">\n\t\t\t\t<div class=\"elementor-widget-container\">\n\t\t\t\t\t<div class=\"elementor-text-editor elementor-clearfix\"><p>Le d\u00e9m\u00e9nageur Tessiot vous accueille \u00e0 Moulins en Centre-ville \u00a0aux 16-18, avenue de la R\u00e9publique. Implant\u00e9 en r\u00e9gion Centre depuis plus de 152 ans, Tessiot D\u00e9m\u00e9nagements est donc pr\u00e9sent dans l\u2019Allier. En effet l\u2019agence est \u00e0 1h de Montlu\u00e7on et de Vichy, et 1h30 de Clermont-Ferrand.<\/p><p>A l\u2019origine, le d\u00e9m\u00e9nageur Tessiot \u00e9tait sp\u00e9cialis\u00e9 dans les d\u00e9m\u00e9nagements pour\u00a0<a href=\"https:\/\/www.tessiot-demenagement.com\/fr\/particuliers-mutations\/demenagement-france-etranger\/\">les particuliers<\/a>. Puis il s\u2019est tourn\u00e9 vers l<a href=\"https:\/\/www.tessiot-demenagement.com\/fr\/particuliers-mutations\/demenagement-international\/\">\u2018Outre-mer<\/a>, et notamment\u00a0<strong style=\"font-style: inherit;\">la mutation des militaires dans l\u2019Oc\u00e9an Indien<\/strong>. Enfin, des solutions pour les\u00a0<a href=\"https:\/\/www.tessiot-demenagement.com\/fr\/transfert-administratif-entreprise\/\">transferts administratifs et industriels<\/a>\u00a0sont propos\u00e9es aux entreprises.<\/p><p>Il faut savoir que le d\u00e9m\u00e9nageur Tessiot met \u00e9galement \u00e0 votre disposition son service de\u00a0<a href=\"https:\/\/www.tessiot-demenagement.com\/fr\/particuliers-mutations\/tessiot-demenagements-garde-meubles\/\">garde-meubles s\u00e9curis\u00e9<\/a>.\u00a0<\/p><\/div>\n\t\t\t\t<\/div>\n\t\t\t\t<\/div>\n\t\t\t\t\t\t<\/div>\n\t\t\t\t\t<\/div>\n\t\t<\/div>\n\t\t\t\t<div class=\"elementor-column elementor-col-33 elementor-top-column elementor-element elementor-element-b1f7d27\" data-id=\"b1f7d27\" data-element_type=\"column\">\n\t\t\t<div class=\"elementor-column-wrap elementor-element-populated\">\n\t\t\t\t\t\t\t<div class=\"elementor-widget-wrap\">\n\t\t\t\t\t\t<div class=\"elementor-element elementor-element-0cb71d4 elementor-widget elementor-widget-image\" data-id=\"0cb71d4\" data-element_type=\"widget\" data-widget_type=\"image.default\">\n\t\t\t\t<div class=\"elementor-widget-container\">\n\t\t\t\t\t<div class=\"elementor-image\">\n\t\t\t\t\t\t\t<figure class=\"wp-caption\">\n\t\t\t\t\t\t\t\t\t\t\t<a href=\"https:\/\/commons.wikimedia.org\/wiki\/File:Cath%C3%A9drale_Notre_Dame_et_%C3%A9glise_du_Sacr%C3%A9_Coeur_de_Moulins_2006-07-24.jpg\">\n\t\t\t\t\t\t\t<img loading=\"lazy\" decoding=\"async\" width=\"600\" height=\"399\" src=\"https:\/\/www.tessiot-demenagement.com\/fr\/wp-content\/uploads\/2020\/08\/Cath\u00e9drale_Notre_Dame_et_\u00e9glise_du_Sacr\u00e9_Coeur_de_Moulins_2006-07-24.jpg\" class=\"attachment-large size-large\" alt=\"trouver un d\u00e9m\u00e9nageur dans l&#039;Allier\" srcset=\"https:\/\/www.tessiot-demenagement.com\/fr\/wp-content\/uploads\/2020\/08\/Cath\u00e9drale_Notre_Dame_et_\u00e9glise_du_Sacr\u00e9_Coeur_de_Moulins_2006-07-24.jpg 600w, https:\/\/www.tessiot-demenagement.com\/fr\/wp-content\/uploads\/2020\/08\/Cath\u00e9drale_Notre_Dame_et_\u00e9glise_du_Sacr\u00e9_Coeur_de_Moulins_2006-07-24-300x200.jpg 300w\" sizes=\"(max-width: 600px) 100vw, 600px\" \/>\t\t\t\t\t\t\t\t<\/a>\n\t\t\t\t\t\t\t\t\t\t\t<figcaption class=\"widget-image-caption wp-caption-text\">(photo : Wikip\u00e9dia \/ Flickr)<\/figcaption>\n\t\t\t\t\t\t\t\t\t\t<\/figure>\n\t\t\t\t\t<\/div>\n\t\t\t\t<\/div>\n\t\t\t\t<\/div>\n\t\t\t\t\t\t<\/div>\n\t\t\t\t\t<\/div>\n\t\t<\/div>\n\t\t\t\t\t\t\t\t<\/div>\n\t\t\t\t\t<\/div>\n\t\t<\/section>\n\t\t\t\t<section class=\"elementor-section elementor-top-section elementor-element elementor-element-510f0a9 elementor-section-boxed elementor-section-height-default elementor-section-height-default\" data-id=\"510f0a9\" data-element_type=\"section\">\n\t\t\t\t\t\t<div class=\"elementor-container elementor-column-gap-default\">\n\t\t\t\t\t\t\t<div class=\"elementor-row\">\n\t\t\t\t\t<div class=\"elementor-column elementor-col-100 elementor-top-column elementor-element elementor-element-1e59af1\" data-id=\"1e59af1\" data-element_type=\"column\">\n\t\t\t<div class=\"elementor-column-wrap elementor-element-populated\">\n\t\t\t\t\t\t\t<div class=\"elementor-widget-wrap\">\n\t\t\t\t\t\t<div class=\"elementor-element elementor-element-8ffcb18 elementor-widget elementor-widget-heading\" data-id=\"8ffcb18\" data-element_type=\"widget\" data-widget_type=\"heading.default\">\n\t\t\t\t<div class=\"elementor-widget-container\">\n\t\t\t<h2 class=\"elementor-heading-title elementor-size-medium\">Votre agence Tessiot \u00e0 Moulins.<\/h2>\t\t<\/div>\n\t\t\t\t<\/div>\n\t\t\t\t\t\t<\/div>\n\t\t\t\t\t<\/div>\n\t\t<\/div>\n\t\t\t\t\t\t\t\t<\/div>\n\t\t\t\t\t<\/div>\n\t\t<\/section>\n\t\t\t\t<section class=\"elementor-section elementor-top-section elementor-element elementor-element-1e92ab8 elementor-section-boxed elementor-section-height-default elementor-section-height-default\" data-id=\"1e92ab8\" data-element_type=\"section\">\n\t\t\t\t\t\t<div class=\"elementor-container elementor-column-gap-default\">\n\t\t\t\t\t\t\t<div class=\"elementor-row\">\n\t\t\t\t\t<div class=\"elementor-column elementor-col-100 elementor-top-column elementor-element elementor-element-e4ca58b\" data-id=\"e4ca58b\" data-element_type=\"column\">\n\t\t\t<div class=\"elementor-column-wrap elementor-element-populated\">\n\t\t\t\t\t\t\t<div class=\"elementor-widget-wrap\">\n\t\t\t\t\t\t<div class=\"elementor-element elementor-element-bcae748 elementor-widget elementor-widget-spacer\" data-id=\"bcae748\" data-element_type=\"widget\" data-widget_type=\"spacer.default\">\n\t\t\t\t<div class=\"elementor-widget-container\">\n\t\t\t\t\t<div class=\"elementor-spacer\">\n\t\t\t<div class=\"elementor-spacer-inner\"><\/div>\n\t\t<\/div>\n\t\t\t\t<\/div>\n\t\t\t\t<\/div>\n\t\t\t\t\t\t<\/div>\n\t\t\t\t\t<\/div>\n\t\t<\/div>\n\t\t\t\t\t\t\t\t<\/div>\n\t\t\t\t\t<\/div>\n\t\t<\/section>\n\t\t\t\t<section class=\"elementor-section elementor-top-section elementor-element elementor-element-f035926 elementor-section-boxed elementor-section-height-default elementor-section-height-default\" data-id=\"f035926\" data-element_type=\"section\">\n\t\t\t\t\t\t<div class=\"elementor-container elementor-column-gap-default\">\n\t\t\t\t\t\t\t<div class=\"elementor-row\">\n\t\t\t\t\t<div class=\"elementor-column elementor-col-66 elementor-top-column elementor-element elementor-element-a8f7788\" data-id=\"a8f7788\" data-element_type=\"column\">\n\t\t\t<div class=\"elementor-column-wrap elementor-element-populated\">\n\t\t\t\t\t\t\t<div class=\"elementor-widget-wrap\">\n\t\t\t\t\t\t<div class=\"elementor-element elementor-element-af2fdf8 elementor-widget elementor-widget-text-editor\" data-id=\"af2fdf8\" data-element_type=\"widget\" data-widget_type=\"text-editor.default\">\n\t\t\t\t<div class=\"elementor-widget-container\">\n\t\t\t\t\t<div class=\"elementor-text-editor elementor-clearfix\"><p style=\"font-variant-ligatures: normal; font-variant-caps: normal; font-style: normal;\"><strong>Tessiot D\u00e9m\u00e9nagements Moulins<\/strong><\/p><p style=\"font-variant-ligatures: normal; font-variant-caps: normal; font-style: normal; font-weight: 400;\"><strong>16-18 Avenue de la R\u00e9publique<\/strong><\/p><p style=\"font-variant-ligatures: normal; font-variant-caps: normal; font-style: normal; font-weight: 400;\"><strong>03000 Moulins<\/strong><\/p><p style=\"font-variant-ligatures: normal; font-variant-caps: normal; font-style: normal; font-weight: 400;\"><strong>T\u00e9l : 04 70 44 43 68<\/strong><\/p><p style=\"font-variant-ligatures: normal; font-variant-caps: normal; font-style: normal; font-weight: 400; padding-left: 30px;\"><strong>Mail :\u00a0<\/strong><a style=\"font-size: 15px;\" href=\"mailto:moulins@tessiot-demenagement.com\">moulins@tessiot-demenagement.com<\/a><\/p><p style=\"font-variant-ligatures: normal; font-variant-caps: normal; font-style: normal; font-weight: 400; padding-left: 30px;\">\u00a0<\/p><p style=\"font-variant-ligatures: normal; font-variant-caps: normal; font-style: normal; font-weight: 400; padding-left: 30px;\"><strong>Tessiot D\u00e9m\u00e9nagements Vichy<\/strong><\/p><p style=\"font-variant-ligatures: normal; font-variant-caps: normal; font-style: normal; font-weight: 400;\"><strong style=\"font-size: 15px;\">T\u00e9l : 04 70 44 43 68<\/strong><\/p><p style=\"font-variant-ligatures: normal; font-variant-caps: normal; font-style: normal; font-weight: 400; padding-left: 30px;\"><strong style=\"font-size: 15px;\">Mail :<\/strong><strong>\u00a0<a style=\"font-style: normal; font-variant-ligatures: normal; font-variant-caps: normal; font-weight: 400;\" href=\"mailto:vichy@tessiot-demenagement.com\">vichy@tessiot-demenagement.com<\/a><\/strong><\/p><p style=\"font-variant-ligatures: normal; font-variant-caps: normal; font-style: normal; font-weight: 400; padding-left: 30px;\">\u00a0<\/p><p style=\"font-variant-ligatures: normal; font-variant-caps: normal; font-style: normal; font-weight: 400; padding-left: 30px;\"><strong>Tessiot D\u00e9m\u00e9nagements Montlu\u00e7on<\/strong><\/p><p style=\"font-variant-ligatures: normal; font-variant-caps: normal; font-style: normal; font-weight: 400; padding-left: 30px;\"><strong style=\"font-variant-ligatures: normal; font-variant-caps: normal;\">T\u00e9l : 04 70 44 43 68<\/strong><\/p><p style=\"font-variant-ligatures: normal; font-variant-caps: normal; font-style: normal; padding-left: 30px;\"><strong style=\"font-style: normal; font-variant-ligatures: normal; font-variant-caps: normal;\">Mail :<\/strong><span style=\"font-weight: 400; color: #7a7a7a;\">\u00a0<\/span><a style=\"font-weight: 400; font-variant-ligatures: normal; font-variant-caps: normal;\" href=\"mailto:montlucon@tessiot-demenagement.com\">montlucon@tessiot-<\/a><a style=\"font-weight: 400; font-style: normal; font-variant-ligatures: normal; font-variant-caps: normal;\" href=\"mailto:vichy@tessiot-demenagement.com\">demenagement.com<\/a><strong style=\"font-weight: 400; font-variant-ligatures: normal; font-variant-caps: normal;\"><br \/><\/strong><\/p><h3 style=\"font-variant-ligatures: normal; font-variant-caps: normal; font-style: normal; text-align: start;\">\u00a0<\/h3><\/div>\n\t\t\t\t<\/div>\n\t\t\t\t<\/div>\n\t\t\t\t\t\t<\/div>\n\t\t\t\t\t<\/div>\n\t\t<\/div>\n\t\t\t\t<div class=\"elementor-column elementor-col-33 elementor-top-column elementor-element elementor-element-c72aff3\" data-id=\"c72aff3\" data-element_type=\"column\">\n\t\t\t<div class=\"elementor-column-wrap elementor-element-populated\">\n\t\t\t\t\t\t\t<div class=\"elementor-widget-wrap\">\n\t\t\t\t\t\t<div class=\"elementor-element elementor-element-a71b5f5 elementor-widget elementor-widget-google_maps\" data-id=\"a71b5f5\" data-element_type=\"widget\" data-widget_type=\"google_maps.default\">\n\t\t\t\t<div class=\"elementor-widget-container\">\n\t\t\t<div class=\"elementor-custom-embed\"><iframe frameborder=\"0\" scrolling=\"no\" marginheight=\"0\" marginwidth=\"0\" src=\"https:\/\/maps.google.com\/maps?q=16%20avenue%20de%20la%20republique%20moulins&amp;t=m&amp;z=10&amp;output=embed&amp;iwloc=near\" title=\"16 avenue de la republique moulins\" aria-label=\"16 avenue de la republique moulins\"><\/iframe><\/div>\t\t<\/div>\n\t\t\t\t<\/div>\n\t\t\t\t\t\t<\/div>\n\t\t\t\t\t<\/div>\n\t\t<\/div>\n\t\t\t\t\t\t\t\t<\/div>\n\t\t\t\t\t<\/div>\n\t\t<\/section>\n\t\t\t\t<section class=\"elementor-section elementor-top-section elementor-element elementor-element-44a344e elementor-section-boxed elementor-section-height-default elementor-section-height-default\" data-id=\"44a344e\" data-element_type=\"section\">\n\t\t\t\t\t\t<div class=\"elementor-container elementor-column-gap-default\">\n\t\t\t\t\t\t\t<div class=\"elementor-row\">\n\t\t\t\t\t<div class=\"elementor-column elementor-col-66 elementor-top-column elementor-element elementor-element-aa42579\" data-id=\"aa42579\" data-element_type=\"column\">\n\t\t\t<div class=\"elementor-column-wrap elementor-element-populated\">\n\t\t\t\t\t\t\t<div class=\"elementor-widget-wrap\">\n\t\t\t\t\t\t<div class=\"elementor-element elementor-element-f171d0b elementor-widget elementor-widget-text-editor\" data-id=\"f171d0b\" data-element_type=\"widget\" data-widget_type=\"text-editor.default\">\n\t\t\t\t<div class=\"elementor-widget-container\">\n\t\t\t\t\t<div class=\"elementor-text-editor elementor-clearfix\"><p>Plusieurs formules sont \u00e0 votre disposition pour votre d\u00e9m\u00e9nagement. En plus les emballages et les cartons sont incluent dans les formules.\u00a0 Alors contactez-nous pour un\u00a0<strong>devis et une visite gratuits<\/strong>. C\u2019est sans engagement. Si possible, notre expert prend rendez-vous avec vous pour estimer le volume \u00e0 d\u00e9m\u00e9nager, et ainsi vous donner le juste tarif adapt\u00e9 \u00e0 vos besoins.<\/p><\/div>\n\t\t\t\t<\/div>\n\t\t\t\t<\/div>\n\t\t\t\t\t\t<\/div>\n\t\t\t\t\t<\/div>\n\t\t<\/div>\n\t\t\t\t<div class=\"elementor-column elementor-col-33 elementor-top-column elementor-element elementor-element-417d1d5\" data-id=\"417d1d5\" data-element_type=\"column\">\n\t\t\t<div class=\"elementor-column-wrap elementor-element-populated\">\n\t\t\t\t\t\t\t<div class=\"elementor-widget-wrap\">\n\t\t\t\t\t\t<div class=\"elementor-element elementor-element-6cf5b36 elementor-align-center elementor-widget elementor-widget-button\" data-id=\"6cf5b36\" data-element_type=\"widget\" data-widget_type=\"button.default\">\n\t\t\t\t<div class=\"elementor-widget-container\">\n\t\t\t\t\t<div class=\"elementor-button-wrapper\">\n\t\t\t<a href=\"https:\/\/www.tessiot-demenagement.com\/fr\/contact-et-devis\/\" class=\"elementor-button-link elementor-button elementor-size-lg\" role=\"button\">\n\t\t\t\t\t\t<span class=\"elementor-button-content-wrapper\">\n\t\t\t\t\t\t<span class=\"elementor-button-text\">Je veux un devis gratuit<\/span>\n\t\t<\/span>\n\t\t\t\t\t<\/a>\n\t\t<\/div>\n\t\t\t\t<\/div>\n\t\t\t\t<\/div>\n\t\t\t\t\t\t<\/div>\n\t\t\t\t\t<\/div>\n\t\t<\/div>\n\t\t\t\t\t\t\t\t<\/div>\n\t\t\t\t\t<\/div>\n\t\t<\/section>\n\t\t\t\t\t\t<\/div>\n\t\t\t\t\t\t<\/div>\n\t\t\t\t\t<\/div>\n\t\t","protected":false},"excerpt":{"rendered":"<p>Le d\u00e9m\u00e9nageur Tessiot \u00e0 Moulins vous accueille dans son agence. Pr\u00e9parez votre d\u00e9m\u00e9nagement, votre transfert d&#8217;entreprise&#8230;.<\/p>\n","protected":false},"author":3,"featured_media":0,"parent":0,"menu_order":5,"comment_status":"closed","ping_status":"closed","template":"","meta":{"footnotes":""},"yoast_head":"<!-- This site is optimized with the Yoast SEO plugin v15.8 - https:\/\/yoast.com\/wordpress\/plugins\/seo\/ -->\n<title>D\u00e9m\u00e9nageur Tessiot \u00e0 Moulins &ndash; Tessiot D\u00e9m\u00e9nagements<\/title>\n<meta name=\"description\" content=\"Le d\u00e9m\u00e9nageur Tessiot \u00e0 Moulins vous accueille dans son agence. Pr\u00e9parez votre d\u00e9m\u00e9nagement, votre transfert d&#039;entreprise.... Le d\u00e9m\u00e9nageur Tessiot \u00e0 Moulins vous accueille dans son agence. Pr\u00e9parez votre d\u00e9m\u00e9nagement ou votre transfert d&#039;entreprise dans l&#039;Allier. Devis gratuit.\" \/>\n<meta name=\"robots\" content=\"index, follow, max-snippet:-1, max-image-preview:large, max-video-preview:-1\" \/>\n<link rel=\"canonical\" href=\"https:\/\/www.tessiot-demenagement.com\/fr\/demenageur-moulins-allier\/\" \/>\n<meta property=\"og:locale\" content=\"fr_FR\" \/>\n<meta property=\"og:type\" content=\"article\" \/>\n<meta property=\"og:title\" content=\"D\u00e9m\u00e9nageur Tessiot \u00e0 Moulins &ndash; Tessiot D\u00e9m\u00e9nagements\" \/>\n<meta property=\"og:description\" content=\"Le d\u00e9m\u00e9nageur Tessiot \u00e0 Moulins vous accueille dans son agence. Pr\u00e9parez votre d\u00e9m\u00e9nagement, votre transfert d&#039;entreprise.... Le d\u00e9m\u00e9nageur Tessiot \u00e0 Moulins vous accueille dans son agence. Pr\u00e9parez votre d\u00e9m\u00e9nagement ou votre transfert d&#039;entreprise dans l&#039;Allier. Devis gratuit.\" \/>\n<meta property=\"og:url\" content=\"https:\/\/www.tessiot-demenagement.com\/fr\/demenageur-moulins-allier\/\" \/>\n<meta property=\"og:site_name\" content=\"Tessiot D\u00e9m\u00e9nagements\" \/>\n<meta property=\"article:publisher\" content=\"https:\/\/www.facebook.com\/tessiot.demenagements\" \/>\n<meta property=\"article:modified_time\" content=\"2022-02-18T15:31:27+00:00\" \/>\n<meta property=\"og:image\" content=\"https:\/\/www.tessiot-demenagement.com\/fr\/wp-content\/uploads\/2020\/08\/Cath\u00e9drale_Notre_Dame_et_\u00e9glise_du_Sacr\u00e9_Coeur_de_Moulins_2006-07-24.jpg\" \/>\n<meta name=\"twitter:card\" content=\"summary_large_image\" \/>\n<meta name=\"twitter:site\" content=\"@TDemenagements\" \/>\n<meta name=\"twitter:label1\" content=\"Dur\u00e9e de lecture est.\">\n\t<meta name=\"twitter:data1\" content=\"1 minute\">\n<script type=\"application\/ld+json\" class=\"yoast-schema-graph\">{\"@context\":\"https:\/\/schema.org\",\"@graph\":[{\"@type\":\"Organization\",\"@id\":\"https:\/\/www.tessiot-demenagement.com\/fr\/#organization\",\"name\":\"Tessiot-D\\u00e9m\\u00e9nagements\",\"url\":\"https:\/\/www.tessiot-demenagement.com\/fr\/\",\"sameAs\":[\"https:\/\/www.facebook.com\/tessiot.demenagements\",\"https:\/\/www.instagram.com\/tessiotdemenagements\/\",\"https:\/\/www.youtube.com\/watch?v=maGVkMma1Dw.\",\"https:\/\/twitter.com\/TDemenagements\"],\"logo\":{\"@type\":\"ImageObject\",\"@id\":\"https:\/\/www.tessiot-demenagement.com\/fr\/#logo\",\"inLanguage\":\"fr-FR\",\"url\":\"https:\/\/www.tessiot-demenagement.com\/fr\/wp-content\/uploads\/2012\/01\/logo1-e1536916717562.png\",\"width\":80,\"height\":41,\"caption\":\"Tessiot-D\\u00e9m\\u00e9nagements\"},\"image\":{\"@id\":\"https:\/\/www.tessiot-demenagement.com\/fr\/#logo\"}},{\"@type\":\"WebSite\",\"@id\":\"https:\/\/www.tessiot-demenagement.com\/fr\/#website\",\"url\":\"https:\/\/www.tessiot-demenagement.com\/fr\/\",\"name\":\"Tessiot D\\u00e9m\\u00e9nagements\",\"description\":\"D\\u00e9m\\u00e9nagement national et international\",\"publisher\":{\"@id\":\"https:\/\/www.tessiot-demenagement.com\/fr\/#organization\"},\"potentialAction\":[{\"@type\":\"SearchAction\",\"target\":\"https:\/\/www.tessiot-demenagement.com\/fr\/?s={search_term_string}\",\"query-input\":\"required name=search_term_string\"}],\"inLanguage\":\"fr-FR\"},{\"@type\":\"ImageObject\",\"@id\":\"https:\/\/www.tessiot-demenagement.com\/fr\/demenageur-moulins-allier\/#primaryimage\",\"inLanguage\":\"fr-FR\",\"url\":\"https:\/\/www.tessiot-demenagement.com\/fr\/wp-content\/uploads\/2020\/08\/Cath\\u00e9drale_Notre_Dame_et_\\u00e9glise_du_Sacr\\u00e9_Coeur_de_Moulins_2006-07-24.jpg\",\"width\":600,\"height\":399,\"caption\":\"trouver un d\\u00e9m\\u00e9nageur dans l'Allier\"},{\"@type\":\"WebPage\",\"@id\":\"https:\/\/www.tessiot-demenagement.com\/fr\/demenageur-moulins-allier\/#webpage\",\"url\":\"https:\/\/www.tessiot-demenagement.com\/fr\/demenageur-moulins-allier\/\",\"name\":\"D\\u00e9m\\u00e9nageur Tessiot \\u00e0 Moulins &ndash; Tessiot D\\u00e9m\\u00e9nagements\",\"isPartOf\":{\"@id\":\"https:\/\/www.tessiot-demenagement.com\/fr\/#website\"},\"primaryImageOfPage\":{\"@id\":\"https:\/\/www.tessiot-demenagement.com\/fr\/demenageur-moulins-allier\/#primaryimage\"},\"datePublished\":\"2012-01-28T16:08:49+00:00\",\"dateModified\":\"2022-02-18T15:31:27+00:00\",\"description\":\"Le d\\u00e9m\\u00e9nageur Tessiot \\u00e0 Moulins vous accueille dans son agence. Pr\\u00e9parez votre d\\u00e9m\\u00e9nagement, votre transfert d'entreprise.... Le d\\u00e9m\\u00e9nageur Tessiot \\u00e0 Moulins vous accueille dans son agence. Pr\\u00e9parez votre d\\u00e9m\\u00e9nagement ou votre transfert d'entreprise dans l'Allier. Devis gratuit.\",\"breadcrumb\":{\"@id\":\"https:\/\/www.tessiot-demenagement.com\/fr\/demenageur-moulins-allier\/#breadcrumb\"},\"inLanguage\":\"fr-FR\",\"potentialAction\":[{\"@type\":\"ReadAction\",\"target\":[\"https:\/\/www.tessiot-demenagement.com\/fr\/demenageur-moulins-allier\/\"]}]},{\"@type\":\"BreadcrumbList\",\"@id\":\"https:\/\/www.tessiot-demenagement.com\/fr\/demenageur-moulins-allier\/#breadcrumb\",\"itemListElement\":[{\"@type\":\"ListItem\",\"position\":1,\"item\":{\"@type\":\"WebPage\",\"@id\":\"https:\/\/www.tessiot-demenagement.com\/fr\/\",\"url\":\"https:\/\/www.tessiot-demenagement.com\/fr\/\",\"name\":\"Home\"}},{\"@type\":\"ListItem\",\"position\":2,\"item\":{\"@type\":\"WebPage\",\"@id\":\"https:\/\/www.tessiot-demenagement.com\/fr\/demenageur-moulins-allier\/\",\"url\":\"https:\/\/www.tessiot-demenagement.com\/fr\/demenageur-moulins-allier\/\",\"name\":\"D\\u00e9m\\u00e9nageur Tessiot \\u00e0 Moulins\"}}]}]}<\/script>\n<!-- \/ Yoast SEO plugin. -->","_links":{"self":[{"href":"https:\/\/www.tessiot-demenagement.com\/fr\/wp-json\/wp\/v2\/pages\/1087"}],"collection":[{"href":"https:\/\/www.tessiot-demenagement.com\/fr\/wp-json\/wp\/v2\/pages"}],"about":[{"href":"https:\/\/www.tessiot-demenagement.com\/fr\/wp-json\/wp\/v2\/types\/page"}],"author":[{"embeddable":true,"href":"https:\/\/www.tessiot-demenagement.com\/fr\/wp-json\/wp\/v2\/users\/3"}],"replies":[{"embeddable":true,"href":"https:\/\/www.tessiot-demenagement.com\/fr\/wp-json\/wp\/v2\/comments?post=1087"}],"version-history":[{"count":31,"href":"https:\/\/www.tessiot-demenagement.com\/fr\/wp-json\/wp\/v2\/pages\/1087\/revisions"}],"predecessor-version":[{"id":9036,"href":"https:\/\/www.tessiot-demenagement.com\/fr\/wp-json\/wp\/v2\/pages\/1087\/revisions\/9036"}],"wp:attachment":[{"href":"https:\/\/www.tessiot-demenagement.com\/fr\/wp-json\/wp\/v2\/media?parent=1087"}],"curies":[{"name":"wp","href":"https:\/\/api.w.org\/{rel}","templated":true}]}}