{"id":1085,"date":"2012-01-28T16:08:13","date_gmt":"2012-01-28T16:08:13","guid":{"rendered":"http:\/\/www.tessiot-demenagement.com\/fr\/?page_id=1085"},"modified":"2024-11-25T11:51:59","modified_gmt":"2024-11-25T10:51:59","slug":"demenageur-limoges","status":"publish","type":"page","link":"https:\/\/www.tessiot-demenagement.com\/fr\/demenageur-limoges\/","title":{"rendered":"D\u00e9m\u00e9nageur \u00e0 Limoges"},"content":{"rendered":"\t\t<div data-elementor-type=\"wp-page\" data-elementor-id=\"1085\" class=\"elementor elementor-1085\" data-elementor-settings=\"[]\">\n\t\t\t\t\t\t<div class=\"elementor-inner\">\n\t\t\t\t\t\t\t<div class=\"elementor-section-wrap\">\n\t\t\t\t\t\t\t<section class=\"elementor-section elementor-top-section elementor-element elementor-element-cf390ca elementor-section-boxed elementor-section-height-default elementor-section-height-default\" data-id=\"cf390ca\" data-element_type=\"section\">\n\t\t\t\t\t\t<div class=\"elementor-container elementor-column-gap-default\">\n\t\t\t\t\t\t\t<div class=\"elementor-row\">\n\t\t\t\t\t<div class=\"elementor-column elementor-col-100 elementor-top-column elementor-element elementor-element-93a35a1\" data-id=\"93a35a1\" data-element_type=\"column\">\n\t\t\t<div class=\"elementor-column-wrap elementor-element-populated\">\n\t\t\t\t\t\t\t<div class=\"elementor-widget-wrap\">\n\t\t\t\t\t\t<div class=\"elementor-element elementor-element-13b3629 elementor-widget elementor-widget-heading\" data-id=\"13b3629\" data-element_type=\"widget\" data-widget_type=\"heading.default\">\n\t\t\t\t<div class=\"elementor-widget-container\">\n\t\t\t<h1 class=\"elementor-heading-title elementor-size-large\">Tessiot, votre d\u00e9m\u00e9nageur \u00e0 Limoges.<\/h1>\t\t<\/div>\n\t\t\t\t<\/div>\n\t\t\t\t\t\t<\/div>\n\t\t\t\t\t<\/div>\n\t\t<\/div>\n\t\t\t\t\t\t\t\t<\/div>\n\t\t\t\t\t<\/div>\n\t\t<\/section>\n\t\t\t\t<section class=\"elementor-section elementor-top-section elementor-element elementor-element-63df6fd elementor-section-boxed elementor-section-height-default elementor-section-height-default\" data-id=\"63df6fd\" data-element_type=\"section\">\n\t\t\t\t\t\t<div class=\"elementor-container elementor-column-gap-default\">\n\t\t\t\t\t\t\t<div class=\"elementor-row\">\n\t\t\t\t\t<div class=\"elementor-column elementor-col-100 elementor-top-column elementor-element elementor-element-9e85b83\" data-id=\"9e85b83\" data-element_type=\"column\">\n\t\t\t<div class=\"elementor-column-wrap elementor-element-populated\">\n\t\t\t\t\t\t\t<div class=\"elementor-widget-wrap\">\n\t\t\t\t\t\t<div class=\"elementor-element elementor-element-ff024a0 elementor-widget elementor-widget-spacer\" data-id=\"ff024a0\" data-element_type=\"widget\" data-widget_type=\"spacer.default\">\n\t\t\t\t<div class=\"elementor-widget-container\">\n\t\t\t\t\t<div class=\"elementor-spacer\">\n\t\t\t<div class=\"elementor-spacer-inner\"><\/div>\n\t\t<\/div>\n\t\t\t\t<\/div>\n\t\t\t\t<\/div>\n\t\t\t\t\t\t<\/div>\n\t\t\t\t\t<\/div>\n\t\t<\/div>\n\t\t\t\t\t\t\t\t<\/div>\n\t\t\t\t\t<\/div>\n\t\t<\/section>\n\t\t\t\t<section class=\"elementor-section elementor-top-section elementor-element elementor-element-cc74229 elementor-section-boxed elementor-section-height-default elementor-section-height-default\" data-id=\"cc74229\" data-element_type=\"section\">\n\t\t\t\t\t\t<div class=\"elementor-container elementor-column-gap-default\">\n\t\t\t\t\t\t\t<div class=\"elementor-row\">\n\t\t\t\t\t<div class=\"elementor-column elementor-col-66 elementor-top-column elementor-element elementor-element-f420de5\" data-id=\"f420de5\" data-element_type=\"column\">\n\t\t\t<div class=\"elementor-column-wrap elementor-element-populated\">\n\t\t\t\t\t\t\t<div class=\"elementor-widget-wrap\">\n\t\t\t\t\t\t<div class=\"elementor-element elementor-element-68130c0 elementor-widget elementor-widget-text-editor\" data-id=\"68130c0\" data-element_type=\"widget\" data-widget_type=\"text-editor.default\">\n\t\t\t\t<div class=\"elementor-widget-container\">\n\t\t\t\t\t<div class=\"elementor-text-editor elementor-clearfix\"><p>D\u00e9m\u00e9nageur \u00e0 Limoges <strong>depuis 1986<\/strong>, Tessiot d\u00e9m\u00e9nagements vous d\u00e9m\u00e9nage quelle que soit votre demande: notre \u00e9quipe sera \u00e0 votre \u00e9coute au\u00a0<strong style=\"font-size: 16px;\">05.87.07.06.55<\/strong><span style=\"font-family: 'Open Sans', serif; font-size: 15px;\">. Vous serez ainsi renseign\u00e9 sur les diff\u00e9rentes \u00e9tapes de votre d\u00e9m\u00e9nagement, avec si possible une <\/span><strong style=\"font-family: 'Open Sans', serif; font-size: 15px;\">visite gratuite<\/strong><span style=\"font-family: 'Open Sans', serif; font-size: 15px;\"> \u00e0 votre domicile pour une meilleure estimation de votre volume \u00e0 charger. <\/span><a style=\"font-family: 'Open Sans', serif; font-size: 15px;\" href=\"https:\/\/www.tessiot-demenagement.com\/fr\/emballages\/\">Des emballages<\/a><span style=\"font-family: 'Open Sans', serif; font-size: 15px;\"> pour prot\u00e9ger vos biens sont \u00e9galement disponibles : cartons standards, cartons pour livres, penderie pour vos v\u00eatements, carton pour votre vaisselle, adh\u00e9sif, gants. A une centaine de m\u00e8tres de l&#8217;H\u00f4tel de ville, vous b\u00e9n\u00e9ficiez ainsi d&#8217;un contact de proximit\u00e9 avec les d\u00e9m\u00e9nageurs Tessiot dans la Haute-Vienne.<\/span><\/p><p>En compl\u00e9ment du <a href=\"https:\/\/www.tessiot-demenagement.com\/fr\/particuliers-mutations\/demenagement-france-etranger\/\">d\u00e9m\u00e9nagement pour les particuliers<\/a>, votre agence de Limoges est \u00e9galement comp\u00e9tente pour les <a href=\"https:\/\/www.tessiot-demenagement.com\/fr\/transfert-administratif-entreprise\/\">transferts administratifs<\/a> : d\u00e9m\u00e9nagement d&#8217;archives, de mobilier de bureau. Mais aussi pour l&#8217;industrie : transferts de machines, mise au rebut.<\/p><p>Nous pouvons \u00e9galement mettre \u00e0 votre disposition notre <a href=\"https:\/\/www.tessiot-demenagement.com\/fr\/particuliers-mutations\/garde-meubles\/\">garde-meubles s\u00e9curis\u00e9<\/a> si vous avez besoin de stocker vos effets personnels.<\/p><p>Outre en Haute Vienne et en Creuse, Tessiot d\u00e9m\u00e9nagements est \u00e9galement tr\u00e8s pr\u00e9sent en r\u00e9gion Centre Val de Loire et en r\u00e9gion Bourgogne. En effet, notre si\u00e8ge social existe depuis 1868 \u00e0 <a href=\"https:\/\/www.tessiot-demenagement.com\/fr\/nos-agences\/demenagements-bourges-vierzon\/\">Bourges.<\/a> Nos d\u00e9m\u00e9nageurs sont disponibles aupr\u00e8s de nos agences de <a href=\"https:\/\/www.tessiot-demenagement.com\/fr\/nos-agences\/demenageur-chateauroux\/\">Ch\u00e2teauroux<\/a>, <a href=\"https:\/\/www.tessiot-demenagement.com\/fr\/nos-agences\/demenageur-nevers\/\">Nevers<\/a> et <a href=\"https:\/\/www.tessiot-demenagement.com\/fr\/nos-agences\/moulin-vichy-montlucon\/\">Moulins<\/a>.<\/p><p>De plus, si vous devez partir en Outre-mer, notre \u00e9quipe est \u00e9galement sp\u00e9cialiste du <strong>d\u00e9part vers l&#8217;International<\/strong>. Notamment dans <strong>les DOM TOM<\/strong> avec nos <strong>agences sur <\/strong>l&#8217;\u00eele de <a href=\"https:\/\/www.tessiot-demenagement.com\/fr\/nos-agences\/demenageur-la-reunion\/\">La R\u00e9union<\/a> et \u00e0 <a href=\"https:\/\/www.tessiot-demenagement.com\/fr\/nos-agences\/demenageur-mayotte\/\">Mayotte<\/a>. Pour l&#8217;Import et l&#8217;Export, nous vous trouvons un conteneur pour le transport maritime. Nous sommes \u00e9galement \u00e0 votre disposition pour l&#8217;envoi de v\u00e9hicules (voiture, moto) vers l&#8217;International.<\/p><\/div>\n\t\t\t\t<\/div>\n\t\t\t\t<\/div>\n\t\t\t\t<div class=\"elementor-element elementor-element-f74bd65 elementor-align-center elementor-widget elementor-widget-button\" data-id=\"f74bd65\" data-element_type=\"widget\" data-widget_type=\"button.default\">\n\t\t\t\t<div class=\"elementor-widget-container\">\n\t\t\t\t\t<div class=\"elementor-button-wrapper\">\n\t\t\t<a href=\"https:\/\/www.tessiot-demenagement.com\/fr\/contact-et-devis\/\" class=\"elementor-button-link elementor-button elementor-size-lg\" role=\"button\">\n\t\t\t\t\t\t<span class=\"elementor-button-content-wrapper\">\n\t\t\t\t\t\t<span class=\"elementor-button-text\">Demandez un devis gratuit<\/span>\n\t\t<\/span>\n\t\t\t\t\t<\/a>\n\t\t<\/div>\n\t\t\t\t<\/div>\n\t\t\t\t<\/div>\n\t\t\t\t\t\t<\/div>\n\t\t\t\t\t<\/div>\n\t\t<\/div>\n\t\t\t\t<div class=\"elementor-column elementor-col-33 elementor-top-column elementor-element elementor-element-74ed269\" data-id=\"74ed269\" data-element_type=\"column\">\n\t\t\t<div class=\"elementor-column-wrap\">\n\t\t\t\t\t\t\t<div class=\"elementor-widget-wrap\">\n\t\t\t\t\t\t\t\t<\/div>\n\t\t\t\t\t<\/div>\n\t\t<\/div>\n\t\t\t\t\t\t\t\t<\/div>\n\t\t\t\t\t<\/div>\n\t\t<\/section>\n\t\t\t\t<section class=\"elementor-section elementor-top-section elementor-element elementor-element-53632e6 elementor-section-boxed elementor-section-height-default elementor-section-height-default\" data-id=\"53632e6\" data-element_type=\"section\">\n\t\t\t\t\t\t<div class=\"elementor-container elementor-column-gap-default\">\n\t\t\t\t\t\t\t<div class=\"elementor-row\">\n\t\t\t\t\t<div class=\"elementor-column elementor-col-100 elementor-top-column elementor-element elementor-element-2a37490\" data-id=\"2a37490\" data-element_type=\"column\">\n\t\t\t<div class=\"elementor-column-wrap elementor-element-populated\">\n\t\t\t\t\t\t\t<div class=\"elementor-widget-wrap\">\n\t\t\t\t\t\t<div class=\"elementor-element elementor-element-c096d77 elementor-widget elementor-widget-spacer\" data-id=\"c096d77\" data-element_type=\"widget\" data-widget_type=\"spacer.default\">\n\t\t\t\t<div class=\"elementor-widget-container\">\n\t\t\t\t\t<div class=\"elementor-spacer\">\n\t\t\t<div class=\"elementor-spacer-inner\"><\/div>\n\t\t<\/div>\n\t\t\t\t<\/div>\n\t\t\t\t<\/div>\n\t\t\t\t\t\t<\/div>\n\t\t\t\t\t<\/div>\n\t\t<\/div>\n\t\t\t\t\t\t\t\t<\/div>\n\t\t\t\t\t<\/div>\n\t\t<\/section>\n\t\t\t\t<section class=\"elementor-section elementor-top-section elementor-element elementor-element-14b541f elementor-section-boxed elementor-section-height-default elementor-section-height-default\" data-id=\"14b541f\" data-element_type=\"section\">\n\t\t\t\t\t\t<div class=\"elementor-container elementor-column-gap-default\">\n\t\t\t\t\t\t\t<div class=\"elementor-row\">\n\t\t\t\t\t<div class=\"elementor-column elementor-col-100 elementor-top-column elementor-element elementor-element-c57c942\" data-id=\"c57c942\" data-element_type=\"column\">\n\t\t\t<div class=\"elementor-column-wrap elementor-element-populated\">\n\t\t\t\t\t\t\t<div class=\"elementor-widget-wrap\">\n\t\t\t\t\t\t<div class=\"elementor-element elementor-element-59a56f1 elementor-widget elementor-widget-heading\" data-id=\"59a56f1\" data-element_type=\"widget\" data-widget_type=\"heading.default\">\n\t\t\t\t<div class=\"elementor-widget-container\">\n\t\t\t<h2 class=\"elementor-heading-title elementor-size-large\">Agence Tessiot, votre d\u00e9m\u00e9nageur \u00e0 Limoges.<\/h2>\t\t<\/div>\n\t\t\t\t<\/div>\n\t\t\t\t\t\t<\/div>\n\t\t\t\t\t<\/div>\n\t\t<\/div>\n\t\t\t\t\t\t\t\t<\/div>\n\t\t\t\t\t<\/div>\n\t\t<\/section>\n\t\t\t\t<section class=\"elementor-section elementor-top-section elementor-element elementor-element-e8e088c elementor-section-boxed elementor-section-height-default elementor-section-height-default\" data-id=\"e8e088c\" data-element_type=\"section\">\n\t\t\t\t\t\t<div class=\"elementor-container elementor-column-gap-default\">\n\t\t\t\t\t\t\t<div class=\"elementor-row\">\n\t\t\t\t\t<div class=\"elementor-column elementor-col-66 elementor-top-column elementor-element elementor-element-9d41732\" data-id=\"9d41732\" data-element_type=\"column\">\n\t\t\t<div class=\"elementor-column-wrap elementor-element-populated\">\n\t\t\t\t\t\t\t<div class=\"elementor-widget-wrap\">\n\t\t\t\t\t\t<div class=\"elementor-element elementor-element-d147f21 elementor-widget elementor-widget-text-editor\" data-id=\"d147f21\" data-element_type=\"widget\" data-widget_type=\"text-editor.default\">\n\t\t\t\t<div class=\"elementor-widget-container\">\n\t\t\t\t\t<div class=\"elementor-text-editor elementor-clearfix\"><p><strong>Tessiot D\u00e9m\u00e9nagements Limoges<\/strong><\/p><p><strong>18 Place Winston Churchill<\/strong><\/p><p><strong>87 000 LIMOGES<\/strong><\/p><p><strong>T\u00e9l : 05.87.07.06.55<\/strong><\/p><p><strong>Mail :\u00a0<a href=\"mailto:limoges@a-tessiot.com\">limoges<\/a><a href=\"mailto:limoges@a-tessiot.com\">@<\/a><a href=\"mailto:limoges@a-tessiot.com\">a<\/a><a href=\"mailto:limoges@a-tessiot.com\">\u2013<\/a><a href=\"mailto:limoges@a-tessiot.com\">tessiot<\/a><a href=\"mailto:limoges@a-tessiot.com\">.<\/a><a href=\"mailto:limoges@a-tessiot.com\">com<\/a><\/strong><\/p><p>Disponible sur rendez vous prealable sur site du lundi au vendredi de 9h \u00e0 12h00 et de 14h \u00e0 17h<\/p><p>D\u00e9m\u00e9nagement de particulier et transfert d&#8217;entreprise. Garde-meubles s\u00e9curis\u00e9.s<\/p><\/div>\n\t\t\t\t<\/div>\n\t\t\t\t<\/div>\n\t\t\t\t\t\t<\/div>\n\t\t\t\t\t<\/div>\n\t\t<\/div>\n\t\t\t\t<div class=\"elementor-column elementor-col-33 elementor-top-column elementor-element elementor-element-b4188d8\" data-id=\"b4188d8\" data-element_type=\"column\">\n\t\t\t<div class=\"elementor-column-wrap elementor-element-populated\">\n\t\t\t\t\t\t\t<div class=\"elementor-widget-wrap\">\n\t\t\t\t\t\t<div class=\"elementor-element elementor-element-6a891e8 elementor-widget elementor-widget-google_maps\" data-id=\"6a891e8\" data-element_type=\"widget\" data-widget_type=\"google_maps.default\">\n\t\t\t\t<div class=\"elementor-widget-container\">\n\t\t\t<div class=\"elementor-custom-embed\"><iframe frameborder=\"0\" scrolling=\"no\" marginheight=\"0\" marginwidth=\"0\" src=\"https:\/\/maps.google.com\/maps?q=18%20place%20Winston%20Churchill%2087000%20Limoges&amp;t=m&amp;z=13&amp;output=embed&amp;iwloc=near\" title=\"18 place Winston Churchill 87000 Limoges\" aria-label=\"18 place Winston Churchill 87000 Limoges\"><\/iframe><\/div>\t\t<\/div>\n\t\t\t\t<\/div>\n\t\t\t\t\t\t<\/div>\n\t\t\t\t\t<\/div>\n\t\t<\/div>\n\t\t\t\t\t\t\t\t<\/div>\n\t\t\t\t\t<\/div>\n\t\t<\/section>\n\t\t\t\t\t\t<\/div>\n\t\t\t\t\t\t<\/div>\n\t\t\t\t\t<\/div>\n\t\t","protected":false},"excerpt":{"rendered":"<p>Tessiot, votre d\u00e9m\u00e9nageur \u00e0 Limoges. D\u00e9m\u00e9nageur \u00e0 Limoges depuis 1986, Tessiot d\u00e9m\u00e9nagements vous d\u00e9m\u00e9nage quelle que soit votre demande: notre<\/p>\n","protected":false},"author":3,"featured_media":0,"parent":0,"menu_order":4,"comment_status":"closed","ping_status":"closed","template":"","meta":{"footnotes":""},"yoast_head":"<!-- This site is optimized with the Yoast SEO plugin v15.8 - https:\/\/yoast.com\/wordpress\/plugins\/seo\/ -->\n<title>D\u00e9m\u00e9nageur \u00e0 Limoges &ndash; Tessiot D\u00e9m\u00e9nagements<\/title>\n<meta name=\"description\" content=\"Tessiot D\u00e9m\u00e9nagements vous accueille \u00e0 Limoges pour votre d\u00e9m\u00e9nagement personnel ou professionnel et votre garde-meubles.\" \/>\n<meta name=\"robots\" content=\"index, follow, max-snippet:-1, max-image-preview:large, max-video-preview:-1\" \/>\n<link rel=\"canonical\" href=\"https:\/\/www.tessiot-demenagement.com\/fr\/demenageur-limoges\/\" \/>\n<meta property=\"og:locale\" content=\"fr_FR\" \/>\n<meta property=\"og:type\" content=\"article\" \/>\n<meta property=\"og:title\" content=\"D\u00e9m\u00e9nageur \u00e0 Limoges &ndash; Tessiot D\u00e9m\u00e9nagements\" \/>\n<meta property=\"og:description\" content=\"Tessiot D\u00e9m\u00e9nagements vous accueille \u00e0 Limoges pour votre d\u00e9m\u00e9nagement personnel ou professionnel et votre garde-meubles.\" \/>\n<meta property=\"og:url\" content=\"https:\/\/www.tessiot-demenagement.com\/fr\/demenageur-limoges\/\" \/>\n<meta property=\"og:site_name\" content=\"Tessiot D\u00e9m\u00e9nagements\" \/>\n<meta property=\"article:publisher\" content=\"https:\/\/www.facebook.com\/tessiot.demenagements\" \/>\n<meta property=\"article:modified_time\" content=\"2024-11-25T10:51:59+00:00\" \/>\n<meta name=\"twitter:card\" content=\"summary_large_image\" \/>\n<meta name=\"twitter:site\" content=\"@TDemenagements\" \/>\n<meta name=\"twitter:label1\" content=\"Dur\u00e9e de lecture est.\">\n\t<meta name=\"twitter:data1\" content=\"2 minutes\">\n<script type=\"application\/ld+json\" class=\"yoast-schema-graph\">{\"@context\":\"https:\/\/schema.org\",\"@graph\":[{\"@type\":\"Organization\",\"@id\":\"https:\/\/www.tessiot-demenagement.com\/fr\/#organization\",\"name\":\"Tessiot-D\\u00e9m\\u00e9nagements\",\"url\":\"https:\/\/www.tessiot-demenagement.com\/fr\/\",\"sameAs\":[\"https:\/\/www.facebook.com\/tessiot.demenagements\",\"https:\/\/www.instagram.com\/tessiotdemenagements\/\",\"https:\/\/www.youtube.com\/watch?v=maGVkMma1Dw.\",\"https:\/\/twitter.com\/TDemenagements\"],\"logo\":{\"@type\":\"ImageObject\",\"@id\":\"https:\/\/www.tessiot-demenagement.com\/fr\/#logo\",\"inLanguage\":\"fr-FR\",\"url\":\"https:\/\/www.tessiot-demenagement.com\/fr\/wp-content\/uploads\/2012\/01\/logo1-e1536916717562.png\",\"width\":80,\"height\":41,\"caption\":\"Tessiot-D\\u00e9m\\u00e9nagements\"},\"image\":{\"@id\":\"https:\/\/www.tessiot-demenagement.com\/fr\/#logo\"}},{\"@type\":\"WebSite\",\"@id\":\"https:\/\/www.tessiot-demenagement.com\/fr\/#website\",\"url\":\"https:\/\/www.tessiot-demenagement.com\/fr\/\",\"name\":\"Tessiot D\\u00e9m\\u00e9nagements\",\"description\":\"D\\u00e9m\\u00e9nagement national et international\",\"publisher\":{\"@id\":\"https:\/\/www.tessiot-demenagement.com\/fr\/#organization\"},\"potentialAction\":[{\"@type\":\"SearchAction\",\"target\":\"https:\/\/www.tessiot-demenagement.com\/fr\/?s={search_term_string}\",\"query-input\":\"required name=search_term_string\"}],\"inLanguage\":\"fr-FR\"},{\"@type\":\"WebPage\",\"@id\":\"https:\/\/www.tessiot-demenagement.com\/fr\/demenageur-limoges\/#webpage\",\"url\":\"https:\/\/www.tessiot-demenagement.com\/fr\/demenageur-limoges\/\",\"name\":\"D\\u00e9m\\u00e9nageur \\u00e0 Limoges &ndash; Tessiot D\\u00e9m\\u00e9nagements\",\"isPartOf\":{\"@id\":\"https:\/\/www.tessiot-demenagement.com\/fr\/#website\"},\"datePublished\":\"2012-01-28T16:08:13+00:00\",\"dateModified\":\"2024-11-25T10:51:59+00:00\",\"description\":\"Tessiot D\\u00e9m\\u00e9nagements vous accueille \\u00e0 Limoges pour votre d\\u00e9m\\u00e9nagement personnel ou professionnel et votre garde-meubles.\",\"breadcrumb\":{\"@id\":\"https:\/\/www.tessiot-demenagement.com\/fr\/demenageur-limoges\/#breadcrumb\"},\"inLanguage\":\"fr-FR\",\"potentialAction\":[{\"@type\":\"ReadAction\",\"target\":[\"https:\/\/www.tessiot-demenagement.com\/fr\/demenageur-limoges\/\"]}]},{\"@type\":\"BreadcrumbList\",\"@id\":\"https:\/\/www.tessiot-demenagement.com\/fr\/demenageur-limoges\/#breadcrumb\",\"itemListElement\":[{\"@type\":\"ListItem\",\"position\":1,\"item\":{\"@type\":\"WebPage\",\"@id\":\"https:\/\/www.tessiot-demenagement.com\/fr\/\",\"url\":\"https:\/\/www.tessiot-demenagement.com\/fr\/\",\"name\":\"Home\"}},{\"@type\":\"ListItem\",\"position\":2,\"item\":{\"@type\":\"WebPage\",\"@id\":\"https:\/\/www.tessiot-demenagement.com\/fr\/demenageur-limoges\/\",\"url\":\"https:\/\/www.tessiot-demenagement.com\/fr\/demenageur-limoges\/\",\"name\":\"D\\u00e9m\\u00e9nageur \\u00e0 Limoges\"}}]}]}<\/script>\n<!-- \/ Yoast SEO plugin. -->","_links":{"self":[{"href":"https:\/\/www.tessiot-demenagement.com\/fr\/wp-json\/wp\/v2\/pages\/1085"}],"collection":[{"href":"https:\/\/www.tessiot-demenagement.com\/fr\/wp-json\/wp\/v2\/pages"}],"about":[{"href":"https:\/\/www.tessiot-demenagement.com\/fr\/wp-json\/wp\/v2\/types\/page"}],"author":[{"embeddable":true,"href":"https:\/\/www.tessiot-demenagement.com\/fr\/wp-json\/wp\/v2\/users\/3"}],"replies":[{"embeddable":true,"href":"https:\/\/www.tessiot-demenagement.com\/fr\/wp-json\/wp\/v2\/comments?post=1085"}],"version-history":[{"count":55,"href":"https:\/\/www.tessiot-demenagement.com\/fr\/wp-json\/wp\/v2\/pages\/1085\/revisions"}],"predecessor-version":[{"id":9984,"href":"https:\/\/www.tessiot-demenagement.com\/fr\/wp-json\/wp\/v2\/pages\/1085\/revisions\/9984"}],"wp:attachment":[{"href":"https:\/\/www.tessiot-demenagement.com\/fr\/wp-json\/wp\/v2\/media?parent=1085"}],"curies":[{"name":"wp","href":"https:\/\/api.w.org\/{rel}","templated":true}]}}