{"id":1081,"date":"2012-01-28T16:06:22","date_gmt":"2012-01-28T16:06:22","guid":{"rendered":"http:\/\/www.tessiot-demenagement.com\/fr\/?page_id=1081"},"modified":"2022-02-18T16:33:24","modified_gmt":"2022-02-18T15:33:24","slug":"demenageur-nevers","status":"publish","type":"page","link":"https:\/\/www.tessiot-demenagement.com\/fr\/demenageur-nevers\/","title":{"rendered":"D\u00e9m\u00e9nageur \u00e0 Nevers"},"content":{"rendered":"\t\t<div data-elementor-type=\"wp-page\" data-elementor-id=\"1081\" class=\"elementor elementor-1081\" data-elementor-settings=\"[]\">\n\t\t\t\t\t\t<div class=\"elementor-inner\">\n\t\t\t\t\t\t\t<div class=\"elementor-section-wrap\">\n\t\t\t\t\t\t\t<section class=\"elementor-section elementor-top-section elementor-element elementor-element-d27ca5a elementor-section-boxed elementor-section-height-default elementor-section-height-default\" data-id=\"d27ca5a\" data-element_type=\"section\">\n\t\t\t\t\t\t<div class=\"elementor-container elementor-column-gap-default\">\n\t\t\t\t\t\t\t<div class=\"elementor-row\">\n\t\t\t\t\t<div class=\"elementor-column elementor-col-100 elementor-top-column elementor-element elementor-element-061c872\" data-id=\"061c872\" data-element_type=\"column\">\n\t\t\t<div class=\"elementor-column-wrap elementor-element-populated\">\n\t\t\t\t\t\t\t<div class=\"elementor-widget-wrap\">\n\t\t\t\t\t\t<div class=\"elementor-element elementor-element-de01701 elementor-widget elementor-widget-heading\" data-id=\"de01701\" data-element_type=\"widget\" data-widget_type=\"heading.default\">\n\t\t\t\t<div class=\"elementor-widget-container\">\n\t\t\t<h1 class=\"elementor-heading-title elementor-size-default\">Tessiot, votre d\u00e9m\u00e9nageur \u00e0 Nevers.<\/h1>\t\t<\/div>\n\t\t\t\t<\/div>\n\t\t\t\t\t\t<\/div>\n\t\t\t\t\t<\/div>\n\t\t<\/div>\n\t\t\t\t\t\t\t\t<\/div>\n\t\t\t\t\t<\/div>\n\t\t<\/section>\n\t\t\t\t<section class=\"elementor-section elementor-top-section elementor-element elementor-element-b53bf77 elementor-section-boxed elementor-section-height-default elementor-section-height-default\" data-id=\"b53bf77\" data-element_type=\"section\">\n\t\t\t\t\t\t<div class=\"elementor-container elementor-column-gap-default\">\n\t\t\t\t\t\t\t<div class=\"elementor-row\">\n\t\t\t\t\t<div class=\"elementor-column elementor-col-100 elementor-top-column elementor-element elementor-element-b685432\" data-id=\"b685432\" data-element_type=\"column\">\n\t\t\t<div class=\"elementor-column-wrap elementor-element-populated\">\n\t\t\t\t\t\t\t<div class=\"elementor-widget-wrap\">\n\t\t\t\t\t\t<div class=\"elementor-element elementor-element-0f78d81 elementor-widget elementor-widget-spacer\" data-id=\"0f78d81\" data-element_type=\"widget\" data-widget_type=\"spacer.default\">\n\t\t\t\t<div class=\"elementor-widget-container\">\n\t\t\t\t\t<div class=\"elementor-spacer\">\n\t\t\t<div class=\"elementor-spacer-inner\"><\/div>\n\t\t<\/div>\n\t\t\t\t<\/div>\n\t\t\t\t<\/div>\n\t\t\t\t\t\t<\/div>\n\t\t\t\t\t<\/div>\n\t\t<\/div>\n\t\t\t\t\t\t\t\t<\/div>\n\t\t\t\t\t<\/div>\n\t\t<\/section>\n\t\t\t\t<section class=\"elementor-section elementor-top-section elementor-element elementor-element-5bb8def elementor-section-boxed elementor-section-height-default elementor-section-height-default\" data-id=\"5bb8def\" data-element_type=\"section\">\n\t\t\t\t\t\t<div class=\"elementor-container elementor-column-gap-default\">\n\t\t\t\t\t\t\t<div class=\"elementor-row\">\n\t\t\t\t\t<div class=\"elementor-column elementor-col-66 elementor-top-column elementor-element elementor-element-58f3a79\" data-id=\"58f3a79\" data-element_type=\"column\">\n\t\t\t<div class=\"elementor-column-wrap elementor-element-populated\">\n\t\t\t\t\t\t\t<div class=\"elementor-widget-wrap\">\n\t\t\t\t\t\t<div class=\"elementor-element elementor-element-c470145 elementor-widget elementor-widget-text-editor\" data-id=\"c470145\" data-element_type=\"widget\" data-widget_type=\"text-editor.default\">\n\t\t\t\t<div class=\"elementor-widget-container\">\n\t\t\t\t\t<div class=\"elementor-text-editor elementor-clearfix\"><p>Situ\u00e9 dans la R\u00e9gion Centre dans la Ni\u00e8vre, Tessiot, votre d\u00e9m\u00e9nageur \u00e0 Nevers, vous accueille dans son agence. Plac\u00e9e en centre-ville, notre \u00e9quipe vous assure conseil et proximit\u00e9 : renseignements pour votre d\u00e9m\u00e9nagement, prise de rendez-vous pour votre visite, \u00e9tablissement de votre devis, mise \u00e0 disposition d<a href=\"https:\/\/www.tessiot-demenagement.com\/fr\/emballages\/\">&#8217;emballages<\/a>. Ainsi, avec votre d\u00e9m\u00e9nageur Tessiot \u00e0 Nevers, que vous soyez <a href=\"https:\/\/www.tessiot-demenagement.com\/fr\/particuliers-mutations\/demenagement-national\/\">un particulier<\/a> ou <a href=\"https:\/\/www.tessiot-demenagement.com\/fr\/un-transfert-reussi\/\">une entreprise<\/a>, vous pouvez pr\u00e9parer sereinement votre d\u00e9m\u00e9nagement en France.<\/p><p>En compl\u00e9ment du\u00a0<a href=\"https:\/\/www.tessiot-demenagement.com\/fr\/particuliers-mutations\/demenagement-france-etranger\/\">d\u00e9m\u00e9nagement pour les particuliers<\/a>, votre agence de Limoges est \u00e9galement comp\u00e9tente pour les\u00a0<a href=\"https:\/\/www.tessiot-demenagement.com\/fr\/transfert-administratif-entreprise\/\">transferts administratifs<\/a>\u00a0: d\u00e9m\u00e9nagement d\u2019archives, de mobilier de bureau. Mais aussi pour l\u2019industrie : transferts de machines, mise au rebut. Contactez notre \u00e9quipe pour b\u00e9n\u00e9ficier d&#8217;une \u00e9tude pr\u00e9cise et gratuite.<\/p><p>Vous avez besoin de place dans votre garage ? Vous d\u00e9m\u00e9nagez vers un logement plus petit et vous ne savez pas quoi faire de votre exc\u00e9dent de mobilier ? Nous pouvons \u00e9galement mettre \u00e0 votre disposition notre\u00a0<a href=\"https:\/\/www.tessiot-demenagement.com\/fr\/particuliers-mutations\/garde-meubles\/\">garde-meubles s\u00e9curis\u00e9<\/a>\u00a0si vous avez besoin de stocker vos effets personnels.<\/p><p>Outre Nevers, Tessiot est \u00e9galement tr\u00e8s pr\u00e9sent en r\u00e9gion Centre. En effet, notre si\u00e8ge social existe depuis 1868 \u00e0\u00a0<a href=\"https:\/\/www.tessiot-demenagement.com\/fr\/nos-agences\/demenagements-bourges-vierzon\/\">Bourges.<\/a>\u00a0Nos d\u00e9m\u00e9nageurs sont disponibles aupr\u00e8s de nos agences de <a href=\"https:\/\/www.tessiot-demenagement.com\/fr\/nos-agences\/demenageur-limoges\/\">Limoges,<\/a>\u00a0<a href=\"https:\/\/www.tessiot-demenagement.com\/fr\/nos-agences\/demenageur-chateauroux\/\">Ch\u00e2teauroux<\/a>\u00a0et\u00a0<a href=\"https:\/\/www.tessiot-demenagement.com\/fr\/nos-agences\/moulin-vichy-montlucon\/\">Moulins<\/a>.<\/p><p>De plus, si vous devez partir en Outre-mer, notre \u00e9quipe est \u00e9galement sp\u00e9cialiste du\u00a0<strong>d\u00e9part vers l\u2019International<\/strong>. Notamment dans\u00a0<strong>les DOM TOM<\/strong>\u00a0avec nos\u00a0<strong>agences sur\u00a0<\/strong>l\u2019\u00eele de\u00a0<a href=\"https:\/\/www.tessiot-demenagement.com\/fr\/nos-agences\/demenageur-la-reunion\/\">La R\u00e9union<\/a>\u00a0et \u00e0\u00a0<a href=\"https:\/\/www.tessiot-demenagement.com\/fr\/nos-agences\/demenageur-mayotte\/\">Mayotte<\/a>. Pour l\u2019Import et l\u2019Export, nous vous trouvons un conteneur pour le transport maritime. Nous sommes \u00e9galement \u00e0 votre disposition pour l\u2019envoi de v\u00e9hicules (voiture, moto) vers l\u2019International.<\/p><\/div>\n\t\t\t\t<\/div>\n\t\t\t\t<\/div>\n\t\t\t\t\t\t<\/div>\n\t\t\t\t\t<\/div>\n\t\t<\/div>\n\t\t\t\t<div class=\"elementor-column elementor-col-33 elementor-top-column elementor-element elementor-element-b1a23f6\" data-id=\"b1a23f6\" data-element_type=\"column\">\n\t\t\t<div class=\"elementor-column-wrap elementor-element-populated\">\n\t\t\t\t\t\t\t<div class=\"elementor-widget-wrap\">\n\t\t\t\t\t\t<div class=\"elementor-element elementor-element-1668c26 elementor-widget elementor-widget-image\" data-id=\"1668c26\" data-element_type=\"widget\" data-widget_type=\"image.default\">\n\t\t\t\t<div class=\"elementor-widget-container\">\n\t\t\t\t\t<div class=\"elementor-image\">\n\t\t\t\t\t\t\t\t\t\t<img loading=\"lazy\" decoding=\"async\" width=\"600\" height=\"400\" src=\"https:\/\/www.tessiot-demenagement.com\/fr\/wp-content\/uploads\/2020\/07\/cathedral-3702467_1280.jpg\" class=\"attachment-large size-large\" alt=\"trouvez votre d\u00e9m\u00e9nageur dans la Ni\u00e8vre\" srcset=\"https:\/\/www.tessiot-demenagement.com\/fr\/wp-content\/uploads\/2020\/07\/cathedral-3702467_1280.jpg 600w, https:\/\/www.tessiot-demenagement.com\/fr\/wp-content\/uploads\/2020\/07\/cathedral-3702467_1280-300x200.jpg 300w\" sizes=\"(max-width: 600px) 100vw, 600px\" \/>\t\t\t\t\t\t\t\t\t\t\t<\/div>\n\t\t\t\t<\/div>\n\t\t\t\t<\/div>\n\t\t\t\t\t\t<\/div>\n\t\t\t\t\t<\/div>\n\t\t<\/div>\n\t\t\t\t\t\t\t\t<\/div>\n\t\t\t\t\t<\/div>\n\t\t<\/section>\n\t\t\t\t<section class=\"elementor-section elementor-top-section elementor-element elementor-element-0855fc0 elementor-section-boxed elementor-section-height-default elementor-section-height-default\" data-id=\"0855fc0\" data-element_type=\"section\">\n\t\t\t\t\t\t<div class=\"elementor-container elementor-column-gap-default\">\n\t\t\t\t\t\t\t<div class=\"elementor-row\">\n\t\t\t\t\t<div class=\"elementor-column elementor-col-100 elementor-top-column elementor-element elementor-element-becd6e8\" data-id=\"becd6e8\" data-element_type=\"column\">\n\t\t\t<div class=\"elementor-column-wrap elementor-element-populated\">\n\t\t\t\t\t\t\t<div class=\"elementor-widget-wrap\">\n\t\t\t\t\t\t<div class=\"elementor-element elementor-element-1e90f75 elementor-widget elementor-widget-spacer\" data-id=\"1e90f75\" data-element_type=\"widget\" data-widget_type=\"spacer.default\">\n\t\t\t\t<div class=\"elementor-widget-container\">\n\t\t\t\t\t<div class=\"elementor-spacer\">\n\t\t\t<div class=\"elementor-spacer-inner\"><\/div>\n\t\t<\/div>\n\t\t\t\t<\/div>\n\t\t\t\t<\/div>\n\t\t\t\t\t\t<\/div>\n\t\t\t\t\t<\/div>\n\t\t<\/div>\n\t\t\t\t\t\t\t\t<\/div>\n\t\t\t\t\t<\/div>\n\t\t<\/section>\n\t\t\t\t<section class=\"elementor-section elementor-top-section elementor-element elementor-element-7e819de elementor-section-boxed elementor-section-height-default elementor-section-height-default\" data-id=\"7e819de\" data-element_type=\"section\">\n\t\t\t\t\t\t<div class=\"elementor-container elementor-column-gap-default\">\n\t\t\t\t\t\t\t<div class=\"elementor-row\">\n\t\t\t\t\t<div class=\"elementor-column elementor-col-100 elementor-top-column elementor-element elementor-element-287cbb5\" data-id=\"287cbb5\" data-element_type=\"column\">\n\t\t\t<div class=\"elementor-column-wrap elementor-element-populated\">\n\t\t\t\t\t\t\t<div class=\"elementor-widget-wrap\">\n\t\t\t\t\t\t<div class=\"elementor-element elementor-element-4487462 elementor-widget elementor-widget-heading\" data-id=\"4487462\" data-element_type=\"widget\" data-widget_type=\"heading.default\">\n\t\t\t\t<div class=\"elementor-widget-container\">\n\t\t\t<h2 class=\"elementor-heading-title elementor-size-default\">Tessiot, d\u00e9m\u00e9nageur \u00e0 Nevers.<\/h2>\t\t<\/div>\n\t\t\t\t<\/div>\n\t\t\t\t\t\t<\/div>\n\t\t\t\t\t<\/div>\n\t\t<\/div>\n\t\t\t\t\t\t\t\t<\/div>\n\t\t\t\t\t<\/div>\n\t\t<\/section>\n\t\t\t\t<section class=\"elementor-section elementor-top-section elementor-element elementor-element-70c5925 elementor-section-boxed elementor-section-height-default elementor-section-height-default\" data-id=\"70c5925\" data-element_type=\"section\">\n\t\t\t\t\t\t<div class=\"elementor-container elementor-column-gap-default\">\n\t\t\t\t\t\t\t<div class=\"elementor-row\">\n\t\t\t\t\t<div class=\"elementor-column elementor-col-66 elementor-top-column elementor-element elementor-element-b858422\" data-id=\"b858422\" data-element_type=\"column\">\n\t\t\t<div class=\"elementor-column-wrap elementor-element-populated\">\n\t\t\t\t\t\t\t<div class=\"elementor-widget-wrap\">\n\t\t\t\t\t\t<div class=\"elementor-element elementor-element-b0df602 elementor-widget elementor-widget-text-editor\" data-id=\"b0df602\" data-element_type=\"widget\" data-widget_type=\"text-editor.default\">\n\t\t\t\t<div class=\"elementor-widget-container\">\n\t\t\t\t\t<div class=\"elementor-text-editor elementor-clearfix\"><p><strong>Tessiot D\u00e9m\u00e9nagements Nevers<\/strong><\/p><p><strong>9, All\u00e9e du Dr Subert<\/strong><\/p><p><strong>58000 Nevers<\/strong><\/p><p><strong>T\u00e9l : 03 86 36 93 00<\/strong><\/p><p><strong>Mail : nevers@tessiot-demenagement.com<\/strong><\/p><p>Plusieurs formules sont \u00e0 votre disposition pour votre d\u00e9m\u00e9nagement.<\/p><p>Contactez-nous pour un\u00a0<strong>devis et une visite gratuits<\/strong>.<\/p><\/div>\n\t\t\t\t<\/div>\n\t\t\t\t<\/div>\n\t\t\t\t<div class=\"elementor-element elementor-element-1293561 elementor-align-center elementor-widget elementor-widget-button\" data-id=\"1293561\" data-element_type=\"widget\" data-widget_type=\"button.default\">\n\t\t\t\t<div class=\"elementor-widget-container\">\n\t\t\t\t\t<div class=\"elementor-button-wrapper\">\n\t\t\t<a href=\"https:\/\/www.tessiot-demenagement.com\/fr\/contact-et-devis\/\" class=\"elementor-button-link elementor-button elementor-size-lg\" role=\"button\">\n\t\t\t\t\t\t<span class=\"elementor-button-content-wrapper\">\n\t\t\t\t\t\t<span class=\"elementor-button-text\">Je veux un devis gratuit<\/span>\n\t\t<\/span>\n\t\t\t\t\t<\/a>\n\t\t<\/div>\n\t\t\t\t<\/div>\n\t\t\t\t<\/div>\n\t\t\t\t\t\t<\/div>\n\t\t\t\t\t<\/div>\n\t\t<\/div>\n\t\t\t\t<div class=\"elementor-column elementor-col-33 elementor-top-column elementor-element elementor-element-fd477e6\" data-id=\"fd477e6\" data-element_type=\"column\">\n\t\t\t<div class=\"elementor-column-wrap elementor-element-populated\">\n\t\t\t\t\t\t\t<div class=\"elementor-widget-wrap\">\n\t\t\t\t\t\t<div class=\"elementor-element elementor-element-f2239d6 elementor-widget elementor-widget-google_maps\" data-id=\"f2239d6\" data-element_type=\"widget\" data-widget_type=\"google_maps.default\">\n\t\t\t\t<div class=\"elementor-widget-container\">\n\t\t\t<div class=\"elementor-custom-embed\"><iframe frameborder=\"0\" scrolling=\"no\" marginheight=\"0\" marginwidth=\"0\" src=\"https:\/\/maps.google.com\/maps?q=9%20All%C3%A9e%20du%20Dr%20Subert%2C%2058000%20Nevers&amp;t=m&amp;z=13&amp;output=embed&amp;iwloc=near\" title=\"9 All\u00e9e du Dr Subert, 58000 Nevers\" aria-label=\"9 All\u00e9e du Dr Subert, 58000 Nevers\"><\/iframe><\/div>\t\t<\/div>\n\t\t\t\t<\/div>\n\t\t\t\t\t\t<\/div>\n\t\t\t\t\t<\/div>\n\t\t<\/div>\n\t\t\t\t\t\t\t\t<\/div>\n\t\t\t\t\t<\/div>\n\t\t<\/section>\n\t\t\t\t\t\t<\/div>\n\t\t\t\t\t\t<\/div>\n\t\t\t\t\t<\/div>\n\t\t","protected":false},"excerpt":{"rendered":"<p>Tessiot, votre d\u00e9m\u00e9nageur \u00e0 Nevers. Situ\u00e9 dans la R\u00e9gion Centre dans la Ni\u00e8vre, Tessiot, votre d\u00e9m\u00e9nageur \u00e0 Nevers, vous accueille<\/p>\n","protected":false},"author":3,"featured_media":0,"parent":0,"menu_order":3,"comment_status":"closed","ping_status":"closed","template":"","meta":{"footnotes":""},"yoast_head":"<!-- This site is optimized with the Yoast SEO plugin v15.8 - https:\/\/yoast.com\/wordpress\/plugins\/seo\/ -->\n<title>D\u00e9m\u00e9nageur \u00e0 Nevers &ndash; Tessiot D\u00e9m\u00e9nagements<\/title>\n<meta name=\"description\" content=\"Tessiot, votre d\u00e9m\u00e9nageur \u00e0 Nevers. Situ\u00e9 dans la R\u00e9gion Centre dans la Ni\u00e8vre, Tessiot, votre d\u00e9m\u00e9nageur \u00e0 Nevers, vous accueille dans son agence. Plac\u00e9e D\u00e9m\u00e9nageur \u00e0 Nevers, Tessiot vous conseille pour votre d\u00e9m\u00e9nagement, votre transfert d&#039;entreprise, ou votre garde-meubles. Demandez votre devis gratuit.\" \/>\n<meta name=\"robots\" content=\"index, follow, max-snippet:-1, max-image-preview:large, max-video-preview:-1\" \/>\n<link rel=\"canonical\" href=\"https:\/\/www.tessiot-demenagement.com\/fr\/demenageur-nevers\/\" \/>\n<meta property=\"og:locale\" content=\"fr_FR\" \/>\n<meta property=\"og:type\" content=\"article\" \/>\n<meta property=\"og:title\" content=\"D\u00e9m\u00e9nageur \u00e0 Nevers &ndash; Tessiot D\u00e9m\u00e9nagements\" \/>\n<meta property=\"og:description\" content=\"Tessiot, votre d\u00e9m\u00e9nageur \u00e0 Nevers. Situ\u00e9 dans la R\u00e9gion Centre dans la Ni\u00e8vre, Tessiot, votre d\u00e9m\u00e9nageur \u00e0 Nevers, vous accueille dans son agence. Plac\u00e9e D\u00e9m\u00e9nageur \u00e0 Nevers, Tessiot vous conseille pour votre d\u00e9m\u00e9nagement, votre transfert d&#039;entreprise, ou votre garde-meubles. Demandez votre devis gratuit.\" \/>\n<meta property=\"og:url\" content=\"https:\/\/www.tessiot-demenagement.com\/fr\/demenageur-nevers\/\" \/>\n<meta property=\"og:site_name\" content=\"Tessiot D\u00e9m\u00e9nagements\" \/>\n<meta property=\"article:publisher\" content=\"https:\/\/www.facebook.com\/tessiot.demenagements\" \/>\n<meta property=\"article:modified_time\" content=\"2022-02-18T15:33:24+00:00\" \/>\n<meta property=\"og:image\" content=\"https:\/\/www.tessiot-demenagement.com\/fr\/wp-content\/uploads\/2020\/07\/cathedral-3702467_1280.jpg\" \/>\n<meta name=\"twitter:card\" content=\"summary_large_image\" \/>\n<meta name=\"twitter:site\" content=\"@TDemenagements\" \/>\n<meta name=\"twitter:label1\" content=\"Dur\u00e9e de lecture est.\">\n\t<meta name=\"twitter:data1\" content=\"2 minutes\">\n<script type=\"application\/ld+json\" class=\"yoast-schema-graph\">{\"@context\":\"https:\/\/schema.org\",\"@graph\":[{\"@type\":\"Organization\",\"@id\":\"https:\/\/www.tessiot-demenagement.com\/fr\/#organization\",\"name\":\"Tessiot-D\\u00e9m\\u00e9nagements\",\"url\":\"https:\/\/www.tessiot-demenagement.com\/fr\/\",\"sameAs\":[\"https:\/\/www.facebook.com\/tessiot.demenagements\",\"https:\/\/www.instagram.com\/tessiotdemenagements\/\",\"https:\/\/www.youtube.com\/watch?v=maGVkMma1Dw.\",\"https:\/\/twitter.com\/TDemenagements\"],\"logo\":{\"@type\":\"ImageObject\",\"@id\":\"https:\/\/www.tessiot-demenagement.com\/fr\/#logo\",\"inLanguage\":\"fr-FR\",\"url\":\"https:\/\/www.tessiot-demenagement.com\/fr\/wp-content\/uploads\/2012\/01\/logo1-e1536916717562.png\",\"width\":80,\"height\":41,\"caption\":\"Tessiot-D\\u00e9m\\u00e9nagements\"},\"image\":{\"@id\":\"https:\/\/www.tessiot-demenagement.com\/fr\/#logo\"}},{\"@type\":\"WebSite\",\"@id\":\"https:\/\/www.tessiot-demenagement.com\/fr\/#website\",\"url\":\"https:\/\/www.tessiot-demenagement.com\/fr\/\",\"name\":\"Tessiot D\\u00e9m\\u00e9nagements\",\"description\":\"D\\u00e9m\\u00e9nagement national et international\",\"publisher\":{\"@id\":\"https:\/\/www.tessiot-demenagement.com\/fr\/#organization\"},\"potentialAction\":[{\"@type\":\"SearchAction\",\"target\":\"https:\/\/www.tessiot-demenagement.com\/fr\/?s={search_term_string}\",\"query-input\":\"required name=search_term_string\"}],\"inLanguage\":\"fr-FR\"},{\"@type\":\"ImageObject\",\"@id\":\"https:\/\/www.tessiot-demenagement.com\/fr\/demenageur-nevers\/#primaryimage\",\"inLanguage\":\"fr-FR\",\"url\":\"https:\/\/www.tessiot-demenagement.com\/fr\/wp-content\/uploads\/2020\/07\/cathedral-3702467_1280.jpg\",\"width\":600,\"height\":400,\"caption\":\"trouvez votre d\\u00e9m\\u00e9nageur dans la Ni\\u00e8vre\"},{\"@type\":\"WebPage\",\"@id\":\"https:\/\/www.tessiot-demenagement.com\/fr\/demenageur-nevers\/#webpage\",\"url\":\"https:\/\/www.tessiot-demenagement.com\/fr\/demenageur-nevers\/\",\"name\":\"D\\u00e9m\\u00e9nageur \\u00e0 Nevers &ndash; Tessiot D\\u00e9m\\u00e9nagements\",\"isPartOf\":{\"@id\":\"https:\/\/www.tessiot-demenagement.com\/fr\/#website\"},\"primaryImageOfPage\":{\"@id\":\"https:\/\/www.tessiot-demenagement.com\/fr\/demenageur-nevers\/#primaryimage\"},\"datePublished\":\"2012-01-28T16:06:22+00:00\",\"dateModified\":\"2022-02-18T15:33:24+00:00\",\"description\":\"Tessiot, votre d\\u00e9m\\u00e9nageur \\u00e0 Nevers. Situ\\u00e9 dans la R\\u00e9gion Centre dans la Ni\\u00e8vre, Tessiot, votre d\\u00e9m\\u00e9nageur \\u00e0 Nevers, vous accueille dans son agence. Plac\\u00e9e D\\u00e9m\\u00e9nageur \\u00e0 Nevers, Tessiot vous conseille pour votre d\\u00e9m\\u00e9nagement, votre transfert d'entreprise, ou votre garde-meubles. Demandez votre devis gratuit.\",\"breadcrumb\":{\"@id\":\"https:\/\/www.tessiot-demenagement.com\/fr\/demenageur-nevers\/#breadcrumb\"},\"inLanguage\":\"fr-FR\",\"potentialAction\":[{\"@type\":\"ReadAction\",\"target\":[\"https:\/\/www.tessiot-demenagement.com\/fr\/demenageur-nevers\/\"]}]},{\"@type\":\"BreadcrumbList\",\"@id\":\"https:\/\/www.tessiot-demenagement.com\/fr\/demenageur-nevers\/#breadcrumb\",\"itemListElement\":[{\"@type\":\"ListItem\",\"position\":1,\"item\":{\"@type\":\"WebPage\",\"@id\":\"https:\/\/www.tessiot-demenagement.com\/fr\/\",\"url\":\"https:\/\/www.tessiot-demenagement.com\/fr\/\",\"name\":\"Home\"}},{\"@type\":\"ListItem\",\"position\":2,\"item\":{\"@type\":\"WebPage\",\"@id\":\"https:\/\/www.tessiot-demenagement.com\/fr\/demenageur-nevers\/\",\"url\":\"https:\/\/www.tessiot-demenagement.com\/fr\/demenageur-nevers\/\",\"name\":\"D\\u00e9m\\u00e9nageur \\u00e0 Nevers\"}}]}]}<\/script>\n<!-- \/ Yoast SEO plugin. -->","_links":{"self":[{"href":"https:\/\/www.tessiot-demenagement.com\/fr\/wp-json\/wp\/v2\/pages\/1081"}],"collection":[{"href":"https:\/\/www.tessiot-demenagement.com\/fr\/wp-json\/wp\/v2\/pages"}],"about":[{"href":"https:\/\/www.tessiot-demenagement.com\/fr\/wp-json\/wp\/v2\/types\/page"}],"author":[{"embeddable":true,"href":"https:\/\/www.tessiot-demenagement.com\/fr\/wp-json\/wp\/v2\/users\/3"}],"replies":[{"embeddable":true,"href":"https:\/\/www.tessiot-demenagement.com\/fr\/wp-json\/wp\/v2\/comments?post=1081"}],"version-history":[{"count":28,"href":"https:\/\/www.tessiot-demenagement.com\/fr\/wp-json\/wp\/v2\/pages\/1081\/revisions"}],"predecessor-version":[{"id":6144,"href":"https:\/\/www.tessiot-demenagement.com\/fr\/wp-json\/wp\/v2\/pages\/1081\/revisions\/6144"}],"wp:attachment":[{"href":"https:\/\/www.tessiot-demenagement.com\/fr\/wp-json\/wp\/v2\/media?parent=1081"}],"curies":[{"name":"wp","href":"https:\/\/api.w.org\/{rel}","templated":true}]}}