{"id":960,"date":"2015-01-08T07:32:58","date_gmt":"2015-01-08T07:32:58","guid":{"rendered":"http:\/\/www.tessiot-demenagement.com\/lareunion\/?page_id=960"},"modified":"2022-02-25T10:45:29","modified_gmt":"2022-02-25T10:45:29","slug":"conteneur-personnalise-la-reunion","status":"publish","type":"page","link":"http:\/\/www.tessiot-demenagement.com\/lareunion\/conteneur-personnalise-la-reunion\/","title":{"rendered":"Votre conteneur personnalis\u00e9."},"content":{"rendered":"\t\t<div data-elementor-type=\"wp-page\" data-elementor-id=\"960\" class=\"elementor elementor-960\" data-elementor-settings=\"[]\">\n\t\t\t\t\t\t<div class=\"elementor-inner\">\n\t\t\t\t\t\t\t<div class=\"elementor-section-wrap\">\n\t\t\t\t\t\t\t<section class=\"elementor-section elementor-top-section elementor-element elementor-element-25bd36a elementor-section-boxed elementor-section-height-default elementor-section-height-default\" data-id=\"25bd36a\" data-element_type=\"section\">\n\t\t\t\t\t\t<div class=\"elementor-container elementor-column-gap-default\">\n\t\t\t\t\t\t\t<div class=\"elementor-row\">\n\t\t\t\t\t<div class=\"elementor-column elementor-col-100 elementor-top-column elementor-element elementor-element-d396600\" data-id=\"d396600\" data-element_type=\"column\">\n\t\t\t<div class=\"elementor-column-wrap elementor-element-populated\">\n\t\t\t\t\t\t\t<div class=\"elementor-widget-wrap\">\n\t\t\t\t\t\t<div class=\"elementor-element elementor-element-bc0c253 elementor-widget elementor-widget-heading\" data-id=\"bc0c253\" data-element_type=\"widget\" data-widget_type=\"heading.default\">\n\t\t\t\t<div class=\"elementor-widget-container\">\n\t\t\t<h1 class=\"elementor-heading-title elementor-size-xl\">Votre conteneur personnalis\u00e9<\/h1>\t\t<\/div>\n\t\t\t\t<\/div>\n\t\t\t\t\t\t<\/div>\n\t\t\t\t\t<\/div>\n\t\t<\/div>\n\t\t\t\t\t\t\t\t<\/div>\n\t\t\t\t\t<\/div>\n\t\t<\/section>\n\t\t\t\t<section class=\"elementor-section elementor-top-section elementor-element elementor-element-d21b7b9 elementor-section-boxed elementor-section-height-default elementor-section-height-default\" data-id=\"d21b7b9\" data-element_type=\"section\">\n\t\t\t\t\t\t<div class=\"elementor-container elementor-column-gap-default\">\n\t\t\t\t\t\t\t<div class=\"elementor-row\">\n\t\t\t\t\t<div class=\"elementor-column elementor-col-100 elementor-top-column elementor-element elementor-element-eeec34b\" data-id=\"eeec34b\" data-element_type=\"column\">\n\t\t\t<div class=\"elementor-column-wrap elementor-element-populated\">\n\t\t\t\t\t\t\t<div class=\"elementor-widget-wrap\">\n\t\t\t\t\t\t<div class=\"elementor-element elementor-element-46fb05b elementor-widget elementor-widget-spacer\" data-id=\"46fb05b\" data-element_type=\"widget\" data-widget_type=\"spacer.default\">\n\t\t\t\t<div class=\"elementor-widget-container\">\n\t\t\t\t\t<div class=\"elementor-spacer\">\n\t\t\t<div class=\"elementor-spacer-inner\"><\/div>\n\t\t<\/div>\n\t\t\t\t<\/div>\n\t\t\t\t<\/div>\n\t\t\t\t\t\t<\/div>\n\t\t\t\t\t<\/div>\n\t\t<\/div>\n\t\t\t\t\t\t\t\t<\/div>\n\t\t\t\t\t<\/div>\n\t\t<\/section>\n\t\t\t\t<section class=\"elementor-section elementor-top-section elementor-element elementor-element-ef26d75 elementor-section-boxed elementor-section-height-default elementor-section-height-default\" data-id=\"ef26d75\" data-element_type=\"section\">\n\t\t\t\t\t\t<div class=\"elementor-container elementor-column-gap-default\">\n\t\t\t\t\t\t\t<div class=\"elementor-row\">\n\t\t\t\t\t<div class=\"elementor-column elementor-col-66 elementor-top-column elementor-element elementor-element-9939560\" data-id=\"9939560\" data-element_type=\"column\">\n\t\t\t<div class=\"elementor-column-wrap elementor-element-populated\">\n\t\t\t\t\t\t\t<div class=\"elementor-widget-wrap\">\n\t\t\t\t\t\t<div class=\"elementor-element elementor-element-a3075a3 elementor-widget elementor-widget-text-editor\" data-id=\"a3075a3\" data-element_type=\"widget\" data-widget_type=\"text-editor.default\">\n\t\t\t\t<div class=\"elementor-widget-container\">\n\t\t\t\t\t<div class=\"elementor-text-editor elementor-clearfix\"><p>Votre conteneur personnalis\u00e9 est <strong>un conteneur qui vous sera enti\u00e8rement d\u00e9di\u00e9<\/strong> pour votre d\u00e9m\u00e9nagement ou pour votre <a href=\"http:\/\/www.tessiot-demenagement.com\/lareunion\/transporter-votre-voiture-de-et-vers-la-reunion\/\">envoi de voiture<\/a>.<\/p><p>Selon le mod\u00e8le de conteneur, vous pouvez charger :<\/p><ul><li>33m3 (soit le mobilier standard d&#8217;un F3\/F4) dans un conteneur 20 pieds,<\/li><li>66m3 (soit un v\u00e9hicule + mobilier standard d&#8217;un F3\/F4) dans un conteneur 40 pieds,<\/li><li>76m3 (soit un v\u00e9hicule + mobilier standard d&#8217;un F4\/F5) dans un conteneur 40 pieds high cube.<\/li><\/ul><p>L&#8217;avantage pour vous d&#8217;opter pour un conteneur personnalis\u00e9 est qu&#8217;il part sur le prochain navire. Vous b\u00e9n\u00e9ficiez de <strong>d\u00e9lais d&#8217;attente r\u00e9duits<\/strong> par rapport \u00e0 <a href=\"http:\/\/www.tessiot-demenagement.com\/lareunion\/conteneur-de-groupage\/\">un conteneur de groupage<\/a>. Le conteneur est\u00a0<strong>plomb\u00e9 \u00e0 votre adresse de chargement<\/strong> et d\u00e9plomb\u00e9 \u00e0 votre adresse de livraison. Qui plus est, c&#8217;est un moyen de <strong>transport s\u00e9curis\u00e9<\/strong>.<\/p><p>\u00c9vitez surtout de charger vous-m\u00eame vos effets personnels dans le conteneur. Le calage de la marchandise dans un conteneur est tr\u00e8s sp\u00e9cifique. En effet, 40 jours de mer peuvent ais\u00e9ment alt\u00e9rer votre calage. Et l&#8217;assurance ne prendra pas en charge les lots cass\u00e9s si <strong>votre empotage<\/strong> (le chargement en conteneur) n&#8217;a pas \u00e9t\u00e9 r\u00e9alis\u00e9 par un professionnel.<\/p><p>De m\u00eame, l&#8217;emballage de vos effets doit \u00eatre doubl\u00e9 par rapport \u00e0 un d\u00e9m\u00e9nagement standard, et les meubles enti\u00e8rement emball\u00e9s avec du papier bulle. Si vous emballez vous-m\u00eame vos effets dans les cartons, vous ne pourrez pas pr\u00e9tendre \u00e0 un remboursement de l&#8217;assurance en cas de casse.<\/p><p>De fait, un d\u00e9m\u00e9nagement vers ou depuis l&#8217;Outre-mer demande beaucoup de <strong>rigueur et de savoir-faire<\/strong>. Pour votre d\u00e9m\u00e9nagement ou un envoi particulier, demandez conseil aupr\u00e8s de Tessiot D\u00e9m\u00e9nagements.<\/p><\/div>\n\t\t\t\t<\/div>\n\t\t\t\t<\/div>\n\t\t\t\t\t\t<\/div>\n\t\t\t\t\t<\/div>\n\t\t<\/div>\n\t\t\t\t<div class=\"elementor-column elementor-col-33 elementor-top-column elementor-element elementor-element-6fbaa83\" data-id=\"6fbaa83\" data-element_type=\"column\">\n\t\t\t<div class=\"elementor-column-wrap elementor-element-populated\">\n\t\t\t\t\t\t\t<div class=\"elementor-widget-wrap\">\n\t\t\t\t\t\t<div class=\"elementor-element elementor-element-5cb2101 elementor-widget elementor-widget-image\" data-id=\"5cb2101\" data-element_type=\"widget\" data-widget_type=\"image.default\">\n\t\t\t\t<div class=\"elementor-widget-container\">\n\t\t\t\t\t<div class=\"elementor-image\">\n\t\t\t\t\t\t\t<figure class=\"wp-caption\">\n\t\t\t\t\t\t\t\t\t\t<img width=\"800\" height=\"800\" src=\"http:\/\/www.tessiot-demenagement.com\/lareunion\/wp-content\/uploads\/2022\/02\/Devis-et-visite-gratuits-53-1024x1024.png\" class=\"attachment-large size-large\" alt=\"conteneur maritime\" loading=\"lazy\" srcset=\"http:\/\/www.tessiot-demenagement.com\/lareunion\/wp-content\/uploads\/2022\/02\/Devis-et-visite-gratuits-53-1024x1024.png 1024w, http:\/\/www.tessiot-demenagement.com\/lareunion\/wp-content\/uploads\/2022\/02\/Devis-et-visite-gratuits-53-300x300.png 300w, http:\/\/www.tessiot-demenagement.com\/lareunion\/wp-content\/uploads\/2022\/02\/Devis-et-visite-gratuits-53-150x150.png 150w, http:\/\/www.tessiot-demenagement.com\/lareunion\/wp-content\/uploads\/2022\/02\/Devis-et-visite-gratuits-53-768x768.png 768w, http:\/\/www.tessiot-demenagement.com\/lareunion\/wp-content\/uploads\/2022\/02\/Devis-et-visite-gratuits-53.png 1080w\" sizes=\"(max-width: 800px) 100vw, 800px\" \/>\t\t\t\t\t\t\t\t\t\t\t<figcaption class=\"widget-image-caption wp-caption-text\">Chargement d'un conteneur avec v\u00e9hicule.<\/figcaption>\n\t\t\t\t\t\t\t\t\t\t<\/figure>\n\t\t\t\t\t<\/div>\n\t\t\t\t<\/div>\n\t\t\t\t<\/div>\n\t\t\t\t<div class=\"elementor-element elementor-element-7b6b14e elementor-widget elementor-widget-image\" data-id=\"7b6b14e\" data-element_type=\"widget\" data-widget_type=\"image.default\">\n\t\t\t\t<div class=\"elementor-widget-container\">\n\t\t\t\t\t<div class=\"elementor-image\">\n\t\t\t\t\t\t\t<figure class=\"wp-caption\">\n\t\t\t\t\t\t\t\t\t\t<img width=\"800\" height=\"716\" src=\"http:\/\/www.tessiot-demenagement.com\/lareunion\/wp-content\/uploads\/2020\/09\/chargement-moto-scaled-1024x917.jpg\" class=\"attachment-large size-large\" alt=\"transport de moto vers l&#039;outre-mer\" loading=\"lazy\" srcset=\"http:\/\/www.tessiot-demenagement.com\/lareunion\/wp-content\/uploads\/2020\/09\/chargement-moto-scaled-1024x917.jpg 1024w, http:\/\/www.tessiot-demenagement.com\/lareunion\/wp-content\/uploads\/2020\/09\/chargement-moto-scaled-300x269.jpg 300w, http:\/\/www.tessiot-demenagement.com\/lareunion\/wp-content\/uploads\/2020\/09\/chargement-moto-scaled-768x688.jpg 768w, http:\/\/www.tessiot-demenagement.com\/lareunion\/wp-content\/uploads\/2020\/09\/chargement-moto-scaled-1536x1376.jpg 1536w, http:\/\/www.tessiot-demenagement.com\/lareunion\/wp-content\/uploads\/2020\/09\/chargement-moto-scaled-2048x1834.jpg 2048w\" sizes=\"(max-width: 800px) 100vw, 800px\" \/>\t\t\t\t\t\t\t\t\t\t\t<figcaption class=\"widget-image-caption wp-caption-text\">Mise sous protection d'une moto avant envoi vers l'\u00eele de La R\u00e9union.<\/figcaption>\n\t\t\t\t\t\t\t\t\t\t<\/figure>\n\t\t\t\t\t<\/div>\n\t\t\t\t<\/div>\n\t\t\t\t<\/div>\n\t\t\t\t\t\t<\/div>\n\t\t\t\t\t<\/div>\n\t\t<\/div>\n\t\t\t\t\t\t\t\t<\/div>\n\t\t\t\t\t<\/div>\n\t\t<\/section>\n\t\t\t\t<section class=\"elementor-section elementor-top-section elementor-element elementor-element-d7f1783 elementor-section-boxed elementor-section-height-default elementor-section-height-default\" data-id=\"d7f1783\" data-element_type=\"section\">\n\t\t\t\t\t\t<div class=\"elementor-container elementor-column-gap-default\">\n\t\t\t\t\t\t\t<div class=\"elementor-row\">\n\t\t\t\t\t<div class=\"elementor-column elementor-col-100 elementor-top-column elementor-element elementor-element-d8f3645\" data-id=\"d8f3645\" data-element_type=\"column\">\n\t\t\t<div class=\"elementor-column-wrap elementor-element-populated\">\n\t\t\t\t\t\t\t<div class=\"elementor-widget-wrap\">\n\t\t\t\t\t\t<div class=\"elementor-element elementor-element-0355941 elementor-widget elementor-widget-heading\" data-id=\"0355941\" data-element_type=\"widget\" data-widget_type=\"heading.default\">\n\t\t\t\t<div class=\"elementor-widget-container\">\n\t\t\t<h2 class=\"elementor-heading-title elementor-size-large\">Demandez votre tarif pour votre conteneur.<\/h2>\t\t<\/div>\n\t\t\t\t<\/div>\n\t\t\t\t\t\t<\/div>\n\t\t\t\t\t<\/div>\n\t\t<\/div>\n\t\t\t\t\t\t\t\t<\/div>\n\t\t\t\t\t<\/div>\n\t\t<\/section>\n\t\t\t\t<section class=\"elementor-section elementor-top-section elementor-element elementor-element-b15778d elementor-section-boxed elementor-section-height-default elementor-section-height-default\" data-id=\"b15778d\" data-element_type=\"section\">\n\t\t\t\t\t\t<div class=\"elementor-container elementor-column-gap-default\">\n\t\t\t\t\t\t\t<div class=\"elementor-row\">\n\t\t\t\t\t<div class=\"elementor-column elementor-col-50 elementor-top-column elementor-element elementor-element-805b086\" data-id=\"805b086\" data-element_type=\"column\">\n\t\t\t<div class=\"elementor-column-wrap elementor-element-populated\">\n\t\t\t\t\t\t\t<div class=\"elementor-widget-wrap\">\n\t\t\t\t\t\t<div class=\"elementor-element elementor-element-aaea3a3 elementor-widget elementor-widget-text-editor\" data-id=\"aaea3a3\" data-element_type=\"widget\" data-widget_type=\"text-editor.default\">\n\t\t\t\t<div class=\"elementor-widget-container\">\n\t\t\t\t\t<div class=\"elementor-text-editor elementor-clearfix\"><p><strong>Cr\u00e9\u00e9 en 1868<\/strong>, Tessiot D\u00e9m\u00e9nagements est sp\u00e9cialiste des d\u00e9m\u00e9nagements et de l&#8217;envoi de v\u00e9hicules par conteneur. Cette exp\u00e9rience et son <strong>r\u00e9seau \u00e9tendu de partenaires<\/strong> vous garantissent le juste tarif pour votre transport. <strong>Install\u00e9 depuis 1995 \u00e0 Saint-Pierre<\/strong> de La R\u00e9union, notre \u00e9quipe vous assure un soutien sur place.<\/p><\/div>\n\t\t\t\t<\/div>\n\t\t\t\t<\/div>\n\t\t\t\t\t\t<\/div>\n\t\t\t\t\t<\/div>\n\t\t<\/div>\n\t\t\t\t<div class=\"elementor-column elementor-col-50 elementor-top-column elementor-element elementor-element-37e6940\" data-id=\"37e6940\" data-element_type=\"column\">\n\t\t\t<div class=\"elementor-column-wrap elementor-element-populated\">\n\t\t\t\t\t\t\t<div class=\"elementor-widget-wrap\">\n\t\t\t\t\t\t<div class=\"elementor-element elementor-element-d1c42ab elementor-widget elementor-widget-button\" data-id=\"d1c42ab\" data-element_type=\"widget\" data-widget_type=\"button.default\">\n\t\t\t\t<div class=\"elementor-widget-container\">\n\t\t\t\t\t<div class=\"elementor-button-wrapper\">\n\t\t\t<a href=\"http:\/\/www.tessiot-demenagement.com\/lareunion\/devis-demenagement-reunion\/\" class=\"elementor-button-link elementor-button elementor-size-lg\" role=\"button\">\n\t\t\t\t\t\t<span class=\"elementor-button-content-wrapper\">\n\t\t\t\t\t\t<span class=\"elementor-button-text\">Demandez votre devis gratuit pour votre conteneur<\/span>\n\t\t<\/span>\n\t\t\t\t\t<\/a>\n\t\t<\/div>\n\t\t\t\t<\/div>\n\t\t\t\t<\/div>\n\t\t\t\t\t\t<\/div>\n\t\t\t\t\t<\/div>\n\t\t<\/div>\n\t\t\t\t\t\t\t\t<\/div>\n\t\t\t\t\t<\/div>\n\t\t<\/section>\n\t\t\t\t\t\t<\/div>\n\t\t\t\t\t\t<\/div>\n\t\t\t\t\t<\/div>\n\t\t","protected":false},"excerpt":{"rendered":"<p>Votre conteneur personnalis\u00e9 Votre conteneur personnalis\u00e9 est un conteneur qui vous sera enti\u00e8rement d\u00e9di\u00e9 pour votre d\u00e9m\u00e9nagement ou pour votre<\/p>\n","protected":false},"author":1,"featured_media":0,"parent":0,"menu_order":0,"comment_status":"open","ping_status":"open","template":"","meta":{"spay_email":""},"yoast_head":"<!-- This site is optimized with the Yoast SEO plugin v15.8 - https:\/\/yoast.com\/wordpress\/plugins\/seo\/ -->\n<title>Votre conteneur personnalis\u00e9. - D\u00e9m\u00e9nagement A Tessiot<\/title>\n<meta name=\"description\" content=\"D\u00e9m\u00e9nagez avec votre conteneur personnalis\u00e9 vers et depuis la R\u00e9union : demandez le juste prix \u00e0 A.Tessiot D\u00e9m\u00e9nagements.\" \/>\n<meta name=\"robots\" content=\"index, follow, max-snippet:-1, max-image-preview:large, max-video-preview:-1\" \/>\n<link rel=\"canonical\" href=\"http:\/\/www.tessiot-demenagement.com\/lareunion\/conteneur-personnalise-la-reunion\/\" \/>\n<meta property=\"og:locale\" content=\"fr_FR\" \/>\n<meta property=\"og:type\" content=\"article\" \/>\n<meta property=\"og:title\" content=\"Votre conteneur personnalis\u00e9. - D\u00e9m\u00e9nagement A Tessiot\" \/>\n<meta property=\"og:description\" content=\"D\u00e9m\u00e9nagez avec votre conteneur personnalis\u00e9 vers et depuis la R\u00e9union : demandez le juste prix \u00e0 A.Tessiot D\u00e9m\u00e9nagements.\" \/>\n<meta property=\"og:url\" content=\"http:\/\/www.tessiot-demenagement.com\/lareunion\/conteneur-personnalise-la-reunion\/\" \/>\n<meta property=\"og:site_name\" content=\"D\u00e9m\u00e9nagement A Tessiot\" \/>\n<meta property=\"article:modified_time\" content=\"2022-02-25T10:45:29+00:00\" \/>\n<meta property=\"og:image\" content=\"http:\/\/www.tessiot-demenagement.com\/lareunion\/wp-content\/uploads\/2022\/02\/Devis-et-visite-gratuits-53-1024x1024.png\" \/>\n<meta name=\"twitter:label1\" content=\"Dur\u00e9e de lecture est.\">\n\t<meta name=\"twitter:data1\" content=\"2 minutes\">\n<script type=\"application\/ld+json\" class=\"yoast-schema-graph\">{\"@context\":\"https:\/\/schema.org\",\"@graph\":[{\"@type\":\"WebSite\",\"@id\":\"http:\/\/www.tessiot-demenagement.com\/lareunion\/#website\",\"url\":\"http:\/\/www.tessiot-demenagement.com\/lareunion\/\",\"name\":\"D\\u00e9m\\u00e9nagement A Tessiot\",\"description\":\"votre demenageur specialiste des transferts administratifs et industriels\",\"potentialAction\":[{\"@type\":\"SearchAction\",\"target\":\"http:\/\/www.tessiot-demenagement.com\/lareunion\/?s={search_term_string}\",\"query-input\":\"required name=search_term_string\"}],\"inLanguage\":\"fr-FR\"},{\"@type\":\"ImageObject\",\"@id\":\"http:\/\/www.tessiot-demenagement.com\/lareunion\/conteneur-personnalise-la-reunion\/#primaryimage\",\"inLanguage\":\"fr-FR\",\"url\":\"http:\/\/www.tessiot-demenagement.com\/lareunion\/wp-content\/uploads\/2022\/02\/Devis-et-visite-gratuits-53.png\",\"width\":1080,\"height\":1080,\"caption\":\"conteneur maritime\"},{\"@type\":\"WebPage\",\"@id\":\"http:\/\/www.tessiot-demenagement.com\/lareunion\/conteneur-personnalise-la-reunion\/#webpage\",\"url\":\"http:\/\/www.tessiot-demenagement.com\/lareunion\/conteneur-personnalise-la-reunion\/\",\"name\":\"Votre conteneur personnalis\\u00e9. - D\\u00e9m\\u00e9nagement A Tessiot\",\"isPartOf\":{\"@id\":\"http:\/\/www.tessiot-demenagement.com\/lareunion\/#website\"},\"primaryImageOfPage\":{\"@id\":\"http:\/\/www.tessiot-demenagement.com\/lareunion\/conteneur-personnalise-la-reunion\/#primaryimage\"},\"datePublished\":\"2015-01-08T07:32:58+00:00\",\"dateModified\":\"2022-02-25T10:45:29+00:00\",\"description\":\"D\\u00e9m\\u00e9nagez avec votre conteneur personnalis\\u00e9 vers et depuis la R\\u00e9union : demandez le juste prix \\u00e0 A.Tessiot D\\u00e9m\\u00e9nagements.\",\"breadcrumb\":{\"@id\":\"http:\/\/www.tessiot-demenagement.com\/lareunion\/conteneur-personnalise-la-reunion\/#breadcrumb\"},\"inLanguage\":\"fr-FR\",\"potentialAction\":[{\"@type\":\"ReadAction\",\"target\":[\"http:\/\/www.tessiot-demenagement.com\/lareunion\/conteneur-personnalise-la-reunion\/\"]}]},{\"@type\":\"BreadcrumbList\",\"@id\":\"http:\/\/www.tessiot-demenagement.com\/lareunion\/conteneur-personnalise-la-reunion\/#breadcrumb\",\"itemListElement\":[{\"@type\":\"ListItem\",\"position\":1,\"item\":{\"@type\":\"WebPage\",\"@id\":\"http:\/\/www.tessiot-demenagement.com\/lareunion\/conteneur-personnalise-la-reunion\/\",\"url\":\"http:\/\/www.tessiot-demenagement.com\/lareunion\/conteneur-personnalise-la-reunion\/\",\"name\":\"Votre conteneur personnalis\\u00e9.\"}}]}]}<\/script>\n<!-- \/ Yoast SEO plugin. -->","jetpack_sharing_enabled":true,"jetpack_shortlink":"https:\/\/wp.me\/P5eCLF-fu","_links":{"self":[{"href":"http:\/\/www.tessiot-demenagement.com\/lareunion\/wp-json\/wp\/v2\/pages\/960"}],"collection":[{"href":"http:\/\/www.tessiot-demenagement.com\/lareunion\/wp-json\/wp\/v2\/pages"}],"about":[{"href":"http:\/\/www.tessiot-demenagement.com\/lareunion\/wp-json\/wp\/v2\/types\/page"}],"author":[{"embeddable":true,"href":"http:\/\/www.tessiot-demenagement.com\/lareunion\/wp-json\/wp\/v2\/users\/1"}],"replies":[{"embeddable":true,"href":"http:\/\/www.tessiot-demenagement.com\/lareunion\/wp-json\/wp\/v2\/comments?post=960"}],"version-history":[{"count":19,"href":"http:\/\/www.tessiot-demenagement.com\/lareunion\/wp-json\/wp\/v2\/pages\/960\/revisions"}],"predecessor-version":[{"id":3108,"href":"http:\/\/www.tessiot-demenagement.com\/lareunion\/wp-json\/wp\/v2\/pages\/960\/revisions\/3108"}],"wp:attachment":[{"href":"http:\/\/www.tessiot-demenagement.com\/lareunion\/wp-json\/wp\/v2\/media?parent=960"}],"curies":[{"name":"wp","href":"https:\/\/api.w.org\/{rel}","templated":true}]}}