{"id":944,"date":"2014-12-29T12:31:10","date_gmt":"2014-12-29T12:31:10","guid":{"rendered":"http:\/\/www.tessiot-demenagement.com\/lareunion\/?page_id=944"},"modified":"2022-02-25T10:34:06","modified_gmt":"2022-02-25T10:34:06","slug":"conteneur-de-groupage","status":"publish","type":"page","link":"http:\/\/www.tessiot-demenagement.com\/lareunion\/conteneur-de-groupage\/","title":{"rendered":"Conteneur de groupage"},"content":{"rendered":"\t\t<div data-elementor-type=\"wp-page\" data-elementor-id=\"944\" class=\"elementor elementor-944\" data-elementor-settings=\"[]\">\n\t\t\t\t\t\t<div class=\"elementor-inner\">\n\t\t\t\t\t\t\t<div class=\"elementor-section-wrap\">\n\t\t\t\t\t\t\t<section class=\"elementor-section elementor-top-section elementor-element elementor-element-a130ce1 elementor-section-boxed elementor-section-height-default elementor-section-height-default\" data-id=\"a130ce1\" data-element_type=\"section\">\n\t\t\t\t\t\t<div class=\"elementor-container elementor-column-gap-default\">\n\t\t\t\t\t\t\t<div class=\"elementor-row\">\n\t\t\t\t\t<div class=\"elementor-column elementor-col-100 elementor-top-column elementor-element elementor-element-64d19a0\" data-id=\"64d19a0\" data-element_type=\"column\">\n\t\t\t<div class=\"elementor-column-wrap elementor-element-populated\">\n\t\t\t\t\t\t\t<div class=\"elementor-widget-wrap\">\n\t\t\t\t\t\t<div class=\"elementor-element elementor-element-acb38ad elementor-widget elementor-widget-heading\" data-id=\"acb38ad\" data-element_type=\"widget\" data-widget_type=\"heading.default\">\n\t\t\t\t<div class=\"elementor-widget-container\">\n\t\t\t<h1 class=\"elementor-heading-title elementor-size-xl\">Votre conteneur de groupage.<\/h1>\t\t<\/div>\n\t\t\t\t<\/div>\n\t\t\t\t\t\t<\/div>\n\t\t\t\t\t<\/div>\n\t\t<\/div>\n\t\t\t\t\t\t\t\t<\/div>\n\t\t\t\t\t<\/div>\n\t\t<\/section>\n\t\t\t\t<section class=\"elementor-section elementor-top-section elementor-element elementor-element-318ac69 elementor-section-boxed elementor-section-height-default elementor-section-height-default\" data-id=\"318ac69\" data-element_type=\"section\">\n\t\t\t\t\t\t<div class=\"elementor-container elementor-column-gap-default\">\n\t\t\t\t\t\t\t<div class=\"elementor-row\">\n\t\t\t\t\t<div class=\"elementor-column elementor-col-100 elementor-top-column elementor-element elementor-element-043879a\" data-id=\"043879a\" data-element_type=\"column\">\n\t\t\t<div class=\"elementor-column-wrap elementor-element-populated\">\n\t\t\t\t\t\t\t<div class=\"elementor-widget-wrap\">\n\t\t\t\t\t\t<div class=\"elementor-element elementor-element-b9ecbf1 elementor-widget elementor-widget-spacer\" data-id=\"b9ecbf1\" data-element_type=\"widget\" data-widget_type=\"spacer.default\">\n\t\t\t\t<div class=\"elementor-widget-container\">\n\t\t\t\t\t<div class=\"elementor-spacer\">\n\t\t\t<div class=\"elementor-spacer-inner\"><\/div>\n\t\t<\/div>\n\t\t\t\t<\/div>\n\t\t\t\t<\/div>\n\t\t\t\t\t\t<\/div>\n\t\t\t\t\t<\/div>\n\t\t<\/div>\n\t\t\t\t\t\t\t\t<\/div>\n\t\t\t\t\t<\/div>\n\t\t<\/section>\n\t\t\t\t<section class=\"elementor-section elementor-top-section elementor-element elementor-element-b1f5901 elementor-section-boxed elementor-section-height-default elementor-section-height-default\" data-id=\"b1f5901\" data-element_type=\"section\">\n\t\t\t\t\t\t<div class=\"elementor-container elementor-column-gap-default\">\n\t\t\t\t\t\t\t<div class=\"elementor-row\">\n\t\t\t\t\t<div class=\"elementor-column elementor-col-66 elementor-top-column elementor-element elementor-element-d25083b\" data-id=\"d25083b\" data-element_type=\"column\">\n\t\t\t<div class=\"elementor-column-wrap elementor-element-populated\">\n\t\t\t\t\t\t\t<div class=\"elementor-widget-wrap\">\n\t\t\t\t\t\t<div class=\"elementor-element elementor-element-b125127 elementor-widget elementor-widget-text-editor\" data-id=\"b125127\" data-element_type=\"widget\" data-widget_type=\"text-editor.default\">\n\t\t\t\t<div class=\"elementor-widget-container\">\n\t\t\t\t\t<div class=\"elementor-text-editor elementor-clearfix\"><p>Tessiot D\u00e9m\u00e9nagements met \u00e0 votre disposition votre <strong>conteneur de groupage maritime<\/strong>. Cette solution de transport est pr\u00e9conis\u00e9e lorsque vos effets personnels ne permettent pas de remplir totalement un conteneur maritime de 20 pieds. Un conteneur de groupage est \u00e9galement possible si vous avez un <strong>budget limit\u00e9<\/strong> ou si vous souhaitez ne transf\u00e9rer que le <strong>strict n\u00e9cessaire<\/strong> \u00e0 ou hors de La R\u00e9union.<\/p><p>En r\u00e9sum\u00e9, le groupage\u00a0ou le co-d\u00e9m\u00e9nagement permet de r\u00e9unir les effets personnels de <strong>plusieurs clients dans un m\u00eame transport.<\/strong>\u00a0Donc ce proc\u00e9d\u00e9 vous assure une solution simple et \u00e9conomique.\u00a0<\/p><p>Suivant les opportunit\u00e9s, vous pouvez mettre dans le conteneur partag\u00e9 votre v\u00e9hicule seul (voiture ou 2 roues), ou vos effets de 1m3 \u00e0 15m3.<\/p><p>Concernant la mise sous protection de vos biens dans votre conteneur de groupage, nos d\u00e9m\u00e9nageurs utilisent <a href=\"http:\/\/www.tessiot-demenagement.com\/lareunion\/emballages\/\">des emballages sp\u00e9cifiques<\/a>, avec des cartons renforc\u00e9s. Ce dispositif est compl\u00e9t\u00e9 avec l&#8217;utilisation de robustes caisses de stockage.<\/p><\/div>\n\t\t\t\t<\/div>\n\t\t\t\t<\/div>\n\t\t\t\t\t\t<\/div>\n\t\t\t\t\t<\/div>\n\t\t<\/div>\n\t\t\t\t<div class=\"elementor-column elementor-col-33 elementor-top-column elementor-element elementor-element-58ff407\" data-id=\"58ff407\" data-element_type=\"column\">\n\t\t\t<div class=\"elementor-column-wrap elementor-element-populated\">\n\t\t\t\t\t\t\t<div class=\"elementor-widget-wrap\">\n\t\t\t\t\t\t<div class=\"elementor-element elementor-element-52afb44 elementor-widget elementor-widget-image\" data-id=\"52afb44\" data-element_type=\"widget\" data-widget_type=\"image.default\">\n\t\t\t\t<div class=\"elementor-widget-container\">\n\t\t\t\t\t<div class=\"elementor-image\">\n\t\t\t\t\t\t\t\t\t\t<img width=\"633\" height=\"640\" src=\"http:\/\/www.tessiot-demenagement.com\/lareunion\/wp-content\/uploads\/2020\/09\/container-2685792_640.jpg\" class=\"attachment-large size-large\" alt=\"Comment trouver un conteneur de groupage ?\" loading=\"lazy\" srcset=\"http:\/\/www.tessiot-demenagement.com\/lareunion\/wp-content\/uploads\/2020\/09\/container-2685792_640.jpg 633w, http:\/\/www.tessiot-demenagement.com\/lareunion\/wp-content\/uploads\/2020\/09\/container-2685792_640-297x300.jpg 297w\" sizes=\"(max-width: 633px) 100vw, 633px\" \/>\t\t\t\t\t\t\t\t\t\t\t<\/div>\n\t\t\t\t<\/div>\n\t\t\t\t<\/div>\n\t\t\t\t\t\t<\/div>\n\t\t\t\t\t<\/div>\n\t\t<\/div>\n\t\t\t\t\t\t\t\t<\/div>\n\t\t\t\t\t<\/div>\n\t\t<\/section>\n\t\t\t\t<section class=\"elementor-section elementor-top-section elementor-element elementor-element-99dedc0 elementor-section-boxed elementor-section-height-default elementor-section-height-default\" data-id=\"99dedc0\" data-element_type=\"section\">\n\t\t\t\t\t\t<div class=\"elementor-container elementor-column-gap-default\">\n\t\t\t\t\t\t\t<div class=\"elementor-row\">\n\t\t\t\t\t<div class=\"elementor-column elementor-col-100 elementor-top-column elementor-element elementor-element-2519dbc\" data-id=\"2519dbc\" data-element_type=\"column\">\n\t\t\t<div class=\"elementor-column-wrap elementor-element-populated\">\n\t\t\t\t\t\t\t<div class=\"elementor-widget-wrap\">\n\t\t\t\t\t\t<div class=\"elementor-element elementor-element-cacfb2e elementor-widget elementor-widget-heading\" data-id=\"cacfb2e\" data-element_type=\"widget\" data-widget_type=\"heading.default\">\n\t\t\t\t<div class=\"elementor-widget-container\">\n\t\t\t<h2 class=\"elementor-heading-title elementor-size-large\">Conteneur de groupage pour les entreprises.<\/h2>\t\t<\/div>\n\t\t\t\t<\/div>\n\t\t\t\t\t\t<\/div>\n\t\t\t\t\t<\/div>\n\t\t<\/div>\n\t\t\t\t\t\t\t\t<\/div>\n\t\t\t\t\t<\/div>\n\t\t<\/section>\n\t\t\t\t<section class=\"elementor-section elementor-top-section elementor-element elementor-element-b18bb2b elementor-section-boxed elementor-section-height-default elementor-section-height-default\" data-id=\"b18bb2b\" data-element_type=\"section\">\n\t\t\t\t\t\t<div class=\"elementor-container elementor-column-gap-default\">\n\t\t\t\t\t\t\t<div class=\"elementor-row\">\n\t\t\t\t\t<div class=\"elementor-column elementor-col-100 elementor-top-column elementor-element elementor-element-e2dd3b3\" data-id=\"e2dd3b3\" data-element_type=\"column\">\n\t\t\t<div class=\"elementor-column-wrap elementor-element-populated\">\n\t\t\t\t\t\t\t<div class=\"elementor-widget-wrap\">\n\t\t\t\t\t\t<div class=\"elementor-element elementor-element-34286ac elementor-widget elementor-widget-text-editor\" data-id=\"34286ac\" data-element_type=\"widget\" data-widget_type=\"text-editor.default\">\n\t\t\t\t<div class=\"elementor-widget-container\">\n\t\t\t\t\t<div class=\"elementor-text-editor elementor-clearfix\"><p>Vous \u00eates une entreprise et vous souhaitez importer ou exporter des biens et \u00e9quipements depuis ou vers l&#8217;\u00eele de La R\u00e9union ?<\/p><p>Tessiot D\u00e9m\u00e9nagements vous propose un service de groupage en conteneur 20 ou 40 pieds depuis nos principaux d\u00e9p\u00f4ts.<\/p><p>En M\u00e9tropole :<\/p><ul><li>Paris<\/li><li>Marseille<\/li><li>Bourges<\/li><li>Limoges<\/li><\/ul><p>A La R\u00e9union :<\/p><ul><li>St Pierre<\/li><\/ul><p>Nous profitons de notre service pour proposer du volume aux entreprises qui souhaitent importer ou exporter de faibles ou moyennes quantit\u00e9s. Vous pouvez ainsi b\u00e9n\u00e9ficier de tarifs attractifs et d&#8217;un service de qualit\u00e9 !<\/p><p>D&#8217;ailleurs, nous pouvons aussi vous proposer des solutions pour le <a href=\"http:\/\/www.tessiot-demenagement.com\/lareunion\/demenagement-pour-mutation-professionnelle\/\">d\u00e9m\u00e9nagement de vos collaborateurs<\/a><\/p><\/div>\n\t\t\t\t<\/div>\n\t\t\t\t<\/div>\n\t\t\t\t\t\t<\/div>\n\t\t\t\t\t<\/div>\n\t\t<\/div>\n\t\t\t\t\t\t\t\t<\/div>\n\t\t\t\t\t<\/div>\n\t\t<\/section>\n\t\t\t\t<section class=\"elementor-section elementor-top-section elementor-element elementor-element-84db811 elementor-section-boxed elementor-section-height-default elementor-section-height-default\" data-id=\"84db811\" data-element_type=\"section\">\n\t\t\t\t\t\t<div class=\"elementor-container elementor-column-gap-default\">\n\t\t\t\t\t\t\t<div class=\"elementor-row\">\n\t\t\t\t\t<div class=\"elementor-column elementor-col-100 elementor-top-column elementor-element elementor-element-fbed9fc\" data-id=\"fbed9fc\" data-element_type=\"column\">\n\t\t\t<div class=\"elementor-column-wrap elementor-element-populated\">\n\t\t\t\t\t\t\t<div class=\"elementor-widget-wrap\">\n\t\t\t\t\t\t<div class=\"elementor-element elementor-element-030eded elementor-widget elementor-widget-heading\" data-id=\"030eded\" data-element_type=\"widget\" data-widget_type=\"heading.default\">\n\t\t\t\t<div class=\"elementor-widget-container\">\n\t\t\t<h3 class=\"elementor-heading-title elementor-size-large\">Contactez-nous pour r\u00e9server votre conteneur.<\/h3>\t\t<\/div>\n\t\t\t\t<\/div>\n\t\t\t\t\t\t<\/div>\n\t\t\t\t\t<\/div>\n\t\t<\/div>\n\t\t\t\t\t\t\t\t<\/div>\n\t\t\t\t\t<\/div>\n\t\t<\/section>\n\t\t\t\t<section class=\"elementor-section elementor-top-section elementor-element elementor-element-9ffe896 elementor-section-boxed elementor-section-height-default elementor-section-height-default\" data-id=\"9ffe896\" data-element_type=\"section\">\n\t\t\t\t\t\t<div class=\"elementor-container elementor-column-gap-default\">\n\t\t\t\t\t\t\t<div class=\"elementor-row\">\n\t\t\t\t\t<div class=\"elementor-column elementor-col-50 elementor-top-column elementor-element elementor-element-976b4a1\" data-id=\"976b4a1\" data-element_type=\"column\">\n\t\t\t<div class=\"elementor-column-wrap elementor-element-populated\">\n\t\t\t\t\t\t\t<div class=\"elementor-widget-wrap\">\n\t\t\t\t\t\t<div class=\"elementor-element elementor-element-ad1fde0 elementor-widget elementor-widget-text-editor\" data-id=\"ad1fde0\" data-element_type=\"widget\" data-widget_type=\"text-editor.default\">\n\t\t\t\t<div class=\"elementor-widget-container\">\n\t\t\t\t\t<div class=\"elementor-text-editor elementor-clearfix\"><p>Contactez nos sp\u00e9cialistes locaux pour une estimation gratuite. Si possible, notre conseiller vient \u00e0 votre domicile ou en rendez-vous professionnel. Il vous remettra ensuite votre devis gratuit.<\/p><p><strong>A Saint-Pierre<\/strong><\/p><p><strong>4 chemin Joseph Lambriquet<\/strong><\/p><p><strong>97 410 Saint-Pierre<\/strong><\/p><p><strong>import@tessiot-demenagement.com<\/strong><\/p><\/div>\n\t\t\t\t<\/div>\n\t\t\t\t<\/div>\n\t\t\t\t<div class=\"elementor-element elementor-element-8fb8c5c elementor-align-center elementor-widget elementor-widget-button\" data-id=\"8fb8c5c\" data-element_type=\"widget\" data-widget_type=\"button.default\">\n\t\t\t\t<div class=\"elementor-widget-container\">\n\t\t\t\t\t<div class=\"elementor-button-wrapper\">\n\t\t\t<a href=\"http:\/\/www.tessiot-demenagement.com\/lareunion\/devis-demenagement-reunion\/\" class=\"elementor-button-link elementor-button elementor-size-lg\" role=\"button\">\n\t\t\t\t\t\t<span class=\"elementor-button-content-wrapper\">\n\t\t\t\t\t\t<span class=\"elementor-button-text\">Demandez votre devis gratuit<\/span>\n\t\t<\/span>\n\t\t\t\t\t<\/a>\n\t\t<\/div>\n\t\t\t\t<\/div>\n\t\t\t\t<\/div>\n\t\t\t\t\t\t<\/div>\n\t\t\t\t\t<\/div>\n\t\t<\/div>\n\t\t\t\t<div class=\"elementor-column elementor-col-50 elementor-top-column elementor-element elementor-element-088ed20\" data-id=\"088ed20\" data-element_type=\"column\">\n\t\t\t<div class=\"elementor-column-wrap elementor-element-populated\">\n\t\t\t\t\t\t\t<div class=\"elementor-widget-wrap\">\n\t\t\t\t\t\t<div class=\"elementor-element elementor-element-c6f572b elementor-widget elementor-widget-image\" data-id=\"c6f572b\" data-element_type=\"widget\" data-widget_type=\"image.default\">\n\t\t\t\t<div class=\"elementor-widget-container\">\n\t\t\t\t\t<div class=\"elementor-image\">\n\t\t\t\t\t\t\t<figure class=\"wp-caption\">\n\t\t\t\t\t\t\t\t\t\t<img width=\"225\" height=\"300\" src=\"http:\/\/www.tessiot-demenagement.com\/lareunion\/wp-content\/uploads\/2022\/02\/chargement-conteneur-mayotte-225x300.jpg\" class=\"attachment-medium size-medium\" alt=\"reserver un conteneur\" loading=\"lazy\" srcset=\"http:\/\/www.tessiot-demenagement.com\/lareunion\/wp-content\/uploads\/2022\/02\/chargement-conteneur-mayotte-225x300.jpg 225w, http:\/\/www.tessiot-demenagement.com\/lareunion\/wp-content\/uploads\/2022\/02\/chargement-conteneur-mayotte-768x1024.jpg 768w, http:\/\/www.tessiot-demenagement.com\/lareunion\/wp-content\/uploads\/2022\/02\/chargement-conteneur-mayotte-1152x1536.jpg 1152w, http:\/\/www.tessiot-demenagement.com\/lareunion\/wp-content\/uploads\/2022\/02\/chargement-conteneur-mayotte-1536x2048.jpg 1536w, http:\/\/www.tessiot-demenagement.com\/lareunion\/wp-content\/uploads\/2022\/02\/chargement-conteneur-mayotte-scaled.jpg 1920w\" sizes=\"(max-width: 225px) 100vw, 225px\" \/>\t\t\t\t\t\t\t\t\t\t\t<figcaption class=\"widget-image-caption wp-caption-text\">Contenu d'un conteneur de transport maritime.<\/figcaption>\n\t\t\t\t\t\t\t\t\t\t<\/figure>\n\t\t\t\t\t<\/div>\n\t\t\t\t<\/div>\n\t\t\t\t<\/div>\n\t\t\t\t\t\t<\/div>\n\t\t\t\t\t<\/div>\n\t\t<\/div>\n\t\t\t\t\t\t\t\t<\/div>\n\t\t\t\t\t<\/div>\n\t\t<\/section>\n\t\t\t\t\t\t<\/div>\n\t\t\t\t\t\t<\/div>\n\t\t\t\t\t<\/div>\n\t\t","protected":false},"excerpt":{"rendered":"<p>Votre conteneur de groupage. Tessiot D\u00e9m\u00e9nagements met \u00e0 votre disposition votre conteneur de groupage maritime. Cette solution de transport est<\/p>\n","protected":false},"author":1,"featured_media":0,"parent":0,"menu_order":0,"comment_status":"open","ping_status":"open","template":"","meta":{"spay_email":""},"yoast_head":"<!-- This site is optimized with the Yoast SEO plugin v15.8 - https:\/\/yoast.com\/wordpress\/plugins\/seo\/ -->\n<title>Conteneur de groupage - D\u00e9m\u00e9nagement A Tessiot<\/title>\n<meta name=\"description\" content=\"R\u00e9servez votre conteneur de groupage \u00e0 la R\u00e9union avec Tessiot D\u00e9m\u00e9nagements, sp\u00e9cialiste du transport en Outre-mer.\" \/>\n<meta name=\"robots\" content=\"index, follow, max-snippet:-1, max-image-preview:large, max-video-preview:-1\" \/>\n<link rel=\"canonical\" href=\"http:\/\/www.tessiot-demenagement.com\/lareunion\/conteneur-de-groupage\/\" \/>\n<meta property=\"og:locale\" content=\"fr_FR\" \/>\n<meta property=\"og:type\" content=\"article\" \/>\n<meta property=\"og:title\" content=\"Conteneur de groupage - D\u00e9m\u00e9nagement A Tessiot\" \/>\n<meta property=\"og:description\" content=\"R\u00e9servez votre conteneur de groupage \u00e0 la R\u00e9union avec Tessiot D\u00e9m\u00e9nagements, sp\u00e9cialiste du transport en Outre-mer.\" \/>\n<meta property=\"og:url\" content=\"http:\/\/www.tessiot-demenagement.com\/lareunion\/conteneur-de-groupage\/\" \/>\n<meta property=\"og:site_name\" content=\"D\u00e9m\u00e9nagement A Tessiot\" \/>\n<meta property=\"article:modified_time\" content=\"2022-02-25T10:34:06+00:00\" \/>\n<meta property=\"og:image\" content=\"http:\/\/www.tessiot-demenagement.com\/lareunion\/wp-content\/uploads\/2020\/09\/container-2685792_640.jpg\" \/>\n<meta name=\"twitter:label1\" content=\"Dur\u00e9e de lecture est.\">\n\t<meta name=\"twitter:data1\" content=\"2 minutes\">\n<script type=\"application\/ld+json\" class=\"yoast-schema-graph\">{\"@context\":\"https:\/\/schema.org\",\"@graph\":[{\"@type\":\"WebSite\",\"@id\":\"http:\/\/www.tessiot-demenagement.com\/lareunion\/#website\",\"url\":\"http:\/\/www.tessiot-demenagement.com\/lareunion\/\",\"name\":\"D\\u00e9m\\u00e9nagement A Tessiot\",\"description\":\"votre demenageur specialiste des transferts administratifs et industriels\",\"potentialAction\":[{\"@type\":\"SearchAction\",\"target\":\"http:\/\/www.tessiot-demenagement.com\/lareunion\/?s={search_term_string}\",\"query-input\":\"required name=search_term_string\"}],\"inLanguage\":\"fr-FR\"},{\"@type\":\"ImageObject\",\"@id\":\"http:\/\/www.tessiot-demenagement.com\/lareunion\/conteneur-de-groupage\/#primaryimage\",\"inLanguage\":\"fr-FR\",\"url\":\"http:\/\/www.tessiot-demenagement.com\/lareunion\/wp-content\/uploads\/2020\/09\/container-2685792_640.jpg\",\"width\":633,\"height\":640,\"caption\":\"Comment trouver un conteneur de groupage ?\"},{\"@type\":\"WebPage\",\"@id\":\"http:\/\/www.tessiot-demenagement.com\/lareunion\/conteneur-de-groupage\/#webpage\",\"url\":\"http:\/\/www.tessiot-demenagement.com\/lareunion\/conteneur-de-groupage\/\",\"name\":\"Conteneur de groupage - D\\u00e9m\\u00e9nagement A Tessiot\",\"isPartOf\":{\"@id\":\"http:\/\/www.tessiot-demenagement.com\/lareunion\/#website\"},\"primaryImageOfPage\":{\"@id\":\"http:\/\/www.tessiot-demenagement.com\/lareunion\/conteneur-de-groupage\/#primaryimage\"},\"datePublished\":\"2014-12-29T12:31:10+00:00\",\"dateModified\":\"2022-02-25T10:34:06+00:00\",\"description\":\"R\\u00e9servez votre conteneur de groupage \\u00e0 la R\\u00e9union avec Tessiot D\\u00e9m\\u00e9nagements, sp\\u00e9cialiste du transport en Outre-mer.\",\"breadcrumb\":{\"@id\":\"http:\/\/www.tessiot-demenagement.com\/lareunion\/conteneur-de-groupage\/#breadcrumb\"},\"inLanguage\":\"fr-FR\",\"potentialAction\":[{\"@type\":\"ReadAction\",\"target\":[\"http:\/\/www.tessiot-demenagement.com\/lareunion\/conteneur-de-groupage\/\"]}]},{\"@type\":\"BreadcrumbList\",\"@id\":\"http:\/\/www.tessiot-demenagement.com\/lareunion\/conteneur-de-groupage\/#breadcrumb\",\"itemListElement\":[{\"@type\":\"ListItem\",\"position\":1,\"item\":{\"@type\":\"WebPage\",\"@id\":\"http:\/\/www.tessiot-demenagement.com\/lareunion\/conteneur-de-groupage\/\",\"url\":\"http:\/\/www.tessiot-demenagement.com\/lareunion\/conteneur-de-groupage\/\",\"name\":\"Conteneur de groupage\"}}]}]}<\/script>\n<!-- \/ Yoast SEO plugin. -->","jetpack_sharing_enabled":true,"jetpack_shortlink":"https:\/\/wp.me\/P5eCLF-fe","_links":{"self":[{"href":"http:\/\/www.tessiot-demenagement.com\/lareunion\/wp-json\/wp\/v2\/pages\/944"}],"collection":[{"href":"http:\/\/www.tessiot-demenagement.com\/lareunion\/wp-json\/wp\/v2\/pages"}],"about":[{"href":"http:\/\/www.tessiot-demenagement.com\/lareunion\/wp-json\/wp\/v2\/types\/page"}],"author":[{"embeddable":true,"href":"http:\/\/www.tessiot-demenagement.com\/lareunion\/wp-json\/wp\/v2\/users\/1"}],"replies":[{"embeddable":true,"href":"http:\/\/www.tessiot-demenagement.com\/lareunion\/wp-json\/wp\/v2\/comments?post=944"}],"version-history":[{"count":24,"href":"http:\/\/www.tessiot-demenagement.com\/lareunion\/wp-json\/wp\/v2\/pages\/944\/revisions"}],"predecessor-version":[{"id":3103,"href":"http:\/\/www.tessiot-demenagement.com\/lareunion\/wp-json\/wp\/v2\/pages\/944\/revisions\/3103"}],"wp:attachment":[{"href":"http:\/\/www.tessiot-demenagement.com\/lareunion\/wp-json\/wp\/v2\/media?parent=944"}],"curies":[{"name":"wp","href":"https:\/\/api.w.org\/{rel}","templated":true}]}}