{"id":913,"date":"2015-01-08T06:59:59","date_gmt":"2015-01-08T06:59:59","guid":{"rendered":"http:\/\/www.tessiot-demenagement.com\/lareunion\/?page_id=913"},"modified":"2022-02-25T10:47:53","modified_gmt":"2022-02-25T10:47:53","slug":"transporter-votre-moto","status":"publish","type":"page","link":"http:\/\/www.tessiot-demenagement.com\/lareunion\/transporter-votre-moto\/","title":{"rendered":"Transporter votre moto."},"content":{"rendered":"\t\t<div data-elementor-type=\"wp-page\" data-elementor-id=\"913\" class=\"elementor elementor-913\" data-elementor-settings=\"[]\">\n\t\t\t\t\t\t<div class=\"elementor-inner\">\n\t\t\t\t\t\t\t<div class=\"elementor-section-wrap\">\n\t\t\t\t\t\t\t<section class=\"elementor-section elementor-top-section elementor-element elementor-element-651d058 elementor-section-boxed elementor-section-height-default elementor-section-height-default\" data-id=\"651d058\" data-element_type=\"section\">\n\t\t\t\t\t\t<div class=\"elementor-container elementor-column-gap-default\">\n\t\t\t\t\t\t\t<div class=\"elementor-row\">\n\t\t\t\t\t<div class=\"elementor-column elementor-col-100 elementor-top-column elementor-element elementor-element-33c9df7\" data-id=\"33c9df7\" data-element_type=\"column\">\n\t\t\t<div class=\"elementor-column-wrap elementor-element-populated\">\n\t\t\t\t\t\t\t<div class=\"elementor-widget-wrap\">\n\t\t\t\t\t\t<div class=\"elementor-element elementor-element-3ad514d elementor-widget elementor-widget-heading\" data-id=\"3ad514d\" data-element_type=\"widget\" data-widget_type=\"heading.default\">\n\t\t\t\t<div class=\"elementor-widget-container\">\n\t\t\t<h1 class=\"elementor-heading-title elementor-size-xl\">Transporter votre moto.<\/h1>\t\t<\/div>\n\t\t\t\t<\/div>\n\t\t\t\t\t\t<\/div>\n\t\t\t\t\t<\/div>\n\t\t<\/div>\n\t\t\t\t\t\t\t\t<\/div>\n\t\t\t\t\t<\/div>\n\t\t<\/section>\n\t\t\t\t<section class=\"elementor-section elementor-top-section elementor-element elementor-element-2a437e3 elementor-section-boxed elementor-section-height-default elementor-section-height-default\" data-id=\"2a437e3\" data-element_type=\"section\">\n\t\t\t\t\t\t<div class=\"elementor-container elementor-column-gap-default\">\n\t\t\t\t\t\t\t<div class=\"elementor-row\">\n\t\t\t\t\t<div class=\"elementor-column elementor-col-100 elementor-top-column elementor-element elementor-element-b652735\" data-id=\"b652735\" data-element_type=\"column\">\n\t\t\t<div class=\"elementor-column-wrap elementor-element-populated\">\n\t\t\t\t\t\t\t<div class=\"elementor-widget-wrap\">\n\t\t\t\t\t\t<div class=\"elementor-element elementor-element-d456ea9 elementor-widget elementor-widget-spacer\" data-id=\"d456ea9\" data-element_type=\"widget\" data-widget_type=\"spacer.default\">\n\t\t\t\t<div class=\"elementor-widget-container\">\n\t\t\t\t\t<div class=\"elementor-spacer\">\n\t\t\t<div class=\"elementor-spacer-inner\"><\/div>\n\t\t<\/div>\n\t\t\t\t<\/div>\n\t\t\t\t<\/div>\n\t\t\t\t\t\t<\/div>\n\t\t\t\t\t<\/div>\n\t\t<\/div>\n\t\t\t\t\t\t\t\t<\/div>\n\t\t\t\t\t<\/div>\n\t\t<\/section>\n\t\t\t\t<section class=\"elementor-section elementor-top-section elementor-element elementor-element-35110e7 elementor-section-boxed elementor-section-height-default elementor-section-height-default\" data-id=\"35110e7\" data-element_type=\"section\">\n\t\t\t\t\t\t<div class=\"elementor-container elementor-column-gap-default\">\n\t\t\t\t\t\t\t<div class=\"elementor-row\">\n\t\t\t\t\t<div class=\"elementor-column elementor-col-50 elementor-top-column elementor-element elementor-element-a89a4b4\" data-id=\"a89a4b4\" data-element_type=\"column\">\n\t\t\t<div class=\"elementor-column-wrap elementor-element-populated\">\n\t\t\t\t\t\t\t<div class=\"elementor-widget-wrap\">\n\t\t\t\t\t\t<div class=\"elementor-element elementor-element-6cbd131 elementor-widget elementor-widget-text-editor\" data-id=\"6cbd131\" data-element_type=\"widget\" data-widget_type=\"text-editor.default\">\n\t\t\t\t<div class=\"elementor-widget-container\">\n\t\t\t\t\t<div class=\"elementor-text-editor elementor-clearfix\"><p>Vous avez besoin de faire transporter votre moto \u00e0 La R\u00e9union ? Vous devez envoyer une grosse cylindr\u00e9e ou un Solex dans les DOM TOM ? Ou au contraire vous souhaitez transf\u00e9rer<strong>\u00a0votre deux roues vers la M\u00e9tropole<\/strong>\u00a0?<\/p><p>Faites confiance aux d\u00e9m\u00e9nageurs Tessiot pour transporter votre moto sans accrocs. Nous vous faisons b\u00e9n\u00e9ficier d\u2019une longue exp\u00e9rience dans le transport de v\u00e9hicule, notamment les deux roues. Notre \u00e9quipe est effectivement aguerrie dans le chargement et la mise sous protection de biens volumineux ou fragiles : <strong>statues, tableaux, marbres<\/strong>. Et ce vers tous les endroits du monde. Des <strong>mus\u00e9es et des industries<\/strong> nous font confiance pour le transfert de leurs collections ou leurs machines. Fort de ces <strong>152 ann\u00e9es d&#8217;exp\u00e9riences<\/strong>, Tessiot vous garantit l&#8217;arriv\u00e9e \u00e0 bon port et sans dommages de votre deux roues.<\/p><p>En <a href=\"http:\/\/www.tessiot-demenagement.com\/lareunion\/conteneur-de-groupage\/\">conteneur de groupage<\/a> ou en <a href=\"http:\/\/www.tessiot-demenagement.com\/lareunion\/conteneur-personnalise-la-reunion\/\">conteneur individuel<\/a>, vous avez le choix. Pour le mise en s\u00e9curit\u00e9 de votre deux roues, ce dernier sera solidement arrim\u00e9 dans le conteneur. Ou au besoin mis dans une <strong>caisse sur mesure<\/strong> (voir photo de droite).<\/p><p>Et pour ce qui est des d\u00e9marches administratives, Tessiot D\u00e9m\u00e9nagements s\u2019occupe de la <strong>r\u00e9servation du conteneur<\/strong> et des<strong> formalit\u00e9s douani\u00e8res<\/strong>.<\/p><p>Vous profitez ainsi des meilleurs tarifs pour votre transfert gr\u00e2ce \u00e0 notre r\u00e9seau \u00e9tendu de partenaires en M\u00e9tropole et dans les DOM TOM.<\/p><p><span style=\"font-family: 'Open Sans', serif; font-size: 15px; color: var( --e-global-color-27c501af );\">Demandez d\u00e8s \u00e0 pr\u00e9sent votre <\/span><strong style=\"font-family: 'Open Sans', serif; font-size: 15px; color: var( --e-global-color-27c501af );\">devis gratuit<\/strong><span style=\"font-family: 'Open Sans', serif; font-size: 15px; color: var( --e-global-color-27c501af );\"> pour transporter en toute<\/span><strong style=\"font-family: 'Open Sans', serif; font-size: 15px; color: var( --e-global-color-27c501af );\"> s\u00e9curit\u00e9<\/strong><span style=\"font-family: 'Open Sans', serif; font-size: 15px; color: var( --e-global-color-27c501af );\"> votre deux roues <\/span><strong style=\"font-family: 'Open Sans', serif; font-size: 15px; color: var( --e-global-color-27c501af );\">au meilleur prix.<\/strong><\/p><\/div>\n\t\t\t\t<\/div>\n\t\t\t\t<\/div>\n\t\t\t\t<div class=\"elementor-element elementor-element-674083f elementor-align-center elementor-widget elementor-widget-button\" data-id=\"674083f\" data-element_type=\"widget\" data-widget_type=\"button.default\">\n\t\t\t\t<div class=\"elementor-widget-container\">\n\t\t\t\t\t<div class=\"elementor-button-wrapper\">\n\t\t\t<a href=\"http:\/\/www.tessiot-demenagement.com\/lareunion\/devis-demenagement-reunion\/\" class=\"elementor-button-link elementor-button elementor-size-lg\" role=\"button\">\n\t\t\t\t\t\t<span class=\"elementor-button-content-wrapper\">\n\t\t\t\t\t\t<span class=\"elementor-button-text\">Demandez votre devis gratuit<\/span>\n\t\t<\/span>\n\t\t\t\t\t<\/a>\n\t\t<\/div>\n\t\t\t\t<\/div>\n\t\t\t\t<\/div>\n\t\t\t\t\t\t<\/div>\n\t\t\t\t\t<\/div>\n\t\t<\/div>\n\t\t\t\t<div class=\"elementor-column elementor-col-50 elementor-top-column elementor-element elementor-element-4b39e3a\" data-id=\"4b39e3a\" data-element_type=\"column\">\n\t\t\t<div class=\"elementor-column-wrap elementor-element-populated\">\n\t\t\t\t\t\t\t<div class=\"elementor-widget-wrap\">\n\t\t\t\t\t\t<div class=\"elementor-element elementor-element-c6e139c elementor-widget elementor-widget-image\" data-id=\"c6e139c\" data-element_type=\"widget\" data-widget_type=\"image.default\">\n\t\t\t\t<div class=\"elementor-widget-container\">\n\t\t\t\t\t<div class=\"elementor-image\">\n\t\t\t\t\t\t\t<figure class=\"wp-caption\">\n\t\t\t\t\t\t\t\t\t\t<img width=\"800\" height=\"716\" src=\"http:\/\/www.tessiot-demenagement.com\/lareunion\/wp-content\/uploads\/2020\/09\/chargement-moto-scaled-1024x917.jpg\" class=\"attachment-large size-large\" alt=\"transport de moto vers l&#039;outre-mer\" loading=\"lazy\" srcset=\"http:\/\/www.tessiot-demenagement.com\/lareunion\/wp-content\/uploads\/2020\/09\/chargement-moto-scaled-1024x917.jpg 1024w, http:\/\/www.tessiot-demenagement.com\/lareunion\/wp-content\/uploads\/2020\/09\/chargement-moto-scaled-300x269.jpg 300w, http:\/\/www.tessiot-demenagement.com\/lareunion\/wp-content\/uploads\/2020\/09\/chargement-moto-scaled-768x688.jpg 768w, http:\/\/www.tessiot-demenagement.com\/lareunion\/wp-content\/uploads\/2020\/09\/chargement-moto-scaled-1536x1376.jpg 1536w, http:\/\/www.tessiot-demenagement.com\/lareunion\/wp-content\/uploads\/2020\/09\/chargement-moto-scaled-2048x1834.jpg 2048w\" sizes=\"(max-width: 800px) 100vw, 800px\" \/>\t\t\t\t\t\t\t\t\t\t\t<figcaption class=\"widget-image-caption wp-caption-text\">Moto mise sous protection individuelle puis en caisse sur-mesure en bois, avant chargement dans un conteneur. <\/figcaption>\n\t\t\t\t\t\t\t\t\t\t<\/figure>\n\t\t\t\t\t<\/div>\n\t\t\t\t<\/div>\n\t\t\t\t<\/div>\n\t\t\t\t\t\t<\/div>\n\t\t\t\t\t<\/div>\n\t\t<\/div>\n\t\t\t\t\t\t\t\t<\/div>\n\t\t\t\t\t<\/div>\n\t\t<\/section>\n\t\t\t\t<section class=\"elementor-section elementor-top-section elementor-element elementor-element-3634b19 elementor-section-boxed elementor-section-height-default elementor-section-height-default\" data-id=\"3634b19\" data-element_type=\"section\">\n\t\t\t\t\t\t<div class=\"elementor-container elementor-column-gap-default\">\n\t\t\t\t\t\t\t<div class=\"elementor-row\">\n\t\t\t\t\t<div class=\"elementor-column elementor-col-100 elementor-top-column elementor-element elementor-element-5a61cc2\" data-id=\"5a61cc2\" data-element_type=\"column\">\n\t\t\t<div class=\"elementor-column-wrap elementor-element-populated\">\n\t\t\t\t\t\t\t<div class=\"elementor-widget-wrap\">\n\t\t\t\t\t\t<div class=\"elementor-element elementor-element-b38cc7b elementor-widget elementor-widget-spacer\" data-id=\"b38cc7b\" data-element_type=\"widget\" data-widget_type=\"spacer.default\">\n\t\t\t\t<div class=\"elementor-widget-container\">\n\t\t\t\t\t<div class=\"elementor-spacer\">\n\t\t\t<div class=\"elementor-spacer-inner\"><\/div>\n\t\t<\/div>\n\t\t\t\t<\/div>\n\t\t\t\t<\/div>\n\t\t\t\t\t\t<\/div>\n\t\t\t\t\t<\/div>\n\t\t<\/div>\n\t\t\t\t\t\t\t\t<\/div>\n\t\t\t\t\t<\/div>\n\t\t<\/section>\n\t\t\t\t<section class=\"elementor-section elementor-top-section elementor-element elementor-element-a3a3690 elementor-section-boxed elementor-section-height-default elementor-section-height-default\" data-id=\"a3a3690\" data-element_type=\"section\">\n\t\t\t\t\t\t<div class=\"elementor-container elementor-column-gap-default\">\n\t\t\t\t\t\t\t<div class=\"elementor-row\">\n\t\t\t\t\t<div class=\"elementor-column elementor-col-100 elementor-top-column elementor-element elementor-element-96ae52c\" data-id=\"96ae52c\" data-element_type=\"column\">\n\t\t\t<div class=\"elementor-column-wrap elementor-element-populated\">\n\t\t\t\t\t\t\t<div class=\"elementor-widget-wrap\">\n\t\t\t\t\t\t<div class=\"elementor-element elementor-element-b1d6590 elementor-widget elementor-widget-heading\" data-id=\"b1d6590\" data-element_type=\"widget\" data-widget_type=\"heading.default\">\n\t\t\t\t<div class=\"elementor-widget-container\">\n\t\t\t<h2 class=\"elementor-heading-title elementor-size-large\">Tessiot D\u00e9m\u00e9nagements, sp\u00e9cialiste du transport entre la M\u00e9tropole et La R\u00e9union.<\/h2>\t\t<\/div>\n\t\t\t\t<\/div>\n\t\t\t\t\t\t<\/div>\n\t\t\t\t\t<\/div>\n\t\t<\/div>\n\t\t\t\t\t\t\t\t<\/div>\n\t\t\t\t\t<\/div>\n\t\t<\/section>\n\t\t\t\t<section class=\"elementor-section elementor-top-section elementor-element elementor-element-8752854 elementor-section-boxed elementor-section-height-default elementor-section-height-default\" data-id=\"8752854\" data-element_type=\"section\">\n\t\t\t\t\t\t<div class=\"elementor-container elementor-column-gap-default\">\n\t\t\t\t\t\t\t<div class=\"elementor-row\">\n\t\t\t\t\t<div class=\"elementor-column elementor-col-100 elementor-top-column elementor-element elementor-element-0382f86\" data-id=\"0382f86\" data-element_type=\"column\">\n\t\t\t<div class=\"elementor-column-wrap elementor-element-populated\">\n\t\t\t\t\t\t\t<div class=\"elementor-widget-wrap\">\n\t\t\t\t\t\t<div class=\"elementor-element elementor-element-df3692b elementor-widget elementor-widget-text-editor\" data-id=\"df3692b\" data-element_type=\"widget\" data-widget_type=\"text-editor.default\">\n\t\t\t\t<div class=\"elementor-widget-container\">\n\t\t\t\t\t<div class=\"elementor-text-editor elementor-clearfix\"><p>Install\u00e9 depuis 1995 \u00e0 Saint-Pierre, l&#8217;agence Tessiot D\u00e9m\u00e9nagements La R\u00e9union vous permet de b\u00e9n\u00e9ficier d&#8217;un appui local pour votre transport.<\/p><\/div>\n\t\t\t\t<\/div>\n\t\t\t\t<\/div>\n\t\t\t\t\t\t<\/div>\n\t\t\t\t\t<\/div>\n\t\t<\/div>\n\t\t\t\t\t\t\t\t<\/div>\n\t\t\t\t\t<\/div>\n\t\t<\/section>\n\t\t\t\t<section class=\"elementor-section elementor-top-section elementor-element elementor-element-e08c457 elementor-section-boxed elementor-section-height-default elementor-section-height-default\" data-id=\"e08c457\" data-element_type=\"section\">\n\t\t\t\t\t\t<div class=\"elementor-container elementor-column-gap-default\">\n\t\t\t\t\t\t\t<div class=\"elementor-row\">\n\t\t\t\t\t<div class=\"elementor-column elementor-col-100 elementor-top-column elementor-element elementor-element-a703862\" data-id=\"a703862\" data-element_type=\"column\">\n\t\t\t<div class=\"elementor-column-wrap elementor-element-populated\">\n\t\t\t\t\t\t\t<div class=\"elementor-widget-wrap\">\n\t\t\t\t\t\t<div class=\"elementor-element elementor-element-13adc5f elementor-widget elementor-widget-text-editor\" data-id=\"13adc5f\" data-element_type=\"widget\" data-widget_type=\"text-editor.default\">\n\t\t\t\t<div class=\"elementor-widget-container\">\n\t\t\t\t\t<div class=\"elementor-text-editor elementor-clearfix\"><p><strong>A Saint-Pierre<\/strong><\/p>\n<p><strong>4 chemin Joseph Lambriquet<\/strong><\/p>\n<p><strong>97 410 Saint-Pierre<\/strong><\/p><p><strong style=\"font-family: &quot;Open Sans&quot;, serif; font-size: 15px; color: var( --e-global-color-27c501af );\">import@tessiot-demenagement.com<\/strong><\/p><\/div>\n\t\t\t\t<\/div>\n\t\t\t\t<\/div>\n\t\t\t\t\t\t<\/div>\n\t\t\t\t\t<\/div>\n\t\t<\/div>\n\t\t\t\t\t\t\t\t<\/div>\n\t\t\t\t\t<\/div>\n\t\t<\/section>\n\t\t\t\t\t\t<\/div>\n\t\t\t\t\t\t<\/div>\n\t\t\t\t\t<\/div>\n\t\t","protected":false},"excerpt":{"rendered":"<p>Transporter votre moto. Vous avez besoin de faire transporter votre moto \u00e0 La R\u00e9union ? Vous devez envoyer une grosse<\/p>\n","protected":false},"author":1,"featured_media":0,"parent":0,"menu_order":0,"comment_status":"open","ping_status":"open","template":"","meta":{"spay_email":""},"yoast_head":"<!-- This site is optimized with the Yoast SEO plugin v15.8 - https:\/\/yoast.com\/wordpress\/plugins\/seo\/ -->\n<title>Transporter votre moto. - D\u00e9m\u00e9nagement A Tessiot<\/title>\n<meta name=\"description\" content=\"Transporter votre moto. Vous avez besoin de faire transporter votre moto \u00e0 La R\u00e9union ? Vous devez envoyer une grosse cylindr\u00e9e ou un Solex dans les DOM Vous avez besoin de transporter votre moto \u00e0 La R\u00e9union ? Demandez votre devis gratuit.\" \/>\n<meta name=\"robots\" content=\"index, follow, max-snippet:-1, max-image-preview:large, max-video-preview:-1\" \/>\n<link rel=\"canonical\" href=\"http:\/\/www.tessiot-demenagement.com\/lareunion\/transporter-votre-moto\/\" \/>\n<meta property=\"og:locale\" content=\"fr_FR\" \/>\n<meta property=\"og:type\" content=\"article\" \/>\n<meta property=\"og:title\" content=\"Transporter votre moto. - D\u00e9m\u00e9nagement A Tessiot\" \/>\n<meta property=\"og:description\" content=\"Transporter votre moto. Vous avez besoin de faire transporter votre moto \u00e0 La R\u00e9union ? Vous devez envoyer une grosse cylindr\u00e9e ou un Solex dans les DOM Vous avez besoin de transporter votre moto \u00e0 La R\u00e9union ? Demandez votre devis gratuit.\" \/>\n<meta property=\"og:url\" content=\"http:\/\/www.tessiot-demenagement.com\/lareunion\/transporter-votre-moto\/\" \/>\n<meta property=\"og:site_name\" content=\"D\u00e9m\u00e9nagement A Tessiot\" \/>\n<meta property=\"article:modified_time\" content=\"2022-02-25T10:47:53+00:00\" \/>\n<meta property=\"og:image\" content=\"http:\/\/www.tessiot-demenagement.com\/lareunion\/wp-content\/uploads\/2020\/09\/chargement-moto-scaled-1024x917.jpg\" \/>\n<meta name=\"twitter:label1\" content=\"Dur\u00e9e de lecture est.\">\n\t<meta name=\"twitter:data1\" content=\"2 minutes\">\n<script type=\"application\/ld+json\" class=\"yoast-schema-graph\">{\"@context\":\"https:\/\/schema.org\",\"@graph\":[{\"@type\":\"WebSite\",\"@id\":\"http:\/\/www.tessiot-demenagement.com\/lareunion\/#website\",\"url\":\"http:\/\/www.tessiot-demenagement.com\/lareunion\/\",\"name\":\"D\\u00e9m\\u00e9nagement A Tessiot\",\"description\":\"votre demenageur specialiste des transferts administratifs et industriels\",\"potentialAction\":[{\"@type\":\"SearchAction\",\"target\":\"http:\/\/www.tessiot-demenagement.com\/lareunion\/?s={search_term_string}\",\"query-input\":\"required name=search_term_string\"}],\"inLanguage\":\"fr-FR\"},{\"@type\":\"ImageObject\",\"@id\":\"http:\/\/www.tessiot-demenagement.com\/lareunion\/transporter-votre-moto\/#primaryimage\",\"inLanguage\":\"fr-FR\",\"url\":\"http:\/\/www.tessiot-demenagement.com\/lareunion\/wp-content\/uploads\/2020\/09\/chargement-moto-scaled.jpg\",\"width\":2560,\"height\":2293,\"caption\":\"transport de moto vers l'outre-mer\"},{\"@type\":\"WebPage\",\"@id\":\"http:\/\/www.tessiot-demenagement.com\/lareunion\/transporter-votre-moto\/#webpage\",\"url\":\"http:\/\/www.tessiot-demenagement.com\/lareunion\/transporter-votre-moto\/\",\"name\":\"Transporter votre moto. - D\\u00e9m\\u00e9nagement A Tessiot\",\"isPartOf\":{\"@id\":\"http:\/\/www.tessiot-demenagement.com\/lareunion\/#website\"},\"primaryImageOfPage\":{\"@id\":\"http:\/\/www.tessiot-demenagement.com\/lareunion\/transporter-votre-moto\/#primaryimage\"},\"datePublished\":\"2015-01-08T06:59:59+00:00\",\"dateModified\":\"2022-02-25T10:47:53+00:00\",\"description\":\"Transporter votre moto. Vous avez besoin de faire transporter votre moto \\u00e0 La R\\u00e9union ? Vous devez envoyer une grosse cylindr\\u00e9e ou un Solex dans les DOM Vous avez besoin de transporter votre moto \\u00e0 La R\\u00e9union ? Demandez votre devis gratuit.\",\"breadcrumb\":{\"@id\":\"http:\/\/www.tessiot-demenagement.com\/lareunion\/transporter-votre-moto\/#breadcrumb\"},\"inLanguage\":\"fr-FR\",\"potentialAction\":[{\"@type\":\"ReadAction\",\"target\":[\"http:\/\/www.tessiot-demenagement.com\/lareunion\/transporter-votre-moto\/\"]}]},{\"@type\":\"BreadcrumbList\",\"@id\":\"http:\/\/www.tessiot-demenagement.com\/lareunion\/transporter-votre-moto\/#breadcrumb\",\"itemListElement\":[{\"@type\":\"ListItem\",\"position\":1,\"item\":{\"@type\":\"WebPage\",\"@id\":\"http:\/\/www.tessiot-demenagement.com\/lareunion\/transporter-votre-moto\/\",\"url\":\"http:\/\/www.tessiot-demenagement.com\/lareunion\/transporter-votre-moto\/\",\"name\":\"Transporter votre moto.\"}}]}]}<\/script>\n<!-- \/ Yoast SEO plugin. -->","jetpack_sharing_enabled":true,"jetpack_shortlink":"https:\/\/wp.me\/P5eCLF-eJ","_links":{"self":[{"href":"http:\/\/www.tessiot-demenagement.com\/lareunion\/wp-json\/wp\/v2\/pages\/913"}],"collection":[{"href":"http:\/\/www.tessiot-demenagement.com\/lareunion\/wp-json\/wp\/v2\/pages"}],"about":[{"href":"http:\/\/www.tessiot-demenagement.com\/lareunion\/wp-json\/wp\/v2\/types\/page"}],"author":[{"embeddable":true,"href":"http:\/\/www.tessiot-demenagement.com\/lareunion\/wp-json\/wp\/v2\/users\/1"}],"replies":[{"embeddable":true,"href":"http:\/\/www.tessiot-demenagement.com\/lareunion\/wp-json\/wp\/v2\/comments?post=913"}],"version-history":[{"count":36,"href":"http:\/\/www.tessiot-demenagement.com\/lareunion\/wp-json\/wp\/v2\/pages\/913\/revisions"}],"predecessor-version":[{"id":3111,"href":"http:\/\/www.tessiot-demenagement.com\/lareunion\/wp-json\/wp\/v2\/pages\/913\/revisions\/3111"}],"wp:attachment":[{"href":"http:\/\/www.tessiot-demenagement.com\/lareunion\/wp-json\/wp\/v2\/media?parent=913"}],"curies":[{"name":"wp","href":"https:\/\/api.w.org\/{rel}","templated":true}]}}