{"id":901,"date":"2014-12-24T06:38:06","date_gmt":"2014-12-24T06:38:06","guid":{"rendered":"http:\/\/www.tessiot-demenagement.com\/lareunion\/?page_id=901"},"modified":"2020-10-28T13:54:24","modified_gmt":"2020-10-28T13:54:24","slug":"transporter-votre-voiture-de-et-vers-la-reunion","status":"publish","type":"page","link":"http:\/\/www.tessiot-demenagement.com\/lareunion\/transporter-votre-voiture-de-et-vers-la-reunion\/","title":{"rendered":"Transporter votre voiture de et vers La R\u00e9union"},"content":{"rendered":"\t\t<div data-elementor-type=\"wp-page\" data-elementor-id=\"901\" class=\"elementor elementor-901\" data-elementor-settings=\"[]\">\n\t\t\t\t\t\t<div class=\"elementor-inner\">\n\t\t\t\t\t\t\t<div class=\"elementor-section-wrap\">\n\t\t\t\t\t\t\t<section class=\"elementor-section elementor-top-section elementor-element elementor-element-b4a0b2d elementor-section-boxed elementor-section-height-default elementor-section-height-default\" data-id=\"b4a0b2d\" data-element_type=\"section\">\n\t\t\t\t\t\t<div class=\"elementor-container elementor-column-gap-default\">\n\t\t\t\t\t\t\t<div class=\"elementor-row\">\n\t\t\t\t\t<div class=\"elementor-column elementor-col-100 elementor-top-column elementor-element elementor-element-eaeaf36\" data-id=\"eaeaf36\" data-element_type=\"column\">\n\t\t\t<div class=\"elementor-column-wrap elementor-element-populated\">\n\t\t\t\t\t\t\t<div class=\"elementor-widget-wrap\">\n\t\t\t\t\t\t<div class=\"elementor-element elementor-element-488a442 elementor-widget elementor-widget-heading\" data-id=\"488a442\" data-element_type=\"widget\" data-widget_type=\"heading.default\">\n\t\t\t\t<div class=\"elementor-widget-container\">\n\t\t\t<h1 class=\"elementor-heading-title elementor-size-xl\">Transporter votre voiture de ou vers La R\u00e9union.<\/h1>\t\t<\/div>\n\t\t\t\t<\/div>\n\t\t\t\t\t\t<\/div>\n\t\t\t\t\t<\/div>\n\t\t<\/div>\n\t\t\t\t\t\t\t\t<\/div>\n\t\t\t\t\t<\/div>\n\t\t<\/section>\n\t\t\t\t<section class=\"elementor-section elementor-top-section elementor-element elementor-element-043d1df elementor-section-boxed elementor-section-height-default elementor-section-height-default\" data-id=\"043d1df\" data-element_type=\"section\">\n\t\t\t\t\t\t<div class=\"elementor-container elementor-column-gap-default\">\n\t\t\t\t\t\t\t<div class=\"elementor-row\">\n\t\t\t\t\t<div class=\"elementor-column elementor-col-100 elementor-top-column elementor-element elementor-element-0518aa8\" data-id=\"0518aa8\" data-element_type=\"column\">\n\t\t\t<div class=\"elementor-column-wrap elementor-element-populated\">\n\t\t\t\t\t\t\t<div class=\"elementor-widget-wrap\">\n\t\t\t\t\t\t<div class=\"elementor-element elementor-element-0181100 elementor-widget elementor-widget-spacer\" data-id=\"0181100\" data-element_type=\"widget\" data-widget_type=\"spacer.default\">\n\t\t\t\t<div class=\"elementor-widget-container\">\n\t\t\t\t\t<div class=\"elementor-spacer\">\n\t\t\t<div class=\"elementor-spacer-inner\"><\/div>\n\t\t<\/div>\n\t\t\t\t<\/div>\n\t\t\t\t<\/div>\n\t\t\t\t\t\t<\/div>\n\t\t\t\t\t<\/div>\n\t\t<\/div>\n\t\t\t\t\t\t\t\t<\/div>\n\t\t\t\t\t<\/div>\n\t\t<\/section>\n\t\t\t\t<section class=\"elementor-section elementor-top-section elementor-element elementor-element-82428f0 elementor-section-boxed elementor-section-height-default elementor-section-height-default\" data-id=\"82428f0\" data-element_type=\"section\">\n\t\t\t\t\t\t<div class=\"elementor-container elementor-column-gap-default\">\n\t\t\t\t\t\t\t<div class=\"elementor-row\">\n\t\t\t\t\t<div class=\"elementor-column elementor-col-100 elementor-top-column elementor-element elementor-element-b3a0ac6\" data-id=\"b3a0ac6\" data-element_type=\"column\">\n\t\t\t<div class=\"elementor-column-wrap elementor-element-populated\">\n\t\t\t\t\t\t\t<div class=\"elementor-widget-wrap\">\n\t\t\t\t\t\t<div class=\"elementor-element elementor-element-8d2b477 elementor-widget elementor-widget-text-editor\" data-id=\"8d2b477\" data-element_type=\"widget\" data-widget_type=\"text-editor.default\">\n\t\t\t\t<div class=\"elementor-widget-container\">\n\t\t\t\t\t<div class=\"elementor-text-editor elementor-clearfix\"><p>Vous souhaitez transporter votre <strong>voiture de ou vers l&#8217;\u00eele de La R\u00e9union<\/strong> ? Tessiot d\u00e9m\u00e9nagements vous propose la solution la plus adapt\u00e9e \u00e0 vos besoins et \u00e0 votre budget.<\/p><p>Vous changez de r\u00e9sidence ou vous \u00eates mut\u00e9 ? Ou vous souhaitez acqu\u00e9rir un v\u00e9hicule neuf, d&#8217;occasion ou de collection et le faire parvenir en toute s\u00e9curit\u00e9 ? Nous nous chargerons de toute la <strong>proc\u00e9dure administrative<\/strong> afin de vous simplifier\u00a0vos d\u00e9marches.<\/p><p>En fait trois solutions existent pour envoyer votre v\u00e9hicule \u00e0 La R\u00e9union ou en M\u00e9tropole.\u00a0<\/p><ul><li>en <strong>navire Ro-Ro<\/strong> (uniquement dans le sens m\u00e9tropole &#8211; R\u00e9union),\u00a0<\/li><li>dans un\u00a0<strong>conteneur de groupage\u00a0<\/strong><\/li><li>ou en<strong> conteneur personnalis\u00e9<\/strong>.\u00a0<\/li><\/ul><p>Cependant, un certain nombre de documents vous seront demand\u00e9s. Si besoin, vous avez la liste des documents \u00e0 fournir en <a href=\"https:\/\/www.tessiot-demenagement.com\/fr\/quels-documents-pour-demenager-dans-les-dom-tom\/\">cliquant ici<\/a><span style=\"color: var( --e-global-color-27c501af ); font-family: 'Open Sans', serif; font-size: 15px;\">.<\/span><\/p><p>En outre, s&#8217;il s&#8217;agit d&#8217;un changement de r\u00e9sidence, vous serez exempt\u00e9 de droits de douane et de taxe.\u00a0<\/p><\/div>\n\t\t\t\t<\/div>\n\t\t\t\t<\/div>\n\t\t\t\t\t\t<\/div>\n\t\t\t\t\t<\/div>\n\t\t<\/div>\n\t\t\t\t\t\t\t\t<\/div>\n\t\t\t\t\t<\/div>\n\t\t<\/section>\n\t\t\t\t<section class=\"elementor-section elementor-top-section elementor-element elementor-element-032a2c5 elementor-section-boxed elementor-section-height-default elementor-section-height-default\" data-id=\"032a2c5\" data-element_type=\"section\">\n\t\t\t\t\t\t<div class=\"elementor-container elementor-column-gap-default\">\n\t\t\t\t\t\t\t<div class=\"elementor-row\">\n\t\t\t\t\t<div class=\"elementor-column elementor-col-100 elementor-top-column elementor-element elementor-element-67d0259\" data-id=\"67d0259\" data-element_type=\"column\">\n\t\t\t<div class=\"elementor-column-wrap elementor-element-populated\">\n\t\t\t\t\t\t\t<div class=\"elementor-widget-wrap\">\n\t\t\t\t\t\t<div class=\"elementor-element elementor-element-e4924d0 elementor-widget elementor-widget-heading\" data-id=\"e4924d0\" data-element_type=\"widget\" data-widget_type=\"heading.default\">\n\t\t\t\t<div class=\"elementor-widget-container\">\n\t\t\t<h2 class=\"elementor-heading-title elementor-size-large\"><h2>Le transport de voiture par navire roulier (RORO)<\/h2><\/h2>\t\t<\/div>\n\t\t\t\t<\/div>\n\t\t\t\t\t\t<\/div>\n\t\t\t\t\t<\/div>\n\t\t<\/div>\n\t\t\t\t\t\t\t\t<\/div>\n\t\t\t\t\t<\/div>\n\t\t<\/section>\n\t\t\t\t<section class=\"elementor-section elementor-top-section elementor-element elementor-element-2242634 elementor-section-boxed elementor-section-height-default elementor-section-height-default\" data-id=\"2242634\" data-element_type=\"section\">\n\t\t\t\t\t\t<div class=\"elementor-container elementor-column-gap-default\">\n\t\t\t\t\t\t\t<div class=\"elementor-row\">\n\t\t\t\t\t<div class=\"elementor-column elementor-col-50 elementor-top-column elementor-element elementor-element-5ed2f53\" data-id=\"5ed2f53\" data-element_type=\"column\">\n\t\t\t<div class=\"elementor-column-wrap elementor-element-populated\">\n\t\t\t\t\t\t\t<div class=\"elementor-widget-wrap\">\n\t\t\t\t\t\t<div class=\"elementor-element elementor-element-902c82c elementor-widget elementor-widget-text-editor\" data-id=\"902c82c\" data-element_type=\"widget\" data-widget_type=\"text-editor.default\">\n\t\t\t\t<div class=\"elementor-widget-container\">\n\t\t\t\t\t<div class=\"elementor-text-editor elementor-clearfix\"><p><strong>En fait, le navire RORO<\/strong> fonctionne sur le m\u00eame principe qu&#8217;un Ferry. En effet, les v\u00e9hicules sont charg\u00e9s directement sur la <strong>plateforme du navire<\/strong> via une rampe d&#8217;acc\u00e8s, puis sont arrim\u00e9s.<\/p><p>Et ce type de transport a l&#8217;avantage d&#8217;\u00eatre <strong>simple et \u00e9conomique<\/strong>. En revanche, pour des questions de s\u00e9curit\u00e9, il n&#8217;est pas possible de charger le v\u00e9hicule d&#8217;effets personnels. Aussi votre voiture sera plut\u00f4t envoy\u00e9e en groupage vous souhaitez transf\u00e9rer vos effets.<\/p><p>Le transport de v\u00e9hicule en Ro-Ro se fait <strong>uniquement dans un sens<\/strong> : depuis le port du Havre vers le port de la Pointe des Gallets \u00e0 La R\u00e9union.\u00a0<\/p><p>Enfin si vous n&#8217;avez pas la possibilit\u00e9 de d\u00e9poser votre v\u00e9hicule au Havre, nous nous chargerons de venir le chercher chez vous.<\/p><\/div>\n\t\t\t\t<\/div>\n\t\t\t\t<\/div>\n\t\t\t\t\t\t<\/div>\n\t\t\t\t\t<\/div>\n\t\t<\/div>\n\t\t\t\t<div class=\"elementor-column elementor-col-50 elementor-top-column elementor-element elementor-element-ac5d0fa\" data-id=\"ac5d0fa\" data-element_type=\"column\">\n\t\t\t<div class=\"elementor-column-wrap elementor-element-populated\">\n\t\t\t\t\t\t\t<div class=\"elementor-widget-wrap\">\n\t\t\t\t\t\t<div class=\"elementor-element elementor-element-97a3508 elementor-widget elementor-widget-image\" data-id=\"97a3508\" data-element_type=\"widget\" data-widget_type=\"image.default\">\n\t\t\t\t<div class=\"elementor-widget-container\">\n\t\t\t\t\t<div class=\"elementor-image\">\n\t\t\t\t\t\t\t\t\t\t<img width=\"800\" height=\"533\" src=\"http:\/\/www.tessiot-demenagement.com\/lareunion\/wp-content\/uploads\/2020\/09\/ship-286762_1280-1024x682.jpg\" class=\"attachment-large size-large\" alt=\"envoyer une voiture \u00e0 la r\u00e9union ou en M\u00e9tropole\" loading=\"lazy\" srcset=\"http:\/\/www.tessiot-demenagement.com\/lareunion\/wp-content\/uploads\/2020\/09\/ship-286762_1280-1024x682.jpg 1024w, http:\/\/www.tessiot-demenagement.com\/lareunion\/wp-content\/uploads\/2020\/09\/ship-286762_1280-300x200.jpg 300w, http:\/\/www.tessiot-demenagement.com\/lareunion\/wp-content\/uploads\/2020\/09\/ship-286762_1280-768x512.jpg 768w, http:\/\/www.tessiot-demenagement.com\/lareunion\/wp-content\/uploads\/2020\/09\/ship-286762_1280.jpg 1280w\" sizes=\"(max-width: 800px) 100vw, 800px\" \/>\t\t\t\t\t\t\t\t\t\t\t<\/div>\n\t\t\t\t<\/div>\n\t\t\t\t<\/div>\n\t\t\t\t\t\t<\/div>\n\t\t\t\t\t<\/div>\n\t\t<\/div>\n\t\t\t\t\t\t\t\t<\/div>\n\t\t\t\t\t<\/div>\n\t\t<\/section>\n\t\t\t\t<section class=\"elementor-section elementor-top-section elementor-element elementor-element-29da6d0 elementor-section-boxed elementor-section-height-default elementor-section-height-default\" data-id=\"29da6d0\" data-element_type=\"section\">\n\t\t\t\t\t\t<div class=\"elementor-container elementor-column-gap-default\">\n\t\t\t\t\t\t\t<div class=\"elementor-row\">\n\t\t\t\t\t<div class=\"elementor-column elementor-col-100 elementor-top-column elementor-element elementor-element-4f7c517\" data-id=\"4f7c517\" data-element_type=\"column\">\n\t\t\t<div class=\"elementor-column-wrap elementor-element-populated\">\n\t\t\t\t\t\t\t<div class=\"elementor-widget-wrap\">\n\t\t\t\t\t\t<div class=\"elementor-element elementor-element-cc46095 elementor-widget elementor-widget-heading\" data-id=\"cc46095\" data-element_type=\"widget\" data-widget_type=\"heading.default\">\n\t\t\t\t<div class=\"elementor-widget-container\">\n\t\t\t<h3 class=\"elementor-heading-title elementor-size-large\"><h2>Le transport de voiture en conteneur de groupage<\/h2><\/h3>\t\t<\/div>\n\t\t\t\t<\/div>\n\t\t\t\t\t\t<\/div>\n\t\t\t\t\t<\/div>\n\t\t<\/div>\n\t\t\t\t\t\t\t\t<\/div>\n\t\t\t\t\t<\/div>\n\t\t<\/section>\n\t\t\t\t<section class=\"elementor-section elementor-top-section elementor-element elementor-element-c6d8b28 elementor-section-boxed elementor-section-height-default elementor-section-height-default\" data-id=\"c6d8b28\" data-element_type=\"section\">\n\t\t\t\t\t\t<div class=\"elementor-container elementor-column-gap-default\">\n\t\t\t\t\t\t\t<div class=\"elementor-row\">\n\t\t\t\t\t<div class=\"elementor-column elementor-col-50 elementor-top-column elementor-element elementor-element-df8eada\" data-id=\"df8eada\" data-element_type=\"column\">\n\t\t\t<div class=\"elementor-column-wrap elementor-element-populated\">\n\t\t\t\t\t\t\t<div class=\"elementor-widget-wrap\">\n\t\t\t\t\t\t<div class=\"elementor-element elementor-element-79738c3 elementor-widget elementor-widget-text-editor\" data-id=\"79738c3\" data-element_type=\"widget\" data-widget_type=\"text-editor.default\">\n\t\t\t\t<div class=\"elementor-widget-container\">\n\t\t\t\t\t<div class=\"elementor-text-editor elementor-clearfix\"><p>Le <a href=\"http:\/\/www.tessiot-demenagement.com\/lareunion\/conteneur-de-groupage\/\">conteneur de groupage<\/a> est un conteneur dans lequel nous avons<strong> r\u00e9unis plusieurs clients<\/strong>. Etant sp\u00e9cialis\u00e9 sur le transport entre la R\u00e9union et la M\u00e9tropole, nous proposons des <strong>d\u00e9parts r\u00e9guliers<\/strong> entre les DOM TOM et le continent.<\/p><p>En fait, l&#8217;avantage de transporter votre voiture en conteneur r\u00e9side dans la possibilit\u00e9 de <strong>charger vos effets personnels \u00e0 l&#8217;int\u00e9rieur du v\u00e9hicule, sans surco\u00fbt<\/strong>.<\/p><p>Par exemple, vous nous d\u00e9posez votre v\u00e9hicule \u00e0 notre d\u00e9p\u00f4t le plus proche (Marseille, Le Havre, Paris, Bourges ou Limoges) ainsi que les documents demand\u00e9s. En outre, pensez \u00e0 laisser votre r\u00e9servoir d&#8217;essence en r\u00e9serve, \u00e0 d\u00e9brancher la batterie et nous laisser les cl\u00e9s et la carte grise originale.<\/p><\/div>\n\t\t\t\t<\/div>\n\t\t\t\t<\/div>\n\t\t\t\t\t\t<\/div>\n\t\t\t\t\t<\/div>\n\t\t<\/div>\n\t\t\t\t<div class=\"elementor-column elementor-col-50 elementor-top-column elementor-element elementor-element-bbc5514\" data-id=\"bbc5514\" data-element_type=\"column\">\n\t\t\t<div class=\"elementor-column-wrap elementor-element-populated\">\n\t\t\t\t\t\t\t<div class=\"elementor-widget-wrap\">\n\t\t\t\t\t\t<div class=\"elementor-element elementor-element-49bd62b elementor-widget elementor-widget-image\" data-id=\"49bd62b\" data-element_type=\"widget\" data-widget_type=\"image.default\">\n\t\t\t\t<div class=\"elementor-widget-container\">\n\t\t\t\t\t<div class=\"elementor-image\">\n\t\t\t\t\t\t\t\t\t\t<img width=\"294\" height=\"163\" src=\"http:\/\/www.tessiot-demenagement.com\/lareunion\/wp-content\/uploads\/2015\/12\/vl-groupage.png\" class=\"attachment-medium size-medium\" alt=\"transportez votre voiture dans les dom tom et en m\u00e9tropole.\" loading=\"lazy\" \/>\t\t\t\t\t\t\t\t\t\t\t<\/div>\n\t\t\t\t<\/div>\n\t\t\t\t<\/div>\n\t\t\t\t\t\t<\/div>\n\t\t\t\t\t<\/div>\n\t\t<\/div>\n\t\t\t\t\t\t\t\t<\/div>\n\t\t\t\t\t<\/div>\n\t\t<\/section>\n\t\t\t\t<section class=\"elementor-section elementor-top-section elementor-element elementor-element-ccc5a9d elementor-section-boxed elementor-section-height-default elementor-section-height-default\" data-id=\"ccc5a9d\" data-element_type=\"section\">\n\t\t\t\t\t\t<div class=\"elementor-container elementor-column-gap-default\">\n\t\t\t\t\t\t\t<div class=\"elementor-row\">\n\t\t\t\t\t<div class=\"elementor-column elementor-col-100 elementor-top-column elementor-element elementor-element-02f9ada\" data-id=\"02f9ada\" data-element_type=\"column\">\n\t\t\t<div class=\"elementor-column-wrap elementor-element-populated\">\n\t\t\t\t\t\t\t<div class=\"elementor-widget-wrap\">\n\t\t\t\t\t\t<div class=\"elementor-element elementor-element-6a582f4 elementor-widget elementor-widget-heading\" data-id=\"6a582f4\" data-element_type=\"widget\" data-widget_type=\"heading.default\">\n\t\t\t\t<div class=\"elementor-widget-container\">\n\t\t\t<h4 class=\"elementor-heading-title elementor-size-large\"><h2>Le transport de voiture en conteneur personnalis\u00e9<\/h2><\/h4>\t\t<\/div>\n\t\t\t\t<\/div>\n\t\t\t\t\t\t<\/div>\n\t\t\t\t\t<\/div>\n\t\t<\/div>\n\t\t\t\t\t\t\t\t<\/div>\n\t\t\t\t\t<\/div>\n\t\t<\/section>\n\t\t\t\t<section class=\"elementor-section elementor-top-section elementor-element elementor-element-ccd1af4 elementor-section-boxed elementor-section-height-default elementor-section-height-default\" data-id=\"ccd1af4\" data-element_type=\"section\">\n\t\t\t\t\t\t<div class=\"elementor-container elementor-column-gap-default\">\n\t\t\t\t\t\t\t<div class=\"elementor-row\">\n\t\t\t\t\t<div class=\"elementor-column elementor-col-100 elementor-top-column elementor-element elementor-element-f177eea\" data-id=\"f177eea\" data-element_type=\"column\">\n\t\t\t<div class=\"elementor-column-wrap elementor-element-populated\">\n\t\t\t\t\t\t\t<div class=\"elementor-widget-wrap\">\n\t\t\t\t\t\t<div class=\"elementor-element elementor-element-466704f elementor-widget elementor-widget-text-editor\" data-id=\"466704f\" data-element_type=\"widget\" data-widget_type=\"text-editor.default\">\n\t\t\t\t<div class=\"elementor-widget-container\">\n\t\t\t\t\t<div class=\"elementor-text-editor elementor-clearfix\"><p>Le <a href=\"http:\/\/www.tessiot-demenagement.com\/lareunion\/conteneur-personnalise-la-reunion\/\">conteneur personnalis\u00e9<\/a> est un conteneur qui est enti\u00e8rement d\u00e9di\u00e9 pour le transport de votre voiture et de vos effets personnels. De plus l&#8217;avantage est de pouvoir envoyer votre v\u00e9hicule \u00e0 la date que vous souhaitez. Et vous disposez au minimum de 30m3 pour vous seul.<\/p><\/div>\n\t\t\t\t<\/div>\n\t\t\t\t<\/div>\n\t\t\t\t\t\t<\/div>\n\t\t\t\t\t<\/div>\n\t\t<\/div>\n\t\t\t\t\t\t\t\t<\/div>\n\t\t\t\t\t<\/div>\n\t\t<\/section>\n\t\t\t\t<section class=\"elementor-section elementor-top-section elementor-element elementor-element-1194b16 elementor-section-boxed elementor-section-height-default elementor-section-height-default\" data-id=\"1194b16\" data-element_type=\"section\">\n\t\t\t\t\t\t<div class=\"elementor-container elementor-column-gap-default\">\n\t\t\t\t\t\t\t<div class=\"elementor-row\">\n\t\t\t\t\t<div class=\"elementor-column elementor-col-100 elementor-top-column elementor-element elementor-element-c370d55\" data-id=\"c370d55\" data-element_type=\"column\">\n\t\t\t<div class=\"elementor-column-wrap elementor-element-populated\">\n\t\t\t\t\t\t\t<div class=\"elementor-widget-wrap\">\n\t\t\t\t\t\t<div class=\"elementor-element elementor-element-74539d4 elementor-widget-divider--view-line elementor-widget elementor-widget-divider\" data-id=\"74539d4\" data-element_type=\"widget\" data-widget_type=\"divider.default\">\n\t\t\t\t<div class=\"elementor-widget-container\">\n\t\t\t\t\t<div class=\"elementor-divider\">\n\t\t\t<span class=\"elementor-divider-separator\">\n\t\t\t\t\t\t<\/span>\n\t\t<\/div>\n\t\t\t\t<\/div>\n\t\t\t\t<\/div>\n\t\t\t\t\t\t<\/div>\n\t\t\t\t\t<\/div>\n\t\t<\/div>\n\t\t\t\t\t\t\t\t<\/div>\n\t\t\t\t\t<\/div>\n\t\t<\/section>\n\t\t\t\t<section class=\"elementor-section elementor-top-section elementor-element elementor-element-fdc8c99 elementor-section-boxed elementor-section-height-default elementor-section-height-default\" data-id=\"fdc8c99\" data-element_type=\"section\">\n\t\t\t\t\t\t<div class=\"elementor-container elementor-column-gap-default\">\n\t\t\t\t\t\t\t<div class=\"elementor-row\">\n\t\t\t\t\t<div class=\"elementor-column elementor-col-50 elementor-top-column elementor-element elementor-element-0f3c28c\" data-id=\"0f3c28c\" data-element_type=\"column\">\n\t\t\t<div class=\"elementor-column-wrap elementor-element-populated\">\n\t\t\t\t\t\t\t<div class=\"elementor-widget-wrap\">\n\t\t\t\t\t\t<div class=\"elementor-element elementor-element-cb78e91 elementor-widget elementor-widget-text-editor\" data-id=\"cb78e91\" data-element_type=\"widget\" data-widget_type=\"text-editor.default\">\n\t\t\t\t<div class=\"elementor-widget-container\">\n\t\t\t\t\t<div class=\"elementor-text-editor elementor-clearfix\"><p><strong>Pour plus de renseignements, contactez notre \u00e9quipe \u00e0 Saint-Pierre. Elle pourra vous conseiller sur<a href=\"http:\/\/www.tessiot-demenagement.com\/lareunion\/demenager-reunion\/quelle-formule-pour-demenager\/\"> la formule<\/a> la plus adapt\u00e9e pour votre transport et votre d\u00e9m\u00e9nagement.<\/strong><\/p><\/div>\n\t\t\t\t<\/div>\n\t\t\t\t<\/div>\n\t\t\t\t\t\t<\/div>\n\t\t\t\t\t<\/div>\n\t\t<\/div>\n\t\t\t\t<div class=\"elementor-column elementor-col-50 elementor-top-column elementor-element elementor-element-1f9011d\" data-id=\"1f9011d\" data-element_type=\"column\">\n\t\t\t<div class=\"elementor-column-wrap elementor-element-populated\">\n\t\t\t\t\t\t\t<div class=\"elementor-widget-wrap\">\n\t\t\t\t\t\t<div class=\"elementor-element elementor-element-c2deb9a elementor-widget elementor-widget-button\" data-id=\"c2deb9a\" data-element_type=\"widget\" data-widget_type=\"button.default\">\n\t\t\t\t<div class=\"elementor-widget-container\">\n\t\t\t\t\t<div class=\"elementor-button-wrapper\">\n\t\t\t<a href=\"http:\/\/www.tessiot-demenagement.com\/lareunion\/devis-demenagement-reunion\/\" class=\"elementor-button-link elementor-button elementor-size-lg\" role=\"button\">\n\t\t\t\t\t\t<span class=\"elementor-button-content-wrapper\">\n\t\t\t\t\t\t<span class=\"elementor-button-text\">Demandez votre devis gratuit<\/span>\n\t\t<\/span>\n\t\t\t\t\t<\/a>\n\t\t<\/div>\n\t\t\t\t<\/div>\n\t\t\t\t<\/div>\n\t\t\t\t\t\t<\/div>\n\t\t\t\t\t<\/div>\n\t\t<\/div>\n\t\t\t\t\t\t\t\t<\/div>\n\t\t\t\t\t<\/div>\n\t\t<\/section>\n\t\t\t\t\t\t<\/div>\n\t\t\t\t\t\t<\/div>\n\t\t\t\t\t<\/div>\n\t\t","protected":false},"excerpt":{"rendered":"<p>Transporter votre voiture de ou vers La R\u00e9union. Vous souhaitez transporter votre voiture de ou vers l&#8217;\u00eele de La R\u00e9union<\/p>\n","protected":false},"author":1,"featured_media":0,"parent":0,"menu_order":4,"comment_status":"open","ping_status":"open","template":"","meta":{"spay_email":""},"yoast_head":"<!-- This site is optimized with the Yoast SEO plugin v15.8 - https:\/\/yoast.com\/wordpress\/plugins\/seo\/ -->\n<title>Transporter votre voiture de et vers La R\u00e9union - D\u00e9m\u00e9nagement A Tessiot<\/title>\n<meta name=\"description\" content=\"Transporter votre voiture de et vers La R\u00e9union avec Tessiot. En navire Ro-Ro, en conteneur, dans les Dom Tom et depuis la M\u00e9tropole.\" \/>\n<meta name=\"robots\" content=\"index, follow, max-snippet:-1, max-image-preview:large, max-video-preview:-1\" \/>\n<link rel=\"canonical\" href=\"https:\/\/www.tessiot-demenagement.com\/lareunion\/transporter-votre-voiture-de-et-vers-la-reunion\/\" \/>\n<meta property=\"og:locale\" content=\"fr_FR\" \/>\n<meta property=\"og:type\" content=\"article\" \/>\n<meta property=\"og:title\" content=\"Transporter votre voiture de et vers La R\u00e9union - D\u00e9m\u00e9nagement A Tessiot\" \/>\n<meta property=\"og:description\" content=\"Transporter votre voiture de et vers La R\u00e9union avec Tessiot. En navire Ro-Ro, en conteneur, dans les Dom Tom et depuis la M\u00e9tropole.\" \/>\n<meta property=\"og:url\" content=\"https:\/\/www.tessiot-demenagement.com\/lareunion\/transporter-votre-voiture-de-et-vers-la-reunion\/\" \/>\n<meta property=\"og:site_name\" content=\"D\u00e9m\u00e9nagement A Tessiot\" \/>\n<meta property=\"article:modified_time\" content=\"2020-10-28T13:54:24+00:00\" \/>\n<meta property=\"og:image\" content=\"http:\/\/www.tessiot-demenagement.com\/lareunion\/wp-content\/uploads\/2020\/09\/ship-286762_1280-1024x682.jpg\" \/>\n<meta name=\"twitter:label1\" content=\"Dur\u00e9e de lecture est.\">\n\t<meta name=\"twitter:data1\" content=\"3 minutes\">\n<script type=\"application\/ld+json\" class=\"yoast-schema-graph\">{\"@context\":\"https:\/\/schema.org\",\"@graph\":[{\"@type\":\"WebSite\",\"@id\":\"http:\/\/www.tessiot-demenagement.com\/lareunion\/#website\",\"url\":\"http:\/\/www.tessiot-demenagement.com\/lareunion\/\",\"name\":\"D\\u00e9m\\u00e9nagement A Tessiot\",\"description\":\"votre demenageur specialiste des transferts administratifs et industriels\",\"potentialAction\":[{\"@type\":\"SearchAction\",\"target\":\"http:\/\/www.tessiot-demenagement.com\/lareunion\/?s={search_term_string}\",\"query-input\":\"required name=search_term_string\"}],\"inLanguage\":\"fr-FR\"},{\"@type\":\"ImageObject\",\"@id\":\"https:\/\/www.tessiot-demenagement.com\/lareunion\/transporter-votre-voiture-de-et-vers-la-reunion\/#primaryimage\",\"inLanguage\":\"fr-FR\",\"url\":\"http:\/\/www.tessiot-demenagement.com\/lareunion\/wp-content\/uploads\/2020\/09\/ship-286762_1280.jpg\",\"width\":1280,\"height\":853,\"caption\":\"envoyer une voiture \\u00e0 la r\\u00e9union ou en M\\u00e9tropole\"},{\"@type\":\"WebPage\",\"@id\":\"https:\/\/www.tessiot-demenagement.com\/lareunion\/transporter-votre-voiture-de-et-vers-la-reunion\/#webpage\",\"url\":\"https:\/\/www.tessiot-demenagement.com\/lareunion\/transporter-votre-voiture-de-et-vers-la-reunion\/\",\"name\":\"Transporter votre voiture de et vers La R\\u00e9union - D\\u00e9m\\u00e9nagement A Tessiot\",\"isPartOf\":{\"@id\":\"http:\/\/www.tessiot-demenagement.com\/lareunion\/#website\"},\"primaryImageOfPage\":{\"@id\":\"https:\/\/www.tessiot-demenagement.com\/lareunion\/transporter-votre-voiture-de-et-vers-la-reunion\/#primaryimage\"},\"datePublished\":\"2014-12-24T06:38:06+00:00\",\"dateModified\":\"2020-10-28T13:54:24+00:00\",\"description\":\"Transporter votre voiture de et vers La R\\u00e9union avec Tessiot. En navire Ro-Ro, en conteneur, dans les Dom Tom et depuis la M\\u00e9tropole.\",\"breadcrumb\":{\"@id\":\"https:\/\/www.tessiot-demenagement.com\/lareunion\/transporter-votre-voiture-de-et-vers-la-reunion\/#breadcrumb\"},\"inLanguage\":\"fr-FR\",\"potentialAction\":[{\"@type\":\"ReadAction\",\"target\":[\"https:\/\/www.tessiot-demenagement.com\/lareunion\/transporter-votre-voiture-de-et-vers-la-reunion\/\"]}]},{\"@type\":\"BreadcrumbList\",\"@id\":\"https:\/\/www.tessiot-demenagement.com\/lareunion\/transporter-votre-voiture-de-et-vers-la-reunion\/#breadcrumb\",\"itemListElement\":[{\"@type\":\"ListItem\",\"position\":1,\"item\":{\"@type\":\"WebPage\",\"@id\":\"https:\/\/www.tessiot-demenagement.com\/lareunion\/transporter-votre-voiture-de-et-vers-la-reunion\/\",\"url\":\"https:\/\/www.tessiot-demenagement.com\/lareunion\/transporter-votre-voiture-de-et-vers-la-reunion\/\",\"name\":\"Transporter votre voiture de et vers La R\\u00e9union\"}}]}]}<\/script>\n<!-- \/ Yoast SEO plugin. -->","jetpack_sharing_enabled":true,"jetpack_shortlink":"https:\/\/wp.me\/P5eCLF-ex","_links":{"self":[{"href":"http:\/\/www.tessiot-demenagement.com\/lareunion\/wp-json\/wp\/v2\/pages\/901"}],"collection":[{"href":"http:\/\/www.tessiot-demenagement.com\/lareunion\/wp-json\/wp\/v2\/pages"}],"about":[{"href":"http:\/\/www.tessiot-demenagement.com\/lareunion\/wp-json\/wp\/v2\/types\/page"}],"author":[{"embeddable":true,"href":"http:\/\/www.tessiot-demenagement.com\/lareunion\/wp-json\/wp\/v2\/users\/1"}],"replies":[{"embeddable":true,"href":"http:\/\/www.tessiot-demenagement.com\/lareunion\/wp-json\/wp\/v2\/comments?post=901"}],"version-history":[{"count":29,"href":"http:\/\/www.tessiot-demenagement.com\/lareunion\/wp-json\/wp\/v2\/pages\/901\/revisions"}],"predecessor-version":[{"id":2402,"href":"http:\/\/www.tessiot-demenagement.com\/lareunion\/wp-json\/wp\/v2\/pages\/901\/revisions\/2402"}],"wp:attachment":[{"href":"http:\/\/www.tessiot-demenagement.com\/lareunion\/wp-json\/wp\/v2\/media?parent=901"}],"curies":[{"name":"wp","href":"https:\/\/api.w.org\/{rel}","templated":true}]}}