{"id":754,"date":"2014-11-05T10:47:19","date_gmt":"2014-11-05T10:47:19","guid":{"rendered":"http:\/\/www.tessiot-demenagement.com\/lareunion\/?page_id=754"},"modified":"2020-11-25T14:19:00","modified_gmt":"2020-11-25T14:19:00","slug":"comment-bien-demenager","status":"publish","type":"page","link":"http:\/\/www.tessiot-demenagement.com\/lareunion\/comment-bien-demenager\/","title":{"rendered":"Comment bien d\u00e9m\u00e9nager ?"},"content":{"rendered":"\t\t<div data-elementor-type=\"wp-page\" data-elementor-id=\"754\" class=\"elementor elementor-754\" data-elementor-settings=\"[]\">\n\t\t\t\t\t\t<div class=\"elementor-inner\">\n\t\t\t\t\t\t\t<div class=\"elementor-section-wrap\">\n\t\t\t\t\t\t\t<section class=\"elementor-section elementor-top-section elementor-element elementor-element-2455d39 elementor-section-boxed elementor-section-height-default elementor-section-height-default\" data-id=\"2455d39\" data-element_type=\"section\">\n\t\t\t\t\t\t<div class=\"elementor-container elementor-column-gap-default\">\n\t\t\t\t\t\t\t<div class=\"elementor-row\">\n\t\t\t\t\t<div class=\"elementor-column elementor-col-100 elementor-top-column elementor-element elementor-element-726fee9\" data-id=\"726fee9\" data-element_type=\"column\">\n\t\t\t<div class=\"elementor-column-wrap elementor-element-populated\">\n\t\t\t\t\t\t\t<div class=\"elementor-widget-wrap\">\n\t\t\t\t\t\t<div class=\"elementor-element elementor-element-27a3e2e elementor-widget elementor-widget-heading\" data-id=\"27a3e2e\" data-element_type=\"widget\" data-widget_type=\"heading.default\">\n\t\t\t\t<div class=\"elementor-widget-container\">\n\t\t\t<h1 class=\"elementor-heading-title elementor-size-xl\">Quelles \u00e9tapes pour bien d\u00e9m\u00e9nager ?<\/h1>\t\t<\/div>\n\t\t\t\t<\/div>\n\t\t\t\t\t\t<\/div>\n\t\t\t\t\t<\/div>\n\t\t<\/div>\n\t\t\t\t\t\t\t\t<\/div>\n\t\t\t\t\t<\/div>\n\t\t<\/section>\n\t\t\t\t<section class=\"elementor-section elementor-top-section elementor-element elementor-element-43f2422 elementor-section-boxed elementor-section-height-default elementor-section-height-default\" data-id=\"43f2422\" data-element_type=\"section\">\n\t\t\t\t\t\t<div class=\"elementor-container elementor-column-gap-default\">\n\t\t\t\t\t\t\t<div class=\"elementor-row\">\n\t\t\t\t\t<div class=\"elementor-column elementor-col-100 elementor-top-column elementor-element elementor-element-fb13373\" data-id=\"fb13373\" data-element_type=\"column\">\n\t\t\t<div class=\"elementor-column-wrap elementor-element-populated\">\n\t\t\t\t\t\t\t<div class=\"elementor-widget-wrap\">\n\t\t\t\t\t\t<div class=\"elementor-element elementor-element-4a2719e elementor-widget elementor-widget-spacer\" data-id=\"4a2719e\" data-element_type=\"widget\" data-widget_type=\"spacer.default\">\n\t\t\t\t<div class=\"elementor-widget-container\">\n\t\t\t\t\t<div class=\"elementor-spacer\">\n\t\t\t<div class=\"elementor-spacer-inner\"><\/div>\n\t\t<\/div>\n\t\t\t\t<\/div>\n\t\t\t\t<\/div>\n\t\t\t\t\t\t<\/div>\n\t\t\t\t\t<\/div>\n\t\t<\/div>\n\t\t\t\t\t\t\t\t<\/div>\n\t\t\t\t\t<\/div>\n\t\t<\/section>\n\t\t\t\t<section class=\"elementor-section elementor-top-section elementor-element elementor-element-c07edf1 elementor-section-boxed elementor-section-height-default elementor-section-height-default\" data-id=\"c07edf1\" data-element_type=\"section\">\n\t\t\t\t\t\t<div class=\"elementor-container elementor-column-gap-default\">\n\t\t\t\t\t\t\t<div class=\"elementor-row\">\n\t\t\t\t\t<div class=\"elementor-column elementor-col-100 elementor-top-column elementor-element elementor-element-10871f4\" data-id=\"10871f4\" data-element_type=\"column\">\n\t\t\t<div class=\"elementor-column-wrap elementor-element-populated\">\n\t\t\t\t\t\t\t<div class=\"elementor-widget-wrap\">\n\t\t\t\t\t\t<div class=\"elementor-element elementor-element-8ce95cb elementor-widget elementor-widget-text-editor\" data-id=\"8ce95cb\" data-element_type=\"widget\" data-widget_type=\"text-editor.default\">\n\t\t\t\t<div class=\"elementor-widget-container\">\n\t\t\t\t\t<div class=\"elementor-text-editor elementor-clearfix\"><p>Quelles sont les \u00e9tapes pour bien d\u00e9m\u00e9nager en toute s\u00e9r\u00e9nit\u00e9 dans les DOM TOM et \u00e0 l&#8217;International ? Tessiot D\u00e9m\u00e9nagements vous dit tout&#8230;<\/p><\/div>\n\t\t\t\t<\/div>\n\t\t\t\t<\/div>\n\t\t\t\t\t\t<\/div>\n\t\t\t\t\t<\/div>\n\t\t<\/div>\n\t\t\t\t\t\t\t\t<\/div>\n\t\t\t\t\t<\/div>\n\t\t<\/section>\n\t\t\t\t<section class=\"elementor-section elementor-top-section elementor-element elementor-element-c9a4d4f elementor-section-boxed elementor-section-height-default elementor-section-height-default\" data-id=\"c9a4d4f\" data-element_type=\"section\">\n\t\t\t\t\t\t<div class=\"elementor-container elementor-column-gap-default\">\n\t\t\t\t\t\t\t<div class=\"elementor-row\">\n\t\t\t\t\t<div class=\"elementor-column elementor-col-100 elementor-top-column elementor-element elementor-element-52837da\" data-id=\"52837da\" data-element_type=\"column\">\n\t\t\t<div class=\"elementor-column-wrap elementor-element-populated\">\n\t\t\t\t\t\t\t<div class=\"elementor-widget-wrap\">\n\t\t\t\t\t\t<div class=\"elementor-element elementor-element-56b02d9 elementor-widget elementor-widget-heading\" data-id=\"56b02d9\" data-element_type=\"widget\" data-widget_type=\"heading.default\">\n\t\t\t\t<div class=\"elementor-widget-container\">\n\t\t\t<h2 class=\"elementor-heading-title elementor-size-large\">Vous d\u00e9m\u00e9nagez localement ?<\/h2>\t\t<\/div>\n\t\t\t\t<\/div>\n\t\t\t\t\t\t<\/div>\n\t\t\t\t\t<\/div>\n\t\t<\/div>\n\t\t\t\t\t\t\t\t<\/div>\n\t\t\t\t\t<\/div>\n\t\t<\/section>\n\t\t\t\t<section class=\"elementor-section elementor-top-section elementor-element elementor-element-675722c elementor-section-boxed elementor-section-height-default elementor-section-height-default\" data-id=\"675722c\" data-element_type=\"section\">\n\t\t\t\t\t\t<div class=\"elementor-container elementor-column-gap-default\">\n\t\t\t\t\t\t\t<div class=\"elementor-row\">\n\t\t\t\t\t<div class=\"elementor-column elementor-col-66 elementor-top-column elementor-element elementor-element-ef2427b\" data-id=\"ef2427b\" data-element_type=\"column\">\n\t\t\t<div class=\"elementor-column-wrap elementor-element-populated\">\n\t\t\t\t\t\t\t<div class=\"elementor-widget-wrap\">\n\t\t\t\t\t\t<div class=\"elementor-element elementor-element-b2d5c29 elementor-widget elementor-widget-text-editor\" data-id=\"b2d5c29\" data-element_type=\"widget\" data-widget_type=\"text-editor.default\">\n\t\t\t\t<div class=\"elementor-widget-container\">\n\t\t\t\t\t<div class=\"elementor-text-editor elementor-clearfix\"><p><strong>3 mois avant ou au plus t\u00f4t :<\/strong><\/p><ul><li>Envoyer la lettre de pr\u00e9avis \u00e0 votre propri\u00e9taire\u00a0<\/li><li>Trouver un d\u00e9m\u00e9nageur<\/li><li>Faire la demande de changement d&#8217;\u00e9tablissement scolaire pour vos enfants, chercher une cr\u00e8che<\/li><\/ul><p><strong>2 mois avant le d\u00e9m\u00e9nagement :<\/strong><\/p><ul><li>Pr\u00e9venir la CAF, la CPAM, la mutuelle, le service des imp\u00f4ts (sur <a href=\"https:\/\/mdel.mon.service-public.fr\/je-change-de-coordonnees.html\" class=\"broken_link\">mon.service-public.fr<\/a>)<\/li><li>Alerter les entreprises qui g\u00e8rent mes contrats et abonnements (t\u00e9l\u00e9phone, internet, magasines): attention, il peut y avoir des pr\u00e9avis de r\u00e9siliation<\/li><li>Informer mes fournisseurs d\u2019\u00e9lectricit\u00e9, gaz et eau<\/li><li>Pr\u00e9venir la banque et les assureurs (habitation, autos, assurance-vies)<\/li><\/ul><p><strong>1 mois avant le d\u00e9m\u00e9nagement :<\/strong><\/p><ul><li>Informer la Poste pour le changement d&#8217;adresse<\/li><li>D\u00e9terminer la date de d\u00e9m\u00e9nagement avec votre d\u00e9m\u00e9nageur ou r\u00e9server un camion<\/li><li>Assurer\u00a0votre nouveau logement<\/li><\/ul><p><strong>Apr\u00e8s le d\u00e9m\u00e9nagement et au plus t\u00f4t :<\/strong><\/p><ul><li>Modifier l&#8217;adresse sur la carte grise de vos v\u00e9hicules<\/li><li>Proc\u00e9der au demandes de remboursement des objets perdus ou endommag\u00e9s \u00e9ventuels aupr\u00e8s de votre d\u00e9m\u00e9nageur<\/li><\/ul><p>Vous avez respectez toutes les \u00e9tapes pour bien d\u00e9m\u00e9nager ? Bravo ! Mais n&#8217;oubliez de vous r\u00e9inscrire sur les listes \u00e9lectorales.<\/p><\/div>\n\t\t\t\t<\/div>\n\t\t\t\t<\/div>\n\t\t\t\t\t\t<\/div>\n\t\t\t\t\t<\/div>\n\t\t<\/div>\n\t\t\t\t<div class=\"elementor-column elementor-col-33 elementor-top-column elementor-element elementor-element-17305b3\" data-id=\"17305b3\" data-element_type=\"column\">\n\t\t\t<div class=\"elementor-column-wrap elementor-element-populated\">\n\t\t\t\t\t\t\t<div class=\"elementor-widget-wrap\">\n\t\t\t\t\t\t<div class=\"elementor-element elementor-element-72b4ddc elementor-widget elementor-widget-image\" data-id=\"72b4ddc\" data-element_type=\"widget\" data-widget_type=\"image.default\">\n\t\t\t\t<div class=\"elementor-widget-container\">\n\t\t\t\t\t<div class=\"elementor-image\">\n\t\t\t\t\t\t\t<figure class=\"wp-caption\">\n\t\t\t\t\t\t\t\t\t\t<img width=\"800\" height=\"501\" src=\"http:\/\/www.tessiot-demenagement.com\/lareunion\/wp-content\/uploads\/2020\/11\/20201125_101720-2-1024x641.jpg\" class=\"attachment-large size-large\" alt=\"d\u00e9m\u00e9nager \u00e0 la r\u00e9union\" loading=\"lazy\" srcset=\"http:\/\/www.tessiot-demenagement.com\/lareunion\/wp-content\/uploads\/2020\/11\/20201125_101720-2-1024x641.jpg 1024w, http:\/\/www.tessiot-demenagement.com\/lareunion\/wp-content\/uploads\/2020\/11\/20201125_101720-2-300x188.jpg 300w, http:\/\/www.tessiot-demenagement.com\/lareunion\/wp-content\/uploads\/2020\/11\/20201125_101720-2-768x481.jpg 768w, http:\/\/www.tessiot-demenagement.com\/lareunion\/wp-content\/uploads\/2020\/11\/20201125_101720-2-1536x961.jpg 1536w, http:\/\/www.tessiot-demenagement.com\/lareunion\/wp-content\/uploads\/2020\/11\/20201125_101720-2-2048x1282.jpg 2048w\" sizes=\"(max-width: 800px) 100vw, 800px\" \/>\t\t\t\t\t\t\t\t\t\t\t<figcaption class=\"widget-image-caption wp-caption-text\">Notre \u00e9quipe vous conseille pour d\u00e9m\u00e9nager en local ou \u00e0 l'International.<\/figcaption>\n\t\t\t\t\t\t\t\t\t\t<\/figure>\n\t\t\t\t\t<\/div>\n\t\t\t\t<\/div>\n\t\t\t\t<\/div>\n\t\t\t\t\t\t<\/div>\n\t\t\t\t\t<\/div>\n\t\t<\/div>\n\t\t\t\t\t\t\t\t<\/div>\n\t\t\t\t\t<\/div>\n\t\t<\/section>\n\t\t\t\t<section class=\"elementor-section elementor-top-section elementor-element elementor-element-72cb095 elementor-section-boxed elementor-section-height-default elementor-section-height-default\" data-id=\"72cb095\" data-element_type=\"section\">\n\t\t\t\t\t\t<div class=\"elementor-container elementor-column-gap-default\">\n\t\t\t\t\t\t\t<div class=\"elementor-row\">\n\t\t\t\t\t<div class=\"elementor-column elementor-col-100 elementor-top-column elementor-element elementor-element-584180a\" data-id=\"584180a\" data-element_type=\"column\">\n\t\t\t<div class=\"elementor-column-wrap elementor-element-populated\">\n\t\t\t\t\t\t\t<div class=\"elementor-widget-wrap\">\n\t\t\t\t\t\t<div class=\"elementor-element elementor-element-199fba6 elementor-widget elementor-widget-spacer\" data-id=\"199fba6\" data-element_type=\"widget\" data-widget_type=\"spacer.default\">\n\t\t\t\t<div class=\"elementor-widget-container\">\n\t\t\t\t\t<div class=\"elementor-spacer\">\n\t\t\t<div class=\"elementor-spacer-inner\"><\/div>\n\t\t<\/div>\n\t\t\t\t<\/div>\n\t\t\t\t<\/div>\n\t\t\t\t\t\t<\/div>\n\t\t\t\t\t<\/div>\n\t\t<\/div>\n\t\t\t\t\t\t\t\t<\/div>\n\t\t\t\t\t<\/div>\n\t\t<\/section>\n\t\t\t\t<section class=\"elementor-section elementor-top-section elementor-element elementor-element-2e77b2a elementor-section-boxed elementor-section-height-default elementor-section-height-default\" data-id=\"2e77b2a\" data-element_type=\"section\">\n\t\t\t\t\t\t<div class=\"elementor-container elementor-column-gap-default\">\n\t\t\t\t\t\t\t<div class=\"elementor-row\">\n\t\t\t\t\t<div class=\"elementor-column elementor-col-100 elementor-top-column elementor-element elementor-element-2ea60b5\" data-id=\"2ea60b5\" data-element_type=\"column\">\n\t\t\t<div class=\"elementor-column-wrap elementor-element-populated\">\n\t\t\t\t\t\t\t<div class=\"elementor-widget-wrap\">\n\t\t\t\t\t\t<div class=\"elementor-element elementor-element-31b12a6 elementor-widget elementor-widget-heading\" data-id=\"31b12a6\" data-element_type=\"widget\" data-widget_type=\"heading.default\">\n\t\t\t\t<div class=\"elementor-widget-container\">\n\t\t\t<h3 class=\"elementor-heading-title elementor-size-large\">Vous d\u00e9m\u00e9nagez \u00e0 l'\u00e9tranger ?<\/h3>\t\t<\/div>\n\t\t\t\t<\/div>\n\t\t\t\t\t\t<\/div>\n\t\t\t\t\t<\/div>\n\t\t<\/div>\n\t\t\t\t\t\t\t\t<\/div>\n\t\t\t\t\t<\/div>\n\t\t<\/section>\n\t\t\t\t<section class=\"elementor-section elementor-top-section elementor-element elementor-element-be2ead4 elementor-section-boxed elementor-section-height-default elementor-section-height-default\" data-id=\"be2ead4\" data-element_type=\"section\">\n\t\t\t\t\t\t<div class=\"elementor-container elementor-column-gap-default\">\n\t\t\t\t\t\t\t<div class=\"elementor-row\">\n\t\t\t\t\t<div class=\"elementor-column elementor-col-100 elementor-top-column elementor-element elementor-element-2174755\" data-id=\"2174755\" data-element_type=\"column\">\n\t\t\t<div class=\"elementor-column-wrap elementor-element-populated\">\n\t\t\t\t\t\t\t<div class=\"elementor-widget-wrap\">\n\t\t\t\t\t\t<div class=\"elementor-element elementor-element-7671c1d elementor-widget elementor-widget-text-editor\" data-id=\"7671c1d\" data-element_type=\"widget\" data-widget_type=\"text-editor.default\">\n\t\t\t\t<div class=\"elementor-widget-container\">\n\t\t\t\t\t<div class=\"elementor-text-editor elementor-clearfix\"><p>Les d\u00e9marches sont \u00e9quivalentes au d\u00e9m\u00e9nagement local ou national. N\u00e9anmoins \u00e0 ces d\u00e9marches se rajoutent les sp\u00e9cificit\u00e9s du pays. Aussi nous vous conseillons de vous rapprocher des ambassades pour vous informer de toutes les particularit\u00e9s du pays.<\/p><ul><li>Je m&#8217;assure\u00a0d&#8217;avoir le droit de s\u00e9journer dans le nouveau pays et avez vos papiers en r\u00e8gles<\/li><li>Je souscris \u00e0 une assurance rapatriement<\/li><li>Je m&#8217;inscris au registre des Fran\u00e7ais du consulat<\/li><li>Je\u00a0rempli un justificatif de changement de domicile aupr\u00e8s de la mairie de mon domicile actuel\u00a0(ce document est n\u00e9cessaire pour d\u00e9m\u00e9nager mes biens \u00e0 l&#8217;\u00e9tranger et ainsi \u00e9viter de payer des droits de douanes dans certains pays sur\u00a0 mes effets personnels \u00e2g\u00e9s de plus de 6 mois).<\/li><li>Je choisis un d\u00e9m\u00e9nageur international qui organisera le d\u00e9m\u00e9nagement de bout \u00e0 bout.<\/li><\/ul><\/div>\n\t\t\t\t<\/div>\n\t\t\t\t<\/div>\n\t\t\t\t\t\t<\/div>\n\t\t\t\t\t<\/div>\n\t\t<\/div>\n\t\t\t\t\t\t\t\t<\/div>\n\t\t\t\t\t<\/div>\n\t\t<\/section>\n\t\t\t\t<section class=\"elementor-section elementor-top-section elementor-element elementor-element-2e7057d elementor-section-boxed elementor-section-height-default elementor-section-height-default\" data-id=\"2e7057d\" data-element_type=\"section\">\n\t\t\t\t\t\t<div class=\"elementor-container elementor-column-gap-default\">\n\t\t\t\t\t\t\t<div class=\"elementor-row\">\n\t\t\t\t\t<div class=\"elementor-column elementor-col-100 elementor-top-column elementor-element elementor-element-42e7286\" data-id=\"42e7286\" data-element_type=\"column\">\n\t\t\t<div class=\"elementor-column-wrap elementor-element-populated\">\n\t\t\t\t\t\t\t<div class=\"elementor-widget-wrap\">\n\t\t\t\t\t\t<div class=\"elementor-element elementor-element-a13f399 elementor-align-center elementor-widget elementor-widget-button\" data-id=\"a13f399\" data-element_type=\"widget\" data-widget_type=\"button.default\">\n\t\t\t\t<div class=\"elementor-widget-container\">\n\t\t\t\t\t<div class=\"elementor-button-wrapper\">\n\t\t\t<a href=\"http:\/\/www.tessiot-demenagement.com\/lareunion\/devis-demenagement-reunion\/\" class=\"elementor-button-link elementor-button elementor-size-lg\" role=\"button\">\n\t\t\t\t\t\t<span class=\"elementor-button-content-wrapper\">\n\t\t\t\t\t\t<span class=\"elementor-button-text\">Demandez votre devis gratuit<\/span>\n\t\t<\/span>\n\t\t\t\t\t<\/a>\n\t\t<\/div>\n\t\t\t\t<\/div>\n\t\t\t\t<\/div>\n\t\t\t\t\t\t<\/div>\n\t\t\t\t\t<\/div>\n\t\t<\/div>\n\t\t\t\t\t\t\t\t<\/div>\n\t\t\t\t\t<\/div>\n\t\t<\/section>\n\t\t\t\t\t\t<\/div>\n\t\t\t\t\t\t<\/div>\n\t\t\t\t\t<\/div>\n\t\t","protected":false},"excerpt":{"rendered":"<p>Quelles \u00e9tapes pour bien d\u00e9m\u00e9nager ? Quelles sont les \u00e9tapes pour bien d\u00e9m\u00e9nager en toute s\u00e9r\u00e9nit\u00e9 dans les DOM TOM<\/p>\n","protected":false},"author":1,"featured_media":0,"parent":0,"menu_order":0,"comment_status":"open","ping_status":"open","template":"","meta":{"spay_email":""},"yoast_head":"<!-- This site is optimized with the Yoast SEO plugin v15.8 - https:\/\/yoast.com\/wordpress\/plugins\/seo\/ -->\n<title>Comment bien d\u00e9m\u00e9nager ? - D\u00e9m\u00e9nagement A Tessiot<\/title>\n<meta name=\"description\" content=\"Quelles \u00e9tapes pour bien d\u00e9m\u00e9nager ? Quelles sont les \u00e9tapes pour bien d\u00e9m\u00e9nager en toute s\u00e9r\u00e9nit\u00e9 dans les DOM TOM et \u00e0 l&#039;International ? Tessiot Vous avez des questions sur votre d\u00e9m\u00e9nagement ? Tessiot D\u00e9m\u00e9nagements, sp\u00e9cialiste des DOM TOM, vous r\u00e9pond.\" \/>\n<meta name=\"robots\" content=\"index, follow, max-snippet:-1, max-image-preview:large, max-video-preview:-1\" \/>\n<link rel=\"canonical\" href=\"https:\/\/www.tessiot-demenagement.com\/lareunion\/comment-bien-demenager\/\" \/>\n<meta property=\"og:locale\" content=\"fr_FR\" \/>\n<meta property=\"og:type\" content=\"article\" \/>\n<meta property=\"og:title\" content=\"Comment bien d\u00e9m\u00e9nager ? - D\u00e9m\u00e9nagement A Tessiot\" \/>\n<meta property=\"og:description\" content=\"Quelles \u00e9tapes pour bien d\u00e9m\u00e9nager ? Quelles sont les \u00e9tapes pour bien d\u00e9m\u00e9nager en toute s\u00e9r\u00e9nit\u00e9 dans les DOM TOM et \u00e0 l&#039;International ? Tessiot Vous avez des questions sur votre d\u00e9m\u00e9nagement ? Tessiot D\u00e9m\u00e9nagements, sp\u00e9cialiste des DOM TOM, vous r\u00e9pond.\" \/>\n<meta property=\"og:url\" content=\"https:\/\/www.tessiot-demenagement.com\/lareunion\/comment-bien-demenager\/\" \/>\n<meta property=\"og:site_name\" content=\"D\u00e9m\u00e9nagement A Tessiot\" \/>\n<meta property=\"article:modified_time\" content=\"2020-11-25T14:19:00+00:00\" \/>\n<meta property=\"og:image\" content=\"http:\/\/www.tessiot-demenagement.com\/lareunion\/wp-content\/uploads\/2020\/11\/20201125_101720-2-1024x641.jpg\" \/>\n<meta name=\"twitter:label1\" content=\"Dur\u00e9e de lecture est.\">\n\t<meta name=\"twitter:data1\" content=\"2 minutes\">\n<script type=\"application\/ld+json\" class=\"yoast-schema-graph\">{\"@context\":\"https:\/\/schema.org\",\"@graph\":[{\"@type\":\"WebSite\",\"@id\":\"http:\/\/www.tessiot-demenagement.com\/lareunion\/#website\",\"url\":\"http:\/\/www.tessiot-demenagement.com\/lareunion\/\",\"name\":\"D\\u00e9m\\u00e9nagement A Tessiot\",\"description\":\"votre demenageur specialiste des transferts administratifs et industriels\",\"potentialAction\":[{\"@type\":\"SearchAction\",\"target\":\"http:\/\/www.tessiot-demenagement.com\/lareunion\/?s={search_term_string}\",\"query-input\":\"required name=search_term_string\"}],\"inLanguage\":\"fr-FR\"},{\"@type\":\"ImageObject\",\"@id\":\"https:\/\/www.tessiot-demenagement.com\/lareunion\/comment-bien-demenager\/#primaryimage\",\"inLanguage\":\"fr-FR\",\"url\":\"http:\/\/www.tessiot-demenagement.com\/lareunion\/wp-content\/uploads\/2020\/11\/20201125_101720-2-1024x641.jpg\"},{\"@type\":\"WebPage\",\"@id\":\"https:\/\/www.tessiot-demenagement.com\/lareunion\/comment-bien-demenager\/#webpage\",\"url\":\"https:\/\/www.tessiot-demenagement.com\/lareunion\/comment-bien-demenager\/\",\"name\":\"Comment bien d\\u00e9m\\u00e9nager ? - D\\u00e9m\\u00e9nagement A Tessiot\",\"isPartOf\":{\"@id\":\"http:\/\/www.tessiot-demenagement.com\/lareunion\/#website\"},\"primaryImageOfPage\":{\"@id\":\"https:\/\/www.tessiot-demenagement.com\/lareunion\/comment-bien-demenager\/#primaryimage\"},\"datePublished\":\"2014-11-05T10:47:19+00:00\",\"dateModified\":\"2020-11-25T14:19:00+00:00\",\"description\":\"Quelles \\u00e9tapes pour bien d\\u00e9m\\u00e9nager ? Quelles sont les \\u00e9tapes pour bien d\\u00e9m\\u00e9nager en toute s\\u00e9r\\u00e9nit\\u00e9 dans les DOM TOM et \\u00e0 l'International ? Tessiot Vous avez des questions sur votre d\\u00e9m\\u00e9nagement ? Tessiot D\\u00e9m\\u00e9nagements, sp\\u00e9cialiste des DOM TOM, vous r\\u00e9pond.\",\"breadcrumb\":{\"@id\":\"https:\/\/www.tessiot-demenagement.com\/lareunion\/comment-bien-demenager\/#breadcrumb\"},\"inLanguage\":\"fr-FR\",\"potentialAction\":[{\"@type\":\"ReadAction\",\"target\":[\"https:\/\/www.tessiot-demenagement.com\/lareunion\/comment-bien-demenager\/\"]}]},{\"@type\":\"BreadcrumbList\",\"@id\":\"https:\/\/www.tessiot-demenagement.com\/lareunion\/comment-bien-demenager\/#breadcrumb\",\"itemListElement\":[{\"@type\":\"ListItem\",\"position\":1,\"item\":{\"@type\":\"WebPage\",\"@id\":\"https:\/\/www.tessiot-demenagement.com\/lareunion\/comment-bien-demenager\/\",\"url\":\"https:\/\/www.tessiot-demenagement.com\/lareunion\/comment-bien-demenager\/\",\"name\":\"Comment bien d\\u00e9m\\u00e9nager ?\"}}]}]}<\/script>\n<!-- \/ Yoast SEO plugin. -->","jetpack_sharing_enabled":true,"jetpack_shortlink":"https:\/\/wp.me\/P5eCLF-ca","_links":{"self":[{"href":"http:\/\/www.tessiot-demenagement.com\/lareunion\/wp-json\/wp\/v2\/pages\/754"}],"collection":[{"href":"http:\/\/www.tessiot-demenagement.com\/lareunion\/wp-json\/wp\/v2\/pages"}],"about":[{"href":"http:\/\/www.tessiot-demenagement.com\/lareunion\/wp-json\/wp\/v2\/types\/page"}],"author":[{"embeddable":true,"href":"http:\/\/www.tessiot-demenagement.com\/lareunion\/wp-json\/wp\/v2\/users\/1"}],"replies":[{"embeddable":true,"href":"http:\/\/www.tessiot-demenagement.com\/lareunion\/wp-json\/wp\/v2\/comments?post=754"}],"version-history":[{"count":30,"href":"http:\/\/www.tessiot-demenagement.com\/lareunion\/wp-json\/wp\/v2\/pages\/754\/revisions"}],"predecessor-version":[{"id":2437,"href":"http:\/\/www.tessiot-demenagement.com\/lareunion\/wp-json\/wp\/v2\/pages\/754\/revisions\/2437"}],"wp:attachment":[{"href":"http:\/\/www.tessiot-demenagement.com\/lareunion\/wp-json\/wp\/v2\/media?parent=754"}],"curies":[{"name":"wp","href":"https:\/\/api.w.org\/{rel}","templated":true}]}}