{"id":496,"date":"2014-10-29T11:05:03","date_gmt":"2014-10-29T11:05:03","guid":{"rendered":"http:\/\/www.tessiot-demenagement.com\/lareunion\/?page_id=496"},"modified":"2022-02-02T15:55:06","modified_gmt":"2022-02-02T15:55:06","slug":"quelle-formule-pour-demenager","status":"publish","type":"page","link":"http:\/\/www.tessiot-demenagement.com\/lareunion\/quelle-formule-pour-demenager\/","title":{"rendered":"Quelle formule pour d\u00e9m\u00e9nager ?"},"content":{"rendered":"\t\t<div data-elementor-type=\"wp-page\" data-elementor-id=\"496\" class=\"elementor elementor-496\" data-elementor-settings=\"[]\">\n\t\t\t\t\t\t<div class=\"elementor-inner\">\n\t\t\t\t\t\t\t<div class=\"elementor-section-wrap\">\n\t\t\t\t\t\t\t<section class=\"elementor-section elementor-top-section elementor-element elementor-element-3f184cd elementor-section-boxed elementor-section-height-default elementor-section-height-default\" data-id=\"3f184cd\" data-element_type=\"section\">\n\t\t\t\t\t\t<div class=\"elementor-container elementor-column-gap-default\">\n\t\t\t\t\t\t\t<div class=\"elementor-row\">\n\t\t\t\t\t<div class=\"elementor-column elementor-col-100 elementor-top-column elementor-element elementor-element-d1fd978\" data-id=\"d1fd978\" data-element_type=\"column\">\n\t\t\t<div class=\"elementor-column-wrap elementor-element-populated\">\n\t\t\t\t\t\t\t<div class=\"elementor-widget-wrap\">\n\t\t\t\t\t\t<div class=\"elementor-element elementor-element-513c4b7 elementor-widget elementor-widget-heading\" data-id=\"513c4b7\" data-element_type=\"widget\" data-widget_type=\"heading.default\">\n\t\t\t\t<div class=\"elementor-widget-container\">\n\t\t\t<h1 class=\"elementor-heading-title elementor-size-xl\">Quelle formule pour bien d\u00e9m\u00e9nager ?<\/h1>\t\t<\/div>\n\t\t\t\t<\/div>\n\t\t\t\t\t\t<\/div>\n\t\t\t\t\t<\/div>\n\t\t<\/div>\n\t\t\t\t\t\t\t\t<\/div>\n\t\t\t\t\t<\/div>\n\t\t<\/section>\n\t\t\t\t<section class=\"elementor-section elementor-top-section elementor-element elementor-element-4aa1dd9 elementor-section-boxed elementor-section-height-default elementor-section-height-default\" data-id=\"4aa1dd9\" data-element_type=\"section\">\n\t\t\t\t\t\t<div class=\"elementor-container elementor-column-gap-default\">\n\t\t\t\t\t\t\t<div class=\"elementor-row\">\n\t\t\t\t\t<div class=\"elementor-column elementor-col-100 elementor-top-column elementor-element elementor-element-85574b3\" data-id=\"85574b3\" data-element_type=\"column\">\n\t\t\t<div class=\"elementor-column-wrap elementor-element-populated\">\n\t\t\t\t\t\t\t<div class=\"elementor-widget-wrap\">\n\t\t\t\t\t\t<div class=\"elementor-element elementor-element-26c815d elementor-widget elementor-widget-spacer\" data-id=\"26c815d\" data-element_type=\"widget\" data-widget_type=\"spacer.default\">\n\t\t\t\t<div class=\"elementor-widget-container\">\n\t\t\t\t\t<div class=\"elementor-spacer\">\n\t\t\t<div class=\"elementor-spacer-inner\"><\/div>\n\t\t<\/div>\n\t\t\t\t<\/div>\n\t\t\t\t<\/div>\n\t\t\t\t\t\t<\/div>\n\t\t\t\t\t<\/div>\n\t\t<\/div>\n\t\t\t\t\t\t\t\t<\/div>\n\t\t\t\t\t<\/div>\n\t\t<\/section>\n\t\t\t\t<section class=\"elementor-section elementor-top-section elementor-element elementor-element-a620eb9 elementor-section-boxed elementor-section-height-default elementor-section-height-default\" data-id=\"a620eb9\" data-element_type=\"section\">\n\t\t\t\t\t\t<div class=\"elementor-container elementor-column-gap-default\">\n\t\t\t\t\t\t\t<div class=\"elementor-row\">\n\t\t\t\t\t<div class=\"elementor-column elementor-col-66 elementor-top-column elementor-element elementor-element-0d9ec38\" data-id=\"0d9ec38\" data-element_type=\"column\">\n\t\t\t<div class=\"elementor-column-wrap elementor-element-populated\">\n\t\t\t\t\t\t\t<div class=\"elementor-widget-wrap\">\n\t\t\t\t\t\t<div class=\"elementor-element elementor-element-ea7a801 elementor-widget elementor-widget-text-editor\" data-id=\"ea7a801\" data-element_type=\"widget\" data-widget_type=\"text-editor.default\">\n\t\t\t\t<div class=\"elementor-widget-container\">\n\t\t\t\t\t<div class=\"elementor-text-editor elementor-clearfix\"><p>Quelle est la bonne formule pour d\u00e9m\u00e9nager ? Comment recevoir un devis avec le juste prix ?<\/p><p>En fonction de vos besoins, nous vous proposons diff\u00e9rentes prestations de d\u00e9m\u00e9nagements : de la plus simple, la\u00a0<strong>formule Acces<\/strong>, \u00e0 la plus compl\u00e8te, la\u00a0<strong>formule Optimum<\/strong>.<\/p><p>Vous pr\u00e9f\u00e9rez\u00a0<a href=\"http:\/\/www.tessiot-demenagement.com\/lareunion\/emballages-pour-demenager\/\">emballez vous-m\u00eame vos effets<\/a>\u00a0? Ou uniquement les biens non fragiles ? Vous pr\u00e9f\u00e9rez que l\u2019on s\u2019occupe de tout pour vous ? Vous avez besoin <a href=\"http:\/\/www.tessiot-demenagement.com\/lareunion\/stocker-en-garde-meubles\/\">d\u2019un\u00a0garde-meubles\u00a0<\/a>? Une fois la prestation choisie,\u00a0\u00a0notre conseiller(\u00e8re) vous propose la meilleure formule et le devis pour votre d\u00e9m\u00e9nagement.<\/p><\/div>\n\t\t\t\t<\/div>\n\t\t\t\t<\/div>\n\t\t\t\t<div class=\"elementor-element elementor-element-5875c16 elementor-widget elementor-widget-heading\" data-id=\"5875c16\" data-element_type=\"widget\" data-widget_type=\"heading.default\">\n\t\t\t\t<div class=\"elementor-widget-container\">\n\t\t\t<h2 class=\"elementor-heading-title elementor-size-large\">Visite gratuite possible.<\/h2>\t\t<\/div>\n\t\t\t\t<\/div>\n\t\t\t\t<div class=\"elementor-element elementor-element-70de24e elementor-widget elementor-widget-text-editor\" data-id=\"70de24e\" data-element_type=\"widget\" data-widget_type=\"text-editor.default\">\n\t\t\t\t<div class=\"elementor-widget-container\">\n\t\t\t\t\t<div class=\"elementor-text-editor elementor-clearfix\"><p>Un de nos experts est disponible pour vous rencontrer si possible et vous expliquer avec plus de pr\u00e9cisions nos formules. Il\u00a0<strong>estimera le volume de vos biens et votre mobilier<\/strong>, l\u2019emballage n\u00e9cessaire, les conditions d\u2019acc\u00e8s \u00e0 votre logement, le nombre de personnel ad\u00e9quat, le besoin d\u2019une autorisation de stationnement. B\u00e9n\u00e9ficiez de notre\u00a0<strong>conseil sur-mesure<\/strong>\u00a0et recevez dans les meilleurs d\u00e9lais un\u00a0<strong>devis gratuit<\/strong>\u00a0adapt\u00e9 \u00e0 vos besoins.<\/p><\/div>\n\t\t\t\t<\/div>\n\t\t\t\t<\/div>\n\t\t\t\t\t\t<\/div>\n\t\t\t\t\t<\/div>\n\t\t<\/div>\n\t\t\t\t<div class=\"elementor-column elementor-col-33 elementor-top-column elementor-element elementor-element-eb84808\" data-id=\"eb84808\" data-element_type=\"column\">\n\t\t\t<div class=\"elementor-column-wrap elementor-element-populated\">\n\t\t\t\t\t\t\t<div class=\"elementor-widget-wrap\">\n\t\t\t\t\t\t<div class=\"elementor-element elementor-element-3c164a7 elementor-widget elementor-widget-image\" data-id=\"3c164a7\" data-element_type=\"widget\" data-widget_type=\"image.default\">\n\t\t\t\t<div class=\"elementor-widget-container\">\n\t\t\t\t\t<div class=\"elementor-image\">\n\t\t\t\t\t\t\t\t\t\t<img width=\"500\" height=\"333\" src=\"http:\/\/www.tessiot-demenagement.com\/lareunion\/wp-content\/uploads\/2020\/09\/pexels-photo-4553266.jpg\" class=\"attachment-large size-large\" alt=\"les formules pour d\u00e9m\u00e9nager\" loading=\"lazy\" srcset=\"http:\/\/www.tessiot-demenagement.com\/lareunion\/wp-content\/uploads\/2020\/09\/pexels-photo-4553266.jpg 500w, http:\/\/www.tessiot-demenagement.com\/lareunion\/wp-content\/uploads\/2020\/09\/pexels-photo-4553266-300x200.jpg 300w\" sizes=\"(max-width: 500px) 100vw, 500px\" \/>\t\t\t\t\t\t\t\t\t\t\t<\/div>\n\t\t\t\t<\/div>\n\t\t\t\t<\/div>\n\t\t\t\t\t\t<\/div>\n\t\t\t\t\t<\/div>\n\t\t<\/div>\n\t\t\t\t\t\t\t\t<\/div>\n\t\t\t\t\t<\/div>\n\t\t<\/section>\n\t\t\t\t<section class=\"elementor-section elementor-top-section elementor-element elementor-element-bc85612 elementor-section-boxed elementor-section-height-default elementor-section-height-default\" data-id=\"bc85612\" data-element_type=\"section\">\n\t\t\t\t\t\t<div class=\"elementor-container elementor-column-gap-default\">\n\t\t\t\t\t\t\t<div class=\"elementor-row\">\n\t\t\t\t\t<div class=\"elementor-column elementor-col-100 elementor-top-column elementor-element elementor-element-36a507f\" data-id=\"36a507f\" data-element_type=\"column\">\n\t\t\t<div class=\"elementor-column-wrap elementor-element-populated\">\n\t\t\t\t\t\t\t<div class=\"elementor-widget-wrap\">\n\t\t\t\t\t\t<div class=\"elementor-element elementor-element-7e2887e elementor-widget elementor-widget-heading\" data-id=\"7e2887e\" data-element_type=\"widget\" data-widget_type=\"heading.default\">\n\t\t\t\t<div class=\"elementor-widget-container\">\n\t\t\t<h3 class=\"elementor-heading-title elementor-size-large\">D\u00e9couvrez nos solutions.<\/h3>\t\t<\/div>\n\t\t\t\t<\/div>\n\t\t\t\t\t\t<\/div>\n\t\t\t\t\t<\/div>\n\t\t<\/div>\n\t\t\t\t\t\t\t\t<\/div>\n\t\t\t\t\t<\/div>\n\t\t<\/section>\n\t\t\t\t<section class=\"elementor-section elementor-top-section elementor-element elementor-element-ab5a5b4 elementor-section-boxed elementor-section-height-default elementor-section-height-default\" data-id=\"ab5a5b4\" data-element_type=\"section\">\n\t\t\t\t\t\t<div class=\"elementor-container elementor-column-gap-default\">\n\t\t\t\t\t\t\t<div class=\"elementor-row\">\n\t\t\t\t\t<div class=\"elementor-column elementor-col-100 elementor-top-column elementor-element elementor-element-39cdc0e\" data-id=\"39cdc0e\" data-element_type=\"column\">\n\t\t\t<div class=\"elementor-column-wrap elementor-element-populated\">\n\t\t\t\t\t\t\t<div class=\"elementor-widget-wrap\">\n\t\t\t\t\t\t<div class=\"elementor-element elementor-element-0576e92 elementor-widget elementor-widget-spacer\" data-id=\"0576e92\" data-element_type=\"widget\" data-widget_type=\"spacer.default\">\n\t\t\t\t<div class=\"elementor-widget-container\">\n\t\t\t\t\t<div class=\"elementor-spacer\">\n\t\t\t<div class=\"elementor-spacer-inner\"><\/div>\n\t\t<\/div>\n\t\t\t\t<\/div>\n\t\t\t\t<\/div>\n\t\t\t\t\t\t<\/div>\n\t\t\t\t\t<\/div>\n\t\t<\/div>\n\t\t\t\t\t\t\t\t<\/div>\n\t\t\t\t\t<\/div>\n\t\t<\/section>\n\t\t\t\t<section class=\"elementor-section elementor-top-section elementor-element elementor-element-8a95258 elementor-section-boxed elementor-section-height-default elementor-section-height-default\" data-id=\"8a95258\" data-element_type=\"section\">\n\t\t\t\t\t\t<div class=\"elementor-container elementor-column-gap-default\">\n\t\t\t\t\t\t\t<div class=\"elementor-row\">\n\t\t\t\t\t<div class=\"elementor-column elementor-col-33 elementor-top-column elementor-element elementor-element-5dad5d5\" data-id=\"5dad5d5\" data-element_type=\"column\">\n\t\t\t<div class=\"elementor-column-wrap elementor-element-populated\">\n\t\t\t\t\t\t\t<div class=\"elementor-widget-wrap\">\n\t\t\t\t\t\t<div class=\"elementor-element elementor-element-81484eb elementor-widget elementor-widget-text-editor\" data-id=\"81484eb\" data-element_type=\"widget\" data-widget_type=\"text-editor.default\">\n\t\t\t\t<div class=\"elementor-widget-container\">\n\t\t\t\t\t<div class=\"elementor-text-editor elementor-clearfix\"><h3><strong>Formule<\/strong><\/h3><h3><span style=\"text-decoration: underline;\"><strong>ACCESS TESSIOT\u00a0<\/strong><\/span><\/h3><p>La formule qui vous donne acc\u00e8s aux services de d\u00e9m\u00e9nageurs professionnels et vous permet d\u2019\u00e9viter toute fatigue\u2026 Pour un prix tr\u00e8s accessible, la possibilit\u00e9 de s\u2019offrir les services de professionnels du d\u00e9m\u00e9nagement.<\/p><\/div>\n\t\t\t\t<\/div>\n\t\t\t\t<\/div>\n\t\t\t\t\t\t<\/div>\n\t\t\t\t\t<\/div>\n\t\t<\/div>\n\t\t\t\t<div class=\"elementor-column elementor-col-33 elementor-top-column elementor-element elementor-element-439b6b2\" data-id=\"439b6b2\" data-element_type=\"column\">\n\t\t\t<div class=\"elementor-column-wrap elementor-element-populated\">\n\t\t\t\t\t\t\t<div class=\"elementor-widget-wrap\">\n\t\t\t\t\t\t<div class=\"elementor-element elementor-element-437fccb elementor-widget elementor-widget-text-editor\" data-id=\"437fccb\" data-element_type=\"widget\" data-widget_type=\"text-editor.default\">\n\t\t\t\t<div class=\"elementor-widget-container\">\n\t\t\t\t\t<div class=\"elementor-text-editor elementor-clearfix\"><h3><strong>Formule\u00a0<\/strong><\/h3><h3><span style=\"text-decoration: underline;\"><strong>STANDING TESSIOT<\/strong><\/span><\/h3><p>Le bon choix quand on recherche plus de confort et de s\u00e9curit\u00e9. Vos d\u00e9m\u00e9nageurs d\u00e9montent vos meubles. Vos objets et mobiliers fragiles seront emball\u00e9s avec nos protections adapt\u00e9es dans les r\u00e8gles du m\u00e9tier.<\/p><\/div>\n\t\t\t\t<\/div>\n\t\t\t\t<\/div>\n\t\t\t\t\t\t<\/div>\n\t\t\t\t\t<\/div>\n\t\t<\/div>\n\t\t\t\t<div class=\"elementor-column elementor-col-33 elementor-top-column elementor-element elementor-element-9c61b50\" data-id=\"9c61b50\" data-element_type=\"column\">\n\t\t\t<div class=\"elementor-column-wrap elementor-element-populated\">\n\t\t\t\t\t\t\t<div class=\"elementor-widget-wrap\">\n\t\t\t\t\t\t<div class=\"elementor-element elementor-element-adf0ded elementor-widget elementor-widget-text-editor\" data-id=\"adf0ded\" data-element_type=\"widget\" data-widget_type=\"text-editor.default\">\n\t\t\t\t<div class=\"elementor-widget-container\">\n\t\t\t\t\t<div class=\"elementor-text-editor elementor-clearfix\"><h3><strong>Formule\u00a0<\/strong><\/h3><h3><span style=\"text-decoration: underline;\"><strong>OPTIMUM\u00a0TESSIOT<\/strong><\/span><\/h3><p>Le confort total avec notre formule la plus compl\u00e8te pour votre transfert. Vous pouvez faire confiance \u00e0 nos d\u00e9m\u00e9nageurs, ils se chargeront de tout \u00e0 votre place, avec le plus grand soin pour vos biens.<\/p><\/div>\n\t\t\t\t<\/div>\n\t\t\t\t<\/div>\n\t\t\t\t\t\t<\/div>\n\t\t\t\t\t<\/div>\n\t\t<\/div>\n\t\t\t\t\t\t\t\t<\/div>\n\t\t\t\t\t<\/div>\n\t\t<\/section>\n\t\t\t\t<section class=\"elementor-section elementor-top-section elementor-element elementor-element-95f9d40 elementor-section-boxed elementor-section-height-default elementor-section-height-default\" data-id=\"95f9d40\" data-element_type=\"section\">\n\t\t\t\t\t\t<div class=\"elementor-container elementor-column-gap-default\">\n\t\t\t\t\t\t\t<div class=\"elementor-row\">\n\t\t\t\t\t<div class=\"elementor-column elementor-col-100 elementor-top-column elementor-element elementor-element-24c7b08\" data-id=\"24c7b08\" data-element_type=\"column\">\n\t\t\t<div class=\"elementor-column-wrap elementor-element-populated\">\n\t\t\t\t\t\t\t<div class=\"elementor-widget-wrap\">\n\t\t\t\t\t\t<div class=\"elementor-element elementor-element-b6740f1 elementor-widget elementor-widget-spacer\" data-id=\"b6740f1\" data-element_type=\"widget\" data-widget_type=\"spacer.default\">\n\t\t\t\t<div class=\"elementor-widget-container\">\n\t\t\t\t\t<div class=\"elementor-spacer\">\n\t\t\t<div class=\"elementor-spacer-inner\"><\/div>\n\t\t<\/div>\n\t\t\t\t<\/div>\n\t\t\t\t<\/div>\n\t\t\t\t\t\t<\/div>\n\t\t\t\t\t<\/div>\n\t\t<\/div>\n\t\t\t\t\t\t\t\t<\/div>\n\t\t\t\t\t<\/div>\n\t\t<\/section>\n\t\t\t\t<section class=\"elementor-section elementor-top-section elementor-element elementor-element-b1a4abf elementor-section-boxed elementor-section-height-default elementor-section-height-default\" data-id=\"b1a4abf\" data-element_type=\"section\">\n\t\t\t\t\t\t<div class=\"elementor-container elementor-column-gap-default\">\n\t\t\t\t\t\t\t<div class=\"elementor-row\">\n\t\t\t\t\t<div class=\"elementor-column elementor-col-100 elementor-top-column elementor-element elementor-element-fcec8bf\" data-id=\"fcec8bf\" data-element_type=\"column\">\n\t\t\t<div class=\"elementor-column-wrap elementor-element-populated\">\n\t\t\t\t\t\t\t<div class=\"elementor-widget-wrap\">\n\t\t\t\t\t\t<div class=\"elementor-element elementor-element-6c9ca84 elementor-widget elementor-widget-heading\" data-id=\"6c9ca84\" data-element_type=\"widget\" data-widget_type=\"heading.default\">\n\t\t\t\t<div class=\"elementor-widget-container\">\n\t\t\t<h4 class=\"elementor-heading-title elementor-size-large\">Formules et devis gratuit pour votre d\u00e9m\u00e9nagement.<\/h4>\t\t<\/div>\n\t\t\t\t<\/div>\n\t\t\t\t\t\t<\/div>\n\t\t\t\t\t<\/div>\n\t\t<\/div>\n\t\t\t\t\t\t\t\t<\/div>\n\t\t\t\t\t<\/div>\n\t\t<\/section>\n\t\t\t\t<section class=\"elementor-section elementor-top-section elementor-element elementor-element-0d104be elementor-section-boxed elementor-section-height-default elementor-section-height-default\" data-id=\"0d104be\" data-element_type=\"section\">\n\t\t\t\t\t\t<div class=\"elementor-container elementor-column-gap-default\">\n\t\t\t\t\t\t\t<div class=\"elementor-row\">\n\t\t\t\t\t<div class=\"elementor-column elementor-col-100 elementor-top-column elementor-element elementor-element-2a322ad\" data-id=\"2a322ad\" data-element_type=\"column\">\n\t\t\t<div class=\"elementor-column-wrap elementor-element-populated\">\n\t\t\t\t\t\t\t<div class=\"elementor-widget-wrap\">\n\t\t\t\t\t\t<div class=\"elementor-element elementor-element-bf33b69 elementor-widget elementor-widget-text-editor\" data-id=\"bf33b69\" data-element_type=\"widget\" data-widget_type=\"text-editor.default\">\n\t\t\t\t<div class=\"elementor-widget-container\">\n\t\t\t\t\t<div class=\"elementor-text-editor elementor-clearfix\"><p>Tessiot D\u00e9m\u00e9nagements vous donne acc\u00e8s \u00e0 un large choix de prestations, de l\u2019ACCESS \u00e0 l\u2019OPTIMUM +. Contactez-nous pour avoir la solution adapt\u00e9e \u00e0 votre d\u00e9m\u00e9nagement.<\/p><ul><li><a href=\"http:\/\/www.tessiot-demenagement.com\/lareunion\/wp-content\/uploads\/2020\/10\/tableau-formules-2.pdf\">D\u00e9couvrez les formules Tessiot D\u00e9m\u00e9nagements<\/a><\/li><li>Acc\u00e9dez \u00e0 nos <a href=\"http:\/\/www.tessiot-demenagement.com\/lareunion\/wp-content\/uploads\/2022\/02\/CGV-dem.-part.-25.1-2022.pdf\">Conditions G\u00e9n\u00e9rales de Vente<\/a><\/li><\/ul><\/div>\n\t\t\t\t<\/div>\n\t\t\t\t<\/div>\n\t\t\t\t\t\t<\/div>\n\t\t\t\t\t<\/div>\n\t\t<\/div>\n\t\t\t\t\t\t\t\t<\/div>\n\t\t\t\t\t<\/div>\n\t\t<\/section>\n\t\t\t\t<section class=\"elementor-section elementor-top-section elementor-element elementor-element-30bdad5 elementor-section-boxed elementor-section-height-default elementor-section-height-default\" data-id=\"30bdad5\" data-element_type=\"section\">\n\t\t\t\t\t\t<div class=\"elementor-container elementor-column-gap-default\">\n\t\t\t\t\t\t\t<div class=\"elementor-row\">\n\t\t\t\t\t<div class=\"elementor-column elementor-col-100 elementor-top-column elementor-element elementor-element-97d855e\" data-id=\"97d855e\" data-element_type=\"column\">\n\t\t\t<div class=\"elementor-column-wrap elementor-element-populated\">\n\t\t\t\t\t\t\t<div class=\"elementor-widget-wrap\">\n\t\t\t\t\t\t<div class=\"elementor-element elementor-element-825fd3f elementor-align-center elementor-button-success elementor-widget elementor-widget-button\" data-id=\"825fd3f\" data-element_type=\"widget\" data-widget_type=\"button.default\">\n\t\t\t\t<div class=\"elementor-widget-container\">\n\t\t\t\t\t<div class=\"elementor-button-wrapper\">\n\t\t\t<a href=\"http:\/\/www.tessiot-demenagement.com\/lareunion\/devis-demenagement-reunion\/\" class=\"elementor-button-link elementor-button elementor-size-xl\" role=\"button\">\n\t\t\t\t\t\t<span class=\"elementor-button-content-wrapper\">\n\t\t\t\t\t\t<span class=\"elementor-button-text\">Demandez votre devis gratuit<\/span>\n\t\t<\/span>\n\t\t\t\t\t<\/a>\n\t\t<\/div>\n\t\t\t\t<\/div>\n\t\t\t\t<\/div>\n\t\t\t\t\t\t<\/div>\n\t\t\t\t\t<\/div>\n\t\t<\/div>\n\t\t\t\t\t\t\t\t<\/div>\n\t\t\t\t\t<\/div>\n\t\t<\/section>\n\t\t\t\t\t\t<\/div>\n\t\t\t\t\t\t<\/div>\n\t\t\t\t\t<\/div>\n\t\t","protected":false},"excerpt":{"rendered":"<p>Quelle formule pour bien d\u00e9m\u00e9nager ? Quelle est la bonne formule pour d\u00e9m\u00e9nager ? Comment recevoir un devis avec le<\/p>\n","protected":false},"author":1,"featured_media":0,"parent":0,"menu_order":1,"comment_status":"open","ping_status":"open","template":"","meta":{"spay_email":""},"yoast_head":"<!-- This site is optimized with the Yoast SEO plugin v15.8 - https:\/\/yoast.com\/wordpress\/plugins\/seo\/ -->\n<title>Quelle formule pour d\u00e9m\u00e9nager ? - D\u00e9m\u00e9nagement A Tessiot<\/title>\n<meta name=\"description\" content=\"Quelle est la bonne formule pour d\u00e9m\u00e9nager ? Tessiot La R\u00e9union vous accompagne pour vous permettre de faire le bon choix.\" \/>\n<meta name=\"robots\" content=\"index, follow, max-snippet:-1, max-image-preview:large, max-video-preview:-1\" \/>\n<link rel=\"canonical\" href=\"https:\/\/www.tessiot-demenagement.com\/lareunion\/quelle-formule-pour-demenager\/\" \/>\n<meta property=\"og:locale\" content=\"fr_FR\" \/>\n<meta property=\"og:type\" content=\"article\" \/>\n<meta property=\"og:title\" content=\"Quelle formule pour d\u00e9m\u00e9nager ? - D\u00e9m\u00e9nagement A Tessiot\" \/>\n<meta property=\"og:description\" content=\"Quelle est la bonne formule pour d\u00e9m\u00e9nager ? Tessiot La R\u00e9union vous accompagne pour vous permettre de faire le bon choix.\" \/>\n<meta property=\"og:url\" content=\"https:\/\/www.tessiot-demenagement.com\/lareunion\/quelle-formule-pour-demenager\/\" \/>\n<meta property=\"og:site_name\" content=\"D\u00e9m\u00e9nagement A Tessiot\" \/>\n<meta property=\"article:modified_time\" content=\"2022-02-02T15:55:06+00:00\" \/>\n<meta property=\"og:image\" content=\"http:\/\/www.tessiot-demenagement.com\/lareunion\/wp-content\/uploads\/2020\/09\/pexels-photo-4553266.jpg\" \/>\n<meta name=\"twitter:label1\" content=\"Dur\u00e9e de lecture est.\">\n\t<meta name=\"twitter:data1\" content=\"2 minutes\">\n<script type=\"application\/ld+json\" class=\"yoast-schema-graph\">{\"@context\":\"https:\/\/schema.org\",\"@graph\":[{\"@type\":\"WebSite\",\"@id\":\"http:\/\/www.tessiot-demenagement.com\/lareunion\/#website\",\"url\":\"http:\/\/www.tessiot-demenagement.com\/lareunion\/\",\"name\":\"D\\u00e9m\\u00e9nagement A Tessiot\",\"description\":\"votre demenageur specialiste des transferts administratifs et industriels\",\"potentialAction\":[{\"@type\":\"SearchAction\",\"target\":\"http:\/\/www.tessiot-demenagement.com\/lareunion\/?s={search_term_string}\",\"query-input\":\"required name=search_term_string\"}],\"inLanguage\":\"fr-FR\"},{\"@type\":\"ImageObject\",\"@id\":\"https:\/\/www.tessiot-demenagement.com\/lareunion\/quelle-formule-pour-demenager\/#primaryimage\",\"inLanguage\":\"fr-FR\",\"url\":\"http:\/\/www.tessiot-demenagement.com\/lareunion\/wp-content\/uploads\/2020\/09\/pexels-photo-4553266.jpg\",\"width\":500,\"height\":333,\"caption\":\"les formules pour d\\u00e9m\\u00e9nager\"},{\"@type\":\"WebPage\",\"@id\":\"https:\/\/www.tessiot-demenagement.com\/lareunion\/quelle-formule-pour-demenager\/#webpage\",\"url\":\"https:\/\/www.tessiot-demenagement.com\/lareunion\/quelle-formule-pour-demenager\/\",\"name\":\"Quelle formule pour d\\u00e9m\\u00e9nager ? - D\\u00e9m\\u00e9nagement A Tessiot\",\"isPartOf\":{\"@id\":\"http:\/\/www.tessiot-demenagement.com\/lareunion\/#website\"},\"primaryImageOfPage\":{\"@id\":\"https:\/\/www.tessiot-demenagement.com\/lareunion\/quelle-formule-pour-demenager\/#primaryimage\"},\"datePublished\":\"2014-10-29T11:05:03+00:00\",\"dateModified\":\"2022-02-02T15:55:06+00:00\",\"description\":\"Quelle est la bonne formule pour d\\u00e9m\\u00e9nager ? Tessiot La R\\u00e9union vous accompagne pour vous permettre de faire le bon choix.\",\"breadcrumb\":{\"@id\":\"https:\/\/www.tessiot-demenagement.com\/lareunion\/quelle-formule-pour-demenager\/#breadcrumb\"},\"inLanguage\":\"fr-FR\",\"potentialAction\":[{\"@type\":\"ReadAction\",\"target\":[\"https:\/\/www.tessiot-demenagement.com\/lareunion\/quelle-formule-pour-demenager\/\"]}]},{\"@type\":\"BreadcrumbList\",\"@id\":\"https:\/\/www.tessiot-demenagement.com\/lareunion\/quelle-formule-pour-demenager\/#breadcrumb\",\"itemListElement\":[{\"@type\":\"ListItem\",\"position\":1,\"item\":{\"@type\":\"WebPage\",\"@id\":\"https:\/\/www.tessiot-demenagement.com\/lareunion\/quelle-formule-pour-demenager\/\",\"url\":\"https:\/\/www.tessiot-demenagement.com\/lareunion\/quelle-formule-pour-demenager\/\",\"name\":\"Quelle formule pour d\\u00e9m\\u00e9nager ?\"}}]}]}<\/script>\n<!-- \/ Yoast SEO plugin. -->","jetpack_sharing_enabled":true,"jetpack_shortlink":"https:\/\/wp.me\/P5eCLF-80","_links":{"self":[{"href":"http:\/\/www.tessiot-demenagement.com\/lareunion\/wp-json\/wp\/v2\/pages\/496"}],"collection":[{"href":"http:\/\/www.tessiot-demenagement.com\/lareunion\/wp-json\/wp\/v2\/pages"}],"about":[{"href":"http:\/\/www.tessiot-demenagement.com\/lareunion\/wp-json\/wp\/v2\/types\/page"}],"author":[{"embeddable":true,"href":"http:\/\/www.tessiot-demenagement.com\/lareunion\/wp-json\/wp\/v2\/users\/1"}],"replies":[{"embeddable":true,"href":"http:\/\/www.tessiot-demenagement.com\/lareunion\/wp-json\/wp\/v2\/comments?post=496"}],"version-history":[{"count":24,"href":"http:\/\/www.tessiot-demenagement.com\/lareunion\/wp-json\/wp\/v2\/pages\/496\/revisions"}],"predecessor-version":[{"id":3068,"href":"http:\/\/www.tessiot-demenagement.com\/lareunion\/wp-json\/wp\/v2\/pages\/496\/revisions\/3068"}],"wp:attachment":[{"href":"http:\/\/www.tessiot-demenagement.com\/lareunion\/wp-json\/wp\/v2\/media?parent=496"}],"curies":[{"name":"wp","href":"https:\/\/api.w.org\/{rel}","templated":true}]}}