{"id":391,"date":"2014-10-24T09:42:43","date_gmt":"2014-10-24T09:42:43","guid":{"rendered":"http:\/\/www.tessiot-demenagement.com\/lareunion\/?page_id=391"},"modified":"2022-03-28T06:30:47","modified_gmt":"2022-03-28T06:30:47","slug":"devis-demenagement-reunion","status":"publish","type":"page","link":"http:\/\/www.tessiot-demenagement.com\/lareunion\/devis-demenagement-reunion\/","title":{"rendered":"Demande de Devis"},"content":{"rendered":"\t\t<div data-elementor-type=\"wp-page\" data-elementor-id=\"391\" class=\"elementor elementor-391\" data-elementor-settings=\"[]\">\n\t\t\t\t\t\t<div class=\"elementor-inner\">\n\t\t\t\t\t\t\t<div class=\"elementor-section-wrap\">\n\t\t\t\t\t\t\t<section class=\"elementor-section elementor-top-section elementor-element elementor-element-0d4329d elementor-section-boxed elementor-section-height-default elementor-section-height-default\" data-id=\"0d4329d\" data-element_type=\"section\">\n\t\t\t\t\t\t<div class=\"elementor-container elementor-column-gap-default\">\n\t\t\t\t\t\t\t<div class=\"elementor-row\">\n\t\t\t\t\t<div class=\"elementor-column elementor-col-100 elementor-top-column elementor-element elementor-element-aedc87d\" data-id=\"aedc87d\" data-element_type=\"column\">\n\t\t\t<div class=\"elementor-column-wrap elementor-element-populated\">\n\t\t\t\t\t\t\t<div class=\"elementor-widget-wrap\">\n\t\t\t\t\t\t<div class=\"elementor-element elementor-element-3a822f3 elementor-widget elementor-widget-image\" data-id=\"3a822f3\" data-element_type=\"widget\" data-widget_type=\"image.default\">\n\t\t\t\t<div class=\"elementor-widget-container\">\n\t\t\t\t\t<div class=\"elementor-image\">\n\t\t\t\t\t\t\t\t\t\t<img width=\"300\" height=\"158\" src=\"http:\/\/www.tessiot-demenagement.com\/lareunion\/wp-content\/uploads\/2015\/01\/logotessiot_planisphere-300x158.jpg\" class=\"attachment-medium size-medium\" alt=\"\" loading=\"lazy\" srcset=\"http:\/\/www.tessiot-demenagement.com\/lareunion\/wp-content\/uploads\/2015\/01\/logotessiot_planisphere-300x158.jpg 300w, http:\/\/www.tessiot-demenagement.com\/lareunion\/wp-content\/uploads\/2015\/01\/logotessiot_planisphere-768x406.jpg 768w, http:\/\/www.tessiot-demenagement.com\/lareunion\/wp-content\/uploads\/2015\/01\/logotessiot_planisphere-390x205.jpg 390w, http:\/\/www.tessiot-demenagement.com\/lareunion\/wp-content\/uploads\/2015\/01\/logotessiot_planisphere.jpg 854w\" sizes=\"(max-width: 300px) 100vw, 300px\" \/>\t\t\t\t\t\t\t\t\t\t\t<\/div>\n\t\t\t\t<\/div>\n\t\t\t\t<\/div>\n\t\t\t\t\t\t<\/div>\n\t\t\t\t\t<\/div>\n\t\t<\/div>\n\t\t\t\t\t\t\t\t<\/div>\n\t\t\t\t\t<\/div>\n\t\t<\/section>\n\t\t\t\t<section class=\"elementor-section elementor-top-section elementor-element elementor-element-83c9079 elementor-section-boxed elementor-section-height-default elementor-section-height-default\" data-id=\"83c9079\" data-element_type=\"section\">\n\t\t\t\t\t\t<div class=\"elementor-container elementor-column-gap-default\">\n\t\t\t\t\t\t\t<div class=\"elementor-row\">\n\t\t\t\t\t<div class=\"elementor-column elementor-col-100 elementor-top-column elementor-element elementor-element-39d900c\" data-id=\"39d900c\" data-element_type=\"column\">\n\t\t\t<div class=\"elementor-column-wrap elementor-element-populated\">\n\t\t\t\t\t\t\t<div class=\"elementor-widget-wrap\">\n\t\t\t\t\t\t<div class=\"elementor-element elementor-element-fb5cb68 elementor-widget elementor-widget-text-editor\" data-id=\"fb5cb68\" data-element_type=\"widget\" data-widget_type=\"text-editor.default\">\n\t\t\t\t<div class=\"elementor-widget-container\">\n\t\t\t\t\t<div class=\"elementor-text-editor elementor-clearfix\"><h6><em><strong>A.Tessiot D\u00e9m\u00e9nagement La R\u00e9union<\/strong>\u00a0vous accompagne dans votre d\u00e9m\u00e9nagement et vous apporte conseil, expertise et un savoir-faire unique sur l&#8217;\u00eele de la R\u00e9union.\u00a0<\/em><\/h6><h6><em>N<\/em><em style=\"font-family: 'Open Sans', sans-serif; font-size: 22px; font-weight: normal;\">ous saurons satisfaire votre demande \u00e0 tous les stades de votre d\u00e9m\u00e9nagement. Nous vous assurons qualit\u00e9, s\u00e9curit\u00e9 et s\u00e9r\u00e9nit\u00e9.<b>\u00a0<\/b><\/em><\/h6><h6><em style=\"font-family: 'Open Sans', sans-serif; font-size: 22px; font-weight: normal;\"><b>G<\/b><\/em><span style=\"font-style: normal; font-variant-ligatures: normal; font-variant-caps: normal; font-weight: 400; color: #000000; font-family: 'Open Sans', serif; font-size: 15px;\">r\u00e2ce \u00e0 notre expertise dans<\/span><span style=\"font-style: normal; font-variant-ligatures: normal; font-variant-caps: normal; font-weight: 400; color: #000000; font-family: 'Open Sans', serif; font-size: 15px;\">\u00a0les\u00a0<\/span><a style=\"font-style: normal; font-variant-ligatures: normal; font-variant-caps: normal; font-weight: 400; font-family: &#039;Open Sans&#039;, serif; font-size: 15px; transition: all 0.3s ease 0s;\" href=\"https:\/\/www.tessiot-demenagement.com\/fr\/un-transfert-reussi\/\" class=\"broken_link\">transferts locaux d&#8217;entreprises, d&#8217;administrations et industriels<\/a><span style=\"font-style: normal; font-variant-ligatures: normal; font-variant-caps: normal; font-weight: 400; color: #000000; font-family: 'Open Sans', serif; font-size: 15px;\">, nous pouvons r\u00e9aliser des prestations sur-mesure et \u00e0 votre convenance \u00e0 destination des professionnels et des adminsitrations.<\/span><\/h6><\/div>\n\t\t\t\t<\/div>\n\t\t\t\t<\/div>\n\t\t\t\t\t\t<\/div>\n\t\t\t\t\t<\/div>\n\t\t<\/div>\n\t\t\t\t\t\t\t\t<\/div>\n\t\t\t\t\t<\/div>\n\t\t<\/section>\n\t\t\t\t<section class=\"elementor-section elementor-top-section elementor-element elementor-element-7bd9017 elementor-section-boxed elementor-section-height-default elementor-section-height-default\" data-id=\"7bd9017\" data-element_type=\"section\">\n\t\t\t\t\t\t<div class=\"elementor-container elementor-column-gap-default\">\n\t\t\t\t\t\t\t<div class=\"elementor-row\">\n\t\t\t\t\t<div class=\"elementor-column elementor-col-100 elementor-top-column elementor-element elementor-element-49e5700\" data-id=\"49e5700\" data-element_type=\"column\">\n\t\t\t<div class=\"elementor-column-wrap elementor-element-populated\">\n\t\t\t\t\t\t\t<div class=\"elementor-widget-wrap\">\n\t\t\t\t\t\t<div class=\"elementor-element elementor-element-066dc46 elementor-widget elementor-widget-wp-widget-gform_widget\" data-id=\"066dc46\" data-element_type=\"widget\" data-widget_type=\"wp-widget-gform_widget.default\">\n\t\t\t\t<div class=\"elementor-widget-container\">\n\t\t\t<section class=\"widget widget_featured_posts clearfix\"><h3 class=\"widget-title\"><span>Demandez votre devis gratuit<\/span><\/h3><link rel='stylesheet' id='gforms_css-css'  href='http:\/\/www.tessiot-demenagement.com\/lareunion\/wp-content\/plugins\/gravityforms\/css\/forms.css?ver=5.5.18' type='text\/css' media='all' \/>\n\n                <div class='gf_browser_gecko gform_wrapper' id='gform_wrapper_6' ><form method='post' enctype='multipart\/form-data'  id='gform_6'  action='\/lareunion\/wp-json\/wp\/v2\/pages\/391'>\n                        <div class='gform_body'>\n                            <ul id='gform_fields_6' class='gform_fields top_label description_below'><li id='field_6_1' class='gfield               gfield_contains_required' ><label class='gfield_label' for='input_6_1'>Nom<span class='gfield_required'>*<\/span><\/label><div class='ginput_container'><input name='input_1' id='input_6_1' type='text' value='' class='medium'  tabindex='1'  \/><\/div><\/li><li id='field_6_2' class='gfield' ><label class='gfield_label' for='input_6_2'>Pr\u00e9nom<\/label><div class='ginput_container'><input name='input_2' id='input_6_2' type='text' value='' class='medium'  tabindex='2'  \/><\/div><\/li><li id='field_6_3' class='gfield               gfield_contains_required' ><label class='gfield_label' for='input_6_3'>T\u00e9l\u00e9phone<span class='gfield_required'>*<\/span><\/label><div class='ginput_container'><input name='input_3' id='input_6_3' type='text' value='' class='medium' tabindex='3' \/><\/div><\/li><li id='field_6_4' class='gfield               gfield_contains_required' ><label class='gfield_label' for='input_6_4'>Email<span class='gfield_required'>*<\/span><\/label><div class='ginput_container'><input name='input_4' id='input_6_4' type='text' value='' class='medium'  tabindex='4'  \/><\/div><\/li><li id='field_6_5' class='gfield' ><label class='gfield_label' for='input_6_5'>Ville de d\u00e9part ou code postal<\/label><div class='ginput_container'><input name='input_5' id='input_6_5' type='text' value='' class='medium'  tabindex='5'  \/><\/div><\/li><li id='field_6_6' class='gfield' ><label class='gfield_label' for='input_6_6'>Ville d&#039;arriv\u00e9e ou code postal<\/label><div class='ginput_container'><input name='input_6' id='input_6_6' type='text' value='' class='medium'  tabindex='6'  \/><\/div><\/li><li id='field_6_8' class='gfield               gfield_contains_required' ><label class='gfield_label' for='input_6_8'>S\u00e9lectionnez le type de prestation<span class='gfield_required'>*<\/span><\/label><div class='ginput_container'><select name='input_8' id='input_6_8'  class='medium gfield_select' tabindex='7' ><option value='D\u00e9m\u00e9nagement local' >D\u00e9m\u00e9nagement local<\/option><option value='D\u00e9m\u00e9nagement m\u00e9tropole' >D\u00e9m\u00e9nagement m\u00e9tropole<\/option><option value='D\u00e9m\u00e9nagement Mayotte' >D\u00e9m\u00e9nagement Mayotte<\/option><option value='D\u00e9m\u00e9nagement Maurice' >D\u00e9m\u00e9nagement Maurice<\/option><option value='D\u00e9m\u00e9nagement Madagascar' >D\u00e9m\u00e9nagement Madagascar<\/option><option value='D\u00e9m\u00e9nagement International' >D\u00e9m\u00e9nagement International<\/option><option value='Location camion avec chauffeur' >Location camion avec chauffeur<\/option><option value='Des Bras en Plus' >Des Bras en Plus<\/option><option value='Garde-meubles' >Garde-meubles<\/option><option value='Vente de cartons et emballages' >Vente de cartons et emballages<\/option><option value='Location &amp; vente de conteneurs' >Location &amp; vente de conteneurs<\/option><option value='Autres' >Autres<\/option><\/select><\/div><\/li><li id='field_6_7' class='gfield               gfield_contains_required' ><label class='gfield_label' for='input_6_7'>D\u00e9crivez en quelques mots votre demande<span class='gfield_required'>*<\/span><\/label><div class='ginput_container'><textarea name='input_7' id='input_6_7' class='textarea medium' tabindex='8'  rows='10' cols='50'><\/textarea><\/div><\/li>\n                            <\/ul><\/div>\n        <div class='gform_footer top_label'> <input type='submit' id='gform_submit_button_6' class='button gform_button' value='Envoyer' tabindex='9' \/>\n            <input type='hidden' class='gform_hidden' name='is_submit_6' value='1' \/>\n            <input type='hidden' class='gform_hidden' name='gform_submit' value='6' \/>\n            <input type='hidden' class='gform_hidden' name='gform_unique_id' value='69ecfa3f942da' \/>\n            <input type='hidden' class='gform_hidden' name='state_6' value='YToyOntpOjA7czo2OiJhOjA6e30iO2k6MTtzOjMyOiJlNDBlOTY2YjE1NzNkZTBkMjg2OGZjMmJhODZjYTNlYiI7fQ==' \/>\n            <input type='hidden' class='gform_hidden' name='gform_target_page_number_6' id='gform_target_page_number_6' value='0' \/>\n            <input type='hidden' class='gform_hidden' name='gform_source_page_number_6' id='gform_source_page_number_6' value='1' \/>\n            <input type='hidden' name='gform_field_values' value='' \/>\n            \n        <\/div>\n                <\/form>\n                <\/div><\/section>\t\t<\/div>\n\t\t\t\t<\/div>\n\t\t\t\t\t\t<\/div>\n\t\t\t\t\t<\/div>\n\t\t<\/div>\n\t\t\t\t\t\t\t\t<\/div>\n\t\t\t\t\t<\/div>\n\t\t<\/section>\n\t\t\t\t\t\t<\/div>\n\t\t\t\t\t\t<\/div>\n\t\t\t\t\t<\/div>\n\t\t","protected":false},"excerpt":{"rendered":"<p>A.Tessiot D\u00e9m\u00e9nagement La R\u00e9union\u00a0vous accompagne dans votre d\u00e9m\u00e9nagement et vous apporte conseil, expertise et un savoir-faire unique sur l&#8217;\u00eele de<\/p>\n","protected":false},"author":1,"featured_media":0,"parent":0,"menu_order":0,"comment_status":"open","ping_status":"open","template":"","meta":{"spay_email":""},"yoast_head":"<!-- This site is optimized with the Yoast SEO plugin v15.8 - https:\/\/yoast.com\/wordpress\/plugins\/seo\/ -->\n<title>Demande de Devis - D\u00e9m\u00e9nagement A Tessiot<\/title>\n<meta name=\"description\" content=\"Devis d\u00e9m\u00e9nagement La R\u00e9union: votre devis en ligne en un clic. Simple, rapide, recevez une r\u00e9ponse en moins de 24 heures. Un devis juste et sans surprise.\" \/>\n<meta name=\"robots\" content=\"index, follow, max-snippet:-1, max-image-preview:large, max-video-preview:-1\" \/>\n<link rel=\"canonical\" href=\"https:\/\/www.tessiot-demenagement.com\/lareunion\/devis-demenagement-reunion\/\" \/>\n<meta property=\"og:locale\" content=\"fr_FR\" \/>\n<meta property=\"og:type\" content=\"article\" \/>\n<meta property=\"og:title\" content=\"Demande de Devis - D\u00e9m\u00e9nagement A Tessiot\" \/>\n<meta property=\"og:description\" content=\"Devis d\u00e9m\u00e9nagement La R\u00e9union: votre devis en ligne en un clic. Simple, rapide, recevez une r\u00e9ponse en moins de 24 heures. Un devis juste et sans surprise.\" \/>\n<meta property=\"og:url\" content=\"https:\/\/www.tessiot-demenagement.com\/lareunion\/devis-demenagement-reunion\/\" \/>\n<meta property=\"og:site_name\" content=\"D\u00e9m\u00e9nagement A Tessiot\" \/>\n<meta property=\"article:modified_time\" content=\"2022-03-28T06:30:47+00:00\" \/>\n<meta property=\"og:image\" content=\"http:\/\/www.tessiot-demenagement.com\/lareunion\/wp-content\/uploads\/2015\/01\/logotessiot_planisphere-300x158.jpg\" \/>\n<meta name=\"twitter:label1\" content=\"Dur\u00e9e de lecture est.\">\n\t<meta name=\"twitter:data1\" content=\"2 minutes\">\n<script type=\"application\/ld+json\" class=\"yoast-schema-graph\">{\"@context\":\"https:\/\/schema.org\",\"@graph\":[{\"@type\":\"WebSite\",\"@id\":\"http:\/\/www.tessiot-demenagement.com\/lareunion\/#website\",\"url\":\"http:\/\/www.tessiot-demenagement.com\/lareunion\/\",\"name\":\"D\\u00e9m\\u00e9nagement A Tessiot\",\"description\":\"votre demenageur specialiste des transferts administratifs et industriels\",\"potentialAction\":[{\"@type\":\"SearchAction\",\"target\":\"http:\/\/www.tessiot-demenagement.com\/lareunion\/?s={search_term_string}\",\"query-input\":\"required name=search_term_string\"}],\"inLanguage\":\"fr-FR\"},{\"@type\":\"ImageObject\",\"@id\":\"https:\/\/www.tessiot-demenagement.com\/lareunion\/devis-demenagement-reunion\/#primaryimage\",\"inLanguage\":\"fr-FR\",\"url\":\"http:\/\/www.tessiot-demenagement.com\/lareunion\/wp-content\/uploads\/2015\/01\/logotessiot_planisphere.jpg\",\"width\":854,\"height\":451},{\"@type\":\"WebPage\",\"@id\":\"https:\/\/www.tessiot-demenagement.com\/lareunion\/devis-demenagement-reunion\/#webpage\",\"url\":\"https:\/\/www.tessiot-demenagement.com\/lareunion\/devis-demenagement-reunion\/\",\"name\":\"Demande de Devis - D\\u00e9m\\u00e9nagement A Tessiot\",\"isPartOf\":{\"@id\":\"http:\/\/www.tessiot-demenagement.com\/lareunion\/#website\"},\"primaryImageOfPage\":{\"@id\":\"https:\/\/www.tessiot-demenagement.com\/lareunion\/devis-demenagement-reunion\/#primaryimage\"},\"datePublished\":\"2014-10-24T09:42:43+00:00\",\"dateModified\":\"2022-03-28T06:30:47+00:00\",\"description\":\"Devis d\\u00e9m\\u00e9nagement La R\\u00e9union: votre devis en ligne en un clic. Simple, rapide, recevez une r\\u00e9ponse en moins de 24 heures. Un devis juste et sans surprise.\",\"breadcrumb\":{\"@id\":\"https:\/\/www.tessiot-demenagement.com\/lareunion\/devis-demenagement-reunion\/#breadcrumb\"},\"inLanguage\":\"fr-FR\",\"potentialAction\":[{\"@type\":\"ReadAction\",\"target\":[\"https:\/\/www.tessiot-demenagement.com\/lareunion\/devis-demenagement-reunion\/\"]}]},{\"@type\":\"BreadcrumbList\",\"@id\":\"https:\/\/www.tessiot-demenagement.com\/lareunion\/devis-demenagement-reunion\/#breadcrumb\",\"itemListElement\":[{\"@type\":\"ListItem\",\"position\":1,\"item\":{\"@type\":\"WebPage\",\"@id\":\"https:\/\/www.tessiot-demenagement.com\/lareunion\/devis-demenagement-reunion\/\",\"url\":\"https:\/\/www.tessiot-demenagement.com\/lareunion\/devis-demenagement-reunion\/\",\"name\":\"Demande de Devis\"}}]}]}<\/script>\n<!-- \/ Yoast SEO plugin. -->","jetpack_sharing_enabled":true,"jetpack_shortlink":"https:\/\/wp.me\/P5eCLF-6j","_links":{"self":[{"href":"http:\/\/www.tessiot-demenagement.com\/lareunion\/wp-json\/wp\/v2\/pages\/391"}],"collection":[{"href":"http:\/\/www.tessiot-demenagement.com\/lareunion\/wp-json\/wp\/v2\/pages"}],"about":[{"href":"http:\/\/www.tessiot-demenagement.com\/lareunion\/wp-json\/wp\/v2\/types\/page"}],"author":[{"embeddable":true,"href":"http:\/\/www.tessiot-demenagement.com\/lareunion\/wp-json\/wp\/v2\/users\/1"}],"replies":[{"embeddable":true,"href":"http:\/\/www.tessiot-demenagement.com\/lareunion\/wp-json\/wp\/v2\/comments?post=391"}],"version-history":[{"count":18,"href":"http:\/\/www.tessiot-demenagement.com\/lareunion\/wp-json\/wp\/v2\/pages\/391\/revisions"}],"predecessor-version":[{"id":3167,"href":"http:\/\/www.tessiot-demenagement.com\/lareunion\/wp-json\/wp\/v2\/pages\/391\/revisions\/3167"}],"wp:attachment":[{"href":"http:\/\/www.tessiot-demenagement.com\/lareunion\/wp-json\/wp\/v2\/media?parent=391"}],"curies":[{"name":"wp","href":"https:\/\/api.w.org\/{rel}","templated":true}]}}