{"id":329,"date":"2014-10-23T10:20:55","date_gmt":"2014-10-23T10:20:55","guid":{"rendered":"http:\/\/www.tessiot-demenagement.com\/lareunion\/?page_id=329"},"modified":"2022-02-25T10:58:39","modified_gmt":"2022-02-25T10:58:39","slug":"stocker-en-garde-meubles","status":"publish","type":"page","link":"http:\/\/www.tessiot-demenagement.com\/lareunion\/stocker-en-garde-meubles\/","title":{"rendered":"Stocker en garde-meubles"},"content":{"rendered":"\t\t<div data-elementor-type=\"wp-page\" data-elementor-id=\"329\" class=\"elementor elementor-329\" data-elementor-settings=\"[]\">\n\t\t\t\t\t\t<div class=\"elementor-inner\">\n\t\t\t\t\t\t\t<div class=\"elementor-section-wrap\">\n\t\t\t\t\t\t\t<section class=\"elementor-section elementor-top-section elementor-element elementor-element-64f5854 elementor-section-boxed elementor-section-height-default elementor-section-height-default\" data-id=\"64f5854\" data-element_type=\"section\">\n\t\t\t\t\t\t<div class=\"elementor-container elementor-column-gap-default\">\n\t\t\t\t\t\t\t<div class=\"elementor-row\">\n\t\t\t\t\t<div class=\"elementor-column elementor-col-100 elementor-top-column elementor-element elementor-element-aaf611b\" data-id=\"aaf611b\" data-element_type=\"column\">\n\t\t\t<div class=\"elementor-column-wrap elementor-element-populated\">\n\t\t\t\t\t\t\t<div class=\"elementor-widget-wrap\">\n\t\t\t\t\t\t<div class=\"elementor-element elementor-element-3ab229e elementor-widget elementor-widget-heading\" data-id=\"3ab229e\" data-element_type=\"widget\" data-widget_type=\"heading.default\">\n\t\t\t\t<div class=\"elementor-widget-container\">\n\t\t\t<h1 class=\"elementor-heading-title elementor-size-xl\">Stocker en garde-meubles<\/h1>\t\t<\/div>\n\t\t\t\t<\/div>\n\t\t\t\t\t\t<\/div>\n\t\t\t\t\t<\/div>\n\t\t<\/div>\n\t\t\t\t\t\t\t\t<\/div>\n\t\t\t\t\t<\/div>\n\t\t<\/section>\n\t\t\t\t<section class=\"elementor-section elementor-top-section elementor-element elementor-element-b716e24 elementor-section-boxed elementor-section-height-default elementor-section-height-default\" data-id=\"b716e24\" data-element_type=\"section\">\n\t\t\t\t\t\t<div class=\"elementor-container elementor-column-gap-default\">\n\t\t\t\t\t\t\t<div class=\"elementor-row\">\n\t\t\t\t\t<div class=\"elementor-column elementor-col-100 elementor-top-column elementor-element elementor-element-08d34f0\" data-id=\"08d34f0\" data-element_type=\"column\">\n\t\t\t<div class=\"elementor-column-wrap elementor-element-populated\">\n\t\t\t\t\t\t\t<div class=\"elementor-widget-wrap\">\n\t\t\t\t\t\t<div class=\"elementor-element elementor-element-b88aa20 elementor-widget elementor-widget-spacer\" data-id=\"b88aa20\" data-element_type=\"widget\" data-widget_type=\"spacer.default\">\n\t\t\t\t<div class=\"elementor-widget-container\">\n\t\t\t\t\t<div class=\"elementor-spacer\">\n\t\t\t<div class=\"elementor-spacer-inner\"><\/div>\n\t\t<\/div>\n\t\t\t\t<\/div>\n\t\t\t\t<\/div>\n\t\t\t\t\t\t<\/div>\n\t\t\t\t\t<\/div>\n\t\t<\/div>\n\t\t\t\t\t\t\t\t<\/div>\n\t\t\t\t\t<\/div>\n\t\t<\/section>\n\t\t\t\t<section class=\"elementor-section elementor-top-section elementor-element elementor-element-7f56511 elementor-section-boxed elementor-section-height-default elementor-section-height-default\" data-id=\"7f56511\" data-element_type=\"section\">\n\t\t\t\t\t\t<div class=\"elementor-container elementor-column-gap-default\">\n\t\t\t\t\t\t\t<div class=\"elementor-row\">\n\t\t\t\t\t<div class=\"elementor-column elementor-col-100 elementor-top-column elementor-element elementor-element-f1cb1fd\" data-id=\"f1cb1fd\" data-element_type=\"column\">\n\t\t\t<div class=\"elementor-column-wrap elementor-element-populated\">\n\t\t\t\t\t\t\t<div class=\"elementor-widget-wrap\">\n\t\t\t\t\t\t<div class=\"elementor-element elementor-element-2e3cfb4 elementor-widget elementor-widget-text-editor\" data-id=\"2e3cfb4\" data-element_type=\"widget\" data-widget_type=\"text-editor.default\">\n\t\t\t\t<div class=\"elementor-widget-container\">\n\t\t\t\t\t<div class=\"elementor-text-editor elementor-clearfix\"><p>Vous avez besoin de stocker en garde-meubles des effets personnels ?<a href=\"https:\/\/www.tessiot-demenagement.com\/fr\/151-ans-dhistoire\/\" class=\"broken_link\">\u00a0<\/a>Ou vous quittez votre logement et vous vous retrouvez dans une situation transitoire, ou vous vous installez dans un logement plus petit ?\u00a0Tessiot d\u00e9m\u00e9nagements\u00a0\u00e0 la solution pour vous. Car <strong>depuis plus de 150 ans<\/strong>, en plus de prendre en charge votre d\u00e9m\u00e9nagement, notre \u00e9quipe met \u00e0 votre disposition son service de garde-meubles s\u00e9curis\u00e9. Ainsi, pour\u00a0<a href=\"http:\/\/www.tessiot-demenagement.com\/lareunion\/preparer-son-demenagement\/\">les\u00a0particuliers<\/a>\u00a0ou\u00a0<a href=\"http:\/\/www.tessiot-demenagement.com\/lareunion\/demenagement-pour-mutation-professionnelle\/\">les entreprises<\/a>, pour votre mobilier ou vos archives, nos d\u00e9m\u00e9nageurs s\u2019occupent avec rigueur de mettre et conserver \u00e0 l\u2019abri vos biens.\u00a0<\/p><p>En effet Tessiot D\u00e9m\u00e9nagements met sous protection (couvertures, caisses herm\u00e9tiques, films) vos affaires et les s\u00e9curisent dans son garde-meubles clos.<\/p><\/div>\n\t\t\t\t<\/div>\n\t\t\t\t<\/div>\n\t\t\t\t\t\t<\/div>\n\t\t\t\t\t<\/div>\n\t\t<\/div>\n\t\t\t\t\t\t\t\t<\/div>\n\t\t\t\t\t<\/div>\n\t\t<\/section>\n\t\t\t\t<section class=\"elementor-section elementor-top-section elementor-element elementor-element-be8cf21 elementor-section-boxed elementor-section-height-default elementor-section-height-default\" data-id=\"be8cf21\" data-element_type=\"section\">\n\t\t\t\t\t\t<div class=\"elementor-container elementor-column-gap-default\">\n\t\t\t\t\t\t\t<div class=\"elementor-row\">\n\t\t\t\t\t<div class=\"elementor-column elementor-col-50 elementor-top-column elementor-element elementor-element-974f152\" data-id=\"974f152\" data-element_type=\"column\">\n\t\t\t<div class=\"elementor-column-wrap elementor-element-populated\">\n\t\t\t\t\t\t\t<div class=\"elementor-widget-wrap\">\n\t\t\t\t\t\t<div class=\"elementor-element elementor-element-075caa8 elementor-widget elementor-widget-text-editor\" data-id=\"075caa8\" data-element_type=\"widget\" data-widget_type=\"text-editor.default\">\n\t\t\t\t<div class=\"elementor-widget-container\">\n\t\t\t\t\t<div class=\"elementor-text-editor elementor-clearfix\"><ul><li><p>Vos armoires sont encombr\u00e9es !<\/p><\/li><li><p>Ou vous souhaitez lib\u00e9rer des m\u00e8tres carr\u00e9s !<\/p><\/li><li><p>Vous souhaitez\u00a0 transformer votre garage en une pi\u00e8ce \u00e0 vivre !<\/p><\/li><li><p>Ou bien votre nouveau logement n\u2019est libre que dans un mois !<\/p><\/li><li><p>Vous avez subi un d\u00e9g\u00e2t des eaux !<\/p><\/li><li><p>Vous partez\u00a0vivre \u00e0 l\u2019\u00e9tranger\u00a0!<\/p><\/li><\/ul><\/div>\n\t\t\t\t<\/div>\n\t\t\t\t<\/div>\n\t\t\t\t\t\t<\/div>\n\t\t\t\t\t<\/div>\n\t\t<\/div>\n\t\t\t\t<div class=\"elementor-column elementor-col-50 elementor-top-column elementor-element elementor-element-67236e9\" data-id=\"67236e9\" data-element_type=\"column\">\n\t\t\t<div class=\"elementor-column-wrap elementor-element-populated\">\n\t\t\t\t\t\t\t<div class=\"elementor-widget-wrap\">\n\t\t\t\t\t\t<div class=\"elementor-element elementor-element-8c95720 elementor-widget elementor-widget-image\" data-id=\"8c95720\" data-element_type=\"widget\" data-widget_type=\"image.default\">\n\t\t\t\t<div class=\"elementor-widget-container\">\n\t\t\t\t\t<div class=\"elementor-image\">\n\t\t\t\t\t\t\t<figure class=\"wp-caption\">\n\t\t\t\t\t\t\t\t\t\t<img width=\"685\" height=\"514\" src=\"http:\/\/www.tessiot-demenagement.com\/lareunion\/wp-content\/uploads\/2015\/01\/pic7-Copie.jpg\" class=\"attachment-large size-large\" alt=\"stockage de meuble pour d\u00e9m\u00e9nagement\" loading=\"lazy\" srcset=\"http:\/\/www.tessiot-demenagement.com\/lareunion\/wp-content\/uploads\/2015\/01\/pic7-Copie.jpg 685w, http:\/\/www.tessiot-demenagement.com\/lareunion\/wp-content\/uploads\/2015\/01\/pic7-Copie-300x225.jpg 300w\" sizes=\"(max-width: 685px) 100vw, 685px\" \/>\t\t\t\t\t\t\t\t\t\t\t<figcaption class=\"widget-image-caption wp-caption-text\">Vos effets personnels sont stock\u00e9s dans des caisses herm\u00e9tiques, plac\u00e9es dans notre site s\u00e9curis\u00e9.<\/figcaption>\n\t\t\t\t\t\t\t\t\t\t<\/figure>\n\t\t\t\t\t<\/div>\n\t\t\t\t<\/div>\n\t\t\t\t<\/div>\n\t\t\t\t\t\t<\/div>\n\t\t\t\t\t<\/div>\n\t\t<\/div>\n\t\t\t\t\t\t\t\t<\/div>\n\t\t\t\t\t<\/div>\n\t\t<\/section>\n\t\t\t\t<section class=\"elementor-section elementor-top-section elementor-element elementor-element-1a795ac elementor-section-boxed elementor-section-height-default elementor-section-height-default\" data-id=\"1a795ac\" data-element_type=\"section\">\n\t\t\t\t\t\t<div class=\"elementor-container elementor-column-gap-default\">\n\t\t\t\t\t\t\t<div class=\"elementor-row\">\n\t\t\t\t\t<div class=\"elementor-column elementor-col-100 elementor-top-column elementor-element elementor-element-e51b6f3\" data-id=\"e51b6f3\" data-element_type=\"column\">\n\t\t\t<div class=\"elementor-column-wrap elementor-element-populated\">\n\t\t\t\t\t\t\t<div class=\"elementor-widget-wrap\">\n\t\t\t\t\t\t<div class=\"elementor-element elementor-element-4e5bcd6 elementor-widget elementor-widget-spacer\" data-id=\"4e5bcd6\" data-element_type=\"widget\" data-widget_type=\"spacer.default\">\n\t\t\t\t<div class=\"elementor-widget-container\">\n\t\t\t\t\t<div class=\"elementor-spacer\">\n\t\t\t<div class=\"elementor-spacer-inner\"><\/div>\n\t\t<\/div>\n\t\t\t\t<\/div>\n\t\t\t\t<\/div>\n\t\t\t\t\t\t<\/div>\n\t\t\t\t\t<\/div>\n\t\t<\/div>\n\t\t\t\t\t\t\t\t<\/div>\n\t\t\t\t\t<\/div>\n\t\t<\/section>\n\t\t\t\t<section class=\"elementor-section elementor-top-section elementor-element elementor-element-28ed9ef elementor-section-boxed elementor-section-height-default elementor-section-height-default\" data-id=\"28ed9ef\" data-element_type=\"section\">\n\t\t\t\t\t\t<div class=\"elementor-container elementor-column-gap-default\">\n\t\t\t\t\t\t\t<div class=\"elementor-row\">\n\t\t\t\t\t<div class=\"elementor-column elementor-col-100 elementor-top-column elementor-element elementor-element-1943987\" data-id=\"1943987\" data-element_type=\"column\">\n\t\t\t<div class=\"elementor-column-wrap elementor-element-populated\">\n\t\t\t\t\t\t\t<div class=\"elementor-widget-wrap\">\n\t\t\t\t\t\t<div class=\"elementor-element elementor-element-611576a elementor-widget elementor-widget-heading\" data-id=\"611576a\" data-element_type=\"widget\" data-widget_type=\"heading.default\">\n\t\t\t\t<div class=\"elementor-widget-container\">\n\t\t\t<h2 class=\"elementor-heading-title elementor-size-large\">Les + de Tessiot D\u00e9m\u00e9nagements pour stocker en garde meubles.<\/h2>\t\t<\/div>\n\t\t\t\t<\/div>\n\t\t\t\t\t\t<\/div>\n\t\t\t\t\t<\/div>\n\t\t<\/div>\n\t\t\t\t\t\t\t\t<\/div>\n\t\t\t\t\t<\/div>\n\t\t<\/section>\n\t\t\t\t<section class=\"elementor-section elementor-top-section elementor-element elementor-element-d8390ce elementor-section-boxed elementor-section-height-default elementor-section-height-default\" data-id=\"d8390ce\" data-element_type=\"section\">\n\t\t\t\t\t\t<div class=\"elementor-container elementor-column-gap-default\">\n\t\t\t\t\t\t\t<div class=\"elementor-row\">\n\t\t\t\t\t<div class=\"elementor-column elementor-col-66 elementor-top-column elementor-element elementor-element-6c0637f\" data-id=\"6c0637f\" data-element_type=\"column\">\n\t\t\t<div class=\"elementor-column-wrap elementor-element-populated\">\n\t\t\t\t\t\t\t<div class=\"elementor-widget-wrap\">\n\t\t\t\t\t\t<div class=\"elementor-element elementor-element-af5f24d elementor-widget elementor-widget-text-editor\" data-id=\"af5f24d\" data-element_type=\"widget\" data-widget_type=\"text-editor.default\">\n\t\t\t\t<div class=\"elementor-widget-container\">\n\t\t\t\t\t<div class=\"elementor-text-editor elementor-clearfix\"><p>Parce qu\u2019un d\u00e9m\u00e9nagement ou un besoin de stockage doivent \u00eatre g\u00e9r\u00e9s avec s\u00e9r\u00e9nit\u00e9 et professionnalisme, Tessiot vous fait b\u00e9n\u00e9ficier de <strong>solutions flexibles et simples<\/strong>, \u00e0 des tarifs tr\u00e8s comp\u00e9titifs.\u00a0<\/p><ul><li><strong>D&#8217;abord nos locaux sont modulables\u00a0<\/strong><\/li><li><strong>Et la dur\u00e9e de garde-meubles est illimit\u00e9e<\/strong><\/li><\/ul><p>Alors contactez un de nos conseillers pour avoir les r\u00e9ponses \u00e0 vos questions et recevoir votre devis gratuit. Finalement, vous avez besoin en compl\u00e9ment de d\u00e9m\u00e9nageurs et d\u2019un camion ? Nous mettons \u00e0 votre disposition plusieurs\u00a0formules adapt\u00e9es\u00a0\u00e0 votre besoin et votre budget.<\/p><p>Ensuite, nous vous proposons un service tout compris : <strong>visite \u00e0 votre domicile et devis gratuit<\/strong>. Mais aussi un d\u00e9m\u00e9nagement \u00e0 la carte en fonction de votre budget.<\/p><p><strong>900 m3<\/strong> sont \u00e0 votre disposition, en stockage traditionnel ou en caisse bois. En outre les t<strong>arifs sont d\u00e9gressifs selon le volume stock\u00e9 et la dur\u00e9e de stockage<\/strong>.<\/p><p>Notre site est s\u00e9curis\u00e9, <strong>sous vid\u00e9o-surveillance et alarme 24h\/24.<\/strong><\/p><\/div>\n\t\t\t\t<\/div>\n\t\t\t\t<\/div>\n\t\t\t\t<div class=\"elementor-element elementor-element-617d609 elementor-align-center elementor-widget elementor-widget-button\" data-id=\"617d609\" data-element_type=\"widget\" data-widget_type=\"button.default\">\n\t\t\t\t<div class=\"elementor-widget-container\">\n\t\t\t\t\t<div class=\"elementor-button-wrapper\">\n\t\t\t<a href=\"http:\/\/www.tessiot-demenagement.com\/lareunion\/devis-demenagement-reunion\/\" class=\"elementor-button-link elementor-button elementor-size-lg\" role=\"button\">\n\t\t\t\t\t\t<span class=\"elementor-button-content-wrapper\">\n\t\t\t\t\t\t<span class=\"elementor-button-text\">Demandez votre devis gratuit<\/span>\n\t\t<\/span>\n\t\t\t\t\t<\/a>\n\t\t<\/div>\n\t\t\t\t<\/div>\n\t\t\t\t<\/div>\n\t\t\t\t\t\t<\/div>\n\t\t\t\t\t<\/div>\n\t\t<\/div>\n\t\t\t\t<div class=\"elementor-column elementor-col-33 elementor-top-column elementor-element elementor-element-af07a43\" data-id=\"af07a43\" data-element_type=\"column\">\n\t\t\t<div class=\"elementor-column-wrap elementor-element-populated\">\n\t\t\t\t\t\t\t<div class=\"elementor-widget-wrap\">\n\t\t\t\t\t\t<div class=\"elementor-element elementor-element-7f6c980 elementor-widget elementor-widget-image\" data-id=\"7f6c980\" data-element_type=\"widget\" data-widget_type=\"image.default\">\n\t\t\t\t<div class=\"elementor-widget-container\">\n\t\t\t\t\t<div class=\"elementor-image\">\n\t\t\t\t\t\t\t\t\t\t<img width=\"685\" height=\"513\" src=\"http:\/\/www.tessiot-demenagement.com\/lareunion\/wp-content\/uploads\/2015\/01\/pic8.jpg\" class=\"attachment-large size-large\" alt=\"stockage \u00e0 la r\u00e9union\" loading=\"lazy\" srcset=\"http:\/\/www.tessiot-demenagement.com\/lareunion\/wp-content\/uploads\/2015\/01\/pic8.jpg 685w, http:\/\/www.tessiot-demenagement.com\/lareunion\/wp-content\/uploads\/2015\/01\/pic8-300x225.jpg 300w\" sizes=\"(max-width: 685px) 100vw, 685px\" \/>\t\t\t\t\t\t\t\t\t\t\t<\/div>\n\t\t\t\t<\/div>\n\t\t\t\t<\/div>\n\t\t\t\t\t\t<\/div>\n\t\t\t\t\t<\/div>\n\t\t<\/div>\n\t\t\t\t\t\t\t\t<\/div>\n\t\t\t\t\t<\/div>\n\t\t<\/section>\n\t\t\t\t\t\t<\/div>\n\t\t\t\t\t\t<\/div>\n\t\t\t\t\t<\/div>\n\t\t","protected":false},"excerpt":{"rendered":"<p>Stocker en garde-meubles Vous avez besoin de stocker en garde-meubles des effets personnels ?\u00a0Ou vous quittez votre logement et vous<\/p>\n","protected":false},"author":1,"featured_media":0,"parent":0,"menu_order":1,"comment_status":"open","ping_status":"open","template":"","meta":{"spay_email":""},"yoast_head":"<!-- This site is optimized with the Yoast SEO plugin v15.8 - https:\/\/yoast.com\/wordpress\/plugins\/seo\/ -->\n<title>Stocker en garde-meubles - D\u00e9m\u00e9nagement A Tessiot<\/title>\n<meta name=\"description\" content=\"Stocker en garde-meubles Vous avez besoin de stocker en garde-meubles des effets personnels ?\u00a0Ou vous quittez votre logement et vous vous retrouvez dans Vous avez besoin d&#039;un espace de stockage \u00e0 La R\u00e9union ? Tessiot D\u00e9m\u00e9nagements vous propose son garde-meubles s\u00e9curis\u00e9.\" \/>\n<meta name=\"robots\" content=\"index, follow, max-snippet:-1, max-image-preview:large, max-video-preview:-1\" \/>\n<link rel=\"canonical\" href=\"http:\/\/www.tessiot-demenagement.com\/lareunion\/stocker-en-garde-meubles\/\" \/>\n<meta property=\"og:locale\" content=\"fr_FR\" \/>\n<meta property=\"og:type\" content=\"article\" \/>\n<meta property=\"og:title\" content=\"Stocker en garde-meubles - D\u00e9m\u00e9nagement A Tessiot\" \/>\n<meta property=\"og:description\" content=\"Stocker en garde-meubles Vous avez besoin de stocker en garde-meubles des effets personnels ?\u00a0Ou vous quittez votre logement et vous vous retrouvez dans Vous avez besoin d&#039;un espace de stockage \u00e0 La R\u00e9union ? Tessiot D\u00e9m\u00e9nagements vous propose son garde-meubles s\u00e9curis\u00e9.\" \/>\n<meta property=\"og:url\" content=\"http:\/\/www.tessiot-demenagement.com\/lareunion\/stocker-en-garde-meubles\/\" \/>\n<meta property=\"og:site_name\" content=\"D\u00e9m\u00e9nagement A Tessiot\" \/>\n<meta property=\"article:modified_time\" content=\"2022-02-25T10:58:39+00:00\" \/>\n<meta property=\"og:image\" content=\"http:\/\/www.tessiot-demenagement.com\/lareunion\/wp-content\/uploads\/2015\/01\/pic7-Copie.jpg\" \/>\n<meta name=\"twitter:label1\" content=\"Dur\u00e9e de lecture est.\">\n\t<meta name=\"twitter:data1\" content=\"2 minutes\">\n<script type=\"application\/ld+json\" class=\"yoast-schema-graph\">{\"@context\":\"https:\/\/schema.org\",\"@graph\":[{\"@type\":\"WebSite\",\"@id\":\"http:\/\/www.tessiot-demenagement.com\/lareunion\/#website\",\"url\":\"http:\/\/www.tessiot-demenagement.com\/lareunion\/\",\"name\":\"D\\u00e9m\\u00e9nagement A Tessiot\",\"description\":\"votre demenageur specialiste des transferts administratifs et industriels\",\"potentialAction\":[{\"@type\":\"SearchAction\",\"target\":\"http:\/\/www.tessiot-demenagement.com\/lareunion\/?s={search_term_string}\",\"query-input\":\"required name=search_term_string\"}],\"inLanguage\":\"fr-FR\"},{\"@type\":\"ImageObject\",\"@id\":\"http:\/\/www.tessiot-demenagement.com\/lareunion\/stocker-en-garde-meubles\/#primaryimage\",\"inLanguage\":\"fr-FR\",\"url\":\"http:\/\/www.tessiot-demenagement.com\/lareunion\/wp-content\/uploads\/2015\/01\/pic7-Copie.jpg\",\"width\":685,\"height\":514,\"caption\":\"stockage de meuble pour d\\u00e9m\\u00e9nagement\"},{\"@type\":\"WebPage\",\"@id\":\"http:\/\/www.tessiot-demenagement.com\/lareunion\/stocker-en-garde-meubles\/#webpage\",\"url\":\"http:\/\/www.tessiot-demenagement.com\/lareunion\/stocker-en-garde-meubles\/\",\"name\":\"Stocker en garde-meubles - D\\u00e9m\\u00e9nagement A Tessiot\",\"isPartOf\":{\"@id\":\"http:\/\/www.tessiot-demenagement.com\/lareunion\/#website\"},\"primaryImageOfPage\":{\"@id\":\"http:\/\/www.tessiot-demenagement.com\/lareunion\/stocker-en-garde-meubles\/#primaryimage\"},\"datePublished\":\"2014-10-23T10:20:55+00:00\",\"dateModified\":\"2022-02-25T10:58:39+00:00\",\"description\":\"Stocker en garde-meubles Vous avez besoin de stocker en garde-meubles des effets personnels ?\\u00a0Ou vous quittez votre logement et vous vous retrouvez dans Vous avez besoin d'un espace de stockage \\u00e0 La R\\u00e9union ? Tessiot D\\u00e9m\\u00e9nagements vous propose son garde-meubles s\\u00e9curis\\u00e9.\",\"breadcrumb\":{\"@id\":\"http:\/\/www.tessiot-demenagement.com\/lareunion\/stocker-en-garde-meubles\/#breadcrumb\"},\"inLanguage\":\"fr-FR\",\"potentialAction\":[{\"@type\":\"ReadAction\",\"target\":[\"http:\/\/www.tessiot-demenagement.com\/lareunion\/stocker-en-garde-meubles\/\"]}]},{\"@type\":\"BreadcrumbList\",\"@id\":\"http:\/\/www.tessiot-demenagement.com\/lareunion\/stocker-en-garde-meubles\/#breadcrumb\",\"itemListElement\":[{\"@type\":\"ListItem\",\"position\":1,\"item\":{\"@type\":\"WebPage\",\"@id\":\"http:\/\/www.tessiot-demenagement.com\/lareunion\/stocker-en-garde-meubles\/\",\"url\":\"http:\/\/www.tessiot-demenagement.com\/lareunion\/stocker-en-garde-meubles\/\",\"name\":\"Stocker en garde-meubles\"}}]}]}<\/script>\n<!-- \/ Yoast SEO plugin. -->","jetpack_sharing_enabled":true,"jetpack_shortlink":"https:\/\/wp.me\/P5eCLF-5j","_links":{"self":[{"href":"http:\/\/www.tessiot-demenagement.com\/lareunion\/wp-json\/wp\/v2\/pages\/329"}],"collection":[{"href":"http:\/\/www.tessiot-demenagement.com\/lareunion\/wp-json\/wp\/v2\/pages"}],"about":[{"href":"http:\/\/www.tessiot-demenagement.com\/lareunion\/wp-json\/wp\/v2\/types\/page"}],"author":[{"embeddable":true,"href":"http:\/\/www.tessiot-demenagement.com\/lareunion\/wp-json\/wp\/v2\/users\/1"}],"replies":[{"embeddable":true,"href":"http:\/\/www.tessiot-demenagement.com\/lareunion\/wp-json\/wp\/v2\/comments?post=329"}],"version-history":[{"count":30,"href":"http:\/\/www.tessiot-demenagement.com\/lareunion\/wp-json\/wp\/v2\/pages\/329\/revisions"}],"predecessor-version":[{"id":3124,"href":"http:\/\/www.tessiot-demenagement.com\/lareunion\/wp-json\/wp\/v2\/pages\/329\/revisions\/3124"}],"wp:attachment":[{"href":"http:\/\/www.tessiot-demenagement.com\/lareunion\/wp-json\/wp\/v2\/media?parent=329"}],"curies":[{"name":"wp","href":"https:\/\/api.w.org\/{rel}","templated":true}]}}