{"id":2541,"date":"2021-01-29T11:28:41","date_gmt":"2021-01-29T11:28:41","guid":{"rendered":"http:\/\/www.tessiot-demenagement.com\/lareunion\/?page_id=2541"},"modified":"2021-02-23T15:57:40","modified_gmt":"2021-02-23T15:57:40","slug":"louer-un-camion-a-la-reunion","status":"publish","type":"page","link":"http:\/\/www.tessiot-demenagement.com\/lareunion\/louer-un-camion-a-la-reunion\/","title":{"rendered":"Louer un camion \u00e0 La R\u00e9union"},"content":{"rendered":"\t\t<div data-elementor-type=\"wp-page\" data-elementor-id=\"2541\" class=\"elementor elementor-2541\" data-elementor-settings=\"[]\">\n\t\t\t\t\t\t<div class=\"elementor-inner\">\n\t\t\t\t\t\t\t<div class=\"elementor-section-wrap\">\n\t\t\t\t\t\t\t<section class=\"elementor-section elementor-top-section elementor-element elementor-element-20448c0 elementor-section-boxed elementor-section-height-default elementor-section-height-default\" data-id=\"20448c0\" data-element_type=\"section\">\n\t\t\t\t\t\t<div class=\"elementor-container elementor-column-gap-default\">\n\t\t\t\t\t\t\t<div class=\"elementor-row\">\n\t\t\t\t\t<div class=\"elementor-column elementor-col-100 elementor-top-column elementor-element elementor-element-7d34ef8\" data-id=\"7d34ef8\" data-element_type=\"column\">\n\t\t\t<div class=\"elementor-column-wrap elementor-element-populated\">\n\t\t\t\t\t\t\t<div class=\"elementor-widget-wrap\">\n\t\t\t\t\t\t<div class=\"elementor-element elementor-element-9184c39 elementor-widget elementor-widget-image\" data-id=\"9184c39\" data-element_type=\"widget\" data-widget_type=\"image.default\">\n\t\t\t\t<div class=\"elementor-widget-container\">\n\t\t\t\t\t<div class=\"elementor-image\">\n\t\t\t\t\t\t\t\t\t\t<img width=\"800\" height=\"267\" src=\"http:\/\/www.tessiot-demenagement.com\/lareunion\/wp-content\/uploads\/2021\/01\/DEM-SUPER-ECO-2.png\" class=\"attachment-large size-large\" alt=\"d\u00e9m\u00e9nageur \u00e0 la r\u00e9union\" loading=\"lazy\" srcset=\"http:\/\/www.tessiot-demenagement.com\/lareunion\/wp-content\/uploads\/2021\/01\/DEM-SUPER-ECO-2.png 900w, http:\/\/www.tessiot-demenagement.com\/lareunion\/wp-content\/uploads\/2021\/01\/DEM-SUPER-ECO-2-300x100.png 300w, http:\/\/www.tessiot-demenagement.com\/lareunion\/wp-content\/uploads\/2021\/01\/DEM-SUPER-ECO-2-768x256.png 768w\" sizes=\"(max-width: 800px) 100vw, 800px\" \/>\t\t\t\t\t\t\t\t\t\t\t<\/div>\n\t\t\t\t<\/div>\n\t\t\t\t<\/div>\n\t\t\t\t\t\t<\/div>\n\t\t\t\t\t<\/div>\n\t\t<\/div>\n\t\t\t\t\t\t\t\t<\/div>\n\t\t\t\t\t<\/div>\n\t\t<\/section>\n\t\t\t\t<section class=\"elementor-section elementor-top-section elementor-element elementor-element-1fc7fbc elementor-section-boxed elementor-section-height-default elementor-section-height-default\" data-id=\"1fc7fbc\" data-element_type=\"section\">\n\t\t\t\t\t\t<div class=\"elementor-container elementor-column-gap-default\">\n\t\t\t\t\t\t\t<div class=\"elementor-row\">\n\t\t\t\t\t<div class=\"elementor-column elementor-col-100 elementor-top-column elementor-element elementor-element-612b0f0\" data-id=\"612b0f0\" data-element_type=\"column\">\n\t\t\t<div class=\"elementor-column-wrap elementor-element-populated\">\n\t\t\t\t\t\t\t<div class=\"elementor-widget-wrap\">\n\t\t\t\t\t\t<div class=\"elementor-element elementor-element-d6cac55 elementor-widget elementor-widget-heading\" data-id=\"d6cac55\" data-element_type=\"widget\" data-widget_type=\"heading.default\">\n\t\t\t\t<div class=\"elementor-widget-container\">\n\t\t\t<h1 class=\"elementor-heading-title elementor-size-large\">DEM SUPER ECO : votre d\u00e9m\u00e9nagement moins cher !<\/h1>\t\t<\/div>\n\t\t\t\t<\/div>\n\t\t\t\t\t\t<\/div>\n\t\t\t\t\t<\/div>\n\t\t<\/div>\n\t\t\t\t\t\t\t\t<\/div>\n\t\t\t\t\t<\/div>\n\t\t<\/section>\n\t\t\t\t<section class=\"elementor-section elementor-top-section elementor-element elementor-element-03d1701 elementor-section-boxed elementor-section-height-default elementor-section-height-default\" data-id=\"03d1701\" data-element_type=\"section\">\n\t\t\t\t\t\t<div class=\"elementor-container elementor-column-gap-default\">\n\t\t\t\t\t\t\t<div class=\"elementor-row\">\n\t\t\t\t\t<div class=\"elementor-column elementor-col-50 elementor-top-column elementor-element elementor-element-2f2517e\" data-id=\"2f2517e\" data-element_type=\"column\">\n\t\t\t<div class=\"elementor-column-wrap elementor-element-populated\">\n\t\t\t\t\t\t\t<div class=\"elementor-widget-wrap\">\n\t\t\t\t\t\t<div class=\"elementor-element elementor-element-cee7f46 elementor--star-style-star_fontawesome elementor-widget elementor-widget-star-rating\" data-id=\"cee7f46\" data-element_type=\"widget\" data-widget_type=\"star-rating.default\">\n\t\t\t\t<div class=\"elementor-widget-container\">\n\t\t\t\n\t\t<div class=\"elementor-star-rating__wrapper\">\n\t\t\t\t\t\t\t<div class=\"elementor-star-rating__title\">4.2\/5 (47 avis)<\/div>\n\t\t\t\t\t\t<div class=\"elementor-star-rating\" title=\"4.4\/5\" itemtype=\"http:\/\/schema.org\/Rating\" itemscope=\"\" itemprop=\"reviewRating\"><i class=\"elementor-star-full\">&#xE934;<\/i><i class=\"elementor-star-full\">&#xE934;<\/i><i class=\"elementor-star-full\">&#xE934;<\/i><i class=\"elementor-star-full\">&#xE934;<\/i><i class=\"elementor-star-4\">&#xE934;<\/i> <span itemprop=\"ratingValue\" class=\"elementor-screen-only\">4.4\/5<\/span><\/div>\t\t<\/div>\n\t\t\t\t<\/div>\n\t\t\t\t<\/div>\n\t\t\t\t<div class=\"elementor-element elementor-element-d994064 elementor-widget elementor-widget-text-editor\" data-id=\"d994064\" data-element_type=\"widget\" data-widget_type=\"text-editor.default\">\n\t\t\t\t<div class=\"elementor-widget-container\">\n\t\t\t\t\t<div class=\"elementor-text-editor elementor-clearfix\"><p>Note moyenne attribu\u00e9e par nos clients d\u00e9m\u00e9nag\u00e9s entre juillet et d\u00e9cembre 2020, suite \u00e0 une enqu\u00eate de satisfaction interne.<\/p><\/div>\n\t\t\t\t<\/div>\n\t\t\t\t<\/div>\n\t\t\t\t\t\t<\/div>\n\t\t\t\t\t<\/div>\n\t\t<\/div>\n\t\t\t\t<div class=\"elementor-column elementor-col-50 elementor-top-column elementor-element elementor-element-d01dcbf\" data-id=\"d01dcbf\" data-element_type=\"column\">\n\t\t\t<div class=\"elementor-column-wrap\">\n\t\t\t\t\t\t\t<div class=\"elementor-widget-wrap\">\n\t\t\t\t\t\t\t\t<\/div>\n\t\t\t\t\t<\/div>\n\t\t<\/div>\n\t\t\t\t\t\t\t\t<\/div>\n\t\t\t\t\t<\/div>\n\t\t<\/section>\n\t\t\t\t<section class=\"elementor-section elementor-top-section elementor-element elementor-element-25bd417 elementor-section-boxed elementor-section-height-default elementor-section-height-default\" data-id=\"25bd417\" data-element_type=\"section\">\n\t\t\t\t\t\t<div class=\"elementor-container elementor-column-gap-default\">\n\t\t\t\t\t\t\t<div class=\"elementor-row\">\n\t\t\t\t\t<div class=\"elementor-column elementor-col-50 elementor-top-column elementor-element elementor-element-0acd5fe\" data-id=\"0acd5fe\" data-element_type=\"column\">\n\t\t\t<div class=\"elementor-column-wrap elementor-element-populated\">\n\t\t\t\t\t\t\t<div class=\"elementor-widget-wrap\">\n\t\t\t\t\t\t<div class=\"elementor-element elementor-element-150ddd9 elementor-widget elementor-widget-image\" data-id=\"150ddd9\" data-element_type=\"widget\" data-widget_type=\"image.default\">\n\t\t\t\t<div class=\"elementor-widget-container\">\n\t\t\t\t\t<div class=\"elementor-image\">\n\t\t\t\t\t\t\t\t\t\t<img width=\"800\" height=\"500\" src=\"http:\/\/www.tessiot-demenagement.com\/lareunion\/wp-content\/uploads\/2021\/02\/DEM-SUPER-ECO-4.png\" class=\"attachment-large size-large\" alt=\"d\u00e9m\u00e9nageur \u00e0 la r\u00e9union\" loading=\"lazy\" srcset=\"http:\/\/www.tessiot-demenagement.com\/lareunion\/wp-content\/uploads\/2021\/02\/DEM-SUPER-ECO-4.png 800w, http:\/\/www.tessiot-demenagement.com\/lareunion\/wp-content\/uploads\/2021\/02\/DEM-SUPER-ECO-4-300x188.png 300w, http:\/\/www.tessiot-demenagement.com\/lareunion\/wp-content\/uploads\/2021\/02\/DEM-SUPER-ECO-4-768x480.png 768w\" sizes=\"(max-width: 800px) 100vw, 800px\" \/>\t\t\t\t\t\t\t\t\t\t\t<\/div>\n\t\t\t\t<\/div>\n\t\t\t\t<\/div>\n\t\t\t\t\t\t<\/div>\n\t\t\t\t\t<\/div>\n\t\t<\/div>\n\t\t\t\t<div class=\"elementor-column elementor-col-50 elementor-top-column elementor-element elementor-element-493b40c\" data-id=\"493b40c\" data-element_type=\"column\">\n\t\t\t<div class=\"elementor-column-wrap elementor-element-populated\">\n\t\t\t\t\t\t\t<div class=\"elementor-widget-wrap\">\n\t\t\t\t\t\t<div class=\"elementor-element elementor-element-ba888bf elementor-widget elementor-widget-text-editor\" data-id=\"ba888bf\" data-element_type=\"widget\" data-widget_type=\"text-editor.default\">\n\t\t\t\t<div class=\"elementor-widget-container\">\n\t\t\t\t\t<div class=\"elementor-text-editor elementor-clearfix\"><p>\u00a0Profitez de notre service DEM SUPER ECO et louez un camion avec chauffeur pour une journ\u00e9e ou une demi-journ\u00e9e.<\/p><p>Les points forts :<\/p><ul><li>camion de type 10 m3 avec chauffeur professionnel.<\/li><li>location \u00e0 la journ\u00e9e ou \u00e0 la une demi-journ\u00e9e.<\/li><li>possibilit\u00e9 de rajouter un d\u00e9m\u00e9nageur suppl\u00e9mentaire.<\/li><li>assurance incluse.<\/li><li>option d\u00e9montage\/remontage de votre mobilier.<\/li><\/ul><\/div>\n\t\t\t\t<\/div>\n\t\t\t\t<\/div>\n\t\t\t\t<div class=\"elementor-element elementor-element-2113dab elementor-align-center elementor-widget elementor-widget-button\" data-id=\"2113dab\" data-element_type=\"widget\" data-widget_type=\"button.default\">\n\t\t\t\t<div class=\"elementor-widget-container\">\n\t\t\t\t\t<div class=\"elementor-button-wrapper\">\n\t\t\t<a href=\"http:\/\/www.tessiot-demenagement.com\/lareunion\/louez-un-camion-de-demenagement\" class=\"elementor-button-link elementor-button elementor-size-lg\" role=\"button\">\n\t\t\t\t\t\t<span class=\"elementor-button-content-wrapper\">\n\t\t\t\t\t\t<span class=\"elementor-button-text\">Calculez votre tarif<\/span>\n\t\t<\/span>\n\t\t\t\t\t<\/a>\n\t\t<\/div>\n\t\t\t\t<\/div>\n\t\t\t\t<\/div>\n\t\t\t\t<div class=\"elementor-element elementor-element-7da3e48 elementor-widget elementor-widget-text-editor\" data-id=\"7da3e48\" data-element_type=\"widget\" data-widget_type=\"text-editor.default\">\n\t\t\t\t<div class=\"elementor-widget-container\">\n\t\t\t\t\t<div class=\"elementor-text-editor elementor-clearfix\"><p>Paiement s\u00e9curis\u00e9<\/p><\/div>\n\t\t\t\t<\/div>\n\t\t\t\t<\/div>\n\t\t\t\t<div class=\"elementor-element elementor-element-71257b9 elementor-widget elementor-widget-image\" data-id=\"71257b9\" data-element_type=\"widget\" data-widget_type=\"image.default\">\n\t\t\t\t<div class=\"elementor-widget-container\">\n\t\t\t\t\t<div class=\"elementor-image\">\n\t\t\t\t\t\t\t\t\t\t<img width=\"250\" height=\"75\" src=\"http:\/\/www.tessiot-demenagement.com\/lareunion\/wp-content\/uploads\/2021\/01\/Sans-titre-44-1.png\" class=\"attachment-medium size-medium\" alt=\"d\u00e9m\u00e9nager en ligne\" loading=\"lazy\" \/>\t\t\t\t\t\t\t\t\t\t\t<\/div>\n\t\t\t\t<\/div>\n\t\t\t\t<\/div>\n\t\t\t\t\t\t<\/div>\n\t\t\t\t\t<\/div>\n\t\t<\/div>\n\t\t\t\t\t\t\t\t<\/div>\n\t\t\t\t\t<\/div>\n\t\t<\/section>\n\t\t\t\t<section class=\"elementor-section elementor-top-section elementor-element elementor-element-901f7f5 elementor-section-boxed elementor-section-height-default elementor-section-height-default\" data-id=\"901f7f5\" data-element_type=\"section\">\n\t\t\t\t\t\t<div class=\"elementor-container elementor-column-gap-default\">\n\t\t\t\t\t\t\t<div class=\"elementor-row\">\n\t\t\t\t\t<div class=\"elementor-column elementor-col-33 elementor-top-column elementor-element elementor-element-379211c\" data-id=\"379211c\" data-element_type=\"column\">\n\t\t\t<div class=\"elementor-column-wrap elementor-element-populated\">\n\t\t\t\t\t\t\t<div class=\"elementor-widget-wrap\">\n\t\t\t\t\t\t<div class=\"elementor-element elementor-element-c17046f elementor-widget elementor-widget-toggle\" data-id=\"c17046f\" data-element_type=\"widget\" data-widget_type=\"toggle.default\">\n\t\t\t\t<div class=\"elementor-widget-container\">\n\t\t\t\t\t<div class=\"elementor-toggle\" role=\"tablist\">\n\t\t\t\t\t\t\t<div class=\"elementor-toggle-item\">\n\t\t\t\t\t<div id=\"elementor-tab-title-2021\" class=\"elementor-tab-title\" data-tab=\"1\" role=\"tab\" aria-controls=\"elementor-tab-content-2021\">\n\t\t\t\t\t\t\t\t\t\t\t\t<span class=\"elementor-toggle-icon elementor-toggle-icon-left\" aria-hidden=\"true\">\n\t\t\t\t\t\t\t\t\t\t\t\t\t\t\t<span class=\"elementor-toggle-icon-closed\"><i class=\"fas fa-caret-right\"><\/i><\/span>\n\t\t\t\t\t\t\t\t<span class=\"elementor-toggle-icon-opened\"><i class=\"elementor-toggle-icon-opened fas fa-caret-up\"><\/i><\/span>\n\t\t\t\t\t\t\t\t\t\t\t\t\t<\/span>\n\t\t\t\t\t\t\t\t\t\t\t\t<a href=\"\" class=\"elementor-toggle-title\">Description d\u00e9taill\u00e9e<\/a>\n\t\t\t\t\t<\/div>\n\t\t\t\t\t<div id=\"elementor-tab-content-2021\" class=\"elementor-tab-content elementor-clearfix\" data-tab=\"1\" role=\"tabpanel\" aria-labelledby=\"elementor-tab-title-2021\"><p>Louez votre camion avec chauffeur \u00e0 Saint-Pierre avec le service <strong>DEM SUPER ECO<\/strong>.<\/p><p>B\u00e9n\u00e9ficiez d\u2019un camion avec une charge utile de type 10m3. En effet vous n\u2019avez pas besoin d\u2019aller chercher le v\u00e9hicule dans une agence, d\u2019attendre et de remplir d\u2019interminables formulaires. Pendant une demi-journ\u00e9e ou une journ\u00e9e, vous r\u00e9servez le camion avec un chauffeur professionnel. En plus, celui-ci ne fait pas que conduire, il vous aide aussi \u00e0 charger vos effets personnels dans le camion.<\/p><p>Par ailleurs les frais de route et l\u2019assurance sont inclus. Et vous n\u2019avez pas de caution exig\u00e9e pour la location de votre camion de d\u00e9m\u00e9nagement.<\/p><p>Notre chauffeur intervient de 8h30 \u00e0 12h00 et de 13h00 \u00e0 16h30 du lundi au vendredi sur Saint-Pierre et son agglom\u00e9ration.<\/p><p>Vous pouvez en plus rajouter un second d\u00e9m\u00e9nageur et, sur demande, la prestation de d\u00e9montage et remontage de votre mobilier est possible.<\/p><p>ATTENTION :<\/p><ul><li>service disponible uniquement sur l&#8217;\u00eele de La R\u00e9union avec forfait kilom\u00e9trique inclus de 30 kms.<\/li><li>le chauffeur ne fait pas de portage. Il charge vos effets personnels d\u00e9pos\u00e9s au pied de son camion.<\/li><li>les \u00e9ventuelles autorisations de stationnement \u00e0 l\u2019adresse de d\u00e9part et\/ou \u00e0 l&#8217;adresse de livraison sont \u00e0 votre charge.<\/li><\/ul><\/div>\n\t\t\t\t<\/div>\n\t\t\t\t\t<\/div>\n\t\t\t\t<\/div>\n\t\t\t\t<\/div>\n\t\t\t\t\t\t<\/div>\n\t\t\t\t\t<\/div>\n\t\t<\/div>\n\t\t\t\t<div class=\"elementor-column elementor-col-33 elementor-top-column elementor-element elementor-element-645c298\" data-id=\"645c298\" data-element_type=\"column\">\n\t\t\t<div class=\"elementor-column-wrap elementor-element-populated\">\n\t\t\t\t\t\t\t<div class=\"elementor-widget-wrap\">\n\t\t\t\t\t\t<div class=\"elementor-element elementor-element-243570a elementor-widget elementor-widget-image\" data-id=\"243570a\" data-element_type=\"widget\" data-widget_type=\"image.default\">\n\t\t\t\t<div class=\"elementor-widget-container\">\n\t\t\t\t\t<div class=\"elementor-image\">\n\t\t\t\t\t\t\t\t\t\t<img width=\"150\" height=\"150\" src=\"http:\/\/www.tessiot-demenagement.com\/lareunion\/wp-content\/uploads\/2021\/01\/Tessiot-4-150x150.png\" class=\"attachment-thumbnail size-thumbnail\" alt=\"d\u00e9m\u00e9nageur sur internet\" loading=\"lazy\" \/>\t\t\t\t\t\t\t\t\t\t\t<\/div>\n\t\t\t\t<\/div>\n\t\t\t\t<\/div>\n\t\t\t\t\t\t<\/div>\n\t\t\t\t\t<\/div>\n\t\t<\/div>\n\t\t\t\t<div class=\"elementor-column elementor-col-33 elementor-top-column elementor-element elementor-element-31f734c\" data-id=\"31f734c\" data-element_type=\"column\">\n\t\t\t<div class=\"elementor-column-wrap elementor-element-populated\">\n\t\t\t\t\t\t\t<div class=\"elementor-widget-wrap\">\n\t\t\t\t\t\t<div class=\"elementor-element elementor-element-423d462 elementor-widget elementor-widget-text-editor\" data-id=\"423d462\" data-element_type=\"widget\" data-widget_type=\"text-editor.default\">\n\t\t\t\t<div class=\"elementor-widget-container\">\n\t\t\t\t\t<div class=\"elementor-text-editor elementor-clearfix\"><p><strong>Un renseignement ? Une question ? Contactez-nous au 02 62 26 66 16 ou par mail : la_reunion@tessiot-demenagement.com<\/strong><\/p><\/div>\n\t\t\t\t<\/div>\n\t\t\t\t<\/div>\n\t\t\t\t\t\t<\/div>\n\t\t\t\t\t<\/div>\n\t\t<\/div>\n\t\t\t\t\t\t\t\t<\/div>\n\t\t\t\t\t<\/div>\n\t\t<\/section>\n\t\t\t\t\t\t<\/div>\n\t\t\t\t\t\t<\/div>\n\t\t\t\t\t<\/div>\n\t\t","protected":false},"excerpt":{"rendered":"<p>DEM SUPER ECO : votre d\u00e9m\u00e9nagement moins cher ! 4.2\/5 (47 avis) &#xE934;&#xE934;&#xE934;&#xE934;&#xE934; 4.4\/5 Note moyenne attribu\u00e9e par nos clients<\/p>\n","protected":false},"author":57,"featured_media":0,"parent":0,"menu_order":0,"comment_status":"closed","ping_status":"closed","template":"","meta":{"spay_email":""},"yoast_head":"<!-- This site is optimized with the Yoast SEO plugin v15.8 - https:\/\/yoast.com\/wordpress\/plugins\/seo\/ -->\n<title>Louer un camion \u00e0 La R\u00e9union - D\u00e9m\u00e9nagement A Tessiot<\/title>\n<meta name=\"description\" content=\"DEM SUPER ECO : votre d\u00e9m\u00e9nagement moins cher ! 4.2\/5 (47 avis) &#xE934;&#xE934;&#xE934;&#xE934;&#xE934; 4.4\/5 Note moyenne attribu\u00e9e par nos clients\" \/>\n<meta name=\"robots\" content=\"index, follow, max-snippet:-1, max-image-preview:large, max-video-preview:-1\" \/>\n<link rel=\"canonical\" href=\"https:\/\/www.tessiot-demenagement.com\/lareunion\/louer-un-camion-a-la-reunion\/\" \/>\n<meta property=\"og:locale\" content=\"fr_FR\" \/>\n<meta property=\"og:type\" content=\"article\" \/>\n<meta property=\"og:title\" content=\"Louer un camion \u00e0 La R\u00e9union - D\u00e9m\u00e9nagement A Tessiot\" \/>\n<meta property=\"og:description\" content=\"DEM SUPER ECO : votre d\u00e9m\u00e9nagement moins cher ! 4.2\/5 (47 avis) &#xE934;&#xE934;&#xE934;&#xE934;&#xE934; 4.4\/5 Note moyenne attribu\u00e9e par nos clients\" \/>\n<meta property=\"og:url\" content=\"https:\/\/www.tessiot-demenagement.com\/lareunion\/louer-un-camion-a-la-reunion\/\" \/>\n<meta property=\"og:site_name\" content=\"D\u00e9m\u00e9nagement A Tessiot\" \/>\n<meta property=\"article:modified_time\" content=\"2021-02-23T15:57:40+00:00\" \/>\n<meta property=\"og:image\" content=\"http:\/\/www.tessiot-demenagement.com\/lareunion\/wp-content\/uploads\/2021\/01\/DEM-SUPER-ECO-2.png\" \/>\n<meta name=\"twitter:label1\" content=\"Dur\u00e9e de lecture est.\">\n\t<meta name=\"twitter:data1\" content=\"3 minutes\">\n<script type=\"application\/ld+json\" class=\"yoast-schema-graph\">{\"@context\":\"https:\/\/schema.org\",\"@graph\":[{\"@type\":\"WebSite\",\"@id\":\"http:\/\/www.tessiot-demenagement.com\/lareunion\/#website\",\"url\":\"http:\/\/www.tessiot-demenagement.com\/lareunion\/\",\"name\":\"D\\u00e9m\\u00e9nagement A Tessiot\",\"description\":\"votre demenageur specialiste des transferts administratifs et industriels\",\"potentialAction\":[{\"@type\":\"SearchAction\",\"target\":\"http:\/\/www.tessiot-demenagement.com\/lareunion\/?s={search_term_string}\",\"query-input\":\"required name=search_term_string\"}],\"inLanguage\":\"fr-FR\"},{\"@type\":\"ImageObject\",\"@id\":\"https:\/\/www.tessiot-demenagement.com\/lareunion\/louer-un-camion-a-la-reunion\/#primaryimage\",\"inLanguage\":\"fr-FR\",\"url\":\"http:\/\/www.tessiot-demenagement.com\/lareunion\/wp-content\/uploads\/2021\/01\/DEM-SUPER-ECO-2.png\",\"width\":900,\"height\":300,\"caption\":\"d\\u00e9m\\u00e9nageur \\u00e0 la r\\u00e9union\"},{\"@type\":\"WebPage\",\"@id\":\"https:\/\/www.tessiot-demenagement.com\/lareunion\/louer-un-camion-a-la-reunion\/#webpage\",\"url\":\"https:\/\/www.tessiot-demenagement.com\/lareunion\/louer-un-camion-a-la-reunion\/\",\"name\":\"Louer un camion \\u00e0 La R\\u00e9union - D\\u00e9m\\u00e9nagement A Tessiot\",\"isPartOf\":{\"@id\":\"http:\/\/www.tessiot-demenagement.com\/lareunion\/#website\"},\"primaryImageOfPage\":{\"@id\":\"https:\/\/www.tessiot-demenagement.com\/lareunion\/louer-un-camion-a-la-reunion\/#primaryimage\"},\"datePublished\":\"2021-01-29T11:28:41+00:00\",\"dateModified\":\"2021-02-23T15:57:40+00:00\",\"description\":\"DEM SUPER ECO : votre d\\u00e9m\\u00e9nagement moins cher ! 4.2\/5 (47 avis) &#xE934;&#xE934;&#xE934;&#xE934;&#xE934; 4.4\/5 Note moyenne attribu\\u00e9e par nos clients\",\"breadcrumb\":{\"@id\":\"https:\/\/www.tessiot-demenagement.com\/lareunion\/louer-un-camion-a-la-reunion\/#breadcrumb\"},\"inLanguage\":\"fr-FR\",\"potentialAction\":[{\"@type\":\"ReadAction\",\"target\":[\"https:\/\/www.tessiot-demenagement.com\/lareunion\/louer-un-camion-a-la-reunion\/\"]}]},{\"@type\":\"BreadcrumbList\",\"@id\":\"https:\/\/www.tessiot-demenagement.com\/lareunion\/louer-un-camion-a-la-reunion\/#breadcrumb\",\"itemListElement\":[{\"@type\":\"ListItem\",\"position\":1,\"item\":{\"@type\":\"WebPage\",\"@id\":\"https:\/\/www.tessiot-demenagement.com\/lareunion\/louer-un-camion-a-la-reunion\/\",\"url\":\"https:\/\/www.tessiot-demenagement.com\/lareunion\/louer-un-camion-a-la-reunion\/\",\"name\":\"Louer un camion \\u00e0 La R\\u00e9union\"}}]}]}<\/script>\n<!-- \/ Yoast SEO plugin. -->","jetpack_sharing_enabled":true,"jetpack_shortlink":"https:\/\/wp.me\/P5eCLF-EZ","_links":{"self":[{"href":"http:\/\/www.tessiot-demenagement.com\/lareunion\/wp-json\/wp\/v2\/pages\/2541"}],"collection":[{"href":"http:\/\/www.tessiot-demenagement.com\/lareunion\/wp-json\/wp\/v2\/pages"}],"about":[{"href":"http:\/\/www.tessiot-demenagement.com\/lareunion\/wp-json\/wp\/v2\/types\/page"}],"author":[{"embeddable":true,"href":"http:\/\/www.tessiot-demenagement.com\/lareunion\/wp-json\/wp\/v2\/users\/57"}],"replies":[{"embeddable":true,"href":"http:\/\/www.tessiot-demenagement.com\/lareunion\/wp-json\/wp\/v2\/comments?post=2541"}],"version-history":[{"count":47,"href":"http:\/\/www.tessiot-demenagement.com\/lareunion\/wp-json\/wp\/v2\/pages\/2541\/revisions"}],"predecessor-version":[{"id":3163,"href":"http:\/\/www.tessiot-demenagement.com\/lareunion\/wp-json\/wp\/v2\/pages\/2541\/revisions\/3163"}],"wp:attachment":[{"href":"http:\/\/www.tessiot-demenagement.com\/lareunion\/wp-json\/wp\/v2\/media?parent=2541"}],"curies":[{"name":"wp","href":"https:\/\/api.w.org\/{rel}","templated":true}]}}