{"id":2503,"date":"2021-01-29T09:38:53","date_gmt":"2021-01-29T09:38:53","guid":{"rendered":"http:\/\/www.tessiot-demenagement.com\/lareunion\/?page_id=2503"},"modified":"2021-02-17T14:50:42","modified_gmt":"2021-02-17T14:50:42","slug":"louez-un-camion-de-demenagement","status":"publish","type":"page","link":"http:\/\/www.tessiot-demenagement.com\/lareunion\/louez-un-camion-de-demenagement\/","title":{"rendered":"Calculateur prix camion de d\u00e9m\u00e9nagement"},"content":{"rendered":"\t\t<div data-elementor-type=\"wp-page\" data-elementor-id=\"2503\" class=\"elementor elementor-2503\" data-elementor-settings=\"[]\">\n\t\t\t\t\t\t<div class=\"elementor-inner\">\n\t\t\t\t\t\t\t<div class=\"elementor-section-wrap\">\n\t\t\t\t\t\t\t<section class=\"elementor-section elementor-top-section elementor-element elementor-element-7328fdf elementor-section-boxed elementor-section-height-default elementor-section-height-default\" data-id=\"7328fdf\" data-element_type=\"section\">\n\t\t\t\t\t\t<div class=\"elementor-container elementor-column-gap-default\">\n\t\t\t\t\t\t\t<div class=\"elementor-row\">\n\t\t\t\t\t<div class=\"elementor-column elementor-col-100 elementor-top-column elementor-element elementor-element-d4cf1be\" data-id=\"d4cf1be\" data-element_type=\"column\">\n\t\t\t<div class=\"elementor-column-wrap elementor-element-populated\">\n\t\t\t\t\t\t\t<div class=\"elementor-widget-wrap\">\n\t\t\t\t\t\t<div class=\"elementor-element elementor-element-f41e2ca elementor-widget elementor-widget-image\" data-id=\"f41e2ca\" data-element_type=\"widget\" data-widget_type=\"image.default\">\n\t\t\t\t<div class=\"elementor-widget-container\">\n\t\t\t\t\t<div class=\"elementor-image\">\n\t\t\t\t\t\t\t\t\t\t<img width=\"800\" height=\"267\" src=\"http:\/\/www.tessiot-demenagement.com\/lareunion\/wp-content\/uploads\/2021\/01\/DEM-SUPER-ECO-2.png\" class=\"attachment-large size-large\" alt=\"d\u00e9m\u00e9nageur \u00e0 la r\u00e9union\" loading=\"lazy\" srcset=\"http:\/\/www.tessiot-demenagement.com\/lareunion\/wp-content\/uploads\/2021\/01\/DEM-SUPER-ECO-2.png 900w, http:\/\/www.tessiot-demenagement.com\/lareunion\/wp-content\/uploads\/2021\/01\/DEM-SUPER-ECO-2-300x100.png 300w, http:\/\/www.tessiot-demenagement.com\/lareunion\/wp-content\/uploads\/2021\/01\/DEM-SUPER-ECO-2-768x256.png 768w\" sizes=\"(max-width: 800px) 100vw, 800px\" \/>\t\t\t\t\t\t\t\t\t\t\t<\/div>\n\t\t\t\t<\/div>\n\t\t\t\t<\/div>\n\t\t\t\t\t\t<\/div>\n\t\t\t\t\t<\/div>\n\t\t<\/div>\n\t\t\t\t\t\t\t\t<\/div>\n\t\t\t\t\t<\/div>\n\t\t<\/section>\n\t\t\t\t<section class=\"elementor-section elementor-top-section elementor-element elementor-element-7a1946a elementor-section-boxed elementor-section-height-default elementor-section-height-default\" data-id=\"7a1946a\" data-element_type=\"section\">\n\t\t\t\t\t\t<div class=\"elementor-container elementor-column-gap-default\">\n\t\t\t\t\t\t\t<div class=\"elementor-row\">\n\t\t\t\t\t<div class=\"elementor-column elementor-col-100 elementor-top-column elementor-element elementor-element-32588cd\" data-id=\"32588cd\" data-element_type=\"column\">\n\t\t\t<div class=\"elementor-column-wrap elementor-element-populated\">\n\t\t\t\t\t\t\t<div class=\"elementor-widget-wrap\">\n\t\t\t\t\t\t<div class=\"elementor-element elementor-element-cbfc42b elementor-widget elementor-widget-shortcode\" data-id=\"cbfc42b\" data-element_type=\"widget\" data-widget_type=\"shortcode.default\">\n\t\t\t\t<div class=\"elementor-widget-container\">\n\t\t\t\t\t<div class=\"elementor-shortcode\"><div id=\"movertool\"><\/div><\/div>\n\t\t\t\t<\/div>\n\t\t\t\t<\/div>\n\t\t\t\t<div class=\"elementor-element elementor-element-8b6dfc1 elementor-widget elementor-widget-html\" data-id=\"8b6dfc1\" data-element_type=\"widget\" data-widget_type=\"html.default\">\n\t\t\t\t<div class=\"elementor-widget-container\">\n\t\t\t<script type=\"text\/javascript\" src=\"http:\/\/www.googleadservices.com\/pagead\/conversion_async.js\" charset=\"utf-8\"><\/script>\r\n<script src=\"https:\/\/www.moverbay.com\/api\/ZGI2YzgwNDRiYmE2ZWE3YzhiMjlhMWRhZDU5NTg3MmEwOThhZWYwYThlNWM5NWIwNzJlZjU0NDcyZWYxNjk3MQ==\/main.js\" ><\/script>\r\n<script>\r\n    (function() {\r\n        var opt = { allowOnlinePayment : true, showQuoteForm: false, showContactForm: false, showAppointmentForm: false };\r\n        var dom = document.getElementById('movertool');\r\n        var mb = new Moverbay(dom, opt);\r\n        mb.initialize();\r\n    })();\r\n<\/script>\r\n\t\t<\/div>\n\t\t\t\t<\/div>\n\t\t\t\t\t\t<\/div>\n\t\t\t\t\t<\/div>\n\t\t<\/div>\n\t\t\t\t\t\t\t\t<\/div>\n\t\t\t\t\t<\/div>\n\t\t<\/section>\n\t\t\t\t<section class=\"elementor-section elementor-top-section elementor-element elementor-element-e1e5d51 elementor-section-boxed elementor-section-height-default elementor-section-height-default\" data-id=\"e1e5d51\" data-element_type=\"section\">\n\t\t\t\t\t\t<div class=\"elementor-container elementor-column-gap-default\">\n\t\t\t\t\t\t\t<div class=\"elementor-row\">\n\t\t\t\t\t<div class=\"elementor-column elementor-col-100 elementor-top-column elementor-element elementor-element-e22f334\" data-id=\"e22f334\" data-element_type=\"column\">\n\t\t\t<div class=\"elementor-column-wrap elementor-element-populated\">\n\t\t\t\t\t\t\t<div class=\"elementor-widget-wrap\">\n\t\t\t\t\t\t<div class=\"elementor-element elementor-element-d86843b elementor-widget-divider--view-line elementor-widget elementor-widget-divider\" data-id=\"d86843b\" data-element_type=\"widget\" data-widget_type=\"divider.default\">\n\t\t\t\t<div class=\"elementor-widget-container\">\n\t\t\t\t\t<div class=\"elementor-divider\">\n\t\t\t<span class=\"elementor-divider-separator\">\n\t\t\t\t\t\t<\/span>\n\t\t<\/div>\n\t\t\t\t<\/div>\n\t\t\t\t<\/div>\n\t\t\t\t\t\t<\/div>\n\t\t\t\t\t<\/div>\n\t\t<\/div>\n\t\t\t\t\t\t\t\t<\/div>\n\t\t\t\t\t<\/div>\n\t\t<\/section>\n\t\t\t\t<section class=\"elementor-section elementor-top-section elementor-element elementor-element-b724c6d elementor-section-boxed elementor-section-height-default elementor-section-height-default\" data-id=\"b724c6d\" data-element_type=\"section\">\n\t\t\t\t\t\t<div class=\"elementor-container elementor-column-gap-default\">\n\t\t\t\t\t\t\t<div class=\"elementor-row\">\n\t\t\t\t\t<div class=\"elementor-column elementor-col-33 elementor-top-column elementor-element elementor-element-fa4529d\" data-id=\"fa4529d\" data-element_type=\"column\">\n\t\t\t<div class=\"elementor-column-wrap elementor-element-populated\">\n\t\t\t\t\t\t\t<div class=\"elementor-widget-wrap\">\n\t\t\t\t\t\t<div class=\"elementor-element elementor-element-389d144 elementor-widget elementor-widget-image\" data-id=\"389d144\" data-element_type=\"widget\" data-widget_type=\"image.default\">\n\t\t\t\t<div class=\"elementor-widget-container\">\n\t\t\t\t\t<div class=\"elementor-image\">\n\t\t\t\t\t\t\t\t\t\t<img src=\"http:\/\/www.tessiot-demenagement.com\/lareunion\/wp-content\/uploads\/elementor\/thumbs\/DEM-SUPER-ECO-1-p22ng77ohl8qnuujj870nluuqt2z55ez0b8dk6n2yy.png\" title=\"d\u00e9montage et remontage de meubles\" alt=\"d\u00e9montage et remontage de meubles\" \/>\t\t\t\t\t\t\t\t\t\t\t<\/div>\n\t\t\t\t<\/div>\n\t\t\t\t<\/div>\n\t\t\t\t<div class=\"elementor-element elementor-element-08c1c53 elementor-widget elementor-widget-text-editor\" data-id=\"08c1c53\" data-element_type=\"widget\" data-widget_type=\"text-editor.default\">\n\t\t\t\t<div class=\"elementor-widget-container\">\n\t\t\t\t\t<div class=\"elementor-text-editor elementor-clearfix\"><p>Option D\u00e9montage et remontage de votre mobilier sur demande. Contactez nous au 02 62 26 66 16.<\/p><\/div>\n\t\t\t\t<\/div>\n\t\t\t\t<\/div>\n\t\t\t\t\t\t<\/div>\n\t\t\t\t\t<\/div>\n\t\t<\/div>\n\t\t\t\t<div class=\"elementor-column elementor-col-66 elementor-top-column elementor-element elementor-element-c7283d1\" data-id=\"c7283d1\" data-element_type=\"column\">\n\t\t\t<div class=\"elementor-column-wrap elementor-element-populated\">\n\t\t\t\t\t\t\t<div class=\"elementor-widget-wrap\">\n\t\t\t\t\t\t<div class=\"elementor-element elementor-element-b65c5f6 elementor-widget elementor-widget-text-editor\" data-id=\"b65c5f6\" data-element_type=\"widget\" data-widget_type=\"text-editor.default\">\n\t\t\t\t<div class=\"elementor-widget-container\">\n\t\t\t\t\t<div class=\"elementor-text-editor elementor-clearfix\"><p><a href=\"http:\/\/www.tessiot-demenagement.com\/lareunion\/wp-content\/uploads\/2021\/01\/cgv-DEM-SUPER-ECO-la-reunion.pdf\">Conditions G\u00e9n\u00e9rales de Vente DEM SUPER ECO LA REUNION<\/a><\/p><p>En passant commande au service DEM SUPER ECO, vous acceptez que les informations saisies soient utilis\u00e9es pour vous recontacter dans le cadre de la demande\u00a0 indiqu\u00e9e dans ce formulaire. Vous acceptez \u00e9galement l&#8217;application des Conditions G\u00e9n\u00e9rales de Vente DEM SUPER ECO.<\/p><\/div>\n\t\t\t\t<\/div>\n\t\t\t\t<\/div>\n\t\t\t\t\t\t<\/div>\n\t\t\t\t\t<\/div>\n\t\t<\/div>\n\t\t\t\t\t\t\t\t<\/div>\n\t\t\t\t\t<\/div>\n\t\t<\/section>\n\t\t\t\t\t\t<\/div>\n\t\t\t\t\t\t<\/div>\n\t\t\t\t\t<\/div>\n\t\t","protected":false},"excerpt":{"rendered":"<p>Option D\u00e9montage et remontage de votre mobilier sur demande. Contactez nous au 02 62 26 66 16. Conditions G\u00e9n\u00e9rales de<\/p>\n","protected":false},"author":57,"featured_media":0,"parent":0,"menu_order":0,"comment_status":"closed","ping_status":"closed","template":"","meta":{"spay_email":""},"yoast_head":"<!-- This site is optimized with the Yoast SEO plugin v15.8 - https:\/\/yoast.com\/wordpress\/plugins\/seo\/ -->\n<title>Calculateur prix camion de d\u00e9m\u00e9nagement - D\u00e9m\u00e9nagement A Tessiot<\/title>\n<meta name=\"description\" content=\"Option D\u00e9montage et remontage de votre mobilier sur demande. Contactez nous au 02 62 26 66 16.Conditions G\u00e9n\u00e9rales de Vente DEM SUPER ECO LA REUNIONEn\" \/>\n<meta name=\"robots\" content=\"index, follow, max-snippet:-1, max-image-preview:large, max-video-preview:-1\" \/>\n<link rel=\"canonical\" href=\"http:\/\/www.tessiot-demenagement.com\/lareunion\/louez-un-camion-de-demenagement\/\" \/>\n<meta property=\"og:locale\" content=\"fr_FR\" \/>\n<meta property=\"og:type\" content=\"article\" \/>\n<meta property=\"og:title\" content=\"Calculateur prix camion de d\u00e9m\u00e9nagement - D\u00e9m\u00e9nagement A Tessiot\" \/>\n<meta property=\"og:description\" content=\"Option D\u00e9montage et remontage de votre mobilier sur demande. Contactez nous au 02 62 26 66 16.Conditions G\u00e9n\u00e9rales de Vente DEM SUPER ECO LA REUNIONEn\" \/>\n<meta property=\"og:url\" content=\"http:\/\/www.tessiot-demenagement.com\/lareunion\/louez-un-camion-de-demenagement\/\" \/>\n<meta property=\"og:site_name\" content=\"D\u00e9m\u00e9nagement A Tessiot\" \/>\n<meta property=\"article:modified_time\" content=\"2021-02-17T14:50:42+00:00\" \/>\n<meta property=\"og:image\" content=\"http:\/\/www.tessiot-demenagement.com\/lareunion\/wp-content\/uploads\/2021\/01\/DEM-SUPER-ECO-2.png\" \/>\n<meta name=\"twitter:label1\" content=\"Dur\u00e9e de lecture est.\">\n\t<meta name=\"twitter:data1\" content=\"1 minute\">\n<script type=\"application\/ld+json\" class=\"yoast-schema-graph\">{\"@context\":\"https:\/\/schema.org\",\"@graph\":[{\"@type\":\"WebSite\",\"@id\":\"http:\/\/www.tessiot-demenagement.com\/lareunion\/#website\",\"url\":\"http:\/\/www.tessiot-demenagement.com\/lareunion\/\",\"name\":\"D\\u00e9m\\u00e9nagement A Tessiot\",\"description\":\"votre demenageur specialiste des transferts administratifs et industriels\",\"potentialAction\":[{\"@type\":\"SearchAction\",\"target\":\"http:\/\/www.tessiot-demenagement.com\/lareunion\/?s={search_term_string}\",\"query-input\":\"required name=search_term_string\"}],\"inLanguage\":\"fr-FR\"},{\"@type\":\"ImageObject\",\"@id\":\"http:\/\/www.tessiot-demenagement.com\/lareunion\/louez-un-camion-de-demenagement\/#primaryimage\",\"inLanguage\":\"fr-FR\",\"url\":\"http:\/\/www.tessiot-demenagement.com\/lareunion\/wp-content\/uploads\/2021\/01\/DEM-SUPER-ECO-2.png\",\"width\":900,\"height\":300,\"caption\":\"d\\u00e9m\\u00e9nageur \\u00e0 la r\\u00e9union\"},{\"@type\":\"WebPage\",\"@id\":\"http:\/\/www.tessiot-demenagement.com\/lareunion\/louez-un-camion-de-demenagement\/#webpage\",\"url\":\"http:\/\/www.tessiot-demenagement.com\/lareunion\/louez-un-camion-de-demenagement\/\",\"name\":\"Calculateur prix camion de d\\u00e9m\\u00e9nagement - D\\u00e9m\\u00e9nagement A Tessiot\",\"isPartOf\":{\"@id\":\"http:\/\/www.tessiot-demenagement.com\/lareunion\/#website\"},\"primaryImageOfPage\":{\"@id\":\"http:\/\/www.tessiot-demenagement.com\/lareunion\/louez-un-camion-de-demenagement\/#primaryimage\"},\"datePublished\":\"2021-01-29T09:38:53+00:00\",\"dateModified\":\"2021-02-17T14:50:42+00:00\",\"description\":\"Option D\\u00e9montage et remontage de votre mobilier sur demande. Contactez nous au 02 62 26 66 16.Conditions G\\u00e9n\\u00e9rales de Vente DEM SUPER ECO LA REUNIONEn\",\"breadcrumb\":{\"@id\":\"http:\/\/www.tessiot-demenagement.com\/lareunion\/louez-un-camion-de-demenagement\/#breadcrumb\"},\"inLanguage\":\"fr-FR\",\"potentialAction\":[{\"@type\":\"ReadAction\",\"target\":[\"http:\/\/www.tessiot-demenagement.com\/lareunion\/louez-un-camion-de-demenagement\/\"]}]},{\"@type\":\"BreadcrumbList\",\"@id\":\"http:\/\/www.tessiot-demenagement.com\/lareunion\/louez-un-camion-de-demenagement\/#breadcrumb\",\"itemListElement\":[{\"@type\":\"ListItem\",\"position\":1,\"item\":{\"@type\":\"WebPage\",\"@id\":\"http:\/\/www.tessiot-demenagement.com\/lareunion\/louez-un-camion-de-demenagement\/\",\"url\":\"http:\/\/www.tessiot-demenagement.com\/lareunion\/louez-un-camion-de-demenagement\/\",\"name\":\"Calculateur prix camion de d\\u00e9m\\u00e9nagement\"}}]}]}<\/script>\n<!-- \/ Yoast SEO plugin. -->","jetpack_sharing_enabled":true,"jetpack_shortlink":"https:\/\/wp.me\/P5eCLF-En","_links":{"self":[{"href":"http:\/\/www.tessiot-demenagement.com\/lareunion\/wp-json\/wp\/v2\/pages\/2503"}],"collection":[{"href":"http:\/\/www.tessiot-demenagement.com\/lareunion\/wp-json\/wp\/v2\/pages"}],"about":[{"href":"http:\/\/www.tessiot-demenagement.com\/lareunion\/wp-json\/wp\/v2\/types\/page"}],"author":[{"embeddable":true,"href":"http:\/\/www.tessiot-demenagement.com\/lareunion\/wp-json\/wp\/v2\/users\/57"}],"replies":[{"embeddable":true,"href":"http:\/\/www.tessiot-demenagement.com\/lareunion\/wp-json\/wp\/v2\/comments?post=2503"}],"version-history":[{"count":33,"href":"http:\/\/www.tessiot-demenagement.com\/lareunion\/wp-json\/wp\/v2\/pages\/2503\/revisions"}],"predecessor-version":[{"id":2746,"href":"http:\/\/www.tessiot-demenagement.com\/lareunion\/wp-json\/wp\/v2\/pages\/2503\/revisions\/2746"}],"wp:attachment":[{"href":"http:\/\/www.tessiot-demenagement.com\/lareunion\/wp-json\/wp\/v2\/media?parent=2503"}],"curies":[{"name":"wp","href":"https:\/\/api.w.org\/{rel}","templated":true}]}}