{"id":1831,"date":"2020-07-22T13:33:50","date_gmt":"2020-07-22T13:33:50","guid":{"rendered":"http:\/\/www.tessiot-demenagement.com\/lareunion\/?page_id=1831"},"modified":"2020-10-28T14:22:35","modified_gmt":"2020-10-28T14:22:35","slug":"nos-partenaires","status":"publish","type":"page","link":"http:\/\/www.tessiot-demenagement.com\/lareunion\/nos-partenaires\/","title":{"rendered":"Nos partenaires"},"content":{"rendered":"\t\t<div data-elementor-type=\"wp-page\" data-elementor-id=\"1831\" class=\"elementor elementor-1831\" data-elementor-settings=\"[]\">\n\t\t\t\t\t\t<div class=\"elementor-inner\">\n\t\t\t\t\t\t\t<div class=\"elementor-section-wrap\">\n\t\t\t\t\t\t\t<section class=\"elementor-section elementor-top-section elementor-element elementor-element-faf772a elementor-section-boxed elementor-section-height-default elementor-section-height-default\" data-id=\"faf772a\" data-element_type=\"section\">\n\t\t\t\t\t\t<div class=\"elementor-container elementor-column-gap-default\">\n\t\t\t\t\t\t\t<div class=\"elementor-row\">\n\t\t\t\t\t<div class=\"elementor-column elementor-col-100 elementor-top-column elementor-element elementor-element-cfe51c4\" data-id=\"cfe51c4\" data-element_type=\"column\">\n\t\t\t<div class=\"elementor-column-wrap elementor-element-populated\">\n\t\t\t\t\t\t\t<div class=\"elementor-widget-wrap\">\n\t\t\t\t\t\t<div class=\"elementor-element elementor-element-cb735bf elementor-widget elementor-widget-heading\" data-id=\"cb735bf\" data-element_type=\"widget\" data-widget_type=\"heading.default\">\n\t\t\t\t<div class=\"elementor-widget-container\">\n\t\t\t<h2 class=\"elementor-heading-title elementor-size-default\">Nos partenaires.<\/h2>\t\t<\/div>\n\t\t\t\t<\/div>\n\t\t\t\t\t\t<\/div>\n\t\t\t\t\t<\/div>\n\t\t<\/div>\n\t\t\t\t\t\t\t\t<\/div>\n\t\t\t\t\t<\/div>\n\t\t<\/section>\n\t\t\t\t<section class=\"elementor-section elementor-top-section elementor-element elementor-element-35ac706 elementor-section-boxed elementor-section-height-default elementor-section-height-default\" data-id=\"35ac706\" data-element_type=\"section\">\n\t\t\t\t\t\t<div class=\"elementor-container elementor-column-gap-default\">\n\t\t\t\t\t\t\t<div class=\"elementor-row\">\n\t\t\t\t\t<div class=\"elementor-column elementor-col-100 elementor-top-column elementor-element elementor-element-0a793fe\" data-id=\"0a793fe\" data-element_type=\"column\">\n\t\t\t<div class=\"elementor-column-wrap elementor-element-populated\">\n\t\t\t\t\t\t\t<div class=\"elementor-widget-wrap\">\n\t\t\t\t\t\t<div class=\"elementor-element elementor-element-c82171e elementor-widget elementor-widget-spacer\" data-id=\"c82171e\" data-element_type=\"widget\" data-widget_type=\"spacer.default\">\n\t\t\t\t<div class=\"elementor-widget-container\">\n\t\t\t\t\t<div class=\"elementor-spacer\">\n\t\t\t<div class=\"elementor-spacer-inner\"><\/div>\n\t\t<\/div>\n\t\t\t\t<\/div>\n\t\t\t\t<\/div>\n\t\t\t\t\t\t<\/div>\n\t\t\t\t\t<\/div>\n\t\t<\/div>\n\t\t\t\t\t\t\t\t<\/div>\n\t\t\t\t\t<\/div>\n\t\t<\/section>\n\t\t\t\t<section class=\"elementor-section elementor-top-section elementor-element elementor-element-0b7d0d9 elementor-section-boxed elementor-section-height-default elementor-section-height-default\" data-id=\"0b7d0d9\" data-element_type=\"section\">\n\t\t\t\t\t\t<div class=\"elementor-container elementor-column-gap-default\">\n\t\t\t\t\t\t\t<div class=\"elementor-row\">\n\t\t\t\t\t<div class=\"elementor-column elementor-col-33 elementor-top-column elementor-element elementor-element-5fbf0b3\" data-id=\"5fbf0b3\" data-element_type=\"column\">\n\t\t\t<div class=\"elementor-column-wrap elementor-element-populated\">\n\t\t\t\t\t\t\t<div class=\"elementor-widget-wrap\">\n\t\t\t\t\t\t<div class=\"elementor-element elementor-element-67388a5 elementor-widget elementor-widget-image\" data-id=\"67388a5\" data-element_type=\"widget\" data-widget_type=\"image.default\">\n\t\t\t\t<div class=\"elementor-widget-container\">\n\t\t\t\t\t<div class=\"elementor-image\">\n\t\t\t\t\t\t\t\t\t\t<img src=\"http:\/\/www.tessiot-demenagement.com\/lareunion\/wp-content\/uploads\/elementor\/thumbs\/t\u00e9l\u00e9chargement-6-ouxdp8e63kb36t8vqe3lwecoe3116f2vxvdltz3rz0.png\" title=\"chambre syndicale du d\u00e9m\u00e9nagement avec Tessiot d\u00e9m\u00e9nagements\" alt=\"chambre syndicale du d\u00e9m\u00e9nagement avec Tessiot d\u00e9m\u00e9nagements\" \/>\t\t\t\t\t\t\t\t\t\t\t<\/div>\n\t\t\t\t<\/div>\n\t\t\t\t<\/div>\n\t\t\t\t\t\t<\/div>\n\t\t\t\t\t<\/div>\n\t\t<\/div>\n\t\t\t\t<div class=\"elementor-column elementor-col-66 elementor-top-column elementor-element elementor-element-167e4e8\" data-id=\"167e4e8\" data-element_type=\"column\">\n\t\t\t<div class=\"elementor-column-wrap elementor-element-populated\">\n\t\t\t\t\t\t\t<div class=\"elementor-widget-wrap\">\n\t\t\t\t\t\t<div class=\"elementor-element elementor-element-b3c8012 elementor-widget elementor-widget-text-editor\" data-id=\"b3c8012\" data-element_type=\"widget\" data-widget_type=\"text-editor.default\">\n\t\t\t\t<div class=\"elementor-widget-container\">\n\t\t\t\t\t<div class=\"elementor-text-editor elementor-clearfix\"><p style=\"text-align: justify;\"><span style=\"color: #323c46; font-family: Poppins, Arial, sans-serif; font-size: 15px; text-align: justify;\">La Chambre Syndicale du D\u00e9m\u00e9nagement (CSD) est l\u2019organisation professionnelle qui\u00a0<\/span><strong style=\"box-sizing: inherit; color: #323c46; font-family: Poppins, Arial, sans-serif; font-size: 15px; text-align: justify;\">repr\u00e9sente en France les m\u00e9tiers de la mobilit\u00e9<\/strong><span style=\"color: #323c46; font-family: Poppins, Arial, sans-serif; font-size: 15px; text-align: justify;\">\u00a0: le d\u00e9m\u00e9nagement des particuliers et des collaborateurs, le d\u00e9m\u00e9nagement international, le transfert d\u2019entreprises et de collectivit\u00e9s, le garde-meubles, le self-stockage et l\u2019archivage. <\/span><span style=\"color: #323c46; font-family: Poppins, Arial, sans-serif; font-size: 15px; text-align: justify;\">Porte-parole de la Profession, elle se\u00a0 mobilise pour d\u00e9fendre les int\u00e9r\u00eats des d\u00e9m\u00e9nageurs<\/span><\/p><\/div>\n\t\t\t\t<\/div>\n\t\t\t\t<\/div>\n\t\t\t\t\t\t<\/div>\n\t\t\t\t\t<\/div>\n\t\t<\/div>\n\t\t\t\t\t\t\t\t<\/div>\n\t\t\t\t\t<\/div>\n\t\t<\/section>\n\t\t\t\t<section class=\"elementor-section elementor-top-section elementor-element elementor-element-a1bd54c elementor-section-boxed elementor-section-height-default elementor-section-height-default\" data-id=\"a1bd54c\" data-element_type=\"section\">\n\t\t\t\t\t\t<div class=\"elementor-container elementor-column-gap-default\">\n\t\t\t\t\t\t\t<div class=\"elementor-row\">\n\t\t\t\t\t<div class=\"elementor-column elementor-col-33 elementor-top-column elementor-element elementor-element-76791bd\" data-id=\"76791bd\" data-element_type=\"column\">\n\t\t\t<div class=\"elementor-column-wrap elementor-element-populated\">\n\t\t\t\t\t\t\t<div class=\"elementor-widget-wrap\">\n\t\t\t\t\t\t<div class=\"elementor-element elementor-element-3c0c09d elementor-widget elementor-widget-image\" data-id=\"3c0c09d\" data-element_type=\"widget\" data-widget_type=\"image.default\">\n\t\t\t\t<div class=\"elementor-widget-container\">\n\t\t\t\t\t<div class=\"elementor-image\">\n\t\t\t\t\t\t\t\t\t\t<img src=\"http:\/\/www.tessiot-demenagement.com\/lareunion\/wp-content\/uploads\/elementor\/thumbs\/t\u00e9l\u00e9chargement-7-ouxdpa9wb0jgk5ebjo6xeue4k3ewom55jlbkz6yd3w.png\" title=\"t\u00e9l\u00e9chargement (7)\" alt=\"t\u00e9l\u00e9chargement (7)\" \/>\t\t\t\t\t\t\t\t\t\t\t<\/div>\n\t\t\t\t<\/div>\n\t\t\t\t<\/div>\n\t\t\t\t\t\t<\/div>\n\t\t\t\t\t<\/div>\n\t\t<\/div>\n\t\t\t\t<div class=\"elementor-column elementor-col-66 elementor-top-column elementor-element elementor-element-71abf47\" data-id=\"71abf47\" data-element_type=\"column\">\n\t\t\t<div class=\"elementor-column-wrap elementor-element-populated\">\n\t\t\t\t\t\t\t<div class=\"elementor-widget-wrap\">\n\t\t\t\t\t\t<div class=\"elementor-element elementor-element-76c0907 elementor-widget elementor-widget-text-editor\" data-id=\"76c0907\" data-element_type=\"widget\" data-widget_type=\"text-editor.default\">\n\t\t\t\t<div class=\"elementor-widget-container\">\n\t\t\t\t\t<div class=\"elementor-text-editor elementor-clearfix\"><p style=\"text-align: justify;\"><span style=\"box-sizing: border-box; border: 1pt none windowtext; font-variant-numeric: inherit; font-variant-east-asian: inherit; font-stretch: inherit; line-height: inherit; font-family: 'Open Sans', serif; font-size: 15px; margin: 0px; outline: 0px; padding: 0cm; vertical-align: baseline; color: #000000; text-align: start;\"><span style=\"box-sizing: border-box; border: 0px; font-variant-numeric: inherit; font-variant-east-asian: inherit; font-stretch: inherit; line-height: inherit; font-family: inherit; font-style: inherit; font-weight: inherit; margin: 0px; outline: 0px; padding: 0px; vertical-align: baseline;\">L&#8217;Organisation des Transporteurs Routiers Europ\u00e9ens est n\u00e9e de la volont\u00e9 de transporteurs routiers, soucieux de promouvoir ces valeurs au sein d\u2019une organisation sp\u00e9cifiquement d\u00e9di\u00e9e \u00e0 la d\u00e9fense et \u00e0 la p\u00e9rennit\u00e9 des entreprises de la branche. <\/span><span style=\"box-sizing: border-box; border: 0px; font-variant-numeric: inherit; font-variant-east-asian: inherit; font-stretch: inherit; line-height: inherit; font-family: inherit; font-style: inherit; font-weight: inherit; margin: 0px; outline: 0px; padding: 0px; vertical-align: baseline;\">C&#8217;est une organisation de syndicats de proximit\u00e9 avec les entreprises du transport routier dans toute la mosa\u00efque des m\u00e9tiers qui la composent.<\/span><\/span><\/p><\/div>\n\t\t\t\t<\/div>\n\t\t\t\t<\/div>\n\t\t\t\t\t\t<\/div>\n\t\t\t\t\t<\/div>\n\t\t<\/div>\n\t\t\t\t\t\t\t\t<\/div>\n\t\t\t\t\t<\/div>\n\t\t<\/section>\n\t\t\t\t<section class=\"elementor-section elementor-top-section elementor-element elementor-element-8503ad0 elementor-section-boxed elementor-section-height-default elementor-section-height-default\" data-id=\"8503ad0\" data-element_type=\"section\">\n\t\t\t\t\t\t<div class=\"elementor-container elementor-column-gap-default\">\n\t\t\t\t\t\t\t<div class=\"elementor-row\">\n\t\t\t\t\t<div class=\"elementor-column elementor-col-33 elementor-top-column elementor-element elementor-element-a6ef775\" data-id=\"a6ef775\" data-element_type=\"column\">\n\t\t\t<div class=\"elementor-column-wrap elementor-element-populated\">\n\t\t\t\t\t\t\t<div class=\"elementor-widget-wrap\">\n\t\t\t\t\t\t<div class=\"elementor-element elementor-element-ede5e88 elementor-widget elementor-widget-image\" data-id=\"ede5e88\" data-element_type=\"widget\" data-widget_type=\"image.default\">\n\t\t\t\t<div class=\"elementor-widget-container\">\n\t\t\t\t\t<div class=\"elementor-image\">\n\t\t\t\t\t\t\t\t\t\t<img width=\"300\" height=\"68\" src=\"http:\/\/www.tessiot-demenagement.com\/lareunion\/wp-content\/uploads\/2020\/07\/logo-location-voiture-reunion-300x68.jpg\" class=\"attachment-medium size-medium\" alt=\"\" loading=\"lazy\" srcset=\"http:\/\/www.tessiot-demenagement.com\/lareunion\/wp-content\/uploads\/2020\/07\/logo-location-voiture-reunion-300x68.jpg 300w, http:\/\/www.tessiot-demenagement.com\/lareunion\/wp-content\/uploads\/2020\/07\/logo-location-voiture-reunion.jpg 500w\" sizes=\"(max-width: 300px) 100vw, 300px\" \/>\t\t\t\t\t\t\t\t\t\t\t<\/div>\n\t\t\t\t<\/div>\n\t\t\t\t<\/div>\n\t\t\t\t\t\t<\/div>\n\t\t\t\t\t<\/div>\n\t\t<\/div>\n\t\t\t\t<div class=\"elementor-column elementor-col-66 elementor-top-column elementor-element elementor-element-c32683c\" data-id=\"c32683c\" data-element_type=\"column\">\n\t\t\t<div class=\"elementor-column-wrap elementor-element-populated\">\n\t\t\t\t\t\t\t<div class=\"elementor-widget-wrap\">\n\t\t\t\t\t\t<div class=\"elementor-element elementor-element-d7ffdf6 elementor-widget elementor-widget-text-editor\" data-id=\"d7ffdf6\" data-element_type=\"widget\" data-widget_type=\"text-editor.default\">\n\t\t\t\t<div class=\"elementor-widget-container\">\n\t\t\t\t\t<div class=\"elementor-text-editor elementor-clearfix\"><p class=\"MsoNormal\">\u00c0 la recherche d&#8217;une voiture de location pas ch\u00e8re \u00e0 la R\u00e9union ? Utilisez les services de <a href=\"https:\/\/multiauto.fr\/location-voiture-reunion\/\">location voiture R\u00e9union<\/a> propos\u00e9s par<span style=\"font-family: 'Arial','sans-serif';\"> MultiAuto. Loueur local, ce sp\u00e9cialiste de l<\/span>a location de voiture depuis 2003 vous propose de r<span style=\"font-family: 'Arial','sans-serif';\">\u00e9server en ligne une voiture de type citadine, berline, compact, SUV, 4&#215;4,&#8230;\u00a0\u00a0<\/span><\/p><p class=\"MsoNormal\"><span style=\"font-family: 'Arial','sans-serif';\">Gr\u00e2ce au code promo &#8220;TESSIOT2020&#8221;, b\u00e9n\u00e9ficiez de 5% de r\u00e9duction sur le montant de votre location de voiture \u00e0 La R\u00e9union.\u00a0<\/span><\/p><\/div>\n\t\t\t\t<\/div>\n\t\t\t\t<\/div>\n\t\t\t\t\t\t<\/div>\n\t\t\t\t\t<\/div>\n\t\t<\/div>\n\t\t\t\t\t\t\t\t<\/div>\n\t\t\t\t\t<\/div>\n\t\t<\/section>\n\t\t\t\t\t\t<\/div>\n\t\t\t\t\t\t<\/div>\n\t\t\t\t\t<\/div>\n\t\t","protected":false},"excerpt":{"rendered":"<p>Nos partenaires. La Chambre Syndicale du D\u00e9m\u00e9nagement (CSD) est l\u2019organisation professionnelle qui&nbsp;repr\u00e9sente en France les m\u00e9tiers de la mobilit\u00e9&nbsp;: le<\/p>\n","protected":false},"author":57,"featured_media":0,"parent":0,"menu_order":0,"comment_status":"closed","ping_status":"closed","template":"","meta":{"spay_email":""},"yoast_head":"<!-- This site is optimized with the Yoast SEO plugin v15.8 - https:\/\/yoast.com\/wordpress\/plugins\/seo\/ -->\n<title>Nos partenaires - D\u00e9m\u00e9nagement A Tessiot<\/title>\n<meta name=\"description\" content=\"Nos partenaires. La Chambre Syndicale du D\u00e9m\u00e9nagement (CSD) est l\u2019organisation professionnelle qui&nbsp;repr\u00e9sente en France les m\u00e9tiers de la Retrouvez nos partenaires en Outre-mer sur l&#039;\u00eele de La R\u00e9union. Gages de qualit\u00e9 et de s\u00e9rieux pour votre d\u00e9m\u00e9nagement.\" \/>\n<meta name=\"robots\" content=\"index, follow, max-snippet:-1, max-image-preview:large, max-video-preview:-1\" \/>\n<link rel=\"canonical\" href=\"http:\/\/www.tessiot-demenagement.com\/lareunion\/nos-partenaires\/\" \/>\n<meta property=\"og:locale\" content=\"fr_FR\" \/>\n<meta property=\"og:type\" content=\"article\" \/>\n<meta property=\"og:title\" content=\"Nos partenaires - D\u00e9m\u00e9nagement A Tessiot\" \/>\n<meta property=\"og:description\" content=\"Nos partenaires. La Chambre Syndicale du D\u00e9m\u00e9nagement (CSD) est l\u2019organisation professionnelle qui&nbsp;repr\u00e9sente en France les m\u00e9tiers de la Retrouvez nos partenaires en Outre-mer sur l&#039;\u00eele de La R\u00e9union. Gages de qualit\u00e9 et de s\u00e9rieux pour votre d\u00e9m\u00e9nagement.\" \/>\n<meta property=\"og:url\" content=\"http:\/\/www.tessiot-demenagement.com\/lareunion\/nos-partenaires\/\" \/>\n<meta property=\"og:site_name\" content=\"D\u00e9m\u00e9nagement A Tessiot\" \/>\n<meta property=\"article:modified_time\" content=\"2020-10-28T14:22:35+00:00\" \/>\n<meta property=\"og:image\" content=\"http:\/\/www.tessiot-demenagement.com\/lareunion\/wp-content\/uploads\/elementor\/thumbs\/t\u00e9l\u00e9chargement-6-ouxdp8e63kb36t8vqe3lwecoe3116f2vxvdltz3rz0.png\" \/>\n<meta name=\"twitter:label1\" content=\"Dur\u00e9e de lecture est.\">\n\t<meta name=\"twitter:data1\" content=\"1 minute\">\n<script type=\"application\/ld+json\" class=\"yoast-schema-graph\">{\"@context\":\"https:\/\/schema.org\",\"@graph\":[{\"@type\":\"WebSite\",\"@id\":\"https:\/\/www.tessiot-demenagement.com\/lareunion\/#website\",\"url\":\"https:\/\/www.tessiot-demenagement.com\/lareunion\/\",\"name\":\"D\\u00e9m\\u00e9nagement A Tessiot\",\"description\":\"votre demenageur specialiste des transferts administratifs et industriels\",\"potentialAction\":[{\"@type\":\"SearchAction\",\"target\":\"https:\/\/www.tessiot-demenagement.com\/lareunion\/?s={search_term_string}\",\"query-input\":\"required name=search_term_string\"}],\"inLanguage\":\"fr-FR\"},{\"@type\":\"ImageObject\",\"@id\":\"http:\/\/www.tessiot-demenagement.com\/lareunion\/nos-partenaires\/#primaryimage\",\"inLanguage\":\"fr-FR\",\"url\":\"http:\/\/www.tessiot-demenagement.com\/lareunion\/wp-content\/uploads\/elementor\/thumbs\/t\\u00e9l\\u00e9chargement-6-ouxdp8e63kb36t8vqe3lwecoe3116f2vxvdltz3rz0.png\"},{\"@type\":\"WebPage\",\"@id\":\"http:\/\/www.tessiot-demenagement.com\/lareunion\/nos-partenaires\/#webpage\",\"url\":\"http:\/\/www.tessiot-demenagement.com\/lareunion\/nos-partenaires\/\",\"name\":\"Nos partenaires - D\\u00e9m\\u00e9nagement A Tessiot\",\"isPartOf\":{\"@id\":\"https:\/\/www.tessiot-demenagement.com\/lareunion\/#website\"},\"primaryImageOfPage\":{\"@id\":\"http:\/\/www.tessiot-demenagement.com\/lareunion\/nos-partenaires\/#primaryimage\"},\"datePublished\":\"2020-07-22T13:33:50+00:00\",\"dateModified\":\"2020-10-28T14:22:35+00:00\",\"description\":\"Nos partenaires. La Chambre Syndicale du D\\u00e9m\\u00e9nagement (CSD) est l\\u2019organisation professionnelle qui&nbsp;repr\\u00e9sente en France les m\\u00e9tiers de la Retrouvez nos partenaires en Outre-mer sur l'\\u00eele de La R\\u00e9union. Gages de qualit\\u00e9 et de s\\u00e9rieux pour votre d\\u00e9m\\u00e9nagement.\",\"breadcrumb\":{\"@id\":\"http:\/\/www.tessiot-demenagement.com\/lareunion\/nos-partenaires\/#breadcrumb\"},\"inLanguage\":\"fr-FR\",\"potentialAction\":[{\"@type\":\"ReadAction\",\"target\":[\"http:\/\/www.tessiot-demenagement.com\/lareunion\/nos-partenaires\/\"]}]},{\"@type\":\"BreadcrumbList\",\"@id\":\"http:\/\/www.tessiot-demenagement.com\/lareunion\/nos-partenaires\/#breadcrumb\",\"itemListElement\":[{\"@type\":\"ListItem\",\"position\":1,\"item\":{\"@type\":\"WebPage\",\"@id\":\"http:\/\/www.tessiot-demenagement.com\/lareunion\/nos-partenaires\/\",\"url\":\"http:\/\/www.tessiot-demenagement.com\/lareunion\/nos-partenaires\/\",\"name\":\"Nos partenaires\"}}]}]}<\/script>\n<!-- \/ Yoast SEO plugin. -->","jetpack_sharing_enabled":true,"jetpack_shortlink":"https:\/\/wp.me\/P5eCLF-tx","_links":{"self":[{"href":"http:\/\/www.tessiot-demenagement.com\/lareunion\/wp-json\/wp\/v2\/pages\/1831"}],"collection":[{"href":"http:\/\/www.tessiot-demenagement.com\/lareunion\/wp-json\/wp\/v2\/pages"}],"about":[{"href":"http:\/\/www.tessiot-demenagement.com\/lareunion\/wp-json\/wp\/v2\/types\/page"}],"author":[{"embeddable":true,"href":"http:\/\/www.tessiot-demenagement.com\/lareunion\/wp-json\/wp\/v2\/users\/57"}],"replies":[{"embeddable":true,"href":"http:\/\/www.tessiot-demenagement.com\/lareunion\/wp-json\/wp\/v2\/comments?post=1831"}],"version-history":[{"count":15,"href":"http:\/\/www.tessiot-demenagement.com\/lareunion\/wp-json\/wp\/v2\/pages\/1831\/revisions"}],"predecessor-version":[{"id":2415,"href":"http:\/\/www.tessiot-demenagement.com\/lareunion\/wp-json\/wp\/v2\/pages\/1831\/revisions\/2415"}],"wp:attachment":[{"href":"http:\/\/www.tessiot-demenagement.com\/lareunion\/wp-json\/wp\/v2\/media?parent=1831"}],"curies":[{"name":"wp","href":"https:\/\/api.w.org\/{rel}","templated":true}]}}