{"id":1821,"date":"2020-07-06T12:31:44","date_gmt":"2020-07-06T12:31:44","guid":{"rendered":"http:\/\/www.tessiot-demenagement.com\/lareunion\/?page_id=1821"},"modified":"2021-04-09T09:30:59","modified_gmt":"2021-04-09T09:30:59","slug":"demande-de-devis-gratuit","status":"publish","type":"page","link":"http:\/\/www.tessiot-demenagement.com\/lareunion\/demande-de-devis-gratuit\/","title":{"rendered":"Demande de devis gratuit"},"content":{"rendered":"\t\t<div data-elementor-type=\"wp-page\" data-elementor-id=\"1821\" class=\"elementor elementor-1821\" data-elementor-settings=\"[]\">\n\t\t\t\t\t\t<div class=\"elementor-inner\">\n\t\t\t\t\t\t\t<div class=\"elementor-section-wrap\">\n\t\t\t\t\t\t\t<section class=\"elementor-section elementor-top-section elementor-element elementor-element-4d23fcf elementor-section-boxed elementor-section-height-default elementor-section-height-default\" data-id=\"4d23fcf\" data-element_type=\"section\">\n\t\t\t\t\t\t<div class=\"elementor-container elementor-column-gap-default\">\n\t\t\t\t\t\t\t<div class=\"elementor-row\">\n\t\t\t\t\t<div class=\"elementor-column elementor-col-100 elementor-top-column elementor-element elementor-element-d7aa617\" data-id=\"d7aa617\" data-element_type=\"column\">\n\t\t\t<div class=\"elementor-column-wrap elementor-element-populated\">\n\t\t\t\t\t\t\t<div class=\"elementor-widget-wrap\">\n\t\t\t\t\t\t<div class=\"elementor-element elementor-element-835ea63 elementor-widget elementor-widget-heading\" data-id=\"835ea63\" data-element_type=\"widget\" data-widget_type=\"heading.default\">\n\t\t\t\t<div class=\"elementor-widget-container\">\n\t\t\t<h1 class=\"elementor-heading-title elementor-size-xl\">Demandez votre devis gratuit en moins d'une minute.<\/h1>\t\t<\/div>\n\t\t\t\t<\/div>\n\t\t\t\t\t\t<\/div>\n\t\t\t\t\t<\/div>\n\t\t<\/div>\n\t\t\t\t\t\t\t\t<\/div>\n\t\t\t\t\t<\/div>\n\t\t<\/section>\n\t\t\t\t<section class=\"elementor-section elementor-top-section elementor-element elementor-element-7f93ea5 elementor-section-boxed elementor-section-height-default elementor-section-height-default\" data-id=\"7f93ea5\" data-element_type=\"section\">\n\t\t\t\t\t\t<div class=\"elementor-container elementor-column-gap-default\">\n\t\t\t\t\t\t\t<div class=\"elementor-row\">\n\t\t\t\t\t<div class=\"elementor-column elementor-col-33 elementor-top-column elementor-element elementor-element-149bf9d\" data-id=\"149bf9d\" data-element_type=\"column\">\n\t\t\t<div class=\"elementor-column-wrap elementor-element-populated\">\n\t\t\t\t\t\t\t<div class=\"elementor-widget-wrap\">\n\t\t\t\t\t\t<div class=\"elementor-element elementor-element-5812536 elementor-widget elementor-widget-image\" data-id=\"5812536\" data-element_type=\"widget\" data-widget_type=\"image.default\">\n\t\t\t\t<div class=\"elementor-widget-container\">\n\t\t\t\t\t<div class=\"elementor-image\">\n\t\t\t\t\t\t\t<figure class=\"wp-caption\">\n\t\t\t\t\t\t\t\t\t\t<img width=\"150\" height=\"150\" src=\"http:\/\/www.tessiot-demenagement.com\/lareunion\/wp-content\/uploads\/2020\/09\/avatar-gratuit-150x150.png\" class=\"attachment-thumbnail size-thumbnail\" alt=\"prix d&#039;un d\u00e9m\u00e9nageur \u00e0 la r\u00e9union\" loading=\"lazy\" srcset=\"http:\/\/www.tessiot-demenagement.com\/lareunion\/wp-content\/uploads\/2020\/09\/avatar-gratuit-150x150.png 150w, http:\/\/www.tessiot-demenagement.com\/lareunion\/wp-content\/uploads\/2020\/09\/avatar-gratuit.png 200w\" sizes=\"(max-width: 150px) 100vw, 150px\" \/>\t\t\t\t\t\t\t\t\t\t\t<figcaption class=\"widget-image-caption wp-caption-text\">Un vrai d\u00e9m\u00e9nageur de Saint-Pierre vous recontacte dans la journ\u00e9e.<\/figcaption>\n\t\t\t\t\t\t\t\t\t\t<\/figure>\n\t\t\t\t\t<\/div>\n\t\t\t\t<\/div>\n\t\t\t\t<\/div>\n\t\t\t\t\t\t<\/div>\n\t\t\t\t\t<\/div>\n\t\t<\/div>\n\t\t\t\t<div class=\"elementor-column elementor-col-33 elementor-top-column elementor-element elementor-element-b3d231f\" data-id=\"b3d231f\" data-element_type=\"column\">\n\t\t\t<div class=\"elementor-column-wrap elementor-element-populated\">\n\t\t\t\t\t\t\t<div class=\"elementor-widget-wrap\">\n\t\t\t\t\t\t<div class=\"elementor-element elementor-element-9e1b309 elementor-widget elementor-widget-image\" data-id=\"9e1b309\" data-element_type=\"widget\" data-widget_type=\"image.default\">\n\t\t\t\t<div class=\"elementor-widget-container\">\n\t\t\t\t\t<div class=\"elementor-image\">\n\t\t\t\t\t\t\t<figure class=\"wp-caption\">\n\t\t\t\t\t\t\t\t\t\t<img width=\"150\" height=\"150\" src=\"http:\/\/www.tessiot-demenagement.com\/lareunion\/wp-content\/uploads\/2020\/09\/kisspng-quality-control-quality-assurance-quality-manageme-5b1eedabc42fd3.4625708415287535798036-150x150.png\" class=\"attachment-thumbnail size-thumbnail\" alt=\"assurance d\u00e9m\u00e9nageur \u00e0 la r\u00e9union\" loading=\"lazy\" srcset=\"http:\/\/www.tessiot-demenagement.com\/lareunion\/wp-content\/uploads\/2020\/09\/kisspng-quality-control-quality-assurance-quality-manageme-5b1eedabc42fd3.4625708415287535798036-150x150.png 150w, http:\/\/www.tessiot-demenagement.com\/lareunion\/wp-content\/uploads\/2020\/09\/kisspng-quality-control-quality-assurance-quality-manageme-5b1eedabc42fd3.4625708415287535798036-300x300.png 300w, http:\/\/www.tessiot-demenagement.com\/lareunion\/wp-content\/uploads\/2020\/09\/kisspng-quality-control-quality-assurance-quality-manageme-5b1eedabc42fd3.4625708415287535798036.png 512w\" sizes=\"(max-width: 150px) 100vw, 150px\" \/>\t\t\t\t\t\t\t\t\t\t\t<figcaption class=\"widget-image-caption wp-caption-text\">Vos biens sont assur\u00e9s.<\/figcaption>\n\t\t\t\t\t\t\t\t\t\t<\/figure>\n\t\t\t\t\t<\/div>\n\t\t\t\t<\/div>\n\t\t\t\t<\/div>\n\t\t\t\t\t\t<\/div>\n\t\t\t\t\t<\/div>\n\t\t<\/div>\n\t\t\t\t<div class=\"elementor-column elementor-col-33 elementor-top-column elementor-element elementor-element-5cd1146\" data-id=\"5cd1146\" data-element_type=\"column\">\n\t\t\t<div class=\"elementor-column-wrap elementor-element-populated\">\n\t\t\t\t\t\t\t<div class=\"elementor-widget-wrap\">\n\t\t\t\t\t\t<div class=\"elementor-element elementor-element-9fd2fb4 elementor--star-style-star_fontawesome elementor-widget elementor-widget-star-rating\" data-id=\"9fd2fb4\" data-element_type=\"widget\" data-widget_type=\"star-rating.default\">\n\t\t\t\t<div class=\"elementor-widget-container\">\n\t\t\t\n\t\t<div class=\"elementor-star-rating__wrapper\">\n\t\t\t\t\t\t\t<div class=\"elementor-star-rating__title\">4.6\/5<\/div>\n\t\t\t\t\t\t<div class=\"elementor-star-rating\" title=\"4.6\/5\" itemtype=\"http:\/\/schema.org\/Rating\" itemscope=\"\" itemprop=\"reviewRating\"><i class=\"elementor-star-full\">&#xE934;<\/i><i class=\"elementor-star-full\">&#xE934;<\/i><i class=\"elementor-star-full\">&#xE934;<\/i><i class=\"elementor-star-full\">&#xE934;<\/i><i class=\"elementor-star-6\">&#xE934;<\/i> <span itemprop=\"ratingValue\" class=\"elementor-screen-only\">4.6\/5<\/span><\/div>\t\t<\/div>\n\t\t\t\t<\/div>\n\t\t\t\t<\/div>\n\t\t\t\t<div class=\"elementor-element elementor-element-4cec85c elementor-widget elementor-widget-text-editor\" data-id=\"4cec85c\" data-element_type=\"widget\" data-widget_type=\"text-editor.default\">\n\t\t\t\t<div class=\"elementor-widget-container\">\n\t\t\t\t\t<div class=\"elementor-text-editor elementor-clearfix\"><p>Note moyenne de nos clients d\u00e9m\u00e9nag\u00e9s entre janvier et mars 2021, suite \u00e0 notre enqu\u00eate de satisfaction interne.<\/p><\/div>\n\t\t\t\t<\/div>\n\t\t\t\t<\/div>\n\t\t\t\t\t\t<\/div>\n\t\t\t\t\t<\/div>\n\t\t<\/div>\n\t\t\t\t\t\t\t\t<\/div>\n\t\t\t\t\t<\/div>\n\t\t<\/section>\n\t\t\t\t<section class=\"elementor-section elementor-top-section elementor-element elementor-element-bc280d0 elementor-section-boxed elementor-section-height-default elementor-section-height-default\" data-id=\"bc280d0\" data-element_type=\"section\">\n\t\t\t\t\t\t<div class=\"elementor-container elementor-column-gap-default\">\n\t\t\t\t\t\t\t<div class=\"elementor-row\">\n\t\t\t\t\t<div class=\"elementor-column elementor-col-100 elementor-top-column elementor-element elementor-element-966ff04\" data-id=\"966ff04\" data-element_type=\"column\">\n\t\t\t<div class=\"elementor-column-wrap elementor-element-populated\">\n\t\t\t\t\t\t\t<div class=\"elementor-widget-wrap\">\n\t\t\t\t\t\t<div class=\"elementor-element elementor-element-6070549 elementor-widget elementor-widget-wp-widget-gform_widget\" data-id=\"6070549\" data-element_type=\"widget\" data-widget_type=\"wp-widget-gform_widget.default\">\n\t\t\t\t<div class=\"elementor-widget-container\">\n\t\t\t<section class=\"widget widget_featured_posts clearfix\"><h3 class=\"widget-title\"><span>Contactez-nous<\/span><\/h3><link rel='stylesheet' id='gforms_css-css'  href='http:\/\/www.tessiot-demenagement.com\/lareunion\/wp-content\/plugins\/gravityforms\/css\/forms.css?ver=5.5.18' type='text\/css' media='all' \/>\n\n                <div class='gf_browser_gecko gform_wrapper' id='gform_wrapper_7' ><form method='post' enctype='multipart\/form-data'  id='gform_7'  action='\/lareunion\/wp-json\/wp\/v2\/pages\/1821'>\n                        <div class='gform_body'>\n                            <ul id='gform_fields_7' class='gform_fields top_label description_below'><li id='field_7_1' class='gfield               gfield_contains_required' ><label class='gfield_label' for='input_7_1'>Nom<span class='gfield_required'>*<\/span><\/label><div class='ginput_container'><input name='input_1' id='input_7_1' type='text' value='' class='medium'  tabindex='1'  \/><\/div><\/li><li id='field_7_2' class='gfield' ><label class='gfield_label' for='input_7_2'>Pr\u00e9nom<\/label><div class='ginput_container'><input name='input_2' id='input_7_2' type='text' value='' class='medium'  tabindex='2'  \/><\/div><\/li><li id='field_7_3' class='gfield               gfield_contains_required' ><label class='gfield_label' for='input_7_3'>T\u00e9l\u00e9phone<span class='gfield_required'>*<\/span><\/label><div class='ginput_container'><input name='input_3' id='input_7_3' type='text' value='' class='medium' tabindex='3' \/><\/div><\/li><li id='field_7_4' class='gfield               gfield_contains_required' ><label class='gfield_label' for='input_7_4'>Email<span class='gfield_required'>*<\/span><\/label><div class='ginput_container'><input name='input_4' id='input_7_4' type='text' value='' class='medium'  tabindex='4'  \/><\/div><\/li><li id='field_7_5' class='gfield' ><label class='gfield_label' for='input_7_5'>Ville de d\u00e9part ou code postal<\/label><div class='ginput_container'><input name='input_5' id='input_7_5' type='text' value='' class='medium'  tabindex='5'  \/><\/div><\/li><li id='field_7_6' class='gfield' ><label class='gfield_label' for='input_7_6'>Ville d&#039;arriv\u00e9e ou code postal<\/label><div class='ginput_container'><input name='input_6' id='input_7_6' type='text' value='' class='medium'  tabindex='6'  \/><\/div><\/li>\n                            <\/ul><\/div>\n        <div class='gform_footer top_label'> <input type='submit' id='gform_submit_button_7' class='button gform_button' value='Envoyer' tabindex='7' \/>\n            <input type='hidden' class='gform_hidden' name='is_submit_7' value='1' \/>\n            <input type='hidden' class='gform_hidden' name='gform_submit' value='7' \/>\n            <input type='hidden' class='gform_hidden' name='gform_unique_id' value='69d63e361b238' \/>\n            <input type='hidden' class='gform_hidden' name='state_7' value='YToyOntpOjA7czo2OiJhOjA6e30iO2k6MTtzOjMyOiJlNDBlOTY2YjE1NzNkZTBkMjg2OGZjMmJhODZjYTNlYiI7fQ==' \/>\n            <input type='hidden' class='gform_hidden' name='gform_target_page_number_7' id='gform_target_page_number_7' value='0' \/>\n            <input type='hidden' class='gform_hidden' name='gform_source_page_number_7' id='gform_source_page_number_7' value='1' \/>\n            <input type='hidden' name='gform_field_values' value='' \/>\n            \n        <\/div>\n                <\/form>\n                <\/div><\/section>\t\t<\/div>\n\t\t\t\t<\/div>\n\t\t\t\t\t\t<\/div>\n\t\t\t\t\t<\/div>\n\t\t<\/div>\n\t\t\t\t\t\t\t\t<\/div>\n\t\t\t\t\t<\/div>\n\t\t<\/section>\n\t\t\t\t\t\t<\/div>\n\t\t\t\t\t\t<\/div>\n\t\t\t\t\t<\/div>\n\t\t","protected":false},"excerpt":{"rendered":"<p>Demandez votre devis gratuit en moins d&#8217;une minute. Un vrai d\u00e9m\u00e9nageur de Saint-Pierre vous recontacte dans la journ\u00e9e. Vos biens<\/p>\n","protected":false},"author":57,"featured_media":0,"parent":0,"menu_order":0,"comment_status":"closed","ping_status":"closed","template":"","meta":{"spay_email":""},"yoast_head":"<!-- This site is optimized with the Yoast SEO plugin v15.8 - https:\/\/yoast.com\/wordpress\/plugins\/seo\/ -->\n<title>Demande de devis gratuit - D\u00e9m\u00e9nagement A Tessiot<\/title>\n<meta name=\"description\" content=\"Demandez votre devis gratuit en moins d&#039;une minute. Un vrai d\u00e9m\u00e9nageur de Saint-Pierre vous recontacte dans la journ\u00e9e. Vos biens sont assur\u00e9s. Demandez votre devis gratuit pour votre d\u00e9m\u00e9nagement en local ou \u00e0 destination de l&#039;\u00eele de La R\u00e9union.\" \/>\n<meta name=\"robots\" content=\"index, follow, max-snippet:-1, max-image-preview:large, max-video-preview:-1\" \/>\n<link rel=\"canonical\" href=\"http:\/\/www.tessiot-demenagement.com\/lareunion\/demande-de-devis-gratuit\/\" \/>\n<meta property=\"og:locale\" content=\"fr_FR\" \/>\n<meta property=\"og:type\" content=\"article\" \/>\n<meta property=\"og:title\" content=\"Demande de devis gratuit - D\u00e9m\u00e9nagement A Tessiot\" \/>\n<meta property=\"og:description\" content=\"Demandez votre devis gratuit en moins d&#039;une minute. Un vrai d\u00e9m\u00e9nageur de Saint-Pierre vous recontacte dans la journ\u00e9e. Vos biens sont assur\u00e9s. Demandez votre devis gratuit pour votre d\u00e9m\u00e9nagement en local ou \u00e0 destination de l&#039;\u00eele de La R\u00e9union.\" \/>\n<meta property=\"og:url\" content=\"http:\/\/www.tessiot-demenagement.com\/lareunion\/demande-de-devis-gratuit\/\" \/>\n<meta property=\"og:site_name\" content=\"D\u00e9m\u00e9nagement A Tessiot\" \/>\n<meta property=\"article:modified_time\" content=\"2021-04-09T09:30:59+00:00\" \/>\n<meta property=\"og:image\" content=\"http:\/\/www.tessiot-demenagement.com\/lareunion\/wp-content\/uploads\/2020\/09\/avatar-gratuit-150x150.png\" \/>\n<meta name=\"twitter:label1\" content=\"Dur\u00e9e de lecture est.\">\n\t<meta name=\"twitter:data1\" content=\"1 minute\">\n<script type=\"application\/ld+json\" class=\"yoast-schema-graph\">{\"@context\":\"https:\/\/schema.org\",\"@graph\":[{\"@type\":\"WebSite\",\"@id\":\"http:\/\/www.tessiot-demenagement.com\/lareunion\/#website\",\"url\":\"http:\/\/www.tessiot-demenagement.com\/lareunion\/\",\"name\":\"D\\u00e9m\\u00e9nagement A Tessiot\",\"description\":\"votre demenageur specialiste des transferts administratifs et industriels\",\"potentialAction\":[{\"@type\":\"SearchAction\",\"target\":\"http:\/\/www.tessiot-demenagement.com\/lareunion\/?s={search_term_string}\",\"query-input\":\"required name=search_term_string\"}],\"inLanguage\":\"fr-FR\"},{\"@type\":\"ImageObject\",\"@id\":\"http:\/\/www.tessiot-demenagement.com\/lareunion\/demande-de-devis-gratuit\/#primaryimage\",\"inLanguage\":\"fr-FR\",\"url\":\"http:\/\/www.tessiot-demenagement.com\/lareunion\/wp-content\/uploads\/2020\/09\/avatar-gratuit.png\",\"width\":200,\"height\":200,\"caption\":\"prix d'un d\\u00e9m\\u00e9nageur \\u00e0 la r\\u00e9union\"},{\"@type\":\"WebPage\",\"@id\":\"http:\/\/www.tessiot-demenagement.com\/lareunion\/demande-de-devis-gratuit\/#webpage\",\"url\":\"http:\/\/www.tessiot-demenagement.com\/lareunion\/demande-de-devis-gratuit\/\",\"name\":\"Demande de devis gratuit - D\\u00e9m\\u00e9nagement A Tessiot\",\"isPartOf\":{\"@id\":\"http:\/\/www.tessiot-demenagement.com\/lareunion\/#website\"},\"primaryImageOfPage\":{\"@id\":\"http:\/\/www.tessiot-demenagement.com\/lareunion\/demande-de-devis-gratuit\/#primaryimage\"},\"datePublished\":\"2020-07-06T12:31:44+00:00\",\"dateModified\":\"2021-04-09T09:30:59+00:00\",\"description\":\"Demandez votre devis gratuit en moins d'une minute. Un vrai d\\u00e9m\\u00e9nageur de Saint-Pierre vous recontacte dans la journ\\u00e9e. Vos biens sont assur\\u00e9s. Demandez votre devis gratuit pour votre d\\u00e9m\\u00e9nagement en local ou \\u00e0 destination de l'\\u00eele de La R\\u00e9union.\",\"breadcrumb\":{\"@id\":\"http:\/\/www.tessiot-demenagement.com\/lareunion\/demande-de-devis-gratuit\/#breadcrumb\"},\"inLanguage\":\"fr-FR\",\"potentialAction\":[{\"@type\":\"ReadAction\",\"target\":[\"http:\/\/www.tessiot-demenagement.com\/lareunion\/demande-de-devis-gratuit\/\"]}]},{\"@type\":\"BreadcrumbList\",\"@id\":\"http:\/\/www.tessiot-demenagement.com\/lareunion\/demande-de-devis-gratuit\/#breadcrumb\",\"itemListElement\":[{\"@type\":\"ListItem\",\"position\":1,\"item\":{\"@type\":\"WebPage\",\"@id\":\"http:\/\/www.tessiot-demenagement.com\/lareunion\/demande-de-devis-gratuit\/\",\"url\":\"http:\/\/www.tessiot-demenagement.com\/lareunion\/demande-de-devis-gratuit\/\",\"name\":\"Demande de devis gratuit\"}}]}]}<\/script>\n<!-- \/ Yoast SEO plugin. -->","jetpack_sharing_enabled":true,"jetpack_shortlink":"https:\/\/wp.me\/P5eCLF-tn","_links":{"self":[{"href":"http:\/\/www.tessiot-demenagement.com\/lareunion\/wp-json\/wp\/v2\/pages\/1821"}],"collection":[{"href":"http:\/\/www.tessiot-demenagement.com\/lareunion\/wp-json\/wp\/v2\/pages"}],"about":[{"href":"http:\/\/www.tessiot-demenagement.com\/lareunion\/wp-json\/wp\/v2\/types\/page"}],"author":[{"embeddable":true,"href":"http:\/\/www.tessiot-demenagement.com\/lareunion\/wp-json\/wp\/v2\/users\/57"}],"replies":[{"embeddable":true,"href":"http:\/\/www.tessiot-demenagement.com\/lareunion\/wp-json\/wp\/v2\/comments?post=1821"}],"version-history":[{"count":9,"href":"http:\/\/www.tessiot-demenagement.com\/lareunion\/wp-json\/wp\/v2\/pages\/1821\/revisions"}],"predecessor-version":[{"id":2852,"href":"http:\/\/www.tessiot-demenagement.com\/lareunion\/wp-json\/wp\/v2\/pages\/1821\/revisions\/2852"}],"wp:attachment":[{"href":"http:\/\/www.tessiot-demenagement.com\/lareunion\/wp-json\/wp\/v2\/media?parent=1821"}],"curies":[{"name":"wp","href":"https:\/\/api.w.org\/{rel}","templated":true}]}}