{"id":180,"date":"2014-10-22T09:06:47","date_gmt":"2014-10-22T09:06:47","guid":{"rendered":"http:\/\/www.tessiot-demenagement.com\/lareunion\/?page_id=180"},"modified":"2020-10-21T13:48:09","modified_gmt":"2020-10-21T13:48:09","slug":"les-cartons-pour-demenager","status":"publish","type":"page","link":"http:\/\/www.tessiot-demenagement.com\/lareunion\/emballages-pour-demenager\/les-cartons-pour-demenager\/","title":{"rendered":"Les cartons pour d\u00e9m\u00e9nager."},"content":{"rendered":"\t\t<div data-elementor-type=\"wp-page\" data-elementor-id=\"180\" class=\"elementor elementor-180\" data-elementor-settings=\"[]\">\n\t\t\t\t\t\t<div class=\"elementor-inner\">\n\t\t\t\t\t\t\t<div class=\"elementor-section-wrap\">\n\t\t\t\t\t\t\t<section class=\"elementor-section elementor-top-section elementor-element elementor-element-6c969c9 elementor-section-boxed elementor-section-height-default elementor-section-height-default\" data-id=\"6c969c9\" data-element_type=\"section\">\n\t\t\t\t\t\t<div class=\"elementor-container elementor-column-gap-default\">\n\t\t\t\t\t\t\t<div class=\"elementor-row\">\n\t\t\t\t\t<div class=\"elementor-column elementor-col-100 elementor-top-column elementor-element elementor-element-88e2168\" data-id=\"88e2168\" data-element_type=\"column\">\n\t\t\t<div class=\"elementor-column-wrap elementor-element-populated\">\n\t\t\t\t\t\t\t<div class=\"elementor-widget-wrap\">\n\t\t\t\t\t\t<div class=\"elementor-element elementor-element-ee3e0e1 elementor-widget elementor-widget-heading\" data-id=\"ee3e0e1\" data-element_type=\"widget\" data-widget_type=\"heading.default\">\n\t\t\t\t<div class=\"elementor-widget-container\">\n\t\t\t<h1 class=\"elementor-heading-title elementor-size-xl\">Les cartons pour d\u00e9m\u00e9nager<\/h1>\t\t<\/div>\n\t\t\t\t<\/div>\n\t\t\t\t\t\t<\/div>\n\t\t\t\t\t<\/div>\n\t\t<\/div>\n\t\t\t\t\t\t\t\t<\/div>\n\t\t\t\t\t<\/div>\n\t\t<\/section>\n\t\t\t\t<section class=\"elementor-section elementor-top-section elementor-element elementor-element-ab56307 elementor-section-boxed elementor-section-height-default elementor-section-height-default\" data-id=\"ab56307\" data-element_type=\"section\">\n\t\t\t\t\t\t<div class=\"elementor-container elementor-column-gap-default\">\n\t\t\t\t\t\t\t<div class=\"elementor-row\">\n\t\t\t\t\t<div class=\"elementor-column elementor-col-100 elementor-top-column elementor-element elementor-element-84ed965\" data-id=\"84ed965\" data-element_type=\"column\">\n\t\t\t<div class=\"elementor-column-wrap elementor-element-populated\">\n\t\t\t\t\t\t\t<div class=\"elementor-widget-wrap\">\n\t\t\t\t\t\t<div class=\"elementor-element elementor-element-a2a3b51 elementor-widget elementor-widget-spacer\" data-id=\"a2a3b51\" data-element_type=\"widget\" data-widget_type=\"spacer.default\">\n\t\t\t\t<div class=\"elementor-widget-container\">\n\t\t\t\t\t<div class=\"elementor-spacer\">\n\t\t\t<div class=\"elementor-spacer-inner\"><\/div>\n\t\t<\/div>\n\t\t\t\t<\/div>\n\t\t\t\t<\/div>\n\t\t\t\t\t\t<\/div>\n\t\t\t\t\t<\/div>\n\t\t<\/div>\n\t\t\t\t\t\t\t\t<\/div>\n\t\t\t\t\t<\/div>\n\t\t<\/section>\n\t\t\t\t<section class=\"elementor-section elementor-top-section elementor-element elementor-element-fbbc880 elementor-section-boxed elementor-section-height-default elementor-section-height-default\" data-id=\"fbbc880\" data-element_type=\"section\">\n\t\t\t\t\t\t<div class=\"elementor-container elementor-column-gap-default\">\n\t\t\t\t\t\t\t<div class=\"elementor-row\">\n\t\t\t\t\t<div class=\"elementor-column elementor-col-66 elementor-top-column elementor-element elementor-element-a026d04\" data-id=\"a026d04\" data-element_type=\"column\">\n\t\t\t<div class=\"elementor-column-wrap elementor-element-populated\">\n\t\t\t\t\t\t\t<div class=\"elementor-widget-wrap\">\n\t\t\t\t\t\t<div class=\"elementor-element elementor-element-9cc978e elementor-widget elementor-widget-text-editor\" data-id=\"9cc978e\" data-element_type=\"widget\" data-widget_type=\"text-editor.default\">\n\t\t\t\t<div class=\"elementor-widget-container\">\n\t\t\t\t\t<div class=\"elementor-text-editor elementor-clearfix\"><p>Pour prot\u00e9ger vos biens, m\u00eame les plus fragiles, Tessiot D\u00e9m\u00e9nagements met \u00e0 votre disposition une gamme de <strong>cartons professionnels haute r\u00e9sistance<\/strong>. Ces cartons pour d\u00e9m\u00e9nager vous permettent de conditionner vos objets, votre vaisselle, vos v\u00eatements, vos tableaux. Pour les objets plus sp\u00e9cifiques, comme un lustre ou une \u0153uvre d\u2019art, nous vous \u00a0fournissons des caisses en bois sur-mesure. Une fois vos biens emball\u00e9s, nos d\u00e9m\u00e9nageurs peuvent les transporter et les d\u00e9baller \u00e0 votre nouvelle adresse. Ou les stocker dans notre <a href=\"http:\/\/www.tessiot-demenagement.com\/lareunion\/stocker-en-garde-meubles\/\">garde-meubles s\u00e9curis\u00e9<\/a>. Contactez-nous pour une <strong>visite et un devis gratuits<\/strong>.<\/p><\/div>\n\t\t\t\t<\/div>\n\t\t\t\t<\/div>\n\t\t\t\t\t\t<\/div>\n\t\t\t\t\t<\/div>\n\t\t<\/div>\n\t\t\t\t<div class=\"elementor-column elementor-col-33 elementor-top-column elementor-element elementor-element-cb3d2f2\" data-id=\"cb3d2f2\" data-element_type=\"column\">\n\t\t\t<div class=\"elementor-column-wrap elementor-element-populated\">\n\t\t\t\t\t\t\t<div class=\"elementor-widget-wrap\">\n\t\t\t\t\t\t<div class=\"elementor-element elementor-element-dd85ddb elementor-align-center elementor-widget elementor-widget-button\" data-id=\"dd85ddb\" data-element_type=\"widget\" data-widget_type=\"button.default\">\n\t\t\t\t<div class=\"elementor-widget-container\">\n\t\t\t\t\t<div class=\"elementor-button-wrapper\">\n\t\t\t<a href=\"http:\/\/www.tessiot-demenagement.com\/lareunion\/devis-demenagement-reunion\/\" class=\"elementor-button-link elementor-button elementor-size-lg\" role=\"button\">\n\t\t\t\t\t\t<span class=\"elementor-button-content-wrapper\">\n\t\t\t\t\t\t<span class=\"elementor-button-text\">demandez votre devis gratuit<\/span>\n\t\t<\/span>\n\t\t\t\t\t<\/a>\n\t\t<\/div>\n\t\t\t\t<\/div>\n\t\t\t\t<\/div>\n\t\t\t\t\t\t<\/div>\n\t\t\t\t\t<\/div>\n\t\t<\/div>\n\t\t\t\t\t\t\t\t<\/div>\n\t\t\t\t\t<\/div>\n\t\t<\/section>\n\t\t\t\t<section class=\"elementor-section elementor-top-section elementor-element elementor-element-4c10cc3 elementor-section-boxed elementor-section-height-default elementor-section-height-default\" data-id=\"4c10cc3\" data-element_type=\"section\">\n\t\t\t\t\t\t<div class=\"elementor-container elementor-column-gap-default\">\n\t\t\t\t\t\t\t<div class=\"elementor-row\">\n\t\t\t\t\t<div class=\"elementor-column elementor-col-33 elementor-top-column elementor-element elementor-element-6ec6dcd\" data-id=\"6ec6dcd\" data-element_type=\"column\">\n\t\t\t<div class=\"elementor-column-wrap elementor-element-populated\">\n\t\t\t\t\t\t\t<div class=\"elementor-widget-wrap\">\n\t\t\t\t\t\t<div class=\"elementor-element elementor-element-569a7db elementor-widget elementor-widget-image\" data-id=\"569a7db\" data-element_type=\"widget\" data-widget_type=\"image.default\">\n\t\t\t\t<div class=\"elementor-widget-container\">\n\t\t\t\t\t<div class=\"elementor-image\">\n\t\t\t\t\t\t\t<figure class=\"wp-caption\">\n\t\t\t\t\t\t\t\t\t\t<img width=\"800\" height=\"600\" src=\"http:\/\/www.tessiot-demenagement.com\/lareunion\/wp-content\/uploads\/2020\/10\/carton-standard-1024x768.png\" class=\"attachment-large size-large\" alt=\"emballages pour d\u00e9m\u00e9nager\" loading=\"lazy\" srcset=\"http:\/\/www.tessiot-demenagement.com\/lareunion\/wp-content\/uploads\/2020\/10\/carton-standard-1024x768.png 1024w, http:\/\/www.tessiot-demenagement.com\/lareunion\/wp-content\/uploads\/2020\/10\/carton-standard-300x225.png 300w, http:\/\/www.tessiot-demenagement.com\/lareunion\/wp-content\/uploads\/2020\/10\/carton-standard-768x576.png 768w, http:\/\/www.tessiot-demenagement.com\/lareunion\/wp-content\/uploads\/2020\/10\/carton-standard-1536x1152.png 1536w, http:\/\/www.tessiot-demenagement.com\/lareunion\/wp-content\/uploads\/2020\/10\/carton-standard-2048x1536.png 2048w\" sizes=\"(max-width: 800px) 100vw, 800px\" \/>\t\t\t\t\t\t\t\t\t\t\t<figcaption class=\"widget-image-caption wp-caption-text\">Carton de d\u00e9m\u00e9nagement standard<\/figcaption>\n\t\t\t\t\t\t\t\t\t\t<\/figure>\n\t\t\t\t\t<\/div>\n\t\t\t\t<\/div>\n\t\t\t\t<\/div>\n\t\t\t\t\t\t<\/div>\n\t\t\t\t\t<\/div>\n\t\t<\/div>\n\t\t\t\t<div class=\"elementor-column elementor-col-33 elementor-top-column elementor-element elementor-element-2a0b701\" data-id=\"2a0b701\" data-element_type=\"column\">\n\t\t\t<div class=\"elementor-column-wrap elementor-element-populated\">\n\t\t\t\t\t\t\t<div class=\"elementor-widget-wrap\">\n\t\t\t\t\t\t<div class=\"elementor-element elementor-element-0dff092 elementor-widget elementor-widget-image\" data-id=\"0dff092\" data-element_type=\"widget\" data-widget_type=\"image.default\">\n\t\t\t\t<div class=\"elementor-widget-container\">\n\t\t\t\t\t<div class=\"elementor-image\">\n\t\t\t\t\t\t\t<figure class=\"wp-caption\">\n\t\t\t\t\t\t\t\t\t\t<img width=\"300\" height=\"225\" src=\"http:\/\/www.tessiot-demenagement.com\/lareunion\/wp-content\/uploads\/2020\/10\/carton-standard-300x225.png\" class=\"attachment-medium size-medium\" alt=\"emballages pour d\u00e9m\u00e9nager\" loading=\"lazy\" srcset=\"http:\/\/www.tessiot-demenagement.com\/lareunion\/wp-content\/uploads\/2020\/10\/carton-standard-300x225.png 300w, http:\/\/www.tessiot-demenagement.com\/lareunion\/wp-content\/uploads\/2020\/10\/carton-standard-1024x768.png 1024w, http:\/\/www.tessiot-demenagement.com\/lareunion\/wp-content\/uploads\/2020\/10\/carton-standard-768x576.png 768w, http:\/\/www.tessiot-demenagement.com\/lareunion\/wp-content\/uploads\/2020\/10\/carton-standard-1536x1152.png 1536w, http:\/\/www.tessiot-demenagement.com\/lareunion\/wp-content\/uploads\/2020\/10\/carton-standard-2048x1536.png 2048w\" sizes=\"(max-width: 300px) 100vw, 300px\" \/>\t\t\t\t\t\t\t\t\t\t\t<figcaption class=\"widget-image-caption wp-caption-text\">Carton pour livres<\/figcaption>\n\t\t\t\t\t\t\t\t\t\t<\/figure>\n\t\t\t\t\t<\/div>\n\t\t\t\t<\/div>\n\t\t\t\t<\/div>\n\t\t\t\t\t\t<\/div>\n\t\t\t\t\t<\/div>\n\t\t<\/div>\n\t\t\t\t<div class=\"elementor-column elementor-col-33 elementor-top-column elementor-element elementor-element-a16d3bc\" data-id=\"a16d3bc\" data-element_type=\"column\">\n\t\t\t<div class=\"elementor-column-wrap elementor-element-populated\">\n\t\t\t\t\t\t\t<div class=\"elementor-widget-wrap\">\n\t\t\t\t\t\t<div class=\"elementor-element elementor-element-260c88a elementor-widget elementor-widget-image\" data-id=\"260c88a\" data-element_type=\"widget\" data-widget_type=\"image.default\">\n\t\t\t\t<div class=\"elementor-widget-container\">\n\t\t\t\t\t<div class=\"elementor-image\">\n\t\t\t\t\t\t\t<figure class=\"wp-caption\">\n\t\t\t\t\t\t\t\t\t\t<img width=\"800\" height=\"600\" src=\"http:\/\/www.tessiot-demenagement.com\/lareunion\/wp-content\/uploads\/2020\/10\/carton-tableau-1024x768.png\" class=\"attachment-large size-large\" alt=\"emballages pour d\u00e9m\u00e9nager\" loading=\"lazy\" srcset=\"http:\/\/www.tessiot-demenagement.com\/lareunion\/wp-content\/uploads\/2020\/10\/carton-tableau-1024x768.png 1024w, http:\/\/www.tessiot-demenagement.com\/lareunion\/wp-content\/uploads\/2020\/10\/carton-tableau-300x225.png 300w, http:\/\/www.tessiot-demenagement.com\/lareunion\/wp-content\/uploads\/2020\/10\/carton-tableau-768x576.png 768w, http:\/\/www.tessiot-demenagement.com\/lareunion\/wp-content\/uploads\/2020\/10\/carton-tableau-1536x1152.png 1536w, http:\/\/www.tessiot-demenagement.com\/lareunion\/wp-content\/uploads\/2020\/10\/carton-tableau-2048x1536.png 2048w\" sizes=\"(max-width: 800px) 100vw, 800px\" \/>\t\t\t\t\t\t\t\t\t\t\t<figcaption class=\"widget-image-caption wp-caption-text\">Carton pour tableau<\/figcaption>\n\t\t\t\t\t\t\t\t\t\t<\/figure>\n\t\t\t\t\t<\/div>\n\t\t\t\t<\/div>\n\t\t\t\t<\/div>\n\t\t\t\t\t\t<\/div>\n\t\t\t\t\t<\/div>\n\t\t<\/div>\n\t\t\t\t\t\t\t\t<\/div>\n\t\t\t\t\t<\/div>\n\t\t<\/section>\n\t\t\t\t<section class=\"elementor-section elementor-top-section elementor-element elementor-element-6cc64c3 elementor-section-boxed elementor-section-height-default elementor-section-height-default\" data-id=\"6cc64c3\" data-element_type=\"section\">\n\t\t\t\t\t\t<div class=\"elementor-container elementor-column-gap-default\">\n\t\t\t\t\t\t\t<div class=\"elementor-row\">\n\t\t\t\t\t<div class=\"elementor-column elementor-col-100 elementor-top-column elementor-element elementor-element-65171ff\" data-id=\"65171ff\" data-element_type=\"column\">\n\t\t\t<div class=\"elementor-column-wrap elementor-element-populated\">\n\t\t\t\t\t\t\t<div class=\"elementor-widget-wrap\">\n\t\t\t\t\t\t<div class=\"elementor-element elementor-element-91af5d3 elementor-widget elementor-widget-spacer\" data-id=\"91af5d3\" data-element_type=\"widget\" data-widget_type=\"spacer.default\">\n\t\t\t\t<div class=\"elementor-widget-container\">\n\t\t\t\t\t<div class=\"elementor-spacer\">\n\t\t\t<div class=\"elementor-spacer-inner\"><\/div>\n\t\t<\/div>\n\t\t\t\t<\/div>\n\t\t\t\t<\/div>\n\t\t\t\t\t\t<\/div>\n\t\t\t\t\t<\/div>\n\t\t<\/div>\n\t\t\t\t\t\t\t\t<\/div>\n\t\t\t\t\t<\/div>\n\t\t<\/section>\n\t\t\t\t<section class=\"elementor-section elementor-top-section elementor-element elementor-element-a30b507 elementor-section-boxed elementor-section-height-default elementor-section-height-default\" data-id=\"a30b507\" data-element_type=\"section\">\n\t\t\t\t\t\t<div class=\"elementor-container elementor-column-gap-default\">\n\t\t\t\t\t\t\t<div class=\"elementor-row\">\n\t\t\t\t\t<div class=\"elementor-column elementor-col-33 elementor-top-column elementor-element elementor-element-c2a56bd\" data-id=\"c2a56bd\" data-element_type=\"column\">\n\t\t\t<div class=\"elementor-column-wrap elementor-element-populated\">\n\t\t\t\t\t\t\t<div class=\"elementor-widget-wrap\">\n\t\t\t\t\t\t<div class=\"elementor-element elementor-element-9c85065 elementor-widget elementor-widget-image\" data-id=\"9c85065\" data-element_type=\"widget\" data-widget_type=\"image.default\">\n\t\t\t\t<div class=\"elementor-widget-container\">\n\t\t\t\t\t<div class=\"elementor-image\">\n\t\t\t\t\t\t\t<figure class=\"wp-caption\">\n\t\t\t\t\t\t\t\t\t\t<img width=\"800\" height=\"600\" src=\"http:\/\/www.tessiot-demenagement.com\/lareunion\/wp-content\/uploads\/2020\/10\/penderie-1024x768.png\" class=\"attachment-large size-large\" alt=\"prot\u00e9ger les v\u00eatements\" loading=\"lazy\" srcset=\"http:\/\/www.tessiot-demenagement.com\/lareunion\/wp-content\/uploads\/2020\/10\/penderie-1024x768.png 1024w, http:\/\/www.tessiot-demenagement.com\/lareunion\/wp-content\/uploads\/2020\/10\/penderie-300x225.png 300w, http:\/\/www.tessiot-demenagement.com\/lareunion\/wp-content\/uploads\/2020\/10\/penderie-768x576.png 768w, http:\/\/www.tessiot-demenagement.com\/lareunion\/wp-content\/uploads\/2020\/10\/penderie-1536x1152.png 1536w, http:\/\/www.tessiot-demenagement.com\/lareunion\/wp-content\/uploads\/2020\/10\/penderie-2048x1536.png 2048w\" sizes=\"(max-width: 800px) 100vw, 800px\" \/>\t\t\t\t\t\t\t\t\t\t\t<figcaption class=\"widget-image-caption wp-caption-text\">Carton penderie pour v\u00eatements<\/figcaption>\n\t\t\t\t\t\t\t\t\t\t<\/figure>\n\t\t\t\t\t<\/div>\n\t\t\t\t<\/div>\n\t\t\t\t<\/div>\n\t\t\t\t\t\t<\/div>\n\t\t\t\t\t<\/div>\n\t\t<\/div>\n\t\t\t\t<div class=\"elementor-column elementor-col-33 elementor-top-column elementor-element elementor-element-ee63091\" data-id=\"ee63091\" data-element_type=\"column\">\n\t\t\t<div class=\"elementor-column-wrap elementor-element-populated\">\n\t\t\t\t\t\t\t<div class=\"elementor-widget-wrap\">\n\t\t\t\t\t\t<div class=\"elementor-element elementor-element-b070461 elementor-widget elementor-widget-image\" data-id=\"b070461\" data-element_type=\"widget\" data-widget_type=\"image.default\">\n\t\t\t\t<div class=\"elementor-widget-container\">\n\t\t\t\t\t<div class=\"elementor-image\">\n\t\t\t\t\t\t\t<figure class=\"wp-caption\">\n\t\t\t\t\t\t\t\t\t\t<img width=\"800\" height=\"600\" src=\"http:\/\/www.tessiot-demenagement.com\/lareunion\/wp-content\/uploads\/2020\/10\/barelle-verres.png\" class=\"attachment-large size-large\" alt=\"carton pour verres\" loading=\"lazy\" srcset=\"http:\/\/www.tessiot-demenagement.com\/lareunion\/wp-content\/uploads\/2020\/10\/barelle-verres.png 1000w, http:\/\/www.tessiot-demenagement.com\/lareunion\/wp-content\/uploads\/2020\/10\/barelle-verres-300x225.png 300w, http:\/\/www.tessiot-demenagement.com\/lareunion\/wp-content\/uploads\/2020\/10\/barelle-verres-768x576.png 768w\" sizes=\"(max-width: 800px) 100vw, 800px\" \/>\t\t\t\t\t\t\t\t\t\t\t<figcaption class=\"widget-image-caption wp-caption-text\">Carton \u00e0 croisillons pour vos verres<\/figcaption>\n\t\t\t\t\t\t\t\t\t\t<\/figure>\n\t\t\t\t\t<\/div>\n\t\t\t\t<\/div>\n\t\t\t\t<\/div>\n\t\t\t\t\t\t<\/div>\n\t\t\t\t\t<\/div>\n\t\t<\/div>\n\t\t\t\t<div class=\"elementor-column elementor-col-33 elementor-top-column elementor-element elementor-element-5860d6e\" data-id=\"5860d6e\" data-element_type=\"column\">\n\t\t\t<div class=\"elementor-column-wrap elementor-element-populated\">\n\t\t\t\t\t\t\t<div class=\"elementor-widget-wrap\">\n\t\t\t\t\t\t\t\t<\/div>\n\t\t\t\t\t<\/div>\n\t\t<\/div>\n\t\t\t\t\t\t\t\t<\/div>\n\t\t\t\t\t<\/div>\n\t\t<\/section>\n\t\t\t\t<section class=\"elementor-section elementor-top-section elementor-element elementor-element-a33b81a elementor-section-boxed elementor-section-height-default elementor-section-height-default\" data-id=\"a33b81a\" data-element_type=\"section\">\n\t\t\t\t\t\t<div class=\"elementor-container elementor-column-gap-default\">\n\t\t\t\t\t\t\t<div class=\"elementor-row\">\n\t\t\t\t\t<div class=\"elementor-column elementor-col-100 elementor-top-column elementor-element elementor-element-fa45979\" data-id=\"fa45979\" data-element_type=\"column\">\n\t\t\t<div class=\"elementor-column-wrap elementor-element-populated\">\n\t\t\t\t\t\t\t<div class=\"elementor-widget-wrap\">\n\t\t\t\t\t\t<div class=\"elementor-element elementor-element-053a34b elementor-widget elementor-widget-spacer\" data-id=\"053a34b\" data-element_type=\"widget\" data-widget_type=\"spacer.default\">\n\t\t\t\t<div class=\"elementor-widget-container\">\n\t\t\t\t\t<div class=\"elementor-spacer\">\n\t\t\t<div class=\"elementor-spacer-inner\"><\/div>\n\t\t<\/div>\n\t\t\t\t<\/div>\n\t\t\t\t<\/div>\n\t\t\t\t\t\t<\/div>\n\t\t\t\t\t<\/div>\n\t\t<\/div>\n\t\t\t\t\t\t\t\t<\/div>\n\t\t\t\t\t<\/div>\n\t\t<\/section>\n\t\t\t\t\t\t<\/div>\n\t\t\t\t\t\t<\/div>\n\t\t\t\t\t<\/div>\n\t\t","protected":false},"excerpt":{"rendered":"<p>Les cartons pour d\u00e9m\u00e9nager Pour prot\u00e9ger vos biens, m\u00eame les plus fragiles, Tessiot D\u00e9m\u00e9nagements met \u00e0 votre disposition une gamme<\/p>\n","protected":false},"author":1,"featured_media":0,"parent":176,"menu_order":1,"comment_status":"open","ping_status":"open","template":"","meta":{"spay_email":""},"yoast_head":"<!-- This site is optimized with the Yoast SEO plugin v15.8 - https:\/\/yoast.com\/wordpress\/plugins\/seo\/ -->\n<title>Les cartons pour d\u00e9m\u00e9nager. - D\u00e9m\u00e9nagement A Tessiot<\/title>\n<meta name=\"description\" content=\"Les cartons pour d\u00e9m\u00e9nager Pour prot\u00e9ger vos biens, m\u00eame les plus fragiles, Tessiot D\u00e9m\u00e9nagements met \u00e0 votre disposition une gamme de cartons Vous cherchez des cartons pour d\u00e9m\u00e9nager ? Les d\u00e9m\u00e9nageurs Tessiot vous fournissent en cartons pour vos objets, v\u00eatements, livres, tableaux, ....\" \/>\n<meta name=\"robots\" content=\"index, follow, max-snippet:-1, max-image-preview:large, max-video-preview:-1\" \/>\n<link rel=\"canonical\" href=\"http:\/\/www.tessiot-demenagement.com\/lareunion\/emballages-pour-demenager\/les-cartons-pour-demenager\/\" \/>\n<meta property=\"og:locale\" content=\"fr_FR\" \/>\n<meta property=\"og:type\" content=\"article\" \/>\n<meta property=\"og:title\" content=\"Les cartons pour d\u00e9m\u00e9nager. - D\u00e9m\u00e9nagement A Tessiot\" \/>\n<meta property=\"og:description\" content=\"Les cartons pour d\u00e9m\u00e9nager Pour prot\u00e9ger vos biens, m\u00eame les plus fragiles, Tessiot D\u00e9m\u00e9nagements met \u00e0 votre disposition une gamme de cartons Vous cherchez des cartons pour d\u00e9m\u00e9nager ? Les d\u00e9m\u00e9nageurs Tessiot vous fournissent en cartons pour vos objets, v\u00eatements, livres, tableaux, ....\" \/>\n<meta property=\"og:url\" content=\"http:\/\/www.tessiot-demenagement.com\/lareunion\/emballages-pour-demenager\/les-cartons-pour-demenager\/\" \/>\n<meta property=\"og:site_name\" content=\"D\u00e9m\u00e9nagement A Tessiot\" \/>\n<meta property=\"article:modified_time\" content=\"2020-10-21T13:48:09+00:00\" \/>\n<meta property=\"og:image\" content=\"http:\/\/www.tessiot-demenagement.com\/lareunion\/wp-content\/uploads\/2020\/10\/carton-standard-1024x768.png\" \/>\n<meta name=\"twitter:label1\" content=\"Dur\u00e9e de lecture est.\">\n\t<meta name=\"twitter:data1\" content=\"1 minute\">\n<script type=\"application\/ld+json\" class=\"yoast-schema-graph\">{\"@context\":\"https:\/\/schema.org\",\"@graph\":[{\"@type\":\"WebSite\",\"@id\":\"http:\/\/www.tessiot-demenagement.com\/lareunion\/#website\",\"url\":\"http:\/\/www.tessiot-demenagement.com\/lareunion\/\",\"name\":\"D\\u00e9m\\u00e9nagement A Tessiot\",\"description\":\"votre demenageur specialiste des transferts administratifs et industriels\",\"potentialAction\":[{\"@type\":\"SearchAction\",\"target\":\"http:\/\/www.tessiot-demenagement.com\/lareunion\/?s={search_term_string}\",\"query-input\":\"required name=search_term_string\"}],\"inLanguage\":\"fr-FR\"},{\"@type\":\"ImageObject\",\"@id\":\"http:\/\/www.tessiot-demenagement.com\/lareunion\/emballages-pour-demenager\/les-cartons-pour-demenager\/#primaryimage\",\"inLanguage\":\"fr-FR\",\"url\":\"http:\/\/www.tessiot-demenagement.com\/lareunion\/wp-content\/uploads\/2020\/10\/carton-standard.png\",\"width\":2816,\"height\":2112,\"caption\":\"emballages pour d\\u00e9m\\u00e9nager\"},{\"@type\":\"WebPage\",\"@id\":\"http:\/\/www.tessiot-demenagement.com\/lareunion\/emballages-pour-demenager\/les-cartons-pour-demenager\/#webpage\",\"url\":\"http:\/\/www.tessiot-demenagement.com\/lareunion\/emballages-pour-demenager\/les-cartons-pour-demenager\/\",\"name\":\"Les cartons pour d\\u00e9m\\u00e9nager. - D\\u00e9m\\u00e9nagement A Tessiot\",\"isPartOf\":{\"@id\":\"http:\/\/www.tessiot-demenagement.com\/lareunion\/#website\"},\"primaryImageOfPage\":{\"@id\":\"http:\/\/www.tessiot-demenagement.com\/lareunion\/emballages-pour-demenager\/les-cartons-pour-demenager\/#primaryimage\"},\"datePublished\":\"2014-10-22T09:06:47+00:00\",\"dateModified\":\"2020-10-21T13:48:09+00:00\",\"description\":\"Les cartons pour d\\u00e9m\\u00e9nager Pour prot\\u00e9ger vos biens, m\\u00eame les plus fragiles, Tessiot D\\u00e9m\\u00e9nagements met \\u00e0 votre disposition une gamme de cartons Vous cherchez des cartons pour d\\u00e9m\\u00e9nager ? Les d\\u00e9m\\u00e9nageurs Tessiot vous fournissent en cartons pour vos objets, v\\u00eatements, livres, tableaux, ....\",\"breadcrumb\":{\"@id\":\"http:\/\/www.tessiot-demenagement.com\/lareunion\/emballages-pour-demenager\/les-cartons-pour-demenager\/#breadcrumb\"},\"inLanguage\":\"fr-FR\",\"potentialAction\":[{\"@type\":\"ReadAction\",\"target\":[\"http:\/\/www.tessiot-demenagement.com\/lareunion\/emballages-pour-demenager\/les-cartons-pour-demenager\/\"]}]},{\"@type\":\"BreadcrumbList\",\"@id\":\"http:\/\/www.tessiot-demenagement.com\/lareunion\/emballages-pour-demenager\/les-cartons-pour-demenager\/#breadcrumb\",\"itemListElement\":[{\"@type\":\"ListItem\",\"position\":1,\"item\":{\"@type\":\"WebPage\",\"@id\":\"http:\/\/www.tessiot-demenagement.com\/lareunion\/emballages-pour-demenager\/\",\"url\":\"http:\/\/www.tessiot-demenagement.com\/lareunion\/emballages-pour-demenager\/\",\"name\":\"Emballages pour d\\u00e9m\\u00e9nager\"}},{\"@type\":\"ListItem\",\"position\":2,\"item\":{\"@type\":\"WebPage\",\"@id\":\"http:\/\/www.tessiot-demenagement.com\/lareunion\/emballages-pour-demenager\/les-cartons-pour-demenager\/\",\"url\":\"http:\/\/www.tessiot-demenagement.com\/lareunion\/emballages-pour-demenager\/les-cartons-pour-demenager\/\",\"name\":\"Les cartons pour d\\u00e9m\\u00e9nager.\"}}]}]}<\/script>\n<!-- \/ Yoast SEO plugin. -->","jetpack_sharing_enabled":true,"jetpack_shortlink":"https:\/\/wp.me\/P5eCLF-2U","_links":{"self":[{"href":"http:\/\/www.tessiot-demenagement.com\/lareunion\/wp-json\/wp\/v2\/pages\/180"}],"collection":[{"href":"http:\/\/www.tessiot-demenagement.com\/lareunion\/wp-json\/wp\/v2\/pages"}],"about":[{"href":"http:\/\/www.tessiot-demenagement.com\/lareunion\/wp-json\/wp\/v2\/types\/page"}],"author":[{"embeddable":true,"href":"http:\/\/www.tessiot-demenagement.com\/lareunion\/wp-json\/wp\/v2\/users\/1"}],"replies":[{"embeddable":true,"href":"http:\/\/www.tessiot-demenagement.com\/lareunion\/wp-json\/wp\/v2\/comments?post=180"}],"version-history":[{"count":9,"href":"http:\/\/www.tessiot-demenagement.com\/lareunion\/wp-json\/wp\/v2\/pages\/180\/revisions"}],"predecessor-version":[{"id":2367,"href":"http:\/\/www.tessiot-demenagement.com\/lareunion\/wp-json\/wp\/v2\/pages\/180\/revisions\/2367"}],"up":[{"embeddable":true,"href":"http:\/\/www.tessiot-demenagement.com\/lareunion\/wp-json\/wp\/v2\/pages\/176"}],"wp:attachment":[{"href":"http:\/\/www.tessiot-demenagement.com\/lareunion\/wp-json\/wp\/v2\/media?parent=180"}],"curies":[{"name":"wp","href":"https:\/\/api.w.org\/{rel}","templated":true}]}}