{"id":1742,"date":"2020-06-23T08:40:01","date_gmt":"2020-06-23T08:40:01","guid":{"rendered":"http:\/\/www.tessiot-demenagement.com\/lareunion\/privacy-policy\/"},"modified":"2020-06-23T08:46:39","modified_gmt":"2020-06-23T08:46:39","slug":"privacy-policy","status":"publish","type":"page","link":"http:\/\/www.tessiot-demenagement.com\/lareunion\/privacy-policy\/","title":{"rendered":"Politique de confidentialit\u00e9"},"content":{"rendered":"\t\t<div data-elementor-type=\"wp-page\" data-elementor-id=\"1742\" class=\"elementor elementor-1742\" data-elementor-settings=\"[]\">\n\t\t\t\t\t\t<div class=\"elementor-inner\">\n\t\t\t\t\t\t\t<div class=\"elementor-section-wrap\">\n\t\t\t\t\t\t\t<section class=\"elementor-section elementor-top-section elementor-element elementor-element-692e916b elementor-section-boxed elementor-section-height-default elementor-section-height-default\" data-id=\"692e916b\" data-element_type=\"section\">\n\t\t\t\t\t\t<div class=\"elementor-container elementor-column-gap-default\">\n\t\t\t\t\t\t\t<div class=\"elementor-row\">\n\t\t\t\t\t<div class=\"elementor-column elementor-col-100 elementor-top-column elementor-element elementor-element-3cd6e894\" data-id=\"3cd6e894\" data-element_type=\"column\">\n\t\t\t<div class=\"elementor-column-wrap elementor-element-populated\">\n\t\t\t\t\t\t\t<div class=\"elementor-widget-wrap\">\n\t\t\t\t\t\t<div class=\"elementor-element elementor-element-514c8402 elementor-widget elementor-widget-text-editor\" data-id=\"514c8402\" data-element_type=\"widget\" data-widget_type=\"text-editor.default\">\n\t\t\t\t<div class=\"elementor-widget-container\">\n\t\t\t\t\t<div class=\"elementor-text-editor elementor-clearfix\"><p>Bienvenue sur http:\/\/www.tessiot-demenagement.com\/lareunion .<\/p><p>Nous comprenons que le respect de la vie priv\u00e9e en ligne est important pour les utilisateurs de notre site, en particulier dans le cadre de leurs activit\u00e9s commerciales. La pr\u00e9sente d\u00e9claration r\u00e9git nos politiques de confidentialit\u00e9 \u00e0 l&#8217;\u00e9gard des utilisateurs du site (&#8220;Visiteurs&#8221;) qui visitent le site sans effectuer de transactions commerciales et des Visiteurs qui s&#8217;inscrivent pour effectuer des transactions commerciales sur le site et utilisent les diff\u00e9rents services offerts par AT d\u00e9m\u00e9nagements (collectivement, les &#8220;Services&#8221;) (&#8220;Clients autoris\u00e9s&#8221;).<\/p><p>\u00a0<\/p><p>&#8220;Informations personnelles identifiables&#8221;.<\/p><p>\u00a0<\/p><p>Fait r\u00e9f\u00e9rence \u00e0 toute information qui identifie ou peut \u00eatre utilis\u00e9e pour identifier, contacter ou localiser la personne \u00e0 laquelle cette information se rapporte, y compris, mais sans s&#8217;y limiter, le nom, l&#8217;adresse, le num\u00e9ro de t\u00e9l\u00e9phone, le num\u00e9ro de fax, l&#8217;adresse \u00e9lectronique, les profils financiers, le num\u00e9ro de s\u00e9curit\u00e9 sociale et les informations relatives aux cartes de cr\u00e9dit. Les informations personnellement identifiables ne comprennent pas les informations recueillies de mani\u00e8re anonyme (c&#8217;est-\u00e0-dire sans identification de l&#8217;utilisateur individuel) ou les informations d\u00e9mographiques qui ne sont pas li\u00e9es \u00e0 une personne identifi\u00e9e.<\/p><p>\u00a0<\/p><p>Quelles sont les informations personnellement identifiables collect\u00e9es ?<\/p><p>\u00a0<\/p><p>Nous pouvons collecter des informations de base sur le profil de l&#8217;utilisateur de tous nos visiteurs. Nous recueillons les informations suppl\u00e9mentaires suivantes aupr\u00e8s de nos clients autoris\u00e9s : les noms, adresses, num\u00e9ros de t\u00e9l\u00e9phone et adresses \u00e9lectroniques des clients autoris\u00e9s, la nature et la taille de l&#8217;entreprise, ainsi que la nature et la taille du stock de publicit\u00e9 que le client autoris\u00e9 a l&#8217;intention d&#8217;acheter ou de vendre.<\/p><p>\u00a0<\/p><p>Quelles sont les organisations qui recueillent ces informations ?<\/p><p>\u00a0<\/p><p>En plus de la collecte directe d&#8217;informations, nos fournisseurs de services tiers (tels que les soci\u00e9t\u00e9s de cartes de cr\u00e9dit, les chambres de compensation et les banques) qui peuvent fournir des services tels que le cr\u00e9dit, l&#8217;assurance et les services de s\u00e9questre peuvent recueillir ces informations aupr\u00e8s de nos visiteurs et clients autoris\u00e9s. Nous ne contr\u00f4lons pas la mani\u00e8re dont ces tiers utilisent ces informations, mais nous leur demandons de nous indiquer comment ils utilisent les informations personnelles qui leur sont fournies par les visiteurs et les clients autoris\u00e9s. Certains de ces tiers peuvent \u00eatre des interm\u00e9diaires qui agissent uniquement en tant que maillons de la cha\u00eene de distribution, et ne stockent, ne conservent ou n&#8217;utilisent pas les informations qui leur sont fournies.<\/p><p>\u00a0<\/p><p>Comment le site utilise-t-il les informations personnelles identifiables ?<\/p><p>\u00a0<\/p><p>Nous utilisons les informations personnellement identifiables pour personnaliser le site, pour faire des offres de service appropri\u00e9es et pour r\u00e9pondre aux demandes d&#8217;achat et de vente sur le site. Nous pouvons envoyer des courriers \u00e9lectroniques aux visiteurs et aux clients autoris\u00e9s pour les informer des possibilit\u00e9s de recherche ou d&#8217;achat et de vente sur le site ou pour leur communiquer des informations li\u00e9es \u00e0 l&#8217;objet du site. Nous pouvons \u00e9galement utiliser des informations personnellement identifiables pour contacter les visiteurs et les clients autoris\u00e9s en r\u00e9ponse \u00e0 des demandes sp\u00e9cifiques ou pour fournir les informations demand\u00e9es.<\/p><p>\u00a0<\/p><p>Avec qui les informations peuvent-elles \u00eatre partag\u00e9es ?<\/p><p>\u00a0<\/p><p>Les informations personnellement identifiables concernant les clients autoris\u00e9s peuvent \u00eatre partag\u00e9es avec d&#8217;autres clients autoris\u00e9s qui souhaitent \u00e9valuer des transactions potentielles avec d&#8217;autres clients autoris\u00e9s. Nous pouvons partager des informations agr\u00e9g\u00e9es sur nos visiteurs, y compris les donn\u00e9es d\u00e9mographiques de nos visiteurs et clients autoris\u00e9s, avec nos agences affili\u00e9es et des fournisseurs tiers. Nous offrons \u00e9galement la possibilit\u00e9 de &#8220;refuser&#8221; de recevoir des informations ou d&#8217;\u00eatre contact\u00e9s par nous ou par toute agence agissant en notre nom.<\/p><p>\u00a0<\/p><p>Comment les informations personnelles identifiables sont-elles stock\u00e9es ?<\/p><p>\u00a0<\/p><p>Les informations personnellement identifiables collect\u00e9es par AT d\u00e9m\u00e9nagements sont stock\u00e9es de mani\u00e8re s\u00e9curis\u00e9e et ne sont pas accessibles aux tiers ou aux employ\u00e9s d&#8217;AT d\u00e9m\u00e9nagements, sauf pour l&#8217;utilisation indiqu\u00e9e ci-dessus.<\/p><p>\u00a0<\/p><p>Quels sont les choix offerts aux visiteurs en ce qui concerne la collecte, l&#8217;utilisation et la distribution des informations ?<\/p><p>\u00a0<\/p><p>Les visiteurs et les clients autoris\u00e9s peuvent choisir de ne pas recevoir d&#8217;informations non sollicit\u00e9es de notre part ou d&#8217;\u00eatre contact\u00e9s par nous et\/ou nos vendeurs et agences affili\u00e9es en r\u00e9pondant aux courriels selon les instructions, ou en nous contactant par voie postale au 4, chemin Lambriquet 97410 Saint Pierre.<\/p><p>\u00a0<\/p><p>Cookies<\/p><p>\u00a0<\/p><p>Un cookie est une cha\u00eene d&#8217;informations qu&#8217;un site web stocke sur l&#8217;ordinateur d&#8217;un visiteur, et que le navigateur du visiteur fournit au site web \u00e0 chaque fois que le visiteur revient.<\/p><p>\u00a0<\/p><p>Des cookies sont-ils utilis\u00e9s sur le site ?<\/p><p>\u00a0<\/p><p>Les cookies sont utilis\u00e9s pour diverses raisons. Nous utilisons les cookies pour obtenir des informations sur les pr\u00e9f\u00e9rences de nos visiteurs et les services qu&#8217;ils s\u00e9lectionnent. Nous utilisons \u00e9galement les cookies \u00e0 des fins de s\u00e9curit\u00e9 pour prot\u00e9ger nos clients autoris\u00e9s. Par exemple, si un client autoris\u00e9 est connect\u00e9 et que le site n&#8217;est pas utilis\u00e9 pendant plus de 10 minutes, nous le d\u00e9connecterons automatiquement. Les visiteurs qui ne souhaitent pas que des cookies soient plac\u00e9s sur leur ordinateur doivent configurer leur navigateur pour qu&#8217;il refuse les cookies avant d&#8217;utiliser http:\/\/www.tessiot-demenagement.com\/lareunion, avec l&#8217;inconv\u00e9nient que certaines fonctions du site web peuvent ne pas fonctionner correctement sans l&#8217;aide des cookies.<\/p><p>\u00a0<\/p><p>Cookies utilis\u00e9s par nos fournisseurs de services<\/p><p>\u00a0<\/p><p>Nos prestataires de services utilisent des cookies et ces cookies peuvent \u00eatre stock\u00e9s sur votre ordinateur lorsque vous visitez notre site web. Vous pouvez trouver plus de d\u00e9tails sur les cookies utilis\u00e9s dans notre page d&#8217;information sur les cookies.<\/p><p>\u00a0<\/p><p>Quels partenaires ou prestataires de services ont acc\u00e8s aux informations personnellement identifiables des visiteurs et\/ou des clients autoris\u00e9s sur le site ?<\/p><p>\u00a0<\/p><p>AT d\u00e9m\u00e9nagements a conclu et continuera \u00e0 conclure des partenariats et d&#8217;autres affiliations avec un certain nombre de fournisseurs. Ces vendeurs peuvent avoir acc\u00e8s \u00e0 certaines informations personnellement identifiables en cas de besoin pour \u00e9valuer l&#8217;\u00e9ligibilit\u00e9 des clients autoris\u00e9s \u00e0 un service. Notre politique de confidentialit\u00e9 ne couvre pas leur collecte ou leur utilisation de ces informations. Divulgation d&#8217;informations personnelles identifiables pour se conformer \u00e0 la loi. Nous divulguerons des informations personnellement identifiables afin de nous conformer \u00e0 une ordonnance du tribunal ou \u00e0 une assignation \u00e0 compara\u00eetre ou \u00e0 une demande d&#8217;un organisme d&#8217;application de la loi de divulguer des informations. Nous divulguerons \u00e9galement des informations personnellement identifiables lorsque cela sera raisonnablement n\u00e9cessaire pour prot\u00e9ger la s\u00e9curit\u00e9 de nos visiteurs et clients autoris\u00e9s.<\/p><p>\u00a0<\/p><p>Comment le site assure-t-il la s\u00e9curit\u00e9 des informations personnellement identifiables ?<\/p><p>\u00a0<\/p><p>Tous nos employ\u00e9s connaissent notre politique et nos pratiques en mati\u00e8re de s\u00e9curit\u00e9. Les informations personnellement identifiables de nos visiteurs et clients autoris\u00e9s ne sont accessibles qu&#8217;\u00e0 un nombre limit\u00e9 d&#8217;employ\u00e9s qualifi\u00e9s qui re\u00e7oivent un mot de passe pour y acc\u00e9der. Nous v\u00e9rifions r\u00e9guli\u00e8rement nos syst\u00e8mes et processus de s\u00e9curit\u00e9. Les informations sensibles, telles que les num\u00e9ros de carte de cr\u00e9dit ou les num\u00e9ros de s\u00e9curit\u00e9 sociale, sont prot\u00e9g\u00e9es par des protocoles de cryptage, mis en place pour prot\u00e9ger les informations envoy\u00e9es sur Internet. Bien que nous prenions des mesures commercialement raisonnables pour maintenir un site s\u00e9curis\u00e9, les communications \u00e9lectroniques et les bases de donn\u00e9es sont sujettes \u00e0 des erreurs, des alt\u00e9rations et des effractions, et nous ne pouvons pas garantir que de tels \u00e9v\u00e9nements n&#8217;auront pas lieu et nous ne serons pas responsables envers les visiteurs ou les clients autoris\u00e9s pour de tels \u00e9v\u00e9nements.<\/p><p>\u00a0<\/p><p>Comment les Visiteurs peuvent-ils corriger toute inexactitude dans les informations personnellement identifiables ?<\/p><p>\u00a0<\/p><p>Les Visiteurs et les Clients autoris\u00e9s peuvent nous contacter pour mettre \u00e0 jour les Informations Personnellement Identifiables les concernant ou pour corriger toute inexactitude en nous envoyant un courrier \u00e9lectronique \u00e0 import@tessiot-demenagement.com<\/p><p>\u00a0<\/p><p>Un visiteur peut-il supprimer ou d\u00e9sactiver les informations personnelles identifiables collect\u00e9es par le site ?<\/p><p>\u00a0<\/p><p>Nous fournissons aux visiteurs et aux clients autoris\u00e9s un m\u00e9canisme permettant de supprimer\/d\u00e9sactiver les informations personnelles identifiables de la base de donn\u00e9es du site en contactant Toutefois, en raison des sauvegardes et des enregistrements des suppressions, il peut \u00eatre impossible de supprimer l&#8217;entr\u00e9e d&#8217;un visiteur sans conserver certaines informations r\u00e9siduelles. Une personne qui demande la d\u00e9sactivation d&#8217;informations personnelles identifiables verra ces informations supprim\u00e9es de mani\u00e8re fonctionnelle, et nous ne vendrons, ne transf\u00e9rerons ni n&#8217;utiliserons d&#8217;informations personnelles identifiables relatives \u00e0 cette personne de quelque mani\u00e8re que ce soit.<\/p><p>\u00a0<\/p><p>Vos droits<\/p><p>Voici un r\u00e9sum\u00e9 des droits que vous avez en vertu de la l\u00e9gislation sur la protection des donn\u00e9es<\/p><p>Le droit d&#8217;acc\u00e8s<br \/>Le droit de rectification<br \/>Le droit \u00e0 l&#8217;effacement<br \/>Le droit de limiter le traitement<br \/>Le droit d&#8217;opposition au traitement<br \/>Le droit \u00e0 la portabilit\u00e9 des donn\u00e9es<br \/>Le droit de porter plainte aupr\u00e8s d&#8217;une autorit\u00e9 de contr\u00f4le<br \/>Le droit de retirer son consentement<\/p><p>\u00a0<\/p><p>Que se passe-t-il en cas de modification de la politique de protection de la vie priv\u00e9e ?<\/p><p>\u00a0<\/p><p>Nous informerons nos visiteurs et nos clients autoris\u00e9s des modifications apport\u00e9es \u00e0 notre politique de confidentialit\u00e9 en les publiant sur le site. Toutefois, si nous modifions notre politique de confidentialit\u00e9 d&#8217;une mani\u00e8re qui pourrait entra\u00eener la divulgation d&#8217;informations personnellement identifiables dont un visiteur ou un client autoris\u00e9 a pr\u00e9c\u00e9demment demand\u00e9 la non-divulgation, nous contacterons ce visiteur ou ce client autoris\u00e9 pour lui permettre d&#8217;emp\u00eacher cette divulgation.<\/p><p>\u00a0<\/p><p>Liens :<\/p><p>http:\/\/www.tessiot-demenagement.com\/lareunion contient des liens vers d&#8217;autres sites web. Veuillez noter que lorsque vous cliquez sur l&#8217;un de ces liens, vous vous rendez sur un autre site web. Nous vous encourageons \u00e0 lire les d\u00e9clarations de confidentialit\u00e9 de ces sites li\u00e9s, car leur politique de confidentialit\u00e9 peut diff\u00e9rer de la n\u00f4tre.<\/p><\/div>\n\t\t\t\t<\/div>\n\t\t\t\t<\/div>\n\t\t\t\t\t\t<\/div>\n\t\t\t\t\t<\/div>\n\t\t<\/div>\n\t\t\t\t\t\t\t\t<\/div>\n\t\t\t\t\t<\/div>\n\t\t<\/section>\n\t\t\t\t\t\t<\/div>\n\t\t\t\t\t\t<\/div>\n\t\t\t\t\t<\/div>\n\t\t","protected":false},"excerpt":{"rendered":"<p>Bienvenue sur http:\/\/www.tessiot-demenagement.com\/lareunion . Nous comprenons que le respect de la vie priv\u00e9e en ligne est important pour les utilisateurs<\/p>\n","protected":false},"author":1,"featured_media":0,"parent":0,"menu_order":0,"comment_status":"closed","ping_status":"closed","template":"","meta":{"spay_email":""},"yoast_head":"<!-- This site is optimized with the Yoast SEO plugin v15.8 - https:\/\/yoast.com\/wordpress\/plugins\/seo\/ -->\n<title>Politique de confidentialit\u00e9 - D\u00e9m\u00e9nagement A Tessiot<\/title>\n<meta name=\"description\" content=\"Bienvenue sur http:\/\/www.tessiot-demenagement.com\/lareunion .Nous comprenons que le respect de la vie priv\u00e9e en ligne est important pour les utilisateurs\" \/>\n<meta name=\"robots\" content=\"index, follow, max-snippet:-1, max-image-preview:large, max-video-preview:-1\" \/>\n<link rel=\"canonical\" href=\"https:\/\/www.tessiot-demenagement.com\/lareunion\/privacy-policy\/\" \/>\n<meta property=\"og:locale\" content=\"fr_FR\" \/>\n<meta property=\"og:type\" content=\"article\" \/>\n<meta property=\"og:title\" content=\"Politique de confidentialit\u00e9 - D\u00e9m\u00e9nagement A Tessiot\" \/>\n<meta property=\"og:description\" content=\"Bienvenue sur http:\/\/www.tessiot-demenagement.com\/lareunion .Nous comprenons que le respect de la vie priv\u00e9e en ligne est important pour les utilisateurs\" \/>\n<meta property=\"og:url\" content=\"https:\/\/www.tessiot-demenagement.com\/lareunion\/privacy-policy\/\" \/>\n<meta property=\"og:site_name\" content=\"D\u00e9m\u00e9nagement A Tessiot\" \/>\n<meta property=\"article:modified_time\" content=\"2020-06-23T08:46:39+00:00\" \/>\n<meta name=\"twitter:label1\" content=\"Dur\u00e9e de lecture est.\">\n\t<meta name=\"twitter:data1\" content=\"8 minutes\">\n<script type=\"application\/ld+json\" class=\"yoast-schema-graph\">{\"@context\":\"https:\/\/schema.org\",\"@graph\":[{\"@type\":\"WebSite\",\"@id\":\"http:\/\/www.tessiot-demenagement.com\/lareunion\/#website\",\"url\":\"http:\/\/www.tessiot-demenagement.com\/lareunion\/\",\"name\":\"D\\u00e9m\\u00e9nagement A Tessiot\",\"description\":\"votre demenageur specialiste des transferts administratifs et industriels\",\"potentialAction\":[{\"@type\":\"SearchAction\",\"target\":\"http:\/\/www.tessiot-demenagement.com\/lareunion\/?s={search_term_string}\",\"query-input\":\"required name=search_term_string\"}],\"inLanguage\":\"fr-FR\"},{\"@type\":\"WebPage\",\"@id\":\"https:\/\/www.tessiot-demenagement.com\/lareunion\/privacy-policy\/#webpage\",\"url\":\"https:\/\/www.tessiot-demenagement.com\/lareunion\/privacy-policy\/\",\"name\":\"Politique de confidentialit\\u00e9 - D\\u00e9m\\u00e9nagement A Tessiot\",\"isPartOf\":{\"@id\":\"http:\/\/www.tessiot-demenagement.com\/lareunion\/#website\"},\"datePublished\":\"2020-06-23T08:40:01+00:00\",\"dateModified\":\"2020-06-23T08:46:39+00:00\",\"description\":\"Bienvenue sur http:\/\/www.tessiot-demenagement.com\/lareunion .Nous comprenons que le respect de la vie priv\\u00e9e en ligne est important pour les utilisateurs\",\"breadcrumb\":{\"@id\":\"https:\/\/www.tessiot-demenagement.com\/lareunion\/privacy-policy\/#breadcrumb\"},\"inLanguage\":\"fr-FR\",\"potentialAction\":[{\"@type\":\"ReadAction\",\"target\":[\"https:\/\/www.tessiot-demenagement.com\/lareunion\/privacy-policy\/\"]}]},{\"@type\":\"BreadcrumbList\",\"@id\":\"https:\/\/www.tessiot-demenagement.com\/lareunion\/privacy-policy\/#breadcrumb\",\"itemListElement\":[{\"@type\":\"ListItem\",\"position\":1,\"item\":{\"@type\":\"WebPage\",\"@id\":\"https:\/\/www.tessiot-demenagement.com\/lareunion\/privacy-policy\/\",\"url\":\"https:\/\/www.tessiot-demenagement.com\/lareunion\/privacy-policy\/\",\"name\":\"Politique de confidentialit\\u00e9\"}}]}]}<\/script>\n<!-- \/ Yoast SEO plugin. -->","jetpack_sharing_enabled":true,"jetpack_shortlink":"https:\/\/wp.me\/P5eCLF-s6","_links":{"self":[{"href":"http:\/\/www.tessiot-demenagement.com\/lareunion\/wp-json\/wp\/v2\/pages\/1742"}],"collection":[{"href":"http:\/\/www.tessiot-demenagement.com\/lareunion\/wp-json\/wp\/v2\/pages"}],"about":[{"href":"http:\/\/www.tessiot-demenagement.com\/lareunion\/wp-json\/wp\/v2\/types\/page"}],"author":[{"embeddable":true,"href":"http:\/\/www.tessiot-demenagement.com\/lareunion\/wp-json\/wp\/v2\/users\/1"}],"replies":[{"embeddable":true,"href":"http:\/\/www.tessiot-demenagement.com\/lareunion\/wp-json\/wp\/v2\/comments?post=1742"}],"version-history":[{"count":5,"href":"http:\/\/www.tessiot-demenagement.com\/lareunion\/wp-json\/wp\/v2\/pages\/1742\/revisions"}],"predecessor-version":[{"id":1748,"href":"http:\/\/www.tessiot-demenagement.com\/lareunion\/wp-json\/wp\/v2\/pages\/1742\/revisions\/1748"}],"wp:attachment":[{"href":"http:\/\/www.tessiot-demenagement.com\/lareunion\/wp-json\/wp\/v2\/media?parent=1742"}],"curies":[{"name":"wp","href":"https:\/\/api.w.org\/{rel}","templated":true}]}}