{"id":15,"date":"2014-01-01T15:45:24","date_gmt":"2014-01-01T15:45:24","guid":{"rendered":"http:\/\/www.tessiot-demenagement.com\/lareunion\/?page_id=15"},"modified":"2020-10-28T13:57:45","modified_gmt":"2020-10-28T13:57:45","slug":"reglementation-douaniere","status":"publish","type":"page","link":"http:\/\/www.tessiot-demenagement.com\/lareunion\/reglementation-douaniere\/","title":{"rendered":"R\u00e9glementation douani\u00e8re"},"content":{"rendered":"\t\t<div data-elementor-type=\"wp-page\" data-elementor-id=\"15\" class=\"elementor elementor-15\" data-elementor-settings=\"[]\">\n\t\t\t\t\t\t<div class=\"elementor-inner\">\n\t\t\t\t\t\t\t<div class=\"elementor-section-wrap\">\n\t\t\t\t\t\t\t<section class=\"elementor-section elementor-top-section elementor-element elementor-element-8982447 elementor-section-boxed elementor-section-height-default elementor-section-height-default\" data-id=\"8982447\" data-element_type=\"section\">\n\t\t\t\t\t\t<div class=\"elementor-container elementor-column-gap-default\">\n\t\t\t\t\t\t\t<div class=\"elementor-row\">\n\t\t\t\t\t<div class=\"elementor-column elementor-col-100 elementor-top-column elementor-element elementor-element-de57d1a\" data-id=\"de57d1a\" data-element_type=\"column\">\n\t\t\t<div class=\"elementor-column-wrap elementor-element-populated\">\n\t\t\t\t\t\t\t<div class=\"elementor-widget-wrap\">\n\t\t\t\t\t\t<div class=\"elementor-element elementor-element-e02b7d6 elementor-widget elementor-widget-heading\" data-id=\"e02b7d6\" data-element_type=\"widget\" data-widget_type=\"heading.default\">\n\t\t\t\t<div class=\"elementor-widget-container\">\n\t\t\t<h1 class=\"elementor-heading-title elementor-size-xl\">R\u00e9glementation douani\u00e8re<\/h1>\t\t<\/div>\n\t\t\t\t<\/div>\n\t\t\t\t\t\t<\/div>\n\t\t\t\t\t<\/div>\n\t\t<\/div>\n\t\t\t\t\t\t\t\t<\/div>\n\t\t\t\t\t<\/div>\n\t\t<\/section>\n\t\t\t\t<section class=\"elementor-section elementor-top-section elementor-element elementor-element-a622313 elementor-section-boxed elementor-section-height-default elementor-section-height-default\" data-id=\"a622313\" data-element_type=\"section\">\n\t\t\t\t\t\t<div class=\"elementor-container elementor-column-gap-default\">\n\t\t\t\t\t\t\t<div class=\"elementor-row\">\n\t\t\t\t\t<div class=\"elementor-column elementor-col-100 elementor-top-column elementor-element elementor-element-6e84345\" data-id=\"6e84345\" data-element_type=\"column\">\n\t\t\t<div class=\"elementor-column-wrap elementor-element-populated\">\n\t\t\t\t\t\t\t<div class=\"elementor-widget-wrap\">\n\t\t\t\t\t\t<div class=\"elementor-element elementor-element-d0def43 elementor-widget elementor-widget-spacer\" data-id=\"d0def43\" data-element_type=\"widget\" data-widget_type=\"spacer.default\">\n\t\t\t\t<div class=\"elementor-widget-container\">\n\t\t\t\t\t<div class=\"elementor-spacer\">\n\t\t\t<div class=\"elementor-spacer-inner\"><\/div>\n\t\t<\/div>\n\t\t\t\t<\/div>\n\t\t\t\t<\/div>\n\t\t\t\t\t\t<\/div>\n\t\t\t\t\t<\/div>\n\t\t<\/div>\n\t\t\t\t\t\t\t\t<\/div>\n\t\t\t\t\t<\/div>\n\t\t<\/section>\n\t\t\t\t<section class=\"elementor-section elementor-top-section elementor-element elementor-element-4e3ed1e elementor-section-boxed elementor-section-height-default elementor-section-height-default\" data-id=\"4e3ed1e\" data-element_type=\"section\">\n\t\t\t\t\t\t<div class=\"elementor-container elementor-column-gap-default\">\n\t\t\t\t\t\t\t<div class=\"elementor-row\">\n\t\t\t\t\t<div class=\"elementor-column elementor-col-66 elementor-top-column elementor-element elementor-element-698807e\" data-id=\"698807e\" data-element_type=\"column\">\n\t\t\t<div class=\"elementor-column-wrap elementor-element-populated\">\n\t\t\t\t\t\t\t<div class=\"elementor-widget-wrap\">\n\t\t\t\t\t\t<div class=\"elementor-element elementor-element-78625b5 elementor-widget elementor-widget-text-editor\" data-id=\"78625b5\" data-element_type=\"widget\" data-widget_type=\"text-editor.default\">\n\t\t\t\t<div class=\"elementor-widget-container\">\n\t\t\t\t\t<div class=\"elementor-text-editor elementor-clearfix\"><p>L\u2019importation des effets personnels et v\u00e9hicules usag\u00e9s est soumise \u00e0 une r\u00e9glementation douani\u00e8re.\u00a0De plus elle\u00a0est admise en <strong>franchise de taxes<\/strong> de douanes dans le cadre d\u2019un changement de r\u00e9sidence ou d&#8217;une mutation. Et pour en justifier, les services douaniers demandent de leurs produire plusieurs documents :<\/p><ul><li><strong>D&#8217;abord pour un changement de r\u00e9sidence :<\/strong> une attestation de changement de r\u00e9sidence \u00e0 demander \u00e0 la mairie de votre domicile<\/li><li><strong>Ensuite pour une mutation :<\/strong> la copie de l\u2019avis de mutation<\/li><\/ul><p>Aussi dans les deux cas :<\/p><ul><li>Justificatif de domicile de moins d&#8217;un an\u00a0(facture \u00e9lectricit\u00e9, quittance de loyer, etc\u2026)<\/li><li>Ensuite une copie d\u2019une pi\u00e8ce d\u2019identit\u00e9<\/li><li>Inventaire chiffr\u00e9<\/li><li>Plus une demande d\u2019admission en franchise (document fourni par nos soins)<\/li><li>Enfin une procuration en douane (document que l&#8217;on vous donne \u00e9galement)<\/li><\/ul><p>Avec un ou plusieurs v\u00e9hicules :<\/p><ul><li>La carte grise originale<\/li><li>Plus le certificat de non gage (si le v\u00e9hicule est gag\u00e9 il ne pourra pas quitter le territoire)<\/li><li>Enfin pour les v\u00e9hicules achet\u00e9s en leasing et dont la carte grise est au nom de l\u2019organisme de financement, il faut OBLIGATOIREMENT\u00a0 une autorisation d\u2019exportation de celui-ci.<\/li><\/ul><\/div>\n\t\t\t\t<\/div>\n\t\t\t\t<\/div>\n\t\t\t\t\t\t<\/div>\n\t\t\t\t\t<\/div>\n\t\t<\/div>\n\t\t\t\t<div class=\"elementor-column elementor-col-33 elementor-top-column elementor-element elementor-element-bf47d53\" data-id=\"bf47d53\" data-element_type=\"column\">\n\t\t\t<div class=\"elementor-column-wrap elementor-element-populated\">\n\t\t\t\t\t\t\t<div class=\"elementor-widget-wrap\">\n\t\t\t\t\t\t<div class=\"elementor-element elementor-element-4b2abaa elementor-widget elementor-widget-image\" data-id=\"4b2abaa\" data-element_type=\"widget\" data-widget_type=\"image.default\">\n\t\t\t\t<div class=\"elementor-widget-container\">\n\t\t\t\t\t<div class=\"elementor-image\">\n\t\t\t\t\t\t\t\t\t\t<img width=\"1270\" height=\"1280\" src=\"http:\/\/www.tessiot-demenagement.com\/lareunion\/wp-content\/uploads\/2020\/09\/passport-315266_1280.jpg\" class=\"attachment-1536x1536 size-1536x1536\" alt=\"r\u00e9glementation douani\u00e8re pour l&#039;importation\" loading=\"lazy\" srcset=\"http:\/\/www.tessiot-demenagement.com\/lareunion\/wp-content\/uploads\/2020\/09\/passport-315266_1280.jpg 1270w, http:\/\/www.tessiot-demenagement.com\/lareunion\/wp-content\/uploads\/2020\/09\/passport-315266_1280-298x300.jpg 298w, http:\/\/www.tessiot-demenagement.com\/lareunion\/wp-content\/uploads\/2020\/09\/passport-315266_1280-1016x1024.jpg 1016w, http:\/\/www.tessiot-demenagement.com\/lareunion\/wp-content\/uploads\/2020\/09\/passport-315266_1280-150x150.jpg 150w, http:\/\/www.tessiot-demenagement.com\/lareunion\/wp-content\/uploads\/2020\/09\/passport-315266_1280-768x774.jpg 768w\" sizes=\"(max-width: 1270px) 100vw, 1270px\" \/>\t\t\t\t\t\t\t\t\t\t\t<\/div>\n\t\t\t\t<\/div>\n\t\t\t\t<\/div>\n\t\t\t\t\t\t<\/div>\n\t\t\t\t\t<\/div>\n\t\t<\/div>\n\t\t\t\t\t\t\t\t<\/div>\n\t\t\t\t\t<\/div>\n\t\t<\/section>\n\t\t\t\t<section class=\"elementor-section elementor-top-section elementor-element elementor-element-48408e2 elementor-section-boxed elementor-section-height-default elementor-section-height-default\" data-id=\"48408e2\" data-element_type=\"section\">\n\t\t\t\t\t\t<div class=\"elementor-container elementor-column-gap-default\">\n\t\t\t\t\t\t\t<div class=\"elementor-row\">\n\t\t\t\t\t<div class=\"elementor-column elementor-col-100 elementor-top-column elementor-element elementor-element-ab627c2\" data-id=\"ab627c2\" data-element_type=\"column\">\n\t\t\t<div class=\"elementor-column-wrap elementor-element-populated\">\n\t\t\t\t\t\t\t<div class=\"elementor-widget-wrap\">\n\t\t\t\t\t\t<div class=\"elementor-element elementor-element-840fbec elementor-widget elementor-widget-heading\" data-id=\"840fbec\" data-element_type=\"widget\" data-widget_type=\"heading.default\">\n\t\t\t\t<div class=\"elementor-widget-container\">\n\t\t\t<h2 class=\"elementor-heading-title elementor-size-large\">R\u00e9glementation douani\u00e8re et avis d'imposition.<\/h2>\t\t<\/div>\n\t\t\t\t<\/div>\n\t\t\t\t\t\t<\/div>\n\t\t\t\t\t<\/div>\n\t\t<\/div>\n\t\t\t\t\t\t\t\t<\/div>\n\t\t\t\t\t<\/div>\n\t\t<\/section>\n\t\t\t\t<section class=\"elementor-section elementor-top-section elementor-element elementor-element-bf8ec72 elementor-section-boxed elementor-section-height-default elementor-section-height-default\" data-id=\"bf8ec72\" data-element_type=\"section\">\n\t\t\t\t\t\t<div class=\"elementor-container elementor-column-gap-default\">\n\t\t\t\t\t\t\t<div class=\"elementor-row\">\n\t\t\t\t\t<div class=\"elementor-column elementor-col-100 elementor-top-column elementor-element elementor-element-c69813f\" data-id=\"c69813f\" data-element_type=\"column\">\n\t\t\t<div class=\"elementor-column-wrap elementor-element-populated\">\n\t\t\t\t\t\t\t<div class=\"elementor-widget-wrap\">\n\t\t\t\t\t\t<div class=\"elementor-element elementor-element-850b17f elementor-widget elementor-widget-text-editor\" data-id=\"850b17f\" data-element_type=\"widget\" data-widget_type=\"text-editor.default\">\n\t\t\t\t<div class=\"elementor-widget-container\">\n\t\t\t\t\t<div class=\"elementor-text-editor elementor-clearfix\"><p>Par ailleurs il est pr\u00e9f\u00e9rable de garder avec soit le dernier <strong>avis d\u2019imposition,<\/strong> car les services douaniers peuvent vous demander de leur fournir une copie.<\/p><\/div>\n\t\t\t\t<\/div>\n\t\t\t\t<\/div>\n\t\t\t\t\t\t<\/div>\n\t\t\t\t\t<\/div>\n\t\t<\/div>\n\t\t\t\t\t\t\t\t<\/div>\n\t\t\t\t\t<\/div>\n\t\t<\/section>\n\t\t\t\t<section class=\"elementor-section elementor-top-section elementor-element elementor-element-bc8e241 elementor-section-boxed elementor-section-height-default elementor-section-height-default\" data-id=\"bc8e241\" data-element_type=\"section\">\n\t\t\t\t\t\t<div class=\"elementor-container elementor-column-gap-default\">\n\t\t\t\t\t\t\t<div class=\"elementor-row\">\n\t\t\t\t\t<div class=\"elementor-column elementor-col-100 elementor-top-column elementor-element elementor-element-f38d0c6\" data-id=\"f38d0c6\" data-element_type=\"column\">\n\t\t\t<div class=\"elementor-column-wrap elementor-element-populated\">\n\t\t\t\t\t\t\t<div class=\"elementor-widget-wrap\">\n\t\t\t\t\t\t<div class=\"elementor-element elementor-element-42e2761 elementor-widget elementor-widget-heading\" data-id=\"42e2761\" data-element_type=\"widget\" data-widget_type=\"heading.default\">\n\t\t\t\t<div class=\"elementor-widget-container\">\n\t\t\t<h3 class=\"elementor-heading-title elementor-size-large\">A savoir pour votre d\u00e9m\u00e9nagement.<\/h3>\t\t<\/div>\n\t\t\t\t<\/div>\n\t\t\t\t\t\t<\/div>\n\t\t\t\t\t<\/div>\n\t\t<\/div>\n\t\t\t\t\t\t\t\t<\/div>\n\t\t\t\t\t<\/div>\n\t\t<\/section>\n\t\t\t\t<section class=\"elementor-section elementor-top-section elementor-element elementor-element-672521a elementor-section-boxed elementor-section-height-default elementor-section-height-default\" data-id=\"672521a\" data-element_type=\"section\">\n\t\t\t\t\t\t<div class=\"elementor-container elementor-column-gap-default\">\n\t\t\t\t\t\t\t<div class=\"elementor-row\">\n\t\t\t\t\t<div class=\"elementor-column elementor-col-100 elementor-top-column elementor-element elementor-element-6fe8889\" data-id=\"6fe8889\" data-element_type=\"column\">\n\t\t\t<div class=\"elementor-column-wrap elementor-element-populated\">\n\t\t\t\t\t\t\t<div class=\"elementor-widget-wrap\">\n\t\t\t\t\t\t<div class=\"elementor-element elementor-element-ceb7238 elementor-widget elementor-widget-text-editor\" data-id=\"ceb7238\" data-element_type=\"widget\" data-widget_type=\"text-editor.default\">\n\t\t\t\t<div class=\"elementor-widget-container\">\n\t\t\t\t\t<div class=\"elementor-text-editor elementor-clearfix\"><p>Qui plus est, il est interdit d\u2019importer des <strong>esp\u00e8ces v\u00e9g\u00e9tales et animales<\/strong> sans un contr\u00f4le phytosanitaire.<\/p><p>En outre il est possible d&#8217;envoyer de l\u2019<strong>alcool<\/strong> en quantit\u00e9 limit\u00e9e appel\u00e9e \u00ab fond de cave \u00bb, environs 50 bouteilles. Au-del\u00e0, l\u2019alcool sera tax\u00e9 par la douane.<\/p><p>Enfin les <strong>armes \u00e0 feu<\/strong> sont soumises \u00e0 la m\u00eame r\u00e9glementation et au m\u00eame\u00a0contr\u00f4le qu&#8217;en M\u00e9tropole.<\/p><p>Dans tous les cas, pour <a href=\"http:\/\/www.tessiot-demenagement.com\/lareunion\/preparer-son-demenagement\/\">votre d\u00e9m\u00e9nagement<\/a>, pour une <a href=\"http:\/\/www.tessiot-demenagement.com\/lareunion\/demenagement-pour-mutation-professionnelle\/\">mutation professionnelle<\/a>, Tessiot est le d\u00e9m\u00e9nageur professionnel de confiance. Pour ce qui est de trouver votre <a href=\"http:\/\/www.tessiot-demenagement.com\/lareunion\/conteneur-personnalise-la-reunion\/\">conteneur personnalis\u00e9<\/a> ou de <a href=\"http:\/\/www.tessiot-demenagement.com\/lareunion\/conteneur-de-groupage\/\">groupage<\/a>. Ou pour transporter <a href=\"http:\/\/www.tessiot-demenagement.com\/lareunion\/demenager-reunion\/transporter-votre-voiture-de-et-vers-la-reunion\/\">votre voiture<\/a> ou <a href=\"http:\/\/www.tessiot-demenagement.com\/lareunion\/transporter-votre-moto\/\">votre deux roues<\/a>, nous avons la solution ad\u00e9quate. Alors demandez <strong>sans engagement<\/strong>\u00a0d\u00e8s maintenant votre <strong>devis gratuit<\/strong>.<\/p><\/div>\n\t\t\t\t<\/div>\n\t\t\t\t<\/div>\n\t\t\t\t<div class=\"elementor-element elementor-element-b8cc4c5 elementor-align-center elementor-widget elementor-widget-button\" data-id=\"b8cc4c5\" data-element_type=\"widget\" data-widget_type=\"button.default\">\n\t\t\t\t<div class=\"elementor-widget-container\">\n\t\t\t\t\t<div class=\"elementor-button-wrapper\">\n\t\t\t<a href=\"http:\/\/www.tessiot-demenagement.com\/lareunion\/devis-demenagement-reunion\/\" class=\"elementor-button-link elementor-button elementor-size-md\" role=\"button\">\n\t\t\t\t\t\t<span class=\"elementor-button-content-wrapper\">\n\t\t\t\t\t\t<span class=\"elementor-button-text\">Demandez votre devis<\/span>\n\t\t<\/span>\n\t\t\t\t\t<\/a>\n\t\t<\/div>\n\t\t\t\t<\/div>\n\t\t\t\t<\/div>\n\t\t\t\t\t\t<\/div>\n\t\t\t\t\t<\/div>\n\t\t<\/div>\n\t\t\t\t\t\t\t\t<\/div>\n\t\t\t\t\t<\/div>\n\t\t<\/section>\n\t\t\t\t\t\t<\/div>\n\t\t\t\t\t\t<\/div>\n\t\t\t\t\t<\/div>\n\t\t","protected":false},"excerpt":{"rendered":"<p>R\u00e9glementation douani\u00e8re L\u2019importation des effets personnels et v\u00e9hicules usag\u00e9s est soumise \u00e0 une r\u00e9glementation douani\u00e8re.\u00a0De plus elle\u00a0est admise en franchise<\/p>\n","protected":false},"author":1,"featured_media":0,"parent":0,"menu_order":0,"comment_status":"open","ping_status":"open","template":"","meta":{"spay_email":""},"yoast_head":"<!-- This site is optimized with the Yoast SEO plugin v15.8 - https:\/\/yoast.com\/wordpress\/plugins\/seo\/ -->\n<title>R\u00e9glementation douani\u00e8re - D\u00e9m\u00e9nagement A Tessiot<\/title>\n<meta name=\"description\" content=\"R\u00e9glementation douani\u00e8re L\u2019importation des effets personnels et v\u00e9hicules usag\u00e9s est soumise \u00e0 une r\u00e9glementation douani\u00e8re.\u00a0De plus elle\u00a0est admise en Quelle est la r\u00e9glementation douani\u00e8re pour d\u00e9m\u00e9nager \u00e0 La R\u00e9union ? Tessiot D\u00e9m\u00e9nagements vous conseille.\" \/>\n<meta name=\"robots\" content=\"index, follow, max-snippet:-1, max-image-preview:large, max-video-preview:-1\" \/>\n<link rel=\"canonical\" href=\"http:\/\/www.tessiot-demenagement.com\/lareunion\/reglementation-douaniere\/\" \/>\n<meta property=\"og:locale\" content=\"fr_FR\" \/>\n<meta property=\"og:type\" content=\"article\" \/>\n<meta property=\"og:title\" content=\"R\u00e9glementation douani\u00e8re - D\u00e9m\u00e9nagement A Tessiot\" \/>\n<meta property=\"og:description\" content=\"R\u00e9glementation douani\u00e8re L\u2019importation des effets personnels et v\u00e9hicules usag\u00e9s est soumise \u00e0 une r\u00e9glementation douani\u00e8re.\u00a0De plus elle\u00a0est admise en Quelle est la r\u00e9glementation douani\u00e8re pour d\u00e9m\u00e9nager \u00e0 La R\u00e9union ? Tessiot D\u00e9m\u00e9nagements vous conseille.\" \/>\n<meta property=\"og:url\" content=\"http:\/\/www.tessiot-demenagement.com\/lareunion\/reglementation-douaniere\/\" \/>\n<meta property=\"og:site_name\" content=\"D\u00e9m\u00e9nagement A Tessiot\" \/>\n<meta property=\"article:modified_time\" content=\"2020-10-28T13:57:45+00:00\" \/>\n<meta property=\"og:image\" content=\"http:\/\/www.tessiot-demenagement.com\/lareunion\/wp-content\/uploads\/2020\/09\/passport-315266_1280.jpg\" \/>\n<meta name=\"twitter:label1\" content=\"Dur\u00e9e de lecture est.\">\n\t<meta name=\"twitter:data1\" content=\"2 minutes\">\n<script type=\"application\/ld+json\" class=\"yoast-schema-graph\">{\"@context\":\"https:\/\/schema.org\",\"@graph\":[{\"@type\":\"WebSite\",\"@id\":\"http:\/\/www.tessiot-demenagement.com\/lareunion\/#website\",\"url\":\"http:\/\/www.tessiot-demenagement.com\/lareunion\/\",\"name\":\"D\\u00e9m\\u00e9nagement A Tessiot\",\"description\":\"votre demenageur specialiste des transferts administratifs et industriels\",\"potentialAction\":[{\"@type\":\"SearchAction\",\"target\":\"http:\/\/www.tessiot-demenagement.com\/lareunion\/?s={search_term_string}\",\"query-input\":\"required name=search_term_string\"}],\"inLanguage\":\"fr-FR\"},{\"@type\":\"ImageObject\",\"@id\":\"http:\/\/www.tessiot-demenagement.com\/lareunion\/reglementation-douaniere\/#primaryimage\",\"inLanguage\":\"fr-FR\",\"url\":\"http:\/\/www.tessiot-demenagement.com\/lareunion\/wp-content\/uploads\/2020\/09\/passport-315266_1280.jpg\",\"width\":1270,\"height\":1280,\"caption\":\"r\\u00e9glementation douani\\u00e8re pour l'importation\"},{\"@type\":\"WebPage\",\"@id\":\"http:\/\/www.tessiot-demenagement.com\/lareunion\/reglementation-douaniere\/#webpage\",\"url\":\"http:\/\/www.tessiot-demenagement.com\/lareunion\/reglementation-douaniere\/\",\"name\":\"R\\u00e9glementation douani\\u00e8re - D\\u00e9m\\u00e9nagement A Tessiot\",\"isPartOf\":{\"@id\":\"http:\/\/www.tessiot-demenagement.com\/lareunion\/#website\"},\"primaryImageOfPage\":{\"@id\":\"http:\/\/www.tessiot-demenagement.com\/lareunion\/reglementation-douaniere\/#primaryimage\"},\"datePublished\":\"2014-01-01T15:45:24+00:00\",\"dateModified\":\"2020-10-28T13:57:45+00:00\",\"description\":\"R\\u00e9glementation douani\\u00e8re L\\u2019importation des effets personnels et v\\u00e9hicules usag\\u00e9s est soumise \\u00e0 une r\\u00e9glementation douani\\u00e8re.\\u00a0De plus elle\\u00a0est admise en Quelle est la r\\u00e9glementation douani\\u00e8re pour d\\u00e9m\\u00e9nager \\u00e0 La R\\u00e9union ? Tessiot D\\u00e9m\\u00e9nagements vous conseille.\",\"breadcrumb\":{\"@id\":\"http:\/\/www.tessiot-demenagement.com\/lareunion\/reglementation-douaniere\/#breadcrumb\"},\"inLanguage\":\"fr-FR\",\"potentialAction\":[{\"@type\":\"ReadAction\",\"target\":[\"http:\/\/www.tessiot-demenagement.com\/lareunion\/reglementation-douaniere\/\"]}]},{\"@type\":\"BreadcrumbList\",\"@id\":\"http:\/\/www.tessiot-demenagement.com\/lareunion\/reglementation-douaniere\/#breadcrumb\",\"itemListElement\":[{\"@type\":\"ListItem\",\"position\":1,\"item\":{\"@type\":\"WebPage\",\"@id\":\"http:\/\/www.tessiot-demenagement.com\/lareunion\/reglementation-douaniere\/\",\"url\":\"http:\/\/www.tessiot-demenagement.com\/lareunion\/reglementation-douaniere\/\",\"name\":\"R\\u00e9glementation douani\\u00e8re\"}}]}]}<\/script>\n<!-- \/ Yoast SEO plugin. -->","jetpack_sharing_enabled":true,"jetpack_shortlink":"https:\/\/wp.me\/P5eCLF-f","_links":{"self":[{"href":"http:\/\/www.tessiot-demenagement.com\/lareunion\/wp-json\/wp\/v2\/pages\/15"}],"collection":[{"href":"http:\/\/www.tessiot-demenagement.com\/lareunion\/wp-json\/wp\/v2\/pages"}],"about":[{"href":"http:\/\/www.tessiot-demenagement.com\/lareunion\/wp-json\/wp\/v2\/types\/page"}],"author":[{"embeddable":true,"href":"http:\/\/www.tessiot-demenagement.com\/lareunion\/wp-json\/wp\/v2\/users\/1"}],"replies":[{"embeddable":true,"href":"http:\/\/www.tessiot-demenagement.com\/lareunion\/wp-json\/wp\/v2\/comments?post=15"}],"version-history":[{"count":42,"href":"http:\/\/www.tessiot-demenagement.com\/lareunion\/wp-json\/wp\/v2\/pages\/15\/revisions"}],"predecessor-version":[{"id":2404,"href":"http:\/\/www.tessiot-demenagement.com\/lareunion\/wp-json\/wp\/v2\/pages\/15\/revisions\/2404"}],"wp:attachment":[{"href":"http:\/\/www.tessiot-demenagement.com\/lareunion\/wp-json\/wp\/v2\/media?parent=15"}],"curies":[{"name":"wp","href":"https:\/\/api.w.org\/{rel}","templated":true}]}}