{"id":147,"date":"2014-10-21T16:22:05","date_gmt":"2014-10-21T16:22:05","guid":{"rendered":"http:\/\/www.tessiot-demenagement.com\/lareunion\/?page_id=147"},"modified":"2022-02-25T14:31:18","modified_gmt":"2022-02-25T14:31:18","slug":"demenager-a-la-reunion","status":"publish","type":"page","link":"http:\/\/www.tessiot-demenagement.com\/lareunion\/demenager-a-la-reunion\/","title":{"rendered":"D\u00e9m\u00e9nager \u00e0 La R\u00e9union"},"content":{"rendered":"\t\t<div data-elementor-type=\"wp-page\" data-elementor-id=\"147\" class=\"elementor elementor-147\" data-elementor-settings=\"[]\">\n\t\t\t\t\t\t<div class=\"elementor-inner\">\n\t\t\t\t\t\t\t<div class=\"elementor-section-wrap\">\n\t\t\t\t\t\t\t<section class=\"elementor-section elementor-top-section elementor-element elementor-element-94af972 elementor-section-boxed elementor-section-height-default elementor-section-height-default\" data-id=\"94af972\" data-element_type=\"section\">\n\t\t\t\t\t\t<div class=\"elementor-container elementor-column-gap-default\">\n\t\t\t\t\t\t\t<div class=\"elementor-row\">\n\t\t\t\t\t<div class=\"elementor-column elementor-col-100 elementor-top-column elementor-element elementor-element-943ac5b\" data-id=\"943ac5b\" data-element_type=\"column\">\n\t\t\t<div class=\"elementor-column-wrap elementor-element-populated\">\n\t\t\t\t\t\t\t<div class=\"elementor-widget-wrap\">\n\t\t\t\t\t\t<div class=\"elementor-element elementor-element-d77067a elementor-widget elementor-widget-heading\" data-id=\"d77067a\" data-element_type=\"widget\" data-widget_type=\"heading.default\">\n\t\t\t\t<div class=\"elementor-widget-container\">\n\t\t\t<h1 class=\"elementor-heading-title elementor-size-xl\">D\u00e9m\u00e9nager \u00e0 La R\u00e9union.<\/h1>\t\t<\/div>\n\t\t\t\t<\/div>\n\t\t\t\t\t\t<\/div>\n\t\t\t\t\t<\/div>\n\t\t<\/div>\n\t\t\t\t\t\t\t\t<\/div>\n\t\t\t\t\t<\/div>\n\t\t<\/section>\n\t\t\t\t<section class=\"elementor-section elementor-top-section elementor-element elementor-element-7372486 elementor-section-boxed elementor-section-height-default elementor-section-height-default\" data-id=\"7372486\" data-element_type=\"section\">\n\t\t\t\t\t\t<div class=\"elementor-container elementor-column-gap-default\">\n\t\t\t\t\t\t\t<div class=\"elementor-row\">\n\t\t\t\t\t<div class=\"elementor-column elementor-col-100 elementor-top-column elementor-element elementor-element-da55bef\" data-id=\"da55bef\" data-element_type=\"column\">\n\t\t\t<div class=\"elementor-column-wrap elementor-element-populated\">\n\t\t\t\t\t\t\t<div class=\"elementor-widget-wrap\">\n\t\t\t\t\t\t<div class=\"elementor-element elementor-element-0a7c534 elementor-widget elementor-widget-spacer\" data-id=\"0a7c534\" data-element_type=\"widget\" data-widget_type=\"spacer.default\">\n\t\t\t\t<div class=\"elementor-widget-container\">\n\t\t\t\t\t<div class=\"elementor-spacer\">\n\t\t\t<div class=\"elementor-spacer-inner\"><\/div>\n\t\t<\/div>\n\t\t\t\t<\/div>\n\t\t\t\t<\/div>\n\t\t\t\t\t\t<\/div>\n\t\t\t\t\t<\/div>\n\t\t<\/div>\n\t\t\t\t\t\t\t\t<\/div>\n\t\t\t\t\t<\/div>\n\t\t<\/section>\n\t\t\t\t<section class=\"elementor-section elementor-top-section elementor-element elementor-element-9239168 elementor-section-boxed elementor-section-height-default elementor-section-height-default\" data-id=\"9239168\" data-element_type=\"section\">\n\t\t\t\t\t\t<div class=\"elementor-container elementor-column-gap-default\">\n\t\t\t\t\t\t\t<div class=\"elementor-row\">\n\t\t\t\t\t<div class=\"elementor-column elementor-col-66 elementor-top-column elementor-element elementor-element-aa61f86\" data-id=\"aa61f86\" data-element_type=\"column\">\n\t\t\t<div class=\"elementor-column-wrap elementor-element-populated\">\n\t\t\t\t\t\t\t<div class=\"elementor-widget-wrap\">\n\t\t\t\t\t\t<div class=\"elementor-element elementor-element-4b88877 elementor-widget elementor-widget-text-editor\" data-id=\"4b88877\" data-element_type=\"widget\" data-widget_type=\"text-editor.default\">\n\t\t\t\t<div class=\"elementor-widget-container\">\n\t\t\t\t\t<div class=\"elementor-text-editor elementor-clearfix\"><p>Vous devez d\u00e9m\u00e9nager \u00e0 La R\u00e9union\u00a0? Vous habitez d\u00e9j\u00e0 sur l\u2019\u00eele et vous changez d\u2019adresse\u00a0? Et vous pouvez \u00eatre tent\u00e9 de faire vous-m\u00eame votre d\u00e9m\u00e9nagement. N\u00e9anmoins plusieurs imp\u00e9ratifs sont \u00e0 prendre en compte pour r\u00e9ussir votre changement d\u2019adresse. Premi\u00e8rement il vous faut<strong> trouver un camion et des bras pour vous aider<\/strong>. Ensuite avez-vous les emballages pour <strong>prot\u00e9ger vos effets personnels<\/strong>\u00a0? Des cartons pour votre vaisselle\u00a0? Des penderies pour vos v\u00eatements\u00a0? Pour les acc\u00e8s, avez-vous pens\u00e9 \u00e0 demander les <strong>autorisations de stationnement<\/strong>\u00a0? Ces autorisations sont payantes et \u00e0 demander au moins 10 jours \u00e0 l\u2019avance. Et pour les objets encombrants ou si vous \u00eates en appartement, avez-vous besoin de <a href=\"https:\/\/www.tessiot-demenagement.com\/fr\/un-monte-meuble-pour-demenager\/\">louer un monte-meuble<\/a>\u00a0? En effet, le monte-meuble \u00e9vite le portage et permet donc de gagner du temps. Et moins de portage signifie moins de d\u00e9m\u00e9nageurs. Donc un gain d\u2019argent pour vous. Enfin, avez-vous assur\u00e9 vos biens contre la casse\u00a0?<\/p><p>Donc vous l\u2019avez compris, un d\u00e9m\u00e9nagement doit s\u2019anticiper, se pr\u00e9parer. Et au final, avec tous les frais qui s\u2019accumulent, faire appel \u00e0 un professionnel peut \u00eatre le bon compromis entre <strong>s\u00e9r\u00e9nit\u00e9 et efficacit\u00e9<\/strong>.<\/p><\/div>\n\t\t\t\t<\/div>\n\t\t\t\t<\/div>\n\t\t\t\t\t\t<\/div>\n\t\t\t\t\t<\/div>\n\t\t<\/div>\n\t\t\t\t<div class=\"elementor-column elementor-col-33 elementor-top-column elementor-element elementor-element-583916c\" data-id=\"583916c\" data-element_type=\"column\">\n\t\t\t<div class=\"elementor-column-wrap elementor-element-populated\">\n\t\t\t\t\t\t\t<div class=\"elementor-widget-wrap\">\n\t\t\t\t\t\t<div class=\"elementor-element elementor-element-6a66664 elementor-widget elementor-widget-image\" data-id=\"6a66664\" data-element_type=\"widget\" data-widget_type=\"image.default\">\n\t\t\t\t<div class=\"elementor-widget-container\">\n\t\t\t\t\t<div class=\"elementor-image\">\n\t\t\t\t\t\t\t<figure class=\"wp-caption\">\n\t\t\t\t\t\t\t\t\t\t<img width=\"800\" height=\"600\" src=\"http:\/\/www.tessiot-demenagement.com\/lareunion\/wp-content\/uploads\/2014\/01\/3.jpg\" class=\"attachment-large size-large\" alt=\"vivre sur l&#039;\u00eele de la R\u00e9union\" loading=\"lazy\" srcset=\"http:\/\/www.tessiot-demenagement.com\/lareunion\/wp-content\/uploads\/2014\/01\/3.jpg 1024w, http:\/\/www.tessiot-demenagement.com\/lareunion\/wp-content\/uploads\/2014\/01\/3-300x225.jpg 300w, http:\/\/www.tessiot-demenagement.com\/lareunion\/wp-content\/uploads\/2014\/01\/3-768x576.jpg 768w\" sizes=\"(max-width: 800px) 100vw, 800px\" \/>\t\t\t\t\t\t\t\t\t\t\t<figcaption class=\"widget-image-caption wp-caption-text\">Ancien H\u00f4tel de Ville de Saint-Denis<\/figcaption>\n\t\t\t\t\t\t\t\t\t\t<\/figure>\n\t\t\t\t\t<\/div>\n\t\t\t\t<\/div>\n\t\t\t\t<\/div>\n\t\t\t\t\t\t<\/div>\n\t\t\t\t\t<\/div>\n\t\t<\/div>\n\t\t\t\t\t\t\t\t<\/div>\n\t\t\t\t\t<\/div>\n\t\t<\/section>\n\t\t\t\t<section class=\"elementor-section elementor-top-section elementor-element elementor-element-6872c7e elementor-section-boxed elementor-section-height-default elementor-section-height-default\" data-id=\"6872c7e\" data-element_type=\"section\">\n\t\t\t\t\t\t<div class=\"elementor-container elementor-column-gap-default\">\n\t\t\t\t\t\t\t<div class=\"elementor-row\">\n\t\t\t\t\t<div class=\"elementor-column elementor-col-100 elementor-top-column elementor-element elementor-element-f581576\" data-id=\"f581576\" data-element_type=\"column\">\n\t\t\t<div class=\"elementor-column-wrap elementor-element-populated\">\n\t\t\t\t\t\t\t<div class=\"elementor-widget-wrap\">\n\t\t\t\t\t\t<div class=\"elementor-element elementor-element-5dc1b98 elementor-widget elementor-widget-heading\" data-id=\"5dc1b98\" data-element_type=\"widget\" data-widget_type=\"heading.default\">\n\t\t\t\t<div class=\"elementor-widget-container\">\n\t\t\t<h2 class=\"elementor-heading-title elementor-size-large\">5 \u00e9tapes pour bien d\u00e9m\u00e9nager.<\/h2>\t\t<\/div>\n\t\t\t\t<\/div>\n\t\t\t\t\t\t<\/div>\n\t\t\t\t\t<\/div>\n\t\t<\/div>\n\t\t\t\t\t\t\t\t<\/div>\n\t\t\t\t\t<\/div>\n\t\t<\/section>\n\t\t\t\t<section class=\"elementor-section elementor-top-section elementor-element elementor-element-9090e47 elementor-section-boxed elementor-section-height-default elementor-section-height-default\" data-id=\"9090e47\" data-element_type=\"section\">\n\t\t\t\t\t\t<div class=\"elementor-container elementor-column-gap-default\">\n\t\t\t\t\t\t\t<div class=\"elementor-row\">\n\t\t\t\t\t<div class=\"elementor-column elementor-col-100 elementor-top-column elementor-element elementor-element-2cbdc1c\" data-id=\"2cbdc1c\" data-element_type=\"column\">\n\t\t\t<div class=\"elementor-column-wrap elementor-element-populated\">\n\t\t\t\t\t\t\t<div class=\"elementor-widget-wrap\">\n\t\t\t\t\t\t<div class=\"elementor-element elementor-element-863b0c7 elementor-widget elementor-widget-text-editor\" data-id=\"863b0c7\" data-element_type=\"widget\" data-widget_type=\"text-editor.default\">\n\t\t\t\t<div class=\"elementor-widget-container\">\n\t\t\t\t\t<div class=\"elementor-text-editor elementor-clearfix\"><ul><li><p><strong>la prise de contact\u00a0: <\/strong>Tessiot D\u00e9m\u00e9nagements est install\u00e9 depuis 1995 \u00e0 St-Pierre. L\u2019\u00e9quipe locale sp\u00e9cialis\u00e9e vous accueille et vous conseille.<\/p><\/li><li><p><strong>L\u2019\u00e9valuation de vos besoins\u00a0:<\/strong> C\u2019est une \u00e9tape cruciale, destin\u00e9e \u00e0 \u00e9valuer votre volume \u00e0 transf\u00e9rer et pour v\u00e9rifier les points d\u2019acc\u00e8s \u00e0 votre logement. Nos 2 conseillers, Jean-Michel Decomble ou Jean Marc Koszareck, viennent si-possible gratuitement \u00e0 votre domicile pour faire avec vous cette n\u00e9cessaire estimation. Pour vous donner le prix le plus juste pour votre d\u00e9m\u00e9nagement, cette visite et l\u2019estimation visuelle de votre volume est un gage de s\u00e9rieux et de qualit\u00e9.<\/p><\/li><li><p><strong>l\u2019\u00e9laboration et l\u2019envoi de votre devis gratuit\u00a0: <\/strong>C\u2019est un autre service de Tessiot D\u00e9m\u00e9nagements. Et c\u2019est sans engagement de votre part.<\/p><\/li><li><p><strong>l\u2019organisation de votre d\u00e9m\u00e9nagement\u00a0: <\/strong>C\u2019est le r\u00f4le de notre chef d\u2019\u00e9quipe, qui a pr\u00e9alablement pris connaissance des sp\u00e9cificit\u00e9s de votre dossier aupr\u00e8s du conseiller que vous avez rencontr\u00e9.<\/p><\/li><li><p><strong>Le chargement puis la livraison \u00e0 votre nouvelle adresse.<\/strong><\/p><\/li><\/ul><\/div>\n\t\t\t\t<\/div>\n\t\t\t\t<\/div>\n\t\t\t\t\t\t<\/div>\n\t\t\t\t\t<\/div>\n\t\t<\/div>\n\t\t\t\t\t\t\t\t<\/div>\n\t\t\t\t\t<\/div>\n\t\t<\/section>\n\t\t\t\t<section class=\"elementor-section elementor-top-section elementor-element elementor-element-ae91f48 elementor-section-boxed elementor-section-height-default elementor-section-height-default\" data-id=\"ae91f48\" data-element_type=\"section\">\n\t\t\t\t\t\t<div class=\"elementor-container elementor-column-gap-default\">\n\t\t\t\t\t\t\t<div class=\"elementor-row\">\n\t\t\t\t\t<div class=\"elementor-column elementor-col-100 elementor-top-column elementor-element elementor-element-27c1bf0\" data-id=\"27c1bf0\" data-element_type=\"column\">\n\t\t\t<div class=\"elementor-column-wrap elementor-element-populated\">\n\t\t\t\t\t\t\t<div class=\"elementor-widget-wrap\">\n\t\t\t\t\t\t<div class=\"elementor-element elementor-element-441e059 elementor-widget elementor-widget-heading\" data-id=\"441e059\" data-element_type=\"widget\" data-widget_type=\"heading.default\">\n\t\t\t\t<div class=\"elementor-widget-container\">\n\t\t\t<h3 class=\"elementor-heading-title elementor-size-large\">Les \"plus\" des d\u00e9m\u00e9nageurs Tessiot.<\/h3>\t\t<\/div>\n\t\t\t\t<\/div>\n\t\t\t\t\t\t<\/div>\n\t\t\t\t\t<\/div>\n\t\t<\/div>\n\t\t\t\t\t\t\t\t<\/div>\n\t\t\t\t\t<\/div>\n\t\t<\/section>\n\t\t\t\t<section class=\"elementor-section elementor-top-section elementor-element elementor-element-e55ec70 elementor-section-boxed elementor-section-height-default elementor-section-height-default\" data-id=\"e55ec70\" data-element_type=\"section\">\n\t\t\t\t\t\t<div class=\"elementor-container elementor-column-gap-default\">\n\t\t\t\t\t\t\t<div class=\"elementor-row\">\n\t\t\t\t\t<div class=\"elementor-column elementor-col-66 elementor-top-column elementor-element elementor-element-6be90f9\" data-id=\"6be90f9\" data-element_type=\"column\">\n\t\t\t<div class=\"elementor-column-wrap elementor-element-populated\">\n\t\t\t\t\t\t\t<div class=\"elementor-widget-wrap\">\n\t\t\t\t\t\t<div class=\"elementor-element elementor-element-ccd5d1d elementor-widget elementor-widget-text-editor\" data-id=\"ccd5d1d\" data-element_type=\"widget\" data-widget_type=\"text-editor.default\">\n\t\t\t\t<div class=\"elementor-widget-container\">\n\t\t\t\t\t<div class=\"elementor-text-editor elementor-clearfix\"><p>En plus de tous ces services vous b\u00e9n\u00e9ficiez de l\u2019exp\u00e9rience et de la rigueur des d\u00e9m\u00e9nageurs Tessiot.<\/p><ul><li><p>mise \u00e0 disposition d\u2019un camion et du personnel adapt\u00e9 \u00e0 votre volume \u00e0 transf\u00e9rer.<\/p><\/li><li><p><a href=\"http:\/\/www.tessiot-demenagement.com\/lareunion\/emballages-pour-demenager\/\">des emballages<\/a> pour prot\u00e9ger vos biens.<\/p><\/li><li><p>la mise en place des autorisations de stationnement \u00e0 votre adresse de d\u00e9part et d\u2019arriv\u00e9e.<\/p><\/li><li><p>l\u2019utilisation d\u2019un monte-meuble si n\u00e9cessaire.<\/p><\/li><li><p>tous vos biens sont assur\u00e9s pendant le transfert.<\/p><\/li><\/ul><p>Gagnez en s\u00e9r\u00e9nit\u00e9. Evitez \u00e0 vos proches de la fatigue. Faites-vous aider par un d\u00e9m\u00e9nageur professionnel reconnu \u00e0 La R\u00e9union. Demandez votre devis gratuit.<\/p><\/div>\n\t\t\t\t<\/div>\n\t\t\t\t<\/div>\n\t\t\t\t<div class=\"elementor-element elementor-element-000c1b6 elementor-align-center elementor-widget elementor-widget-button\" data-id=\"000c1b6\" data-element_type=\"widget\" data-widget_type=\"button.default\">\n\t\t\t\t<div class=\"elementor-widget-container\">\n\t\t\t\t\t<div class=\"elementor-button-wrapper\">\n\t\t\t<a href=\"http:\/\/www.tessiot-demenagement.com\/lareunion\/devis-demenagement-reunion\/\" class=\"elementor-button-link elementor-button elementor-size-lg\" role=\"button\">\n\t\t\t\t\t\t<span class=\"elementor-button-content-wrapper\">\n\t\t\t\t\t\t<span class=\"elementor-button-text\">Demandez votre devis gratuit<\/span>\n\t\t<\/span>\n\t\t\t\t\t<\/a>\n\t\t<\/div>\n\t\t\t\t<\/div>\n\t\t\t\t<\/div>\n\t\t\t\t\t\t<\/div>\n\t\t\t\t\t<\/div>\n\t\t<\/div>\n\t\t\t\t<div class=\"elementor-column elementor-col-33 elementor-top-column elementor-element elementor-element-4f58498\" data-id=\"4f58498\" data-element_type=\"column\">\n\t\t\t<div class=\"elementor-column-wrap elementor-element-populated\">\n\t\t\t\t\t\t\t<div class=\"elementor-widget-wrap\">\n\t\t\t\t\t\t<div class=\"elementor-element elementor-element-bbea8f9 elementor-widget elementor-widget-image\" data-id=\"bbea8f9\" data-element_type=\"widget\" data-widget_type=\"image.default\">\n\t\t\t\t<div class=\"elementor-widget-container\">\n\t\t\t\t\t<div class=\"elementor-image\">\n\t\t\t\t\t\t\t\t\t\t<img width=\"800\" height=\"640\" src=\"http:\/\/www.tessiot-demenagement.com\/lareunion\/wp-content\/uploads\/2021\/08\/Bienvenue-a-JULIA-1024x819.png\" class=\"attachment-large size-large\" alt=\"d\u00e9m\u00e9nager dans les dom tom\" loading=\"lazy\" srcset=\"http:\/\/www.tessiot-demenagement.com\/lareunion\/wp-content\/uploads\/2021\/08\/Bienvenue-a-JULIA-1024x819.png 1024w, http:\/\/www.tessiot-demenagement.com\/lareunion\/wp-content\/uploads\/2021\/08\/Bienvenue-a-JULIA-300x240.png 300w, http:\/\/www.tessiot-demenagement.com\/lareunion\/wp-content\/uploads\/2021\/08\/Bienvenue-a-JULIA-768x614.png 768w, http:\/\/www.tessiot-demenagement.com\/lareunion\/wp-content\/uploads\/2021\/08\/Bienvenue-a-JULIA-1536x1229.png 1536w, http:\/\/www.tessiot-demenagement.com\/lareunion\/wp-content\/uploads\/2021\/08\/Bienvenue-a-JULIA.png 2000w\" sizes=\"(max-width: 800px) 100vw, 800px\" \/>\t\t\t\t\t\t\t\t\t\t\t<\/div>\n\t\t\t\t<\/div>\n\t\t\t\t<\/div>\n\t\t\t\t\t\t<\/div>\n\t\t\t\t\t<\/div>\n\t\t<\/div>\n\t\t\t\t\t\t\t\t<\/div>\n\t\t\t\t\t<\/div>\n\t\t<\/section>\n\t\t\t\t<section class=\"elementor-section elementor-top-section elementor-element elementor-element-0a0ca6c elementor-section-boxed elementor-section-height-default elementor-section-height-default\" data-id=\"0a0ca6c\" data-element_type=\"section\">\n\t\t\t\t\t\t<div class=\"elementor-container elementor-column-gap-default\">\n\t\t\t\t\t\t\t<div class=\"elementor-row\">\n\t\t\t\t\t<div class=\"elementor-column elementor-col-100 elementor-top-column elementor-element elementor-element-ac87883\" data-id=\"ac87883\" data-element_type=\"column\">\n\t\t\t<div class=\"elementor-column-wrap elementor-element-populated\">\n\t\t\t\t\t\t\t<div class=\"elementor-widget-wrap\">\n\t\t\t\t\t\t<div class=\"elementor-element elementor-element-8fa2025 elementor-widget-divider--view-line elementor-widget elementor-widget-divider\" data-id=\"8fa2025\" data-element_type=\"widget\" data-widget_type=\"divider.default\">\n\t\t\t\t<div class=\"elementor-widget-container\">\n\t\t\t\t\t<div class=\"elementor-divider\">\n\t\t\t<span class=\"elementor-divider-separator\">\n\t\t\t\t\t\t<\/span>\n\t\t<\/div>\n\t\t\t\t<\/div>\n\t\t\t\t<\/div>\n\t\t\t\t\t\t<\/div>\n\t\t\t\t\t<\/div>\n\t\t<\/div>\n\t\t\t\t\t\t\t\t<\/div>\n\t\t\t\t\t<\/div>\n\t\t<\/section>\n\t\t\t\t<section class=\"elementor-section elementor-top-section elementor-element elementor-element-c689238 elementor-section-boxed elementor-section-height-default elementor-section-height-default\" data-id=\"c689238\" data-element_type=\"section\">\n\t\t\t\t\t\t<div class=\"elementor-container elementor-column-gap-default\">\n\t\t\t\t\t\t\t<div class=\"elementor-row\">\n\t\t\t\t\t<div class=\"elementor-column elementor-col-100 elementor-top-column elementor-element elementor-element-34131ba\" data-id=\"34131ba\" data-element_type=\"column\">\n\t\t\t<div class=\"elementor-column-wrap elementor-element-populated\">\n\t\t\t\t\t\t\t<div class=\"elementor-widget-wrap\">\n\t\t\t\t\t\t<div class=\"elementor-element elementor-element-5747414 elementor-widget elementor-widget-heading\" data-id=\"5747414\" data-element_type=\"widget\" data-widget_type=\"heading.default\">\n\t\t\t\t<div class=\"elementor-widget-container\">\n\t\t\t<h4 class=\"elementor-heading-title elementor-size-default\">Votre contact sur l'\u00eele de La R\u00e9union<\/h4>\t\t<\/div>\n\t\t\t\t<\/div>\n\t\t\t\t\t\t<\/div>\n\t\t\t\t\t<\/div>\n\t\t<\/div>\n\t\t\t\t\t\t\t\t<\/div>\n\t\t\t\t\t<\/div>\n\t\t<\/section>\n\t\t\t\t<section class=\"elementor-section elementor-top-section elementor-element elementor-element-92a7b5e elementor-section-boxed elementor-section-height-default elementor-section-height-default\" data-id=\"92a7b5e\" data-element_type=\"section\">\n\t\t\t\t\t\t<div class=\"elementor-container elementor-column-gap-default\">\n\t\t\t\t\t\t\t<div class=\"elementor-row\">\n\t\t\t\t\t<div class=\"elementor-column elementor-col-100 elementor-top-column elementor-element elementor-element-7a37e17\" data-id=\"7a37e17\" data-element_type=\"column\">\n\t\t\t<div class=\"elementor-column-wrap elementor-element-populated\">\n\t\t\t\t\t\t\t<div class=\"elementor-widget-wrap\">\n\t\t\t\t\t\t<div class=\"elementor-element elementor-element-195507e elementor-widget elementor-widget-spacer\" data-id=\"195507e\" data-element_type=\"widget\" data-widget_type=\"spacer.default\">\n\t\t\t\t<div class=\"elementor-widget-container\">\n\t\t\t\t\t<div class=\"elementor-spacer\">\n\t\t\t<div class=\"elementor-spacer-inner\"><\/div>\n\t\t<\/div>\n\t\t\t\t<\/div>\n\t\t\t\t<\/div>\n\t\t\t\t\t\t<\/div>\n\t\t\t\t\t<\/div>\n\t\t<\/div>\n\t\t\t\t\t\t\t\t<\/div>\n\t\t\t\t\t<\/div>\n\t\t<\/section>\n\t\t\t\t<section class=\"elementor-section elementor-top-section elementor-element elementor-element-23cff2e elementor-section-boxed elementor-section-height-default elementor-section-height-default\" data-id=\"23cff2e\" data-element_type=\"section\">\n\t\t\t\t\t\t<div class=\"elementor-container elementor-column-gap-default\">\n\t\t\t\t\t\t\t<div class=\"elementor-row\">\n\t\t\t\t\t<div class=\"elementor-column elementor-col-100 elementor-top-column elementor-element elementor-element-bce0dcf\" data-id=\"bce0dcf\" data-element_type=\"column\">\n\t\t\t<div class=\"elementor-column-wrap elementor-element-populated\">\n\t\t\t\t\t\t\t<div class=\"elementor-widget-wrap\">\n\t\t\t\t\t\t<div class=\"elementor-element elementor-element-bcb2c2e elementor-widget elementor-widget-text-editor\" data-id=\"bcb2c2e\" data-element_type=\"widget\" data-widget_type=\"text-editor.default\">\n\t\t\t\t<div class=\"elementor-widget-container\">\n\t\t\t\t\t<div class=\"elementor-text-editor elementor-clearfix\"><p><strong>Agence de Saint-Pierre<\/strong><\/p>\n<p><strong>4 chemin Joseph LAMBRIQUET<\/strong><br><strong>97 410 Saint-Pierre<\/strong><\/p><p><strong style=\"font-family: &quot;Open Sans&quot;, serif; font-size: 15px; color: var( --e-global-color-27c501af );\">import@tessiot-demenagement.com<\/strong><\/p><\/div>\n\t\t\t\t<\/div>\n\t\t\t\t<\/div>\n\t\t\t\t\t\t<\/div>\n\t\t\t\t\t<\/div>\n\t\t<\/div>\n\t\t\t\t\t\t\t\t<\/div>\n\t\t\t\t\t<\/div>\n\t\t<\/section>\n\t\t\t\t\t\t<\/div>\n\t\t\t\t\t\t<\/div>\n\t\t\t\t\t<\/div>\n\t\t","protected":false},"excerpt":{"rendered":"<p>D\u00e9m\u00e9nager \u00e0 La R\u00e9union. Vous devez d\u00e9m\u00e9nager \u00e0 La R\u00e9union\u00a0? Vous habitez d\u00e9j\u00e0 sur l\u2019\u00eele et vous changez d\u2019adresse\u00a0? Et<\/p>\n","protected":false},"author":1,"featured_media":0,"parent":0,"menu_order":1,"comment_status":"open","ping_status":"closed","template":"","meta":{"spay_email":""},"yoast_head":"<!-- This site is optimized with the Yoast SEO plugin v15.8 - https:\/\/yoast.com\/wordpress\/plugins\/seo\/ -->\n<title>D\u00e9m\u00e9nager \u00e0 La R\u00e9union - D\u00e9m\u00e9nagement A Tessiot<\/title>\n<meta name=\"description\" content=\"Vous voulez d\u00e9m\u00e9nager \u00e0 La R\u00e9union. Tessiot D\u00e9m\u00e9nagements, sp\u00e9cialiste des DOM TOM, vous conseille et vous accompagne.\" \/>\n<meta name=\"robots\" content=\"index, follow, max-snippet:-1, max-image-preview:large, max-video-preview:-1\" \/>\n<link rel=\"canonical\" href=\"http:\/\/www.tessiot-demenagement.com\/lareunion\/demenager-a-la-reunion\/\" \/>\n<meta property=\"og:locale\" content=\"fr_FR\" \/>\n<meta property=\"og:type\" content=\"article\" \/>\n<meta property=\"og:title\" content=\"D\u00e9m\u00e9nager \u00e0 La R\u00e9union - D\u00e9m\u00e9nagement A Tessiot\" \/>\n<meta property=\"og:description\" content=\"Vous voulez d\u00e9m\u00e9nager \u00e0 La R\u00e9union. Tessiot D\u00e9m\u00e9nagements, sp\u00e9cialiste des DOM TOM, vous conseille et vous accompagne.\" \/>\n<meta property=\"og:url\" content=\"http:\/\/www.tessiot-demenagement.com\/lareunion\/demenager-a-la-reunion\/\" \/>\n<meta property=\"og:site_name\" content=\"D\u00e9m\u00e9nagement A Tessiot\" \/>\n<meta property=\"article:modified_time\" content=\"2022-02-25T14:31:18+00:00\" \/>\n<meta property=\"og:image\" content=\"http:\/\/www.tessiot-demenagement.com\/lareunion\/wp-content\/uploads\/2014\/01\/3.jpg\" \/>\n<meta name=\"twitter:label1\" content=\"Dur\u00e9e de lecture est.\">\n\t<meta name=\"twitter:data1\" content=\"3 minutes\">\n<script type=\"application\/ld+json\" class=\"yoast-schema-graph\">{\"@context\":\"https:\/\/schema.org\",\"@graph\":[{\"@type\":\"WebSite\",\"@id\":\"http:\/\/www.tessiot-demenagement.com\/lareunion\/#website\",\"url\":\"http:\/\/www.tessiot-demenagement.com\/lareunion\/\",\"name\":\"D\\u00e9m\\u00e9nagement A Tessiot\",\"description\":\"votre demenageur specialiste des transferts administratifs et industriels\",\"potentialAction\":[{\"@type\":\"SearchAction\",\"target\":\"http:\/\/www.tessiot-demenagement.com\/lareunion\/?s={search_term_string}\",\"query-input\":\"required name=search_term_string\"}],\"inLanguage\":\"fr-FR\"},{\"@type\":\"ImageObject\",\"@id\":\"http:\/\/www.tessiot-demenagement.com\/lareunion\/demenager-a-la-reunion\/#primaryimage\",\"inLanguage\":\"fr-FR\",\"url\":\"http:\/\/www.tessiot-demenagement.com\/lareunion\/wp-content\/uploads\/2014\/01\/3.jpg\",\"width\":1024,\"height\":768,\"caption\":\"vivre sur l'\\u00eele de la R\\u00e9union\"},{\"@type\":\"WebPage\",\"@id\":\"http:\/\/www.tessiot-demenagement.com\/lareunion\/demenager-a-la-reunion\/#webpage\",\"url\":\"http:\/\/www.tessiot-demenagement.com\/lareunion\/demenager-a-la-reunion\/\",\"name\":\"D\\u00e9m\\u00e9nager \\u00e0 La R\\u00e9union - D\\u00e9m\\u00e9nagement A Tessiot\",\"isPartOf\":{\"@id\":\"http:\/\/www.tessiot-demenagement.com\/lareunion\/#website\"},\"primaryImageOfPage\":{\"@id\":\"http:\/\/www.tessiot-demenagement.com\/lareunion\/demenager-a-la-reunion\/#primaryimage\"},\"datePublished\":\"2014-10-21T16:22:05+00:00\",\"dateModified\":\"2022-02-25T14:31:18+00:00\",\"description\":\"Vous voulez d\\u00e9m\\u00e9nager \\u00e0 La R\\u00e9union. Tessiot D\\u00e9m\\u00e9nagements, sp\\u00e9cialiste des DOM TOM, vous conseille et vous accompagne.\",\"breadcrumb\":{\"@id\":\"http:\/\/www.tessiot-demenagement.com\/lareunion\/demenager-a-la-reunion\/#breadcrumb\"},\"inLanguage\":\"fr-FR\",\"potentialAction\":[{\"@type\":\"ReadAction\",\"target\":[\"http:\/\/www.tessiot-demenagement.com\/lareunion\/demenager-a-la-reunion\/\"]}]},{\"@type\":\"BreadcrumbList\",\"@id\":\"http:\/\/www.tessiot-demenagement.com\/lareunion\/demenager-a-la-reunion\/#breadcrumb\",\"itemListElement\":[{\"@type\":\"ListItem\",\"position\":1,\"item\":{\"@type\":\"WebPage\",\"@id\":\"http:\/\/www.tessiot-demenagement.com\/lareunion\/demenager-a-la-reunion\/\",\"url\":\"http:\/\/www.tessiot-demenagement.com\/lareunion\/demenager-a-la-reunion\/\",\"name\":\"D\\u00e9m\\u00e9nager \\u00e0 La R\\u00e9union\"}}]}]}<\/script>\n<!-- \/ Yoast SEO plugin. -->","jetpack_sharing_enabled":true,"jetpack_shortlink":"https:\/\/wp.me\/P5eCLF-2n","_links":{"self":[{"href":"http:\/\/www.tessiot-demenagement.com\/lareunion\/wp-json\/wp\/v2\/pages\/147"}],"collection":[{"href":"http:\/\/www.tessiot-demenagement.com\/lareunion\/wp-json\/wp\/v2\/pages"}],"about":[{"href":"http:\/\/www.tessiot-demenagement.com\/lareunion\/wp-json\/wp\/v2\/types\/page"}],"author":[{"embeddable":true,"href":"http:\/\/www.tessiot-demenagement.com\/lareunion\/wp-json\/wp\/v2\/users\/1"}],"replies":[{"embeddable":true,"href":"http:\/\/www.tessiot-demenagement.com\/lareunion\/wp-json\/wp\/v2\/comments?post=147"}],"version-history":[{"count":32,"href":"http:\/\/www.tessiot-demenagement.com\/lareunion\/wp-json\/wp\/v2\/pages\/147\/revisions"}],"predecessor-version":[{"id":3148,"href":"http:\/\/www.tessiot-demenagement.com\/lareunion\/wp-json\/wp\/v2\/pages\/147\/revisions\/3148"}],"wp:attachment":[{"href":"http:\/\/www.tessiot-demenagement.com\/lareunion\/wp-json\/wp\/v2\/media?parent=147"}],"curies":[{"name":"wp","href":"https:\/\/api.w.org\/{rel}","templated":true}]}}