{"id":1319,"date":"2016-01-29T11:24:50","date_gmt":"2016-01-29T11:24:50","guid":{"rendered":"http:\/\/www.tessiot-demenagement.com\/lareunion\/?page_id=1319"},"modified":"2021-01-27T09:44:40","modified_gmt":"2021-01-27T09:44:40","slug":"stocker-vos-archives","status":"publish","type":"page","link":"http:\/\/www.tessiot-demenagement.com\/lareunion\/stocker-vos-archives\/","title":{"rendered":"Stocker vos archives."},"content":{"rendered":"\t\t<div data-elementor-type=\"wp-page\" data-elementor-id=\"1319\" class=\"elementor elementor-1319\" data-elementor-settings=\"[]\">\n\t\t\t\t\t\t<div class=\"elementor-inner\">\n\t\t\t\t\t\t\t<div class=\"elementor-section-wrap\">\n\t\t\t\t\t\t\t<section class=\"elementor-section elementor-top-section elementor-element elementor-element-6f37c79 elementor-section-boxed elementor-section-height-default elementor-section-height-default\" data-id=\"6f37c79\" data-element_type=\"section\">\n\t\t\t\t\t\t<div class=\"elementor-container elementor-column-gap-default\">\n\t\t\t\t\t\t\t<div class=\"elementor-row\">\n\t\t\t\t\t<div class=\"elementor-column elementor-col-100 elementor-top-column elementor-element elementor-element-97f8a52\" data-id=\"97f8a52\" data-element_type=\"column\">\n\t\t\t<div class=\"elementor-column-wrap elementor-element-populated\">\n\t\t\t\t\t\t\t<div class=\"elementor-widget-wrap\">\n\t\t\t\t\t\t<div class=\"elementor-element elementor-element-af9ebaa elementor-widget elementor-widget-heading\" data-id=\"af9ebaa\" data-element_type=\"widget\" data-widget_type=\"heading.default\">\n\t\t\t\t<div class=\"elementor-widget-container\">\n\t\t\t<h1 class=\"elementor-heading-title elementor-size-xl\">Stocker vos archives<\/h1>\t\t<\/div>\n\t\t\t\t<\/div>\n\t\t\t\t\t\t<\/div>\n\t\t\t\t\t<\/div>\n\t\t<\/div>\n\t\t\t\t\t\t\t\t<\/div>\n\t\t\t\t\t<\/div>\n\t\t<\/section>\n\t\t\t\t<section class=\"elementor-section elementor-top-section elementor-element elementor-element-3c82ea2 elementor-section-boxed elementor-section-height-default elementor-section-height-default\" data-id=\"3c82ea2\" data-element_type=\"section\">\n\t\t\t\t\t\t<div class=\"elementor-container elementor-column-gap-default\">\n\t\t\t\t\t\t\t<div class=\"elementor-row\">\n\t\t\t\t\t<div class=\"elementor-column elementor-col-100 elementor-top-column elementor-element elementor-element-9e2d75b\" data-id=\"9e2d75b\" data-element_type=\"column\">\n\t\t\t<div class=\"elementor-column-wrap elementor-element-populated\">\n\t\t\t\t\t\t\t<div class=\"elementor-widget-wrap\">\n\t\t\t\t\t\t<div class=\"elementor-element elementor-element-c608dcc elementor-widget elementor-widget-spacer\" data-id=\"c608dcc\" data-element_type=\"widget\" data-widget_type=\"spacer.default\">\n\t\t\t\t<div class=\"elementor-widget-container\">\n\t\t\t\t\t<div class=\"elementor-spacer\">\n\t\t\t<div class=\"elementor-spacer-inner\"><\/div>\n\t\t<\/div>\n\t\t\t\t<\/div>\n\t\t\t\t<\/div>\n\t\t\t\t\t\t<\/div>\n\t\t\t\t\t<\/div>\n\t\t<\/div>\n\t\t\t\t\t\t\t\t<\/div>\n\t\t\t\t\t<\/div>\n\t\t<\/section>\n\t\t\t\t<section class=\"elementor-section elementor-top-section elementor-element elementor-element-2af99e2 elementor-section-boxed elementor-section-height-default elementor-section-height-default\" data-id=\"2af99e2\" data-element_type=\"section\">\n\t\t\t\t\t\t<div class=\"elementor-container elementor-column-gap-default\">\n\t\t\t\t\t\t\t<div class=\"elementor-row\">\n\t\t\t\t\t<div class=\"elementor-column elementor-col-66 elementor-top-column elementor-element elementor-element-d95820b\" data-id=\"d95820b\" data-element_type=\"column\">\n\t\t\t<div class=\"elementor-column-wrap elementor-element-populated\">\n\t\t\t\t\t\t\t<div class=\"elementor-widget-wrap\">\n\t\t\t\t\t\t<div class=\"elementor-element elementor-element-f782a11 elementor-widget elementor-widget-text-editor\" data-id=\"f782a11\" data-element_type=\"widget\" data-widget_type=\"text-editor.default\">\n\t\t\t\t<div class=\"elementor-widget-container\">\n\t\t\t\t\t<div class=\"elementor-text-editor elementor-clearfix\"><p>Vous avez besoin d\u2019un espace pour stocker vos archives ?<\/p><p>Au quotidien, votre activit\u00e9 g\u00e9n\u00e8re un certain volume de documents \u00e9crits. Aussi bien\u00a0 pour vos collaborateurs comme pour vos fournisseurs ou vos clients. Sans parler des documents que vous recevez de l\u2019administration. Tout ce flux de papiers peut vite devenir encombrant. Sans oublier que ces documents ont l\u2019<strong>obligation l\u00e9gale d\u2019\u00eatre archiv\u00e9s.<\/strong>\u00a0Vous devez donc veiller \u00e0 ce qu\u2019ils soient <strong>accessibles et correctement conserv\u00e9s<\/strong>.<\/p><p>Et si le protocole de stockage de vos archives se r\u00e9duit \u00e0 entreposer vos documents dans une pi\u00e8ce au fond d\u2019un couloir, dites-vous que vous faites courir un risque \u00e0 votre entreprise. <strong>La perte d\u2019archives<\/strong> importantes par le fait d\u2019un\u00a0 vol ou \u00e0 cause d\u2019un incendie pourrait mettre <strong>en p\u00e9ril son bon fonctionnement<\/strong>.<\/p><p>Conserver vos archives sur site engendre \u00e9galement un autre inconv\u00e9nient. En effet vos documents occupent un espace qui peut \u00eatre bien mieux utilis\u00e9 pour votre croissance. Espace d\u2019accueil pour vos clients, installation de nouvelles machines ou de bureaux. Ainsi, afin de <strong>gagner de la place<\/strong> et \u00e9viter que vos documents sensibles soient vuln\u00e9rables, ils doivent \u00eatre stock\u00e9s dans un\u00a0 lieu prot\u00e9g\u00e9 et accessible.<\/p><p>Tessiot D\u00e9m\u00e9nagements, sp\u00e9cialiste des <a href=\"http:\/\/www.tessiot-demenagement.com\/lareunion\/transferez-votre-entreprise\/\">op\u00e9rations de transferts administratifs et industriels<\/a> depuis plus de 150 ans, vous propose de vous accompagner pour votre stockage d\u2019archives.<\/p><p>Situ\u00e9 au centre-ville de Saint-Pierre, \u00e0 c\u00f4t\u00e9 du rond-point des casernes, notre site est s\u00e9curis\u00e9, sous vid\u00e9o-surveillance et sous alarme. Nous vous garantissons donc une s\u00e9curit\u00e9 maximale et la tra\u00e7abilit\u00e9 de vos documents.<\/p><p>Si vous \u00eates en recherche d\u2019un site suppl\u00e9mentaire pour classer vos donn\u00e9es papier, sans avoir la n\u00e9cessit\u00e9 de les num\u00e9riser, nous avons la solution. Nous vous faisons profiter d\u2019un large choix d\u2019espaces de stockage pour vos archives. Et ce que vous en ayez besoin pour un an ou pour beaucoup plus longtemps.<\/p><\/div>\n\t\t\t\t<\/div>\n\t\t\t\t<\/div>\n\t\t\t\t\t\t<\/div>\n\t\t\t\t\t<\/div>\n\t\t<\/div>\n\t\t\t\t<div class=\"elementor-column elementor-col-33 elementor-top-column elementor-element elementor-element-a49446a\" data-id=\"a49446a\" data-element_type=\"column\">\n\t\t\t<div class=\"elementor-column-wrap elementor-element-populated\">\n\t\t\t\t\t\t\t<div class=\"elementor-widget-wrap\">\n\t\t\t\t\t\t<div class=\"elementor-element elementor-element-3301680 elementor-widget elementor-widget-image\" data-id=\"3301680\" data-element_type=\"widget\" data-widget_type=\"image.default\">\n\t\t\t\t<div class=\"elementor-widget-container\">\n\t\t\t\t\t<div class=\"elementor-image\">\n\t\t\t\t\t\t\t\t\t\t<img width=\"682\" height=\"1024\" src=\"http:\/\/www.tessiot-demenagement.com\/lareunion\/wp-content\/uploads\/2020\/10\/thakur-1184503_1280-682x1024.jpg\" class=\"attachment-large size-large\" alt=\"entreprise de stockage de documents\" loading=\"lazy\" srcset=\"http:\/\/www.tessiot-demenagement.com\/lareunion\/wp-content\/uploads\/2020\/10\/thakur-1184503_1280-682x1024.jpg 682w, http:\/\/www.tessiot-demenagement.com\/lareunion\/wp-content\/uploads\/2020\/10\/thakur-1184503_1280-200x300.jpg 200w, http:\/\/www.tessiot-demenagement.com\/lareunion\/wp-content\/uploads\/2020\/10\/thakur-1184503_1280-768x1152.jpg 768w, http:\/\/www.tessiot-demenagement.com\/lareunion\/wp-content\/uploads\/2020\/10\/thakur-1184503_1280.jpg 853w\" sizes=\"(max-width: 682px) 100vw, 682px\" \/>\t\t\t\t\t\t\t\t\t\t\t<\/div>\n\t\t\t\t<\/div>\n\t\t\t\t<\/div>\n\t\t\t\t\t\t<\/div>\n\t\t\t\t\t<\/div>\n\t\t<\/div>\n\t\t\t\t\t\t\t\t<\/div>\n\t\t\t\t\t<\/div>\n\t\t<\/section>\n\t\t\t\t<section class=\"elementor-section elementor-top-section elementor-element elementor-element-27752f7 elementor-section-boxed elementor-section-height-default elementor-section-height-default\" data-id=\"27752f7\" data-element_type=\"section\">\n\t\t\t\t\t\t<div class=\"elementor-container elementor-column-gap-default\">\n\t\t\t\t\t\t\t<div class=\"elementor-row\">\n\t\t\t\t\t<div class=\"elementor-column elementor-col-100 elementor-top-column elementor-element elementor-element-bec065d\" data-id=\"bec065d\" data-element_type=\"column\">\n\t\t\t<div class=\"elementor-column-wrap elementor-element-populated\">\n\t\t\t\t\t\t\t<div class=\"elementor-widget-wrap\">\n\t\t\t\t\t\t<div class=\"elementor-element elementor-element-d7e59c9 elementor-widget elementor-widget-heading\" data-id=\"d7e59c9\" data-element_type=\"widget\" data-widget_type=\"heading.default\">\n\t\t\t\t<div class=\"elementor-widget-container\">\n\t\t\t<h2 class=\"elementor-heading-title elementor-size-large\">Faites appel \u00e0 un d\u00e9m\u00e9nageur pour vos archives.<\/h2>\t\t<\/div>\n\t\t\t\t<\/div>\n\t\t\t\t\t\t<\/div>\n\t\t\t\t\t<\/div>\n\t\t<\/div>\n\t\t\t\t\t\t\t\t<\/div>\n\t\t\t\t\t<\/div>\n\t\t<\/section>\n\t\t\t\t<section class=\"elementor-section elementor-top-section elementor-element elementor-element-157922f elementor-section-boxed elementor-section-height-default elementor-section-height-default\" data-id=\"157922f\" data-element_type=\"section\">\n\t\t\t\t\t\t<div class=\"elementor-container elementor-column-gap-default\">\n\t\t\t\t\t\t\t<div class=\"elementor-row\">\n\t\t\t\t\t<div class=\"elementor-column elementor-col-66 elementor-top-column elementor-element elementor-element-7425c56\" data-id=\"7425c56\" data-element_type=\"column\">\n\t\t\t<div class=\"elementor-column-wrap elementor-element-populated\">\n\t\t\t\t\t\t\t<div class=\"elementor-widget-wrap\">\n\t\t\t\t\t\t<div class=\"elementor-element elementor-element-209dbf1 elementor-widget elementor-widget-text-editor\" data-id=\"209dbf1\" data-element_type=\"widget\" data-widget_type=\"text-editor.default\">\n\t\t\t\t<div class=\"elementor-widget-container\">\n\t\t\t\t\t<div class=\"elementor-text-editor elementor-clearfix\"><p>Nos d\u00e9m\u00e9nageurs sont comp\u00e9tents pour r\u00e9colter, transporter et stocker vos archives. Contactez un conseiller pour vous proposer <strong>une visite et un devis gratuits<\/strong>.<\/p><\/div>\n\t\t\t\t<\/div>\n\t\t\t\t<\/div>\n\t\t\t\t\t\t<\/div>\n\t\t\t\t\t<\/div>\n\t\t<\/div>\n\t\t\t\t<div class=\"elementor-column elementor-col-33 elementor-top-column elementor-element elementor-element-d92c537\" data-id=\"d92c537\" data-element_type=\"column\">\n\t\t\t<div class=\"elementor-column-wrap elementor-element-populated\">\n\t\t\t\t\t\t\t<div class=\"elementor-widget-wrap\">\n\t\t\t\t\t\t<div class=\"elementor-element elementor-element-cde37ba elementor-widget elementor-widget-image\" data-id=\"cde37ba\" data-element_type=\"widget\" data-widget_type=\"image.default\">\n\t\t\t\t<div class=\"elementor-widget-container\">\n\t\t\t\t\t<div class=\"elementor-image\">\n\t\t\t\t\t\t\t<figure class=\"wp-caption\">\n\t\t\t\t\t\t\t\t\t\t<img width=\"640\" height=\"321\" src=\"http:\/\/www.tessiot-demenagement.com\/lareunion\/wp-content\/uploads\/2016\/01\/garde_meuble_tessiot_limoges.jpg\" class=\"attachment-large size-large\" alt=\"espace de stockage \u00e0 la reunion\" loading=\"lazy\" srcset=\"http:\/\/www.tessiot-demenagement.com\/lareunion\/wp-content\/uploads\/2016\/01\/garde_meuble_tessiot_limoges.jpg 640w, http:\/\/www.tessiot-demenagement.com\/lareunion\/wp-content\/uploads\/2016\/01\/garde_meuble_tessiot_limoges-300x150.jpg 300w\" sizes=\"(max-width: 640px) 100vw, 640px\" \/>\t\t\t\t\t\t\t\t\t\t\t<figcaption class=\"widget-image-caption wp-caption-text\">Notre site de stockage.<\/figcaption>\n\t\t\t\t\t\t\t\t\t\t<\/figure>\n\t\t\t\t\t<\/div>\n\t\t\t\t<\/div>\n\t\t\t\t<\/div>\n\t\t\t\t\t\t<\/div>\n\t\t\t\t\t<\/div>\n\t\t<\/div>\n\t\t\t\t\t\t\t\t<\/div>\n\t\t\t\t\t<\/div>\n\t\t<\/section>\n\t\t\t\t<section class=\"elementor-section elementor-top-section elementor-element elementor-element-e522da4 elementor-section-boxed elementor-section-height-default elementor-section-height-default\" data-id=\"e522da4\" data-element_type=\"section\">\n\t\t\t\t\t\t<div class=\"elementor-container elementor-column-gap-default\">\n\t\t\t\t\t\t\t<div class=\"elementor-row\">\n\t\t\t\t\t<div class=\"elementor-column elementor-col-100 elementor-top-column elementor-element elementor-element-b1db1d7\" data-id=\"b1db1d7\" data-element_type=\"column\">\n\t\t\t<div class=\"elementor-column-wrap elementor-element-populated\">\n\t\t\t\t\t\t\t<div class=\"elementor-widget-wrap\">\n\t\t\t\t\t\t<div class=\"elementor-element elementor-element-ba3e03d elementor-widget elementor-widget-wp-widget-frm_show_form\" data-id=\"ba3e03d\" data-element_type=\"widget\" data-widget_type=\"wp-widget-frm_show_form.default\">\n\t\t\t\t<div class=\"elementor-widget-container\">\n\t\t\t<section class=\"widget widget_featured_posts clearfix\"><div class=\"frm_form_widget\"><h3 class=\"widget-title\"><span>Contactez-nous pour votre archivage.<\/span><\/h3><div class=\"frm_forms  with_frm_style frm_style_style-formidable\" id=\"frm_form_2_container\" >\n<form enctype=\"multipart\/form-data\" method=\"post\" class=\"frm-show-form \" id=\"form_contactez-nouspourvotretransfert\"  >\n<div class=\"frm_form_fields \">\n<fieldset>\n<legend class=\"frm_screen_reader\">Contactez-nous pour votre transfert<\/legend>\r\n\r\n<div class=\"frm_fields_container\">\n<input type=\"hidden\" name=\"frm_action\" value=\"create\" \/>\n<input type=\"hidden\" name=\"form_id\" value=\"2\" \/>\n<input type=\"hidden\" name=\"frm_hide_fields_2\" id=\"frm_hide_fields_2\" value=\"\" \/>\n<input type=\"hidden\" name=\"form_key\" value=\"contactez-nouspourvotretransfert\" \/>\n<input type=\"hidden\" name=\"item_meta[0]\" value=\"\" \/>\n<input type=\"hidden\" id=\"frm_submit_entry_2\" name=\"frm_submit_entry_2\" value=\"e2f1021afc\" \/><input type=\"hidden\" name=\"_wp_http_referer\" value=\"\/lareunion\/wp-json\/wp\/v2\/pages\/1319\" \/><div id=\"frm_field_6_container\" class=\"frm_form_field form-field  frm_required_field frm_top_container\">\r\n    <label for=\"field_brja0\" id=\"field_brja0_label\" class=\"frm_primary_label\">Nom de votre entreprise ou votre administration\r\n        <span class=\"frm_required\">*<\/span>\r\n    <\/label>\r\n    <input type=\"text\" id=\"field_brja0\" name=\"item_meta[6]\" value=\"\"  data-reqmsg=\"Ce champ ne peut pas \u00eatre vide\" aria-required=\"true\" data-invmsg=\"texte est non valide\" aria-invalid=\"false\"  \/>\r\n    \r\n    \r\n<\/div>\n<div id=\"frm_field_7_container\" class=\"frm_form_field form-field  frm_required_field frm_top_container\">\r\n    <label for=\"field_2m5s0\" id=\"field_2m5s0_label\" class=\"frm_primary_label\">Votre nom\r\n        <span class=\"frm_required\">*<\/span>\r\n    <\/label>\r\n    <input type=\"text\" id=\"field_2m5s0\" name=\"item_meta[7]\" value=\"\"  data-reqmsg=\"Ce champ ne peut pas \u00eatre vide\" aria-required=\"true\" data-invmsg=\"texte est non valide\" aria-invalid=\"false\"  \/>\r\n    \r\n    \r\n<\/div>\n<div id=\"frm_field_8_container\" class=\"frm_form_field form-field  frm_required_field frm_top_container\">\r\n    <label for=\"field_880jo\" id=\"field_880jo_label\" class=\"frm_primary_label\">Votre email\r\n        <span class=\"frm_required\">*<\/span>\r\n    <\/label>\r\n    <input type=\"email\" id=\"field_880jo\" name=\"item_meta[8]\" value=\"\"  data-reqmsg=\"Ce champ ne peut pas \u00eatre vide\" aria-required=\"true\" data-invmsg=\"Email est non valide\" aria-invalid=\"false\"  \/>\r\n    \r\n    \r\n<\/div>\n<div id=\"frm_field_9_container\" class=\"frm_form_field form-field  frm_required_field frm_top_container\">\r\n    <label for=\"field_jh562\" id=\"field_jh562_label\" class=\"frm_primary_label\">Votre t\u00e9l\u00e9phone\r\n        <span class=\"frm_required\">*<\/span>\r\n    <\/label>\r\n    <input type=\"tel\" id=\"field_jh562\" name=\"item_meta[9]\" value=\"\"  data-reqmsg=\"Ce champ ne peut pas \u00eatre vide\" aria-required=\"true\" data-invmsg=\"T\u00e9l\u00e9phone est non valide\" aria-invalid=\"false\" pattern=\"((\\+\\d{1,3}(-|.| )?\\(?\\d\\)?(-| |.)?\\d{1,5})|(\\(?\\d{2,6}\\)?))(-|.| )?(\\d{3,4})(-|.| )?(\\d{4})(( x| ext)\\d{1,5}){0,1}$\"  \/>\r\n    \r\n    \r\n<\/div>\n<div id=\"frm_field_11_container\" class=\"frm_form_field form-field  frm_required_field frm_top_container\">\r\n    <label for=\"field_8hfpn\" id=\"field_8hfpn_label\" class=\"frm_primary_label\">Dites-nous quelques mots sur votre projet :\r\n        <span class=\"frm_required\">*<\/span>\r\n    <\/label>\r\n    <input type=\"text\" id=\"field_8hfpn\" name=\"item_meta[11]\" value=\"\"  data-reqmsg=\"Ce champ ne peut pas \u00eatre vide\" aria-required=\"true\" data-invmsg=\"texte est non valide\" aria-invalid=\"false\"  \/>\r\n    \r\n    \r\n<\/div>\n<div id=\"frm_field_13_container\" class=\"frm_form_field form-field  frm_required_field frm_top_container vertical_radio\">\n    <div  id=\"field_ur6rp_label\" class=\"frm_primary_label\">\n        <span class=\"frm_required\">*<\/span>\n    <\/div>\n    <div class=\"frm_opt_container\" aria-labelledby=\"field_ur6rp_label\" role=\"group\">\t\t<div class=\"frm_checkbox\" id=\"frm_checkbox_13-0\"><label for=\"field_ur6rp-0\"><input type=\"checkbox\" name=\"item_meta[13][]\" id=\"field_ur6rp-0\" value=\"\u2022\tEn cochant cette case et en soumettant ce formulaire, vous acceptez que les informations saisies soient utilis\u00e9es pour vous recontacter dans le cadre de la demande indiqu\u00e9e dans ce formulaire.\"  data-reqmsg=\"Ce champ ne peut pas \u00eatre vide\" data-invmsg=\" est non valide\" aria-invalid=\"false\"   \/> \u2022\tEn cochant cette case et en soumettant ce formulaire, vous acceptez que les informations saisies soient utilis\u00e9es pour vous recontacter dans le cadre de la demande indiqu\u00e9e dans ce formulaire.<\/label><\/div>\n<\/div>\n    \n    \n<\/div>\n<input type=\"hidden\" name=\"item_key\" value=\"\" \/>\n\t<div class=\"frm_verify\" >\n\t<label for=\"frm_email_2\">\n\t\tSi vous \u00eates un humain, ne remplissez pas ce champ.\t<\/label>\n\t<input type=\"email\" class=\"frm_verify\" id=\"frm_email_2\" name=\"frm_verify\" value=\"\"  \/>\n<\/div>\n\t\t<div class=\"frm_submit\">\r\n\r\n<button class=\"frm_button_submit\" type=\"submit\"  >Envoyer<\/button>\r\n\r\n<\/div><\/div>\n<\/fieldset>\n<\/div>\n<\/form>\n<\/div>\n<\/div><\/section>\t\t<\/div>\n\t\t\t\t<\/div>\n\t\t\t\t\t\t<\/div>\n\t\t\t\t\t<\/div>\n\t\t<\/div>\n\t\t\t\t\t\t\t\t<\/div>\n\t\t\t\t\t<\/div>\n\t\t<\/section>\n\t\t\t\t\t\t<\/div>\n\t\t\t\t\t\t<\/div>\n\t\t\t\t\t<\/div>\n\t\t","protected":false},"excerpt":{"rendered":"<p>Stocker vos archives Vous avez besoin d\u2019un espace pour stocker vos archives ? Au quotidien, votre activit\u00e9 g\u00e9n\u00e8re un certain<\/p>\n","protected":false},"author":1,"featured_media":0,"parent":0,"menu_order":0,"comment_status":"closed","ping_status":"closed","template":"","meta":{"spay_email":""},"yoast_head":"<!-- This site is optimized with the Yoast SEO plugin v15.8 - https:\/\/yoast.com\/wordpress\/plugins\/seo\/ -->\n<title>Stocker vos archives. - D\u00e9m\u00e9nagement A Tessiot<\/title>\n<meta name=\"description\" content=\"Stocker vos archives Vous avez besoin d\u2019un espace pour stocker vos archives ?Au quotidien, votre activit\u00e9 g\u00e9n\u00e8re un certain volume de documents \u00e9crits. Besoin d&#039;un espace pour votre archivage ? Tessiot D\u00e9m\u00e9nagements R\u00e9union r\u00e9cup\u00e8re, transporte et stocke vos archives dans un site s\u00e9curis\u00e9.\" \/>\n<meta name=\"robots\" content=\"index, follow, max-snippet:-1, max-image-preview:large, max-video-preview:-1\" \/>\n<link rel=\"canonical\" href=\"http:\/\/www.tessiot-demenagement.com\/lareunion\/stocker-vos-archives\/\" \/>\n<meta property=\"og:locale\" content=\"fr_FR\" \/>\n<meta property=\"og:type\" content=\"article\" \/>\n<meta property=\"og:title\" content=\"Stocker vos archives. - D\u00e9m\u00e9nagement A Tessiot\" \/>\n<meta property=\"og:description\" content=\"Stocker vos archives Vous avez besoin d\u2019un espace pour stocker vos archives ?Au quotidien, votre activit\u00e9 g\u00e9n\u00e8re un certain volume de documents \u00e9crits. Besoin d&#039;un espace pour votre archivage ? Tessiot D\u00e9m\u00e9nagements R\u00e9union r\u00e9cup\u00e8re, transporte et stocke vos archives dans un site s\u00e9curis\u00e9.\" \/>\n<meta property=\"og:url\" content=\"http:\/\/www.tessiot-demenagement.com\/lareunion\/stocker-vos-archives\/\" \/>\n<meta property=\"og:site_name\" content=\"D\u00e9m\u00e9nagement A Tessiot\" \/>\n<meta property=\"article:modified_time\" content=\"2021-01-27T09:44:40+00:00\" \/>\n<meta property=\"og:image\" content=\"http:\/\/www.tessiot-demenagement.com\/lareunion\/wp-content\/uploads\/2020\/10\/thakur-1184503_1280-682x1024.jpg\" \/>\n<meta name=\"twitter:label1\" content=\"Dur\u00e9e de lecture est.\">\n\t<meta name=\"twitter:data1\" content=\"3 minutes\">\n<script type=\"application\/ld+json\" class=\"yoast-schema-graph\">{\"@context\":\"https:\/\/schema.org\",\"@graph\":[{\"@type\":\"WebSite\",\"@id\":\"https:\/\/www.tessiot-demenagement.com\/lareunion\/#website\",\"url\":\"https:\/\/www.tessiot-demenagement.com\/lareunion\/\",\"name\":\"D\\u00e9m\\u00e9nagement A Tessiot\",\"description\":\"votre demenageur specialiste des transferts administratifs et industriels\",\"potentialAction\":[{\"@type\":\"SearchAction\",\"target\":\"https:\/\/www.tessiot-demenagement.com\/lareunion\/?s={search_term_string}\",\"query-input\":\"required name=search_term_string\"}],\"inLanguage\":\"fr-FR\"},{\"@type\":\"ImageObject\",\"@id\":\"http:\/\/www.tessiot-demenagement.com\/lareunion\/stocker-vos-archives\/#primaryimage\",\"inLanguage\":\"fr-FR\",\"url\":\"http:\/\/www.tessiot-demenagement.com\/lareunion\/wp-content\/uploads\/2020\/10\/thakur-1184503_1280.jpg\",\"width\":853,\"height\":1280,\"caption\":\"entreprise de stockage de documents\"},{\"@type\":\"WebPage\",\"@id\":\"http:\/\/www.tessiot-demenagement.com\/lareunion\/stocker-vos-archives\/#webpage\",\"url\":\"http:\/\/www.tessiot-demenagement.com\/lareunion\/stocker-vos-archives\/\",\"name\":\"Stocker vos archives. - D\\u00e9m\\u00e9nagement A Tessiot\",\"isPartOf\":{\"@id\":\"https:\/\/www.tessiot-demenagement.com\/lareunion\/#website\"},\"primaryImageOfPage\":{\"@id\":\"http:\/\/www.tessiot-demenagement.com\/lareunion\/stocker-vos-archives\/#primaryimage\"},\"datePublished\":\"2016-01-29T11:24:50+00:00\",\"dateModified\":\"2021-01-27T09:44:40+00:00\",\"description\":\"Stocker vos archives Vous avez besoin d\\u2019un espace pour stocker vos archives ?Au quotidien, votre activit\\u00e9 g\\u00e9n\\u00e8re un certain volume de documents \\u00e9crits. Besoin d'un espace pour votre archivage ? Tessiot D\\u00e9m\\u00e9nagements R\\u00e9union r\\u00e9cup\\u00e8re, transporte et stocke vos archives dans un site s\\u00e9curis\\u00e9.\",\"breadcrumb\":{\"@id\":\"http:\/\/www.tessiot-demenagement.com\/lareunion\/stocker-vos-archives\/#breadcrumb\"},\"inLanguage\":\"fr-FR\",\"potentialAction\":[{\"@type\":\"ReadAction\",\"target\":[\"http:\/\/www.tessiot-demenagement.com\/lareunion\/stocker-vos-archives\/\"]}]},{\"@type\":\"BreadcrumbList\",\"@id\":\"http:\/\/www.tessiot-demenagement.com\/lareunion\/stocker-vos-archives\/#breadcrumb\",\"itemListElement\":[{\"@type\":\"ListItem\",\"position\":1,\"item\":{\"@type\":\"WebPage\",\"@id\":\"http:\/\/www.tessiot-demenagement.com\/lareunion\/stocker-vos-archives\/\",\"url\":\"http:\/\/www.tessiot-demenagement.com\/lareunion\/stocker-vos-archives\/\",\"name\":\"Stocker vos archives.\"}}]}]}<\/script>\n<!-- \/ Yoast SEO plugin. -->","jetpack_sharing_enabled":true,"jetpack_shortlink":"https:\/\/wp.me\/P5eCLF-lh","_links":{"self":[{"href":"http:\/\/www.tessiot-demenagement.com\/lareunion\/wp-json\/wp\/v2\/pages\/1319"}],"collection":[{"href":"http:\/\/www.tessiot-demenagement.com\/lareunion\/wp-json\/wp\/v2\/pages"}],"about":[{"href":"http:\/\/www.tessiot-demenagement.com\/lareunion\/wp-json\/wp\/v2\/types\/page"}],"author":[{"embeddable":true,"href":"http:\/\/www.tessiot-demenagement.com\/lareunion\/wp-json\/wp\/v2\/users\/1"}],"replies":[{"embeddable":true,"href":"http:\/\/www.tessiot-demenagement.com\/lareunion\/wp-json\/wp\/v2\/comments?post=1319"}],"version-history":[{"count":14,"href":"http:\/\/www.tessiot-demenagement.com\/lareunion\/wp-json\/wp\/v2\/pages\/1319\/revisions"}],"predecessor-version":[{"id":2502,"href":"http:\/\/www.tessiot-demenagement.com\/lareunion\/wp-json\/wp\/v2\/pages\/1319\/revisions\/2502"}],"wp:attachment":[{"href":"http:\/\/www.tessiot-demenagement.com\/lareunion\/wp-json\/wp\/v2\/media?parent=1319"}],"curies":[{"name":"wp","href":"https:\/\/api.w.org\/{rel}","templated":true}]}}