{"id":1034,"date":"2015-01-15T07:30:26","date_gmt":"2015-01-15T07:30:26","guid":{"rendered":"http:\/\/www.tessiot-demenagement.com\/lareunion\/?page_id=1034"},"modified":"2020-09-25T14:51:12","modified_gmt":"2020-09-25T14:51:12","slug":"demenagement-pour-mutation-professionnelle","status":"publish","type":"page","link":"http:\/\/www.tessiot-demenagement.com\/lareunion\/demenagement-pour-mutation-professionnelle\/","title":{"rendered":"D\u00e9m\u00e9nagement pour mutation professionnelle"},"content":{"rendered":"\t\t<div data-elementor-type=\"wp-page\" data-elementor-id=\"1034\" class=\"elementor elementor-1034\" data-elementor-settings=\"[]\">\n\t\t\t\t\t\t<div class=\"elementor-inner\">\n\t\t\t\t\t\t\t<div class=\"elementor-section-wrap\">\n\t\t\t\t\t\t\t<section class=\"elementor-section elementor-top-section elementor-element elementor-element-0488694 elementor-section-boxed elementor-section-height-default elementor-section-height-default\" data-id=\"0488694\" data-element_type=\"section\">\n\t\t\t\t\t\t<div class=\"elementor-container elementor-column-gap-default\">\n\t\t\t\t\t\t\t<div class=\"elementor-row\">\n\t\t\t\t\t<div class=\"elementor-column elementor-col-100 elementor-top-column elementor-element elementor-element-ff2aa65\" data-id=\"ff2aa65\" data-element_type=\"column\">\n\t\t\t<div class=\"elementor-column-wrap elementor-element-populated\">\n\t\t\t\t\t\t\t<div class=\"elementor-widget-wrap\">\n\t\t\t\t\t\t<div class=\"elementor-element elementor-element-3f8cbd8 elementor-widget elementor-widget-heading\" data-id=\"3f8cbd8\" data-element_type=\"widget\" data-widget_type=\"heading.default\">\n\t\t\t\t<div class=\"elementor-widget-container\">\n\t\t\t<h1 class=\"elementor-heading-title elementor-size-xl\">D\u00e9m\u00e9nagement pour mutation professionnelle<\/h1>\t\t<\/div>\n\t\t\t\t<\/div>\n\t\t\t\t\t\t<\/div>\n\t\t\t\t\t<\/div>\n\t\t<\/div>\n\t\t\t\t\t\t\t\t<\/div>\n\t\t\t\t\t<\/div>\n\t\t<\/section>\n\t\t\t\t<section class=\"elementor-section elementor-top-section elementor-element elementor-element-15170fa elementor-section-boxed elementor-section-height-default elementor-section-height-default\" data-id=\"15170fa\" data-element_type=\"section\">\n\t\t\t\t\t\t<div class=\"elementor-container elementor-column-gap-default\">\n\t\t\t\t\t\t\t<div class=\"elementor-row\">\n\t\t\t\t\t<div class=\"elementor-column elementor-col-100 elementor-top-column elementor-element elementor-element-be43672\" data-id=\"be43672\" data-element_type=\"column\">\n\t\t\t<div class=\"elementor-column-wrap elementor-element-populated\">\n\t\t\t\t\t\t\t<div class=\"elementor-widget-wrap\">\n\t\t\t\t\t\t<div class=\"elementor-element elementor-element-8629245 elementor-widget elementor-widget-spacer\" data-id=\"8629245\" data-element_type=\"widget\" data-widget_type=\"spacer.default\">\n\t\t\t\t<div class=\"elementor-widget-container\">\n\t\t\t\t\t<div class=\"elementor-spacer\">\n\t\t\t<div class=\"elementor-spacer-inner\"><\/div>\n\t\t<\/div>\n\t\t\t\t<\/div>\n\t\t\t\t<\/div>\n\t\t\t\t\t\t<\/div>\n\t\t\t\t\t<\/div>\n\t\t<\/div>\n\t\t\t\t\t\t\t\t<\/div>\n\t\t\t\t\t<\/div>\n\t\t<\/section>\n\t\t\t\t<section class=\"elementor-section elementor-top-section elementor-element elementor-element-bc24fb0 elementor-section-boxed elementor-section-height-default elementor-section-height-default\" data-id=\"bc24fb0\" data-element_type=\"section\">\n\t\t\t\t\t\t<div class=\"elementor-container elementor-column-gap-default\">\n\t\t\t\t\t\t\t<div class=\"elementor-row\">\n\t\t\t\t\t<div class=\"elementor-column elementor-col-66 elementor-top-column elementor-element elementor-element-5fc6bec\" data-id=\"5fc6bec\" data-element_type=\"column\">\n\t\t\t<div class=\"elementor-column-wrap elementor-element-populated\">\n\t\t\t\t\t\t\t<div class=\"elementor-widget-wrap\">\n\t\t\t\t\t\t<div class=\"elementor-element elementor-element-cbcfae2 elementor-widget elementor-widget-text-editor\" data-id=\"cbcfae2\" data-element_type=\"widget\" data-widget_type=\"text-editor.default\">\n\t\t\t\t<div class=\"elementor-widget-container\">\n\t\t\t\t\t<div class=\"elementor-text-editor elementor-clearfix\"><p>Vous devez assurer le d\u00e9m\u00e9nagement pour\u00a0<strong>mutation professionnelle<\/strong> de vos collaborateurs ? Vous \u00eates vous-m\u00eame <strong>mut\u00e9 en M\u00e9tropole ou \u00e0 la R\u00e9union<\/strong> ? Vous cherchez un <strong>conteneur maritime<\/strong> pour votre mobilier et <a href=\"http:\/\/www.tessiot-demenagement.com\/lareunion\/demenager-reunion__trashed\/transporter-votre-voiture-de-et-vers-la-reunion\/\">votre voiture<\/a> ? Faites appel \u00e0 un d\u00e9m\u00e9nageur professionnel sp\u00e9cialiste du d\u00e9m\u00e9nagement entre l&#8217;Oc\u00e9an Indien et la M\u00e9tropole.\u00a0<\/p><p>Install\u00e9es <strong>depuis 1995 sur l&#8217;\u00eele de La R\u00e9union et 2006 \u00e0 Mayotte<\/strong>, nos deux agences vous assurent un appui local pour votre d\u00e9m\u00e9nagement. De m\u00eame qu&#8217;en M\u00e9tropole, \u00e0 l&#8217;arriv\u00e9e ou au d\u00e9part de votre conteneur, notre exp\u00e9rience vous garantit un transport serein de vos biens. Gr\u00e2ce \u00e0 notre r\u00e9seau \u00e9tendu de partenaires reconnus, vous b\u00e9n\u00e9ficiez du meilleur service et du meilleur tarif pour votre transport.<\/p><p>Nous nous chargeons de tout. De <strong>la visite technique \u00e0 votre domicile\u00a0<\/strong> ou \u00e0 celui de votre salari\u00e9, \u00e0 l&#8217;emballage complet de tous vos effets. Nous garantissons aussi la\u00a0 protection du mobilier. Nous traitons les <strong>formalit\u00e9s douani\u00e8res<\/strong> et nous nous chargeons du chargement du <a href=\"http:\/\/www.tessiot-demenagement.com\/lareunion\/conteneur-personnalise-la-reunion\/\">conteneur personnalis\u00e9<\/a> ou <a href=\"http:\/\/www.tessiot-demenagement.com\/lareunion\/conteneur-de-groupage\/\">de groupage<\/a>. Et bien s\u00fbr nous assurons la livraison au nouveau domicile, du d\u00e9ballage et m\u00eame du remontage des meubles.<\/p><\/div>\n\t\t\t\t<\/div>\n\t\t\t\t<\/div>\n\t\t\t\t\t\t<\/div>\n\t\t\t\t\t<\/div>\n\t\t<\/div>\n\t\t\t\t<div class=\"elementor-column elementor-col-33 elementor-top-column elementor-element elementor-element-ce1fb25\" data-id=\"ce1fb25\" data-element_type=\"column\">\n\t\t\t<div class=\"elementor-column-wrap elementor-element-populated\">\n\t\t\t\t\t\t\t<div class=\"elementor-widget-wrap\">\n\t\t\t\t\t\t<div class=\"elementor-element elementor-element-cdbc192 elementor-widget elementor-widget-image\" data-id=\"cdbc192\" data-element_type=\"widget\" data-widget_type=\"image.default\">\n\t\t\t\t<div class=\"elementor-widget-container\">\n\t\t\t\t\t<div class=\"elementor-image\">\n\t\t\t\t\t\t\t\t\t\t<img width=\"683\" height=\"1024\" src=\"http:\/\/www.tessiot-demenagement.com\/lareunion\/wp-content\/uploads\/2020\/09\/pexels-gustavo-fring-4173217-scaled-683x1024.jpg\" class=\"attachment-large size-large\" alt=\"mutation dans les dom tom\" loading=\"lazy\" srcset=\"http:\/\/www.tessiot-demenagement.com\/lareunion\/wp-content\/uploads\/2020\/09\/pexels-gustavo-fring-4173217-scaled-683x1024.jpg 683w, http:\/\/www.tessiot-demenagement.com\/lareunion\/wp-content\/uploads\/2020\/09\/pexels-gustavo-fring-4173217-scaled-200x300.jpg 200w, http:\/\/www.tessiot-demenagement.com\/lareunion\/wp-content\/uploads\/2020\/09\/pexels-gustavo-fring-4173217-scaled-768x1152.jpg 768w, http:\/\/www.tessiot-demenagement.com\/lareunion\/wp-content\/uploads\/2020\/09\/pexels-gustavo-fring-4173217-scaled-1024x1536.jpg 1024w, http:\/\/www.tessiot-demenagement.com\/lareunion\/wp-content\/uploads\/2020\/09\/pexels-gustavo-fring-4173217-scaled-1366x2048.jpg 1366w, http:\/\/www.tessiot-demenagement.com\/lareunion\/wp-content\/uploads\/2020\/09\/pexels-gustavo-fring-4173217-scaled.jpg 1707w\" sizes=\"(max-width: 683px) 100vw, 683px\" \/>\t\t\t\t\t\t\t\t\t\t\t<\/div>\n\t\t\t\t<\/div>\n\t\t\t\t<\/div>\n\t\t\t\t\t\t<\/div>\n\t\t\t\t\t<\/div>\n\t\t<\/div>\n\t\t\t\t\t\t\t\t<\/div>\n\t\t\t\t\t<\/div>\n\t\t<\/section>\n\t\t\t\t<section class=\"elementor-section elementor-top-section elementor-element elementor-element-1f7e5b8 elementor-section-boxed elementor-section-height-default elementor-section-height-default\" data-id=\"1f7e5b8\" data-element_type=\"section\">\n\t\t\t\t\t\t<div class=\"elementor-container elementor-column-gap-default\">\n\t\t\t\t\t\t\t<div class=\"elementor-row\">\n\t\t\t\t\t<div class=\"elementor-column elementor-col-100 elementor-top-column elementor-element elementor-element-12da424\" data-id=\"12da424\" data-element_type=\"column\">\n\t\t\t<div class=\"elementor-column-wrap elementor-element-populated\">\n\t\t\t\t\t\t\t<div class=\"elementor-widget-wrap\">\n\t\t\t\t\t\t<div class=\"elementor-element elementor-element-197f462 elementor-widget elementor-widget-heading\" data-id=\"197f462\" data-element_type=\"widget\" data-widget_type=\"heading.default\">\n\t\t\t\t<div class=\"elementor-widget-container\">\n\t\t\t<h2 class=\"elementor-heading-title elementor-size-large\">Demandez votre devis gratuit.<\/h2>\t\t<\/div>\n\t\t\t\t<\/div>\n\t\t\t\t\t\t<\/div>\n\t\t\t\t\t<\/div>\n\t\t<\/div>\n\t\t\t\t\t\t\t\t<\/div>\n\t\t\t\t\t<\/div>\n\t\t<\/section>\n\t\t\t\t<section class=\"elementor-section elementor-top-section elementor-element elementor-element-80eb795 elementor-section-boxed elementor-section-height-default elementor-section-height-default\" data-id=\"80eb795\" data-element_type=\"section\">\n\t\t\t\t\t\t<div class=\"elementor-container elementor-column-gap-default\">\n\t\t\t\t\t\t\t<div class=\"elementor-row\">\n\t\t\t\t\t<div class=\"elementor-column elementor-col-66 elementor-top-column elementor-element elementor-element-135b2f0\" data-id=\"135b2f0\" data-element_type=\"column\">\n\t\t\t<div class=\"elementor-column-wrap elementor-element-populated\">\n\t\t\t\t\t\t\t<div class=\"elementor-widget-wrap\">\n\t\t\t\t\t\t<div class=\"elementor-element elementor-element-b6fe2f3 elementor-widget elementor-widget-text-editor\" data-id=\"b6fe2f3\" data-element_type=\"widget\" data-widget_type=\"text-editor.default\">\n\t\t\t\t<div class=\"elementor-widget-container\">\n\t\t\t\t\t<div class=\"elementor-text-editor elementor-clearfix\"><p>Afin de vous proposer le meilleur tarif pour votre d\u00e9m\u00e9nagement, nous devons si possible effectuer une visite \u00e0 votre domicile. Ceci afin d&#8217;<strong>estimer le volume<\/strong> des biens \u00e0 transf\u00e9rer. Mais aussi pour<strong> v\u00e9rifier les points d&#8217;acc\u00e8s<\/strong> \u00e0 votre logement et les <strong>possibilit\u00e9s de stationnement<\/strong>.<\/p><p>Ce rendez-vous avec notre conseiller nous permet de comprendre vos besoins et vos attentes, et ainsi de vous proposer la formule la plus adapt\u00e9e.\u00a0<\/p><p>Cette visite, de m\u00eame que l&#8217;\u00e9tablissement de votre devis, sont gratuits. Et c&#8217;est \u00e9galement <strong>sans engagement<\/strong> de votre part. Alors profitez d\u00e8s maintenant de la proximit\u00e9 et de l&#8217;exp\u00e9rience des d\u00e9m\u00e9nageurs Tessiot, sp\u00e9cialistes du d\u00e9m\u00e9nagement \u00e0 La R\u00e9union et \u00e0 l&#8217;International. Demandez votre devis gratuit et recevez le meilleur tarif pour une mutation en toute s\u00e9r\u00e9nit\u00e9.<\/p><\/div>\n\t\t\t\t<\/div>\n\t\t\t\t<\/div>\n\t\t\t\t\t\t<\/div>\n\t\t\t\t\t<\/div>\n\t\t<\/div>\n\t\t\t\t<div class=\"elementor-column elementor-col-33 elementor-top-column elementor-element elementor-element-a2400c6\" data-id=\"a2400c6\" data-element_type=\"column\">\n\t\t\t<div class=\"elementor-column-wrap elementor-element-populated\">\n\t\t\t\t\t\t\t<div class=\"elementor-widget-wrap\">\n\t\t\t\t\t\t<div class=\"elementor-element elementor-element-167a53d elementor-align-center elementor-widget elementor-widget-button\" data-id=\"167a53d\" data-element_type=\"widget\" data-widget_type=\"button.default\">\n\t\t\t\t<div class=\"elementor-widget-container\">\n\t\t\t\t\t<div class=\"elementor-button-wrapper\">\n\t\t\t<a href=\"http:\/\/www.tessiot-demenagement.com\/lareunion\/devis-demenagement-reunion\/\" class=\"elementor-button-link elementor-button elementor-size-lg\" role=\"button\">\n\t\t\t\t\t\t<span class=\"elementor-button-content-wrapper\">\n\t\t\t\t\t\t<span class=\"elementor-button-text\">Demandez votre devis gratuit<\/span>\n\t\t<\/span>\n\t\t\t\t\t<\/a>\n\t\t<\/div>\n\t\t\t\t<\/div>\n\t\t\t\t<\/div>\n\t\t\t\t\t\t<\/div>\n\t\t\t\t\t<\/div>\n\t\t<\/div>\n\t\t\t\t\t\t\t\t<\/div>\n\t\t\t\t\t<\/div>\n\t\t<\/section>\n\t\t\t\t\t\t<\/div>\n\t\t\t\t\t\t<\/div>\n\t\t\t\t\t<\/div>\n\t\t","protected":false},"excerpt":{"rendered":"<p>D\u00e9m\u00e9nagement pour mutation professionnelle Vous devez assurer le d\u00e9m\u00e9nagement pour\u00a0mutation professionnelle de vos collaborateurs ? Vous \u00eates vous-m\u00eame mut\u00e9 en<\/p>\n","protected":false},"author":1,"featured_media":0,"parent":0,"menu_order":0,"comment_status":"open","ping_status":"open","template":"","meta":{"spay_email":""},"yoast_head":"<!-- This site is optimized with the Yoast SEO plugin v15.8 - https:\/\/yoast.com\/wordpress\/plugins\/seo\/ -->\n<title>D\u00e9m\u00e9nagement pour mutation professionnelle - D\u00e9m\u00e9nagement A Tessiot<\/title>\n<meta name=\"description\" content=\"Vous cherchez un tarif pour un d\u00e9m\u00e9nagement pour mutation professionnelle ? Contactez Tessiot, le sp\u00e9cialiste de l&#039;Outre-mer.\" \/>\n<meta name=\"robots\" content=\"index, follow, max-snippet:-1, max-image-preview:large, max-video-preview:-1\" \/>\n<link rel=\"canonical\" href=\"http:\/\/www.tessiot-demenagement.com\/lareunion\/demenagement-pour-mutation-professionnelle\/\" \/>\n<meta property=\"og:locale\" content=\"fr_FR\" \/>\n<meta property=\"og:type\" content=\"article\" \/>\n<meta property=\"og:title\" content=\"D\u00e9m\u00e9nagement pour mutation professionnelle - D\u00e9m\u00e9nagement A Tessiot\" \/>\n<meta property=\"og:description\" content=\"Vous cherchez un tarif pour un d\u00e9m\u00e9nagement pour mutation professionnelle ? Contactez Tessiot, le sp\u00e9cialiste de l&#039;Outre-mer.\" \/>\n<meta property=\"og:url\" content=\"http:\/\/www.tessiot-demenagement.com\/lareunion\/demenagement-pour-mutation-professionnelle\/\" \/>\n<meta property=\"og:site_name\" content=\"D\u00e9m\u00e9nagement A Tessiot\" \/>\n<meta property=\"article:modified_time\" content=\"2020-09-25T14:51:12+00:00\" \/>\n<meta property=\"og:image\" content=\"http:\/\/www.tessiot-demenagement.com\/lareunion\/wp-content\/uploads\/2020\/09\/pexels-gustavo-fring-4173217-683x1024.jpg\" \/>\n<meta name=\"twitter:label1\" content=\"Dur\u00e9e de lecture est.\">\n\t<meta name=\"twitter:data1\" content=\"2 minutes\">\n<script type=\"application\/ld+json\" class=\"yoast-schema-graph\">{\"@context\":\"https:\/\/schema.org\",\"@graph\":[{\"@type\":\"WebSite\",\"@id\":\"http:\/\/www.tessiot-demenagement.com\/lareunion\/#website\",\"url\":\"http:\/\/www.tessiot-demenagement.com\/lareunion\/\",\"name\":\"D\\u00e9m\\u00e9nagement A Tessiot\",\"description\":\"votre demenageur specialiste des transferts administratifs et industriels\",\"potentialAction\":[{\"@type\":\"SearchAction\",\"target\":\"http:\/\/www.tessiot-demenagement.com\/lareunion\/?s={search_term_string}\",\"query-input\":\"required name=search_term_string\"}],\"inLanguage\":\"fr-FR\"},{\"@type\":\"ImageObject\",\"@id\":\"http:\/\/www.tessiot-demenagement.com\/lareunion\/demenagement-pour-mutation-professionnelle\/#primaryimage\",\"inLanguage\":\"fr-FR\",\"url\":\"http:\/\/www.tessiot-demenagement.com\/lareunion\/wp-content\/uploads\/2020\/09\/pexels-gustavo-fring-4173217-683x1024.jpg\"},{\"@type\":\"WebPage\",\"@id\":\"http:\/\/www.tessiot-demenagement.com\/lareunion\/demenagement-pour-mutation-professionnelle\/#webpage\",\"url\":\"http:\/\/www.tessiot-demenagement.com\/lareunion\/demenagement-pour-mutation-professionnelle\/\",\"name\":\"D\\u00e9m\\u00e9nagement pour mutation professionnelle - D\\u00e9m\\u00e9nagement A Tessiot\",\"isPartOf\":{\"@id\":\"http:\/\/www.tessiot-demenagement.com\/lareunion\/#website\"},\"primaryImageOfPage\":{\"@id\":\"http:\/\/www.tessiot-demenagement.com\/lareunion\/demenagement-pour-mutation-professionnelle\/#primaryimage\"},\"datePublished\":\"2015-01-15T07:30:26+00:00\",\"dateModified\":\"2020-09-25T14:51:12+00:00\",\"description\":\"Vous cherchez un tarif pour un d\\u00e9m\\u00e9nagement pour mutation professionnelle ? Contactez Tessiot, le sp\\u00e9cialiste de l'Outre-mer.\",\"breadcrumb\":{\"@id\":\"http:\/\/www.tessiot-demenagement.com\/lareunion\/demenagement-pour-mutation-professionnelle\/#breadcrumb\"},\"inLanguage\":\"fr-FR\",\"potentialAction\":[{\"@type\":\"ReadAction\",\"target\":[\"http:\/\/www.tessiot-demenagement.com\/lareunion\/demenagement-pour-mutation-professionnelle\/\"]}]},{\"@type\":\"BreadcrumbList\",\"@id\":\"http:\/\/www.tessiot-demenagement.com\/lareunion\/demenagement-pour-mutation-professionnelle\/#breadcrumb\",\"itemListElement\":[{\"@type\":\"ListItem\",\"position\":1,\"item\":{\"@type\":\"WebPage\",\"@id\":\"http:\/\/www.tessiot-demenagement.com\/lareunion\/demenagement-pour-mutation-professionnelle\/\",\"url\":\"http:\/\/www.tessiot-demenagement.com\/lareunion\/demenagement-pour-mutation-professionnelle\/\",\"name\":\"D\\u00e9m\\u00e9nagement pour mutation professionnelle\"}}]}]}<\/script>\n<!-- \/ Yoast SEO plugin. -->","jetpack_sharing_enabled":true,"jetpack_shortlink":"https:\/\/wp.me\/P5eCLF-gG","_links":{"self":[{"href":"http:\/\/www.tessiot-demenagement.com\/lareunion\/wp-json\/wp\/v2\/pages\/1034"}],"collection":[{"href":"http:\/\/www.tessiot-demenagement.com\/lareunion\/wp-json\/wp\/v2\/pages"}],"about":[{"href":"http:\/\/www.tessiot-demenagement.com\/lareunion\/wp-json\/wp\/v2\/types\/page"}],"author":[{"embeddable":true,"href":"http:\/\/www.tessiot-demenagement.com\/lareunion\/wp-json\/wp\/v2\/users\/1"}],"replies":[{"embeddable":true,"href":"http:\/\/www.tessiot-demenagement.com\/lareunion\/wp-json\/wp\/v2\/comments?post=1034"}],"version-history":[{"count":14,"href":"http:\/\/www.tessiot-demenagement.com\/lareunion\/wp-json\/wp\/v2\/pages\/1034\/revisions"}],"predecessor-version":[{"id":2209,"href":"http:\/\/www.tessiot-demenagement.com\/lareunion\/wp-json\/wp\/v2\/pages\/1034\/revisions\/2209"}],"wp:attachment":[{"href":"http:\/\/www.tessiot-demenagement.com\/lareunion\/wp-json\/wp\/v2\/media?parent=1034"}],"curies":[{"name":"wp","href":"https:\/\/api.w.org\/{rel}","templated":true}]}}