{"id":10,"date":"2014-01-01T15:40:13","date_gmt":"2014-01-01T15:40:13","guid":{"rendered":"http:\/\/www.tessiot-demenagement.com\/lareunion\/?page_id=10"},"modified":"2022-02-28T13:19:41","modified_gmt":"2022-02-28T13:19:41","slug":"vivre-a-la-reunion","status":"publish","type":"page","link":"http:\/\/www.tessiot-demenagement.com\/lareunion\/vivre-a-la-reunion\/","title":{"rendered":"Vivre \u00e0 La R\u00e9union"},"content":{"rendered":"\t\t<div data-elementor-type=\"wp-page\" data-elementor-id=\"10\" class=\"elementor elementor-10\" data-elementor-settings=\"[]\">\n\t\t\t\t\t\t<div class=\"elementor-inner\">\n\t\t\t\t\t\t\t<div class=\"elementor-section-wrap\">\n\t\t\t\t\t\t\t<section class=\"elementor-section elementor-top-section elementor-element elementor-element-01ec572 elementor-section-boxed elementor-section-height-default elementor-section-height-default\" data-id=\"01ec572\" data-element_type=\"section\">\n\t\t\t\t\t\t<div class=\"elementor-container elementor-column-gap-default\">\n\t\t\t\t\t\t\t<div class=\"elementor-row\">\n\t\t\t\t\t<div class=\"elementor-column elementor-col-100 elementor-top-column elementor-element elementor-element-6120c47\" data-id=\"6120c47\" data-element_type=\"column\">\n\t\t\t<div class=\"elementor-column-wrap elementor-element-populated\">\n\t\t\t\t\t\t\t<div class=\"elementor-widget-wrap\">\n\t\t\t\t\t\t<div class=\"elementor-element elementor-element-b47911a elementor-widget elementor-widget-heading\" data-id=\"b47911a\" data-element_type=\"widget\" data-widget_type=\"heading.default\">\n\t\t\t\t<div class=\"elementor-widget-container\">\n\t\t\t<h1 class=\"elementor-heading-title elementor-size-xl\">Vivre sur l'\u00cele de La R\u00e9union<\/h1>\t\t<\/div>\n\t\t\t\t<\/div>\n\t\t\t\t\t\t<\/div>\n\t\t\t\t\t<\/div>\n\t\t<\/div>\n\t\t\t\t\t\t\t\t<\/div>\n\t\t\t\t\t<\/div>\n\t\t<\/section>\n\t\t\t\t<section class=\"elementor-section elementor-top-section elementor-element elementor-element-a7be05f elementor-section-boxed elementor-section-height-default elementor-section-height-default\" data-id=\"a7be05f\" data-element_type=\"section\">\n\t\t\t\t\t\t<div class=\"elementor-container elementor-column-gap-default\">\n\t\t\t\t\t\t\t<div class=\"elementor-row\">\n\t\t\t\t\t<div class=\"elementor-column elementor-col-100 elementor-top-column elementor-element elementor-element-0af8c3f\" data-id=\"0af8c3f\" data-element_type=\"column\">\n\t\t\t<div class=\"elementor-column-wrap elementor-element-populated\">\n\t\t\t\t\t\t\t<div class=\"elementor-widget-wrap\">\n\t\t\t\t\t\t<div class=\"elementor-element elementor-element-e875668 elementor-widget elementor-widget-spacer\" data-id=\"e875668\" data-element_type=\"widget\" data-widget_type=\"spacer.default\">\n\t\t\t\t<div class=\"elementor-widget-container\">\n\t\t\t\t\t<div class=\"elementor-spacer\">\n\t\t\t<div class=\"elementor-spacer-inner\"><\/div>\n\t\t<\/div>\n\t\t\t\t<\/div>\n\t\t\t\t<\/div>\n\t\t\t\t\t\t<\/div>\n\t\t\t\t\t<\/div>\n\t\t<\/div>\n\t\t\t\t\t\t\t\t<\/div>\n\t\t\t\t\t<\/div>\n\t\t<\/section>\n\t\t\t\t<section class=\"elementor-section elementor-top-section elementor-element elementor-element-f9c9fc4 elementor-section-boxed elementor-section-height-default elementor-section-height-default\" data-id=\"f9c9fc4\" data-element_type=\"section\">\n\t\t\t\t\t\t<div class=\"elementor-container elementor-column-gap-default\">\n\t\t\t\t\t\t\t<div class=\"elementor-row\">\n\t\t\t\t\t<div class=\"elementor-column elementor-col-100 elementor-top-column elementor-element elementor-element-0db3134\" data-id=\"0db3134\" data-element_type=\"column\">\n\t\t\t<div class=\"elementor-column-wrap elementor-element-populated\">\n\t\t\t\t\t\t\t<div class=\"elementor-widget-wrap\">\n\t\t\t\t\t\t<div class=\"elementor-element elementor-element-562e474 elementor-widget elementor-widget-text-editor\" data-id=\"562e474\" data-element_type=\"widget\" data-widget_type=\"text-editor.default\">\n\t\t\t\t<div class=\"elementor-widget-container\">\n\t\t\t\t\t<div class=\"elementor-text-editor elementor-clearfix\"><p>Vous \u00eates d\u00e9cid\u00e9s \u00e0 changer de vie et \u00e0 quitter votre pays pour vivre \u00e0 La R\u00e9union ? En effet La R\u00e9union est une \u00eele magnifique o\u00f9 il fait bon vivre toute l&#8217;ann\u00e9e. Si vous aimez la nature, les paysages \u00e0 couper le souffle, la mer et les activit\u00e9s aquatiques, vous avez fait le bon choix.<\/p><p>En revanche, sa faible superficie\u00a0 de <b>2512 km2<\/b>, soit presque 4 fois plus petite que la Corse peut donner l&#8217;impression \u00e0 certains d&#8217;\u00eatre \u00e0 l&#8217;\u00e9troit. En fait on fait le tour de l&#8217;\u00eele\u00a0en quelques heures, une journ\u00e9e si on fl\u00e2ne sur la route pour admirer les paysages. Le tour fait environ 250 kilom\u00e8tres.<\/p><p>La R\u00e9union se situe \u00e0 <b>11 000 kms de la M\u00e9tropole<\/b>, soit 11 heures d\u2019avion. Elle est situ\u00e9e au c\u0153ur des Mascareignes avec \u00e0 proximit\u00e9 les Iles Maurice, Rodrigues, Saint-Brandon et Madagascar.<\/p><p>En outre son centre de La R\u00e9union est class\u00e9 au patrimoine de l\u2019UNESCO pour ses pitons, cirques et remparts. Sa <strong>partie au vent<\/strong>, l\u2019Est, est la plus humide avec ses cascades et ses paysages verdoyants. Ensuite la <strong>partie sous le vent<\/strong> \u00e0 l\u2019Ouest est beaucoup plus s\u00e8che avec ses plages et ses lagons.<\/p><p>La temp\u00e9rature sur l\u2019\u00eele varie selon l\u2019altitude. Sur le littoral, elle se situe entre 18 et 34\u00b0. Mais en montagne, \u00e0 plus de 2\u00a0800 m\u00e8tres, l\u2019amplitude est comprise entre -2 \u00e0 16\u00b0.<\/p><p>Enfin son volcan <strong>le Piton de la Fournaise<\/strong> est toujours actif avec des \u00e9ruptions de lave qui ne sont pas dangereuses si vous restez prudent.<\/p><p>Attention, les vacances \u00e0 La R\u00e9union sont g\u00e9n\u00e9ralement prisent en \u00e9t\u00e9, entre le 20 d\u00e9cembre et la 1er f\u00e9vrier pendant la p\u00e9riode cyclonique.<\/p><\/div>\n\t\t\t\t<\/div>\n\t\t\t\t<\/div>\n\t\t\t\t\t\t<\/div>\n\t\t\t\t\t<\/div>\n\t\t<\/div>\n\t\t\t\t\t\t\t\t<\/div>\n\t\t\t\t\t<\/div>\n\t\t<\/section>\n\t\t\t\t<section class=\"elementor-section elementor-top-section elementor-element elementor-element-4546b74 elementor-section-boxed elementor-section-height-default elementor-section-height-default\" data-id=\"4546b74\" data-element_type=\"section\">\n\t\t\t\t\t\t<div class=\"elementor-container elementor-column-gap-default\">\n\t\t\t\t\t\t\t<div class=\"elementor-row\">\n\t\t\t\t\t<div class=\"elementor-column elementor-col-25 elementor-top-column elementor-element elementor-element-6677d79\" data-id=\"6677d79\" data-element_type=\"column\">\n\t\t\t<div class=\"elementor-column-wrap elementor-element-populated\">\n\t\t\t\t\t\t\t<div class=\"elementor-widget-wrap\">\n\t\t\t\t\t\t<div class=\"elementor-element elementor-element-f8b8e50 elementor-widget elementor-widget-image\" data-id=\"f8b8e50\" data-element_type=\"widget\" data-widget_type=\"image.default\">\n\t\t\t\t<div class=\"elementor-widget-container\">\n\t\t\t\t\t<div class=\"elementor-image\">\n\t\t\t\t\t\t\t\t\t\t<img width=\"800\" height=\"600\" src=\"http:\/\/www.tessiot-demenagement.com\/lareunion\/wp-content\/uploads\/2014\/01\/3.jpg\" class=\"attachment-large size-large\" alt=\"vivre sur l&#039;\u00eele de la R\u00e9union\" loading=\"lazy\" srcset=\"http:\/\/www.tessiot-demenagement.com\/lareunion\/wp-content\/uploads\/2014\/01\/3.jpg 1024w, http:\/\/www.tessiot-demenagement.com\/lareunion\/wp-content\/uploads\/2014\/01\/3-300x225.jpg 300w, http:\/\/www.tessiot-demenagement.com\/lareunion\/wp-content\/uploads\/2014\/01\/3-768x576.jpg 768w\" sizes=\"(max-width: 800px) 100vw, 800px\" \/>\t\t\t\t\t\t\t\t\t\t\t<\/div>\n\t\t\t\t<\/div>\n\t\t\t\t<\/div>\n\t\t\t\t\t\t<\/div>\n\t\t\t\t\t<\/div>\n\t\t<\/div>\n\t\t\t\t<div class=\"elementor-column elementor-col-25 elementor-top-column elementor-element elementor-element-3b3dae3\" data-id=\"3b3dae3\" data-element_type=\"column\">\n\t\t\t<div class=\"elementor-column-wrap elementor-element-populated\">\n\t\t\t\t\t\t\t<div class=\"elementor-widget-wrap\">\n\t\t\t\t\t\t<div class=\"elementor-element elementor-element-6b8003d elementor-widget elementor-widget-image\" data-id=\"6b8003d\" data-element_type=\"widget\" data-widget_type=\"image.default\">\n\t\t\t\t<div class=\"elementor-widget-container\">\n\t\t\t\t\t<div class=\"elementor-image\">\n\t\t\t\t\t\t\t\t\t\t<img width=\"300\" height=\"225\" src=\"http:\/\/www.tessiot-demenagement.com\/lareunion\/wp-content\/uploads\/2014\/01\/6-300x225.jpg\" class=\"attachment-medium size-medium\" alt=\"habiter dans les dom tom\" loading=\"lazy\" srcset=\"http:\/\/www.tessiot-demenagement.com\/lareunion\/wp-content\/uploads\/2014\/01\/6-300x225.jpg 300w, http:\/\/www.tessiot-demenagement.com\/lareunion\/wp-content\/uploads\/2014\/01\/6-768x576.jpg 768w, http:\/\/www.tessiot-demenagement.com\/lareunion\/wp-content\/uploads\/2014\/01\/6.jpg 1024w\" sizes=\"(max-width: 300px) 100vw, 300px\" \/>\t\t\t\t\t\t\t\t\t\t\t<\/div>\n\t\t\t\t<\/div>\n\t\t\t\t<\/div>\n\t\t\t\t\t\t<\/div>\n\t\t\t\t\t<\/div>\n\t\t<\/div>\n\t\t\t\t<div class=\"elementor-column elementor-col-25 elementor-top-column elementor-element elementor-element-4fabee2\" data-id=\"4fabee2\" data-element_type=\"column\">\n\t\t\t<div class=\"elementor-column-wrap elementor-element-populated\">\n\t\t\t\t\t\t\t<div class=\"elementor-widget-wrap\">\n\t\t\t\t\t\t<div class=\"elementor-element elementor-element-66eb71c elementor-widget elementor-widget-image\" data-id=\"66eb71c\" data-element_type=\"widget\" data-widget_type=\"image.default\">\n\t\t\t\t<div class=\"elementor-widget-container\">\n\t\t\t\t\t<div class=\"elementor-image\">\n\t\t\t\t\t\t\t\t\t\t<img width=\"800\" height=\"600\" src=\"http:\/\/www.tessiot-demenagement.com\/lareunion\/wp-content\/uploads\/2014\/01\/111-1024x768.jpg\" class=\"attachment-large size-large\" alt=\"\u00e9ruption sur l&#039;\u00eele de la r\u00e9union\" loading=\"lazy\" srcset=\"http:\/\/www.tessiot-demenagement.com\/lareunion\/wp-content\/uploads\/2014\/01\/111-1024x768.jpg 1024w, http:\/\/www.tessiot-demenagement.com\/lareunion\/wp-content\/uploads\/2014\/01\/111-300x225.jpg 300w, http:\/\/www.tessiot-demenagement.com\/lareunion\/wp-content\/uploads\/2014\/01\/111-768x576.jpg 768w, http:\/\/www.tessiot-demenagement.com\/lareunion\/wp-content\/uploads\/2014\/01\/111-1536x1152.jpg 1536w, http:\/\/www.tessiot-demenagement.com\/lareunion\/wp-content\/uploads\/2014\/01\/111.jpg 2048w\" sizes=\"(max-width: 800px) 100vw, 800px\" \/>\t\t\t\t\t\t\t\t\t\t\t<\/div>\n\t\t\t\t<\/div>\n\t\t\t\t<\/div>\n\t\t\t\t\t\t<\/div>\n\t\t\t\t\t<\/div>\n\t\t<\/div>\n\t\t\t\t<div class=\"elementor-column elementor-col-25 elementor-top-column elementor-element elementor-element-31a4f28\" data-id=\"31a4f28\" data-element_type=\"column\">\n\t\t\t<div class=\"elementor-column-wrap elementor-element-populated\">\n\t\t\t\t\t\t\t<div class=\"elementor-widget-wrap\">\n\t\t\t\t\t\t<div class=\"elementor-element elementor-element-c63f4cf elementor-widget elementor-widget-image\" data-id=\"c63f4cf\" data-element_type=\"widget\" data-widget_type=\"image.default\">\n\t\t\t\t<div class=\"elementor-widget-container\">\n\t\t\t\t\t<div class=\"elementor-image\">\n\t\t\t\t\t\t\t\t\t\t<img width=\"800\" height=\"600\" src=\"http:\/\/www.tessiot-demenagement.com\/lareunion\/wp-content\/uploads\/2014\/01\/9.jpg\" class=\"attachment-large size-large\" alt=\"d\u00e9m\u00e9nager dans les dom tom\" loading=\"lazy\" srcset=\"http:\/\/www.tessiot-demenagement.com\/lareunion\/wp-content\/uploads\/2014\/01\/9.jpg 1024w, http:\/\/www.tessiot-demenagement.com\/lareunion\/wp-content\/uploads\/2014\/01\/9-300x225.jpg 300w, http:\/\/www.tessiot-demenagement.com\/lareunion\/wp-content\/uploads\/2014\/01\/9-768x576.jpg 768w\" sizes=\"(max-width: 800px) 100vw, 800px\" \/>\t\t\t\t\t\t\t\t\t\t\t<\/div>\n\t\t\t\t<\/div>\n\t\t\t\t<\/div>\n\t\t\t\t\t\t<\/div>\n\t\t\t\t\t<\/div>\n\t\t<\/div>\n\t\t\t\t\t\t\t\t<\/div>\n\t\t\t\t\t<\/div>\n\t\t<\/section>\n\t\t\t\t<section class=\"elementor-section elementor-top-section elementor-element elementor-element-adf1ca8 elementor-section-boxed elementor-section-height-default elementor-section-height-default\" data-id=\"adf1ca8\" data-element_type=\"section\">\n\t\t\t\t\t\t<div class=\"elementor-container elementor-column-gap-default\">\n\t\t\t\t\t\t\t<div class=\"elementor-row\">\n\t\t\t\t\t<div class=\"elementor-column elementor-col-100 elementor-top-column elementor-element elementor-element-6d36c5f\" data-id=\"6d36c5f\" data-element_type=\"column\">\n\t\t\t<div class=\"elementor-column-wrap elementor-element-populated\">\n\t\t\t\t\t\t\t<div class=\"elementor-widget-wrap\">\n\t\t\t\t\t\t<div class=\"elementor-element elementor-element-17ce53a elementor-widget elementor-widget-heading\" data-id=\"17ce53a\" data-element_type=\"widget\" data-widget_type=\"heading.default\">\n\t\t\t\t<div class=\"elementor-widget-container\">\n\t\t\t<h2 class=\"elementor-heading-title elementor-size-large\">Tessiot, install\u00e9 depuis 1995  sur l'\u00eele de La R\u00e9union.<\/h2>\t\t<\/div>\n\t\t\t\t<\/div>\n\t\t\t\t\t\t<\/div>\n\t\t\t\t\t<\/div>\n\t\t<\/div>\n\t\t\t\t\t\t\t\t<\/div>\n\t\t\t\t\t<\/div>\n\t\t<\/section>\n\t\t\t\t<section class=\"elementor-section elementor-top-section elementor-element elementor-element-5654ef3 elementor-section-boxed elementor-section-height-default elementor-section-height-default\" data-id=\"5654ef3\" data-element_type=\"section\">\n\t\t\t\t\t\t<div class=\"elementor-container elementor-column-gap-default\">\n\t\t\t\t\t\t\t<div class=\"elementor-row\">\n\t\t\t\t\t<div class=\"elementor-column elementor-col-50 elementor-top-column elementor-element elementor-element-641a660\" data-id=\"641a660\" data-element_type=\"column\">\n\t\t\t<div class=\"elementor-column-wrap elementor-element-populated\">\n\t\t\t\t\t\t\t<div class=\"elementor-widget-wrap\">\n\t\t\t\t\t\t<div class=\"elementor-element elementor-element-a4d60fa elementor-widget elementor-widget-text-editor\" data-id=\"a4d60fa\" data-element_type=\"widget\" data-widget_type=\"text-editor.default\">\n\t\t\t\t<div class=\"elementor-widget-container\">\n\t\t\t\t\t<div class=\"elementor-text-editor elementor-clearfix\"><p>Avant de d\u00e9couvrir les tr\u00e9sors patrimoniaux et architecturaux de La R\u00e9union, il faut d\u00e9m\u00e9nager vos biens. Install\u00e9s depuis 1995 \u00e0 Saint-Pierre, les d\u00e9m\u00e9nageurs Tessiot vous assurent un accompagnement local. Sp\u00e9cialiste du <a href=\"http:\/\/www.tessiot-demenagement.com\/lareunion\/preparer-son-demenagement\/\">d\u00e9m\u00e9nagement des particuliers<\/a> et des <a href=\"http:\/\/www.tessiot-demenagement.com\/lareunion\/demenagement-pour-mutation-professionnelle\/\">mutations professionnelles<\/a> dans les DOM TOM, notre \u00e9quipe est \u00e0 votre \u00e9coute toute l&#8217;ann\u00e9e. Pour trouver votre <a href=\"http:\/\/www.tessiot-demenagement.com\/lareunion\/conteneur-personnalise-la-reunion\/\">conteneur personnalis\u00e9<\/a> ou de <a href=\"http:\/\/www.tessiot-demenagement.com\/lareunion\/conteneur-de-groupage\/\">groupage<\/a>, ou pour <a href=\"http:\/\/www.tessiot-demenagement.com\/lareunion\/demenager-reunion\/transporter-votre-voiture-de-et-vers-la-reunion\/\">transporter votre voiture<\/a>, faites confiance \u00e0 un sp\u00e9cialiste. Demandez d\u00e8s maintenant votre devis gratuit, sans engagement.<\/p><\/div>\n\t\t\t\t<\/div>\n\t\t\t\t<\/div>\n\t\t\t\t\t\t<\/div>\n\t\t\t\t\t<\/div>\n\t\t<\/div>\n\t\t\t\t<div class=\"elementor-column elementor-col-50 elementor-top-column elementor-element elementor-element-39787a1\" data-id=\"39787a1\" data-element_type=\"column\">\n\t\t\t<div class=\"elementor-column-wrap elementor-element-populated\">\n\t\t\t\t\t\t\t<div class=\"elementor-widget-wrap\">\n\t\t\t\t\t\t<div class=\"elementor-element elementor-element-e0565cb elementor-align-center elementor-widget elementor-widget-button\" data-id=\"e0565cb\" data-element_type=\"widget\" data-widget_type=\"button.default\">\n\t\t\t\t<div class=\"elementor-widget-container\">\n\t\t\t\t\t<div class=\"elementor-button-wrapper\">\n\t\t\t<a href=\"http:\/\/www.tessiot-demenagement.com\/lareunion\/devis-demenagement-reunion\/\" class=\"elementor-button-link elementor-button elementor-size-lg\" role=\"button\">\n\t\t\t\t\t\t<span class=\"elementor-button-content-wrapper\">\n\t\t\t\t\t\t<span class=\"elementor-button-text\">Demandez votre devis gratuit<\/span>\n\t\t<\/span>\n\t\t\t\t\t<\/a>\n\t\t<\/div>\n\t\t\t\t<\/div>\n\t\t\t\t<\/div>\n\t\t\t\t\t\t<\/div>\n\t\t\t\t\t<\/div>\n\t\t<\/div>\n\t\t\t\t\t\t\t\t<\/div>\n\t\t\t\t\t<\/div>\n\t\t<\/section>\n\t\t\t\t<section class=\"elementor-section elementor-top-section elementor-element elementor-element-26fd625 elementor-section-boxed elementor-section-height-default elementor-section-height-default\" data-id=\"26fd625\" data-element_type=\"section\">\n\t\t\t\t\t\t<div class=\"elementor-container elementor-column-gap-default\">\n\t\t\t\t\t\t\t<div class=\"elementor-row\">\n\t\t\t\t\t<div class=\"elementor-column elementor-col-50 elementor-top-column elementor-element elementor-element-bd339bb\" data-id=\"bd339bb\" data-element_type=\"column\">\n\t\t\t<div class=\"elementor-column-wrap elementor-element-populated\">\n\t\t\t\t\t\t\t<div class=\"elementor-widget-wrap\">\n\t\t\t\t\t\t<div class=\"elementor-element elementor-element-b6b9d3b elementor-widget elementor-widget-image\" data-id=\"b6b9d3b\" data-element_type=\"widget\" data-widget_type=\"image.default\">\n\t\t\t\t<div class=\"elementor-widget-container\">\n\t\t\t\t\t<div class=\"elementor-image\">\n\t\t\t\t\t\t\t\t\t\t<img width=\"300\" height=\"225\" src=\"http:\/\/www.tessiot-demenagement.com\/lareunion\/wp-content\/uploads\/2022\/02\/Tessiot-8-300x225.png\" class=\"attachment-medium size-medium\" alt=\"d\u00e9m\u00e9nager \u00e0 la r\u00e9union\" loading=\"lazy\" srcset=\"http:\/\/www.tessiot-demenagement.com\/lareunion\/wp-content\/uploads\/2022\/02\/Tessiot-8-300x225.png 300w, http:\/\/www.tessiot-demenagement.com\/lareunion\/wp-content\/uploads\/2022\/02\/Tessiot-8-768x576.png 768w, http:\/\/www.tessiot-demenagement.com\/lareunion\/wp-content\/uploads\/2022\/02\/Tessiot-8.png 800w\" sizes=\"(max-width: 300px) 100vw, 300px\" \/>\t\t\t\t\t\t\t\t\t\t\t<\/div>\n\t\t\t\t<\/div>\n\t\t\t\t<\/div>\n\t\t\t\t\t\t<\/div>\n\t\t\t\t\t<\/div>\n\t\t<\/div>\n\t\t\t\t<div class=\"elementor-column elementor-col-50 elementor-top-column elementor-element elementor-element-2c3e876\" data-id=\"2c3e876\" data-element_type=\"column\">\n\t\t\t<div class=\"elementor-column-wrap elementor-element-populated\">\n\t\t\t\t\t\t\t<div class=\"elementor-widget-wrap\">\n\t\t\t\t\t\t<div class=\"elementor-element elementor-element-ae0823b elementor-widget elementor-widget-image\" data-id=\"ae0823b\" data-element_type=\"widget\" data-widget_type=\"image.default\">\n\t\t\t\t<div class=\"elementor-widget-container\">\n\t\t\t\t\t<div class=\"elementor-image\">\n\t\t\t\t\t\t\t\t\t\t<img width=\"280\" height=\"192\" src=\"http:\/\/www.tessiot-demenagement.com\/lareunion\/wp-content\/uploads\/2015\/01\/pic6.jpg\" class=\"attachment-large size-large\" alt=\"d\u00e9m\u00e9nageur \u00e0 la r\u00e9union\" loading=\"lazy\" srcset=\"http:\/\/www.tessiot-demenagement.com\/lareunion\/wp-content\/uploads\/2015\/01\/pic6.jpg 280w, http:\/\/www.tessiot-demenagement.com\/lareunion\/wp-content\/uploads\/2015\/01\/pic6-130x90.jpg 130w\" sizes=\"(max-width: 280px) 100vw, 280px\" \/>\t\t\t\t\t\t\t\t\t\t\t<\/div>\n\t\t\t\t<\/div>\n\t\t\t\t<\/div>\n\t\t\t\t\t\t<\/div>\n\t\t\t\t\t<\/div>\n\t\t<\/div>\n\t\t\t\t\t\t\t\t<\/div>\n\t\t\t\t\t<\/div>\n\t\t<\/section>\n\t\t\t\t\t\t<\/div>\n\t\t\t\t\t\t<\/div>\n\t\t\t\t\t<\/div>\n\t\t","protected":false},"excerpt":{"rendered":"<p>Vivre sur l&#8217;\u00cele de La R\u00e9union Vous \u00eates d\u00e9cid\u00e9s \u00e0 changer de vie et \u00e0 quitter votre pays pour vivre<\/p>\n","protected":false},"author":1,"featured_media":0,"parent":0,"menu_order":0,"comment_status":"open","ping_status":"open","template":"","meta":{"spay_email":""},"yoast_head":"<!-- This site is optimized with the Yoast SEO plugin v15.8 - https:\/\/yoast.com\/wordpress\/plugins\/seo\/ -->\n<title>Vivre \u00e0 La R\u00e9union - D\u00e9m\u00e9nagement A Tessiot<\/title>\n<meta name=\"description\" content=\"Vous souhaitez partir vivre \u00e0 la R\u00e9union? Tessiot vous conseille pour d\u00e9m\u00e9nager dans les DOM TOM vers l&#039;Oc\u00e9an Indien.\" \/>\n<meta name=\"robots\" content=\"index, follow, max-snippet:-1, max-image-preview:large, max-video-preview:-1\" \/>\n<link rel=\"canonical\" href=\"https:\/\/www.tessiot-demenagement.com\/lareunion\/vivre-a-la-reunion\/\" \/>\n<meta property=\"og:locale\" content=\"fr_FR\" \/>\n<meta property=\"og:type\" content=\"article\" \/>\n<meta property=\"og:title\" content=\"Vivre \u00e0 La R\u00e9union - D\u00e9m\u00e9nagement A Tessiot\" \/>\n<meta property=\"og:description\" content=\"Vous souhaitez partir vivre \u00e0 la R\u00e9union? Tessiot vous conseille pour d\u00e9m\u00e9nager dans les DOM TOM vers l&#039;Oc\u00e9an Indien.\" \/>\n<meta property=\"og:url\" content=\"https:\/\/www.tessiot-demenagement.com\/lareunion\/vivre-a-la-reunion\/\" \/>\n<meta property=\"og:site_name\" content=\"D\u00e9m\u00e9nagement A Tessiot\" \/>\n<meta property=\"article:modified_time\" content=\"2022-02-28T13:19:41+00:00\" \/>\n<meta property=\"og:image\" content=\"http:\/\/www.tessiot-demenagement.com\/lareunion\/wp-content\/uploads\/2014\/01\/3.jpg\" \/>\n<meta name=\"twitter:label1\" content=\"Dur\u00e9e de lecture est.\">\n\t<meta name=\"twitter:data1\" content=\"3 minutes\">\n<script type=\"application\/ld+json\" class=\"yoast-schema-graph\">{\"@context\":\"https:\/\/schema.org\",\"@graph\":[{\"@type\":\"WebSite\",\"@id\":\"http:\/\/www.tessiot-demenagement.com\/lareunion\/#website\",\"url\":\"http:\/\/www.tessiot-demenagement.com\/lareunion\/\",\"name\":\"D\\u00e9m\\u00e9nagement A Tessiot\",\"description\":\"votre demenageur specialiste des transferts administratifs et industriels\",\"potentialAction\":[{\"@type\":\"SearchAction\",\"target\":\"http:\/\/www.tessiot-demenagement.com\/lareunion\/?s={search_term_string}\",\"query-input\":\"required name=search_term_string\"}],\"inLanguage\":\"fr-FR\"},{\"@type\":\"ImageObject\",\"@id\":\"https:\/\/www.tessiot-demenagement.com\/lareunion\/vivre-a-la-reunion\/#primaryimage\",\"inLanguage\":\"fr-FR\",\"url\":\"http:\/\/www.tessiot-demenagement.com\/lareunion\/wp-content\/uploads\/2014\/01\/3.jpg\",\"width\":1024,\"height\":768,\"caption\":\"vivre sur l'\\u00eele de la R\\u00e9union\"},{\"@type\":\"WebPage\",\"@id\":\"https:\/\/www.tessiot-demenagement.com\/lareunion\/vivre-a-la-reunion\/#webpage\",\"url\":\"https:\/\/www.tessiot-demenagement.com\/lareunion\/vivre-a-la-reunion\/\",\"name\":\"Vivre \\u00e0 La R\\u00e9union - D\\u00e9m\\u00e9nagement A Tessiot\",\"isPartOf\":{\"@id\":\"http:\/\/www.tessiot-demenagement.com\/lareunion\/#website\"},\"primaryImageOfPage\":{\"@id\":\"https:\/\/www.tessiot-demenagement.com\/lareunion\/vivre-a-la-reunion\/#primaryimage\"},\"datePublished\":\"2014-01-01T15:40:13+00:00\",\"dateModified\":\"2022-02-28T13:19:41+00:00\",\"description\":\"Vous souhaitez partir vivre \\u00e0 la R\\u00e9union? Tessiot vous conseille pour d\\u00e9m\\u00e9nager dans les DOM TOM vers l'Oc\\u00e9an Indien.\",\"breadcrumb\":{\"@id\":\"https:\/\/www.tessiot-demenagement.com\/lareunion\/vivre-a-la-reunion\/#breadcrumb\"},\"inLanguage\":\"fr-FR\",\"potentialAction\":[{\"@type\":\"ReadAction\",\"target\":[\"https:\/\/www.tessiot-demenagement.com\/lareunion\/vivre-a-la-reunion\/\"]}]},{\"@type\":\"BreadcrumbList\",\"@id\":\"https:\/\/www.tessiot-demenagement.com\/lareunion\/vivre-a-la-reunion\/#breadcrumb\",\"itemListElement\":[{\"@type\":\"ListItem\",\"position\":1,\"item\":{\"@type\":\"WebPage\",\"@id\":\"https:\/\/www.tessiot-demenagement.com\/lareunion\/vivre-a-la-reunion\/\",\"url\":\"https:\/\/www.tessiot-demenagement.com\/lareunion\/vivre-a-la-reunion\/\",\"name\":\"Vivre \\u00e0 La R\\u00e9union\"}}]}]}<\/script>\n<!-- \/ Yoast SEO plugin. -->","jetpack_sharing_enabled":true,"jetpack_shortlink":"https:\/\/wp.me\/P5eCLF-a","_links":{"self":[{"href":"http:\/\/www.tessiot-demenagement.com\/lareunion\/wp-json\/wp\/v2\/pages\/10"}],"collection":[{"href":"http:\/\/www.tessiot-demenagement.com\/lareunion\/wp-json\/wp\/v2\/pages"}],"about":[{"href":"http:\/\/www.tessiot-demenagement.com\/lareunion\/wp-json\/wp\/v2\/types\/page"}],"author":[{"embeddable":true,"href":"http:\/\/www.tessiot-demenagement.com\/lareunion\/wp-json\/wp\/v2\/users\/1"}],"replies":[{"embeddable":true,"href":"http:\/\/www.tessiot-demenagement.com\/lareunion\/wp-json\/wp\/v2\/comments?post=10"}],"version-history":[{"count":22,"href":"http:\/\/www.tessiot-demenagement.com\/lareunion\/wp-json\/wp\/v2\/pages\/10\/revisions"}],"predecessor-version":[{"id":3157,"href":"http:\/\/www.tessiot-demenagement.com\/lareunion\/wp-json\/wp\/v2\/pages\/10\/revisions\/3157"}],"wp:attachment":[{"href":"http:\/\/www.tessiot-demenagement.com\/lareunion\/wp-json\/wp\/v2\/media?parent=10"}],"curies":[{"name":"wp","href":"https:\/\/api.w.org\/{rel}","templated":true}]}}